{"id":9011,"date":"2021-04-29T10:48:52","date_gmt":"2021-04-29T08:48:52","guid":{"rendered":"https:\/\/escort-technology.com\/?page_id=9011"},"modified":"2021-04-29T10:55:44","modified_gmt":"2021-04-29T08:55:44","slug":"log-skipper-eml224-graphic","status":"publish","type":"page","link":"https:\/\/escort-technology.com\/en\/log-skipper-eml224-graphic\/","title":{"rendered":"Log SKIPPER EML224 Graphic"},"content":{"rendered":"<h1>\n<p class=\"uk-article-title\">Log SKIPPER EML224 Graphic<\/p>\n<\/h1>\n<hr>\n<p><img decoding=\"async\" src=\"\/wp-content\/uploads\/2021\/04\/thumb_SKIPPER-EML224N-SA.jpg\" alt=\"\"><\/p>\n<div>\n<ul>\n<li>Pr\u0119dko\u015b\u0107 wody w dw\u00f3ch osiach<\/li>\n<li>Kolorowy ekran LCD z ekranem dzie\u0144\/noc<\/li>\n<li>Odczyt temperatury morza<\/li>\n<li>NMEA 0183 i wyj\u015bcie impuls\u00f3w analogowych<\/li>\n<li>3 programowalne zamkni\u0119cia styk\u00f3w<\/li>\n<\/ul>\n<\/div>\n<p>\n    <a href=\"http:\/\/www.skipper-service.no\/skipdoc\/data\/\/\/\/Product%20Brochures\/\/Navigational%20Speed%20Logs\/EML224_Brochure_260210.pdf\">Broszura <\/a>\n<\/p>\n<div>\n<p>SKIPPER EML 224 jest dwuosiowym rejestratorem pr\u0119dko\u015bci dzia\u0142aj\u0105cym na zasadzie elektromagnetycznej. Podaje on pr\u0119dko\u015b\u0107 wzd\u0142u\u017cn\u0105 i poprzeczn\u0105 statku wzgl\u0119dem wody morskiej. EML 224 podaje dok\u0142adne parametry nawigacyjne, mierzone na bie\u017c\u0105co i prezentowane w logiczny, przyjazny dla u\u017cytkownika spos\u00f3b.<\/p>\n<\/div>\n<p><!--more--><br \/>\n<!-- {\"type\":\"layout\",\"children\":[{\"type\":\"section\",\"props\":{\"style\":\"default\",\"width\":\"default\",\"vertical_align\":\"middle\",\"title_position\":\"top-left\",\"title_rotation\":\"left\",\"title_breakpoint\":\"xl\",\"image_position\":\"center-center\"},\"children\":[{\"type\":\"row\",\"children\":[{\"type\":\"column\",\"props\":{\"image_position\":\"center-center\",\"media_overlay_gradient\":\"\"},\"children\":[{\"type\":\"headline\",\"props\":{\"title_element\":\"h1\",\"content\":\"\n\n<p class=\\\"uk-article-title\\\">Log SKIPPER EML224 Graphic<\\\/p>\"}},{\"type\":\"divider\",\"props\":{\"divider_element\":\"hr\"}}]}]}]},{\"type\":\"section\",\"props\":{\"style\":\"default\",\"width\":\"default\",\"vertical_align\":\"middle\",\"title_position\":\"top-left\",\"title_rotation\":\"left\",\"title_breakpoint\":\"xl\",\"image_position\":\"center-center\"},\"children\":[{\"type\":\"row\",\"props\":{\"layout\":\"1-2,1-2\"},\"children\":[{\"type\":\"column\",\"props\":{\"image_position\":\"center-center\",\"media_overlay_gradient\":\"\",\"width_medium\":\"1-2\"},\"children\":[{\"type\":\"image\",\"props\":{\"margin\":\"default\",\"image_svg_color\":\"emphasis\",\"image\":\"wp-content\\\/uploads\\\/2021\\\/04\\\/thumb_SKIPPER-EML224N-SA.jpg\",\"text_align\":\"center\"}}]},{\"type\":\"column\",\"props\":{\"image_position\":\"center-center\",\"media_overlay_gradient\":\"\",\"width_medium\":\"1-2\"},\"children\":[{\"type\":\"text\",\"props\":{\"margin\":\"default\",\"column_breakpoint\":\"m\",\"content\":\"\n\n<ul>\\n\n\n<li>Pr\\u0119dko\\u015b\\u0107 wody w dw\\u00f3ch osiach<\\\/li>\\n\n\n<li>Kolorowy ekran LCD z ekranem dzie\\u0144\\\/noc<\\\/li>\\n\n\n<li>Odczyt temperatury morza<\\\/li>\\n\n\n<li>NMEA 0183 i wyj\\u015bcie impuls\\u00f3w analogowych<\\\/li>\\n\n\n<li>3 programowalne zamkni\\u0119cia styk\\u00f3w<\\\/li>\\n<\\\/ul>\"}},{\"type\":\"button\",\"props\":{\"grid_column_gap\":\"small\",\"grid_row_gap\":\"small\",\"margin\":\"default\",\"text_align\":\"center\"},\"children\":[{\"type\":\"button_item\",\"props\":{\"button_style\":\"default\",\"icon_align\":\"left\",\"content\":\"Broszura \",\"link\":\"http:\\\/\\\/www.skipper-service.no\\\/skipdoc\\\/data\\\/\\\/\\\/\\\/Product%20Brochures\\\/\\\/Navigational%20Speed%20Logs\\\/EML224_Brochure_260210.pdf\"}}]}]}]}]},{\"type\":\"section\",\"props\":{\"style\":\"default\",\"width\":\"default\",\"vertical_align\":\"middle\",\"title_position\":\"top-left\",\"title_rotation\":\"left\",\"title_breakpoint\":\"xl\",\"image_position\":\"center-center\"},\"children\":[{\"type\":\"row\",\"children\":[{\"type\":\"column\",\"props\":{\"image_position\":\"center-center\",\"media_overlay_gradient\":\"\"},\"children\":[{\"type\":\"text\",\"props\":{\"margin\":\"default\",\"column_breakpoint\":\"m\",\"content\":\"\n\n<p>SKIPPER EML 224 jest dwuosiowym rejestratorem pr\\u0119dko\\u015bci dzia\\u0142aj\\u0105cym na zasadzie elektromagnetycznej. Podaje on pr\\u0119dko\\u015b\\u0107 wzd\\u0142u\\u017cn\\u0105 i poprzeczn\\u0105 statku wzgl\\u0119dem wody morskiej. EML 224 podaje dok\\u0142adne parametry nawigacyjne, mierzone na bie\\u017c\\u0105co i prezentowane w logiczny, przyjazny dla u\\u017cytkownika spos\\u00f3b.<\\\/p>\"}}]}]}]}],\"version\":\"2.4.14\"} --><\/p>\n","protected":false},"excerpt":{"rendered":"<p>Log SKIPPER EML224 Graphic Pr\u0119dko\u015b\u0107 wody w dw\u00f3ch osiach Kolorowy ekran LCD z ekranem dzie\u0144\/noc Odczyt temperatury morza NMEA 0183 i wyj\u015bcie impuls\u00f3w analogowych 3 programowalne zamkni\u0119cia styk\u00f3w Broszura SKIPPER EML 224 jest dwuosiowym rejestratorem pr\u0119dko\u015bci dzia\u0142aj\u0105cym na zasadzie elektromagnetycznej. Podaje on pr\u0119dko\u015b\u0107 wzd\u0142u\u017cn\u0105 i poprzeczn\u0105 statku wzgl\u0119dem wody morskiej. EML 224 podaje dok\u0142adne parametry [&hellip;]<\/p>\n","protected":false},"author":10,"featured_media":0,"parent":0,"menu_order":0,"comment_status":"closed","ping_status":"closed","template":"","meta":{"footnotes":""},"class_list":["post-9011","page","type-page","status-publish","hentry"],"yoast_head":"<!-- This site is optimized with the Yoast SEO plugin v27.5 - https:\/\/yoast.com\/product\/yoast-seo-wordpress\/ -->\n<title>Log SKIPPER EML224 Graphic - ESCORT TECHNOLOGY<\/title>\n<meta name=\"robots\" content=\"index, follow, max-snippet:-1, max-image-preview:large, max-video-preview:-1\" \/>\n<link rel=\"canonical\" href=\"http:\/\/escort-technology.com\/en\/log-skipper-eml224-graphic\/\" \/>\n<meta property=\"og:locale\" content=\"en_US\" \/>\n<meta property=\"og:type\" content=\"article\" \/>\n<meta property=\"og:title\" content=\"Log SKIPPER EML224 Graphic - ESCORT TECHNOLOGY\" \/>\n<meta property=\"og:description\" content=\"Log SKIPPER EML224 Graphic Pr\u0119dko\u015b\u0107 wody w dw\u00f3ch osiach Kolorowy ekran LCD z ekranem dzie\u0144\/noc Odczyt temperatury morza NMEA 0183 i wyj\u015bcie impuls\u00f3w analogowych 3 programowalne zamkni\u0119cia styk\u00f3w Broszura SKIPPER EML 224 jest dwuosiowym rejestratorem pr\u0119dko\u015bci dzia\u0142aj\u0105cym na zasadzie elektromagnetycznej. Podaje on pr\u0119dko\u015b\u0107 wzd\u0142u\u017cn\u0105 i poprzeczn\u0105 statku wzgl\u0119dem wody morskiej. EML 224 podaje dok\u0142adne parametry [&hellip;]\" \/>\n<meta property=\"og:url\" content=\"http:\/\/escort-technology.com\/en\/log-skipper-eml224-graphic\/\" \/>\n<meta property=\"og:site_name\" content=\"ESCORT TECHNOLOGY\" \/>\n<meta property=\"article:publisher\" content=\"https:\/\/www.facebook.com\/elektronika.morska\/\" \/>\n<meta property=\"article:modified_time\" content=\"2021-04-29T08:55:44+00:00\" \/>\n<meta property=\"og:image\" content=\"https:\/\/escort-technology.com\/wp-content\/uploads\/2021\/04\/thumb_SKIPPER-EML224N-SA.jpg\" \/>\n<meta name=\"twitter:card\" content=\"summary_large_image\" \/>\n<script type=\"application\/ld+json\" class=\"yoast-schema-graph\">{\"@context\":\"https:\\\/\\\/schema.org\",\"@graph\":[{\"@type\":\"WebPage\",\"@id\":\"http:\\\/\\\/escort-technology.com\\\/pl\\\/log-skipper-eml224-graphic\\\/\",\"url\":\"http:\\\/\\\/escort-technology.com\\\/pl\\\/log-skipper-eml224-graphic\\\/\",\"name\":\"Log SKIPPER EML224 Graphic - ESCORT TECHNOLOGY\",\"isPartOf\":{\"@id\":\"http:\\\/\\\/escort-technology.com\\\/de\\\/#website\"},\"datePublished\":\"2021-04-29T08:48:52+00:00\",\"dateModified\":\"2021-04-29T08:55:44+00:00\",\"breadcrumb\":{\"@id\":\"http:\\\/\\\/escort-technology.com\\\/pl\\\/log-skipper-eml224-graphic\\\/#breadcrumb\"},\"inLanguage\":\"en-US\",\"potentialAction\":[{\"@type\":\"ReadAction\",\"target\":[\"http:\\\/\\\/escort-technology.com\\\/pl\\\/log-skipper-eml224-graphic\\\/\"]}]},{\"@type\":\"BreadcrumbList\",\"@id\":\"http:\\\/\\\/escort-technology.com\\\/pl\\\/log-skipper-eml224-graphic\\\/#breadcrumb\",\"itemListElement\":[{\"@type\":\"ListItem\",\"position\":1,\"name\":\"Strona g\u0142\u00f3wna\",\"item\":\"https:\\\/\\\/escort-technology.com\\\/\"},{\"@type\":\"ListItem\",\"position\":2,\"name\":\"Log SKIPPER EML224 Graphic\"}]},{\"@type\":\"WebSite\",\"@id\":\"http:\\\/\\\/escort-technology.com\\\/de\\\/#website\",\"url\":\"http:\\\/\\\/escort-technology.com\\\/de\\\/\",\"name\":\"ESCORT TECHNOLOGY\",\"description\":\"Elektronika morska i l\u0105dowa\",\"publisher\":{\"@id\":\"http:\\\/\\\/escort-technology.com\\\/de\\\/#organization\"},\"potentialAction\":[{\"@type\":\"SearchAction\",\"target\":{\"@type\":\"EntryPoint\",\"urlTemplate\":\"http:\\\/\\\/escort-technology.com\\\/de\\\/?s={search_term_string}\"},\"query-input\":{\"@type\":\"PropertyValueSpecification\",\"valueRequired\":true,\"valueName\":\"search_term_string\"}}],\"inLanguage\":\"en-US\"},{\"@type\":\"Organization\",\"@id\":\"http:\\\/\\\/escort-technology.com\\\/de\\\/#organization\",\"name\":\"ESCORT TECHNOLOGY\",\"url\":\"http:\\\/\\\/escort-technology.com\\\/de\\\/\",\"logo\":{\"@type\":\"ImageObject\",\"inLanguage\":\"en-US\",\"@id\":\"http:\\\/\\\/escort-technology.com\\\/de\\\/#\\\/schema\\\/logo\\\/image\\\/\",\"url\":\"https:\\\/\\\/escort-technology.com\\\/wp-content\\\/uploads\\\/logo-1.jpg\",\"contentUrl\":\"https:\\\/\\\/escort-technology.com\\\/wp-content\\\/uploads\\\/logo-1.jpg\",\"width\":600,\"height\":165,\"caption\":\"ESCORT TECHNOLOGY\"},\"image\":{\"@id\":\"http:\\\/\\\/escort-technology.com\\\/de\\\/#\\\/schema\\\/logo\\\/image\\\/\"},\"sameAs\":[\"https:\\\/\\\/www.facebook.com\\\/elektronika.morska\\\/\",\"https:\\\/\\\/www.linkedin.com\\\/company\\\/escort-sp-z-o-o-\\\/\"]}]}<\/script>\n<!-- \/ Yoast SEO plugin. -->","yoast_head_json":{"title":"Log SKIPPER EML224 Graphic - ESCORT TECHNOLOGY","robots":{"index":"index","follow":"follow","max-snippet":"max-snippet:-1","max-image-preview":"max-image-preview:large","max-video-preview":"max-video-preview:-1"},"canonical":"http:\/\/escort-technology.com\/en\/log-skipper-eml224-graphic\/","og_locale":"en_US","og_type":"article","og_title":"Log SKIPPER EML224 Graphic - ESCORT TECHNOLOGY","og_description":"Log SKIPPER EML224 Graphic Pr\u0119dko\u015b\u0107 wody w dw\u00f3ch osiach Kolorowy ekran LCD z ekranem dzie\u0144\/noc Odczyt temperatury morza NMEA 0183 i wyj\u015bcie impuls\u00f3w analogowych 3 programowalne zamkni\u0119cia styk\u00f3w Broszura SKIPPER EML 224 jest dwuosiowym rejestratorem pr\u0119dko\u015bci dzia\u0142aj\u0105cym na zasadzie elektromagnetycznej. Podaje on pr\u0119dko\u015b\u0107 wzd\u0142u\u017cn\u0105 i poprzeczn\u0105 statku wzgl\u0119dem wody morskiej. EML 224 podaje dok\u0142adne parametry [&hellip;]","og_url":"http:\/\/escort-technology.com\/en\/log-skipper-eml224-graphic\/","og_site_name":"ESCORT TECHNOLOGY","article_publisher":"https:\/\/www.facebook.com\/elektronika.morska\/","article_modified_time":"2021-04-29T08:55:44+00:00","og_image":[{"url":"https:\/\/escort-technology.com\/wp-content\/uploads\/2021\/04\/thumb_SKIPPER-EML224N-SA.jpg","type":"","width":"","height":""}],"twitter_card":"summary_large_image","schema":{"@context":"https:\/\/schema.org","@graph":[{"@type":"WebPage","@id":"http:\/\/escort-technology.com\/pl\/log-skipper-eml224-graphic\/","url":"http:\/\/escort-technology.com\/pl\/log-skipper-eml224-graphic\/","name":"Log SKIPPER EML224 Graphic - ESCORT TECHNOLOGY","isPartOf":{"@id":"http:\/\/escort-technology.com\/de\/#website"},"datePublished":"2021-04-29T08:48:52+00:00","dateModified":"2021-04-29T08:55:44+00:00","breadcrumb":{"@id":"http:\/\/escort-technology.com\/pl\/log-skipper-eml224-graphic\/#breadcrumb"},"inLanguage":"en-US","potentialAction":[{"@type":"ReadAction","target":["http:\/\/escort-technology.com\/pl\/log-skipper-eml224-graphic\/"]}]},{"@type":"BreadcrumbList","@id":"http:\/\/escort-technology.com\/pl\/log-skipper-eml224-graphic\/#breadcrumb","itemListElement":[{"@type":"ListItem","position":1,"name":"Strona g\u0142\u00f3wna","item":"https:\/\/escort-technology.com\/"},{"@type":"ListItem","position":2,"name":"Log SKIPPER EML224 Graphic"}]},{"@type":"WebSite","@id":"http:\/\/escort-technology.com\/de\/#website","url":"http:\/\/escort-technology.com\/de\/","name":"ESCORT TECHNOLOGY","description":"Onshore and offshore electronics","publisher":{"@id":"http:\/\/escort-technology.com\/de\/#organization"},"potentialAction":[{"@type":"SearchAction","target":{"@type":"EntryPoint","urlTemplate":"http:\/\/escort-technology.com\/de\/?s={search_term_string}"},"query-input":{"@type":"PropertyValueSpecification","valueRequired":true,"valueName":"search_term_string"}}],"inLanguage":"en-US"},{"@type":"Organization","@id":"http:\/\/escort-technology.com\/de\/#organization","name":"ESCORT TECHNOLOGY","url":"http:\/\/escort-technology.com\/de\/","logo":{"@type":"ImageObject","inLanguage":"en-US","@id":"http:\/\/escort-technology.com\/de\/#\/schema\/logo\/image\/","url":"https:\/\/escort-technology.com\/wp-content\/uploads\/logo-1.jpg","contentUrl":"https:\/\/escort-technology.com\/wp-content\/uploads\/logo-1.jpg","width":600,"height":165,"caption":"ESCORT TECHNOLOGY"},"image":{"@id":"http:\/\/escort-technology.com\/de\/#\/schema\/logo\/image\/"},"sameAs":["https:\/\/www.facebook.com\/elektronika.morska\/","https:\/\/www.linkedin.com\/company\/escort-sp-z-o-o-\/"]}]}},"_links":{"self":[{"href":"https:\/\/escort-technology.com\/en\/wp-json\/wp\/v2\/pages\/9011","targetHints":{"allow":["GET"]}}],"collection":[{"href":"https:\/\/escort-technology.com\/en\/wp-json\/wp\/v2\/pages"}],"about":[{"href":"https:\/\/escort-technology.com\/en\/wp-json\/wp\/v2\/types\/page"}],"author":[{"embeddable":true,"href":"https:\/\/escort-technology.com\/en\/wp-json\/wp\/v2\/users\/10"}],"replies":[{"embeddable":true,"href":"https:\/\/escort-technology.com\/en\/wp-json\/wp\/v2\/comments?post=9011"}],"version-history":[{"count":3,"href":"https:\/\/escort-technology.com\/en\/wp-json\/wp\/v2\/pages\/9011\/revisions"}],"predecessor-version":[{"id":9014,"href":"https:\/\/escort-technology.com\/en\/wp-json\/wp\/v2\/pages\/9011\/revisions\/9014"}],"wp:attachment":[{"href":"https:\/\/escort-technology.com\/en\/wp-json\/wp\/v2\/media?parent=9011"}],"curies":[{"name":"wp","href":"https:\/\/api.w.org\/{rel}","templated":true}]}}