{"id":9095,"date":"2021-05-05T15:02:12","date_gmt":"2021-05-05T13:02:12","guid":{"rendered":"https:\/\/escort-technology.com\/?page_id=9095"},"modified":"2021-05-05T15:06:04","modified_gmt":"2021-05-05T13:06:04","slug":"transponder-ais-klasy-a-em-trak-a200","status":"publish","type":"page","link":"https:\/\/escort-technology.com\/en\/transponder-ais-klasy-a-em-trak-a200\/","title":{"rendered":"Transponder AIS klasy A EM-TRAK A200"},"content":{"rendered":"<h1>\n<h1 class=\"uk-article-title\">Transponder AIS klasy A EM-TRAK A200<\/h1>\n<\/h1>\n<hr>\n<div>\n<p>A200 jest w pe\u0142ni zintegrowanym transponderem AIS klasy A, kt\u00f3ry posiada zar\u00f3wno certyfikat SOLAS jak i certyfikat \u017ceglugi \u015br\u00f3dl\u0105dowej dla globalnej zgodno\u015bci ze wszystkimi krajowymi i mi\u0119dzynarodowymi (IMO) przepisami dla statk\u00f3w komercyjnych.<\/p>\n<p>Pojedyncza zintegrowana i ma\u0142a obudowa jest odporna na wod\u0119 i warunki atmosferyczne (IPx6 i IPx7), z zintegrowanym kolorowym wy\u015bwietlaczem. A200 jest \u0142atwy w instalacji, obs\u0142udze i integracji ze wszystkimi systemami na mostku, jak r\u00f3wnie\u017c oferuje pe\u0142en zakres zaawansowanych funkcji AIS, takich jak alarmy, filtry cel\u00f3w, listy informacji o statkach, pogoda w czasie rzeczywistym i inne. <\/p>\n<\/div>\n<p>\n    <a href=\"https:\/\/em-trak.com\/wp-content\/uploads\/Em-trak_Product_Datasheet_A200.pdf\">Broszura<\/a>\n<\/p>\n<ul>\n<li>\n<p>        <img decoding=\"async\" src=\"\/wp-content\/uploads\/2021\/05\/a200-front.png\" alt=\"\"><\/p>\n<\/li>\n<li>\n<p>        <img decoding=\"async\" src=\"\/wp-content\/uploads\/2021\/05\/a200-back.png\" alt=\"\"><\/p>\n<\/li>\n<\/ul>\n<ul>\n<li>\n<h3>Cechy<\/h3>\n<div>\n<ul>\n<li>Certyfikat IMO SOLAS AIS klasy A<\/li>\n<li>Certyfikat UE dla \u015br\u00f3dl\u0105dowych dr\u00f3g wodnych<\/li>\n<li>Obudowa wzmocniona i odporna na ekstremalne warunki &#8211; wod\u0119 (IPx6 i IPx7), wilgo\u0107, wstrz\u0105sy, wibracje, temperatury<\/li>\n<li>Wysoka wydajno\u015b\u0107 GPS nowej generacji<\/li>\n<li>Odpowiednia instalacja wewn\u0119trzna lub sta\u0142a instalacja zewn\u0119trzna<\/li>\n<li>Solidny ergonomiczny interfejs u\u017cytkownika z przyciskami i pokr\u0119t\u0142em z konfigurowalnymi wieloj\u0119zycznymi opcjami menu<\/li>\n<li>Zintegrowany kolorowy wy\u015bwietlacz z trybem nocnym<\/li>\n<li>Mapa ENC (C-MAP) z konfigurowalnym nak\u0142adaniem cel\u00f3w AIS<\/li>\n<li>Tryb cichy &#8211; transmisje AIS s\u0105 zatrzymywane &#8211; wszystkie wiadomo\u015bci s\u0105 nadal odbierane<\/li>\n<li>Zintegrowane WiFi o wysokiej wydajno\u015bci<\/li>\n<li>Opcje wyposa\u017cenia dodatkowego w postaci kabla z wtyczk\u0105 pilotow\u0105 i skrzynki przy\u0142\u0105czeniowej<\/li>\n<\/ul>\n<\/div>\n<\/li>\n<li>\n<h3>Specyfikacja techniczna<\/h3>\n<div>\n<div class=\"el-content uk-panel uk-margin-top\">\n<p><strong>SPECYFIKACJA FIZYCZNA I \u015aRODOWISKOWA<\/strong><br \/>Wielko\u015b\u0107 (szer. x wys. x g\u0142.) \u2013 152 x 165 x 95 mm<br \/>Waga \u2013 1,1 kg<br \/>Temperatura pracy \u2013 -25\u00b0C do +55\u00b0C<br \/>Temperatura przechowywania \u2013 -25\u00b0C do +70\u00b0C<br \/>Stopie\u0144 ochrony \u2013 IPx6 i IPx7<\/p>\n<p><strong>SPECYFIKACJA ELEKTRYCZNA<\/strong><br \/>Napi\u0119cie zasilania \u2013 12V lub 24V DC<br \/>Zakres napi\u0119cia zasilania \u2013 9,6V \u2013 31,2V DC<br \/>\u015aredni pr\u0105d (przy 12V) \u2013 520mA<br \/>Pr\u0105d szczytowy \u2013 6A<br \/>\u015aredni pob\u00f3r mocy (przy 12V) \u2013 6.2W<br \/>Izolacja galwaniczna \u2013 NMEA 0183, NMEA 2000, zasilanie, port anteny VHF<\/p>\n<p><strong>Z\u0141\u0104CZA<\/strong><br \/>Antena VHF \u2013 SO-239<br \/>GNSS \u2013 TNC<br \/>Moc \u2013 2-kierunkowy okr\u0105g\u0142y wielobiegunowy<br \/>NMEA 0183\/ tryb cichy \u2013 14-kierunkowy okr\u0105g\u0142y wielobiegunowy<br \/>NMEA 0183\/ przeka\u017anik alarmowy \u2013 18-kierunkowy okr\u0105g\u0142y wielobiegunowy<br \/>NMEA 2000 \u2013 5-kierunkowe z\u0142\u0105cze Micro-C<\/p>\n<p><strong>INTERFEJSY DANYCH<\/strong><br \/>NMEA 0183 \u2013 3 x porty wej\u015bciowe. 3 x porty dwukierunkowe \u2013 3 x porty dwukierunkowe<br \/>NMEA 2000 \u2013 NMEA 2000 Ed 3.101, LEN=1<br \/>Wi-Fi \u2013 IEEE 802.11 (a\/b\/g), obs\u0142uguje tryb klienta i punkt dost\u0119powy (5 po\u0142\u0105cze\u0144 w trybie punktu dost\u0119powego)<\/p>\n<p><strong>PRZESTRZEGANIE STANDARD\u00d3W<\/strong><br \/>Normy AIS \u2013 IEC 61993-2 Ed. 3. ITU-R M.1371.5<br \/>Normy bezpiecze\u0144stwa wyrob\u00f3w \u2013 EN60950-1 2006 +A11:2009 +A1:2010 +A12:2011 +A2:2013<br \/>Normy \u015brodowiskowe \u2013 IEC 60945 Ed. 4<br \/>Szeregowe standardy interfejsu danych \u2013 IEC 61162-1 Ed 5.0. IEC 61162-2 Ed 1.0.<br \/>NMEA 2000 \u2013 NMEA 2000 Ed 3.101<br \/>Normy wydajno\u015bci GNSS \u2013 IEC 61108-1 Ed 2.0. IEC 61108-02 Ed 1.0.<\/p>\n<p><strong>GNSS<\/strong><br \/>Obs\u0142ugiwane systemy \u2013 GPS, GLONASS, BeiDou, Galileo<br \/>(dwa z dowolnej kombinacji, trzy \u0142\u0105cznie z GPS, Galileo)<br \/>Kana\u0142y \u2013 72<br \/>Antena wewn\u0119trzna\/zewn\u0119trzna \u2013 Tylko zewn\u0119trzna<br \/>Czas do pierwszej naprawy od zimnego startu \u2013 26s<\/p>\n<p><strong>VHF NADAWCZO-ODBIORCZY<\/strong><br \/>System dost\u0119pu VDL \u2013 SOTDMA<br \/>Cz\u0119stotliwo\u015b\u0107 pracy \u2013 156,025MHz \u2013 162,025MHz<br \/>Szeroko\u015b\u0107 pasma kana\u0142u \u2013 25kHz<br \/>Odbiorniki\/ nadajniki \u2013 3 x odbiorniki, 1 x nadajnik<br \/>Czu\u0142o\u015b\u0107 odbiornika AIS (20% PER) \u2013 -111dBm<br \/>Moc nadajnika AIS \u2013 5W (+37dBm)<\/p>\n<p><strong>INTERFEJS U\u017bYTKOWNIK\u00d3W<\/strong><br \/>Ekran \u2013 5\u2033 800 x 480 pe\u0142nokolorowy LCD<br \/>Przyciski \u2013 koder obrotowy do wyboru i wprowadzania danych, 4 przyciski menu i 4 przyciski kierunkowe<br \/>Interfejs karty SD \u2013 Interfejs karty Micro SD do logowania i wykres\u00f3w (nie jest dost\u0119pny w em-trak)<\/p>\n<p><strong>ANTENA GNSS\u00a0<\/strong><br \/>Wielko\u015b\u0107 \u2013 85 x 70 mm<br \/>Waga \u2013 470g<br \/>Stopie\u0144 ochrony \u2013 IPx6 i IPx7<br \/>Monta\u017c \u2013 1 cal 14 TPI wymagany monta\u017c na s\u0142upie<br \/>Obs\u0142ugiwane systemy GNSS \u2013 GPS, GLONASS, Galileo, BeiDou<\/p>\n<\/div>\n<\/div>\n<\/li>\n<li>\n<h3>W zestawie <\/h3>\n<div>\n<p>1 X Transceiver AIS<br \/>1 X Pakiet wspornik\u00f3w monta\u017cowych i mocowa\u0144<br \/>I X Kabel zasilaj\u0105cy<br \/>1 X Kabel dost\u0119pu do danych<br \/>1 X Antena GPS<\/p>\n<\/div>\n<\/li>\n<\/ul>\n<p><!--more--><br \/>\n<!-- {\"type\":\"layout\",\"children\":[{\"type\":\"section\",\"props\":{\"style\":\"default\",\"width\":\"default\",\"vertical_align\":\"middle\",\"title_position\":\"top-left\",\"title_rotation\":\"left\",\"title_breakpoint\":\"xl\",\"image_position\":\"center-center\"},\"children\":[{\"type\":\"row\",\"children\":[{\"type\":\"column\",\"props\":{\"image_position\":\"center-center\",\"media_overlay_gradient\":\"\"},\"children\":[{\"type\":\"headline\",\"props\":{\"title_element\":\"h1\",\"content\":\"\n\n<h1 class=\\\"uk-article-title\\\">Transponder AIS klasy A EM-TRAK A200<\\\/h1>\"}},{\"type\":\"divider\",\"props\":{\"divider_element\":\"hr\"}}]}]}]},{\"type\":\"section\",\"props\":{\"style\":\"muted\",\"width\":\"default\",\"vertical_align\":\"middle\",\"title_position\":\"top-left\",\"title_rotation\":\"left\",\"title_breakpoint\":\"xl\",\"image_position\":\"center-center\"},\"children\":[{\"type\":\"row\",\"props\":{\"layout\":\"1-2,1-2\"},\"children\":[{\"type\":\"column\",\"props\":{\"image_position\":\"center-center\",\"media_overlay_gradient\":\"\",\"width_medium\":\"1-2\"},\"children\":[{\"type\":\"text\",\"props\":{\"margin\":\"default\",\"column_breakpoint\":\"m\",\"content\":\"\n\n<p>A200 jest w pe\\u0142ni zintegrowanym transponderem AIS klasy A, kt\\u00f3ry posiada zar\\u00f3wno certyfikat SOLAS jak i certyfikat \\u017ceglugi \\u015br\\u00f3dl\\u0105dowej dla globalnej zgodno\\u015bci ze wszystkimi krajowymi i mi\\u0119dzynarodowymi (IMO) przepisami dla statk\\u00f3w komercyjnych.<\\\/p>\\n\n\n<p>Pojedyncza zintegrowana i ma\\u0142a obudowa jest odporna na wod\\u0119 i warunki atmosferyczne (IPx6 i IPx7), z zintegrowanym kolorowym wy\\u015bwietlaczem. A200 jest \\u0142atwy w instalacji, obs\\u0142udze i integracji ze wszystkimi systemami na mostku, jak r\\u00f3wnie\\u017c oferuje pe\\u0142en zakres zaawansowanych funkcji AIS, takich jak alarmy, filtry cel\\u00f3w, listy informacji o statkach, pogoda w czasie rzeczywistym i inne. <\\\/p>\"}},{\"type\":\"button\",\"props\":{\"grid_column_gap\":\"small\",\"grid_row_gap\":\"small\",\"margin\":\"default\",\"text_align\":\"center\"},\"children\":[{\"type\":\"button_item\",\"props\":{\"button_style\":\"default\",\"icon_align\":\"left\",\"content\":\"Broszura\",\"link\":\"https:\\\/\\\/em-trak.com\\\/wp-content\\\/uploads\\\/Em-trak_Product_Datasheet_A200.pdf\"}}]}]},{\"type\":\"column\",\"props\":{\"image_position\":\"center-center\",\"media_overlay_gradient\":\"\",\"width_medium\":\"1-2\"},\"children\":[{\"type\":\"slideshow\",\"props\":{\"show_title\":true,\"show_meta\":true,\"show_content\":true,\"show_link\":true,\"show_thumbnail\":true,\"slideshow_min_height\":\"200\",\"slideshow_autoplay_pause\":true,\"nav\":\"dotnav\",\"nav_position\":\"bottom-center\",\"nav_position_margin\":\"medium\",\"nav_align\":\"center\",\"nav_breakpoint\":\"s\",\"thumbnav_width\":\"100\",\"thumbnav_height\":\"75\",\"thumbnav_svg_color\":\"emphasis\",\"slidenav\":\"default\",\"slidenav_margin\":\"medium\",\"slidenav_breakpoint\":\"s\",\"slidenav_outside_breakpoint\":\"xl\",\"overlay_position\":\"center-left\",\"overlay_animation\":\"parallax\",\"title_element\":\"h3\",\"meta_style\":\"meta\",\"meta_align\":\"below-title\",\"meta_element\":\"div\",\"link_text\":\"Read more\",\"link_style\":\"default\",\"margin\":\"default\",\"slideshow_height\":\"\"},\"children\":[{\"type\":\"slideshow_item\",\"props\":{\"image\":\"wp-content\\\/uploads\\\/2021\\\/05\\\/a200-front.png\"}},{\"type\":\"slideshow_item\",\"props\":{\"image\":\"wp-content\\\/uploads\\\/2021\\\/05\\\/a200-back.png\"}}]}]}]}]},{\"type\":\"section\",\"props\":{\"style\":\"default\",\"width\":\"default\",\"vertical_align\":\"middle\",\"title_position\":\"top-left\",\"title_rotation\":\"left\",\"title_breakpoint\":\"xl\",\"image_position\":\"center-center\"},\"children\":[{\"type\":\"row\",\"children\":[{\"type\":\"column\",\"props\":{\"image_position\":\"center-center\",\"media_overlay_gradient\":\"\"},\"children\":[{\"type\":\"switcher\",\"props\":{\"show_title\":true,\"show_meta\":true,\"show_content\":true,\"show_image\":true,\"show_link\":true,\"show_label\":true,\"show_thumbnail\":true,\"switcher_style\":\"tab\",\"switcher_thumbnail_svg_color\":\"emphasis\",\"switcher_position\":\"top\",\"switcher_align\":\"left\",\"switcher_grid_width\":\"auto\",\"switcher_grid_breakpoint\":\"m\",\"switcher_animation\":\"fade\",\"switcher_height\":true,\"title_element\":\"h3\",\"title_align\":\"top\",\"title_grid_width\":\"1-2\",\"title_grid_breakpoint\":\"m\",\"meta_style\":\"meta\",\"meta_align\":\"below-title\",\"meta_element\":\"div\",\"content_column_breakpoint\":\"m\",\"image_svg_color\":\"emphasis\",\"image_align\":\"top\",\"image_grid_width\":\"1-2\",\"image_grid_breakpoint\":\"m\",\"switcher_thumbnail_width\":\"100\",\"switcher_thumbnail_height\":\"75\",\"link_text\":\"Read more\",\"link_style\":\"default\",\"margin\":\"default\"},\"children\":[{\"type\":\"switcher_item\",\"props\":{\"title\":\"Cechy\",\"content\":\"\n\n<ul>\\n\n\n<li>Certyfikat IMO SOLAS AIS klasy A<\\\/li>\\n\n\n<li>Certyfikat UE dla \\u015br\\u00f3dl\\u0105dowych dr\\u00f3g wodnych<\\\/li>\\n\n\n<li>Obudowa wzmocniona i odporna na ekstremalne warunki - wod\\u0119 (IPx6 i IPx7), wilgo\\u0107, wstrz\\u0105sy, wibracje, temperatury<\\\/li>\\n\n\n<li>Wysoka wydajno\\u015b\\u0107 GPS nowej generacji<\\\/li>\\n\n\n<li>Odpowiednia instalacja wewn\\u0119trzna lub sta\\u0142a instalacja zewn\\u0119trzna<\\\/li>\\n\n\n<li>Solidny ergonomiczny interfejs u\\u017cytkownika z przyciskami i pokr\\u0119t\\u0142em z konfigurowalnymi wieloj\\u0119zycznymi opcjami menu<\\\/li>\\n\n\n<li>Zintegrowany kolorowy wy\\u015bwietlacz z trybem nocnym<\\\/li>\\n\n\n<li>Mapa ENC (C-MAP) z konfigurowalnym nak\\u0142adaniem cel\\u00f3w AIS<\\\/li>\\n\n\n<li>Tryb cichy - transmisje AIS s\\u0105 zatrzymywane - wszystkie wiadomo\\u015bci s\\u0105 nadal odbierane<\\\/li>\\n\n\n<li>Zintegrowane WiFi o wysokiej wydajno\\u015bci<\\\/li>\\n\n\n<li>Opcje wyposa\\u017cenia dodatkowego w postaci kabla z wtyczk\\u0105 pilotow\\u0105 i skrzynki przy\\u0142\\u0105czeniowej<\\\/li>\\n<\\\/ul>\"}},{\"type\":\"switcher_item\",\"props\":{\"title\":\"Specyfikacja techniczna\",\"content\":\"\n\n<div class=\\\"el-content uk-panel uk-margin-top\\\">\\n\n\n<p><strong>SPECYFIKACJA FIZYCZNA I \\u015aRODOWISKOWA<\\\/strong><br \\\/>Wielko\\u015b\\u0107 (szer. x wys. x g\\u0142.) \\u2013 152 x 165 x 95 mm<br \\\/>Waga \\u2013 1,1 kg<br \\\/>Temperatura pracy \\u2013 -25\\u00b0C do +55\\u00b0C<br \\\/>Temperatura przechowywania \\u2013 -25\\u00b0C do +70\\u00b0C<br \\\/>Stopie\\u0144 ochrony \\u2013 IPx6 i IPx7<\\\/p>\\n\n\n<p><strong>SPECYFIKACJA ELEKTRYCZNA<\\\/strong><br \\\/>Napi\\u0119cie zasilania \\u2013 12V lub 24V DC<br \\\/>Zakres napi\\u0119cia zasilania \\u2013 9,6V \\u2013 31,2V DC<br \\\/>\\u015aredni pr\\u0105d (przy 12V) \\u2013 520mA<br \\\/>Pr\\u0105d szczytowy \\u2013 6A<br \\\/>\\u015aredni pob\\u00f3r mocy (przy 12V) \\u2013 6.2W<br \\\/>Izolacja galwaniczna \\u2013 NMEA 0183, NMEA 2000, zasilanie, port anteny VHF<\\\/p>\\n\n\n<p><strong>Z\\u0141\\u0104CZA<\\\/strong><br \\\/>Antena VHF \\u2013 SO-239<br \\\/>GNSS \\u2013 TNC<br \\\/>Moc \\u2013 2-kierunkowy okr\\u0105g\\u0142y wielobiegunowy<br \\\/>NMEA 0183\\\/ tryb cichy \\u2013 14-kierunkowy okr\\u0105g\\u0142y wielobiegunowy<br \\\/>NMEA 0183\\\/ przeka\\u017anik alarmowy \\u2013 18-kierunkowy okr\\u0105g\\u0142y wielobiegunowy<br \\\/>NMEA 2000 \\u2013 5-kierunkowe z\\u0142\\u0105cze Micro-C<\\\/p>\\n\n\n<p><strong>INTERFEJSY DANYCH<\\\/strong><br \\\/>NMEA 0183 \\u2013 3 x porty wej\\u015bciowe. 3 x porty dwukierunkowe \\u2013 3 x porty dwukierunkowe<br \\\/>NMEA 2000 \\u2013 NMEA 2000 Ed 3.101, LEN=1<br \\\/>Wi-Fi \\u2013 IEEE 802.11 (a\\\/b\\\/g), obs\\u0142uguje tryb klienta i punkt dost\\u0119powy (5 po\\u0142\\u0105cze\\u0144 w trybie punktu dost\\u0119powego)<\\\/p>\\n\n\n<p><strong>PRZESTRZEGANIE STANDARD\\u00d3W<\\\/strong><br \\\/>Normy AIS \\u2013 IEC 61993-2 Ed. 3. ITU-R M.1371.5<br \\\/>Normy bezpiecze\\u0144stwa wyrob\\u00f3w \\u2013 EN60950-1 2006 +A11:2009 +A1:2010 +A12:2011 +A2:2013<br \\\/>Normy \\u015brodowiskowe \\u2013 IEC 60945 Ed. 4<br \\\/>Szeregowe standardy interfejsu danych \\u2013 IEC 61162-1 Ed 5.0. IEC 61162-2 Ed 1.0.<br \\\/>NMEA 2000 \\u2013 NMEA 2000 Ed 3.101<br \\\/>Normy wydajno\\u015bci GNSS \\u2013 IEC 61108-1 Ed 2.0. IEC 61108-02 Ed 1.0.<\\\/p>\\n\n\n<p><strong>GNSS<\\\/strong><br \\\/>Obs\\u0142ugiwane systemy \\u2013 GPS, GLONASS, BeiDou, Galileo<br \\\/>(dwa z dowolnej kombinacji, trzy \\u0142\\u0105cznie z GPS, Galileo)<br \\\/>Kana\\u0142y \\u2013 72<br \\\/>Antena wewn\\u0119trzna\\\/zewn\\u0119trzna \\u2013 Tylko zewn\\u0119trzna<br \\\/>Czas do pierwszej naprawy od zimnego startu \\u2013 26s<\\\/p>\\n\n\n<p><strong>VHF NADAWCZO-ODBIORCZY<\\\/strong><br \\\/>System dost\\u0119pu VDL \\u2013 SOTDMA<br \\\/>Cz\\u0119stotliwo\\u015b\\u0107 pracy \\u2013 156,025MHz \\u2013 162,025MHz<br \\\/>Szeroko\\u015b\\u0107 pasma kana\\u0142u \\u2013 25kHz<br \\\/>Odbiorniki\\\/ nadajniki \\u2013 3 x odbiorniki, 1 x nadajnik<br \\\/>Czu\\u0142o\\u015b\\u0107 odbiornika AIS (20% PER) \\u2013 -111dBm<br \\\/>Moc nadajnika AIS \\u2013 5W (+37dBm)<\\\/p>\\n\n\n<p><strong>INTERFEJS U\\u017bYTKOWNIK\\u00d3W<\\\/strong><br \\\/>Ekran \\u2013 5\\u2033 800 x 480 pe\\u0142nokolorowy LCD<br \\\/>Przyciski \\u2013 koder obrotowy do wyboru i wprowadzania danych, 4 przyciski menu i 4 przyciski kierunkowe<br \\\/>Interfejs karty SD \\u2013 Interfejs karty Micro SD do logowania i wykres\\u00f3w (nie jest dost\\u0119pny w em-trak)<\\\/p>\\n\n\n<p><strong>ANTENA GNSS\\u00a0<\\\/strong><br \\\/>Wielko\\u015b\\u0107 \\u2013 85 x 70 mm<br \\\/>Waga \\u2013 470g<br \\\/>Stopie\\u0144 ochrony \\u2013 IPx6 i IPx7<br \\\/>Monta\\u017c \\u2013 1 cal 14 TPI wymagany monta\\u017c na s\\u0142upie<br \\\/>Obs\\u0142ugiwane systemy GNSS \\u2013 GPS, GLONASS, Galileo, BeiDou<\\\/p>\\n<\\\/div>\"}},{\"type\":\"switcher_item\",\"props\":{\"title\":\"W zestawie \",\"content\":\"\n\n<p>1 X Transceiver AIS<br \\\/>1 X Pakiet wspornik\\u00f3w monta\\u017cowych i mocowa\\u0144<br \\\/>I X Kabel zasilaj\\u0105cy<br \\\/>1 X Kabel dost\\u0119pu do danych<br \\\/>1 X Antena GPS<\\\/p>\"}}]}]}]}]}],\"version\":\"2.4.14\"} --><\/p>\n","protected":false},"excerpt":{"rendered":"<p>Transponder AIS klasy A EM-TRAK A200 A200 jest w pe\u0142ni zintegrowanym transponderem AIS klasy A, kt\u00f3ry posiada zar\u00f3wno certyfikat SOLAS jak i certyfikat \u017ceglugi \u015br\u00f3dl\u0105dowej dla globalnej zgodno\u015bci ze wszystkimi krajowymi i mi\u0119dzynarodowymi (IMO) przepisami dla statk\u00f3w komercyjnych. Pojedyncza zintegrowana i ma\u0142a obudowa jest odporna na wod\u0119 i warunki atmosferyczne (IPx6 i IPx7), z zintegrowanym [&hellip;]<\/p>\n","protected":false},"author":10,"featured_media":0,"parent":0,"menu_order":0,"comment_status":"closed","ping_status":"closed","template":"","meta":{"footnotes":""},"class_list":["post-9095","page","type-page","status-publish","hentry"],"yoast_head":"<!-- This site is optimized with the Yoast SEO plugin v27.6 - https:\/\/yoast.com\/product\/yoast-seo-wordpress\/ -->\n<title>Transponder AIS klasy A EM-TRAK A200 - ESCORT TECHNOLOGY<\/title>\n<meta name=\"robots\" content=\"index, follow, max-snippet:-1, max-image-preview:large, max-video-preview:-1\" \/>\n<link rel=\"canonical\" href=\"https:\/\/escort-technology.com\/en\/transponder-ais-klasy-a-em-trak-a200\/\" \/>\n<meta property=\"og:locale\" content=\"en_US\" \/>\n<meta property=\"og:type\" content=\"article\" \/>\n<meta property=\"og:title\" content=\"Transponder AIS klasy A EM-TRAK A200 - ESCORT TECHNOLOGY\" \/>\n<meta property=\"og:description\" content=\"Transponder AIS klasy A EM-TRAK A200 A200 jest w pe\u0142ni zintegrowanym transponderem AIS klasy A, kt\u00f3ry posiada zar\u00f3wno certyfikat SOLAS jak i certyfikat \u017ceglugi \u015br\u00f3dl\u0105dowej dla globalnej zgodno\u015bci ze wszystkimi krajowymi i mi\u0119dzynarodowymi (IMO) przepisami dla statk\u00f3w komercyjnych. Pojedyncza zintegrowana i ma\u0142a obudowa jest odporna na wod\u0119 i warunki atmosferyczne (IPx6 i IPx7), z zintegrowanym [&hellip;]\" \/>\n<meta property=\"og:url\" content=\"https:\/\/escort-technology.com\/en\/transponder-ais-klasy-a-em-trak-a200\/\" \/>\n<meta property=\"og:site_name\" content=\"ESCORT TECHNOLOGY\" \/>\n<meta property=\"article:publisher\" content=\"https:\/\/www.facebook.com\/elektronika.morska\/\" \/>\n<meta property=\"article:modified_time\" content=\"2021-05-05T13:06:04+00:00\" \/>\n<meta property=\"og:image\" content=\"https:\/\/escort-technology.com\/wp-content\/uploads\/2021\/05\/a200-front.png\" \/>\n<meta name=\"twitter:card\" content=\"summary_large_image\" \/>\n<meta name=\"twitter:label1\" content=\"Est. reading time\" \/>\n\t<meta name=\"twitter:data1\" content=\"3 minutes\" \/>\n<script type=\"application\/ld+json\" class=\"yoast-schema-graph\">{\"@context\":\"https:\\\/\\\/schema.org\",\"@graph\":[{\"@type\":\"WebPage\",\"@id\":\"https:\\\/\\\/escort-technology.com\\\/en\\\/transponder-ais-klasy-a-em-trak-a200\\\/\",\"url\":\"https:\\\/\\\/escort-technology.com\\\/en\\\/transponder-ais-klasy-a-em-trak-a200\\\/\",\"name\":\"Transponder AIS klasy A EM-TRAK A200 - ESCORT TECHNOLOGY\",\"isPartOf\":{\"@id\":\"http:\\\/\\\/escort-technology.com\\\/de\\\/#website\"},\"datePublished\":\"2021-05-05T13:02:12+00:00\",\"dateModified\":\"2021-05-05T13:06:04+00:00\",\"breadcrumb\":{\"@id\":\"https:\\\/\\\/escort-technology.com\\\/en\\\/transponder-ais-klasy-a-em-trak-a200\\\/#breadcrumb\"},\"inLanguage\":\"en-US\",\"potentialAction\":[{\"@type\":\"ReadAction\",\"target\":[\"https:\\\/\\\/escort-technology.com\\\/en\\\/transponder-ais-klasy-a-em-trak-a200\\\/\"]}]},{\"@type\":\"BreadcrumbList\",\"@id\":\"https:\\\/\\\/escort-technology.com\\\/en\\\/transponder-ais-klasy-a-em-trak-a200\\\/#breadcrumb\",\"itemListElement\":[{\"@type\":\"ListItem\",\"position\":1,\"name\":\"Strona g\u0142\u00f3wna\",\"item\":\"https:\\\/\\\/escort-technology.com\\\/\"},{\"@type\":\"ListItem\",\"position\":2,\"name\":\"Transponder AIS klasy A EM-TRAK A200\"}]},{\"@type\":\"WebSite\",\"@id\":\"http:\\\/\\\/escort-technology.com\\\/de\\\/#website\",\"url\":\"http:\\\/\\\/escort-technology.com\\\/de\\\/\",\"name\":\"ESCORT TECHNOLOGY\",\"description\":\"Elektronika morska i l\u0105dowa\",\"publisher\":{\"@id\":\"http:\\\/\\\/escort-technology.com\\\/de\\\/#organization\"},\"potentialAction\":[{\"@type\":\"SearchAction\",\"target\":{\"@type\":\"EntryPoint\",\"urlTemplate\":\"http:\\\/\\\/escort-technology.com\\\/de\\\/?s={search_term_string}\"},\"query-input\":{\"@type\":\"PropertyValueSpecification\",\"valueRequired\":true,\"valueName\":\"search_term_string\"}}],\"inLanguage\":\"en-US\"},{\"@type\":\"Organization\",\"@id\":\"http:\\\/\\\/escort-technology.com\\\/de\\\/#organization\",\"name\":\"ESCORT TECHNOLOGY\",\"url\":\"http:\\\/\\\/escort-technology.com\\\/de\\\/\",\"logo\":{\"@type\":\"ImageObject\",\"inLanguage\":\"en-US\",\"@id\":\"http:\\\/\\\/escort-technology.com\\\/de\\\/#\\\/schema\\\/logo\\\/image\\\/\",\"url\":\"https:\\\/\\\/escort-technology.com\\\/wp-content\\\/uploads\\\/logo-1.jpg\",\"contentUrl\":\"https:\\\/\\\/escort-technology.com\\\/wp-content\\\/uploads\\\/logo-1.jpg\",\"width\":600,\"height\":165,\"caption\":\"ESCORT TECHNOLOGY\"},\"image\":{\"@id\":\"http:\\\/\\\/escort-technology.com\\\/de\\\/#\\\/schema\\\/logo\\\/image\\\/\"},\"sameAs\":[\"https:\\\/\\\/www.facebook.com\\\/elektronika.morska\\\/\",\"https:\\\/\\\/www.linkedin.com\\\/company\\\/escort-sp-z-o-o-\\\/\"]}]}<\/script>\n<!-- \/ Yoast SEO plugin. -->","yoast_head_json":{"title":"Transponder AIS klasy A EM-TRAK A200 - ESCORT TECHNOLOGY","robots":{"index":"index","follow":"follow","max-snippet":"max-snippet:-1","max-image-preview":"max-image-preview:large","max-video-preview":"max-video-preview:-1"},"canonical":"https:\/\/escort-technology.com\/en\/transponder-ais-klasy-a-em-trak-a200\/","og_locale":"en_US","og_type":"article","og_title":"Transponder AIS klasy A EM-TRAK A200 - ESCORT TECHNOLOGY","og_description":"Transponder AIS klasy A EM-TRAK A200 A200 jest w pe\u0142ni zintegrowanym transponderem AIS klasy A, kt\u00f3ry posiada zar\u00f3wno certyfikat SOLAS jak i certyfikat \u017ceglugi \u015br\u00f3dl\u0105dowej dla globalnej zgodno\u015bci ze wszystkimi krajowymi i mi\u0119dzynarodowymi (IMO) przepisami dla statk\u00f3w komercyjnych. Pojedyncza zintegrowana i ma\u0142a obudowa jest odporna na wod\u0119 i warunki atmosferyczne (IPx6 i IPx7), z zintegrowanym [&hellip;]","og_url":"https:\/\/escort-technology.com\/en\/transponder-ais-klasy-a-em-trak-a200\/","og_site_name":"ESCORT TECHNOLOGY","article_publisher":"https:\/\/www.facebook.com\/elektronika.morska\/","article_modified_time":"2021-05-05T13:06:04+00:00","og_image":[{"url":"https:\/\/escort-technology.com\/wp-content\/uploads\/2021\/05\/a200-front.png","type":"","width":"","height":""}],"twitter_card":"summary_large_image","twitter_misc":{"Est. reading time":"3 minutes"},"schema":{"@context":"https:\/\/schema.org","@graph":[{"@type":"WebPage","@id":"https:\/\/escort-technology.com\/en\/transponder-ais-klasy-a-em-trak-a200\/","url":"https:\/\/escort-technology.com\/en\/transponder-ais-klasy-a-em-trak-a200\/","name":"Transponder AIS klasy A EM-TRAK A200 - ESCORT TECHNOLOGY","isPartOf":{"@id":"http:\/\/escort-technology.com\/de\/#website"},"datePublished":"2021-05-05T13:02:12+00:00","dateModified":"2021-05-05T13:06:04+00:00","breadcrumb":{"@id":"https:\/\/escort-technology.com\/en\/transponder-ais-klasy-a-em-trak-a200\/#breadcrumb"},"inLanguage":"en-US","potentialAction":[{"@type":"ReadAction","target":["https:\/\/escort-technology.com\/en\/transponder-ais-klasy-a-em-trak-a200\/"]}]},{"@type":"BreadcrumbList","@id":"https:\/\/escort-technology.com\/en\/transponder-ais-klasy-a-em-trak-a200\/#breadcrumb","itemListElement":[{"@type":"ListItem","position":1,"name":"Strona g\u0142\u00f3wna","item":"https:\/\/escort-technology.com\/"},{"@type":"ListItem","position":2,"name":"Transponder AIS klasy A EM-TRAK A200"}]},{"@type":"WebSite","@id":"http:\/\/escort-technology.com\/de\/#website","url":"http:\/\/escort-technology.com\/de\/","name":"ESCORT TECHNOLOGY","description":"Onshore and offshore electronics","publisher":{"@id":"http:\/\/escort-technology.com\/de\/#organization"},"potentialAction":[{"@type":"SearchAction","target":{"@type":"EntryPoint","urlTemplate":"http:\/\/escort-technology.com\/de\/?s={search_term_string}"},"query-input":{"@type":"PropertyValueSpecification","valueRequired":true,"valueName":"search_term_string"}}],"inLanguage":"en-US"},{"@type":"Organization","@id":"http:\/\/escort-technology.com\/de\/#organization","name":"ESCORT TECHNOLOGY","url":"http:\/\/escort-technology.com\/de\/","logo":{"@type":"ImageObject","inLanguage":"en-US","@id":"http:\/\/escort-technology.com\/de\/#\/schema\/logo\/image\/","url":"https:\/\/escort-technology.com\/wp-content\/uploads\/logo-1.jpg","contentUrl":"https:\/\/escort-technology.com\/wp-content\/uploads\/logo-1.jpg","width":600,"height":165,"caption":"ESCORT TECHNOLOGY"},"image":{"@id":"http:\/\/escort-technology.com\/de\/#\/schema\/logo\/image\/"},"sameAs":["https:\/\/www.facebook.com\/elektronika.morska\/","https:\/\/www.linkedin.com\/company\/escort-sp-z-o-o-\/"]}]}},"_links":{"self":[{"href":"https:\/\/escort-technology.com\/en\/wp-json\/wp\/v2\/pages\/9095","targetHints":{"allow":["GET"]}}],"collection":[{"href":"https:\/\/escort-technology.com\/en\/wp-json\/wp\/v2\/pages"}],"about":[{"href":"https:\/\/escort-technology.com\/en\/wp-json\/wp\/v2\/types\/page"}],"author":[{"embeddable":true,"href":"https:\/\/escort-technology.com\/en\/wp-json\/wp\/v2\/users\/10"}],"replies":[{"embeddable":true,"href":"https:\/\/escort-technology.com\/en\/wp-json\/wp\/v2\/comments?post=9095"}],"version-history":[{"count":6,"href":"https:\/\/escort-technology.com\/en\/wp-json\/wp\/v2\/pages\/9095\/revisions"}],"predecessor-version":[{"id":9104,"href":"https:\/\/escort-technology.com\/en\/wp-json\/wp\/v2\/pages\/9095\/revisions\/9104"}],"wp:attachment":[{"href":"https:\/\/escort-technology.com\/en\/wp-json\/wp\/v2\/media?parent=9095"}],"curies":[{"name":"wp","href":"https:\/\/api.w.org\/{rel}","templated":true}]}}