{"id":9105,"date":"2021-05-06T09:25:48","date_gmt":"2021-05-06T07:25:48","guid":{"rendered":"https:\/\/escort-technology.com\/?page_id=9105"},"modified":"2022-09-06T15:22:50","modified_gmt":"2022-09-06T13:22:50","slug":"urzadzenia-ais-marki-simrad","status":"publish","type":"page","link":"https:\/\/escort-technology.com\/en\/urzadzenia-ais-marki-simrad\/","title":{"rendered":"Simrad AIS equipment"},"content":{"rendered":"<h1>\n<h1 class=\"uk-article-title\">Urz\u0105dzenia AIS marki Simrad<\/h1>\n<\/h1>\n<hr>\n<p><img decoding=\"async\" src=\"\/wp-content\/uploads\/2022\/09\/container-ship-gafafcec30_1920.jpg\" alt=\"\"><\/p>\n<div>\n<\/p>\n<p>System automatycznej identyfikacji (AIS) to automatyczny system \u015bledzenia, kt\u00f3ry wykorzystuje transpondery na statkach i jest u\u017cywany przez s\u0142u\u017cby ruchu statk\u00f3w (VTS) do okre\u015blania pozycji statku. Informacje AIS uzupe\u0142niaj\u0105 radar morski, kt\u00f3ry nadal jest podstawow\u0105 metod\u0105 unikania kolizji w transporcie wodnym.<\/p>\n<p>Konwencja IMO dotycz\u0105ca statk\u00f3w SOLAS wymaga, aby urz\u0105dzenia AIS by\u0142y montowane na statkach o pojemno\u015bci brutto 300 lub wi\u0119kszej oraz na wszystkich statkach pasa\u017cerskich niezale\u017cnie od ich wielko\u015bci.<\/p>\n<\/div>\n<p><img decoding=\"async\" src=\"\/wp-content\/uploads\/2022\/09\/simrad-commercial-lifestyle-stavanger-norway-helgoy-ferry-6-16_20005.jpg\" alt=\"\"><\/p>\n<h1>\n<h2 style=\"text-align: center;\">Urz\u0105dzenia klasy A<\/h2>\n<\/h1>\n<p><a href=\"https:\/\/escort-technology.com\/transponder-ais-simrad-v5035\/\"><img decoding=\"async\" src=\"\/wp-content\/uploads\/2021\/05\/V5035V2.png\" alt=\"\"><\/a><\/p>\n<h1><a href=\"https:\/\/escort-technology.com\/transponder-ais-simrad-v5035\/\"><\/p>\n<h2 style=\"text-align: center;\">V5035<\/h2>\n<p><\/a><\/h1>\n<h1>\n<h2 style=\"text-align: center;\">Urz\u0105dzenia klasy B<\/h2>\n<\/h1>\n<p><a href=\"https:\/\/escort-technology.com\/transponder-ais-klasy-bsimrad-v3100\/\"><img decoding=\"async\" src=\"\/wp-content\/uploads\/2021\/05\/000_14380_001_V3100_LFT.png\" alt=\"\"><\/a><\/p>\n<h1><a href=\"https:\/\/escort-technology.com\/transponder-ais-klasy-bsimrad-v3100\/\"><\/p>\n<h2 style=\"text-align: center;\">V3100<\/h2>\n<p><\/a><\/h1>\n<p><a href=\"https:\/\/escort-technology.com\/transponder-ais-klasy-b-simrad-nais-500\/\"><img decoding=\"async\" src=\"\/wp-content\/uploads\/2021\/05\/NAIS_500_MAIN.png\" alt=\"\"><\/a><\/p>\n<h1><a href=\"https:\/\/escort-technology.com\/transponder-ais-klasy-b-simrad-nais-500\/\"><\/p>\n<h2 style=\"text-align: center;\">NAIS-500<\/h2>\n<p><\/a><\/h1>\n<p><a href=\"https:\/\/escort-technology.com\/?page_id=9135&#038;preview=true\"><img decoding=\"async\" src=\"\/wp-content\/uploads\/2021\/05\/NSPL_500_MAIN_GALLEY_1.png\" alt=\"\"><\/a><\/p>\n<h1><a href=\"https:\/\/escort-technology.com\/?page_id=9135&#038;preview=true\"><\/p>\n<h2 style=\"text-align: center;\">NSPL-500<\/h2>\n<p><\/a><\/h1>\n<p><!--more--><br \/>\n<!-- {\"type\":\"layout\",\"children\":[{\"type\":\"section\",\"props\":{\"style\":\"default\",\"width\":\"default\",\"vertical_align\":\"middle\",\"title_position\":\"top-left\",\"title_rotation\":\"left\",\"title_breakpoint\":\"xl\",\"image_position\":\"center-center\",\"title\":\"Klasa A\"},\"children\":[{\"type\":\"row\",\"children\":[{\"type\":\"column\",\"props\":{\"image_position\":\"center-center\",\"media_overlay_gradient\":\"\"},\"children\":[{\"type\":\"headline\",\"props\":{\"title_element\":\"h1\",\"content\":\"\n\n<h1 class=\\\"uk-article-title\\\">Urz\\u0105dzenia AIS marki Simrad<\\\/h1>\"}},{\"type\":\"divider\",\"props\":{\"divider_element\":\"hr\"}}]}]},{\"type\":\"row\",\"children\":[{\"type\":\"column\",\"props\":{\"image_position\":\"center-center\",\"media_overlay_gradient\":\"\"},\"children\":[{\"type\":\"image\",\"props\":{\"margin\":\"default\",\"image_svg_color\":\"emphasis\",\"image\":\"wp-content\\\/uploads\\\/2022\\\/09\\\/container-ship-gafafcec30_1920.jpg\"}}]}]},{\"type\":\"row\",\"props\":{\"layout\":\"1-2,1-2\"},\"children\":[{\"type\":\"column\",\"props\":{\"image_position\":\"center-center\",\"media_overlay_gradient\":\"\",\"width_medium\":\"1-2\"},\"children\":[{\"type\":\"text\",\"props\":{\"margin\":\"default\",\"column_breakpoint\":\"m\",\"content\":\"\n\n<p><\\\/p>\\n\n\n<p><\\\/p>\\n\n\n<p><\\\/p>\\n\n\n<p>System automatycznej identyfikacji (AIS) to automatyczny system \\u015bledzenia, kt\\u00f3ry wykorzystuje transpondery na statkach i jest u\\u017cywany przez s\\u0142u\\u017cby ruchu statk\\u00f3w (VTS) do okre\\u015blania pozycji statku. Informacje AIS uzupe\\u0142niaj\\u0105 radar morski, kt\\u00f3ry nadal jest podstawow\\u0105 metod\\u0105 unikania kolizji w transporcie wodnym.<\\\/p>\\n\n\n<p>Konwencja IMO dotycz\\u0105ca statk\\u00f3w SOLAS wymaga, aby urz\\u0105dzenia AIS by\\u0142y montowane na statkach o pojemno\\u015bci brutto 300 lub wi\\u0119kszej oraz na wszystkich statkach pasa\\u017cerskich niezale\\u017cnie od ich wielko\\u015bci.<\\\/p>\"}}]},{\"type\":\"column\",\"props\":{\"image_position\":\"center-center\",\"media_overlay_gradient\":\"\",\"width_medium\":\"1-2\"},\"children\":[{\"type\":\"image\",\"props\":{\"margin\":\"default\",\"image_svg_color\":\"emphasis\",\"image\":\"wp-content\\\/uploads\\\/2022\\\/09\\\/simrad-commercial-lifestyle-stavanger-norway-helgoy-ferry-6-16_20005.jpg\"}}]}]}]},{\"type\":\"section\",\"props\":{\"style\":\"default\",\"width\":\"default\",\"vertical_align\":\"middle\",\"title_position\":\"top-left\",\"title_rotation\":\"left\",\"title_breakpoint\":\"xl\",\"image_position\":\"center-center\",\"title\":\"Klasa A\"},\"children\":[{\"type\":\"row\",\"children\":[{\"type\":\"column\",\"props\":{\"image_position\":\"center-center\",\"media_overlay_gradient\":\"\"},\"children\":[{\"type\":\"headline\",\"props\":{\"title_element\":\"h1\",\"content\":\"\n\n<h2 style=\\\"text-align: center;\\\">Urz\\u0105dzenia klasy A<\\\/h2>\"}}]}]},{\"type\":\"row\",\"props\":{\"layout\":\"1-3,1-3,1-3\"},\"children\":[{\"type\":\"column\",\"props\":{\"image_position\":\"center-center\",\"media_overlay_gradient\":\"\",\"width_medium\":\"1-3\"},\"children\":[]},{\"type\":\"column\",\"props\":{\"image_position\":\"center-center\",\"media_overlay_gradient\":\"\",\"width_medium\":\"1-3\"},\"children\":[{\"type\":\"image\",\"props\":{\"margin\":\"default\",\"image_svg_color\":\"emphasis\",\"image\":\"wp-content\\\/uploads\\\/2021\\\/05\\\/V5035V2.png\",\"link\":\"https:\\\/\\\/escort-technology.com\\\/transponder-ais-simrad-v5035\\\/\"}},{\"type\":\"headline\",\"props\":{\"title_element\":\"h1\",\"content\":\"\n\n<h2 style=\\\"text-align: center;\\\">V5035<\\\/h2>\",\"link\":\"https:\\\/\\\/escort-technology.com\\\/transponder-ais-simrad-v5035\\\/\"}}]},{\"type\":\"column\",\"props\":{\"image_position\":\"center-center\",\"media_overlay_gradient\":\"\",\"width_medium\":\"1-3\"},\"children\":[]}]}],\"name\":\"Klasa A\"},{\"type\":\"section\",\"props\":{\"style\":\"default\",\"width\":\"default\",\"vertical_align\":\"middle\",\"title_position\":\"top-left\",\"title_rotation\":\"left\",\"title_breakpoint\":\"xl\",\"image_position\":\"center-center\",\"title\":\"Klasa B\"},\"children\":[{\"type\":\"row\",\"children\":[{\"type\":\"column\",\"props\":{\"image_position\":\"center-center\",\"media_overlay_gradient\":\"\"},\"children\":[{\"type\":\"headline\",\"props\":{\"title_element\":\"h1\",\"content\":\"\n\n<h2 style=\\\"text-align: center;\\\">Urz\\u0105dzenia klasy B<\\\/h2>\"}}]}]},{\"type\":\"row\",\"props\":{\"layout\":\"1-3,1-3,1-3\"},\"children\":[{\"type\":\"column\",\"props\":{\"image_position\":\"center-center\",\"media_overlay_gradient\":\"\",\"width_medium\":\"1-3\"},\"children\":[{\"type\":\"image\",\"props\":{\"margin\":\"default\",\"image_svg_color\":\"emphasis\",\"image\":\"wp-content\\\/uploads\\\/2021\\\/05\\\/000_14380_001_V3100_LFT.png\",\"image_height\":\"280\",\"link\":\"https:\\\/\\\/escort-technology.com\\\/transponder-ais-klasy-bsimrad-v3100\\\/\"}},{\"type\":\"headline\",\"props\":{\"title_element\":\"h1\",\"content\":\"\n\n<h2 style=\\\"text-align: center;\\\">V3100<\\\/h2>\",\"link\":\"https:\\\/\\\/escort-technology.com\\\/transponder-ais-klasy-bsimrad-v3100\\\/\"}}]},{\"type\":\"column\",\"props\":{\"image_position\":\"center-center\",\"media_overlay_gradient\":\"\",\"width_medium\":\"1-3\"},\"children\":[{\"type\":\"image\",\"props\":{\"margin\":\"default\",\"image_svg_color\":\"emphasis\",\"image\":\"wp-content\\\/uploads\\\/2021\\\/05\\\/NAIS_500_MAIN.png\",\"link\":\"https:\\\/\\\/escort-technology.com\\\/transponder-ais-klasy-b-simrad-nais-500\\\/\"}},{\"type\":\"headline\",\"props\":{\"title_element\":\"h1\",\"content\":\"\n\n<h2 style=\\\"text-align: center;\\\">NAIS-500<\\\/h2>\",\"link\":\"https:\\\/\\\/escort-technology.com\\\/transponder-ais-klasy-b-simrad-nais-500\\\/\"}}]},{\"type\":\"column\",\"props\":{\"image_position\":\"center-center\",\"media_overlay_gradient\":\"\",\"width_medium\":\"1-3\"},\"children\":[{\"type\":\"image\",\"props\":{\"margin\":\"default\",\"image_svg_color\":\"emphasis\",\"image\":\"wp-content\\\/uploads\\\/2021\\\/05\\\/NSPL_500_MAIN_GALLEY_1.png\",\"image_height\":\"230\",\"link\":\"https:\\\/\\\/escort-technology.com\\\/?page_id=9135&preview=true\",\"text_align\":\"center\"}},{\"type\":\"headline\",\"props\":{\"title_element\":\"h1\",\"content\":\"\n\n<h2 style=\\\"text-align: center;\\\">NSPL-500<\\\/h2>\",\"link\":\"https:\\\/\\\/escort-technology.com\\\/?page_id=9135&preview=true\"}}]}]}]}],\"version\":\"2.6.7\"} --><\/p>\n","protected":false},"excerpt":{"rendered":"<p>Urz\u0105dzenia AIS marki Simrad System automatycznej identyfikacji (AIS) to automatyczny system \u015bledzenia, kt\u00f3ry wykorzystuje transpondery na statkach i jest u\u017cywany przez s\u0142u\u017cby ruchu statk\u00f3w (VTS) do okre\u015blania pozycji statku. Informacje AIS uzupe\u0142niaj\u0105 radar morski, kt\u00f3ry nadal jest podstawow\u0105 metod\u0105 unikania kolizji w transporcie wodnym. Konwencja IMO dotycz\u0105ca statk\u00f3w SOLAS wymaga, aby urz\u0105dzenia AIS by\u0142y montowane [&hellip;]<\/p>\n","protected":false},"author":10,"featured_media":0,"parent":0,"menu_order":0,"comment_status":"closed","ping_status":"closed","template":"","meta":{"footnotes":""},"class_list":["post-9105","page","type-page","status-publish","hentry"],"yoast_head":"<!-- This site is optimized with the Yoast SEO plugin v27.5 - https:\/\/yoast.com\/product\/yoast-seo-wordpress\/ -->\n<title>Urz\u0105dzenia AIS marki Simrad - ESCORT TECHNOLOGY<\/title>\n<meta name=\"robots\" content=\"index, follow, max-snippet:-1, max-image-preview:large, max-video-preview:-1\" \/>\n<link rel=\"canonical\" href=\"https:\/\/escort-technology.com\/en\/de\/urzadzenia-ais-marki-simrad\/\" \/>\n<meta property=\"og:locale\" content=\"en_US\" \/>\n<meta property=\"og:type\" content=\"article\" \/>\n<meta property=\"og:title\" content=\"Urz\u0105dzenia AIS marki Simrad - ESCORT TECHNOLOGY\" \/>\n<meta property=\"og:description\" content=\"Urz\u0105dzenia AIS marki Simrad System automatycznej identyfikacji (AIS) to automatyczny system \u015bledzenia, kt\u00f3ry wykorzystuje transpondery na statkach i jest u\u017cywany przez s\u0142u\u017cby ruchu statk\u00f3w (VTS) do okre\u015blania pozycji statku. Informacje AIS uzupe\u0142niaj\u0105 radar morski, kt\u00f3ry nadal jest podstawow\u0105 metod\u0105 unikania kolizji w transporcie wodnym. Konwencja IMO dotycz\u0105ca statk\u00f3w SOLAS wymaga, aby urz\u0105dzenia AIS by\u0142y montowane [&hellip;]\" \/>\n<meta property=\"og:url\" content=\"https:\/\/escort-technology.com\/en\/de\/urzadzenia-ais-marki-simrad\/\" \/>\n<meta property=\"og:site_name\" content=\"ESCORT TECHNOLOGY\" \/>\n<meta property=\"article:publisher\" content=\"https:\/\/www.facebook.com\/elektronika.morska\/\" \/>\n<meta property=\"article:modified_time\" content=\"2022-09-06T13:22:50+00:00\" \/>\n<meta property=\"og:image\" content=\"https:\/\/escort-technology.com\/wp-content\/uploads\/2021\/05\/V5035V2.png\" \/>\n<meta name=\"twitter:card\" content=\"summary_large_image\" \/>\n<meta name=\"twitter:label1\" content=\"Est. reading time\" \/>\n\t<meta name=\"twitter:data1\" content=\"1 minute\" \/>\n<script type=\"application\/ld+json\" class=\"yoast-schema-graph\">{\"@context\":\"https:\\\/\\\/schema.org\",\"@graph\":[{\"@type\":\"WebPage\",\"@id\":\"https:\\\/\\\/escort-technology.com\\\/de\\\/urzadzenia-ais-marki-simrad\\\/\",\"url\":\"https:\\\/\\\/escort-technology.com\\\/de\\\/urzadzenia-ais-marki-simrad\\\/\",\"name\":\"Urz\u0105dzenia AIS marki Simrad - ESCORT TECHNOLOGY\",\"isPartOf\":{\"@id\":\"http:\\\/\\\/escort-technology.com\\\/de\\\/#website\"},\"datePublished\":\"2021-05-06T07:25:48+00:00\",\"dateModified\":\"2022-09-06T13:22:50+00:00\",\"breadcrumb\":{\"@id\":\"https:\\\/\\\/escort-technology.com\\\/de\\\/urzadzenia-ais-marki-simrad\\\/#breadcrumb\"},\"inLanguage\":\"en-US\",\"potentialAction\":[{\"@type\":\"ReadAction\",\"target\":[\"https:\\\/\\\/escort-technology.com\\\/de\\\/urzadzenia-ais-marki-simrad\\\/\"]}]},{\"@type\":\"BreadcrumbList\",\"@id\":\"https:\\\/\\\/escort-technology.com\\\/de\\\/urzadzenia-ais-marki-simrad\\\/#breadcrumb\",\"itemListElement\":[{\"@type\":\"ListItem\",\"position\":1,\"name\":\"Strona g\u0142\u00f3wna\",\"item\":\"https:\\\/\\\/escort-technology.com\\\/\"},{\"@type\":\"ListItem\",\"position\":2,\"name\":\"Urz\u0105dzenia AIS marki Simrad\"}]},{\"@type\":\"WebSite\",\"@id\":\"http:\\\/\\\/escort-technology.com\\\/de\\\/#website\",\"url\":\"http:\\\/\\\/escort-technology.com\\\/de\\\/\",\"name\":\"ESCORT TECHNOLOGY\",\"description\":\"Elektronika morska i l\u0105dowa\",\"publisher\":{\"@id\":\"http:\\\/\\\/escort-technology.com\\\/de\\\/#organization\"},\"potentialAction\":[{\"@type\":\"SearchAction\",\"target\":{\"@type\":\"EntryPoint\",\"urlTemplate\":\"http:\\\/\\\/escort-technology.com\\\/de\\\/?s={search_term_string}\"},\"query-input\":{\"@type\":\"PropertyValueSpecification\",\"valueRequired\":true,\"valueName\":\"search_term_string\"}}],\"inLanguage\":\"en-US\"},{\"@type\":\"Organization\",\"@id\":\"http:\\\/\\\/escort-technology.com\\\/de\\\/#organization\",\"name\":\"ESCORT TECHNOLOGY\",\"url\":\"http:\\\/\\\/escort-technology.com\\\/de\\\/\",\"logo\":{\"@type\":\"ImageObject\",\"inLanguage\":\"en-US\",\"@id\":\"http:\\\/\\\/escort-technology.com\\\/de\\\/#\\\/schema\\\/logo\\\/image\\\/\",\"url\":\"https:\\\/\\\/escort-technology.com\\\/wp-content\\\/uploads\\\/logo-1.jpg\",\"contentUrl\":\"https:\\\/\\\/escort-technology.com\\\/wp-content\\\/uploads\\\/logo-1.jpg\",\"width\":600,\"height\":165,\"caption\":\"ESCORT TECHNOLOGY\"},\"image\":{\"@id\":\"http:\\\/\\\/escort-technology.com\\\/de\\\/#\\\/schema\\\/logo\\\/image\\\/\"},\"sameAs\":[\"https:\\\/\\\/www.facebook.com\\\/elektronika.morska\\\/\",\"https:\\\/\\\/www.linkedin.com\\\/company\\\/escort-sp-z-o-o-\\\/\"]}]}<\/script>\n<!-- \/ Yoast SEO plugin. -->","yoast_head_json":{"title":"Urz\u0105dzenia AIS marki Simrad - ESCORT TECHNOLOGY","robots":{"index":"index","follow":"follow","max-snippet":"max-snippet:-1","max-image-preview":"max-image-preview:large","max-video-preview":"max-video-preview:-1"},"canonical":"https:\/\/escort-technology.com\/en\/de\/urzadzenia-ais-marki-simrad\/","og_locale":"en_US","og_type":"article","og_title":"Urz\u0105dzenia AIS marki Simrad - ESCORT TECHNOLOGY","og_description":"Urz\u0105dzenia AIS marki Simrad System automatycznej identyfikacji (AIS) to automatyczny system \u015bledzenia, kt\u00f3ry wykorzystuje transpondery na statkach i jest u\u017cywany przez s\u0142u\u017cby ruchu statk\u00f3w (VTS) do okre\u015blania pozycji statku. Informacje AIS uzupe\u0142niaj\u0105 radar morski, kt\u00f3ry nadal jest podstawow\u0105 metod\u0105 unikania kolizji w transporcie wodnym. Konwencja IMO dotycz\u0105ca statk\u00f3w SOLAS wymaga, aby urz\u0105dzenia AIS by\u0142y montowane [&hellip;]","og_url":"https:\/\/escort-technology.com\/en\/de\/urzadzenia-ais-marki-simrad\/","og_site_name":"ESCORT TECHNOLOGY","article_publisher":"https:\/\/www.facebook.com\/elektronika.morska\/","article_modified_time":"2022-09-06T13:22:50+00:00","og_image":[{"url":"https:\/\/escort-technology.com\/wp-content\/uploads\/2021\/05\/V5035V2.png","type":"","width":"","height":""}],"twitter_card":"summary_large_image","twitter_misc":{"Est. reading time":"1 minute"},"schema":{"@context":"https:\/\/schema.org","@graph":[{"@type":"WebPage","@id":"https:\/\/escort-technology.com\/de\/urzadzenia-ais-marki-simrad\/","url":"https:\/\/escort-technology.com\/de\/urzadzenia-ais-marki-simrad\/","name":"Urz\u0105dzenia AIS marki Simrad - ESCORT TECHNOLOGY","isPartOf":{"@id":"http:\/\/escort-technology.com\/de\/#website"},"datePublished":"2021-05-06T07:25:48+00:00","dateModified":"2022-09-06T13:22:50+00:00","breadcrumb":{"@id":"https:\/\/escort-technology.com\/de\/urzadzenia-ais-marki-simrad\/#breadcrumb"},"inLanguage":"en-US","potentialAction":[{"@type":"ReadAction","target":["https:\/\/escort-technology.com\/de\/urzadzenia-ais-marki-simrad\/"]}]},{"@type":"BreadcrumbList","@id":"https:\/\/escort-technology.com\/de\/urzadzenia-ais-marki-simrad\/#breadcrumb","itemListElement":[{"@type":"ListItem","position":1,"name":"Strona g\u0142\u00f3wna","item":"https:\/\/escort-technology.com\/"},{"@type":"ListItem","position":2,"name":"Urz\u0105dzenia AIS marki Simrad"}]},{"@type":"WebSite","@id":"http:\/\/escort-technology.com\/de\/#website","url":"http:\/\/escort-technology.com\/de\/","name":"ESCORT TECHNOLOGY","description":"Onshore and offshore electronics","publisher":{"@id":"http:\/\/escort-technology.com\/de\/#organization"},"potentialAction":[{"@type":"SearchAction","target":{"@type":"EntryPoint","urlTemplate":"http:\/\/escort-technology.com\/de\/?s={search_term_string}"},"query-input":{"@type":"PropertyValueSpecification","valueRequired":true,"valueName":"search_term_string"}}],"inLanguage":"en-US"},{"@type":"Organization","@id":"http:\/\/escort-technology.com\/de\/#organization","name":"ESCORT TECHNOLOGY","url":"http:\/\/escort-technology.com\/de\/","logo":{"@type":"ImageObject","inLanguage":"en-US","@id":"http:\/\/escort-technology.com\/de\/#\/schema\/logo\/image\/","url":"https:\/\/escort-technology.com\/wp-content\/uploads\/logo-1.jpg","contentUrl":"https:\/\/escort-technology.com\/wp-content\/uploads\/logo-1.jpg","width":600,"height":165,"caption":"ESCORT TECHNOLOGY"},"image":{"@id":"http:\/\/escort-technology.com\/de\/#\/schema\/logo\/image\/"},"sameAs":["https:\/\/www.facebook.com\/elektronika.morska\/","https:\/\/www.linkedin.com\/company\/escort-sp-z-o-o-\/"]}]}},"_links":{"self":[{"href":"https:\/\/escort-technology.com\/en\/wp-json\/wp\/v2\/pages\/9105","targetHints":{"allow":["GET"]}}],"collection":[{"href":"https:\/\/escort-technology.com\/en\/wp-json\/wp\/v2\/pages"}],"about":[{"href":"https:\/\/escort-technology.com\/en\/wp-json\/wp\/v2\/types\/page"}],"author":[{"embeddable":true,"href":"https:\/\/escort-technology.com\/en\/wp-json\/wp\/v2\/users\/10"}],"replies":[{"embeddable":true,"href":"https:\/\/escort-technology.com\/en\/wp-json\/wp\/v2\/comments?post=9105"}],"version-history":[{"count":24,"href":"https:\/\/escort-technology.com\/en\/wp-json\/wp\/v2\/pages\/9105\/revisions"}],"predecessor-version":[{"id":9153,"href":"https:\/\/escort-technology.com\/en\/wp-json\/wp\/v2\/pages\/9105\/revisions\/9153"}],"wp:attachment":[{"href":"https:\/\/escort-technology.com\/en\/wp-json\/wp\/v2\/media?parent=9105"}],"curies":[{"name":"wp","href":"https:\/\/api.w.org\/{rel}","templated":true}]}}