{"id":9147,"date":"2021-05-07T09:45:41","date_gmt":"2021-05-07T07:45:41","guid":{"rendered":"https:\/\/escort-technology.com\/?page_id=9147"},"modified":"2021-05-07T09:45:41","modified_gmt":"2021-05-07T07:45:41","slug":"transponder-ais-klasy-bsimrad-v3100","status":"publish","type":"page","link":"https:\/\/escort-technology.com\/en\/transponder-ais-klasy-bsimrad-v3100\/","title":{"rendered":"Transponder AIS klasy B+SIMRAD V3100"},"content":{"rendered":"<h1>\n<h1 class=\"uk-article-title\">Transponder AIS klasy B+SIMRAD V3100<\/h1>\n<\/h1>\n<hr>\n<div>\n<p><strong>Transponder AIS klasy B+ Simrad V3100 zawiera technologi\u0119 SOTDMA i zwi\u0119kszon\u0105 moc transmisji, aby poprawi\u0107 cz\u0119stotliwo\u015b\u0107, niezawodno\u015b\u0107 i zasi\u0119g transmisji w por\u00f3wnaniu do standardowego AIS klasy B. To rozwi\u0105zanie &#8222;czarnej skrzynki&#8221; integruje si\u0119 z wy\u015bwietlaczami Simrad. .<\/strong><\/p>\n<\/div>\n<ul>\n<li>\n<p>        <img decoding=\"async\" src=\"\/wp-content\/uploads\/2021\/05\/000_14380_001_V3100_LFT.png\" alt=\"\"><\/p>\n<\/li>\n<li>\n<p>        <img decoding=\"async\" src=\"\/wp-content\/uploads\/2021\/05\/000-14380-001_05.jpg\" alt=\"\"><\/p>\n<\/li>\n<li>\n<p>        <img decoding=\"async\" src=\"\/wp-content\/uploads\/2021\/05\/000-14380-001_04.jpg\" alt=\"\"><\/p>\n<\/li>\n<\/ul>\n<ul>\n<li>\n<h3>Szczeg\u00f3\u0142y produktu<\/h3>\n<div>\n<p><strong>Zwi\u0119kszona cz\u0119stotliwo\u015b\u0107 transmisji i niezawodno\u015b\u0107<\/strong><br \/>Transponder AIS\u00a0 klasy B SIMRAD V3100 wykorzystuje t\u0119 sam\u0105 technologi\u0119 SOTDMA, kt\u00f3r\u0105 mo\u017cna znale\u017a\u0107 w rozwi\u0105zaniach klasy A. Ta samoorganizuj\u0105ca si\u0119 technologia transmisji pozwala systemowi na negocjowanie regularnego czasu transmisji z innymi jednostkami AIS w zasi\u0119gu, u\u0142atwiaj\u0105c cz\u0119stsze i bardziej niezawodne aktualizacje pozycji w obszarach o du\u017cym nat\u0119\u017ceniu ruchu. V3100 przesy\u0142a aktualizacje, w oparciu o pr\u0119dko\u015b\u0107 statku, nawet raz na pi\u0119\u0107 sekund; zapewnia to do sze\u015bciu razy wi\u0119ksz\u0105 cz\u0119stotliwo\u015b\u0107 raportowania ni\u017c standardowy AIS klasy B.<\/p>\n<p><strong>Zwi\u0119kszony zasi\u0119g transmisji<\/strong><br \/>Model Simrad V3100 posiada maksymaln\u0105 moc nadawania 5 W, 2,5 razy wi\u0119ksz\u0105 ni\u017c standardowe rozwi\u0105zania AIS klasy B. Dzi\u0119ki temu statki wyposa\u017cone w V3100 mog\u0105 by\u0107 wykrywane przez AIS w wi\u0119kszym zasi\u0119gu i zapewniaj\u0105 bardziej niezawodn\u0105 transmisj\u0119 do satelitarnych odbiornik\u00f3w AIS.<\/p>\n<p><strong>Zintegrowane rozwi\u0105zanie &#8222;czarnej skrzynki&#8221;<\/strong><br \/>To rozwi\u0105zanie &#8222;czarnej skrzynki&#8221; AIS jest przeznaczone do pracy z wielofunkcyjnymi wy\u015bwietlaczami Simrad i inn\u0105 elektronik\u0105 morsk\u0105 pod\u0142\u0105czon\u0105 do NMEA 2000\u00ae lub NMEA 0183\u00ae. Wyj\u015bcie do standardowego komputera PC jest r\u00f3wnie\u017c obs\u0142ugiwane przez \u0142\u0105czno\u015b\u0107 USB. V3100 znajduje si\u0119 w kompaktowej, wodoodpornej obudowie IP67 i zawiera wbudowane gniazdo karty SD dla samodzielnego rejestrowania danych AIS.<\/p>\n<\/div>\n<\/li>\n<li>\n<h3>Cechy produktu<\/h3>\n<div>\n<ul>\n<li>Zwi\u0119kszona wydajno\u015b\u0107 w por\u00f3wnaniu do standardowej klasy B AIS<\/li>\n<li>Nadawanie na wi\u0119ksze odleg\u0142o\u015bci dzi\u0119ki mocy wyj\u015bciowej 5 W<\/li>\n<li>Cz\u0119stsze aktualizacje pozycji dzi\u0119ki SOTDMA<\/li>\n<li>Wi\u0119ksza niezawodno\u015b\u0107 transmisji w obszarach o du\u017cym nat\u0119\u017ceniu ruchu<\/li>\n<li>Zintegrowane rozwi\u0105zanie typu &#8222;czarna skrzynka&#8221;.<\/li>\n<li>\u0141\u0105czno\u015b\u0107 NMEA 2000\u00ae, podw\u00f3jne NMEA 0183\u00ae i USB<\/li>\n<li>Wodoodporna obudowa IP67<\/li>\n<li>Wbudowane gniazdo karty SD do rejestrowania danych AIS<\/li>\n<\/ul>\n<\/div>\n<\/li>\n<li>\n<h3>Zestaw zawiera:<\/h3>\n<div>\n<ul class=\"c-in-the-box__bullets\">\n<li class=\"c-in-the-box__item col-xs-12 col-sm-6 col-md-12\"><img decoding=\"async\" src=\"https:\/\/www.simrad-yachting.com\/globalassets\/inriver\/resources\/nais_500_gps.png?w=60&amp;h=40&amp;scale=both&amp;mode=crop\" \/><span class=\"c-in-the-box__name\">GPS-500: antena GPS\u00a0 do transpondera NAIS-500 <br \/><\/span><\/li>\n<li class=\"c-in-the-box__item col-xs-12 col-sm-6 col-md-12\"><span class=\"c-in-the-box__name\">V3100 kabel zasilaj\u0105cy <br \/><\/span><\/li>\n<li class=\"c-in-the-box__item col-xs-12 col-sm-6 col-md-12\"><span class=\"c-in-the-box__name\">V3100 kabel NMEA 0183 <br \/><\/span><\/li>\n<\/ul>\n<\/div>\n<\/li>\n<\/ul>\n<p><!--more--><br \/>\n<!-- {\"type\":\"layout\",\"children\":[{\"type\":\"section\",\"props\":{\"style\":\"default\",\"width\":\"default\",\"vertical_align\":\"middle\",\"title_position\":\"top-left\",\"title_rotation\":\"left\",\"title_breakpoint\":\"xl\",\"image_position\":\"center-center\"},\"children\":[{\"type\":\"row\",\"children\":[{\"type\":\"column\",\"props\":{\"image_position\":\"center-center\",\"media_overlay_gradient\":\"\"},\"children\":[{\"type\":\"headline\",\"props\":{\"title_element\":\"h1\",\"content\":\"\n\n<h1 class=\\\"uk-article-title\\\">Transponder AIS klasy B+SIMRAD V3100<\\\/h1>\"}},{\"type\":\"divider\",\"props\":{\"divider_element\":\"hr\"}}]}]}]},{\"type\":\"section\",\"props\":{\"style\":\"default\",\"width\":\"default\",\"vertical_align\":\"middle\",\"title_position\":\"top-left\",\"title_rotation\":\"left\",\"title_breakpoint\":\"xl\",\"image_position\":\"center-center\"},\"children\":[{\"type\":\"row\",\"props\":{\"layout\":\"1-2,1-2\"},\"children\":[{\"type\":\"column\",\"props\":{\"image_position\":\"center-center\",\"media_overlay_gradient\":\"\",\"width_medium\":\"1-2\"},\"children\":[{\"type\":\"text\",\"props\":{\"margin\":\"default\",\"column_breakpoint\":\"m\",\"content\":\"\n\n<p><strong>Transponder AIS klasy B+ Simrad V3100 zawiera technologi\\u0119 SOTDMA i zwi\\u0119kszon\\u0105 moc transmisji, aby poprawi\\u0107 cz\\u0119stotliwo\\u015b\\u0107, niezawodno\\u015b\\u0107 i zasi\\u0119g transmisji w por\\u00f3wnaniu do standardowego AIS klasy B. To rozwi\\u0105zanie \\\"czarnej skrzynki\\\" integruje si\\u0119 z wy\\u015bwietlaczami Simrad. .<\\\/strong><\\\/p>\"}}]},{\"type\":\"column\",\"props\":{\"image_position\":\"center-center\",\"media_overlay_gradient\":\"\",\"width_medium\":\"1-2\"},\"children\":[{\"type\":\"slideshow\",\"props\":{\"show_title\":true,\"show_meta\":true,\"show_content\":true,\"show_link\":true,\"show_thumbnail\":true,\"slideshow_min_height\":\"200\",\"slideshow_autoplay_pause\":true,\"nav\":\"dotnav\",\"nav_position\":\"bottom-center\",\"nav_position_margin\":\"medium\",\"nav_align\":\"center\",\"nav_breakpoint\":\"s\",\"thumbnav_width\":\"100\",\"thumbnav_height\":\"75\",\"thumbnav_svg_color\":\"emphasis\",\"slidenav\":\"default\",\"slidenav_margin\":\"medium\",\"slidenav_breakpoint\":\"s\",\"slidenav_outside_breakpoint\":\"xl\",\"overlay_position\":\"center-left\",\"overlay_animation\":\"parallax\",\"title_element\":\"h3\",\"meta_style\":\"meta\",\"meta_align\":\"below-title\",\"meta_element\":\"div\",\"link_text\":\"Read more\",\"link_style\":\"default\",\"margin\":\"default\",\"slideshow_max_height\":\"500\",\"slideshow_height\":\"\"},\"children\":[{\"type\":\"slideshow_item\",\"props\":{\"image\":\"wp-content\\\/uploads\\\/2021\\\/05\\\/000_14380_001_V3100_LFT.png\"}},{\"type\":\"slideshow_item\",\"props\":{\"image\":\"wp-content\\\/uploads\\\/2021\\\/05\\\/000-14380-001_05.jpg\"}},{\"type\":\"slideshow_item\",\"props\":{\"image\":\"wp-content\\\/uploads\\\/2021\\\/05\\\/000-14380-001_04.jpg\"}}]}]}]}]},{\"type\":\"section\",\"props\":{\"style\":\"default\",\"width\":\"default\",\"vertical_align\":\"middle\",\"title_position\":\"top-left\",\"title_rotation\":\"left\",\"title_breakpoint\":\"xl\",\"image_position\":\"center-center\"},\"children\":[{\"type\":\"row\",\"children\":[{\"type\":\"column\",\"props\":{\"image_position\":\"center-center\",\"media_overlay_gradient\":\"\"},\"children\":[{\"type\":\"switcher\",\"props\":{\"show_title\":true,\"show_meta\":true,\"show_content\":true,\"show_image\":true,\"show_link\":true,\"show_label\":true,\"show_thumbnail\":true,\"switcher_style\":\"tab\",\"switcher_thumbnail_svg_color\":\"emphasis\",\"switcher_position\":\"top\",\"switcher_align\":\"left\",\"switcher_grid_width\":\"auto\",\"switcher_grid_breakpoint\":\"m\",\"switcher_animation\":\"fade\",\"switcher_height\":true,\"title_element\":\"h3\",\"title_align\":\"top\",\"title_grid_width\":\"1-2\",\"title_grid_breakpoint\":\"m\",\"meta_style\":\"meta\",\"meta_align\":\"below-title\",\"meta_element\":\"div\",\"content_column_breakpoint\":\"m\",\"image_svg_color\":\"emphasis\",\"image_align\":\"top\",\"image_grid_width\":\"1-2\",\"image_grid_breakpoint\":\"m\",\"switcher_thumbnail_width\":\"100\",\"switcher_thumbnail_height\":\"75\",\"link_text\":\"Read more\",\"link_style\":\"default\",\"margin\":\"default\"},\"children\":[{\"type\":\"switcher_item\",\"props\":{\"title\":\"Szczeg\\u00f3\\u0142y produktu\",\"content\":\"\n\n<p><strong>Zwi\\u0119kszona cz\\u0119stotliwo\\u015b\\u0107 transmisji i niezawodno\\u015b\\u0107<\\\/strong><br \\\/>Transponder AIS\\u00a0 klasy B SIMRAD V3100 wykorzystuje t\\u0119 sam\\u0105 technologi\\u0119 SOTDMA, kt\\u00f3r\\u0105 mo\\u017cna znale\\u017a\\u0107 w rozwi\\u0105zaniach klasy A. Ta samoorganizuj\\u0105ca si\\u0119 technologia transmisji pozwala systemowi na negocjowanie regularnego czasu transmisji z innymi jednostkami AIS w zasi\\u0119gu, u\\u0142atwiaj\\u0105c cz\\u0119stsze i bardziej niezawodne aktualizacje pozycji w obszarach o du\\u017cym nat\\u0119\\u017ceniu ruchu. V3100 przesy\\u0142a aktualizacje, w oparciu o pr\\u0119dko\\u015b\\u0107 statku, nawet raz na pi\\u0119\\u0107 sekund; zapewnia to do sze\\u015bciu razy wi\\u0119ksz\\u0105 cz\\u0119stotliwo\\u015b\\u0107 raportowania ni\\u017c standardowy AIS klasy B.<\\\/p>\\n\n\n<p><strong>Zwi\\u0119kszony zasi\\u0119g transmisji<\\\/strong><br \\\/>Model Simrad V3100 posiada maksymaln\\u0105 moc nadawania 5 W, 2,5 razy wi\\u0119ksz\\u0105 ni\\u017c standardowe rozwi\\u0105zania AIS klasy B. Dzi\\u0119ki temu statki wyposa\\u017cone w V3100 mog\\u0105 by\\u0107 wykrywane przez AIS w wi\\u0119kszym zasi\\u0119gu i zapewniaj\\u0105 bardziej niezawodn\\u0105 transmisj\\u0119 do satelitarnych odbiornik\\u00f3w AIS.<\\\/p>\\n\n\n<p><strong>Zintegrowane rozwi\\u0105zanie \\\"czarnej skrzynki\\\"<\\\/strong><br \\\/>To rozwi\\u0105zanie \\\"czarnej skrzynki\\\" AIS jest przeznaczone do pracy z wielofunkcyjnymi wy\\u015bwietlaczami Simrad i inn\\u0105 elektronik\\u0105 morsk\\u0105 pod\\u0142\\u0105czon\\u0105 do NMEA 2000\\u00ae lub NMEA 0183\\u00ae. Wyj\\u015bcie do standardowego komputera PC jest r\\u00f3wnie\\u017c obs\\u0142ugiwane przez \\u0142\\u0105czno\\u015b\\u0107 USB. V3100 znajduje si\\u0119 w kompaktowej, wodoodpornej obudowie IP67 i zawiera wbudowane gniazdo karty SD dla samodzielnego rejestrowania danych AIS.<\\\/p>\"}},{\"type\":\"switcher_item\",\"props\":{\"title\":\"Cechy produktu\",\"content\":\"\n\n<ul>\\n\n\n<li>Zwi\\u0119kszona wydajno\\u015b\\u0107 w por\\u00f3wnaniu do standardowej klasy B AIS<\\\/li>\\n\n\n<li>Nadawanie na wi\\u0119ksze odleg\\u0142o\\u015bci dzi\\u0119ki mocy wyj\\u015bciowej 5 W<\\\/li>\\n\n\n<li>Cz\\u0119stsze aktualizacje pozycji dzi\\u0119ki SOTDMA<\\\/li>\\n\n\n<li>Wi\\u0119ksza niezawodno\\u015b\\u0107 transmisji w obszarach o du\\u017cym nat\\u0119\\u017ceniu ruchu<\\\/li>\\n\n\n<li>Zintegrowane rozwi\\u0105zanie typu \\\"czarna skrzynka\\\".<\\\/li>\\n\n\n<li>\\u0141\\u0105czno\\u015b\\u0107 NMEA 2000\\u00ae, podw\\u00f3jne NMEA 0183\\u00ae i USB<\\\/li>\\n\n\n<li>Wodoodporna obudowa IP67<\\\/li>\\n\n\n<li>Wbudowane gniazdo karty SD do rejestrowania danych AIS<\\\/li>\\n<\\\/ul>\"}},{\"type\":\"switcher_item\",\"props\":{\"title\":\"Zestaw zawiera:\",\"content\":\"\n\n<ul class=\\\"c-in-the-box__bullets\\\">\\n\n\n<li class=\\\"c-in-the-box__item col-xs-12 col-sm-6 col-md-12\\\"><img src=\\\"https:\\\/\\\/www.simrad-yachting.com\\\/globalassets\\\/inriver\\\/resources\\\/nais_500_gps.png?w=60&amp;h=40&amp;scale=both&amp;mode=crop\\\" \\\/><span class=\\\"c-in-the-box__name\\\">GPS-500: antena GPS\\u00a0 do transpondera NAIS-500 <br \\\/><\\\/span><\\\/li>\\n\n\n<li class=\\\"c-in-the-box__item col-xs-12 col-sm-6 col-md-12\\\"><span class=\\\"c-in-the-box__name\\\">V3100 kabel zasilaj\\u0105cy <br \\\/><\\\/span><\\\/li>\\n\n\n<li class=\\\"c-in-the-box__item col-xs-12 col-sm-6 col-md-12\\\"><span class=\\\"c-in-the-box__name\\\">V3100 kabel NMEA 0183 <br \\\/><\\\/span><\\\/li>\\n<\\\/ul>\"}}]}]}]}]}],\"version\":\"2.4.14\"} --><\/p>\n","protected":false},"excerpt":{"rendered":"<p>Transponder AIS klasy B+SIMRAD V3100 Transponder AIS klasy B+ Simrad V3100 zawiera technologi\u0119 SOTDMA i zwi\u0119kszon\u0105 moc transmisji, aby poprawi\u0107 cz\u0119stotliwo\u015b\u0107, niezawodno\u015b\u0107 i zasi\u0119g transmisji w por\u00f3wnaniu do standardowego AIS klasy B. To rozwi\u0105zanie &#8222;czarnej skrzynki&#8221; integruje si\u0119 z wy\u015bwietlaczami Simrad. . Szczeg\u00f3\u0142y produktu Zwi\u0119kszona cz\u0119stotliwo\u015b\u0107 transmisji i niezawodno\u015b\u0107Transponder AIS\u00a0 klasy B SIMRAD V3100 wykorzystuje [&hellip;]<\/p>\n","protected":false},"author":10,"featured_media":0,"parent":0,"menu_order":0,"comment_status":"closed","ping_status":"closed","template":"","meta":{"footnotes":""},"class_list":["post-9147","page","type-page","status-publish","hentry"],"yoast_head":"<!-- This site is optimized with the Yoast SEO plugin v27.5 - https:\/\/yoast.com\/product\/yoast-seo-wordpress\/ -->\n<title>Transponder AIS klasy B+SIMRAD V3100 - ESCORT TECHNOLOGY<\/title>\n<meta name=\"robots\" content=\"index, follow, max-snippet:-1, max-image-preview:large, max-video-preview:-1\" \/>\n<link rel=\"canonical\" href=\"http:\/\/escort-technology.com\/en\/de\/transponder-ais-klasy-bsimrad-v3100\/\" \/>\n<meta property=\"og:locale\" content=\"en_US\" \/>\n<meta property=\"og:type\" content=\"article\" \/>\n<meta property=\"og:title\" content=\"Transponder AIS klasy B+SIMRAD V3100 - ESCORT TECHNOLOGY\" \/>\n<meta property=\"og:description\" content=\"Transponder AIS klasy B+SIMRAD V3100 Transponder AIS klasy B+ Simrad V3100 zawiera technologi\u0119 SOTDMA i zwi\u0119kszon\u0105 moc transmisji, aby poprawi\u0107 cz\u0119stotliwo\u015b\u0107, niezawodno\u015b\u0107 i zasi\u0119g transmisji w por\u00f3wnaniu do standardowego AIS klasy B. To rozwi\u0105zanie &#8222;czarnej skrzynki&#8221; integruje si\u0119 z wy\u015bwietlaczami Simrad. . Szczeg\u00f3\u0142y produktu Zwi\u0119kszona cz\u0119stotliwo\u015b\u0107 transmisji i niezawodno\u015b\u0107Transponder AIS\u00a0 klasy B SIMRAD V3100 wykorzystuje [&hellip;]\" \/>\n<meta property=\"og:url\" content=\"http:\/\/escort-technology.com\/en\/de\/transponder-ais-klasy-bsimrad-v3100\/\" \/>\n<meta property=\"og:site_name\" content=\"ESCORT TECHNOLOGY\" \/>\n<meta property=\"article:publisher\" content=\"https:\/\/www.facebook.com\/elektronika.morska\/\" \/>\n<meta property=\"og:image\" content=\"https:\/\/escort-technology.com\/wp-content\/uploads\/2021\/05\/000_14380_001_V3100_LFT.png\" \/>\n<meta name=\"twitter:card\" content=\"summary_large_image\" \/>\n<meta name=\"twitter:label1\" content=\"Est. reading time\" \/>\n\t<meta name=\"twitter:data1\" content=\"2 minutes\" \/>\n<script type=\"application\/ld+json\" class=\"yoast-schema-graph\">{\"@context\":\"https:\\\/\\\/schema.org\",\"@graph\":[{\"@type\":\"WebPage\",\"@id\":\"http:\\\/\\\/escort-technology.com\\\/de\\\/transponder-ais-klasy-bsimrad-v3100\\\/\",\"url\":\"http:\\\/\\\/escort-technology.com\\\/de\\\/transponder-ais-klasy-bsimrad-v3100\\\/\",\"name\":\"Transponder AIS klasy B+SIMRAD V3100 - ESCORT TECHNOLOGY\",\"isPartOf\":{\"@id\":\"http:\\\/\\\/escort-technology.com\\\/de\\\/#website\"},\"primaryImageOfPage\":{\"@id\":\"http:\\\/\\\/escort-technology.com\\\/de\\\/transponder-ais-klasy-bsimrad-v3100\\\/#primaryimage\"},\"image\":{\"@id\":\"http:\\\/\\\/escort-technology.com\\\/de\\\/transponder-ais-klasy-bsimrad-v3100\\\/#primaryimage\"},\"thumbnailUrl\":\"https:\\\/\\\/www.simrad-yachting.com\\\/globalassets\\\/inriver\\\/resources\\\/nais_500_gps.png?w=60&amp;h=40&amp;scale=both&amp;mode=crop\",\"datePublished\":\"2021-05-07T07:45:41+00:00\",\"breadcrumb\":{\"@id\":\"http:\\\/\\\/escort-technology.com\\\/de\\\/transponder-ais-klasy-bsimrad-v3100\\\/#breadcrumb\"},\"inLanguage\":\"en-US\",\"potentialAction\":[{\"@type\":\"ReadAction\",\"target\":[\"http:\\\/\\\/escort-technology.com\\\/de\\\/transponder-ais-klasy-bsimrad-v3100\\\/\"]}]},{\"@type\":\"ImageObject\",\"inLanguage\":\"en-US\",\"@id\":\"http:\\\/\\\/escort-technology.com\\\/de\\\/transponder-ais-klasy-bsimrad-v3100\\\/#primaryimage\",\"url\":\"https:\\\/\\\/www.simrad-yachting.com\\\/globalassets\\\/inriver\\\/resources\\\/nais_500_gps.png?w=60&amp;h=40&amp;scale=both&amp;mode=crop\",\"contentUrl\":\"https:\\\/\\\/www.simrad-yachting.com\\\/globalassets\\\/inriver\\\/resources\\\/nais_500_gps.png?w=60&amp;h=40&amp;scale=both&amp;mode=crop\"},{\"@type\":\"BreadcrumbList\",\"@id\":\"http:\\\/\\\/escort-technology.com\\\/de\\\/transponder-ais-klasy-bsimrad-v3100\\\/#breadcrumb\",\"itemListElement\":[{\"@type\":\"ListItem\",\"position\":1,\"name\":\"Strona g\u0142\u00f3wna\",\"item\":\"https:\\\/\\\/escort-technology.com\\\/\"},{\"@type\":\"ListItem\",\"position\":2,\"name\":\"Transponder AIS klasy B+SIMRAD V3100\"}]},{\"@type\":\"WebSite\",\"@id\":\"http:\\\/\\\/escort-technology.com\\\/de\\\/#website\",\"url\":\"http:\\\/\\\/escort-technology.com\\\/de\\\/\",\"name\":\"ESCORT TECHNOLOGY\",\"description\":\"Elektronika morska i l\u0105dowa\",\"publisher\":{\"@id\":\"http:\\\/\\\/escort-technology.com\\\/de\\\/#organization\"},\"potentialAction\":[{\"@type\":\"SearchAction\",\"target\":{\"@type\":\"EntryPoint\",\"urlTemplate\":\"http:\\\/\\\/escort-technology.com\\\/de\\\/?s={search_term_string}\"},\"query-input\":{\"@type\":\"PropertyValueSpecification\",\"valueRequired\":true,\"valueName\":\"search_term_string\"}}],\"inLanguage\":\"en-US\"},{\"@type\":\"Organization\",\"@id\":\"http:\\\/\\\/escort-technology.com\\\/de\\\/#organization\",\"name\":\"ESCORT TECHNOLOGY\",\"url\":\"http:\\\/\\\/escort-technology.com\\\/de\\\/\",\"logo\":{\"@type\":\"ImageObject\",\"inLanguage\":\"en-US\",\"@id\":\"http:\\\/\\\/escort-technology.com\\\/de\\\/#\\\/schema\\\/logo\\\/image\\\/\",\"url\":\"https:\\\/\\\/escort-technology.com\\\/wp-content\\\/uploads\\\/logo-1.jpg\",\"contentUrl\":\"https:\\\/\\\/escort-technology.com\\\/wp-content\\\/uploads\\\/logo-1.jpg\",\"width\":600,\"height\":165,\"caption\":\"ESCORT TECHNOLOGY\"},\"image\":{\"@id\":\"http:\\\/\\\/escort-technology.com\\\/de\\\/#\\\/schema\\\/logo\\\/image\\\/\"},\"sameAs\":[\"https:\\\/\\\/www.facebook.com\\\/elektronika.morska\\\/\",\"https:\\\/\\\/www.linkedin.com\\\/company\\\/escort-sp-z-o-o-\\\/\"]}]}<\/script>\n<!-- \/ Yoast SEO plugin. -->","yoast_head_json":{"title":"Transponder AIS klasy B+SIMRAD V3100 - ESCORT TECHNOLOGY","robots":{"index":"index","follow":"follow","max-snippet":"max-snippet:-1","max-image-preview":"max-image-preview:large","max-video-preview":"max-video-preview:-1"},"canonical":"http:\/\/escort-technology.com\/en\/de\/transponder-ais-klasy-bsimrad-v3100\/","og_locale":"en_US","og_type":"article","og_title":"Transponder AIS klasy B+SIMRAD V3100 - ESCORT TECHNOLOGY","og_description":"Transponder AIS klasy B+SIMRAD V3100 Transponder AIS klasy B+ Simrad V3100 zawiera technologi\u0119 SOTDMA i zwi\u0119kszon\u0105 moc transmisji, aby poprawi\u0107 cz\u0119stotliwo\u015b\u0107, niezawodno\u015b\u0107 i zasi\u0119g transmisji w por\u00f3wnaniu do standardowego AIS klasy B. To rozwi\u0105zanie &#8222;czarnej skrzynki&#8221; integruje si\u0119 z wy\u015bwietlaczami Simrad. . Szczeg\u00f3\u0142y produktu Zwi\u0119kszona cz\u0119stotliwo\u015b\u0107 transmisji i niezawodno\u015b\u0107Transponder AIS\u00a0 klasy B SIMRAD V3100 wykorzystuje [&hellip;]","og_url":"http:\/\/escort-technology.com\/en\/de\/transponder-ais-klasy-bsimrad-v3100\/","og_site_name":"ESCORT TECHNOLOGY","article_publisher":"https:\/\/www.facebook.com\/elektronika.morska\/","og_image":[{"url":"https:\/\/escort-technology.com\/wp-content\/uploads\/2021\/05\/000_14380_001_V3100_LFT.png","type":"","width":"","height":""}],"twitter_card":"summary_large_image","twitter_misc":{"Est. reading time":"2 minutes"},"schema":{"@context":"https:\/\/schema.org","@graph":[{"@type":"WebPage","@id":"http:\/\/escort-technology.com\/de\/transponder-ais-klasy-bsimrad-v3100\/","url":"http:\/\/escort-technology.com\/de\/transponder-ais-klasy-bsimrad-v3100\/","name":"Transponder AIS klasy B+SIMRAD V3100 - ESCORT TECHNOLOGY","isPartOf":{"@id":"http:\/\/escort-technology.com\/de\/#website"},"primaryImageOfPage":{"@id":"http:\/\/escort-technology.com\/de\/transponder-ais-klasy-bsimrad-v3100\/#primaryimage"},"image":{"@id":"http:\/\/escort-technology.com\/de\/transponder-ais-klasy-bsimrad-v3100\/#primaryimage"},"thumbnailUrl":"https:\/\/www.simrad-yachting.com\/globalassets\/inriver\/resources\/nais_500_gps.png?w=60&amp;h=40&amp;scale=both&amp;mode=crop","datePublished":"2021-05-07T07:45:41+00:00","breadcrumb":{"@id":"http:\/\/escort-technology.com\/de\/transponder-ais-klasy-bsimrad-v3100\/#breadcrumb"},"inLanguage":"en-US","potentialAction":[{"@type":"ReadAction","target":["http:\/\/escort-technology.com\/de\/transponder-ais-klasy-bsimrad-v3100\/"]}]},{"@type":"ImageObject","inLanguage":"en-US","@id":"http:\/\/escort-technology.com\/de\/transponder-ais-klasy-bsimrad-v3100\/#primaryimage","url":"https:\/\/www.simrad-yachting.com\/globalassets\/inriver\/resources\/nais_500_gps.png?w=60&amp;h=40&amp;scale=both&amp;mode=crop","contentUrl":"https:\/\/www.simrad-yachting.com\/globalassets\/inriver\/resources\/nais_500_gps.png?w=60&amp;h=40&amp;scale=both&amp;mode=crop"},{"@type":"BreadcrumbList","@id":"http:\/\/escort-technology.com\/de\/transponder-ais-klasy-bsimrad-v3100\/#breadcrumb","itemListElement":[{"@type":"ListItem","position":1,"name":"Strona g\u0142\u00f3wna","item":"https:\/\/escort-technology.com\/"},{"@type":"ListItem","position":2,"name":"Transponder AIS klasy B+SIMRAD V3100"}]},{"@type":"WebSite","@id":"http:\/\/escort-technology.com\/de\/#website","url":"http:\/\/escort-technology.com\/de\/","name":"ESCORT TECHNOLOGY","description":"Onshore and offshore electronics","publisher":{"@id":"http:\/\/escort-technology.com\/de\/#organization"},"potentialAction":[{"@type":"SearchAction","target":{"@type":"EntryPoint","urlTemplate":"http:\/\/escort-technology.com\/de\/?s={search_term_string}"},"query-input":{"@type":"PropertyValueSpecification","valueRequired":true,"valueName":"search_term_string"}}],"inLanguage":"en-US"},{"@type":"Organization","@id":"http:\/\/escort-technology.com\/de\/#organization","name":"ESCORT TECHNOLOGY","url":"http:\/\/escort-technology.com\/de\/","logo":{"@type":"ImageObject","inLanguage":"en-US","@id":"http:\/\/escort-technology.com\/de\/#\/schema\/logo\/image\/","url":"https:\/\/escort-technology.com\/wp-content\/uploads\/logo-1.jpg","contentUrl":"https:\/\/escort-technology.com\/wp-content\/uploads\/logo-1.jpg","width":600,"height":165,"caption":"ESCORT TECHNOLOGY"},"image":{"@id":"http:\/\/escort-technology.com\/de\/#\/schema\/logo\/image\/"},"sameAs":["https:\/\/www.facebook.com\/elektronika.morska\/","https:\/\/www.linkedin.com\/company\/escort-sp-z-o-o-\/"]}]}},"_links":{"self":[{"href":"https:\/\/escort-technology.com\/en\/wp-json\/wp\/v2\/pages\/9147","targetHints":{"allow":["GET"]}}],"collection":[{"href":"https:\/\/escort-technology.com\/en\/wp-json\/wp\/v2\/pages"}],"about":[{"href":"https:\/\/escort-technology.com\/en\/wp-json\/wp\/v2\/types\/page"}],"author":[{"embeddable":true,"href":"https:\/\/escort-technology.com\/en\/wp-json\/wp\/v2\/users\/10"}],"replies":[{"embeddable":true,"href":"https:\/\/escort-technology.com\/en\/wp-json\/wp\/v2\/comments?post=9147"}],"version-history":[{"count":2,"href":"https:\/\/escort-technology.com\/en\/wp-json\/wp\/v2\/pages\/9147\/revisions"}],"predecessor-version":[{"id":9152,"href":"https:\/\/escort-technology.com\/en\/wp-json\/wp\/v2\/pages\/9147\/revisions\/9152"}],"wp:attachment":[{"href":"https:\/\/escort-technology.com\/en\/wp-json\/wp\/v2\/media?parent=9147"}],"curies":[{"name":"wp","href":"https:\/\/api.w.org\/{rel}","templated":true}]}}