{"id":9191,"date":"2021-05-13T12:55:44","date_gmt":"2021-05-13T10:55:44","guid":{"rendered":"https:\/\/escort-technology.com\/?page_id=9191"},"modified":"2021-05-13T12:55:44","modified_gmt":"2021-05-13T10:55:44","slug":"kamera-akustyczna-aris-defender-3000","status":"publish","type":"page","link":"https:\/\/escort-technology.com\/en\/kamera-akustyczna-aris-defender-3000\/","title":{"rendered":"Kamera akustyczna ARIS DEFENDER 3000"},"content":{"rendered":"<h1>\n<h1 class=\"uk-article-title\">Kamera akustyczna ARIS DEFENDER 3000<\/h1>\n<\/h1>\n<hr>\n<p><img decoding=\"async\" src=\"\/wp-content\/uploads\/2021\/05\/1-ARIS-Defender.jpg\" alt=\"\"><\/p>\n<div>\n<p>Cz\u0119stotliwo\u015b\u0107 identyfikacyjna: 3.0 MHz<\/p>\n<p>Cz\u0119stotliwo\u015b\u0107 wykrywania: 1,8 MHz<\/p>\n<p>G\u0142\u0119boko\u015b\u0107: 100 m<\/p>\n<\/div>\n<p>\n    <a href=\"http:\/\/www.soundmetrics.com\/Products\/ARIS-Sonars\/ARIS-Defender-3000\/015340_RevC_ARIS-Defender-3000_Brochure\">Karta katalogowa<\/a>\n<\/p>\n<div>\n<p>Z \u0142atwo\u015bci\u0105 uchwy\u0107 wysokiej jako\u015bci obrazy zbli\u017cone do wideo za pomoc\u0105 ARIS Defender 3000! Dzi\u0119ki prostej, jednor\u0119cznej obs\u0142udze, Defender z \u0142atwo\u015bci\u0105 dzia\u0142a w m\u0119tnej wodzie.<\/p>\n<p>Model Defender pozwala widzie\u0107 to, co widzi nurek w czasie rzeczywistym dzi\u0119ki zestawowi nadzoruj\u0105cemu! Co wi\u0119cej, narz\u0119dzia zawarte w tym zestawie z \u0142atwo\u015bci\u0105 przekszta\u0142caj\u0105 ten innowacyjny sonar w pe\u0142ni funkcjonalny ARIS Explorer 3000! Dotychczasowi klienci mog\u0105 r\u00f3wnie\u017c zdecydowa\u0107 si\u0119 na modernizacj\u0119 Explorera do Defendera. Ta rewolucyjna funkcja \u0142\u0105czy dwa niezawodne sonary w jeden dla najwy\u017cszej adaptacyjno\u015bci.<\/p>\n<\/div>\n<p><!--more--><br \/>\n<!-- {\"type\":\"layout\",\"children\":[{\"type\":\"section\",\"props\":{\"style\":\"default\",\"width\":\"default\",\"vertical_align\":\"middle\",\"title_position\":\"top-left\",\"title_rotation\":\"left\",\"title_breakpoint\":\"xl\",\"image_position\":\"center-center\"},\"children\":[{\"type\":\"row\",\"children\":[{\"type\":\"column\",\"props\":{\"image_position\":\"center-center\",\"media_overlay_gradient\":\"\"},\"children\":[{\"type\":\"headline\",\"props\":{\"title_element\":\"h1\",\"content\":\"\n\n<h1 class=\\\"uk-article-title\\\">Kamera akustyczna ARIS DEFENDER 3000<\\\/h1>\"}},{\"type\":\"divider\",\"props\":{\"divider_element\":\"hr\"}}]}]}]},{\"type\":\"section\",\"props\":{\"style\":\"default\",\"width\":\"default\",\"vertical_align\":\"middle\",\"title_position\":\"top-left\",\"title_rotation\":\"left\",\"title_breakpoint\":\"xl\",\"image_position\":\"center-center\"},\"children\":[{\"type\":\"row\",\"props\":{\"layout\":\"1-2,1-2\"},\"children\":[{\"type\":\"column\",\"props\":{\"image_position\":\"center-center\",\"media_overlay_gradient\":\"\",\"width_medium\":\"1-2\"},\"children\":[{\"type\":\"image\",\"props\":{\"margin\":\"default\",\"image_svg_color\":\"emphasis\",\"image\":\"wp-content\\\/uploads\\\/2021\\\/05\\\/1-ARIS-Defender.jpg\"}}]},{\"type\":\"column\",\"props\":{\"image_position\":\"center-center\",\"media_overlay_gradient\":\"\",\"width_medium\":\"1-2\"},\"children\":[{\"type\":\"text\",\"props\":{\"margin\":\"default\",\"column_breakpoint\":\"m\",\"content\":\"\n\n<p>Cz\\u0119stotliwo\\u015b\\u0107 identyfikacyjna: 3.0 MHz<\\\/p>\\n\n\n<p>Cz\\u0119stotliwo\\u015b\\u0107 wykrywania: 1,8 MHz<\\\/p>\\n\n\n<p>G\\u0142\\u0119boko\\u015b\\u0107: 100 m<\\\/p>\"}},{\"type\":\"button\",\"props\":{\"grid_column_gap\":\"small\",\"grid_row_gap\":\"small\",\"margin\":\"default\"},\"children\":[{\"type\":\"button_item\",\"props\":{\"button_style\":\"default\",\"icon_align\":\"left\",\"content\":\"Karta katalogowa\",\"link\":\"http:\\\/\\\/www.soundmetrics.com\\\/Products\\\/ARIS-Sonars\\\/ARIS-Defender-3000\\\/015340_RevC_ARIS-Defender-3000_Brochure\"}}]}]}]}]},{\"type\":\"section\",\"props\":{\"style\":\"default\",\"width\":\"default\",\"vertical_align\":\"middle\",\"title_position\":\"top-left\",\"title_rotation\":\"left\",\"title_breakpoint\":\"xl\",\"image_position\":\"center-center\"},\"children\":[{\"type\":\"row\",\"children\":[{\"type\":\"column\",\"props\":{\"image_position\":\"center-center\",\"media_overlay_gradient\":\"\"},\"children\":[{\"type\":\"text\",\"props\":{\"margin\":\"default\",\"column_breakpoint\":\"m\",\"content\":\"\n\n<p>Z \\u0142atwo\\u015bci\\u0105 uchwy\\u0107 wysokiej jako\\u015bci obrazy zbli\\u017cone do wideo za pomoc\\u0105 ARIS Defender 3000! Dzi\\u0119ki prostej, jednor\\u0119cznej obs\\u0142udze, Defender z \\u0142atwo\\u015bci\\u0105 dzia\\u0142a w m\\u0119tnej wodzie.<br \\\/><br \\\/>Model Defender pozwala widzie\\u0107 to, co widzi nurek w czasie rzeczywistym dzi\\u0119ki zestawowi nadzoruj\\u0105cemu! Co wi\\u0119cej, narz\\u0119dzia zawarte w tym zestawie z \\u0142atwo\\u015bci\\u0105 przekszta\\u0142caj\\u0105 ten innowacyjny sonar w pe\\u0142ni funkcjonalny ARIS Explorer 3000! Dotychczasowi klienci mog\\u0105 r\\u00f3wnie\\u017c zdecydowa\\u0107 si\\u0119 na modernizacj\\u0119 Explorera do Defendera. Ta rewolucyjna funkcja \\u0142\\u0105czy dwa niezawodne sonary w jeden dla najwy\\u017cszej adaptacyjno\\u015bci.<\\\/p>\"}}]}]}]}],\"version\":\"2.4.14\"} --><\/p>\n","protected":false},"excerpt":{"rendered":"<p>Kamera akustyczna ARIS DEFENDER 3000 Cz\u0119stotliwo\u015b\u0107 identyfikacyjna: 3.0 MHz Cz\u0119stotliwo\u015b\u0107 wykrywania: 1,8 MHz G\u0142\u0119boko\u015b\u0107: 100 m Karta katalogowa Z \u0142atwo\u015bci\u0105 uchwy\u0107 wysokiej jako\u015bci obrazy zbli\u017cone do wideo za pomoc\u0105 ARIS Defender 3000! Dzi\u0119ki prostej, jednor\u0119cznej obs\u0142udze, Defender z \u0142atwo\u015bci\u0105 dzia\u0142a w m\u0119tnej wodzie. Model Defender pozwala widzie\u0107 to, co widzi nurek w czasie rzeczywistym dzi\u0119ki [&hellip;]<\/p>\n","protected":false},"author":10,"featured_media":0,"parent":0,"menu_order":0,"comment_status":"closed","ping_status":"closed","template":"","meta":{"footnotes":""},"class_list":["post-9191","page","type-page","status-publish","hentry"],"yoast_head":"<!-- This site is optimized with the Yoast SEO plugin v27.5 - https:\/\/yoast.com\/product\/yoast-seo-wordpress\/ -->\n<title>Kamera akustyczna ARIS DEFENDER 3000 - ESCORT TECHNOLOGY<\/title>\n<meta name=\"robots\" content=\"index, follow, max-snippet:-1, max-image-preview:large, max-video-preview:-1\" \/>\n<link rel=\"canonical\" href=\"https:\/\/escort-technology.com\/en\/kamera-akustyczna-aris-defender-3000\/\" \/>\n<meta property=\"og:locale\" content=\"en_US\" \/>\n<meta property=\"og:type\" content=\"article\" \/>\n<meta property=\"og:title\" content=\"Kamera akustyczna ARIS DEFENDER 3000 - ESCORT TECHNOLOGY\" \/>\n<meta property=\"og:description\" content=\"Kamera akustyczna ARIS DEFENDER 3000 Cz\u0119stotliwo\u015b\u0107 identyfikacyjna: 3.0 MHz Cz\u0119stotliwo\u015b\u0107 wykrywania: 1,8 MHz G\u0142\u0119boko\u015b\u0107: 100 m Karta katalogowa Z \u0142atwo\u015bci\u0105 uchwy\u0107 wysokiej jako\u015bci obrazy zbli\u017cone do wideo za pomoc\u0105 ARIS Defender 3000! Dzi\u0119ki prostej, jednor\u0119cznej obs\u0142udze, Defender z \u0142atwo\u015bci\u0105 dzia\u0142a w m\u0119tnej wodzie. Model Defender pozwala widzie\u0107 to, co widzi nurek w czasie rzeczywistym dzi\u0119ki [&hellip;]\" \/>\n<meta property=\"og:url\" content=\"https:\/\/escort-technology.com\/en\/kamera-akustyczna-aris-defender-3000\/\" \/>\n<meta property=\"og:site_name\" content=\"ESCORT TECHNOLOGY\" \/>\n<meta property=\"article:publisher\" content=\"https:\/\/www.facebook.com\/elektronika.morska\/\" \/>\n<meta property=\"og:image\" content=\"https:\/\/escort-technology.com\/wp-content\/uploads\/2021\/05\/1-ARIS-Defender.jpg\" \/>\n<meta name=\"twitter:card\" content=\"summary_large_image\" \/>\n<meta name=\"twitter:label1\" content=\"Est. reading time\" \/>\n\t<meta name=\"twitter:data1\" content=\"1 minute\" \/>\n<script type=\"application\/ld+json\" class=\"yoast-schema-graph\">{\"@context\":\"https:\\\/\\\/schema.org\",\"@graph\":[{\"@type\":\"WebPage\",\"@id\":\"https:\\\/\\\/escort-technology.com\\\/en\\\/kamera-akustyczna-aris-defender-3000\\\/\",\"url\":\"https:\\\/\\\/escort-technology.com\\\/en\\\/kamera-akustyczna-aris-defender-3000\\\/\",\"name\":\"Kamera akustyczna ARIS DEFENDER 3000 - ESCORT TECHNOLOGY\",\"isPartOf\":{\"@id\":\"http:\\\/\\\/escort-technology.com\\\/de\\\/#website\"},\"datePublished\":\"2021-05-13T10:55:44+00:00\",\"breadcrumb\":{\"@id\":\"https:\\\/\\\/escort-technology.com\\\/en\\\/kamera-akustyczna-aris-defender-3000\\\/#breadcrumb\"},\"inLanguage\":\"en-US\",\"potentialAction\":[{\"@type\":\"ReadAction\",\"target\":[\"https:\\\/\\\/escort-technology.com\\\/en\\\/kamera-akustyczna-aris-defender-3000\\\/\"]}]},{\"@type\":\"BreadcrumbList\",\"@id\":\"https:\\\/\\\/escort-technology.com\\\/en\\\/kamera-akustyczna-aris-defender-3000\\\/#breadcrumb\",\"itemListElement\":[{\"@type\":\"ListItem\",\"position\":1,\"name\":\"Strona g\u0142\u00f3wna\",\"item\":\"https:\\\/\\\/escort-technology.com\\\/\"},{\"@type\":\"ListItem\",\"position\":2,\"name\":\"Kamera akustyczna ARIS DEFENDER 3000\"}]},{\"@type\":\"WebSite\",\"@id\":\"http:\\\/\\\/escort-technology.com\\\/de\\\/#website\",\"url\":\"http:\\\/\\\/escort-technology.com\\\/de\\\/\",\"name\":\"ESCORT TECHNOLOGY\",\"description\":\"Elektronika morska i l\u0105dowa\",\"publisher\":{\"@id\":\"http:\\\/\\\/escort-technology.com\\\/de\\\/#organization\"},\"potentialAction\":[{\"@type\":\"SearchAction\",\"target\":{\"@type\":\"EntryPoint\",\"urlTemplate\":\"http:\\\/\\\/escort-technology.com\\\/de\\\/?s={search_term_string}\"},\"query-input\":{\"@type\":\"PropertyValueSpecification\",\"valueRequired\":true,\"valueName\":\"search_term_string\"}}],\"inLanguage\":\"en-US\"},{\"@type\":\"Organization\",\"@id\":\"http:\\\/\\\/escort-technology.com\\\/de\\\/#organization\",\"name\":\"ESCORT TECHNOLOGY\",\"url\":\"http:\\\/\\\/escort-technology.com\\\/de\\\/\",\"logo\":{\"@type\":\"ImageObject\",\"inLanguage\":\"en-US\",\"@id\":\"http:\\\/\\\/escort-technology.com\\\/de\\\/#\\\/schema\\\/logo\\\/image\\\/\",\"url\":\"https:\\\/\\\/escort-technology.com\\\/wp-content\\\/uploads\\\/logo-1.jpg\",\"contentUrl\":\"https:\\\/\\\/escort-technology.com\\\/wp-content\\\/uploads\\\/logo-1.jpg\",\"width\":600,\"height\":165,\"caption\":\"ESCORT TECHNOLOGY\"},\"image\":{\"@id\":\"http:\\\/\\\/escort-technology.com\\\/de\\\/#\\\/schema\\\/logo\\\/image\\\/\"},\"sameAs\":[\"https:\\\/\\\/www.facebook.com\\\/elektronika.morska\\\/\",\"https:\\\/\\\/www.linkedin.com\\\/company\\\/escort-sp-z-o-o-\\\/\"]}]}<\/script>\n<!-- \/ Yoast SEO plugin. -->","yoast_head_json":{"title":"Kamera akustyczna ARIS DEFENDER 3000 - ESCORT TECHNOLOGY","robots":{"index":"index","follow":"follow","max-snippet":"max-snippet:-1","max-image-preview":"max-image-preview:large","max-video-preview":"max-video-preview:-1"},"canonical":"https:\/\/escort-technology.com\/en\/kamera-akustyczna-aris-defender-3000\/","og_locale":"en_US","og_type":"article","og_title":"Kamera akustyczna ARIS DEFENDER 3000 - ESCORT TECHNOLOGY","og_description":"Kamera akustyczna ARIS DEFENDER 3000 Cz\u0119stotliwo\u015b\u0107 identyfikacyjna: 3.0 MHz Cz\u0119stotliwo\u015b\u0107 wykrywania: 1,8 MHz G\u0142\u0119boko\u015b\u0107: 100 m Karta katalogowa Z \u0142atwo\u015bci\u0105 uchwy\u0107 wysokiej jako\u015bci obrazy zbli\u017cone do wideo za pomoc\u0105 ARIS Defender 3000! Dzi\u0119ki prostej, jednor\u0119cznej obs\u0142udze, Defender z \u0142atwo\u015bci\u0105 dzia\u0142a w m\u0119tnej wodzie. Model Defender pozwala widzie\u0107 to, co widzi nurek w czasie rzeczywistym dzi\u0119ki [&hellip;]","og_url":"https:\/\/escort-technology.com\/en\/kamera-akustyczna-aris-defender-3000\/","og_site_name":"ESCORT TECHNOLOGY","article_publisher":"https:\/\/www.facebook.com\/elektronika.morska\/","og_image":[{"url":"https:\/\/escort-technology.com\/wp-content\/uploads\/2021\/05\/1-ARIS-Defender.jpg","type":"","width":"","height":""}],"twitter_card":"summary_large_image","twitter_misc":{"Est. reading time":"1 minute"},"schema":{"@context":"https:\/\/schema.org","@graph":[{"@type":"WebPage","@id":"https:\/\/escort-technology.com\/en\/kamera-akustyczna-aris-defender-3000\/","url":"https:\/\/escort-technology.com\/en\/kamera-akustyczna-aris-defender-3000\/","name":"Kamera akustyczna ARIS DEFENDER 3000 - ESCORT TECHNOLOGY","isPartOf":{"@id":"http:\/\/escort-technology.com\/de\/#website"},"datePublished":"2021-05-13T10:55:44+00:00","breadcrumb":{"@id":"https:\/\/escort-technology.com\/en\/kamera-akustyczna-aris-defender-3000\/#breadcrumb"},"inLanguage":"en-US","potentialAction":[{"@type":"ReadAction","target":["https:\/\/escort-technology.com\/en\/kamera-akustyczna-aris-defender-3000\/"]}]},{"@type":"BreadcrumbList","@id":"https:\/\/escort-technology.com\/en\/kamera-akustyczna-aris-defender-3000\/#breadcrumb","itemListElement":[{"@type":"ListItem","position":1,"name":"Strona g\u0142\u00f3wna","item":"https:\/\/escort-technology.com\/"},{"@type":"ListItem","position":2,"name":"Kamera akustyczna ARIS DEFENDER 3000"}]},{"@type":"WebSite","@id":"http:\/\/escort-technology.com\/de\/#website","url":"http:\/\/escort-technology.com\/de\/","name":"ESCORT TECHNOLOGY","description":"Onshore and offshore electronics","publisher":{"@id":"http:\/\/escort-technology.com\/de\/#organization"},"potentialAction":[{"@type":"SearchAction","target":{"@type":"EntryPoint","urlTemplate":"http:\/\/escort-technology.com\/de\/?s={search_term_string}"},"query-input":{"@type":"PropertyValueSpecification","valueRequired":true,"valueName":"search_term_string"}}],"inLanguage":"en-US"},{"@type":"Organization","@id":"http:\/\/escort-technology.com\/de\/#organization","name":"ESCORT TECHNOLOGY","url":"http:\/\/escort-technology.com\/de\/","logo":{"@type":"ImageObject","inLanguage":"en-US","@id":"http:\/\/escort-technology.com\/de\/#\/schema\/logo\/image\/","url":"https:\/\/escort-technology.com\/wp-content\/uploads\/logo-1.jpg","contentUrl":"https:\/\/escort-technology.com\/wp-content\/uploads\/logo-1.jpg","width":600,"height":165,"caption":"ESCORT TECHNOLOGY"},"image":{"@id":"http:\/\/escort-technology.com\/de\/#\/schema\/logo\/image\/"},"sameAs":["https:\/\/www.facebook.com\/elektronika.morska\/","https:\/\/www.linkedin.com\/company\/escort-sp-z-o-o-\/"]}]}},"_links":{"self":[{"href":"https:\/\/escort-technology.com\/en\/wp-json\/wp\/v2\/pages\/9191","targetHints":{"allow":["GET"]}}],"collection":[{"href":"https:\/\/escort-technology.com\/en\/wp-json\/wp\/v2\/pages"}],"about":[{"href":"https:\/\/escort-technology.com\/en\/wp-json\/wp\/v2\/types\/page"}],"author":[{"embeddable":true,"href":"https:\/\/escort-technology.com\/en\/wp-json\/wp\/v2\/users\/10"}],"replies":[{"embeddable":true,"href":"https:\/\/escort-technology.com\/en\/wp-json\/wp\/v2\/comments?post=9191"}],"version-history":[{"count":3,"href":"https:\/\/escort-technology.com\/en\/wp-json\/wp\/v2\/pages\/9191\/revisions"}],"predecessor-version":[{"id":9197,"href":"https:\/\/escort-technology.com\/en\/wp-json\/wp\/v2\/pages\/9191\/revisions\/9197"}],"wp:attachment":[{"href":"https:\/\/escort-technology.com\/en\/wp-json\/wp\/v2\/media?parent=9191"}],"curies":[{"name":"wp","href":"https:\/\/api.w.org\/{rel}","templated":true}]}}