{"id":9206,"date":"2021-05-14T09:52:18","date_gmt":"2021-05-14T07:52:18","guid":{"rendered":"https:\/\/escort-technology.com\/?page_id=9206"},"modified":"2021-05-14T09:56:10","modified_gmt":"2021-05-14T07:56:10","slug":"kamera-akustyczna-aris-explorer-3000","status":"publish","type":"page","link":"https:\/\/escort-technology.com\/en\/kamera-akustyczna-aris-explorer-3000\/","title":{"rendered":"Kamera akustyczna ARIS EXPLORER 3000"},"content":{"rendered":"<h1>\n<h1 class=\"uk-article-title\">Kamera akustyczna ARIS EXPLORER 3000<\/h1>\n<\/h1>\n<hr>\n<p><img decoding=\"async\" src=\"\/wp-content\/uploads\/2021\/05\/1-ARIS-3000.jpg\" alt=\"\"><\/p>\n<div>\n<p>Cz\u0119stotliwo\u015b\u0107 identyfikacji: \u00a03.0 MHz<\/p>\n<p>Cz\u0119stotliwo\u015b\u0107 detekcji: \u00a01.8 MHz<\/p>\n<p>Zakres pracy: \u00a0300m<\/p>\n<\/div>\n<p>\n    <a href=\"http:\/\/www.soundmetrics.com\/Products\/ARIS-Sonars\/ARIS-Explorer-3000\/015335_RevD_ARIS-Explorer-3000_Brochure\">Karta katalogowa <\/a>\n<\/p>\n<div>\n<p>Dzi\u0119ki 128 wi\u0105zkom pracuj\u0105cym z cz\u0119stotliwo\u015bci\u0105 3MHz, ARIS Explorer 3000 zbiera wi\u0119cej danych ni\u017c jakikolwiek inny sonar obrazuj\u0105cy w swojej klasie. U\u017cytkownicy otrzymuj\u0105 niezr\u00f3wnan\u0105 klarowno\u015b\u0107 obrazu, nawet w m\u0119tnych wodach. Dla zastosowa\u0144 o wi\u0119kszym zasi\u0119gu dost\u0119pne s\u0105 modele Explorer 1800 i 1200.<\/p>\n<p>Ca\u0142a linia ARIS zosta\u0142a zbudowana tak, aby sprawdza\u0107 si\u0119 w najtrudniejszych sytuacjach. Mniejsze rozmiary, nowo opracowane oprogramowanie i bardziej efektywne wykorzystanie energii sprawiaj\u0105, \u017ce rodzina ARIS Explorer jest idealna do integracji z robotami podwodnymi. ARIS Explorer 3000 pracuje w warunkach zerowej widoczno\u015bci i dzia\u0142a na wodach od Arktyki po r\u00f3wnik.<\/p>\n<\/div>\n<p><!--more--><br \/>\n<!-- {\"type\":\"layout\",\"children\":[{\"type\":\"section\",\"props\":{\"style\":\"default\",\"width\":\"default\",\"vertical_align\":\"middle\",\"title_position\":\"top-left\",\"title_rotation\":\"left\",\"title_breakpoint\":\"xl\",\"image_position\":\"center-center\"},\"children\":[{\"type\":\"row\",\"children\":[{\"type\":\"column\",\"props\":{\"image_position\":\"center-center\",\"media_overlay_gradient\":\"\"},\"children\":[{\"type\":\"headline\",\"props\":{\"title_element\":\"h1\",\"content\":\"\n\n<h1 class=\\\"uk-article-title\\\">Kamera akustyczna ARIS EXPLORER 3000<\\\/h1>\"}},{\"type\":\"divider\",\"props\":{\"divider_element\":\"hr\"}}]}]}]},{\"type\":\"section\",\"props\":{\"style\":\"default\",\"width\":\"default\",\"vertical_align\":\"middle\",\"title_position\":\"top-left\",\"title_rotation\":\"left\",\"title_breakpoint\":\"xl\",\"image_position\":\"center-center\"},\"children\":[{\"type\":\"row\",\"props\":{\"layout\":\"1-2,1-2\"},\"children\":[{\"type\":\"column\",\"props\":{\"image_position\":\"center-center\",\"media_overlay_gradient\":\"\",\"width_medium\":\"1-2\"},\"children\":[{\"type\":\"image\",\"props\":{\"margin\":\"default\",\"image_svg_color\":\"emphasis\",\"image\":\"wp-content\\\/uploads\\\/2021\\\/05\\\/1-ARIS-3000.jpg\"}}]},{\"type\":\"column\",\"props\":{\"image_position\":\"center-center\",\"media_overlay_gradient\":\"\",\"width_medium\":\"1-2\"},\"children\":[{\"type\":\"text\",\"props\":{\"margin\":\"default\",\"column_breakpoint\":\"m\",\"content\":\"\n\n<p>Cz\\u0119stotliwo\\u015b\\u0107 identyfikacji: \\u00a03.0 MHz<\\\/p>\\n\n\n<p>Cz\\u0119stotliwo\\u015b\\u0107 detekcji: \\u00a01.8 MHz<\\\/p>\\n\n\n<p>Zakres pracy: \\u00a0300m<\\\/p>\"}},{\"type\":\"button\",\"props\":{\"grid_column_gap\":\"small\",\"grid_row_gap\":\"small\",\"margin\":\"default\"},\"children\":[{\"type\":\"button_item\",\"props\":{\"button_style\":\"default\",\"icon_align\":\"left\",\"content\":\"Karta katalogowa \",\"link\":\"http:\\\/\\\/www.soundmetrics.com\\\/Products\\\/ARIS-Sonars\\\/ARIS-Explorer-3000\\\/015335_RevD_ARIS-Explorer-3000_Brochure\"}}]}]}]}]},{\"type\":\"section\",\"props\":{\"style\":\"default\",\"width\":\"default\",\"vertical_align\":\"middle\",\"title_position\":\"top-left\",\"title_rotation\":\"left\",\"title_breakpoint\":\"xl\",\"image_position\":\"center-center\"},\"children\":[{\"type\":\"row\",\"children\":[{\"type\":\"column\",\"props\":{\"image_position\":\"center-center\",\"media_overlay_gradient\":\"\"},\"children\":[{\"type\":\"text\",\"props\":{\"margin\":\"default\",\"column_breakpoint\":\"m\",\"content\":\"\n\n<p>Dzi\\u0119ki 128 wi\\u0105zkom pracuj\\u0105cym z cz\\u0119stotliwo\\u015bci\\u0105 3MHz, ARIS Explorer 3000 zbiera wi\\u0119cej danych ni\\u017c jakikolwiek inny sonar obrazuj\\u0105cy w swojej klasie. U\\u017cytkownicy otrzymuj\\u0105 niezr\\u00f3wnan\\u0105 klarowno\\u015b\\u0107 obrazu, nawet w m\\u0119tnych wodach. Dla zastosowa\\u0144 o wi\\u0119kszym zasi\\u0119gu dost\\u0119pne s\\u0105 modele Explorer 1800 i 1200.<\\\/p>\\n\n\n<p>Ca\\u0142a linia ARIS zosta\\u0142a zbudowana tak, aby sprawdza\\u0107 si\\u0119 w najtrudniejszych sytuacjach. Mniejsze rozmiary, nowo opracowane oprogramowanie i bardziej efektywne wykorzystanie energii sprawiaj\\u0105, \\u017ce rodzina ARIS Explorer jest idealna do integracji z robotami podwodnymi. ARIS Explorer 3000 pracuje w warunkach zerowej widoczno\\u015bci i dzia\\u0142a na wodach od Arktyki po r\\u00f3wnik.<\\\/p>\"}}]}]}]}],\"version\":\"2.4.14\"} --><\/p>\n","protected":false},"excerpt":{"rendered":"<p>Kamera akustyczna ARIS EXPLORER 3000 Cz\u0119stotliwo\u015b\u0107 identyfikacji: \u00a03.0 MHz Cz\u0119stotliwo\u015b\u0107 detekcji: \u00a01.8 MHz Zakres pracy: \u00a0300m Karta katalogowa Dzi\u0119ki 128 wi\u0105zkom pracuj\u0105cym z cz\u0119stotliwo\u015bci\u0105 3MHz, ARIS Explorer 3000 zbiera wi\u0119cej danych ni\u017c jakikolwiek inny sonar obrazuj\u0105cy w swojej klasie. U\u017cytkownicy otrzymuj\u0105 niezr\u00f3wnan\u0105 klarowno\u015b\u0107 obrazu, nawet w m\u0119tnych wodach. Dla zastosowa\u0144 o wi\u0119kszym zasi\u0119gu dost\u0119pne s\u0105 [&hellip;]<\/p>\n","protected":false},"author":10,"featured_media":0,"parent":0,"menu_order":0,"comment_status":"closed","ping_status":"closed","template":"","meta":{"footnotes":""},"class_list":["post-9206","page","type-page","status-publish","hentry"],"yoast_head":"<!-- This site is optimized with the Yoast SEO plugin v27.5 - https:\/\/yoast.com\/product\/yoast-seo-wordpress\/ -->\n<title>Kamera akustyczna ARIS EXPLORER 3000 - ESCORT TECHNOLOGY<\/title>\n<meta name=\"robots\" content=\"index, follow, max-snippet:-1, max-image-preview:large, max-video-preview:-1\" \/>\n<link rel=\"canonical\" href=\"https:\/\/escort-technology.com\/en\/kamera-akustyczna-aris-explorer-3000\/\" \/>\n<meta property=\"og:locale\" content=\"en_US\" \/>\n<meta property=\"og:type\" content=\"article\" \/>\n<meta property=\"og:title\" content=\"Kamera akustyczna ARIS EXPLORER 3000 - ESCORT TECHNOLOGY\" \/>\n<meta property=\"og:description\" content=\"Kamera akustyczna ARIS EXPLORER 3000 Cz\u0119stotliwo\u015b\u0107 identyfikacji: \u00a03.0 MHz Cz\u0119stotliwo\u015b\u0107 detekcji: \u00a01.8 MHz Zakres pracy: \u00a0300m Karta katalogowa Dzi\u0119ki 128 wi\u0105zkom pracuj\u0105cym z cz\u0119stotliwo\u015bci\u0105 3MHz, ARIS Explorer 3000 zbiera wi\u0119cej danych ni\u017c jakikolwiek inny sonar obrazuj\u0105cy w swojej klasie. U\u017cytkownicy otrzymuj\u0105 niezr\u00f3wnan\u0105 klarowno\u015b\u0107 obrazu, nawet w m\u0119tnych wodach. Dla zastosowa\u0144 o wi\u0119kszym zasi\u0119gu dost\u0119pne s\u0105 [&hellip;]\" \/>\n<meta property=\"og:url\" content=\"https:\/\/escort-technology.com\/en\/kamera-akustyczna-aris-explorer-3000\/\" \/>\n<meta property=\"og:site_name\" content=\"ESCORT TECHNOLOGY\" \/>\n<meta property=\"article:publisher\" content=\"https:\/\/www.facebook.com\/elektronika.morska\/\" \/>\n<meta property=\"article:modified_time\" content=\"2021-05-14T07:56:10+00:00\" \/>\n<meta property=\"og:image\" content=\"https:\/\/escort-technology.com\/wp-content\/uploads\/2021\/05\/1-ARIS-3000.jpg\" \/>\n<meta name=\"twitter:card\" content=\"summary_large_image\" \/>\n<meta name=\"twitter:label1\" content=\"Est. reading time\" \/>\n\t<meta name=\"twitter:data1\" content=\"1 minute\" \/>\n<script type=\"application\/ld+json\" class=\"yoast-schema-graph\">{\"@context\":\"https:\\\/\\\/schema.org\",\"@graph\":[{\"@type\":\"WebPage\",\"@id\":\"https:\\\/\\\/escort-technology.com\\\/pl\\\/kamera-akustyczna-aris-explorer-3000\\\/\",\"url\":\"https:\\\/\\\/escort-technology.com\\\/pl\\\/kamera-akustyczna-aris-explorer-3000\\\/\",\"name\":\"Kamera akustyczna ARIS EXPLORER 3000 - ESCORT TECHNOLOGY\",\"isPartOf\":{\"@id\":\"http:\\\/\\\/escort-technology.com\\\/de\\\/#website\"},\"datePublished\":\"2021-05-14T07:52:18+00:00\",\"dateModified\":\"2021-05-14T07:56:10+00:00\",\"breadcrumb\":{\"@id\":\"https:\\\/\\\/escort-technology.com\\\/pl\\\/kamera-akustyczna-aris-explorer-3000\\\/#breadcrumb\"},\"inLanguage\":\"en-US\",\"potentialAction\":[{\"@type\":\"ReadAction\",\"target\":[\"https:\\\/\\\/escort-technology.com\\\/pl\\\/kamera-akustyczna-aris-explorer-3000\\\/\"]}]},{\"@type\":\"BreadcrumbList\",\"@id\":\"https:\\\/\\\/escort-technology.com\\\/pl\\\/kamera-akustyczna-aris-explorer-3000\\\/#breadcrumb\",\"itemListElement\":[{\"@type\":\"ListItem\",\"position\":1,\"name\":\"Strona g\u0142\u00f3wna\",\"item\":\"https:\\\/\\\/escort-technology.com\\\/\"},{\"@type\":\"ListItem\",\"position\":2,\"name\":\"Kamera akustyczna ARIS EXPLORER 3000\"}]},{\"@type\":\"WebSite\",\"@id\":\"http:\\\/\\\/escort-technology.com\\\/de\\\/#website\",\"url\":\"http:\\\/\\\/escort-technology.com\\\/de\\\/\",\"name\":\"ESCORT TECHNOLOGY\",\"description\":\"Elektronika morska i l\u0105dowa\",\"publisher\":{\"@id\":\"http:\\\/\\\/escort-technology.com\\\/de\\\/#organization\"},\"potentialAction\":[{\"@type\":\"SearchAction\",\"target\":{\"@type\":\"EntryPoint\",\"urlTemplate\":\"http:\\\/\\\/escort-technology.com\\\/de\\\/?s={search_term_string}\"},\"query-input\":{\"@type\":\"PropertyValueSpecification\",\"valueRequired\":true,\"valueName\":\"search_term_string\"}}],\"inLanguage\":\"en-US\"},{\"@type\":\"Organization\",\"@id\":\"http:\\\/\\\/escort-technology.com\\\/de\\\/#organization\",\"name\":\"ESCORT TECHNOLOGY\",\"url\":\"http:\\\/\\\/escort-technology.com\\\/de\\\/\",\"logo\":{\"@type\":\"ImageObject\",\"inLanguage\":\"en-US\",\"@id\":\"http:\\\/\\\/escort-technology.com\\\/de\\\/#\\\/schema\\\/logo\\\/image\\\/\",\"url\":\"https:\\\/\\\/escort-technology.com\\\/wp-content\\\/uploads\\\/logo-1.jpg\",\"contentUrl\":\"https:\\\/\\\/escort-technology.com\\\/wp-content\\\/uploads\\\/logo-1.jpg\",\"width\":600,\"height\":165,\"caption\":\"ESCORT TECHNOLOGY\"},\"image\":{\"@id\":\"http:\\\/\\\/escort-technology.com\\\/de\\\/#\\\/schema\\\/logo\\\/image\\\/\"},\"sameAs\":[\"https:\\\/\\\/www.facebook.com\\\/elektronika.morska\\\/\",\"https:\\\/\\\/www.linkedin.com\\\/company\\\/escort-sp-z-o-o-\\\/\"]}]}<\/script>\n<!-- \/ Yoast SEO plugin. -->","yoast_head_json":{"title":"Kamera akustyczna ARIS EXPLORER 3000 - ESCORT TECHNOLOGY","robots":{"index":"index","follow":"follow","max-snippet":"max-snippet:-1","max-image-preview":"max-image-preview:large","max-video-preview":"max-video-preview:-1"},"canonical":"https:\/\/escort-technology.com\/en\/kamera-akustyczna-aris-explorer-3000\/","og_locale":"en_US","og_type":"article","og_title":"Kamera akustyczna ARIS EXPLORER 3000 - ESCORT TECHNOLOGY","og_description":"Kamera akustyczna ARIS EXPLORER 3000 Cz\u0119stotliwo\u015b\u0107 identyfikacji: \u00a03.0 MHz Cz\u0119stotliwo\u015b\u0107 detekcji: \u00a01.8 MHz Zakres pracy: \u00a0300m Karta katalogowa Dzi\u0119ki 128 wi\u0105zkom pracuj\u0105cym z cz\u0119stotliwo\u015bci\u0105 3MHz, ARIS Explorer 3000 zbiera wi\u0119cej danych ni\u017c jakikolwiek inny sonar obrazuj\u0105cy w swojej klasie. U\u017cytkownicy otrzymuj\u0105 niezr\u00f3wnan\u0105 klarowno\u015b\u0107 obrazu, nawet w m\u0119tnych wodach. Dla zastosowa\u0144 o wi\u0119kszym zasi\u0119gu dost\u0119pne s\u0105 [&hellip;]","og_url":"https:\/\/escort-technology.com\/en\/kamera-akustyczna-aris-explorer-3000\/","og_site_name":"ESCORT TECHNOLOGY","article_publisher":"https:\/\/www.facebook.com\/elektronika.morska\/","article_modified_time":"2021-05-14T07:56:10+00:00","og_image":[{"url":"https:\/\/escort-technology.com\/wp-content\/uploads\/2021\/05\/1-ARIS-3000.jpg","type":"","width":"","height":""}],"twitter_card":"summary_large_image","twitter_misc":{"Est. reading time":"1 minute"},"schema":{"@context":"https:\/\/schema.org","@graph":[{"@type":"WebPage","@id":"https:\/\/escort-technology.com\/pl\/kamera-akustyczna-aris-explorer-3000\/","url":"https:\/\/escort-technology.com\/pl\/kamera-akustyczna-aris-explorer-3000\/","name":"Kamera akustyczna ARIS EXPLORER 3000 - ESCORT TECHNOLOGY","isPartOf":{"@id":"http:\/\/escort-technology.com\/de\/#website"},"datePublished":"2021-05-14T07:52:18+00:00","dateModified":"2021-05-14T07:56:10+00:00","breadcrumb":{"@id":"https:\/\/escort-technology.com\/pl\/kamera-akustyczna-aris-explorer-3000\/#breadcrumb"},"inLanguage":"en-US","potentialAction":[{"@type":"ReadAction","target":["https:\/\/escort-technology.com\/pl\/kamera-akustyczna-aris-explorer-3000\/"]}]},{"@type":"BreadcrumbList","@id":"https:\/\/escort-technology.com\/pl\/kamera-akustyczna-aris-explorer-3000\/#breadcrumb","itemListElement":[{"@type":"ListItem","position":1,"name":"Strona g\u0142\u00f3wna","item":"https:\/\/escort-technology.com\/"},{"@type":"ListItem","position":2,"name":"Kamera akustyczna ARIS EXPLORER 3000"}]},{"@type":"WebSite","@id":"http:\/\/escort-technology.com\/de\/#website","url":"http:\/\/escort-technology.com\/de\/","name":"ESCORT TECHNOLOGY","description":"Onshore and offshore electronics","publisher":{"@id":"http:\/\/escort-technology.com\/de\/#organization"},"potentialAction":[{"@type":"SearchAction","target":{"@type":"EntryPoint","urlTemplate":"http:\/\/escort-technology.com\/de\/?s={search_term_string}"},"query-input":{"@type":"PropertyValueSpecification","valueRequired":true,"valueName":"search_term_string"}}],"inLanguage":"en-US"},{"@type":"Organization","@id":"http:\/\/escort-technology.com\/de\/#organization","name":"ESCORT TECHNOLOGY","url":"http:\/\/escort-technology.com\/de\/","logo":{"@type":"ImageObject","inLanguage":"en-US","@id":"http:\/\/escort-technology.com\/de\/#\/schema\/logo\/image\/","url":"https:\/\/escort-technology.com\/wp-content\/uploads\/logo-1.jpg","contentUrl":"https:\/\/escort-technology.com\/wp-content\/uploads\/logo-1.jpg","width":600,"height":165,"caption":"ESCORT TECHNOLOGY"},"image":{"@id":"http:\/\/escort-technology.com\/de\/#\/schema\/logo\/image\/"},"sameAs":["https:\/\/www.facebook.com\/elektronika.morska\/","https:\/\/www.linkedin.com\/company\/escort-sp-z-o-o-\/"]}]}},"_links":{"self":[{"href":"https:\/\/escort-technology.com\/en\/wp-json\/wp\/v2\/pages\/9206","targetHints":{"allow":["GET"]}}],"collection":[{"href":"https:\/\/escort-technology.com\/en\/wp-json\/wp\/v2\/pages"}],"about":[{"href":"https:\/\/escort-technology.com\/en\/wp-json\/wp\/v2\/types\/page"}],"author":[{"embeddable":true,"href":"https:\/\/escort-technology.com\/en\/wp-json\/wp\/v2\/users\/10"}],"replies":[{"embeddable":true,"href":"https:\/\/escort-technology.com\/en\/wp-json\/wp\/v2\/comments?post=9206"}],"version-history":[{"count":3,"href":"https:\/\/escort-technology.com\/en\/wp-json\/wp\/v2\/pages\/9206\/revisions"}],"predecessor-version":[{"id":9211,"href":"https:\/\/escort-technology.com\/en\/wp-json\/wp\/v2\/pages\/9206\/revisions\/9211"}],"wp:attachment":[{"href":"https:\/\/escort-technology.com\/en\/wp-json\/wp\/v2\/media?parent=9206"}],"curies":[{"name":"wp","href":"https:\/\/api.w.org\/{rel}","templated":true}]}}