{"id":9212,"date":"2021-05-14T10:33:35","date_gmt":"2021-05-14T08:33:35","guid":{"rendered":"https:\/\/escort-technology.com\/?page_id=9212"},"modified":"2021-05-14T10:33:35","modified_gmt":"2021-05-14T08:33:35","slug":"kamera-akustyczna-aris-defender-1800-2","status":"publish","type":"page","link":"https:\/\/escort-technology.com\/en\/kamera-akustyczna-aris-defender-1800-2\/","title":{"rendered":"Kamera akustyczna ARIS DEFENDER 1800"},"content":{"rendered":"<h1>\n<h1 class=\"uk-article-title\">Kamera akustyczna ARIS DEFENDER 1800<\/h1>\n<\/h1>\n<hr>\n<p><img decoding=\"async\" src=\"\/wp-content\/uploads\/2021\/05\/Defender-and-UHMD_Edited.png\" alt=\"\"><\/p>\n<div>\n<p>Cz\u0119stotliwo\u015b\u0107 identyfikacji: \u00a01.8 MHz<\/p>\n<p>Cz\u0119stotliwo\u015b\u0107 detekcji: \u00a01.1 MHz<\/p>\n<p>Zakres pracy: \u00a0300m<\/p>\n<\/div>\n<p>\n    <a href=\"http:\/\/www.soundmetrics.com\/Products\/ARIS-Sonars\/ARIS-Defender-1800\/015342_RevB_ARIS-Defender-1800_Brochure\">Karta katalogowa<\/a>\n<\/p>\n<div>\n<p>ARIS Defender 1800 u\u0142atwia przechwytywanie wysokiej jako\u015bci obraz\u00f3w wideo dzi\u0119ki prostej obs\u0142udze w najbardziej m\u0119tnych wodach. Ten sonar trzymany przez nurka jest idealny do wykrywania i badania podwodnych struktur i cel\u00f3w z odleg\u0142o\u015bci do 35 metr\u00f3w. Zamontowany\u00a0 kolorowy wy\u015bwietlacz aktualizuje do 12 klatek na sekund\u0119 i sprawia, \u017ce praca w czasie rzeczywistym jest prosta i dok\u0142adna. \u017bywotno\u015b\u0107 baterii wynosi do czterech godzin i umo\u017cliwia w pe\u0142ni autonomiczn\u0105 prac\u0119; opcjonalny zestaw nadzorczy umo\u017cliwia jednoczesne ogl\u0105danie z g\u00f3ry i zasilanie w trybie pracy ci\u0105g\u0142ej. Zdejmij os\u0142on\u0119 p\u0142ywaka i uchwyt, aby przekszta\u0142ci\u0107 ARIS Defender 1800 w ARIS Explorer 1800 o g\u0142\u0119boko\u015bci 300 m, odpowiedni do umieszczenia na ROV, AUV, \u0142odziach lub sta\u0142ych konstrukcjach &#8211; \u0142\u0105cz\u0105c dwa sonary w jednym wszechstronnym produkcie!<\/p>\n<\/div>\n<p><!--more--><br \/>\n<!-- {\"type\":\"layout\",\"children\":[{\"type\":\"section\",\"props\":{\"style\":\"default\",\"width\":\"default\",\"vertical_align\":\"middle\",\"title_position\":\"top-left\",\"title_rotation\":\"left\",\"title_breakpoint\":\"xl\",\"image_position\":\"center-center\"},\"children\":[{\"type\":\"row\",\"children\":[{\"type\":\"column\",\"props\":{\"image_position\":\"center-center\",\"media_overlay_gradient\":\"\"},\"children\":[{\"type\":\"headline\",\"props\":{\"title_element\":\"h1\",\"content\":\"\n\n<h1 class=\\\"uk-article-title\\\">Kamera akustyczna ARIS DEFENDER 1800<\\\/h1>\"}},{\"type\":\"divider\",\"props\":{\"divider_element\":\"hr\"}}]}]}]},{\"type\":\"section\",\"props\":{\"style\":\"default\",\"width\":\"default\",\"vertical_align\":\"middle\",\"title_position\":\"top-left\",\"title_rotation\":\"left\",\"title_breakpoint\":\"xl\",\"image_position\":\"center-center\"},\"children\":[{\"type\":\"row\",\"props\":{\"layout\":\"1-2,1-2\"},\"children\":[{\"type\":\"column\",\"props\":{\"image_position\":\"center-center\",\"media_overlay_gradient\":\"\",\"width_medium\":\"1-2\"},\"children\":[{\"type\":\"image\",\"props\":{\"margin\":\"default\",\"image_svg_color\":\"emphasis\",\"image\":\"wp-content\\\/uploads\\\/2021\\\/05\\\/Defender-and-UHMD_Edited.png\"}}]},{\"type\":\"column\",\"props\":{\"image_position\":\"center-center\",\"media_overlay_gradient\":\"\",\"width_medium\":\"1-2\"},\"children\":[{\"type\":\"text\",\"props\":{\"margin\":\"default\",\"column_breakpoint\":\"m\",\"content\":\"\n\n<p>Cz\\u0119stotliwo\\u015b\\u0107 identyfikacji: \\u00a01.8 MHz<\\\/p>\\n\n\n<p>Cz\\u0119stotliwo\\u015b\\u0107 detekcji: \\u00a01.1 MHz<\\\/p>\\n\n\n<p>Zakres pracy: \\u00a0300m<\\\/p>\"}},{\"type\":\"button\",\"props\":{\"grid_column_gap\":\"small\",\"grid_row_gap\":\"small\",\"margin\":\"default\"},\"children\":[{\"type\":\"button_item\",\"props\":{\"button_style\":\"default\",\"icon_align\":\"left\",\"content\":\"Karta katalogowa\",\"link\":\"http:\\\/\\\/www.soundmetrics.com\\\/Products\\\/ARIS-Sonars\\\/ARIS-Defender-1800\\\/015342_RevB_ARIS-Defender-1800_Brochure\"}}]}]}]}]},{\"type\":\"section\",\"props\":{\"style\":\"default\",\"width\":\"default\",\"vertical_align\":\"middle\",\"title_position\":\"top-left\",\"title_rotation\":\"left\",\"title_breakpoint\":\"xl\",\"image_position\":\"center-center\"},\"children\":[{\"type\":\"row\",\"children\":[{\"type\":\"column\",\"props\":{\"image_position\":\"center-center\",\"media_overlay_gradient\":\"\"},\"children\":[{\"type\":\"text\",\"props\":{\"margin\":\"default\",\"column_breakpoint\":\"m\",\"content\":\"\n\n<p>ARIS Defender 1800 u\\u0142atwia przechwytywanie wysokiej jako\\u015bci obraz\\u00f3w wideo dzi\\u0119ki prostej obs\\u0142udze w najbardziej m\\u0119tnych wodach. Ten sonar trzymany przez nurka jest idealny do wykrywania i badania podwodnych struktur i cel\\u00f3w z odleg\\u0142o\\u015bci do 35 metr\\u00f3w. Zamontowany\\u00a0 kolorowy wy\\u015bwietlacz aktualizuje do 12 klatek na sekund\\u0119 i sprawia, \\u017ce praca w czasie rzeczywistym jest prosta i dok\\u0142adna. \\u017bywotno\\u015b\\u0107 baterii wynosi do czterech godzin i umo\\u017cliwia w pe\\u0142ni autonomiczn\\u0105 prac\\u0119; opcjonalny zestaw nadzorczy umo\\u017cliwia jednoczesne ogl\\u0105danie z g\\u00f3ry i zasilanie w trybie pracy ci\\u0105g\\u0142ej. Zdejmij os\\u0142on\\u0119 p\\u0142ywaka i uchwyt, aby przekszta\\u0142ci\\u0107 ARIS Defender 1800 w ARIS Explorer 1800 o g\\u0142\\u0119boko\\u015bci 300 m, odpowiedni do umieszczenia na ROV, AUV, \\u0142odziach lub sta\\u0142ych konstrukcjach - \\u0142\\u0105cz\\u0105c dwa sonary w jednym wszechstronnym produkcie!<\\\/p>\"}}]}]}]}],\"version\":\"2.4.14\"} --><\/p>\n","protected":false},"excerpt":{"rendered":"<p>Kamera akustyczna ARIS DEFENDER 1800 Cz\u0119stotliwo\u015b\u0107 identyfikacji: \u00a01.8 MHz Cz\u0119stotliwo\u015b\u0107 detekcji: \u00a01.1 MHz Zakres pracy: \u00a0300m Karta katalogowa ARIS Defender 1800 u\u0142atwia przechwytywanie wysokiej jako\u015bci obraz\u00f3w wideo dzi\u0119ki prostej obs\u0142udze w najbardziej m\u0119tnych wodach. Ten sonar trzymany przez nurka jest idealny do wykrywania i badania podwodnych struktur i cel\u00f3w z odleg\u0142o\u015bci do 35 metr\u00f3w. Zamontowany\u00a0 [&hellip;]<\/p>\n","protected":false},"author":10,"featured_media":0,"parent":0,"menu_order":0,"comment_status":"closed","ping_status":"closed","template":"","meta":{"footnotes":""},"class_list":["post-9212","page","type-page","status-publish","hentry"],"yoast_head":"<!-- This site is optimized with the Yoast SEO plugin v27.5 - https:\/\/yoast.com\/product\/yoast-seo-wordpress\/ -->\n<title>Kamera akustyczna ARIS DEFENDER 1800 - ESCORT TECHNOLOGY<\/title>\n<meta name=\"robots\" content=\"index, follow, max-snippet:-1, max-image-preview:large, max-video-preview:-1\" \/>\n<link rel=\"canonical\" href=\"http:\/\/escort-technology.com\/en\/kamera-akustyczna-aris-defender-1800-2\/\" \/>\n<meta property=\"og:locale\" content=\"en_US\" \/>\n<meta property=\"og:type\" content=\"article\" \/>\n<meta property=\"og:title\" content=\"Kamera akustyczna ARIS DEFENDER 1800 - ESCORT TECHNOLOGY\" \/>\n<meta property=\"og:description\" content=\"Kamera akustyczna ARIS DEFENDER 1800 Cz\u0119stotliwo\u015b\u0107 identyfikacji: \u00a01.8 MHz Cz\u0119stotliwo\u015b\u0107 detekcji: \u00a01.1 MHz Zakres pracy: \u00a0300m Karta katalogowa ARIS Defender 1800 u\u0142atwia przechwytywanie wysokiej jako\u015bci obraz\u00f3w wideo dzi\u0119ki prostej obs\u0142udze w najbardziej m\u0119tnych wodach. Ten sonar trzymany przez nurka jest idealny do wykrywania i badania podwodnych struktur i cel\u00f3w z odleg\u0142o\u015bci do 35 metr\u00f3w. Zamontowany\u00a0 [&hellip;]\" \/>\n<meta property=\"og:url\" content=\"http:\/\/escort-technology.com\/en\/kamera-akustyczna-aris-defender-1800-2\/\" \/>\n<meta property=\"og:site_name\" content=\"ESCORT TECHNOLOGY\" \/>\n<meta property=\"article:publisher\" content=\"https:\/\/www.facebook.com\/elektronika.morska\/\" \/>\n<meta property=\"og:image\" content=\"https:\/\/escort-technology.com\/wp-content\/uploads\/2021\/05\/Defender-and-UHMD_Edited.png\" \/>\n<meta name=\"twitter:card\" content=\"summary_large_image\" \/>\n<meta name=\"twitter:label1\" content=\"Est. reading time\" \/>\n\t<meta name=\"twitter:data1\" content=\"1 minute\" \/>\n<script type=\"application\/ld+json\" class=\"yoast-schema-graph\">{\"@context\":\"https:\\\/\\\/schema.org\",\"@graph\":[{\"@type\":\"WebPage\",\"@id\":\"http:\\\/\\\/escort-technology.com\\\/en\\\/kamera-akustyczna-aris-defender-1800-2\\\/\",\"url\":\"http:\\\/\\\/escort-technology.com\\\/en\\\/kamera-akustyczna-aris-defender-1800-2\\\/\",\"name\":\"Kamera akustyczna ARIS DEFENDER 1800 - ESCORT TECHNOLOGY\",\"isPartOf\":{\"@id\":\"http:\\\/\\\/escort-technology.com\\\/de\\\/#website\"},\"datePublished\":\"2021-05-14T08:33:35+00:00\",\"breadcrumb\":{\"@id\":\"http:\\\/\\\/escort-technology.com\\\/en\\\/kamera-akustyczna-aris-defender-1800-2\\\/#breadcrumb\"},\"inLanguage\":\"en-US\",\"potentialAction\":[{\"@type\":\"ReadAction\",\"target\":[\"http:\\\/\\\/escort-technology.com\\\/en\\\/kamera-akustyczna-aris-defender-1800-2\\\/\"]}]},{\"@type\":\"BreadcrumbList\",\"@id\":\"http:\\\/\\\/escort-technology.com\\\/en\\\/kamera-akustyczna-aris-defender-1800-2\\\/#breadcrumb\",\"itemListElement\":[{\"@type\":\"ListItem\",\"position\":1,\"name\":\"Strona g\u0142\u00f3wna\",\"item\":\"https:\\\/\\\/escort-technology.com\\\/\"},{\"@type\":\"ListItem\",\"position\":2,\"name\":\"Kamera akustyczna ARIS DEFENDER 1800\"}]},{\"@type\":\"WebSite\",\"@id\":\"http:\\\/\\\/escort-technology.com\\\/de\\\/#website\",\"url\":\"http:\\\/\\\/escort-technology.com\\\/de\\\/\",\"name\":\"ESCORT TECHNOLOGY\",\"description\":\"Elektronika morska i l\u0105dowa\",\"publisher\":{\"@id\":\"http:\\\/\\\/escort-technology.com\\\/de\\\/#organization\"},\"potentialAction\":[{\"@type\":\"SearchAction\",\"target\":{\"@type\":\"EntryPoint\",\"urlTemplate\":\"http:\\\/\\\/escort-technology.com\\\/de\\\/?s={search_term_string}\"},\"query-input\":{\"@type\":\"PropertyValueSpecification\",\"valueRequired\":true,\"valueName\":\"search_term_string\"}}],\"inLanguage\":\"en-US\"},{\"@type\":\"Organization\",\"@id\":\"http:\\\/\\\/escort-technology.com\\\/de\\\/#organization\",\"name\":\"ESCORT TECHNOLOGY\",\"url\":\"http:\\\/\\\/escort-technology.com\\\/de\\\/\",\"logo\":{\"@type\":\"ImageObject\",\"inLanguage\":\"en-US\",\"@id\":\"http:\\\/\\\/escort-technology.com\\\/de\\\/#\\\/schema\\\/logo\\\/image\\\/\",\"url\":\"https:\\\/\\\/escort-technology.com\\\/wp-content\\\/uploads\\\/logo-1.jpg\",\"contentUrl\":\"https:\\\/\\\/escort-technology.com\\\/wp-content\\\/uploads\\\/logo-1.jpg\",\"width\":600,\"height\":165,\"caption\":\"ESCORT TECHNOLOGY\"},\"image\":{\"@id\":\"http:\\\/\\\/escort-technology.com\\\/de\\\/#\\\/schema\\\/logo\\\/image\\\/\"},\"sameAs\":[\"https:\\\/\\\/www.facebook.com\\\/elektronika.morska\\\/\",\"https:\\\/\\\/www.linkedin.com\\\/company\\\/escort-sp-z-o-o-\\\/\"]}]}<\/script>\n<!-- \/ Yoast SEO plugin. -->","yoast_head_json":{"title":"Kamera akustyczna ARIS DEFENDER 1800 - ESCORT TECHNOLOGY","robots":{"index":"index","follow":"follow","max-snippet":"max-snippet:-1","max-image-preview":"max-image-preview:large","max-video-preview":"max-video-preview:-1"},"canonical":"http:\/\/escort-technology.com\/en\/kamera-akustyczna-aris-defender-1800-2\/","og_locale":"en_US","og_type":"article","og_title":"Kamera akustyczna ARIS DEFENDER 1800 - ESCORT TECHNOLOGY","og_description":"Kamera akustyczna ARIS DEFENDER 1800 Cz\u0119stotliwo\u015b\u0107 identyfikacji: \u00a01.8 MHz Cz\u0119stotliwo\u015b\u0107 detekcji: \u00a01.1 MHz Zakres pracy: \u00a0300m Karta katalogowa ARIS Defender 1800 u\u0142atwia przechwytywanie wysokiej jako\u015bci obraz\u00f3w wideo dzi\u0119ki prostej obs\u0142udze w najbardziej m\u0119tnych wodach. Ten sonar trzymany przez nurka jest idealny do wykrywania i badania podwodnych struktur i cel\u00f3w z odleg\u0142o\u015bci do 35 metr\u00f3w. Zamontowany\u00a0 [&hellip;]","og_url":"http:\/\/escort-technology.com\/en\/kamera-akustyczna-aris-defender-1800-2\/","og_site_name":"ESCORT TECHNOLOGY","article_publisher":"https:\/\/www.facebook.com\/elektronika.morska\/","og_image":[{"url":"https:\/\/escort-technology.com\/wp-content\/uploads\/2021\/05\/Defender-and-UHMD_Edited.png","type":"","width":"","height":""}],"twitter_card":"summary_large_image","twitter_misc":{"Est. reading time":"1 minute"},"schema":{"@context":"https:\/\/schema.org","@graph":[{"@type":"WebPage","@id":"http:\/\/escort-technology.com\/en\/kamera-akustyczna-aris-defender-1800-2\/","url":"http:\/\/escort-technology.com\/en\/kamera-akustyczna-aris-defender-1800-2\/","name":"Kamera akustyczna ARIS DEFENDER 1800 - ESCORT TECHNOLOGY","isPartOf":{"@id":"http:\/\/escort-technology.com\/de\/#website"},"datePublished":"2021-05-14T08:33:35+00:00","breadcrumb":{"@id":"http:\/\/escort-technology.com\/en\/kamera-akustyczna-aris-defender-1800-2\/#breadcrumb"},"inLanguage":"en-US","potentialAction":[{"@type":"ReadAction","target":["http:\/\/escort-technology.com\/en\/kamera-akustyczna-aris-defender-1800-2\/"]}]},{"@type":"BreadcrumbList","@id":"http:\/\/escort-technology.com\/en\/kamera-akustyczna-aris-defender-1800-2\/#breadcrumb","itemListElement":[{"@type":"ListItem","position":1,"name":"Strona g\u0142\u00f3wna","item":"https:\/\/escort-technology.com\/"},{"@type":"ListItem","position":2,"name":"Kamera akustyczna ARIS DEFENDER 1800"}]},{"@type":"WebSite","@id":"http:\/\/escort-technology.com\/de\/#website","url":"http:\/\/escort-technology.com\/de\/","name":"ESCORT TECHNOLOGY","description":"Onshore and offshore electronics","publisher":{"@id":"http:\/\/escort-technology.com\/de\/#organization"},"potentialAction":[{"@type":"SearchAction","target":{"@type":"EntryPoint","urlTemplate":"http:\/\/escort-technology.com\/de\/?s={search_term_string}"},"query-input":{"@type":"PropertyValueSpecification","valueRequired":true,"valueName":"search_term_string"}}],"inLanguage":"en-US"},{"@type":"Organization","@id":"http:\/\/escort-technology.com\/de\/#organization","name":"ESCORT TECHNOLOGY","url":"http:\/\/escort-technology.com\/de\/","logo":{"@type":"ImageObject","inLanguage":"en-US","@id":"http:\/\/escort-technology.com\/de\/#\/schema\/logo\/image\/","url":"https:\/\/escort-technology.com\/wp-content\/uploads\/logo-1.jpg","contentUrl":"https:\/\/escort-technology.com\/wp-content\/uploads\/logo-1.jpg","width":600,"height":165,"caption":"ESCORT TECHNOLOGY"},"image":{"@id":"http:\/\/escort-technology.com\/de\/#\/schema\/logo\/image\/"},"sameAs":["https:\/\/www.facebook.com\/elektronika.morska\/","https:\/\/www.linkedin.com\/company\/escort-sp-z-o-o-\/"]}]}},"_links":{"self":[{"href":"https:\/\/escort-technology.com\/en\/wp-json\/wp\/v2\/pages\/9212","targetHints":{"allow":["GET"]}}],"collection":[{"href":"https:\/\/escort-technology.com\/en\/wp-json\/wp\/v2\/pages"}],"about":[{"href":"https:\/\/escort-technology.com\/en\/wp-json\/wp\/v2\/types\/page"}],"author":[{"embeddable":true,"href":"https:\/\/escort-technology.com\/en\/wp-json\/wp\/v2\/users\/10"}],"replies":[{"embeddable":true,"href":"https:\/\/escort-technology.com\/en\/wp-json\/wp\/v2\/comments?post=9212"}],"version-history":[{"count":3,"href":"https:\/\/escort-technology.com\/en\/wp-json\/wp\/v2\/pages\/9212\/revisions"}],"predecessor-version":[{"id":9218,"href":"https:\/\/escort-technology.com\/en\/wp-json\/wp\/v2\/pages\/9212\/revisions\/9218"}],"wp:attachment":[{"href":"https:\/\/escort-technology.com\/en\/wp-json\/wp\/v2\/media?parent=9212"}],"curies":[{"name":"wp","href":"https:\/\/api.w.org\/{rel}","templated":true}]}}