{"id":9225,"date":"2021-05-14T11:08:06","date_gmt":"2021-05-14T09:08:06","guid":{"rendered":"https:\/\/escort-technology.com\/?page_id=9225"},"modified":"2021-05-14T11:13:35","modified_gmt":"2021-05-14T09:13:35","slug":"rotator-sound-metrics-ar2","status":"publish","type":"page","link":"https:\/\/escort-technology.com\/en\/rotator-sound-metrics-ar2\/","title":{"rendered":"Rotator Sound Metrics AR2"},"content":{"rendered":"<h1>\n<h1 class=\"uk-article-title\">Rotator Sound Metrics AR2<\/h1>\n<\/h1>\n<hr>\n<p><img decoding=\"async\" src=\"\/wp-content\/uploads\/2021\/05\/AR2_manual_case_contents_2.jpg\" alt=\"\"><\/p>\n<div>\n<p>LEPSZE CELOWANIE POD KA\u017bDYM K\u0104TEM<br \/>Dzi\u0119ki Sound Metrics ARIS Rotator AR\u2082 mo\u017cesz \u0142atwo i precyzyjnie wycelowa\u0107 ARIS Explorer, umo\u017cliwiaj\u0105c 2-osiow\u0105 kontrol\u0119 obrotu i pochylenia lub pochylenia i obrotu.<\/p>\n<\/div>\n<p>\n    <a href=\"http:\/\/www.soundmetrics.com\/Products\/ARIS-Sonars\/Accessories\/ARIS-AR2-Rotator\/ARIS-Rotator-AR2-Brochure-English\">Karta katalogowa<\/a>\n<\/p>\n<div>\n<p>W trybie obrotu\/pochylenia AR\u2082 obraca si\u0119 o pe\u0142ne 360\u00ba, umo\u017cliwiaj\u0105c pe\u0142ne obrazowanie otoczenia. W trybie przechylania\/obracania, zmiana k\u0105ta obrotu na celu mo\u017ce zapewni\u0107 perspektyw\u0119 zbli\u017con\u0105 do 3D, a obr\u00f3t o 90\u00ba umo\u017cliwia prze\u0142\u0105czanie mi\u0119dzy trybami obrazowania poziomego i pionowego. R\u0119czne i zautomatyzowane sterowanie jest proste dzi\u0119ki intuicyjnemu interfejsowi oprogramowania ARIScope. Zar\u00f3wno sonar, jak i AR\u2082 dzia\u0142aj\u0105 na jednym standardowym kablu.<\/p>\n<\/div>\n<p><!--more--><br \/>\n<!-- {\"type\":\"layout\",\"children\":[{\"type\":\"section\",\"props\":{\"style\":\"default\",\"width\":\"default\",\"vertical_align\":\"middle\",\"title_position\":\"top-left\",\"title_rotation\":\"left\",\"title_breakpoint\":\"xl\",\"image_position\":\"center-center\"},\"children\":[{\"type\":\"row\",\"children\":[{\"type\":\"column\",\"props\":{\"image_position\":\"center-center\",\"media_overlay_gradient\":\"\"},\"children\":[{\"type\":\"headline\",\"props\":{\"title_element\":\"h1\",\"content\":\"\n\n<h1 class=\\\"uk-article-title\\\">Rotator Sound Metrics AR2<\\\/h1>\"}},{\"type\":\"divider\",\"props\":{\"divider_element\":\"hr\"}}]}]}]},{\"type\":\"section\",\"props\":{\"style\":\"default\",\"width\":\"default\",\"vertical_align\":\"middle\",\"title_position\":\"top-left\",\"title_rotation\":\"left\",\"title_breakpoint\":\"xl\",\"image_position\":\"center-center\"},\"children\":[{\"type\":\"row\",\"props\":{\"layout\":\"1-2,1-2\"},\"children\":[{\"type\":\"column\",\"props\":{\"image_position\":\"center-center\",\"media_overlay_gradient\":\"\",\"width_medium\":\"1-2\"},\"children\":[{\"type\":\"image\",\"props\":{\"margin\":\"default\",\"image_svg_color\":\"emphasis\",\"image\":\"wp-content\\\/uploads\\\/2021\\\/05\\\/AR2_manual_case_contents_2.jpg\"}}]},{\"type\":\"column\",\"props\":{\"image_position\":\"center-center\",\"media_overlay_gradient\":\"\",\"width_medium\":\"1-2\"},\"children\":[{\"type\":\"text\",\"props\":{\"margin\":\"default\",\"column_breakpoint\":\"m\",\"content\":\"\n\n<p>LEPSZE CELOWANIE POD KA\\u017bDYM K\\u0104TEM<br \\\/>Dzi\\u0119ki Sound Metrics ARIS Rotator AR\\u2082 mo\\u017cesz \\u0142atwo i precyzyjnie wycelowa\\u0107 ARIS Explorer, umo\\u017cliwiaj\\u0105c 2-osiow\\u0105 kontrol\\u0119 obrotu i pochylenia lub pochylenia i obrotu.<\\\/p>\"}},{\"type\":\"button\",\"props\":{\"grid_column_gap\":\"small\",\"grid_row_gap\":\"small\",\"margin\":\"default\"},\"children\":[{\"type\":\"button_item\",\"props\":{\"button_style\":\"default\",\"icon_align\":\"left\",\"content\":\"Karta katalogowa\",\"link\":\"http:\\\/\\\/www.soundmetrics.com\\\/Products\\\/ARIS-Sonars\\\/Accessories\\\/ARIS-AR2-Rotator\\\/ARIS-Rotator-AR2-Brochure-English\"}}]}]}]}]},{\"type\":\"section\",\"props\":{\"style\":\"default\",\"width\":\"default\",\"vertical_align\":\"middle\",\"title_position\":\"top-left\",\"title_rotation\":\"left\",\"title_breakpoint\":\"xl\",\"image_position\":\"center-center\"},\"children\":[{\"type\":\"row\",\"children\":[{\"type\":\"column\",\"props\":{\"image_position\":\"center-center\",\"media_overlay_gradient\":\"\"},\"children\":[{\"type\":\"text\",\"props\":{\"margin\":\"default\",\"column_breakpoint\":\"m\",\"content\":\"\n\n<p>W trybie obrotu\\\/pochylenia AR\\u2082 obraca si\\u0119 o pe\\u0142ne 360\\u00ba, umo\\u017cliwiaj\\u0105c pe\\u0142ne obrazowanie otoczenia. W trybie przechylania\\\/obracania, zmiana k\\u0105ta obrotu na celu mo\\u017ce zapewni\\u0107 perspektyw\\u0119 zbli\\u017con\\u0105 do 3D, a obr\\u00f3t o 90\\u00ba umo\\u017cliwia prze\\u0142\\u0105czanie mi\\u0119dzy trybami obrazowania poziomego i pionowego. R\\u0119czne i zautomatyzowane sterowanie jest proste dzi\\u0119ki intuicyjnemu interfejsowi oprogramowania ARIScope. Zar\\u00f3wno sonar, jak i AR\\u2082 dzia\\u0142aj\\u0105 na jednym standardowym kablu.<\\\/p>\"}}]}]}]}],\"version\":\"2.4.14\"} --><\/p>\n","protected":false},"excerpt":{"rendered":"<p>Rotator Sound Metrics AR2 LEPSZE CELOWANIE POD KA\u017bDYM K\u0104TEMDzi\u0119ki Sound Metrics ARIS Rotator AR\u2082 mo\u017cesz \u0142atwo i precyzyjnie wycelowa\u0107 ARIS Explorer, umo\u017cliwiaj\u0105c 2-osiow\u0105 kontrol\u0119 obrotu i pochylenia lub pochylenia i obrotu. Karta katalogowa W trybie obrotu\/pochylenia AR\u2082 obraca si\u0119 o pe\u0142ne 360\u00ba, umo\u017cliwiaj\u0105c pe\u0142ne obrazowanie otoczenia. W trybie przechylania\/obracania, zmiana k\u0105ta obrotu na celu mo\u017ce [&hellip;]<\/p>\n","protected":false},"author":10,"featured_media":0,"parent":0,"menu_order":0,"comment_status":"closed","ping_status":"closed","template":"","meta":{"footnotes":""},"class_list":["post-9225","page","type-page","status-publish","hentry"],"yoast_head":"<!-- This site is optimized with the Yoast SEO plugin v27.5 - https:\/\/yoast.com\/product\/yoast-seo-wordpress\/ -->\n<title>Rotator Sound Metrics AR2 - ESCORT TECHNOLOGY<\/title>\n<meta name=\"robots\" content=\"index, follow, max-snippet:-1, max-image-preview:large, max-video-preview:-1\" \/>\n<link rel=\"canonical\" href=\"https:\/\/escort-technology.com\/en\/rotator-sound-metrics-ar2\/\" \/>\n<meta property=\"og:locale\" content=\"en_US\" \/>\n<meta property=\"og:type\" content=\"article\" \/>\n<meta property=\"og:title\" content=\"Rotator Sound Metrics AR2 - ESCORT TECHNOLOGY\" \/>\n<meta property=\"og:description\" content=\"Rotator Sound Metrics AR2 LEPSZE CELOWANIE POD KA\u017bDYM K\u0104TEMDzi\u0119ki Sound Metrics ARIS Rotator AR\u2082 mo\u017cesz \u0142atwo i precyzyjnie wycelowa\u0107 ARIS Explorer, umo\u017cliwiaj\u0105c 2-osiow\u0105 kontrol\u0119 obrotu i pochylenia lub pochylenia i obrotu. Karta katalogowa W trybie obrotu\/pochylenia AR\u2082 obraca si\u0119 o pe\u0142ne 360\u00ba, umo\u017cliwiaj\u0105c pe\u0142ne obrazowanie otoczenia. W trybie przechylania\/obracania, zmiana k\u0105ta obrotu na celu mo\u017ce [&hellip;]\" \/>\n<meta property=\"og:url\" content=\"https:\/\/escort-technology.com\/en\/rotator-sound-metrics-ar2\/\" \/>\n<meta property=\"og:site_name\" content=\"ESCORT TECHNOLOGY\" \/>\n<meta property=\"article:publisher\" content=\"https:\/\/www.facebook.com\/elektronika.morska\/\" \/>\n<meta property=\"article:modified_time\" content=\"2021-05-14T09:13:35+00:00\" \/>\n<meta property=\"og:image\" content=\"https:\/\/escort-technology.com\/wp-content\/uploads\/2021\/05\/AR2_manual_case_contents_2.jpg\" \/>\n<meta name=\"twitter:card\" content=\"summary_large_image\" \/>\n<meta name=\"twitter:label1\" content=\"Est. reading time\" \/>\n\t<meta name=\"twitter:data1\" content=\"1 minute\" \/>\n<script type=\"application\/ld+json\" class=\"yoast-schema-graph\">{\"@context\":\"https:\\\/\\\/schema.org\",\"@graph\":[{\"@type\":\"WebPage\",\"@id\":\"https:\\\/\\\/escort-technology.com\\\/en\\\/rotator-sound-metrics-ar2\\\/\",\"url\":\"https:\\\/\\\/escort-technology.com\\\/en\\\/rotator-sound-metrics-ar2\\\/\",\"name\":\"Rotator Sound Metrics AR2 - ESCORT TECHNOLOGY\",\"isPartOf\":{\"@id\":\"http:\\\/\\\/escort-technology.com\\\/de\\\/#website\"},\"datePublished\":\"2021-05-14T09:08:06+00:00\",\"dateModified\":\"2021-05-14T09:13:35+00:00\",\"breadcrumb\":{\"@id\":\"https:\\\/\\\/escort-technology.com\\\/en\\\/rotator-sound-metrics-ar2\\\/#breadcrumb\"},\"inLanguage\":\"en-US\",\"potentialAction\":[{\"@type\":\"ReadAction\",\"target\":[\"https:\\\/\\\/escort-technology.com\\\/en\\\/rotator-sound-metrics-ar2\\\/\"]}]},{\"@type\":\"BreadcrumbList\",\"@id\":\"https:\\\/\\\/escort-technology.com\\\/en\\\/rotator-sound-metrics-ar2\\\/#breadcrumb\",\"itemListElement\":[{\"@type\":\"ListItem\",\"position\":1,\"name\":\"Strona g\u0142\u00f3wna\",\"item\":\"https:\\\/\\\/escort-technology.com\\\/\"},{\"@type\":\"ListItem\",\"position\":2,\"name\":\"Rotator Sound Metrics AR2\"}]},{\"@type\":\"WebSite\",\"@id\":\"http:\\\/\\\/escort-technology.com\\\/de\\\/#website\",\"url\":\"http:\\\/\\\/escort-technology.com\\\/de\\\/\",\"name\":\"ESCORT TECHNOLOGY\",\"description\":\"Elektronika morska i l\u0105dowa\",\"publisher\":{\"@id\":\"http:\\\/\\\/escort-technology.com\\\/de\\\/#organization\"},\"potentialAction\":[{\"@type\":\"SearchAction\",\"target\":{\"@type\":\"EntryPoint\",\"urlTemplate\":\"http:\\\/\\\/escort-technology.com\\\/de\\\/?s={search_term_string}\"},\"query-input\":{\"@type\":\"PropertyValueSpecification\",\"valueRequired\":true,\"valueName\":\"search_term_string\"}}],\"inLanguage\":\"en-US\"},{\"@type\":\"Organization\",\"@id\":\"http:\\\/\\\/escort-technology.com\\\/de\\\/#organization\",\"name\":\"ESCORT TECHNOLOGY\",\"url\":\"http:\\\/\\\/escort-technology.com\\\/de\\\/\",\"logo\":{\"@type\":\"ImageObject\",\"inLanguage\":\"en-US\",\"@id\":\"http:\\\/\\\/escort-technology.com\\\/de\\\/#\\\/schema\\\/logo\\\/image\\\/\",\"url\":\"https:\\\/\\\/escort-technology.com\\\/wp-content\\\/uploads\\\/logo-1.jpg\",\"contentUrl\":\"https:\\\/\\\/escort-technology.com\\\/wp-content\\\/uploads\\\/logo-1.jpg\",\"width\":600,\"height\":165,\"caption\":\"ESCORT TECHNOLOGY\"},\"image\":{\"@id\":\"http:\\\/\\\/escort-technology.com\\\/de\\\/#\\\/schema\\\/logo\\\/image\\\/\"},\"sameAs\":[\"https:\\\/\\\/www.facebook.com\\\/elektronika.morska\\\/\",\"https:\\\/\\\/www.linkedin.com\\\/company\\\/escort-sp-z-o-o-\\\/\"]}]}<\/script>\n<!-- \/ Yoast SEO plugin. -->","yoast_head_json":{"title":"Rotator Sound Metrics AR2 - ESCORT TECHNOLOGY","robots":{"index":"index","follow":"follow","max-snippet":"max-snippet:-1","max-image-preview":"max-image-preview:large","max-video-preview":"max-video-preview:-1"},"canonical":"https:\/\/escort-technology.com\/en\/rotator-sound-metrics-ar2\/","og_locale":"en_US","og_type":"article","og_title":"Rotator Sound Metrics AR2 - ESCORT TECHNOLOGY","og_description":"Rotator Sound Metrics AR2 LEPSZE CELOWANIE POD KA\u017bDYM K\u0104TEMDzi\u0119ki Sound Metrics ARIS Rotator AR\u2082 mo\u017cesz \u0142atwo i precyzyjnie wycelowa\u0107 ARIS Explorer, umo\u017cliwiaj\u0105c 2-osiow\u0105 kontrol\u0119 obrotu i pochylenia lub pochylenia i obrotu. Karta katalogowa W trybie obrotu\/pochylenia AR\u2082 obraca si\u0119 o pe\u0142ne 360\u00ba, umo\u017cliwiaj\u0105c pe\u0142ne obrazowanie otoczenia. W trybie przechylania\/obracania, zmiana k\u0105ta obrotu na celu mo\u017ce [&hellip;]","og_url":"https:\/\/escort-technology.com\/en\/rotator-sound-metrics-ar2\/","og_site_name":"ESCORT TECHNOLOGY","article_publisher":"https:\/\/www.facebook.com\/elektronika.morska\/","article_modified_time":"2021-05-14T09:13:35+00:00","og_image":[{"url":"https:\/\/escort-technology.com\/wp-content\/uploads\/2021\/05\/AR2_manual_case_contents_2.jpg","type":"","width":"","height":""}],"twitter_card":"summary_large_image","twitter_misc":{"Est. reading time":"1 minute"},"schema":{"@context":"https:\/\/schema.org","@graph":[{"@type":"WebPage","@id":"https:\/\/escort-technology.com\/en\/rotator-sound-metrics-ar2\/","url":"https:\/\/escort-technology.com\/en\/rotator-sound-metrics-ar2\/","name":"Rotator Sound Metrics AR2 - ESCORT TECHNOLOGY","isPartOf":{"@id":"http:\/\/escort-technology.com\/de\/#website"},"datePublished":"2021-05-14T09:08:06+00:00","dateModified":"2021-05-14T09:13:35+00:00","breadcrumb":{"@id":"https:\/\/escort-technology.com\/en\/rotator-sound-metrics-ar2\/#breadcrumb"},"inLanguage":"en-US","potentialAction":[{"@type":"ReadAction","target":["https:\/\/escort-technology.com\/en\/rotator-sound-metrics-ar2\/"]}]},{"@type":"BreadcrumbList","@id":"https:\/\/escort-technology.com\/en\/rotator-sound-metrics-ar2\/#breadcrumb","itemListElement":[{"@type":"ListItem","position":1,"name":"Strona g\u0142\u00f3wna","item":"https:\/\/escort-technology.com\/"},{"@type":"ListItem","position":2,"name":"Rotator Sound Metrics AR2"}]},{"@type":"WebSite","@id":"http:\/\/escort-technology.com\/de\/#website","url":"http:\/\/escort-technology.com\/de\/","name":"ESCORT TECHNOLOGY","description":"Onshore and offshore electronics","publisher":{"@id":"http:\/\/escort-technology.com\/de\/#organization"},"potentialAction":[{"@type":"SearchAction","target":{"@type":"EntryPoint","urlTemplate":"http:\/\/escort-technology.com\/de\/?s={search_term_string}"},"query-input":{"@type":"PropertyValueSpecification","valueRequired":true,"valueName":"search_term_string"}}],"inLanguage":"en-US"},{"@type":"Organization","@id":"http:\/\/escort-technology.com\/de\/#organization","name":"ESCORT TECHNOLOGY","url":"http:\/\/escort-technology.com\/de\/","logo":{"@type":"ImageObject","inLanguage":"en-US","@id":"http:\/\/escort-technology.com\/de\/#\/schema\/logo\/image\/","url":"https:\/\/escort-technology.com\/wp-content\/uploads\/logo-1.jpg","contentUrl":"https:\/\/escort-technology.com\/wp-content\/uploads\/logo-1.jpg","width":600,"height":165,"caption":"ESCORT TECHNOLOGY"},"image":{"@id":"http:\/\/escort-technology.com\/de\/#\/schema\/logo\/image\/"},"sameAs":["https:\/\/www.facebook.com\/elektronika.morska\/","https:\/\/www.linkedin.com\/company\/escort-sp-z-o-o-\/"]}]}},"_links":{"self":[{"href":"https:\/\/escort-technology.com\/en\/wp-json\/wp\/v2\/pages\/9225","targetHints":{"allow":["GET"]}}],"collection":[{"href":"https:\/\/escort-technology.com\/en\/wp-json\/wp\/v2\/pages"}],"about":[{"href":"https:\/\/escort-technology.com\/en\/wp-json\/wp\/v2\/types\/page"}],"author":[{"embeddable":true,"href":"https:\/\/escort-technology.com\/en\/wp-json\/wp\/v2\/users\/10"}],"replies":[{"embeddable":true,"href":"https:\/\/escort-technology.com\/en\/wp-json\/wp\/v2\/comments?post=9225"}],"version-history":[{"count":4,"href":"https:\/\/escort-technology.com\/en\/wp-json\/wp\/v2\/pages\/9225\/revisions"}],"predecessor-version":[{"id":9231,"href":"https:\/\/escort-technology.com\/en\/wp-json\/wp\/v2\/pages\/9225\/revisions\/9231"}],"wp:attachment":[{"href":"https:\/\/escort-technology.com\/en\/wp-json\/wp\/v2\/media?parent=9225"}],"curies":[{"name":"wp","href":"https:\/\/api.w.org\/{rel}","templated":true}]}}