{"id":9232,"date":"2021-05-14T11:15:03","date_gmt":"2021-05-14T09:15:03","guid":{"rendered":"https:\/\/escort-technology.com\/?page_id=9232"},"modified":"2021-05-14T11:20:35","modified_gmt":"2021-05-14T09:20:35","slug":"rotator-sound-metrics-r3","status":"publish","type":"page","link":"https:\/\/escort-technology.com\/en\/rotator-sound-metrics-r3\/","title":{"rendered":"Rotator Sound Metrics R3"},"content":{"rendered":"<h1>\n<h1 class=\"uk-article-title\">Rotator Sound Metrics R3<\/h1>\n<\/h1>\n<hr>\n<p><img decoding=\"async\" src=\"\/wp-content\/uploads\/2021\/05\/6-ARIS-AR3.jpg\" alt=\"\"><\/p>\n<div>\n<p>LEPSZE CELOWANIE POD KA\u017bDYM K\u0104TEM<br \/>\u0141atwe i precyzyjne celowanie za pomoc\u0105 ARIS Explorer z ARIS Rotator AR\u2083 &#8211; 3-osiowe sterowanie: Pan\/Tilt\/Roll.<\/p>\n<\/div>\n<p>\n    <a href=\"http:\/\/www.soundmetrics.com\/Products\/ARIS-Sonars\/Accessories\/ARIS-AR3-Rotator\/ARIS-Rotator-AR2-Brochure-English\">Karta katalogowa <\/a>\n<\/p>\n<div>\n<p>Osi\u0105gnij tr\u00f3jwymiarow\u0105 perspektyw\u0119 celu, zmieniaj\u0105c k\u0105t obrotu lub prze\u0142\u0105czaj\u0105c si\u0119 mi\u0119dzy trybami obrazowania poziomego i pionowego za pomoc\u0105 funkcji obrotu o 90\u00ba! R\u0119czne i automatyczne sterowanie tym rotatorem jest proste dzi\u0119ki intuicyjnemu interfejsowi oprogramowania ARIScope &#8211; umo\u017cliwiaj\u0105c proste i precyzyjne celowanie ARIS Explorer dla wszystkich Twoich potrzeb!<\/p>\n<\/div>\n<p><!--more--><br \/>\n<!-- {\"type\":\"layout\",\"children\":[{\"type\":\"section\",\"props\":{\"style\":\"default\",\"width\":\"default\",\"vertical_align\":\"middle\",\"title_position\":\"top-left\",\"title_rotation\":\"left\",\"title_breakpoint\":\"xl\",\"image_position\":\"center-center\"},\"children\":[{\"type\":\"row\",\"children\":[{\"type\":\"column\",\"props\":{\"image_position\":\"center-center\",\"media_overlay_gradient\":\"\"},\"children\":[{\"type\":\"headline\",\"props\":{\"title_element\":\"h1\",\"content\":\"\n\n<h1 class=\\\"uk-article-title\\\">Rotator Sound Metrics R3<\\\/h1>\"}},{\"type\":\"divider\",\"props\":{\"divider_element\":\"hr\"}}]}]}]},{\"type\":\"section\",\"props\":{\"style\":\"default\",\"width\":\"default\",\"vertical_align\":\"middle\",\"title_position\":\"top-left\",\"title_rotation\":\"left\",\"title_breakpoint\":\"xl\",\"image_position\":\"center-center\"},\"children\":[{\"type\":\"row\",\"props\":{\"layout\":\"1-2,1-2\"},\"children\":[{\"type\":\"column\",\"props\":{\"image_position\":\"center-center\",\"media_overlay_gradient\":\"\",\"width_medium\":\"1-2\"},\"children\":[{\"type\":\"image\",\"props\":{\"margin\":\"default\",\"image_svg_color\":\"emphasis\",\"image\":\"wp-content\\\/uploads\\\/2021\\\/05\\\/6-ARIS-AR3.jpg\"}}]},{\"type\":\"column\",\"props\":{\"image_position\":\"center-center\",\"media_overlay_gradient\":\"\",\"width_medium\":\"1-2\"},\"children\":[{\"type\":\"text\",\"props\":{\"margin\":\"default\",\"column_breakpoint\":\"m\",\"content\":\"\n\n<p>LEPSZE CELOWANIE POD KA\\u017bDYM K\\u0104TEM<br \\\/>\\u0141atwe i precyzyjne celowanie za pomoc\\u0105 ARIS Explorer z ARIS Rotator AR\\u2083 - 3-osiowe sterowanie: Pan\\\/Tilt\\\/Roll.<\\\/p>\"}},{\"type\":\"button\",\"props\":{\"grid_column_gap\":\"small\",\"grid_row_gap\":\"small\",\"margin\":\"default\"},\"children\":[{\"type\":\"button_item\",\"props\":{\"button_style\":\"default\",\"icon_align\":\"left\",\"content\":\"Karta katalogowa \",\"link\":\"http:\\\/\\\/www.soundmetrics.com\\\/Products\\\/ARIS-Sonars\\\/Accessories\\\/ARIS-AR3-Rotator\\\/ARIS-Rotator-AR2-Brochure-English\"}}]}]}]}]},{\"type\":\"section\",\"props\":{\"style\":\"default\",\"width\":\"default\",\"vertical_align\":\"middle\",\"title_position\":\"top-left\",\"title_rotation\":\"left\",\"title_breakpoint\":\"xl\",\"image_position\":\"center-center\"},\"children\":[{\"type\":\"row\",\"children\":[{\"type\":\"column\",\"props\":{\"image_position\":\"center-center\",\"media_overlay_gradient\":\"\"},\"children\":[{\"type\":\"text\",\"props\":{\"margin\":\"default\",\"column_breakpoint\":\"m\",\"content\":\"\n\n<p>Osi\\u0105gnij tr\\u00f3jwymiarow\\u0105 perspektyw\\u0119 celu, zmieniaj\\u0105c k\\u0105t obrotu lub prze\\u0142\\u0105czaj\\u0105c si\\u0119 mi\\u0119dzy trybami obrazowania poziomego i pionowego za pomoc\\u0105 funkcji obrotu o 90\\u00ba! R\\u0119czne i automatyczne sterowanie tym rotatorem jest proste dzi\\u0119ki intuicyjnemu interfejsowi oprogramowania ARIScope - umo\\u017cliwiaj\\u0105c proste i precyzyjne celowanie ARIS Explorer dla wszystkich Twoich potrzeb!<\\\/p>\"}}]}]}]}],\"version\":\"2.4.14\"} --><\/p>\n","protected":false},"excerpt":{"rendered":"<p>Rotator Sound Metrics R3 LEPSZE CELOWANIE POD KA\u017bDYM K\u0104TEM\u0141atwe i precyzyjne celowanie za pomoc\u0105 ARIS Explorer z ARIS Rotator AR\u2083 &#8211; 3-osiowe sterowanie: Pan\/Tilt\/Roll. Karta katalogowa Osi\u0105gnij tr\u00f3jwymiarow\u0105 perspektyw\u0119 celu, zmieniaj\u0105c k\u0105t obrotu lub prze\u0142\u0105czaj\u0105c si\u0119 mi\u0119dzy trybami obrazowania poziomego i pionowego za pomoc\u0105 funkcji obrotu o 90\u00ba! R\u0119czne i automatyczne sterowanie tym rotatorem jest [&hellip;]<\/p>\n","protected":false},"author":10,"featured_media":0,"parent":0,"menu_order":0,"comment_status":"closed","ping_status":"closed","template":"","meta":{"footnotes":""},"class_list":["post-9232","page","type-page","status-publish","hentry"],"yoast_head":"<!-- This site is optimized with the Yoast SEO plugin v27.5 - https:\/\/yoast.com\/product\/yoast-seo-wordpress\/ -->\n<title>Rotator Sound Metrics R3 - ESCORT TECHNOLOGY<\/title>\n<meta name=\"robots\" content=\"index, follow, max-snippet:-1, max-image-preview:large, max-video-preview:-1\" \/>\n<link rel=\"canonical\" href=\"https:\/\/escort-technology.com\/en\/de\/rotator-sound-metrics-r3\/\" \/>\n<meta property=\"og:locale\" content=\"en_US\" \/>\n<meta property=\"og:type\" content=\"article\" \/>\n<meta property=\"og:title\" content=\"Rotator Sound Metrics R3 - ESCORT TECHNOLOGY\" \/>\n<meta property=\"og:description\" content=\"Rotator Sound Metrics R3 LEPSZE CELOWANIE POD KA\u017bDYM K\u0104TEM\u0141atwe i precyzyjne celowanie za pomoc\u0105 ARIS Explorer z ARIS Rotator AR\u2083 &#8211; 3-osiowe sterowanie: Pan\/Tilt\/Roll. Karta katalogowa Osi\u0105gnij tr\u00f3jwymiarow\u0105 perspektyw\u0119 celu, zmieniaj\u0105c k\u0105t obrotu lub prze\u0142\u0105czaj\u0105c si\u0119 mi\u0119dzy trybami obrazowania poziomego i pionowego za pomoc\u0105 funkcji obrotu o 90\u00ba! R\u0119czne i automatyczne sterowanie tym rotatorem jest [&hellip;]\" \/>\n<meta property=\"og:url\" content=\"https:\/\/escort-technology.com\/en\/de\/rotator-sound-metrics-r3\/\" \/>\n<meta property=\"og:site_name\" content=\"ESCORT TECHNOLOGY\" \/>\n<meta property=\"article:publisher\" content=\"https:\/\/www.facebook.com\/elektronika.morska\/\" \/>\n<meta property=\"article:modified_time\" content=\"2021-05-14T09:20:35+00:00\" \/>\n<meta property=\"og:image\" content=\"https:\/\/escort-technology.com\/wp-content\/uploads\/2021\/05\/6-ARIS-AR3.jpg\" \/>\n<meta name=\"twitter:card\" content=\"summary_large_image\" \/>\n<script type=\"application\/ld+json\" class=\"yoast-schema-graph\">{\"@context\":\"https:\\\/\\\/schema.org\",\"@graph\":[{\"@type\":\"WebPage\",\"@id\":\"https:\\\/\\\/escort-technology.com\\\/de\\\/rotator-sound-metrics-r3\\\/\",\"url\":\"https:\\\/\\\/escort-technology.com\\\/de\\\/rotator-sound-metrics-r3\\\/\",\"name\":\"Rotator Sound Metrics R3 - ESCORT TECHNOLOGY\",\"isPartOf\":{\"@id\":\"http:\\\/\\\/escort-technology.com\\\/de\\\/#website\"},\"datePublished\":\"2021-05-14T09:15:03+00:00\",\"dateModified\":\"2021-05-14T09:20:35+00:00\",\"breadcrumb\":{\"@id\":\"https:\\\/\\\/escort-technology.com\\\/de\\\/rotator-sound-metrics-r3\\\/#breadcrumb\"},\"inLanguage\":\"en-US\",\"potentialAction\":[{\"@type\":\"ReadAction\",\"target\":[\"https:\\\/\\\/escort-technology.com\\\/de\\\/rotator-sound-metrics-r3\\\/\"]}]},{\"@type\":\"BreadcrumbList\",\"@id\":\"https:\\\/\\\/escort-technology.com\\\/de\\\/rotator-sound-metrics-r3\\\/#breadcrumb\",\"itemListElement\":[{\"@type\":\"ListItem\",\"position\":1,\"name\":\"Strona g\u0142\u00f3wna\",\"item\":\"https:\\\/\\\/escort-technology.com\\\/\"},{\"@type\":\"ListItem\",\"position\":2,\"name\":\"Rotator Sound Metrics R3\"}]},{\"@type\":\"WebSite\",\"@id\":\"http:\\\/\\\/escort-technology.com\\\/de\\\/#website\",\"url\":\"http:\\\/\\\/escort-technology.com\\\/de\\\/\",\"name\":\"ESCORT TECHNOLOGY\",\"description\":\"Elektronika morska i l\u0105dowa\",\"publisher\":{\"@id\":\"http:\\\/\\\/escort-technology.com\\\/de\\\/#organization\"},\"potentialAction\":[{\"@type\":\"SearchAction\",\"target\":{\"@type\":\"EntryPoint\",\"urlTemplate\":\"http:\\\/\\\/escort-technology.com\\\/de\\\/?s={search_term_string}\"},\"query-input\":{\"@type\":\"PropertyValueSpecification\",\"valueRequired\":true,\"valueName\":\"search_term_string\"}}],\"inLanguage\":\"en-US\"},{\"@type\":\"Organization\",\"@id\":\"http:\\\/\\\/escort-technology.com\\\/de\\\/#organization\",\"name\":\"ESCORT TECHNOLOGY\",\"url\":\"http:\\\/\\\/escort-technology.com\\\/de\\\/\",\"logo\":{\"@type\":\"ImageObject\",\"inLanguage\":\"en-US\",\"@id\":\"http:\\\/\\\/escort-technology.com\\\/de\\\/#\\\/schema\\\/logo\\\/image\\\/\",\"url\":\"https:\\\/\\\/escort-technology.com\\\/wp-content\\\/uploads\\\/logo-1.jpg\",\"contentUrl\":\"https:\\\/\\\/escort-technology.com\\\/wp-content\\\/uploads\\\/logo-1.jpg\",\"width\":600,\"height\":165,\"caption\":\"ESCORT TECHNOLOGY\"},\"image\":{\"@id\":\"http:\\\/\\\/escort-technology.com\\\/de\\\/#\\\/schema\\\/logo\\\/image\\\/\"},\"sameAs\":[\"https:\\\/\\\/www.facebook.com\\\/elektronika.morska\\\/\",\"https:\\\/\\\/www.linkedin.com\\\/company\\\/escort-sp-z-o-o-\\\/\"]}]}<\/script>\n<!-- \/ Yoast SEO plugin. -->","yoast_head_json":{"title":"Rotator Sound Metrics R3 - ESCORT TECHNOLOGY","robots":{"index":"index","follow":"follow","max-snippet":"max-snippet:-1","max-image-preview":"max-image-preview:large","max-video-preview":"max-video-preview:-1"},"canonical":"https:\/\/escort-technology.com\/en\/de\/rotator-sound-metrics-r3\/","og_locale":"en_US","og_type":"article","og_title":"Rotator Sound Metrics R3 - ESCORT TECHNOLOGY","og_description":"Rotator Sound Metrics R3 LEPSZE CELOWANIE POD KA\u017bDYM K\u0104TEM\u0141atwe i precyzyjne celowanie za pomoc\u0105 ARIS Explorer z ARIS Rotator AR\u2083 &#8211; 3-osiowe sterowanie: Pan\/Tilt\/Roll. Karta katalogowa Osi\u0105gnij tr\u00f3jwymiarow\u0105 perspektyw\u0119 celu, zmieniaj\u0105c k\u0105t obrotu lub prze\u0142\u0105czaj\u0105c si\u0119 mi\u0119dzy trybami obrazowania poziomego i pionowego za pomoc\u0105 funkcji obrotu o 90\u00ba! R\u0119czne i automatyczne sterowanie tym rotatorem jest [&hellip;]","og_url":"https:\/\/escort-technology.com\/en\/de\/rotator-sound-metrics-r3\/","og_site_name":"ESCORT TECHNOLOGY","article_publisher":"https:\/\/www.facebook.com\/elektronika.morska\/","article_modified_time":"2021-05-14T09:20:35+00:00","og_image":[{"url":"https:\/\/escort-technology.com\/wp-content\/uploads\/2021\/05\/6-ARIS-AR3.jpg","type":"","width":"","height":""}],"twitter_card":"summary_large_image","schema":{"@context":"https:\/\/schema.org","@graph":[{"@type":"WebPage","@id":"https:\/\/escort-technology.com\/de\/rotator-sound-metrics-r3\/","url":"https:\/\/escort-technology.com\/de\/rotator-sound-metrics-r3\/","name":"Rotator Sound Metrics R3 - ESCORT TECHNOLOGY","isPartOf":{"@id":"http:\/\/escort-technology.com\/de\/#website"},"datePublished":"2021-05-14T09:15:03+00:00","dateModified":"2021-05-14T09:20:35+00:00","breadcrumb":{"@id":"https:\/\/escort-technology.com\/de\/rotator-sound-metrics-r3\/#breadcrumb"},"inLanguage":"en-US","potentialAction":[{"@type":"ReadAction","target":["https:\/\/escort-technology.com\/de\/rotator-sound-metrics-r3\/"]}]},{"@type":"BreadcrumbList","@id":"https:\/\/escort-technology.com\/de\/rotator-sound-metrics-r3\/#breadcrumb","itemListElement":[{"@type":"ListItem","position":1,"name":"Strona g\u0142\u00f3wna","item":"https:\/\/escort-technology.com\/"},{"@type":"ListItem","position":2,"name":"Rotator Sound Metrics R3"}]},{"@type":"WebSite","@id":"http:\/\/escort-technology.com\/de\/#website","url":"http:\/\/escort-technology.com\/de\/","name":"ESCORT TECHNOLOGY","description":"Onshore and offshore electronics","publisher":{"@id":"http:\/\/escort-technology.com\/de\/#organization"},"potentialAction":[{"@type":"SearchAction","target":{"@type":"EntryPoint","urlTemplate":"http:\/\/escort-technology.com\/de\/?s={search_term_string}"},"query-input":{"@type":"PropertyValueSpecification","valueRequired":true,"valueName":"search_term_string"}}],"inLanguage":"en-US"},{"@type":"Organization","@id":"http:\/\/escort-technology.com\/de\/#organization","name":"ESCORT TECHNOLOGY","url":"http:\/\/escort-technology.com\/de\/","logo":{"@type":"ImageObject","inLanguage":"en-US","@id":"http:\/\/escort-technology.com\/de\/#\/schema\/logo\/image\/","url":"https:\/\/escort-technology.com\/wp-content\/uploads\/logo-1.jpg","contentUrl":"https:\/\/escort-technology.com\/wp-content\/uploads\/logo-1.jpg","width":600,"height":165,"caption":"ESCORT TECHNOLOGY"},"image":{"@id":"http:\/\/escort-technology.com\/de\/#\/schema\/logo\/image\/"},"sameAs":["https:\/\/www.facebook.com\/elektronika.morska\/","https:\/\/www.linkedin.com\/company\/escort-sp-z-o-o-\/"]}]}},"_links":{"self":[{"href":"https:\/\/escort-technology.com\/en\/wp-json\/wp\/v2\/pages\/9232","targetHints":{"allow":["GET"]}}],"collection":[{"href":"https:\/\/escort-technology.com\/en\/wp-json\/wp\/v2\/pages"}],"about":[{"href":"https:\/\/escort-technology.com\/en\/wp-json\/wp\/v2\/types\/page"}],"author":[{"embeddable":true,"href":"https:\/\/escort-technology.com\/en\/wp-json\/wp\/v2\/users\/10"}],"replies":[{"embeddable":true,"href":"https:\/\/escort-technology.com\/en\/wp-json\/wp\/v2\/comments?post=9232"}],"version-history":[{"count":3,"href":"https:\/\/escort-technology.com\/en\/wp-json\/wp\/v2\/pages\/9232\/revisions"}],"predecessor-version":[{"id":9238,"href":"https:\/\/escort-technology.com\/en\/wp-json\/wp\/v2\/pages\/9232\/revisions\/9238"}],"wp:attachment":[{"href":"https:\/\/escort-technology.com\/en\/wp-json\/wp\/v2\/media?parent=9232"}],"curies":[{"name":"wp","href":"https:\/\/api.w.org\/{rel}","templated":true}]}}