{"id":9353,"date":"2021-05-19T08:33:27","date_gmt":"2021-05-19T06:33:27","guid":{"rendered":"https:\/\/escort-technology.com\/?page_id=9353"},"modified":"2021-05-19T08:47:00","modified_gmt":"2021-05-19T06:47:00","slug":"radiotelefon-vhf-z-ais-simrad-rs40","status":"publish","type":"page","link":"https:\/\/escort-technology.com\/en\/radiotelefon-vhf-z-ais-simrad-rs40\/","title":{"rendered":"Radiotelefon VHF  z AIS SIMRAD RS40"},"content":{"rendered":"<h1>\n<h1 class=\"uk-article-title\">Radiotelefon VHF z AIS SIMRAD RS40<\/h1>\n<\/h1>\n<hr>\n<p><img decoding=\"async\" src=\"\/wp-content\/uploads\/000-14470-001_02.jpg\" alt=\"\"><\/p>\n<div>\n<\/p>\n<p><strong>Radiotelefon VHF z wbudowanym transponderem AIS i odbiornikiem GPS gwarantuje bezpiecze\u0144stwo na wodzie.\u00a0 Zobacz i b\u0105d\u017a widziany przez pobliskie statki wyposa\u017cone w system AIS dzi\u0119ki zintegrowanemu transponderowi AIS klasy B i dodaj do dw\u00f3ch opcjonalnych bezprzewodowych s\u0142uchawek, aby pozosta\u0107 w kontakcie z dowolnego miejsca na pok\u0142adzie.<\/strong><\/p>\n<\/div>\n<ul>\n<li>\n<h3>Opis urz\u0105dzenia <\/h3>\n<div>\n<p><strong>Widzie\u0107 i by\u0107 widzianym dzi\u0119ki zintegrowanemu systemowi AIS<\/strong><br \/>RS40-B zawiera transponder AIS klasy B, kt\u00f3ry nie tylko odbiera sygna\u0142y AIS, ale tak\u017ce przesy\u0142a pozycj\u0119 \u0142odzi do pobliskich jednostek wyposa\u017conych w AIS. Pomaga to innym \u017ceglarzom dostrzec Twoj\u0105 \u0142\u00f3d\u017a w ka\u017cdych warunkach, w dzie\u0144 i w nocy. Wbudowany odbiornik AIS monitoruje pozycj\u0119 innych statk\u00f3w wyposa\u017conych w system AIS, pomagaj\u0105c Ci aktywnie unika\u0107 kolizji w zat\u0142oczonych portach i drogach wodnych. Informacje AIS mog\u0105 by\u0107 wy\u015bwietlane na wbudowanym ekranie radia lub na\u0142o\u017cone na map\u0119 lub ekran radaru za pomoc\u0105 kompatybilnego wy\u015bwietlacza wielofunkcyjnego.<\/p>\n<p><strong>Od\u0142\u0105czany mikrofon<\/strong><br \/>Od\u0142\u0105czany mikrofon\u00a0 RS40-B mo\u017cna pod\u0142\u0105czy\u0107 z przodu lub z ty\u0142u radia, a opcjonalne kable przed\u0142u\u017caj\u0105ce umo\u017cliwiaj\u0105 oddzielne zamontowanie mikrofonu i radia. Oferuje to proste i ekonomiczne rozwi\u0105zanie dla ka\u017cdego miejsca monta\u017cu, bez pl\u0105taniny kabli. Na przyk\u0142ad RS40-B mo\u017cna zamontowa\u0107 nad g\u0142ow\u0105, bez wisz\u0105cych kabli, a mikrofon pod\u0142\u0105czy\u0107 do gniazda przed\u0142u\u017caj\u0105cego na desce rozdzielczej poni\u017cej.<\/p>\n<p><strong>Mo\u017cliwo\u015b\u0107 rozbudowy o bezprzewodowe zestawy s\u0142uchawkowe<\/strong><br \/>Dodaj opcjonalny bezprzewodowy zestaw s\u0142uchawkowy HS40, aby zabra\u0107 sw\u00f3j radiotelefon w dowolne miejsce na pok\u0142adzie. Ka\u017cda s\u0142uchawka dubluje wy\u015bwietlacz i elementy steruj\u0105ce radia, umo\u017cliwiaj\u0105c zdalny dost\u0119p do wszystkich kluczowych funkcji. Do jednego RS40-B mo\u017cna pod\u0142\u0105czy\u0107 maksymalnie dwie s\u0142uchawki, a po pod\u0142\u0105czeniu wielu s\u0142uchawek radio pe\u0142ni funkcj\u0119 pok\u0142adowego interkomu.<\/p>\n<\/div>\n<\/li>\n<li>\n<h3>Kluczowe cechy <\/h3>\n<div>\n<ul>\n<li>Zintegrowany transponder AIS klasy B<\/li>\n<li>Radiotelefon VHF klasy z DSC klasy D<\/li>\n<li>Zintegrowany odbiornik GPS<\/li>\n<li>Wyjmowany mikrofon\u00a0 umo\u017cliwia pod\u0142\u0105czenie z przodu lub z ty\u0142u radiotelefonu<\/li>\n<li>Mo\u017cliwo\u015b\u0107 pod\u0142\u0105czenia do dw\u00f3ch bezprzewodowych zestaw\u00f3w g\u0142o\u015bnom\u00f3wi\u0105cych<\/li>\n<li>Dodaj opcjonalny g\u0142o\u015bnik lub zewn\u0119trzny g\u0142o\u015bnik<\/li>\n<li>\u0141\u0105czno\u015b\u0107 NMEA 0183\u00ae i NMEA 2000\u00ae.<\/li>\n<\/ul>\n<\/div>\n<\/li>\n<li>\n<h3>zestaw zawiera: <\/h3>\n<div>\n<ul class=\"c-in-the-box__bullets\">\n<li class=\"c-in-the-box__item col-xs-12 col-sm-6 col-md-12\"><img decoding=\"async\" src=\"https:\/\/www.simrad-yachting.com\/globalassets\/inriver\/resources\/000-14921-001_01.jpg?w=60&amp;h=40&amp;scale=both&amp;mode=crop\" \/><span class=\"c-in-the-box__name\">RS40 VHF Mikrofon<\/span><\/li>\n<li class=\"c-in-the-box__item col-xs-12 col-sm-6 col-md-12\"><img decoding=\"async\" src=\"https:\/\/www.simrad-yachting.com\/globalassets\/inriver\/resources\/000-14915-001_01.jpg?w=60&amp;h=40&amp;scale=both&amp;mode=crop\" \/><span class=\"c-in-the-box__name\">RS40\/V60 VHF Zestaw monta\u017cowy<\/span><\/li>\n<li class=\"c-in-the-box__item col-xs-12 col-sm-6 col-md-12\"><img decoding=\"async\" src=\"https:\/\/www.simrad-yachting.com\/globalassets\/inriver\/resources\/000-14917-001_01.jpg?w=60&amp;h=40&amp;scale=both&amp;mode=crop\" \/><span class=\"c-in-the-box__name\">RS40\/V60 VHF Uchwyt z pokr\u0119t\u0142ami<\/span><\/li>\n<li class=\"c-in-the-box__item col-xs-12 col-sm-6 col-md-12\"><img decoding=\"async\" src=\"https:\/\/www.simrad-yachting.com\/globalassets\/inriver\/resources\/000-14912-001_01.jpg?w=60&amp;h=40&amp;scale=both&amp;mode=crop\" \/><span class=\"c-in-the-box__name\">RS40 \/ RS40-B VHF Pokrywka<\/span><\/li>\n<li class=\"c-in-the-box__item col-xs-12 col-sm-6 col-md-12\"><img decoding=\"async\" src=\"https:\/\/www.simrad-yachting.com\/globalassets\/inriver\/resources\/000-14919-001_01.jpg?w=60&amp;h=40&amp;scale=both&amp;mode=crop\" \/><span class=\"c-in-the-box__name\">RS40\/V60 Zaczep do mikrofonu<\/span><\/li>\n<\/ul>\n<\/div>\n<\/li>\n<\/ul>\n<p><!--more--><br \/>\n<!-- {\"type\":\"layout\",\"children\":[{\"type\":\"section\",\"props\":{\"style\":\"default\",\"width\":\"default\",\"vertical_align\":\"middle\",\"title_position\":\"top-left\",\"title_rotation\":\"left\",\"title_breakpoint\":\"xl\",\"image_position\":\"center-center\"},\"children\":[{\"type\":\"row\",\"children\":[{\"type\":\"column\",\"props\":{\"image_position\":\"center-center\",\"media_overlay_gradient\":\"\"},\"children\":[{\"type\":\"headline\",\"props\":{\"title_element\":\"h1\",\"content\":\"\n\n<h1 class=\\\"uk-article-title\\\">Radiotelefon VHF z AIS SIMRAD RS40<\\\/h1>\"}},{\"type\":\"divider\",\"props\":{\"divider_element\":\"hr\"}}]}]}]},{\"type\":\"section\",\"props\":{\"style\":\"default\",\"width\":\"default\",\"vertical_align\":\"middle\",\"title_position\":\"top-left\",\"title_rotation\":\"left\",\"title_breakpoint\":\"xl\",\"image_position\":\"center-center\"},\"children\":[{\"type\":\"row\",\"props\":{\"layout\":\"1-2,1-2\"},\"children\":[{\"type\":\"column\",\"props\":{\"image_position\":\"center-center\",\"media_overlay_gradient\":\"\",\"width_medium\":\"1-2\"},\"children\":[{\"type\":\"image\",\"props\":{\"margin\":\"default\",\"image_svg_color\":\"emphasis\",\"image\":\"wp-content\\\/uploads\\\/000-14470-001_02.jpg\"}}]},{\"type\":\"column\",\"props\":{\"image_position\":\"center-center\",\"media_overlay_gradient\":\"\",\"width_medium\":\"1-2\"},\"children\":[{\"type\":\"text\",\"props\":{\"margin\":\"default\",\"column_breakpoint\":\"m\",\"content\":\"\n\n<p><\\\/p>\\n\n\n<p><\\\/p>\\n\n\n<p><\\\/p>\\n\n\n<p><strong>Radiotelefon VHF z wbudowanym transponderem AIS i odbiornikiem GPS gwarantuje bezpiecze\\u0144stwo na wodzie.\\u00a0 Zobacz i b\\u0105d\\u017a widziany przez pobliskie statki wyposa\\u017cone w system AIS dzi\\u0119ki zintegrowanemu transponderowi AIS klasy B i dodaj do dw\\u00f3ch opcjonalnych bezprzewodowych s\\u0142uchawek, aby pozosta\\u0107 w kontakcie z dowolnego miejsca na pok\\u0142adzie.<\\\/strong><\\\/p>\"}}]}]}]},{\"type\":\"section\",\"props\":{\"style\":\"default\",\"width\":\"default\",\"vertical_align\":\"middle\",\"title_position\":\"top-left\",\"title_rotation\":\"left\",\"title_breakpoint\":\"xl\",\"image_position\":\"center-center\"},\"children\":[{\"type\":\"row\",\"children\":[{\"type\":\"column\",\"props\":{\"image_position\":\"center-center\",\"media_overlay_gradient\":\"\"},\"children\":[{\"type\":\"switcher\",\"props\":{\"show_title\":true,\"show_meta\":true,\"show_content\":true,\"show_image\":true,\"show_link\":true,\"show_label\":true,\"show_thumbnail\":true,\"switcher_style\":\"tab\",\"switcher_thumbnail_svg_color\":\"emphasis\",\"switcher_position\":\"top\",\"switcher_align\":\"left\",\"switcher_grid_width\":\"auto\",\"switcher_grid_breakpoint\":\"m\",\"switcher_animation\":\"fade\",\"switcher_height\":true,\"title_element\":\"h3\",\"title_align\":\"top\",\"title_grid_width\":\"1-2\",\"title_grid_breakpoint\":\"m\",\"meta_style\":\"meta\",\"meta_align\":\"below-title\",\"meta_element\":\"div\",\"content_column_breakpoint\":\"m\",\"image_svg_color\":\"emphasis\",\"image_align\":\"top\",\"image_grid_width\":\"1-2\",\"image_grid_breakpoint\":\"m\",\"switcher_thumbnail_width\":\"100\",\"switcher_thumbnail_height\":\"75\",\"link_text\":\"Read more\",\"link_style\":\"default\",\"margin\":\"default\"},\"children\":[{\"type\":\"switcher_item\",\"props\":{\"title\":\"Opis urz\\u0105dzenia \",\"content\":\"\n\n<p><strong>Widzie\\u0107 i by\\u0107 widzianym dzi\\u0119ki zintegrowanemu systemowi AIS<\\\/strong><br \\\/>RS40-B zawiera transponder AIS klasy B, kt\\u00f3ry nie tylko odbiera sygna\\u0142y AIS, ale tak\\u017ce przesy\\u0142a pozycj\\u0119 \\u0142odzi do pobliskich jednostek wyposa\\u017conych w AIS. Pomaga to innym \\u017ceglarzom dostrzec Twoj\\u0105 \\u0142\\u00f3d\\u017a w ka\\u017cdych warunkach, w dzie\\u0144 i w nocy. Wbudowany odbiornik AIS monitoruje pozycj\\u0119 innych statk\\u00f3w wyposa\\u017conych w system AIS, pomagaj\\u0105c Ci aktywnie unika\\u0107 kolizji w zat\\u0142oczonych portach i drogach wodnych. Informacje AIS mog\\u0105 by\\u0107 wy\\u015bwietlane na wbudowanym ekranie radia lub na\\u0142o\\u017cone na map\\u0119 lub ekran radaru za pomoc\\u0105 kompatybilnego wy\\u015bwietlacza wielofunkcyjnego.<\\\/p>\\n\n\n<p><strong>Od\\u0142\\u0105czany mikrofon<\\\/strong><br \\\/>Od\\u0142\\u0105czany mikrofon\\u00a0 RS40-B mo\\u017cna pod\\u0142\\u0105czy\\u0107 z przodu lub z ty\\u0142u radia, a opcjonalne kable przed\\u0142u\\u017caj\\u0105ce umo\\u017cliwiaj\\u0105 oddzielne zamontowanie mikrofonu i radia. Oferuje to proste i ekonomiczne rozwi\\u0105zanie dla ka\\u017cdego miejsca monta\\u017cu, bez pl\\u0105taniny kabli. Na przyk\\u0142ad RS40-B mo\\u017cna zamontowa\\u0107 nad g\\u0142ow\\u0105, bez wisz\\u0105cych kabli, a mikrofon pod\\u0142\\u0105czy\\u0107 do gniazda przed\\u0142u\\u017caj\\u0105cego na desce rozdzielczej poni\\u017cej.<\\\/p>\\n\n\n<p><strong>Mo\\u017cliwo\\u015b\\u0107 rozbudowy o bezprzewodowe zestawy s\\u0142uchawkowe<\\\/strong><br \\\/>Dodaj opcjonalny bezprzewodowy zestaw s\\u0142uchawkowy HS40, aby zabra\\u0107 sw\\u00f3j radiotelefon w dowolne miejsce na pok\\u0142adzie. Ka\\u017cda s\\u0142uchawka dubluje wy\\u015bwietlacz i elementy steruj\\u0105ce radia, umo\\u017cliwiaj\\u0105c zdalny dost\\u0119p do wszystkich kluczowych funkcji. Do jednego RS40-B mo\\u017cna pod\\u0142\\u0105czy\\u0107 maksymalnie dwie s\\u0142uchawki, a po pod\\u0142\\u0105czeniu wielu s\\u0142uchawek radio pe\\u0142ni funkcj\\u0119 pok\\u0142adowego interkomu.<\\\/p>\"}},{\"type\":\"switcher_item\",\"props\":{\"title\":\"Kluczowe cechy \",\"content\":\"\n\n<ul>\\n\n\n<li>Zintegrowany transponder AIS klasy B<\\\/li>\\n\n\n<li>Radiotelefon VHF klasy z DSC klasy D<\\\/li>\\n\n\n<li>Zintegrowany odbiornik GPS<\\\/li>\\n\n\n<li>Wyjmowany mikrofon\\u00a0 umo\\u017cliwia pod\\u0142\\u0105czenie z przodu lub z ty\\u0142u radiotelefonu<\\\/li>\\n\n\n<li>Mo\\u017cliwo\\u015b\\u0107 pod\\u0142\\u0105czenia do dw\\u00f3ch bezprzewodowych zestaw\\u00f3w g\\u0142o\\u015bnom\\u00f3wi\\u0105cych<\\\/li>\\n\n\n<li>Dodaj opcjonalny g\\u0142o\\u015bnik lub zewn\\u0119trzny g\\u0142o\\u015bnik<\\\/li>\\n\n\n<li>\\u0141\\u0105czno\\u015b\\u0107 NMEA 0183\\u00ae i NMEA 2000\\u00ae.<\\\/li>\\n<\\\/ul>\"}},{\"type\":\"switcher_item\",\"props\":{\"title\":\"zestaw zawiera: \",\"content\":\"\n\n<ul class=\\\"c-in-the-box__bullets\\\">\\n\n\n<li class=\\\"c-in-the-box__item col-xs-12 col-sm-6 col-md-12\\\"><img src=\\\"https:\\\/\\\/www.simrad-yachting.com\\\/globalassets\\\/inriver\\\/resources\\\/000-14921-001_01.jpg?w=60&amp;h=40&amp;scale=both&amp;mode=crop\\\" \\\/><span class=\\\"c-in-the-box__name\\\">RS40 VHF Mikrofon<\\\/span><\\\/li>\\n\n\n<li class=\\\"c-in-the-box__item col-xs-12 col-sm-6 col-md-12\\\"><img src=\\\"https:\\\/\\\/www.simrad-yachting.com\\\/globalassets\\\/inriver\\\/resources\\\/000-14915-001_01.jpg?w=60&amp;h=40&amp;scale=both&amp;mode=crop\\\" \\\/><span class=\\\"c-in-the-box__name\\\">RS40\\\/V60 VHF Zestaw monta\\u017cowy<\\\/span><\\\/li>\\n\n\n<li class=\\\"c-in-the-box__item col-xs-12 col-sm-6 col-md-12\\\"><img src=\\\"https:\\\/\\\/www.simrad-yachting.com\\\/globalassets\\\/inriver\\\/resources\\\/000-14917-001_01.jpg?w=60&amp;h=40&amp;scale=both&amp;mode=crop\\\" \\\/><span class=\\\"c-in-the-box__name\\\">RS40\\\/V60 VHF Uchwyt z pokr\\u0119t\\u0142ami<\\\/span><\\\/li>\\n\n\n<li class=\\\"c-in-the-box__item col-xs-12 col-sm-6 col-md-12\\\"><img src=\\\"https:\\\/\\\/www.simrad-yachting.com\\\/globalassets\\\/inriver\\\/resources\\\/000-14912-001_01.jpg?w=60&amp;h=40&amp;scale=both&amp;mode=crop\\\" \\\/><span class=\\\"c-in-the-box__name\\\">RS40 \\\/ RS40-B VHF Pokrywka<\\\/span><\\\/li>\\n\n\n<li class=\\\"c-in-the-box__item col-xs-12 col-sm-6 col-md-12\\\"><img src=\\\"https:\\\/\\\/www.simrad-yachting.com\\\/globalassets\\\/inriver\\\/resources\\\/000-14919-001_01.jpg?w=60&amp;h=40&amp;scale=both&amp;mode=crop\\\" \\\/><span class=\\\"c-in-the-box__name\\\">RS40\\\/V60 Zaczep do mikrofonu<\\\/span><\\\/li>\\n<\\\/ul>\"}}]}]}]}]}],\"version\":\"2.4.14\"} --><\/p>\n","protected":false},"excerpt":{"rendered":"<p>Radiotelefon VHF z AIS SIMRAD RS40 Radiotelefon VHF z wbudowanym transponderem AIS i odbiornikiem GPS gwarantuje bezpiecze\u0144stwo na wodzie.\u00a0 Zobacz i b\u0105d\u017a widziany przez pobliskie statki wyposa\u017cone w system AIS dzi\u0119ki zintegrowanemu transponderowi AIS klasy B i dodaj do dw\u00f3ch opcjonalnych bezprzewodowych s\u0142uchawek, aby pozosta\u0107 w kontakcie z dowolnego miejsca na pok\u0142adzie. Opis urz\u0105dzenia Widzie\u0107 [&hellip;]<\/p>\n","protected":false},"author":10,"featured_media":0,"parent":0,"menu_order":0,"comment_status":"closed","ping_status":"closed","template":"","meta":{"footnotes":""},"class_list":["post-9353","page","type-page","status-publish","hentry"],"yoast_head":"<!-- This site is optimized with the Yoast SEO plugin v27.6 - https:\/\/yoast.com\/product\/yoast-seo-wordpress\/ -->\n<title>Radiotelefon VHF z AIS SIMRAD RS40 - ESCORT TECHNOLOGY<\/title>\n<meta name=\"robots\" content=\"index, follow, max-snippet:-1, max-image-preview:large, max-video-preview:-1\" \/>\n<link rel=\"canonical\" href=\"http:\/\/escort-technology.com\/en\/radiotelefon-vhf-z-ais-simrad-rs40\/\" \/>\n<meta property=\"og:locale\" content=\"en_US\" \/>\n<meta property=\"og:type\" content=\"article\" \/>\n<meta property=\"og:title\" content=\"Radiotelefon VHF z AIS SIMRAD RS40 - ESCORT TECHNOLOGY\" \/>\n<meta property=\"og:description\" content=\"Radiotelefon VHF z AIS SIMRAD RS40 Radiotelefon VHF z wbudowanym transponderem AIS i odbiornikiem GPS gwarantuje bezpiecze\u0144stwo na wodzie.\u00a0 Zobacz i b\u0105d\u017a widziany przez pobliskie statki wyposa\u017cone w system AIS dzi\u0119ki zintegrowanemu transponderowi AIS klasy B i dodaj do dw\u00f3ch opcjonalnych bezprzewodowych s\u0142uchawek, aby pozosta\u0107 w kontakcie z dowolnego miejsca na pok\u0142adzie. Opis urz\u0105dzenia Widzie\u0107 [&hellip;]\" \/>\n<meta property=\"og:url\" content=\"http:\/\/escort-technology.com\/en\/radiotelefon-vhf-z-ais-simrad-rs40\/\" \/>\n<meta property=\"og:site_name\" content=\"ESCORT TECHNOLOGY\" \/>\n<meta property=\"article:publisher\" content=\"https:\/\/www.facebook.com\/elektronika.morska\/\" \/>\n<meta property=\"article:modified_time\" content=\"2021-05-19T06:47:00+00:00\" \/>\n<meta property=\"og:image\" content=\"https:\/\/escort-technology.com\/wp-content\/uploads\/000-14470-001_02.jpg\" \/>\n<meta name=\"twitter:card\" content=\"summary_large_image\" \/>\n<meta name=\"twitter:label1\" content=\"Est. reading time\" \/>\n\t<meta name=\"twitter:data1\" content=\"2 minutes\" \/>\n<script type=\"application\/ld+json\" class=\"yoast-schema-graph\">{\"@context\":\"https:\\\/\\\/schema.org\",\"@graph\":[{\"@type\":\"WebPage\",\"@id\":\"http:\\\/\\\/escort-technology.com\\\/en\\\/radiotelefon-vhf-z-ais-simrad-rs40\\\/\",\"url\":\"http:\\\/\\\/escort-technology.com\\\/en\\\/radiotelefon-vhf-z-ais-simrad-rs40\\\/\",\"name\":\"Radiotelefon VHF z AIS SIMRAD RS40 - ESCORT TECHNOLOGY\",\"isPartOf\":{\"@id\":\"http:\\\/\\\/escort-technology.com\\\/de\\\/#website\"},\"primaryImageOfPage\":{\"@id\":\"http:\\\/\\\/escort-technology.com\\\/en\\\/radiotelefon-vhf-z-ais-simrad-rs40\\\/#primaryimage\"},\"image\":{\"@id\":\"http:\\\/\\\/escort-technology.com\\\/en\\\/radiotelefon-vhf-z-ais-simrad-rs40\\\/#primaryimage\"},\"thumbnailUrl\":\"https:\\\/\\\/www.simrad-yachting.com\\\/globalassets\\\/inriver\\\/resources\\\/000-14921-001_01.jpg?w=60&amp;h=40&amp;scale=both&amp;mode=crop\",\"datePublished\":\"2021-05-19T06:33:27+00:00\",\"dateModified\":\"2021-05-19T06:47:00+00:00\",\"breadcrumb\":{\"@id\":\"http:\\\/\\\/escort-technology.com\\\/en\\\/radiotelefon-vhf-z-ais-simrad-rs40\\\/#breadcrumb\"},\"inLanguage\":\"en-US\",\"potentialAction\":[{\"@type\":\"ReadAction\",\"target\":[\"http:\\\/\\\/escort-technology.com\\\/en\\\/radiotelefon-vhf-z-ais-simrad-rs40\\\/\"]}]},{\"@type\":\"ImageObject\",\"inLanguage\":\"en-US\",\"@id\":\"http:\\\/\\\/escort-technology.com\\\/en\\\/radiotelefon-vhf-z-ais-simrad-rs40\\\/#primaryimage\",\"url\":\"https:\\\/\\\/www.simrad-yachting.com\\\/globalassets\\\/inriver\\\/resources\\\/000-14921-001_01.jpg?w=60&amp;h=40&amp;scale=both&amp;mode=crop\",\"contentUrl\":\"https:\\\/\\\/www.simrad-yachting.com\\\/globalassets\\\/inriver\\\/resources\\\/000-14921-001_01.jpg?w=60&amp;h=40&amp;scale=both&amp;mode=crop\"},{\"@type\":\"BreadcrumbList\",\"@id\":\"http:\\\/\\\/escort-technology.com\\\/en\\\/radiotelefon-vhf-z-ais-simrad-rs40\\\/#breadcrumb\",\"itemListElement\":[{\"@type\":\"ListItem\",\"position\":1,\"name\":\"Strona g\u0142\u00f3wna\",\"item\":\"https:\\\/\\\/escort-technology.com\\\/\"},{\"@type\":\"ListItem\",\"position\":2,\"name\":\"Radiotelefon VHF z AIS SIMRAD RS40\"}]},{\"@type\":\"WebSite\",\"@id\":\"http:\\\/\\\/escort-technology.com\\\/de\\\/#website\",\"url\":\"http:\\\/\\\/escort-technology.com\\\/de\\\/\",\"name\":\"ESCORT TECHNOLOGY\",\"description\":\"Elektronika morska i l\u0105dowa\",\"publisher\":{\"@id\":\"http:\\\/\\\/escort-technology.com\\\/de\\\/#organization\"},\"potentialAction\":[{\"@type\":\"SearchAction\",\"target\":{\"@type\":\"EntryPoint\",\"urlTemplate\":\"http:\\\/\\\/escort-technology.com\\\/de\\\/?s={search_term_string}\"},\"query-input\":{\"@type\":\"PropertyValueSpecification\",\"valueRequired\":true,\"valueName\":\"search_term_string\"}}],\"inLanguage\":\"en-US\"},{\"@type\":\"Organization\",\"@id\":\"http:\\\/\\\/escort-technology.com\\\/de\\\/#organization\",\"name\":\"ESCORT TECHNOLOGY\",\"url\":\"http:\\\/\\\/escort-technology.com\\\/de\\\/\",\"logo\":{\"@type\":\"ImageObject\",\"inLanguage\":\"en-US\",\"@id\":\"http:\\\/\\\/escort-technology.com\\\/de\\\/#\\\/schema\\\/logo\\\/image\\\/\",\"url\":\"https:\\\/\\\/escort-technology.com\\\/wp-content\\\/uploads\\\/logo-1.jpg\",\"contentUrl\":\"https:\\\/\\\/escort-technology.com\\\/wp-content\\\/uploads\\\/logo-1.jpg\",\"width\":600,\"height\":165,\"caption\":\"ESCORT TECHNOLOGY\"},\"image\":{\"@id\":\"http:\\\/\\\/escort-technology.com\\\/de\\\/#\\\/schema\\\/logo\\\/image\\\/\"},\"sameAs\":[\"https:\\\/\\\/www.facebook.com\\\/elektronika.morska\\\/\",\"https:\\\/\\\/www.linkedin.com\\\/company\\\/escort-sp-z-o-o-\\\/\"]}]}<\/script>\n<!-- \/ Yoast SEO plugin. -->","yoast_head_json":{"title":"Radiotelefon VHF z AIS SIMRAD RS40 - ESCORT TECHNOLOGY","robots":{"index":"index","follow":"follow","max-snippet":"max-snippet:-1","max-image-preview":"max-image-preview:large","max-video-preview":"max-video-preview:-1"},"canonical":"http:\/\/escort-technology.com\/en\/radiotelefon-vhf-z-ais-simrad-rs40\/","og_locale":"en_US","og_type":"article","og_title":"Radiotelefon VHF z AIS SIMRAD RS40 - ESCORT TECHNOLOGY","og_description":"Radiotelefon VHF z AIS SIMRAD RS40 Radiotelefon VHF z wbudowanym transponderem AIS i odbiornikiem GPS gwarantuje bezpiecze\u0144stwo na wodzie.\u00a0 Zobacz i b\u0105d\u017a widziany przez pobliskie statki wyposa\u017cone w system AIS dzi\u0119ki zintegrowanemu transponderowi AIS klasy B i dodaj do dw\u00f3ch opcjonalnych bezprzewodowych s\u0142uchawek, aby pozosta\u0107 w kontakcie z dowolnego miejsca na pok\u0142adzie. Opis urz\u0105dzenia Widzie\u0107 [&hellip;]","og_url":"http:\/\/escort-technology.com\/en\/radiotelefon-vhf-z-ais-simrad-rs40\/","og_site_name":"ESCORT TECHNOLOGY","article_publisher":"https:\/\/www.facebook.com\/elektronika.morska\/","article_modified_time":"2021-05-19T06:47:00+00:00","og_image":[{"url":"https:\/\/escort-technology.com\/wp-content\/uploads\/000-14470-001_02.jpg","type":"","width":"","height":""}],"twitter_card":"summary_large_image","twitter_misc":{"Est. reading time":"2 minutes"},"schema":{"@context":"https:\/\/schema.org","@graph":[{"@type":"WebPage","@id":"http:\/\/escort-technology.com\/en\/radiotelefon-vhf-z-ais-simrad-rs40\/","url":"http:\/\/escort-technology.com\/en\/radiotelefon-vhf-z-ais-simrad-rs40\/","name":"Radiotelefon VHF z AIS SIMRAD RS40 - ESCORT TECHNOLOGY","isPartOf":{"@id":"http:\/\/escort-technology.com\/de\/#website"},"primaryImageOfPage":{"@id":"http:\/\/escort-technology.com\/en\/radiotelefon-vhf-z-ais-simrad-rs40\/#primaryimage"},"image":{"@id":"http:\/\/escort-technology.com\/en\/radiotelefon-vhf-z-ais-simrad-rs40\/#primaryimage"},"thumbnailUrl":"https:\/\/www.simrad-yachting.com\/globalassets\/inriver\/resources\/000-14921-001_01.jpg?w=60&amp;h=40&amp;scale=both&amp;mode=crop","datePublished":"2021-05-19T06:33:27+00:00","dateModified":"2021-05-19T06:47:00+00:00","breadcrumb":{"@id":"http:\/\/escort-technology.com\/en\/radiotelefon-vhf-z-ais-simrad-rs40\/#breadcrumb"},"inLanguage":"en-US","potentialAction":[{"@type":"ReadAction","target":["http:\/\/escort-technology.com\/en\/radiotelefon-vhf-z-ais-simrad-rs40\/"]}]},{"@type":"ImageObject","inLanguage":"en-US","@id":"http:\/\/escort-technology.com\/en\/radiotelefon-vhf-z-ais-simrad-rs40\/#primaryimage","url":"https:\/\/www.simrad-yachting.com\/globalassets\/inriver\/resources\/000-14921-001_01.jpg?w=60&amp;h=40&amp;scale=both&amp;mode=crop","contentUrl":"https:\/\/www.simrad-yachting.com\/globalassets\/inriver\/resources\/000-14921-001_01.jpg?w=60&amp;h=40&amp;scale=both&amp;mode=crop"},{"@type":"BreadcrumbList","@id":"http:\/\/escort-technology.com\/en\/radiotelefon-vhf-z-ais-simrad-rs40\/#breadcrumb","itemListElement":[{"@type":"ListItem","position":1,"name":"Strona g\u0142\u00f3wna","item":"https:\/\/escort-technology.com\/"},{"@type":"ListItem","position":2,"name":"Radiotelefon VHF z AIS SIMRAD RS40"}]},{"@type":"WebSite","@id":"http:\/\/escort-technology.com\/de\/#website","url":"http:\/\/escort-technology.com\/de\/","name":"ESCORT TECHNOLOGY","description":"Onshore and offshore electronics","publisher":{"@id":"http:\/\/escort-technology.com\/de\/#organization"},"potentialAction":[{"@type":"SearchAction","target":{"@type":"EntryPoint","urlTemplate":"http:\/\/escort-technology.com\/de\/?s={search_term_string}"},"query-input":{"@type":"PropertyValueSpecification","valueRequired":true,"valueName":"search_term_string"}}],"inLanguage":"en-US"},{"@type":"Organization","@id":"http:\/\/escort-technology.com\/de\/#organization","name":"ESCORT TECHNOLOGY","url":"http:\/\/escort-technology.com\/de\/","logo":{"@type":"ImageObject","inLanguage":"en-US","@id":"http:\/\/escort-technology.com\/de\/#\/schema\/logo\/image\/","url":"https:\/\/escort-technology.com\/wp-content\/uploads\/logo-1.jpg","contentUrl":"https:\/\/escort-technology.com\/wp-content\/uploads\/logo-1.jpg","width":600,"height":165,"caption":"ESCORT TECHNOLOGY"},"image":{"@id":"http:\/\/escort-technology.com\/de\/#\/schema\/logo\/image\/"},"sameAs":["https:\/\/www.facebook.com\/elektronika.morska\/","https:\/\/www.linkedin.com\/company\/escort-sp-z-o-o-\/"]}]}},"_links":{"self":[{"href":"https:\/\/escort-technology.com\/en\/wp-json\/wp\/v2\/pages\/9353","targetHints":{"allow":["GET"]}}],"collection":[{"href":"https:\/\/escort-technology.com\/en\/wp-json\/wp\/v2\/pages"}],"about":[{"href":"https:\/\/escort-technology.com\/en\/wp-json\/wp\/v2\/types\/page"}],"author":[{"embeddable":true,"href":"https:\/\/escort-technology.com\/en\/wp-json\/wp\/v2\/users\/10"}],"replies":[{"embeddable":true,"href":"https:\/\/escort-technology.com\/en\/wp-json\/wp\/v2\/comments?post=9353"}],"version-history":[{"count":4,"href":"https:\/\/escort-technology.com\/en\/wp-json\/wp\/v2\/pages\/9353\/revisions"}],"predecessor-version":[{"id":9359,"href":"https:\/\/escort-technology.com\/en\/wp-json\/wp\/v2\/pages\/9353\/revisions\/9359"}],"wp:attachment":[{"href":"https:\/\/escort-technology.com\/en\/wp-json\/wp\/v2\/media?parent=9353"}],"curies":[{"name":"wp","href":"https:\/\/api.w.org\/{rel}","templated":true}]}}