{"id":9360,"date":"2021-05-19T08:57:31","date_gmt":"2021-05-19T06:57:31","guid":{"rendered":"https:\/\/escort-technology.com\/?page_id=9360"},"modified":"2021-05-19T09:04:49","modified_gmt":"2021-05-19T07:04:49","slug":"bezprzewodowy-mikrofon-simrad-hs40","status":"publish","type":"page","link":"https:\/\/escort-technology.com\/en\/bezprzewodowy-mikrofon-simrad-hs40\/","title":{"rendered":"Bezprzewodowy mikrofon SIMRAD HS40"},"content":{"rendered":"<h1>\n<h1 class=\"uk-article-title\">Bezprzewodowy mikrofon SIMRAD HS40<\/h1>\n<\/h1>\n<hr>\n<p><img decoding=\"async\" src=\"\/wp-content\/uploads\/2021\/05\/000-14475-001_01.jpg\" alt=\"\"><\/p>\n<div>\n<p><strong>Przejmij zdaln\u0105 kontrol\u0119 nad swoim radiem VHF Simrad RS40 i ciesz si\u0119 moc\u0105 systemu montowanego na sta\u0142e z wygod\u0105 urz\u0105dzenia przeno\u015bnego. \u0141atwy do przenoszenia i prosty w u\u017cyciu, ten bezprzewodowy zestaw s\u0142uchawkowy daje Ci ca\u0142kowit\u0105 swobod\u0119 ruchu na pok\u0142adzie Twojej \u0142odzi.<\/strong><\/p>\n<\/div>\n<ul>\n<li>\n<h3>Opis urz\u0105dzenia<\/h3>\n<div>\n<p><strong>Bezprzewodowe sterowanie radiotelefonem VHF montowanym na sta\u0142e<\/strong><br \/>S\u0142uchawka HS40 oferuje zdaln\u0105 kontrol\u0119 nad radiem RS40 VHF montowanym na sta\u0142e. Wykonuj po\u0142\u0105czenia, przewijaj kana\u0142y i szybko inicjuj funkcje DSC w niebezpiecze\u0144stwie z dowolnego miejsca na pok\u0142adzie. HS40 zapewnia maksymaln\u0105 moc nadawania i funkcje radiotelefonu VHF montowanego na sta\u0142e, z wygod\u0105 i por\u0119czno\u015bci\u0105 radiotelefonu r\u0119cznego.<\/p>\n<p><strong>Komunikuj si\u0119 z dowolnego miejsca na pok\u0142adzie<\/strong><br \/>Dzi\u0119ki zasi\u0119gowi do 100 metr\u00f3w, HS40 oferuje pe\u0142ny zasi\u0119g na pok\u0142adzie nawet najwi\u0119kszych \u0142odzi motorowych. Jedna lub wi\u0119cej s\u0142uchawek HS40 i stacja bazowa RS40 mog\u0105 by\u0107 r\u00f3wnie\u017c u\u017cywane razem jako pok\u0142adowy system interkomowy, umo\u017cliwiaj\u0105c wyra\u017an\u0105 komunikacj\u0119 pomi\u0119dzy cz\u0142onkami za\u0142ogi na ca\u0142ym statku.<\/p>\n<p><strong>Zaprojektowany do pracy w warunkach rzeczywistych<\/strong><br \/>S\u0142uchawka HS40 posiada klas\u0119 wodoodporno\u015bci IPX7 i wykorzystuje system \u0142adowania indukcyjnego &#8211; co oznacza brak ods\u0142oni\u0119tych z\u0142\u0105czy zasilania &#8211; dla maksymalnej ochrony przed \u017cywio\u0142ami. Pe\u0142ne na\u0142adowanie zapewnia do 8 godzin u\u017cytkowania, daj\u0105c Ci pe\u0142n\u0105 swobod\u0119 poruszania si\u0119 po \u0142odzi.<\/p>\n<\/div>\n<\/li>\n<li>\n<h3>Kluczowe cechy <\/h3>\n<div>\n<ul>\n<li>Bezprzewodowa s\u0142uchawka do radiotelefonu RS40 VHF<\/li>\n<li>S\u0142uchawki i RS40 dzia\u0142aj\u0105 jako pok\u0142adowy interkom<\/li>\n<li>\u0141adowanie indukcyjne za pomoc\u0105 do\u0142\u0105czonej podstawki<\/li>\n<li>Czas pracy na baterii do 8 godzin<\/li>\n<li>Zasi\u0119g 100 metr\u00f3w od stacji bazowej<\/li>\n<li>Ca\u0142kowicie wodoodporny (IPX7)<\/li>\n<\/ul>\n<\/div>\n<\/li>\n<\/ul>\n<p><!--more--><br \/>\n<!-- {\"type\":\"layout\",\"children\":[{\"type\":\"section\",\"props\":{\"style\":\"default\",\"width\":\"default\",\"vertical_align\":\"middle\",\"title_position\":\"top-left\",\"title_rotation\":\"left\",\"title_breakpoint\":\"xl\",\"image_position\":\"center-center\"},\"children\":[{\"type\":\"row\",\"children\":[{\"type\":\"column\",\"props\":{\"image_position\":\"center-center\",\"media_overlay_gradient\":\"\"},\"children\":[{\"type\":\"headline\",\"props\":{\"title_element\":\"h1\",\"content\":\"\n\n<h1 class=\\\"uk-article-title\\\">Bezprzewodowy mikrofon SIMRAD HS40<\\\/h1>\"}},{\"type\":\"divider\",\"props\":{\"divider_element\":\"hr\"}}]}]}]},{\"type\":\"section\",\"props\":{\"style\":\"default\",\"width\":\"default\",\"vertical_align\":\"middle\",\"title_position\":\"top-left\",\"title_rotation\":\"left\",\"title_breakpoint\":\"xl\",\"image_position\":\"center-center\"},\"children\":[{\"type\":\"row\",\"props\":{\"layout\":\"1-2,1-2\"},\"children\":[{\"type\":\"column\",\"props\":{\"image_position\":\"center-center\",\"media_overlay_gradient\":\"\",\"width_medium\":\"1-2\"},\"children\":[{\"type\":\"image\",\"props\":{\"margin\":\"default\",\"image_svg_color\":\"emphasis\",\"image\":\"wp-content\\\/uploads\\\/2021\\\/05\\\/000-14475-001_01.jpg\"}}]},{\"type\":\"column\",\"props\":{\"image_position\":\"center-center\",\"media_overlay_gradient\":\"\",\"width_medium\":\"1-2\"},\"children\":[{\"type\":\"text\",\"props\":{\"margin\":\"default\",\"column_breakpoint\":\"m\",\"content\":\"\n\n<p><strong>Przejmij zdaln\\u0105 kontrol\\u0119 nad swoim radiem VHF Simrad RS40 i ciesz si\\u0119 moc\\u0105 systemu montowanego na sta\\u0142e z wygod\\u0105 urz\\u0105dzenia przeno\\u015bnego. \\u0141atwy do przenoszenia i prosty w u\\u017cyciu, ten bezprzewodowy zestaw s\\u0142uchawkowy daje Ci ca\\u0142kowit\\u0105 swobod\\u0119 ruchu na pok\\u0142adzie Twojej \\u0142odzi.<\\\/strong><\\\/p>\"}}]}]}]},{\"type\":\"section\",\"props\":{\"style\":\"default\",\"width\":\"default\",\"vertical_align\":\"middle\",\"title_position\":\"top-left\",\"title_rotation\":\"left\",\"title_breakpoint\":\"xl\",\"image_position\":\"center-center\"},\"children\":[{\"type\":\"row\",\"children\":[{\"type\":\"column\",\"props\":{\"image_position\":\"center-center\",\"media_overlay_gradient\":\"\"},\"children\":[{\"type\":\"switcher\",\"props\":{\"show_title\":true,\"show_meta\":true,\"show_content\":true,\"show_image\":true,\"show_link\":true,\"show_label\":true,\"show_thumbnail\":true,\"switcher_style\":\"tab\",\"switcher_thumbnail_svg_color\":\"emphasis\",\"switcher_position\":\"top\",\"switcher_align\":\"left\",\"switcher_grid_width\":\"auto\",\"switcher_grid_breakpoint\":\"m\",\"switcher_animation\":\"fade\",\"switcher_height\":true,\"title_element\":\"h3\",\"title_align\":\"top\",\"title_grid_width\":\"1-2\",\"title_grid_breakpoint\":\"m\",\"meta_style\":\"meta\",\"meta_align\":\"below-title\",\"meta_element\":\"div\",\"content_column_breakpoint\":\"m\",\"image_svg_color\":\"emphasis\",\"image_align\":\"top\",\"image_grid_width\":\"1-2\",\"image_grid_breakpoint\":\"m\",\"switcher_thumbnail_width\":\"100\",\"switcher_thumbnail_height\":\"75\",\"link_text\":\"Read more\",\"link_style\":\"default\",\"margin\":\"default\"},\"children\":[{\"type\":\"switcher_item\",\"props\":{\"title\":\"Opis urz\\u0105dzenia\",\"content\":\"\n\n<p><strong>Bezprzewodowe sterowanie radiotelefonem VHF montowanym na sta\\u0142e<\\\/strong><br \\\/>S\\u0142uchawka HS40 oferuje zdaln\\u0105 kontrol\\u0119 nad radiem RS40 VHF montowanym na sta\\u0142e. Wykonuj po\\u0142\\u0105czenia, przewijaj kana\\u0142y i szybko inicjuj funkcje DSC w niebezpiecze\\u0144stwie z dowolnego miejsca na pok\\u0142adzie. HS40 zapewnia maksymaln\\u0105 moc nadawania i funkcje radiotelefonu VHF montowanego na sta\\u0142e, z wygod\\u0105 i por\\u0119czno\\u015bci\\u0105 radiotelefonu r\\u0119cznego.<\\\/p>\\n\n\n<p><strong>Komunikuj si\\u0119 z dowolnego miejsca na pok\\u0142adzie<\\\/strong><br \\\/>Dzi\\u0119ki zasi\\u0119gowi do 100 metr\\u00f3w, HS40 oferuje pe\\u0142ny zasi\\u0119g na pok\\u0142adzie nawet najwi\\u0119kszych \\u0142odzi motorowych. Jedna lub wi\\u0119cej s\\u0142uchawek HS40 i stacja bazowa RS40 mog\\u0105 by\\u0107 r\\u00f3wnie\\u017c u\\u017cywane razem jako pok\\u0142adowy system interkomowy, umo\\u017cliwiaj\\u0105c wyra\\u017an\\u0105 komunikacj\\u0119 pomi\\u0119dzy cz\\u0142onkami za\\u0142ogi na ca\\u0142ym statku.<\\\/p>\\n\n\n<p><strong>Zaprojektowany do pracy w warunkach rzeczywistych<\\\/strong><br \\\/>S\\u0142uchawka HS40 posiada klas\\u0119 wodoodporno\\u015bci IPX7 i wykorzystuje system \\u0142adowania indukcyjnego - co oznacza brak ods\\u0142oni\\u0119tych z\\u0142\\u0105czy zasilania - dla maksymalnej ochrony przed \\u017cywio\\u0142ami. Pe\\u0142ne na\\u0142adowanie zapewnia do 8 godzin u\\u017cytkowania, daj\\u0105c Ci pe\\u0142n\\u0105 swobod\\u0119 poruszania si\\u0119 po \\u0142odzi.<\\\/p>\"}},{\"type\":\"switcher_item\",\"props\":{\"content\":\"\n\n<ul>\\n\n\n<li>Bezprzewodowa s\\u0142uchawka do radiotelefonu RS40 VHF<\\\/li>\\n\n\n<li>S\\u0142uchawki i RS40 dzia\\u0142aj\\u0105 jako pok\\u0142adowy interkom<\\\/li>\\n\n\n<li>\\u0141adowanie indukcyjne za pomoc\\u0105 do\\u0142\\u0105czonej podstawki<\\\/li>\\n\n\n<li>Czas pracy na baterii do 8 godzin<\\\/li>\\n\n\n<li>Zasi\\u0119g 100 metr\\u00f3w od stacji bazowej<\\\/li>\\n\n\n<li>Ca\\u0142kowicie wodoodporny (IPX7)<\\\/li>\\n<\\\/ul>\",\"title\":\"Kluczowe cechy \"}}]}]}]}]}],\"version\":\"2.4.14\"} --><\/p>\n","protected":false},"excerpt":{"rendered":"<p>Bezprzewodowy mikrofon SIMRAD HS40 Przejmij zdaln\u0105 kontrol\u0119 nad swoim radiem VHF Simrad RS40 i ciesz si\u0119 moc\u0105 systemu montowanego na sta\u0142e z wygod\u0105 urz\u0105dzenia przeno\u015bnego. \u0141atwy do przenoszenia i prosty w u\u017cyciu, ten bezprzewodowy zestaw s\u0142uchawkowy daje Ci ca\u0142kowit\u0105 swobod\u0119 ruchu na pok\u0142adzie Twojej \u0142odzi. Opis urz\u0105dzenia Bezprzewodowe sterowanie radiotelefonem VHF montowanym na sta\u0142eS\u0142uchawka HS40 [&hellip;]<\/p>\n","protected":false},"author":10,"featured_media":0,"parent":0,"menu_order":0,"comment_status":"closed","ping_status":"closed","template":"","meta":{"footnotes":""},"class_list":["post-9360","page","type-page","status-publish","hentry"],"yoast_head":"<!-- This site is optimized with the Yoast SEO plugin v27.5 - https:\/\/yoast.com\/product\/yoast-seo-wordpress\/ -->\n<title>Bezprzewodowy mikrofon SIMRAD HS40 - ESCORT TECHNOLOGY<\/title>\n<meta name=\"robots\" content=\"index, follow, max-snippet:-1, max-image-preview:large, max-video-preview:-1\" \/>\n<link rel=\"canonical\" href=\"https:\/\/escort-technology.com\/en\/bezprzewodowy-mikrofon-simrad-hs40\/\" \/>\n<meta property=\"og:locale\" content=\"en_US\" \/>\n<meta property=\"og:type\" content=\"article\" \/>\n<meta property=\"og:title\" content=\"Bezprzewodowy mikrofon SIMRAD HS40 - ESCORT TECHNOLOGY\" \/>\n<meta property=\"og:description\" content=\"Bezprzewodowy mikrofon SIMRAD HS40 Przejmij zdaln\u0105 kontrol\u0119 nad swoim radiem VHF Simrad RS40 i ciesz si\u0119 moc\u0105 systemu montowanego na sta\u0142e z wygod\u0105 urz\u0105dzenia przeno\u015bnego. \u0141atwy do przenoszenia i prosty w u\u017cyciu, ten bezprzewodowy zestaw s\u0142uchawkowy daje Ci ca\u0142kowit\u0105 swobod\u0119 ruchu na pok\u0142adzie Twojej \u0142odzi. Opis urz\u0105dzenia Bezprzewodowe sterowanie radiotelefonem VHF montowanym na sta\u0142eS\u0142uchawka HS40 [&hellip;]\" \/>\n<meta property=\"og:url\" content=\"https:\/\/escort-technology.com\/en\/bezprzewodowy-mikrofon-simrad-hs40\/\" \/>\n<meta property=\"og:site_name\" content=\"ESCORT TECHNOLOGY\" \/>\n<meta property=\"article:publisher\" content=\"https:\/\/www.facebook.com\/elektronika.morska\/\" \/>\n<meta property=\"article:modified_time\" content=\"2021-05-19T07:04:49+00:00\" \/>\n<meta property=\"og:image\" content=\"https:\/\/escort-technology.com\/wp-content\/uploads\/2021\/05\/000-14475-001_01.jpg\" \/>\n<meta name=\"twitter:card\" content=\"summary_large_image\" \/>\n<meta name=\"twitter:label1\" content=\"Est. reading time\" \/>\n\t<meta name=\"twitter:data1\" content=\"1 minute\" \/>\n<script type=\"application\/ld+json\" class=\"yoast-schema-graph\">{\"@context\":\"https:\\\/\\\/schema.org\",\"@graph\":[{\"@type\":\"WebPage\",\"@id\":\"https:\\\/\\\/escort-technology.com\\\/en\\\/bezprzewodowy-mikrofon-simrad-hs40\\\/\",\"url\":\"https:\\\/\\\/escort-technology.com\\\/en\\\/bezprzewodowy-mikrofon-simrad-hs40\\\/\",\"name\":\"Bezprzewodowy mikrofon SIMRAD HS40 - ESCORT TECHNOLOGY\",\"isPartOf\":{\"@id\":\"http:\\\/\\\/escort-technology.com\\\/de\\\/#website\"},\"datePublished\":\"2021-05-19T06:57:31+00:00\",\"dateModified\":\"2021-05-19T07:04:49+00:00\",\"breadcrumb\":{\"@id\":\"https:\\\/\\\/escort-technology.com\\\/en\\\/bezprzewodowy-mikrofon-simrad-hs40\\\/#breadcrumb\"},\"inLanguage\":\"en-US\",\"potentialAction\":[{\"@type\":\"ReadAction\",\"target\":[\"https:\\\/\\\/escort-technology.com\\\/en\\\/bezprzewodowy-mikrofon-simrad-hs40\\\/\"]}]},{\"@type\":\"BreadcrumbList\",\"@id\":\"https:\\\/\\\/escort-technology.com\\\/en\\\/bezprzewodowy-mikrofon-simrad-hs40\\\/#breadcrumb\",\"itemListElement\":[{\"@type\":\"ListItem\",\"position\":1,\"name\":\"Strona g\u0142\u00f3wna\",\"item\":\"https:\\\/\\\/escort-technology.com\\\/\"},{\"@type\":\"ListItem\",\"position\":2,\"name\":\"Bezprzewodowy mikrofon SIMRAD HS40\"}]},{\"@type\":\"WebSite\",\"@id\":\"http:\\\/\\\/escort-technology.com\\\/de\\\/#website\",\"url\":\"http:\\\/\\\/escort-technology.com\\\/de\\\/\",\"name\":\"ESCORT TECHNOLOGY\",\"description\":\"Elektronika morska i l\u0105dowa\",\"publisher\":{\"@id\":\"http:\\\/\\\/escort-technology.com\\\/de\\\/#organization\"},\"potentialAction\":[{\"@type\":\"SearchAction\",\"target\":{\"@type\":\"EntryPoint\",\"urlTemplate\":\"http:\\\/\\\/escort-technology.com\\\/de\\\/?s={search_term_string}\"},\"query-input\":{\"@type\":\"PropertyValueSpecification\",\"valueRequired\":true,\"valueName\":\"search_term_string\"}}],\"inLanguage\":\"en-US\"},{\"@type\":\"Organization\",\"@id\":\"http:\\\/\\\/escort-technology.com\\\/de\\\/#organization\",\"name\":\"ESCORT TECHNOLOGY\",\"url\":\"http:\\\/\\\/escort-technology.com\\\/de\\\/\",\"logo\":{\"@type\":\"ImageObject\",\"inLanguage\":\"en-US\",\"@id\":\"http:\\\/\\\/escort-technology.com\\\/de\\\/#\\\/schema\\\/logo\\\/image\\\/\",\"url\":\"https:\\\/\\\/escort-technology.com\\\/wp-content\\\/uploads\\\/logo-1.jpg\",\"contentUrl\":\"https:\\\/\\\/escort-technology.com\\\/wp-content\\\/uploads\\\/logo-1.jpg\",\"width\":600,\"height\":165,\"caption\":\"ESCORT TECHNOLOGY\"},\"image\":{\"@id\":\"http:\\\/\\\/escort-technology.com\\\/de\\\/#\\\/schema\\\/logo\\\/image\\\/\"},\"sameAs\":[\"https:\\\/\\\/www.facebook.com\\\/elektronika.morska\\\/\",\"https:\\\/\\\/www.linkedin.com\\\/company\\\/escort-sp-z-o-o-\\\/\"]}]}<\/script>\n<!-- \/ Yoast SEO plugin. -->","yoast_head_json":{"title":"Bezprzewodowy mikrofon SIMRAD HS40 - ESCORT TECHNOLOGY","robots":{"index":"index","follow":"follow","max-snippet":"max-snippet:-1","max-image-preview":"max-image-preview:large","max-video-preview":"max-video-preview:-1"},"canonical":"https:\/\/escort-technology.com\/en\/bezprzewodowy-mikrofon-simrad-hs40\/","og_locale":"en_US","og_type":"article","og_title":"Bezprzewodowy mikrofon SIMRAD HS40 - ESCORT TECHNOLOGY","og_description":"Bezprzewodowy mikrofon SIMRAD HS40 Przejmij zdaln\u0105 kontrol\u0119 nad swoim radiem VHF Simrad RS40 i ciesz si\u0119 moc\u0105 systemu montowanego na sta\u0142e z wygod\u0105 urz\u0105dzenia przeno\u015bnego. \u0141atwy do przenoszenia i prosty w u\u017cyciu, ten bezprzewodowy zestaw s\u0142uchawkowy daje Ci ca\u0142kowit\u0105 swobod\u0119 ruchu na pok\u0142adzie Twojej \u0142odzi. Opis urz\u0105dzenia Bezprzewodowe sterowanie radiotelefonem VHF montowanym na sta\u0142eS\u0142uchawka HS40 [&hellip;]","og_url":"https:\/\/escort-technology.com\/en\/bezprzewodowy-mikrofon-simrad-hs40\/","og_site_name":"ESCORT TECHNOLOGY","article_publisher":"https:\/\/www.facebook.com\/elektronika.morska\/","article_modified_time":"2021-05-19T07:04:49+00:00","og_image":[{"url":"https:\/\/escort-technology.com\/wp-content\/uploads\/2021\/05\/000-14475-001_01.jpg","type":"","width":"","height":""}],"twitter_card":"summary_large_image","twitter_misc":{"Est. reading time":"1 minute"},"schema":{"@context":"https:\/\/schema.org","@graph":[{"@type":"WebPage","@id":"https:\/\/escort-technology.com\/en\/bezprzewodowy-mikrofon-simrad-hs40\/","url":"https:\/\/escort-technology.com\/en\/bezprzewodowy-mikrofon-simrad-hs40\/","name":"Bezprzewodowy mikrofon SIMRAD HS40 - ESCORT TECHNOLOGY","isPartOf":{"@id":"http:\/\/escort-technology.com\/de\/#website"},"datePublished":"2021-05-19T06:57:31+00:00","dateModified":"2021-05-19T07:04:49+00:00","breadcrumb":{"@id":"https:\/\/escort-technology.com\/en\/bezprzewodowy-mikrofon-simrad-hs40\/#breadcrumb"},"inLanguage":"en-US","potentialAction":[{"@type":"ReadAction","target":["https:\/\/escort-technology.com\/en\/bezprzewodowy-mikrofon-simrad-hs40\/"]}]},{"@type":"BreadcrumbList","@id":"https:\/\/escort-technology.com\/en\/bezprzewodowy-mikrofon-simrad-hs40\/#breadcrumb","itemListElement":[{"@type":"ListItem","position":1,"name":"Strona g\u0142\u00f3wna","item":"https:\/\/escort-technology.com\/"},{"@type":"ListItem","position":2,"name":"Bezprzewodowy mikrofon SIMRAD HS40"}]},{"@type":"WebSite","@id":"http:\/\/escort-technology.com\/de\/#website","url":"http:\/\/escort-technology.com\/de\/","name":"ESCORT TECHNOLOGY","description":"Onshore and offshore electronics","publisher":{"@id":"http:\/\/escort-technology.com\/de\/#organization"},"potentialAction":[{"@type":"SearchAction","target":{"@type":"EntryPoint","urlTemplate":"http:\/\/escort-technology.com\/de\/?s={search_term_string}"},"query-input":{"@type":"PropertyValueSpecification","valueRequired":true,"valueName":"search_term_string"}}],"inLanguage":"en-US"},{"@type":"Organization","@id":"http:\/\/escort-technology.com\/de\/#organization","name":"ESCORT TECHNOLOGY","url":"http:\/\/escort-technology.com\/de\/","logo":{"@type":"ImageObject","inLanguage":"en-US","@id":"http:\/\/escort-technology.com\/de\/#\/schema\/logo\/image\/","url":"https:\/\/escort-technology.com\/wp-content\/uploads\/logo-1.jpg","contentUrl":"https:\/\/escort-technology.com\/wp-content\/uploads\/logo-1.jpg","width":600,"height":165,"caption":"ESCORT TECHNOLOGY"},"image":{"@id":"http:\/\/escort-technology.com\/de\/#\/schema\/logo\/image\/"},"sameAs":["https:\/\/www.facebook.com\/elektronika.morska\/","https:\/\/www.linkedin.com\/company\/escort-sp-z-o-o-\/"]}]}},"_links":{"self":[{"href":"https:\/\/escort-technology.com\/en\/wp-json\/wp\/v2\/pages\/9360","targetHints":{"allow":["GET"]}}],"collection":[{"href":"https:\/\/escort-technology.com\/en\/wp-json\/wp\/v2\/pages"}],"about":[{"href":"https:\/\/escort-technology.com\/en\/wp-json\/wp\/v2\/types\/page"}],"author":[{"embeddable":true,"href":"https:\/\/escort-technology.com\/en\/wp-json\/wp\/v2\/users\/10"}],"replies":[{"embeddable":true,"href":"https:\/\/escort-technology.com\/en\/wp-json\/wp\/v2\/comments?post=9360"}],"version-history":[{"count":3,"href":"https:\/\/escort-technology.com\/en\/wp-json\/wp\/v2\/pages\/9360\/revisions"}],"predecessor-version":[{"id":9365,"href":"https:\/\/escort-technology.com\/en\/wp-json\/wp\/v2\/pages\/9360\/revisions\/9365"}],"wp:attachment":[{"href":"https:\/\/escort-technology.com\/en\/wp-json\/wp\/v2\/media?parent=9360"}],"curies":[{"name":"wp","href":"https:\/\/api.w.org\/{rel}","templated":true}]}}