{"id":9378,"date":"2021-06-04T11:18:59","date_gmt":"2021-06-04T09:18:59","guid":{"rendered":"https:\/\/escort-technology.com\/?page_id=9378"},"modified":"2022-05-11T10:31:17","modified_gmt":"2022-05-11T08:31:17","slug":"sonar-rybacki-simrad-sy50","status":"publish","type":"page","link":"https:\/\/escort-technology.com\/en\/sonar-rybacki-simrad-sy50\/","title":{"rendered":"Sonar rybacki Simrad SY50"},"content":{"rendered":"<h1>\n<h1 class=\"uk-article-title\">Sonar rybacki Simrad SY50<\/h1>\n<\/h1>\n<hr>\n<p><img decoding=\"async\" src=\"\/wp-content\/uploads\/2021\/06\/kv1.jpg\" alt=\"\"><\/p>\n<div>\n<h2>Nowy kompaktowy dook\u00f3lny sonar do wykrywania ryb do\u0142\u0105czy\u0142 do wiod\u0105cego na rynku portfolio produkt\u00f3w firmy Simrad. Zaprojektowany z my\u015bl\u0105 o ma\u0142ych przybrze\u017cnych statkach rybackich, SY50 o \u015bredniej cz\u0119stotliwo\u015bci posiada jednak t\u0119 sam\u0105 zaawansowan\u0105 funkcjonalno\u015b\u0107, kt\u00f3ra charakteryzuje inne urz\u0105dzenia w asortymencie firmy Simrad; jest to pierwszy sonar w tym przedziale cenowym.<\/h2>\n<\/p>\n<\/div>\n<div>\n<p>Kluczem do przydatno\u015bci sonaru dla jednostek o ograniczonej przestrzeni jest pomys\u0142owa modyfikacja, kt\u00f3ra umieszcza ca\u0142\u0105 elektronik\u0119 transceivera wewn\u0105trz przetwornika, eliminuj\u0105c potrzeb\u0119 stosowania szafki transceivera, jednocze\u015bnie redukuj\u0105c ha\u0142as i upraszczaj\u0105c instalacj\u0119. Tylko pojedynczy kabel ethernetowy biegnie od komputera w mostku do zasilacza i jednostki kad\u0142ubowej, kt\u00f3ra jest na tyle ma\u0142a, \u017ce mo\u017cna j\u0105 umie\u015bci\u0107 na pniu instalacyjnym o \u015brednicy 8 cali.<\/p>\n<p>Sam komputer nie zawiera wentylatora ani \u017cadnych innych ruchomych cz\u0119\u015bci, wi\u0119c bez przeszk\u00f3d b\u0119dzie dzia\u0142a\u0142 w wilgotnym \u015brodowisku. Dodatkowo, zar\u00f3wno komputer jak i jednostka kad\u0142ubowa mog\u0105 by\u0107 zasilane pr\u0105dem sta\u0142ym, co jest bardzo przydatne na ma\u0142ych statkach rybackich nie posiadaj\u0105cych pok\u0142adowego 3-fazowego systemu zasilania.<\/p>\n<\/div>\n<p><img decoding=\"async\" src=\"\/wp-content\/uploads\/2021\/06\/d20200922_t154221_image.jpg\" alt=\"\"><\/p>\n<div>\n<p>Wyj\u0105tkowo jak na tak ma\u0142y i konkurencyjny cenowo sonar, wysokiej rozdzielczo\u015bci SY50 oferuje 256 indywidualnych kana\u0142\u00f3w odbiornika i nadajnika, jak r\u00f3wnie\u017c obejmuje funkcje normalnie spotykane tylko w wi\u0119kszych urz\u0105dzeniach. Nale\u017c\u0105 do nich transmisja single-ping, daj\u0105ca jednoczesny impuls poziomy i pionowy; transmisja FM; oraz pe\u0142na stabilizacja wi\u0105zki przez wewn\u0119trzny czujnik z elektroniczn\u0105 kompensacj\u0105 skoku i przechy\u0142u, plus opcja pod\u0142\u0105czenia do zewn\u0119trznego MRU (motion reference unit).<\/p>\n<p>Przy standardowej cz\u0119stotliwo\u015bci pracy 57kHz, SY50 pozwala u\u017cytkownikowi na wyb\u00f3r dowolnej cz\u0119stotliwo\u015bci pomi\u0119dzy 54 a 60kHz, regulowanej co 0,5kHz, co daje potencjalny zasi\u0119g dzia\u0142ania do 2000m (w zale\u017cno\u015bci od warunk\u00f3w akustycznych). Podobnie, wielokierunkowe wi\u0105zki sonaru przetwornika mog\u0105 by\u0107 elektronicznie przesuwane w krokach co 1\u00b0 od +10\u00b0 do -60\u00b0, umo\u017cliwiaj\u0105c u\u017cytkownikom automatyczne \u015bledzenie \u0142awic ryb i badanie ca\u0142ej obj\u0119to\u015bci wody otaczaj\u0105cej statek.<\/p>\n<\/div>\n<h1>Cechy kluczowe sonaru\u00a0<\/p>\n<h2><\/h2>\n<\/h1>\n<div>\n<p>G\u0142\u00f3wne cechy<\/p>\n<ul>\n<li>Ma\u0142y i kompaktowy sonar\u00a0<\/li>\n<li>\u0141atwa instalacja<\/li>\n<li>Kierunkowo\u015b\u0107 360 stopni<\/li>\n<li>Regulowana cz\u0119stotliwo\u015b\u0107 pracy od 54 do 60 kHz<\/li>\n<li>Zasi\u0119g dzia\u0142ania do 2000 metr\u00f3w<\/li>\n<li>Formy impuls\u00f3w CW i FM<\/li>\n<li>Pochylenie od +10 do -60\u00b0.<\/li>\n<li>W\u0105skie wi\u0105zki<\/li>\n<li>Du\u017cy zakres dynamiki<\/li>\n<li>Wysoka rozdzielczo\u015b\u0107<\/li>\n<li>Stabilizacja za pomoc\u0105 wewn\u0119trznego czujnika, mo\u017cliwo\u015b\u0107 pod\u0142\u0105czenia do zewn\u0119trznego<br \/>(MRU)<\/li>\n<li>\u0141atwa obs\u0142uga<\/li>\n<li>Zapisywanie i przywo\u0142ywanie danych sonaru<\/li>\n<li>Definiowanie i zapisywanie w\u0142asnych ustawie\u0144 u\u017cytkownika<\/li>\n<li>Przejrzyste i \u0142atwe do zrozumienia dane sonarowe<\/li>\n<li>256 kana\u0142\u00f3w transceivera<\/li>\n<\/ul>\n<\/div>\n<p><img decoding=\"async\" src=\"\/wp-content\/uploads\/2022\/05\/bm010214_002_010_generic_oppanel_1000px_web.jpg\" alt=\"\"><\/p>\n<div>\n<p>Aby upro\u015bci\u0107\u00a0 obs\u0142ug\u0119 podstawowych funkcji,\u00a0 opcj\u0105 dostawy jest ma\u0142y panel kontrolny. Panel ten jest mniejszy ni\u017c inne panele, kt\u00f3re mamy w ofercie. Mo\u017cna go \u0142atwo zainstalowa\u0107 w\u015br\u00f3d innych urz\u0105dze\u0144 na zape\u0142nionym pulpicie sterowniczym. Panel operatorski komunikuje si\u0119 z komputerem za pomoc\u0105 pojedynczego kabla USB.<\/p>\n<\/div>\n<p><img decoding=\"async\" src=\"\/wp-content\/uploads\/2022\/05\/cd010214_001_001_sy50_system_diagram_1000px.jpg\" alt=\"\"><\/p>\n<div>\n<p>(A) Wy\u015bwietlacz (drugi wy\u015bwietlacz jest opcjonalny)<br \/>(B) Jednostka procesora<br \/>(C) Panel operacyjny (opcja)<br \/>(D) Modu\u0142 zasilacza<br \/>(E) Jednostka kad\u0142ubowa<br \/>(F) Silnik podno\u015bnika<br \/>(G) Obudowa instalacji<br \/>(H) Przetwornik<\/p>\n<\/div>\n<p>\n    <a href=\"https:\/\/www.simrad.online\/sy50\/sales\/sy50_ds_en_a4.pdf\">Karta katalogowa<\/a>\n<\/p>\n<p><!--more--><br \/>\n<!-- {\"type\":\"layout\",\"children\":[{\"type\":\"section\",\"props\":{\"style\":\"default\",\"width\":\"default\",\"vertical_align\":\"middle\",\"title_position\":\"top-left\",\"title_rotation\":\"left\",\"title_breakpoint\":\"xl\",\"image_position\":\"center-center\"},\"children\":[{\"type\":\"row\",\"children\":[{\"type\":\"column\",\"props\":{\"image_position\":\"center-center\",\"media_overlay_gradient\":\"\"},\"children\":[{\"type\":\"headline\",\"props\":{\"title_element\":\"h1\",\"content\":\"\n\n<h1 class=\\\"uk-article-title\\\">Sonar rybacki Simrad SY50<\\\/h1>\"}},{\"type\":\"divider\",\"props\":{\"divider_element\":\"hr\"}}]}]}]},{\"type\":\"section\",\"props\":{\"style\":\"default\",\"width\":\"default\",\"vertical_align\":\"middle\",\"title_position\":\"top-left\",\"title_rotation\":\"left\",\"title_breakpoint\":\"xl\",\"image_position\":\"center-center\"},\"children\":[{\"type\":\"row\",\"children\":[{\"type\":\"column\",\"props\":{\"image_position\":\"center-center\",\"media_overlay_gradient\":\"\"},\"children\":[{\"type\":\"image\",\"props\":{\"margin\":\"default\",\"image_svg_color\":\"emphasis\",\"image\":\"wp-content\\\/uploads\\\/2021\\\/06\\\/kv1.jpg\",\"maxwidth\":\"xlarge\",\"text_align\":\"center\",\"block_align\":\"center\"}},{\"type\":\"text\",\"props\":{\"margin\":\"default\",\"column_breakpoint\":\"m\",\"content\":\"\n\n<h2>Nowy kompaktowy dook\\u00f3lny sonar do wykrywania ryb do\\u0142\\u0105czy\\u0142 do wiod\\u0105cego na rynku portfolio produkt\\u00f3w firmy Simrad. Zaprojektowany z my\\u015bl\\u0105 o ma\\u0142ych przybrze\\u017cnych statkach rybackich, SY50 o \\u015bredniej cz\\u0119stotliwo\\u015bci posiada jednak t\\u0119 sam\\u0105 zaawansowan\\u0105 funkcjonalno\\u015b\\u0107, kt\\u00f3ra charakteryzuje inne urz\\u0105dzenia w asortymencie firmy Simrad; jest to pierwszy sonar w tym przedziale cenowym.<\\\/h2>\\n\n\n<p><\\\/p>\"}},{\"type\":\"text\",\"props\":{\"margin\":\"default\",\"column_breakpoint\":\"m\",\"content\":\"\n\n<p>Kluczem do przydatno\\u015bci sonaru dla jednostek o ograniczonej przestrzeni jest pomys\\u0142owa modyfikacja, kt\\u00f3ra umieszcza ca\\u0142\\u0105 elektronik\\u0119 transceivera wewn\\u0105trz przetwornika, eliminuj\\u0105c potrzeb\\u0119 stosowania szafki transceivera, jednocze\\u015bnie redukuj\\u0105c ha\\u0142as i upraszczaj\\u0105c instalacj\\u0119. Tylko pojedynczy kabel ethernetowy biegnie od komputera w mostku do zasilacza i jednostki kad\\u0142ubowej, kt\\u00f3ra jest na tyle ma\\u0142a, \\u017ce mo\\u017cna j\\u0105 umie\\u015bci\\u0107 na pniu instalacyjnym o \\u015brednicy 8 cali.<\\\/p>\\n\n\n<p>Sam komputer nie zawiera wentylatora ani \\u017cadnych innych ruchomych cz\\u0119\\u015bci, wi\\u0119c bez przeszk\\u00f3d b\\u0119dzie dzia\\u0142a\\u0142 w wilgotnym \\u015brodowisku. Dodatkowo, zar\\u00f3wno komputer jak i jednostka kad\\u0142ubowa mog\\u0105 by\\u0107 zasilane pr\\u0105dem sta\\u0142ym, co jest bardzo przydatne na ma\\u0142ych statkach rybackich nie posiadaj\\u0105cych pok\\u0142adowego 3-fazowego systemu zasilania.<\\\/p>\"}},{\"type\":\"image\",\"props\":{\"margin\":\"default\",\"image_svg_color\":\"emphasis\",\"image\":\"wp-content\\\/uploads\\\/2021\\\/06\\\/d20200922_t154221_image.jpg\",\"text_align\":\"center\"}},{\"type\":\"text\",\"props\":{\"margin\":\"default\",\"column_breakpoint\":\"m\",\"content\":\"\n\n<p>Wyj\\u0105tkowo jak na tak ma\\u0142y i konkurencyjny cenowo sonar, wysokiej rozdzielczo\\u015bci SY50 oferuje 256 indywidualnych kana\\u0142\\u00f3w odbiornika i nadajnika, jak r\\u00f3wnie\\u017c obejmuje funkcje normalnie spotykane tylko w wi\\u0119kszych urz\\u0105dzeniach. Nale\\u017c\\u0105 do nich transmisja single-ping, daj\\u0105ca jednoczesny impuls poziomy i pionowy; transmisja FM; oraz pe\\u0142na stabilizacja wi\\u0105zki przez wewn\\u0119trzny czujnik z elektroniczn\\u0105 kompensacj\\u0105 skoku i przechy\\u0142u, plus opcja pod\\u0142\\u0105czenia do zewn\\u0119trznego MRU (motion reference unit).<\\\/p>\\n\n\n<p>Przy standardowej cz\\u0119stotliwo\\u015bci pracy 57kHz, SY50 pozwala u\\u017cytkownikowi na wyb\\u00f3r dowolnej cz\\u0119stotliwo\\u015bci pomi\\u0119dzy 54 a 60kHz, regulowanej co 0,5kHz, co daje potencjalny zasi\\u0119g dzia\\u0142ania do 2000m (w zale\\u017cno\\u015bci od warunk\\u00f3w akustycznych). Podobnie, wielokierunkowe wi\\u0105zki sonaru przetwornika mog\\u0105 by\\u0107 elektronicznie przesuwane w krokach co 1\\u00b0 od +10\\u00b0 do -60\\u00b0, umo\\u017cliwiaj\\u0105c u\\u017cytkownikom automatyczne \\u015bledzenie \\u0142awic ryb i badanie ca\\u0142ej obj\\u0119to\\u015bci wody otaczaj\\u0105cej statek.<\\\/p>\"}},{\"type\":\"headline\",\"props\":{\"title_element\":\"h1\",\"content\":\"Cechy kluczowe sonaru\\u00a0\\n\n\n<h2><\\\/h2>\"}},{\"type\":\"text\",\"props\":{\"margin\":\"default\",\"column_breakpoint\":\"m\",\"content\":\"\n\n<p>G\\u0142\\u00f3wne cechy<\\\/p>\\n\n\n<ul>\\n\n\n<li>Ma\\u0142y i kompaktowy sonar\\u00a0<\\\/li>\\n\n\n<li>\\u0141atwa instalacja<\\\/li>\\n\n\n<li>Kierunkowo\\u015b\\u0107 360 stopni<\\\/li>\\n\n\n<li>Regulowana cz\\u0119stotliwo\\u015b\\u0107 pracy od 54 do 60 kHz<\\\/li>\\n\n\n<li>Zasi\\u0119g dzia\\u0142ania do 2000 metr\\u00f3w<\\\/li>\\n\n\n<li>Formy impuls\\u00f3w CW i FM<\\\/li>\\n\n\n<li>Pochylenie od +10 do -60\\u00b0.<\\\/li>\\n\n\n<li>W\\u0105skie wi\\u0105zki<\\\/li>\\n\n\n<li>Du\\u017cy zakres dynamiki<\\\/li>\\n\n\n<li>Wysoka rozdzielczo\\u015b\\u0107<\\\/li>\\n\n\n<li>Stabilizacja za pomoc\\u0105 wewn\\u0119trznego czujnika, mo\\u017cliwo\\u015b\\u0107 pod\\u0142\\u0105czenia do zewn\\u0119trznego<br \\\/>(MRU)<\\\/li>\\n\n\n<li>\\u0141atwa obs\\u0142uga<\\\/li>\\n\n\n<li>Zapisywanie i przywo\\u0142ywanie danych sonaru<\\\/li>\\n\n\n<li>Definiowanie i zapisywanie w\\u0142asnych ustawie\\u0144 u\\u017cytkownika<\\\/li>\\n\n\n<li>Przejrzyste i \\u0142atwe do zrozumienia dane sonarowe<\\\/li>\\n\n\n<li>256 kana\\u0142\\u00f3w transceivera<\\\/li>\\n<\\\/ul>\"}},{\"type\":\"image\",\"props\":{\"margin\":\"default\",\"image_svg_color\":\"emphasis\",\"image\":\"wp-content\\\/uploads\\\/2022\\\/05\\\/bm010214_002_010_generic_oppanel_1000px_web.jpg\",\"text_align\":\"center\"}},{\"type\":\"text\",\"props\":{\"margin\":\"default\",\"column_breakpoint\":\"m\",\"content\":\"\n\n<p>Aby upro\\u015bci\\u0107\\u00a0 obs\\u0142ug\\u0119 podstawowych funkcji,\\u00a0 opcj\\u0105 dostawy jest ma\\u0142y panel kontrolny. Panel ten jest mniejszy ni\\u017c inne panele, kt\\u00f3re mamy w ofercie. Mo\\u017cna go \\u0142atwo zainstalowa\\u0107 w\\u015br\\u00f3d innych urz\\u0105dze\\u0144 na zape\\u0142nionym pulpicie sterowniczym. Panel operatorski komunikuje si\\u0119 z komputerem za pomoc\\u0105 pojedynczego kabla USB.<\\\/p>\"}},{\"type\":\"image\",\"props\":{\"margin\":\"default\",\"image_svg_color\":\"emphasis\",\"image\":\"wp-content\\\/uploads\\\/2022\\\/05\\\/cd010214_001_001_sy50_system_diagram_1000px.jpg\",\"text_align\":\"center\"}},{\"type\":\"text\",\"props\":{\"margin\":\"default\",\"column_breakpoint\":\"m\",\"content\":\"\n\n<p>(A) Wy\\u015bwietlacz (drugi wy\\u015bwietlacz jest opcjonalny)<br \\\/>(B) Jednostka procesora<br \\\/>(C) Panel operacyjny (opcja)<br \\\/>(D) Modu\\u0142 zasilacza<br \\\/>(E) Jednostka kad\\u0142ubowa<br \\\/>(F) Silnik podno\\u015bnika<br \\\/>(G) Obudowa instalacji<br \\\/>(H) Przetwornik<\\\/p>\",\"text_align\":\"center\"}},{\"type\":\"button\",\"props\":{\"grid_column_gap\":\"small\",\"grid_row_gap\":\"small\",\"margin\":\"default\",\"text_align\":\"center\"},\"children\":[{\"type\":\"button_item\",\"props\":{\"button_style\":\"default\",\"icon_align\":\"left\",\"link\":\"https:\\\/\\\/www.simrad.online\\\/sy50\\\/sales\\\/sy50_ds_en_a4.pdf\",\"content\":\"Karta katalogowa\"}}]}]}]}]},{\"type\":\"section\",\"props\":{\"style\":\"default\",\"width\":\"default\",\"vertical_align\":\"middle\",\"title_position\":\"top-left\",\"title_rotation\":\"left\",\"title_breakpoint\":\"xl\",\"image_position\":\"center-center\"},\"children\":[{\"type\":\"row\",\"children\":[{\"type\":\"column\",\"props\":{\"image_position\":\"center-center\",\"media_overlay_gradient\":\"\"},\"children\":[]}]}]}],\"version\":\"2.6.7\"} --><\/p>\n","protected":false},"excerpt":{"rendered":"<p>Sonar rybacki Simrad SY50 Nowy kompaktowy dook\u00f3lny sonar do wykrywania ryb do\u0142\u0105czy\u0142 do wiod\u0105cego na rynku portfolio produkt\u00f3w firmy Simrad. Zaprojektowany z my\u015bl\u0105 o ma\u0142ych przybrze\u017cnych statkach rybackich, SY50 o \u015bredniej cz\u0119stotliwo\u015bci posiada jednak t\u0119 sam\u0105 zaawansowan\u0105 funkcjonalno\u015b\u0107, kt\u00f3ra charakteryzuje inne urz\u0105dzenia w asortymencie firmy Simrad; jest to pierwszy sonar w tym przedziale cenowym. Kluczem [&hellip;]<\/p>\n","protected":false},"author":10,"featured_media":0,"parent":0,"menu_order":0,"comment_status":"closed","ping_status":"closed","template":"","meta":{"footnotes":""},"class_list":["post-9378","page","type-page","status-publish","hentry"],"yoast_head":"<!-- This site is optimized with the Yoast SEO plugin v27.6 - https:\/\/yoast.com\/product\/yoast-seo-wordpress\/ -->\n<title>Sonar rybacki Simrad SY50 - ESCORT TECHNOLOGY<\/title>\n<meta name=\"robots\" content=\"index, follow, max-snippet:-1, max-image-preview:large, max-video-preview:-1\" \/>\n<link rel=\"canonical\" href=\"https:\/\/escort-technology.com\/en\/de\/sonar-rybacki-simrad-sy50\/\" \/>\n<meta property=\"og:locale\" content=\"en_US\" \/>\n<meta property=\"og:type\" content=\"article\" \/>\n<meta property=\"og:title\" content=\"Sonar rybacki Simrad SY50 - ESCORT TECHNOLOGY\" \/>\n<meta property=\"og:description\" content=\"Sonar rybacki Simrad SY50 Nowy kompaktowy dook\u00f3lny sonar do wykrywania ryb do\u0142\u0105czy\u0142 do wiod\u0105cego na rynku portfolio produkt\u00f3w firmy Simrad. Zaprojektowany z my\u015bl\u0105 o ma\u0142ych przybrze\u017cnych statkach rybackich, SY50 o \u015bredniej cz\u0119stotliwo\u015bci posiada jednak t\u0119 sam\u0105 zaawansowan\u0105 funkcjonalno\u015b\u0107, kt\u00f3ra charakteryzuje inne urz\u0105dzenia w asortymencie firmy Simrad; jest to pierwszy sonar w tym przedziale cenowym. Kluczem [&hellip;]\" \/>\n<meta property=\"og:url\" content=\"https:\/\/escort-technology.com\/en\/de\/sonar-rybacki-simrad-sy50\/\" \/>\n<meta property=\"og:site_name\" content=\"ESCORT TECHNOLOGY\" \/>\n<meta property=\"article:publisher\" content=\"https:\/\/www.facebook.com\/elektronika.morska\/\" \/>\n<meta property=\"article:modified_time\" content=\"2022-05-11T08:31:17+00:00\" \/>\n<meta property=\"og:image\" content=\"https:\/\/escort-technology.com\/wp-content\/uploads\/2021\/06\/kv1.jpg\" \/>\n<meta name=\"twitter:card\" content=\"summary_large_image\" \/>\n<meta name=\"twitter:label1\" content=\"Est. reading time\" \/>\n\t<meta name=\"twitter:data1\" content=\"3 minutes\" \/>\n<script type=\"application\/ld+json\" class=\"yoast-schema-graph\">{\"@context\":\"https:\\\/\\\/schema.org\",\"@graph\":[{\"@type\":\"WebPage\",\"@id\":\"https:\\\/\\\/escort-technology.com\\\/de\\\/sonar-rybacki-simrad-sy50\\\/\",\"url\":\"https:\\\/\\\/escort-technology.com\\\/de\\\/sonar-rybacki-simrad-sy50\\\/\",\"name\":\"Sonar rybacki Simrad SY50 - ESCORT TECHNOLOGY\",\"isPartOf\":{\"@id\":\"http:\\\/\\\/escort-technology.com\\\/de\\\/#website\"},\"datePublished\":\"2021-06-04T09:18:59+00:00\",\"dateModified\":\"2022-05-11T08:31:17+00:00\",\"breadcrumb\":{\"@id\":\"https:\\\/\\\/escort-technology.com\\\/de\\\/sonar-rybacki-simrad-sy50\\\/#breadcrumb\"},\"inLanguage\":\"en-US\",\"potentialAction\":[{\"@type\":\"ReadAction\",\"target\":[\"https:\\\/\\\/escort-technology.com\\\/de\\\/sonar-rybacki-simrad-sy50\\\/\"]}]},{\"@type\":\"BreadcrumbList\",\"@id\":\"https:\\\/\\\/escort-technology.com\\\/de\\\/sonar-rybacki-simrad-sy50\\\/#breadcrumb\",\"itemListElement\":[{\"@type\":\"ListItem\",\"position\":1,\"name\":\"Strona g\u0142\u00f3wna\",\"item\":\"https:\\\/\\\/escort-technology.com\\\/\"},{\"@type\":\"ListItem\",\"position\":2,\"name\":\"Sonar rybacki Simrad SY50\"}]},{\"@type\":\"WebSite\",\"@id\":\"http:\\\/\\\/escort-technology.com\\\/de\\\/#website\",\"url\":\"http:\\\/\\\/escort-technology.com\\\/de\\\/\",\"name\":\"ESCORT TECHNOLOGY\",\"description\":\"Elektronika morska i l\u0105dowa\",\"publisher\":{\"@id\":\"http:\\\/\\\/escort-technology.com\\\/de\\\/#organization\"},\"potentialAction\":[{\"@type\":\"SearchAction\",\"target\":{\"@type\":\"EntryPoint\",\"urlTemplate\":\"http:\\\/\\\/escort-technology.com\\\/de\\\/?s={search_term_string}\"},\"query-input\":{\"@type\":\"PropertyValueSpecification\",\"valueRequired\":true,\"valueName\":\"search_term_string\"}}],\"inLanguage\":\"en-US\"},{\"@type\":\"Organization\",\"@id\":\"http:\\\/\\\/escort-technology.com\\\/de\\\/#organization\",\"name\":\"ESCORT TECHNOLOGY\",\"url\":\"http:\\\/\\\/escort-technology.com\\\/de\\\/\",\"logo\":{\"@type\":\"ImageObject\",\"inLanguage\":\"en-US\",\"@id\":\"http:\\\/\\\/escort-technology.com\\\/de\\\/#\\\/schema\\\/logo\\\/image\\\/\",\"url\":\"https:\\\/\\\/escort-technology.com\\\/wp-content\\\/uploads\\\/logo-1.jpg\",\"contentUrl\":\"https:\\\/\\\/escort-technology.com\\\/wp-content\\\/uploads\\\/logo-1.jpg\",\"width\":600,\"height\":165,\"caption\":\"ESCORT TECHNOLOGY\"},\"image\":{\"@id\":\"http:\\\/\\\/escort-technology.com\\\/de\\\/#\\\/schema\\\/logo\\\/image\\\/\"},\"sameAs\":[\"https:\\\/\\\/www.facebook.com\\\/elektronika.morska\\\/\",\"https:\\\/\\\/www.linkedin.com\\\/company\\\/escort-sp-z-o-o-\\\/\"]}]}<\/script>\n<!-- \/ Yoast SEO plugin. -->","yoast_head_json":{"title":"Sonar rybacki Simrad SY50 - ESCORT TECHNOLOGY","robots":{"index":"index","follow":"follow","max-snippet":"max-snippet:-1","max-image-preview":"max-image-preview:large","max-video-preview":"max-video-preview:-1"},"canonical":"https:\/\/escort-technology.com\/en\/de\/sonar-rybacki-simrad-sy50\/","og_locale":"en_US","og_type":"article","og_title":"Sonar rybacki Simrad SY50 - ESCORT TECHNOLOGY","og_description":"Sonar rybacki Simrad SY50 Nowy kompaktowy dook\u00f3lny sonar do wykrywania ryb do\u0142\u0105czy\u0142 do wiod\u0105cego na rynku portfolio produkt\u00f3w firmy Simrad. Zaprojektowany z my\u015bl\u0105 o ma\u0142ych przybrze\u017cnych statkach rybackich, SY50 o \u015bredniej cz\u0119stotliwo\u015bci posiada jednak t\u0119 sam\u0105 zaawansowan\u0105 funkcjonalno\u015b\u0107, kt\u00f3ra charakteryzuje inne urz\u0105dzenia w asortymencie firmy Simrad; jest to pierwszy sonar w tym przedziale cenowym. Kluczem [&hellip;]","og_url":"https:\/\/escort-technology.com\/en\/de\/sonar-rybacki-simrad-sy50\/","og_site_name":"ESCORT TECHNOLOGY","article_publisher":"https:\/\/www.facebook.com\/elektronika.morska\/","article_modified_time":"2022-05-11T08:31:17+00:00","og_image":[{"url":"https:\/\/escort-technology.com\/wp-content\/uploads\/2021\/06\/kv1.jpg","type":"","width":"","height":""}],"twitter_card":"summary_large_image","twitter_misc":{"Est. reading time":"3 minutes"},"schema":{"@context":"https:\/\/schema.org","@graph":[{"@type":"WebPage","@id":"https:\/\/escort-technology.com\/de\/sonar-rybacki-simrad-sy50\/","url":"https:\/\/escort-technology.com\/de\/sonar-rybacki-simrad-sy50\/","name":"Sonar rybacki Simrad SY50 - ESCORT TECHNOLOGY","isPartOf":{"@id":"http:\/\/escort-technology.com\/de\/#website"},"datePublished":"2021-06-04T09:18:59+00:00","dateModified":"2022-05-11T08:31:17+00:00","breadcrumb":{"@id":"https:\/\/escort-technology.com\/de\/sonar-rybacki-simrad-sy50\/#breadcrumb"},"inLanguage":"en-US","potentialAction":[{"@type":"ReadAction","target":["https:\/\/escort-technology.com\/de\/sonar-rybacki-simrad-sy50\/"]}]},{"@type":"BreadcrumbList","@id":"https:\/\/escort-technology.com\/de\/sonar-rybacki-simrad-sy50\/#breadcrumb","itemListElement":[{"@type":"ListItem","position":1,"name":"Strona g\u0142\u00f3wna","item":"https:\/\/escort-technology.com\/"},{"@type":"ListItem","position":2,"name":"Sonar rybacki Simrad SY50"}]},{"@type":"WebSite","@id":"http:\/\/escort-technology.com\/de\/#website","url":"http:\/\/escort-technology.com\/de\/","name":"ESCORT TECHNOLOGY","description":"Onshore and offshore electronics","publisher":{"@id":"http:\/\/escort-technology.com\/de\/#organization"},"potentialAction":[{"@type":"SearchAction","target":{"@type":"EntryPoint","urlTemplate":"http:\/\/escort-technology.com\/de\/?s={search_term_string}"},"query-input":{"@type":"PropertyValueSpecification","valueRequired":true,"valueName":"search_term_string"}}],"inLanguage":"en-US"},{"@type":"Organization","@id":"http:\/\/escort-technology.com\/de\/#organization","name":"ESCORT TECHNOLOGY","url":"http:\/\/escort-technology.com\/de\/","logo":{"@type":"ImageObject","inLanguage":"en-US","@id":"http:\/\/escort-technology.com\/de\/#\/schema\/logo\/image\/","url":"https:\/\/escort-technology.com\/wp-content\/uploads\/logo-1.jpg","contentUrl":"https:\/\/escort-technology.com\/wp-content\/uploads\/logo-1.jpg","width":600,"height":165,"caption":"ESCORT TECHNOLOGY"},"image":{"@id":"http:\/\/escort-technology.com\/de\/#\/schema\/logo\/image\/"},"sameAs":["https:\/\/www.facebook.com\/elektronika.morska\/","https:\/\/www.linkedin.com\/company\/escort-sp-z-o-o-\/"]}]}},"_links":{"self":[{"href":"https:\/\/escort-technology.com\/en\/wp-json\/wp\/v2\/pages\/9378","targetHints":{"allow":["GET"]}}],"collection":[{"href":"https:\/\/escort-technology.com\/en\/wp-json\/wp\/v2\/pages"}],"about":[{"href":"https:\/\/escort-technology.com\/en\/wp-json\/wp\/v2\/types\/page"}],"author":[{"embeddable":true,"href":"https:\/\/escort-technology.com\/en\/wp-json\/wp\/v2\/users\/10"}],"replies":[{"embeddable":true,"href":"https:\/\/escort-technology.com\/en\/wp-json\/wp\/v2\/comments?post=9378"}],"version-history":[{"count":13,"href":"https:\/\/escort-technology.com\/en\/wp-json\/wp\/v2\/pages\/9378\/revisions"}],"predecessor-version":[{"id":11401,"href":"https:\/\/escort-technology.com\/en\/wp-json\/wp\/v2\/pages\/9378\/revisions\/11401"}],"wp:attachment":[{"href":"https:\/\/escort-technology.com\/en\/wp-json\/wp\/v2\/media?parent=9378"}],"curies":[{"name":"wp","href":"https:\/\/api.w.org\/{rel}","templated":true}]}}