{"id":9459,"date":"2021-07-20T12:08:58","date_gmt":"2021-07-20T10:08:58","guid":{"rendered":"https:\/\/escort-technology.com\/?page_id=9459"},"modified":"2021-07-20T12:58:19","modified_gmt":"2021-07-20T10:58:19","slug":"kamera-luxus-compact-low-light","status":"publish","type":"page","link":"https:\/\/escort-technology.com\/en\/kamera-luxus-compact-low-light\/","title":{"rendered":"Kamera LUXUS Compact LOW Light"},"content":{"rendered":"<h1>\n<h1 class=\"uk-article-title\">Kamera LUXUS Compact LOW Light<\/h1>\n<\/h1>\n<hr>\n<ul>\n<li>\n<p>        <img decoding=\"async\" src=\"\/wp-content\/uploads\/2021\/07\/compact-camera-lld-2-1.jpg\" alt=\"\"><\/p>\n<\/li>\n<li>\n<p>        <img decoding=\"async\" src=\"\/wp-content\/uploads\/2021\/07\/compact-long-line-driver-1-1.jpg\" alt=\"\"><\/p>\n<\/li>\n<li>\n<p>        <img decoding=\"async\" src=\"\/wp-content\/uploads\/2021\/07\/compact-camera-lld-1.jpg\" alt=\"\"><\/p>\n<\/li>\n<\/ul>\n<div>\n<p>Kompaktowa kamera LUXUS LOW Light zosta\u0142a zaprojektowana specjalnie z my\u015bl\u0105 o zastosowaniach nurkowych w trudnych warunkach i lekkich systemach pojazd\u00f3w ROV.<\/p>\n<p>Kompaktowa kamera LUXUS\u00a0 oferuje doskona\u0142\u0105 wydajno\u015b\u0107 w warunkach, w kt\u00f3rych \u015bwiat\u0142o jest ograniczone i w kt\u00f3rych u\u017cycie sztucznego \u015bwiat\u0142a jest utrudnione przez zm\u0119tnienie. W takich \u015brodowiskach czarno-bia\u0142y przetwornik oferuje wysok\u0105 czu\u0142o\u015b\u0107 na \u015bwiat\u0142o, jako\u015b\u0107 obrazu i wydajno\u015b\u0107 podgl\u0105du.<\/p>\n<p>Kamera zu\u017cywa zaledwie 2 W i mo\u017ce wsp\u00f3\u0142pracowa\u0107 z zasilaczami pr\u0105du sta\u0142ego o napi\u0119ciu od 12 do 24 VDC. Kamera jest wyposa\u017cona w z\u0142\u0105cze SubConn\u00ae lub inne, okre\u015blone przez klienta.<\/p>\n<p>Kompaktowa kamera LUXUS do pracy przy s\u0142abym o\u015bwietleniu zosta\u0142a zaprojektowana tak, aby doskonale funkcjonowa\u0107 w po\u0142\u0105czeniu z kompaktowym kontrolerem medi\u00f3w LUXUS oraz uchwytami i akcesoriami LUXUS.<\/p>\n<p>Obudowa kamery wykonana jest z piaskowanego tytanu i ma dopuszczaln\u0105 g\u0142\u0119boko\u015b\u0107 pracy do 4.000 metr\u00f3w.<\/p>\n<p><strong>Cechy i korzy\u015bci<\/strong><\/p>\n<p>Wysoka wydajno\u015b\u0107 w m\u0119tnych \u015brodowiskach<br \/>Lekka obudowa<br \/>Kompaktowa obudowa<br \/>G\u0142\u0119boko\u015b\u0107 pracy do 4,000 m<br \/>Niska czu\u0142o\u015b\u0107 na \u015bwiat\u0142o<\/p>\n<p><strong>Zastosowania<\/strong><\/p>\n<p>Zastosowania nurkowe<br \/>Og\u00f3lna inspekcja podwodna<br \/>Inspekcja port\u00f3w<br \/>Inspekcja kana\u0142\u00f3w \u015bciekowych<br \/>Systemy ROV<br \/>Systemy koparek do row\u00f3w<br \/>Systemy g\u0105sienicowe<br \/>Systemy kamer holowanych i opuszczanych<br \/>Systemy obserwacji podwodnych<\/p>\n<p><strong>Opcje<\/strong><\/p>\n<p>Szeroki wyb\u00f3r obiektyw\u00f3w<br \/>Alternatywne z\u0142\u0105cza<br \/>Niestandardowe okablowanie<br \/>NTSC lub PAL<br \/>Uniwersalny uchwyt monta\u017cowy LUXUS<br \/>Uchwyt LUXUS do monta\u017cu na kasku<br \/>Uchwyt pistoletowy LUXUS<\/p>\n<\/div>\n<p>\n    <a href=\"\/wp-content\/uploads\/2021\/07\/luxus-compact-low-light-camera-POL.pdf\">Broszura <\/a>\n<\/p>\n<p><!--more--><br \/>\n<!-- {\"type\":\"layout\",\"children\":[{\"type\":\"section\",\"props\":{\"style\":\"default\",\"width\":\"default\",\"vertical_align\":\"middle\",\"title_position\":\"top-left\",\"title_rotation\":\"left\",\"title_breakpoint\":\"xl\",\"image_position\":\"center-center\"},\"children\":[{\"type\":\"row\",\"children\":[{\"type\":\"column\",\"props\":{\"image_position\":\"center-center\",\"media_overlay_gradient\":\"\"},\"children\":[{\"type\":\"headline\",\"props\":{\"title_element\":\"h1\",\"content\":\"\n\n<h1 class=\\\"uk-article-title\\\">Kamera LUXUS Compact LOW Light<\\\/h1>\"}},{\"type\":\"divider\",\"props\":{\"divider_element\":\"hr\"}}]}]}]},{\"type\":\"section\",\"props\":{\"style\":\"default\",\"width\":\"default\",\"vertical_align\":\"middle\",\"title_position\":\"top-left\",\"title_rotation\":\"left\",\"title_breakpoint\":\"xl\",\"image_position\":\"center-center\"},\"children\":[{\"type\":\"row\",\"children\":[{\"type\":\"column\",\"props\":{\"image_position\":\"center-center\",\"media_overlay_gradient\":\"\"},\"children\":[{\"type\":\"slideshow\",\"props\":{\"show_title\":true,\"show_meta\":true,\"show_content\":true,\"show_link\":true,\"show_thumbnail\":true,\"slideshow_min_height\":300,\"slideshow_autoplay_pause\":true,\"nav\":\"dotnav\",\"nav_position\":\"bottom-center\",\"nav_position_margin\":\"medium\",\"nav_align\":\"center\",\"nav_breakpoint\":\"s\",\"thumbnav_width\":\"100\",\"thumbnav_height\":\"75\",\"thumbnav_svg_color\":\"emphasis\",\"slidenav\":\"default\",\"slidenav_margin\":\"medium\",\"slidenav_breakpoint\":\"s\",\"slidenav_outside_breakpoint\":\"xl\",\"overlay_position\":\"center-left\",\"overlay_animation\":\"parallax\",\"title_element\":\"h3\",\"meta_style\":\"meta\",\"meta_align\":\"below-title\",\"meta_element\":\"div\",\"link_text\":\"Read more\",\"link_style\":\"default\",\"margin\":\"default\"},\"children\":[{\"type\":\"slideshow_item\",\"props\":{\"image\":\"wp-content\\\/uploads\\\/2021\\\/07\\\/compact-camera-lld-2-1.jpg\"}},{\"type\":\"slideshow_item\",\"props\":{\"image\":\"wp-content\\\/uploads\\\/2021\\\/07\\\/compact-long-line-driver-1-1.jpg\"}},{\"type\":\"slideshow_item\",\"props\":{\"image\":\"wp-content\\\/uploads\\\/2021\\\/07\\\/compact-camera-lld-1.jpg\"}}]},{\"type\":\"text\",\"props\":{\"margin\":\"default\",\"column_breakpoint\":\"m\",\"content\":\"\n\n<p>Kompaktowa kamera LUXUS LOW Light zosta\\u0142a zaprojektowana specjalnie z my\\u015bl\\u0105 o zastosowaniach nurkowych w trudnych warunkach i lekkich systemach pojazd\\u00f3w ROV.<\\\/p>\\n\n\n<p>Kompaktowa kamera LUXUS\\u00a0 oferuje doskona\\u0142\\u0105 wydajno\\u015b\\u0107 w warunkach, w kt\\u00f3rych \\u015bwiat\\u0142o jest ograniczone i w kt\\u00f3rych u\\u017cycie sztucznego \\u015bwiat\\u0142a jest utrudnione przez zm\\u0119tnienie. W takich \\u015brodowiskach czarno-bia\\u0142y przetwornik oferuje wysok\\u0105 czu\\u0142o\\u015b\\u0107 na \\u015bwiat\\u0142o, jako\\u015b\\u0107 obrazu i wydajno\\u015b\\u0107 podgl\\u0105du.<\\\/p>\\n\n\n<p>Kamera zu\\u017cywa zaledwie 2 W i mo\\u017ce wsp\\u00f3\\u0142pracowa\\u0107 z zasilaczami pr\\u0105du sta\\u0142ego o napi\\u0119ciu od 12 do 24 VDC. Kamera jest wyposa\\u017cona w z\\u0142\\u0105cze SubConn\\u00ae lub inne, okre\\u015blone przez klienta.<\\\/p>\\n\n\n<p>Kompaktowa kamera LUXUS do pracy przy s\\u0142abym o\\u015bwietleniu zosta\\u0142a zaprojektowana tak, aby doskonale funkcjonowa\\u0107 w po\\u0142\\u0105czeniu z kompaktowym kontrolerem medi\\u00f3w LUXUS oraz uchwytami i akcesoriami LUXUS.<\\\/p>\\n\n\n<p>Obudowa kamery wykonana jest z piaskowanego tytanu i ma dopuszczaln\\u0105 g\\u0142\\u0119boko\\u015b\\u0107 pracy do 4.000 metr\\u00f3w.<\\\/p>\\n\n\n<p><strong>Cechy i korzy\\u015bci<\\\/strong><\\\/p>\\n\n\n<p>Wysoka wydajno\\u015b\\u0107 w m\\u0119tnych \\u015brodowiskach<br \\\/>Lekka obudowa<br \\\/>Kompaktowa obudowa<br \\\/>G\\u0142\\u0119boko\\u015b\\u0107 pracy do 4,000 m<br \\\/>Niska czu\\u0142o\\u015b\\u0107 na \\u015bwiat\\u0142o<\\\/p>\\n\n\n<p><strong>Zastosowania<\\\/strong><\\\/p>\\n\n\n<p>Zastosowania nurkowe<br \\\/>Og\\u00f3lna inspekcja podwodna<br \\\/>Inspekcja port\\u00f3w<br \\\/>Inspekcja kana\\u0142\\u00f3w \\u015bciekowych<br \\\/>Systemy ROV<br \\\/>Systemy koparek do row\\u00f3w<br \\\/>Systemy g\\u0105sienicowe<br \\\/>Systemy kamer holowanych i opuszczanych<br \\\/>Systemy obserwacji podwodnych<\\\/p>\\n\n\n<p><strong>Opcje<\\\/strong><\\\/p>\\n\n\n<p>Szeroki wyb\\u00f3r obiektyw\\u00f3w<br \\\/>Alternatywne z\\u0142\\u0105cza<br \\\/>Niestandardowe okablowanie<br \\\/>NTSC lub PAL<br \\\/>Uniwersalny uchwyt monta\\u017cowy LUXUS<br \\\/>Uchwyt LUXUS do monta\\u017cu na kasku<br \\\/>Uchwyt pistoletowy LUXUS<\\\/p>\"}},{\"type\":\"button\",\"props\":{\"grid_column_gap\":\"small\",\"grid_row_gap\":\"small\",\"margin\":\"default\",\"text_align\":\"center\"},\"children\":[{\"type\":\"button_item\",\"props\":{\"button_style\":\"default\",\"icon_align\":\"left\",\"content\":\"Broszura \",\"link\":\"wp-content\\\/uploads\\\/2021\\\/07\\\/luxus-compact-low-light-camera-POL.pdf\"}}]}]}]}]}],\"version\":\"2.4.14\"} --><\/p>\n","protected":false},"excerpt":{"rendered":"<p>Kamera LUXUS Compact LOW Light Kompaktowa kamera LUXUS LOW Light zosta\u0142a zaprojektowana specjalnie z my\u015bl\u0105 o zastosowaniach nurkowych w trudnych warunkach i lekkich systemach pojazd\u00f3w ROV. Kompaktowa kamera LUXUS\u00a0 oferuje doskona\u0142\u0105 wydajno\u015b\u0107 w warunkach, w kt\u00f3rych \u015bwiat\u0142o jest ograniczone i w kt\u00f3rych u\u017cycie sztucznego \u015bwiat\u0142a jest utrudnione przez zm\u0119tnienie. W takich \u015brodowiskach czarno-bia\u0142y przetwornik oferuje [&hellip;]<\/p>\n","protected":false},"author":10,"featured_media":0,"parent":0,"menu_order":0,"comment_status":"closed","ping_status":"closed","template":"","meta":{"footnotes":""},"class_list":["post-9459","page","type-page","status-publish","hentry"],"yoast_head":"<!-- This site is optimized with the Yoast SEO plugin v27.6 - https:\/\/yoast.com\/product\/yoast-seo-wordpress\/ -->\n<title>Kamera LUXUS Compact LOW Light - ESCORT TECHNOLOGY<\/title>\n<meta name=\"robots\" content=\"index, follow, max-snippet:-1, max-image-preview:large, max-video-preview:-1\" \/>\n<link rel=\"canonical\" href=\"https:\/\/escort-technology.com\/en\/kamera-luxus-compact-low-light\/\" \/>\n<meta property=\"og:locale\" content=\"en_US\" \/>\n<meta property=\"og:type\" content=\"article\" \/>\n<meta property=\"og:title\" content=\"Kamera LUXUS Compact LOW Light - ESCORT TECHNOLOGY\" \/>\n<meta property=\"og:description\" content=\"Kamera LUXUS Compact LOW Light Kompaktowa kamera LUXUS LOW Light zosta\u0142a zaprojektowana specjalnie z my\u015bl\u0105 o zastosowaniach nurkowych w trudnych warunkach i lekkich systemach pojazd\u00f3w ROV. Kompaktowa kamera LUXUS\u00a0 oferuje doskona\u0142\u0105 wydajno\u015b\u0107 w warunkach, w kt\u00f3rych \u015bwiat\u0142o jest ograniczone i w kt\u00f3rych u\u017cycie sztucznego \u015bwiat\u0142a jest utrudnione przez zm\u0119tnienie. W takich \u015brodowiskach czarno-bia\u0142y przetwornik oferuje [&hellip;]\" \/>\n<meta property=\"og:url\" content=\"https:\/\/escort-technology.com\/en\/kamera-luxus-compact-low-light\/\" \/>\n<meta property=\"og:site_name\" content=\"ESCORT TECHNOLOGY\" \/>\n<meta property=\"article:publisher\" content=\"https:\/\/www.facebook.com\/elektronika.morska\/\" \/>\n<meta property=\"article:modified_time\" content=\"2021-07-20T10:58:19+00:00\" \/>\n<meta property=\"og:image\" content=\"https:\/\/escort-technology.com\/wp-content\/uploads\/2021\/07\/compact-camera-lld-2-1.jpg\" \/>\n<meta name=\"twitter:card\" content=\"summary_large_image\" \/>\n<meta name=\"twitter:label1\" content=\"Est. reading time\" \/>\n\t<meta name=\"twitter:data1\" content=\"1 minute\" \/>\n<script type=\"application\/ld+json\" class=\"yoast-schema-graph\">{\"@context\":\"https:\\\/\\\/schema.org\",\"@graph\":[{\"@type\":\"WebPage\",\"@id\":\"https:\\\/\\\/escort-technology.com\\\/en\\\/kamera-luxus-compact-low-light\\\/\",\"url\":\"https:\\\/\\\/escort-technology.com\\\/en\\\/kamera-luxus-compact-low-light\\\/\",\"name\":\"Kamera LUXUS Compact LOW Light - ESCORT TECHNOLOGY\",\"isPartOf\":{\"@id\":\"http:\\\/\\\/escort-technology.com\\\/de\\\/#website\"},\"datePublished\":\"2021-07-20T10:08:58+00:00\",\"dateModified\":\"2021-07-20T10:58:19+00:00\",\"breadcrumb\":{\"@id\":\"https:\\\/\\\/escort-technology.com\\\/en\\\/kamera-luxus-compact-low-light\\\/#breadcrumb\"},\"inLanguage\":\"en-US\",\"potentialAction\":[{\"@type\":\"ReadAction\",\"target\":[\"https:\\\/\\\/escort-technology.com\\\/en\\\/kamera-luxus-compact-low-light\\\/\"]}]},{\"@type\":\"BreadcrumbList\",\"@id\":\"https:\\\/\\\/escort-technology.com\\\/en\\\/kamera-luxus-compact-low-light\\\/#breadcrumb\",\"itemListElement\":[{\"@type\":\"ListItem\",\"position\":1,\"name\":\"Strona g\u0142\u00f3wna\",\"item\":\"https:\\\/\\\/escort-technology.com\\\/\"},{\"@type\":\"ListItem\",\"position\":2,\"name\":\"Kamera LUXUS Compact LOW Light\"}]},{\"@type\":\"WebSite\",\"@id\":\"http:\\\/\\\/escort-technology.com\\\/de\\\/#website\",\"url\":\"http:\\\/\\\/escort-technology.com\\\/de\\\/\",\"name\":\"ESCORT TECHNOLOGY\",\"description\":\"Elektronika morska i l\u0105dowa\",\"publisher\":{\"@id\":\"http:\\\/\\\/escort-technology.com\\\/de\\\/#organization\"},\"potentialAction\":[{\"@type\":\"SearchAction\",\"target\":{\"@type\":\"EntryPoint\",\"urlTemplate\":\"http:\\\/\\\/escort-technology.com\\\/de\\\/?s={search_term_string}\"},\"query-input\":{\"@type\":\"PropertyValueSpecification\",\"valueRequired\":true,\"valueName\":\"search_term_string\"}}],\"inLanguage\":\"en-US\"},{\"@type\":\"Organization\",\"@id\":\"http:\\\/\\\/escort-technology.com\\\/de\\\/#organization\",\"name\":\"ESCORT TECHNOLOGY\",\"url\":\"http:\\\/\\\/escort-technology.com\\\/de\\\/\",\"logo\":{\"@type\":\"ImageObject\",\"inLanguage\":\"en-US\",\"@id\":\"http:\\\/\\\/escort-technology.com\\\/de\\\/#\\\/schema\\\/logo\\\/image\\\/\",\"url\":\"https:\\\/\\\/escort-technology.com\\\/wp-content\\\/uploads\\\/logo-1.jpg\",\"contentUrl\":\"https:\\\/\\\/escort-technology.com\\\/wp-content\\\/uploads\\\/logo-1.jpg\",\"width\":600,\"height\":165,\"caption\":\"ESCORT TECHNOLOGY\"},\"image\":{\"@id\":\"http:\\\/\\\/escort-technology.com\\\/de\\\/#\\\/schema\\\/logo\\\/image\\\/\"},\"sameAs\":[\"https:\\\/\\\/www.facebook.com\\\/elektronika.morska\\\/\",\"https:\\\/\\\/www.linkedin.com\\\/company\\\/escort-sp-z-o-o-\\\/\"]}]}<\/script>\n<!-- \/ Yoast SEO plugin. -->","yoast_head_json":{"title":"Kamera LUXUS Compact LOW Light - ESCORT TECHNOLOGY","robots":{"index":"index","follow":"follow","max-snippet":"max-snippet:-1","max-image-preview":"max-image-preview:large","max-video-preview":"max-video-preview:-1"},"canonical":"https:\/\/escort-technology.com\/en\/kamera-luxus-compact-low-light\/","og_locale":"en_US","og_type":"article","og_title":"Kamera LUXUS Compact LOW Light - ESCORT TECHNOLOGY","og_description":"Kamera LUXUS Compact LOW Light Kompaktowa kamera LUXUS LOW Light zosta\u0142a zaprojektowana specjalnie z my\u015bl\u0105 o zastosowaniach nurkowych w trudnych warunkach i lekkich systemach pojazd\u00f3w ROV. Kompaktowa kamera LUXUS\u00a0 oferuje doskona\u0142\u0105 wydajno\u015b\u0107 w warunkach, w kt\u00f3rych \u015bwiat\u0142o jest ograniczone i w kt\u00f3rych u\u017cycie sztucznego \u015bwiat\u0142a jest utrudnione przez zm\u0119tnienie. W takich \u015brodowiskach czarno-bia\u0142y przetwornik oferuje [&hellip;]","og_url":"https:\/\/escort-technology.com\/en\/kamera-luxus-compact-low-light\/","og_site_name":"ESCORT TECHNOLOGY","article_publisher":"https:\/\/www.facebook.com\/elektronika.morska\/","article_modified_time":"2021-07-20T10:58:19+00:00","og_image":[{"url":"https:\/\/escort-technology.com\/wp-content\/uploads\/2021\/07\/compact-camera-lld-2-1.jpg","type":"","width":"","height":""}],"twitter_card":"summary_large_image","twitter_misc":{"Est. reading time":"1 minute"},"schema":{"@context":"https:\/\/schema.org","@graph":[{"@type":"WebPage","@id":"https:\/\/escort-technology.com\/en\/kamera-luxus-compact-low-light\/","url":"https:\/\/escort-technology.com\/en\/kamera-luxus-compact-low-light\/","name":"Kamera LUXUS Compact LOW Light - ESCORT TECHNOLOGY","isPartOf":{"@id":"http:\/\/escort-technology.com\/de\/#website"},"datePublished":"2021-07-20T10:08:58+00:00","dateModified":"2021-07-20T10:58:19+00:00","breadcrumb":{"@id":"https:\/\/escort-technology.com\/en\/kamera-luxus-compact-low-light\/#breadcrumb"},"inLanguage":"en-US","potentialAction":[{"@type":"ReadAction","target":["https:\/\/escort-technology.com\/en\/kamera-luxus-compact-low-light\/"]}]},{"@type":"BreadcrumbList","@id":"https:\/\/escort-technology.com\/en\/kamera-luxus-compact-low-light\/#breadcrumb","itemListElement":[{"@type":"ListItem","position":1,"name":"Strona g\u0142\u00f3wna","item":"https:\/\/escort-technology.com\/"},{"@type":"ListItem","position":2,"name":"Kamera LUXUS Compact LOW Light"}]},{"@type":"WebSite","@id":"http:\/\/escort-technology.com\/de\/#website","url":"http:\/\/escort-technology.com\/de\/","name":"ESCORT TECHNOLOGY","description":"Onshore and offshore electronics","publisher":{"@id":"http:\/\/escort-technology.com\/de\/#organization"},"potentialAction":[{"@type":"SearchAction","target":{"@type":"EntryPoint","urlTemplate":"http:\/\/escort-technology.com\/de\/?s={search_term_string}"},"query-input":{"@type":"PropertyValueSpecification","valueRequired":true,"valueName":"search_term_string"}}],"inLanguage":"en-US"},{"@type":"Organization","@id":"http:\/\/escort-technology.com\/de\/#organization","name":"ESCORT TECHNOLOGY","url":"http:\/\/escort-technology.com\/de\/","logo":{"@type":"ImageObject","inLanguage":"en-US","@id":"http:\/\/escort-technology.com\/de\/#\/schema\/logo\/image\/","url":"https:\/\/escort-technology.com\/wp-content\/uploads\/logo-1.jpg","contentUrl":"https:\/\/escort-technology.com\/wp-content\/uploads\/logo-1.jpg","width":600,"height":165,"caption":"ESCORT TECHNOLOGY"},"image":{"@id":"http:\/\/escort-technology.com\/de\/#\/schema\/logo\/image\/"},"sameAs":["https:\/\/www.facebook.com\/elektronika.morska\/","https:\/\/www.linkedin.com\/company\/escort-sp-z-o-o-\/"]}]}},"_links":{"self":[{"href":"https:\/\/escort-technology.com\/en\/wp-json\/wp\/v2\/pages\/9459","targetHints":{"allow":["GET"]}}],"collection":[{"href":"https:\/\/escort-technology.com\/en\/wp-json\/wp\/v2\/pages"}],"about":[{"href":"https:\/\/escort-technology.com\/en\/wp-json\/wp\/v2\/types\/page"}],"author":[{"embeddable":true,"href":"https:\/\/escort-technology.com\/en\/wp-json\/wp\/v2\/users\/10"}],"replies":[{"embeddable":true,"href":"https:\/\/escort-technology.com\/en\/wp-json\/wp\/v2\/comments?post=9459"}],"version-history":[{"count":6,"href":"https:\/\/escort-technology.com\/en\/wp-json\/wp\/v2\/pages\/9459\/revisions"}],"predecessor-version":[{"id":9471,"href":"https:\/\/escort-technology.com\/en\/wp-json\/wp\/v2\/pages\/9459\/revisions\/9471"}],"wp:attachment":[{"href":"https:\/\/escort-technology.com\/en\/wp-json\/wp\/v2\/media?parent=9459"}],"curies":[{"name":"wp","href":"https:\/\/api.w.org\/{rel}","templated":true}]}}