{"id":993,"date":"2018-02-22T09:03:53","date_gmt":"2018-02-22T09:03:53","guid":{"rendered":"http:\/\/escort-technology.com\/?page_id=993"},"modified":"2024-12-11T09:57:08","modified_gmt":"2024-12-11T08:57:08","slug":"monitoring-podwodny","status":"publish","type":"page","link":"https:\/\/escort-technology.com\/en\/monitoring-podwodny\/","title":{"rendered":"Underwater monitoring"},"content":{"rendered":"<h2>\n<h1><span style=\"color: #808080;\">Monitoring podwodny<\/span><\/h1>\n<\/h2>\n<hr>\n<div>\n<h3>Monitoring ryb<\/h3>\n<p><a href=\"https:\/\/escort-technology.com\/pl\/monitoring-ryb\/\"><\/a><\/p>\n<\/div>\n<div>\n<h3>Zalecenia dla przep\u0142awek<\/h3>\n<p><a href=\"https:\/\/escort-technology.com\/pl\/zalecenia-do-przeplawek-2\/\"><\/a><\/p>\n<\/div>\n<div>\n<h3>Monitoring prac podwodnych<\/h3>\n<p><a href=\"https:\/\/escort-technology.com\/pl\/monitoring-prac-podwodnych-2\/\"><\/a><\/p>\n<\/div>\n<div>\n<h3>System pozycjonowania podwodnego<\/h3>\n<p><a href=\"https:\/\/escort-technology.com\/pl\/system-pozycjonowania-podwodnego\/\"><\/a><\/p>\n<\/div>\n<div>\n<h3>Zdalny monitoring rozmycia dna<\/h3>\n<p><a href=\"https:\/\/escort-technology.com\/pl\/zdalny-monitoring-rozmycia-dna\/\"><\/a><\/p>\n<\/div>\n<div>\n<h3>Analiza jako\u015bci w\u00f3d<\/h3>\n<p><a href=\"https:\/\/escort-technology.com\/pl\/analiza-jakosci-wod\/\"><\/a><\/p>\n<\/div>\n<div>\n<h3>Mapowanie dna morskiego i monitoring siedlisk organizm\u00f3w wodnych<\/h3>\n<p><a href=\"https:\/\/escort-technology.com\/pl\/mapowanie-dna-morskiego-i-monitoring-siedlisk-organizmow-wodnych\/\"><\/a><\/p>\n<\/div>\n<p><a href=\"http:\/\/escort-technology.com\/monitoring-ryb\/\"><img decoding=\"async\" src=\"\/wp-content\/uploads\/23_1.png\" alt=\"\"><\/a><br \/>\n<a href=\"http:\/\/escort-technology.com\/zalecenia-do-przeplawek-2\/\"><img decoding=\"async\" src=\"\/wp-content\/uploads\/20161230_114149.jpg\" alt=\"\"><\/a><br \/>\n<a href=\"http:\/\/escort-technology.com\/monitoring-prac-podwodnych-2\/\"><img decoding=\"async\" src=\"\/wp-content\/uploads\/ARIS1.png\" alt=\"\"><\/a><\/p>\n<p><!--more--><br \/>\n<!-- {\"type\":\"layout\",\"children\":[{\"name\":\"About us\",\"type\":\"section\",\"props\":{\"animation\":\"fade\",\"image_position\":\"center-center\",\"image_size\":\"cover\",\"overlap\":false,\"padding\":\"xsmall\",\"padding_remove_top\":false,\"style\":\"default\",\"title_breakpoint\":\"xl\",\"title_position\":\"top-left\",\"title_rotation\":\"left\",\"vertical_align\":\"middle\",\"width\":\"large\"},\"children\":[{\"type\":\"row\",\"props\":{\"width\":\"xlarge\"},\"children\":[{\"type\":\"column\",\"props\":{\"image_position\":\"center-center\",\"position_sticky_breakpoint\":\"m\",\"width_medium\":\"1-1\"},\"children\":[{\"type\":\"headline\",\"props\":{\"animation\":\"slide-top\",\"content\":\"\n\n<h1><span style=\\\"color: #808080;\\\">Monitoring podwodny<\\\/span><\\\/h1>\",\"text_align\":\"center\",\"title_element\":\"h2\",\"title_style\":\"heading-large\"}},{\"type\":\"divider\",\"props\":{\"divider_element\":\"hr\"}}]}]},{\"type\":\"row\",\"props\":{\"layout\":\"1-3,1-3,1-3\",\"status\":\"disabled\"},\"children\":[{\"type\":\"column\",\"props\":{\"image_position\":\"center-center\",\"position_sticky_breakpoint\":\"m\",\"width_medium\":\"1-3\"},\"children\":[{\"type\":\"image\",\"props\":{\"image\":\"wp-content\\\/uploads\\\/23_1.png\",\"image_border\":\"circle\",\"image_box_shadow\":\"large\",\"image_height\":\"250\",\"image_hover_box_shadow\":\"large\",\"image_svg_color\":\"emphasis\",\"image_width\":\"250\",\"link\":\"http:\\\/\\\/escort-technology.com\\\/monitoring-ryb\\\/\",\"margin\":\"default\",\"text_align\":\"center\",\"text_align_fallback\":\"center\"}},{\"type\":\"headline\",\"props\":{\"content\":\"\n\n<h3><strong><span style=\\\"color: #003366;\\\">Monitoring ryb<\\\/span><\\\/strong><\\\/h3>\",\"link\":\"http:\\\/\\\/escort-technology.com\\\/monitoring-ryb\\\/\",\"margin\":\"small\",\"text_align\":\"center\",\"text_align_breakpoint\":\"m\",\"text_align_fallback\":\"center\",\"title_color\":\"muted\",\"title_element\":\"h3\",\"title_style\":\"h2\"}}]},{\"type\":\"column\",\"props\":{\"image_position\":\"center-center\",\"position_sticky_breakpoint\":\"m\",\"width_medium\":\"1-3\"},\"children\":[{\"type\":\"image\",\"props\":{\"image\":\"wp-content\\\/uploads\\\/20161230_114149.jpg\",\"image_border\":\"circle\",\"image_height\":\"250\",\"image_svg_color\":\"emphasis\",\"image_width\":\"250\",\"link\":\"http:\\\/\\\/escort-technology.com\\\/zalecenia-do-przeplawek-2\\\/\",\"margin\":\"default\",\"text_align\":\"center\"}},{\"type\":\"headline\",\"props\":{\"content\":\"\n\n<h3><strong><span style=\\\"color: #003366;\\\">Zalecenia dla przep\\u0142awek<\\\/span><\\\/strong><\\\/h3>\",\"link\":\"http:\\\/\\\/escort-technology.com\\\/zalecenia-do-przeplawek-2\\\/\",\"link_target\":false,\"margin\":\"small\",\"text_align\":\"center\",\"text_align_breakpoint\":\"m\",\"text_align_fallback\":\"center\",\"title_color\":\"muted\",\"title_element\":\"h3\",\"title_style\":\"h2\"}}]},{\"type\":\"column\",\"props\":{\"image_position\":\"center-center\",\"position_sticky_breakpoint\":\"m\",\"width_medium\":\"1-3\"},\"children\":[{\"type\":\"image\",\"props\":{\"image\":\"wp-content\\\/uploads\\\/ARIS1.png\",\"image_border\":\"circle\",\"image_height\":\"250\",\"image_svg_color\":\"emphasis\",\"image_width\":\"250\",\"link\":\"http:\\\/\\\/escort-technology.com\\\/monitoring-prac-podwodnych-2\\\/\",\"margin\":\"default\",\"text_align\":\"center\"}},{\"type\":\"headline\",\"props\":{\"content\":\"\n\n<h3><strong><span style=\\\"color: #003366;\\\">Monitoring prac podwodnych<\\\/span><\\\/strong><\\\/h3>\",\"link\":\"http:\\\/\\\/escort-technology.com\\\/monitoring-prac-podwodnych-2\\\/\",\"margin\":\"small\",\"text_align\":\"center\",\"text_align_breakpoint\":\"m\",\"text_align_fallback\":\"center\",\"title_color\":\"muted\",\"title_element\":\"h3\",\"title_style\":\"h2\"}}]}]},{\"type\":\"row\",\"props\":{\"layout\":\"1-2,1-2\",\"status\":\"disabled\"},\"children\":[{\"type\":\"column\",\"props\":{\"image_position\":\"center-center\",\"position_sticky_breakpoint\":\"m\",\"width_medium\":\"1-2\"},\"children\":[{\"type\":\"image\",\"props\":{\"image\":\"wp-content\\\/uploads\\\/spp1_rov.jpg\",\"image_border\":\"circle\",\"image_height\":\"250\",\"image_svg_color\":\"emphasis\",\"image_width\":\"250\",\"link\":\"http:\\\/\\\/escort-technology.com\\\/system-pozycjonowania-podwodnego\\\/\",\"margin\":\"default\",\"text_align\":\"center\"}},{\"type\":\"headline\",\"props\":{\"content\":\"\n\n<h3><strong><span style=\\\"color: #003366;\\\">System pozycjonowania podwodnego<\\\/span><\\\/strong><\\\/h3>\",\"link\":\"http:\\\/\\\/escort-technology.com\\\/system-pozycjonowania-podwodnego\\\/\",\"margin\":\"small\",\"text_align\":\"center\",\"text_align_breakpoint\":\"m\",\"text_align_fallback\":\"center\",\"title_color\":\"muted\",\"title_element\":\"h2\",\"title_style\":\"h2\"}}]},{\"type\":\"column\",\"props\":{\"image_position\":\"center-center\",\"position_sticky_breakpoint\":\"m\",\"width_medium\":\"1-2\"},\"children\":[{\"type\":\"image\",\"props\":{\"image\":\"wp-content\\\/uploads\\\/hsmd.jpg\",\"image_border\":\"circle\",\"image_height\":\"250\",\"image_svg_color\":\"emphasis\",\"image_width\":\"250\",\"link\":\"https:\\\/\\\/escort-technology.com\\\/zdalny-monitoring-rozmycia-dna\\\/\",\"margin\":\"default\",\"text_align\":\"center\"}},{\"type\":\"headline\",\"props\":{\"content\":\"\n\n<h3><strong><span style=\\\"color: #003366;\\\">Zdalny monitoring rozmycia dna<br \\\/><\\\/span><\\\/strong><\\\/h3>\",\"link\":\"https:\\\/\\\/escort-technology.com\\\/zdalny-monitoring-rozmycia-dna\\\/\",\"margin\":\"small\",\"text_align\":\"center\",\"text_align_breakpoint\":\"m\",\"text_align_fallback\":\"center\",\"title_color\":\"muted\",\"title_element\":\"h2\",\"title_style\":\"h2\"}}]}]}]},{\"type\":\"section\",\"props\":{\"image_position\":\"center-center\",\"style\":\"default\",\"title_breakpoint\":\"xl\",\"title_position\":\"top-left\",\"title_rotation\":\"left\",\"vertical_align\":\"middle\",\"width\":\"default\"},\"children\":[{\"type\":\"row\",\"children\":[{\"type\":\"column\",\"props\":{\"image_position\":\"center-center\",\"position_sticky_breakpoint\":\"m\"},\"children\":[{\"type\":\"panel\",\"props\":{\"content\":\"\",\"content_column_breakpoint\":\"m\",\"icon_width\":80,\"image\":\"\",\"image_align\":\"top\",\"image_grid_breakpoint\":\"m\",\"image_grid_width\":\"1-2\",\"image_svg_color\":\"emphasis\",\"link\":\"https:\\\/\\\/escort-technology.com\\\/pl\\\/monitoring-ryb\\\/\",\"link_style\":\"default\",\"link_text\":\"\",\"margin\":\"default\",\"meta_align\":\"below-title\",\"meta_element\":\"div\",\"meta_style\":\"text-meta\",\"panel_link\":true,\"panel_padding\":\"small\",\"panel_style\":\"tile-muted\",\"title\":\"Monitoring ryb\",\"title_align\":\"top\",\"title_element\":\"h3\",\"title_grid_breakpoint\":\"m\",\"title_grid_width\":\"1-2\",\"title_hover_style\":\"reset\"},\"name\":\"Monitoring ryb\"},{\"type\":\"panel\",\"props\":{\"content\":\"\",\"content_column_breakpoint\":\"m\",\"icon_width\":80,\"image\":\"\",\"image_align\":\"top\",\"image_grid_breakpoint\":\"m\",\"image_grid_width\":\"1-2\",\"image_svg_color\":\"emphasis\",\"link\":\"https:\\\/\\\/escort-technology.com\\\/pl\\\/zalecenia-do-przeplawek-2\\\/\",\"link_style\":\"default\",\"link_text\":\"\",\"margin\":\"default\",\"meta_align\":\"below-title\",\"meta_element\":\"div\",\"meta_style\":\"text-meta\",\"panel_link\":true,\"panel_padding\":\"small\",\"panel_style\":\"tile-secondary\",\"title\":\"Zalecenia dla przep\\u0142awek\",\"title_align\":\"top\",\"title_element\":\"h3\",\"title_grid_breakpoint\":\"m\",\"title_grid_width\":\"1-2\",\"title_hover_style\":\"reset\"},\"name\":\"Zalecenia dla przep\\u0142awek\"},{\"type\":\"panel\",\"props\":{\"content\":\"\",\"content_column_breakpoint\":\"m\",\"icon_width\":80,\"image\":\"\",\"image_align\":\"top\",\"image_grid_breakpoint\":\"m\",\"image_grid_width\":\"1-2\",\"image_svg_color\":\"emphasis\",\"link\":\"https:\\\/\\\/escort-technology.com\\\/pl\\\/monitoring-prac-podwodnych-2\\\/\",\"link_style\":\"default\",\"link_text\":\"\",\"margin\":\"default\",\"meta_align\":\"below-title\",\"meta_element\":\"div\",\"meta_style\":\"text-meta\",\"panel_link\":true,\"panel_padding\":\"small\",\"panel_style\":\"tile-muted\",\"title\":\"Monitoring prac podwodnych\",\"title_align\":\"top\",\"title_element\":\"h3\",\"title_grid_breakpoint\":\"m\",\"title_grid_width\":\"1-2\",\"title_hover_style\":\"reset\"},\"name\":\"Monitoring prac podwodnych\"},{\"type\":\"panel\",\"props\":{\"content\":\"\",\"content_column_breakpoint\":\"m\",\"icon_width\":80,\"image\":\"\",\"image_align\":\"top\",\"image_grid_breakpoint\":\"m\",\"image_grid_width\":\"1-2\",\"image_svg_color\":\"emphasis\",\"link\":\"https:\\\/\\\/escort-technology.com\\\/pl\\\/system-pozycjonowania-podwodnego\\\/\",\"link_style\":\"default\",\"link_text\":\"\",\"margin\":\"default\",\"meta_align\":\"below-title\",\"meta_element\":\"div\",\"meta_style\":\"text-meta\",\"panel_link\":true,\"panel_padding\":\"small\",\"panel_style\":\"tile-secondary\",\"title\":\"System pozycjonowania podwodnego\",\"title_align\":\"top\",\"title_element\":\"h3\",\"title_grid_breakpoint\":\"m\",\"title_grid_width\":\"1-2\",\"title_hover_style\":\"reset\"},\"name\":\"System pozycjonowania podwodnego\"},{\"type\":\"panel\",\"props\":{\"content\":\"\",\"content_column_breakpoint\":\"m\",\"icon_width\":80,\"image\":\"\",\"image_align\":\"top\",\"image_grid_breakpoint\":\"m\",\"image_grid_width\":\"1-2\",\"image_svg_color\":\"emphasis\",\"link\":\"https:\\\/\\\/escort-technology.com\\\/pl\\\/zdalny-monitoring-rozmycia-dna\\\/\",\"link_style\":\"default\",\"link_text\":\"\",\"margin\":\"default\",\"meta_align\":\"below-title\",\"meta_element\":\"div\",\"meta_style\":\"text-meta\",\"panel_link\":true,\"panel_padding\":\"small\",\"panel_style\":\"tile-muted\",\"title\":\"Zdalny monitoring rozmycia dna\",\"title_align\":\"top\",\"title_element\":\"h3\",\"title_grid_breakpoint\":\"m\",\"title_grid_width\":\"1-2\",\"title_hover_style\":\"reset\"},\"name\":\"Zdalny monitoring rozmycia dna\"},{\"type\":\"panel\",\"props\":{\"content\":\"\",\"content_column_breakpoint\":\"m\",\"icon_width\":80,\"image\":\"\",\"image_align\":\"top\",\"image_grid_breakpoint\":\"m\",\"image_grid_width\":\"1-2\",\"image_svg_color\":\"emphasis\",\"link\":\"https:\\\/\\\/escort-technology.com\\\/pl\\\/analiza-jakosci-wod\\\/\",\"link_style\":\"default\",\"link_text\":\"\",\"margin\":\"default\",\"meta_align\":\"below-title\",\"meta_element\":\"div\",\"meta_style\":\"text-meta\",\"panel_link\":true,\"panel_padding\":\"small\",\"panel_style\":\"tile-secondary\",\"title\":\"Analiza jako\\u015bci w\\u00f3d\",\"title_align\":\"top\",\"title_element\":\"h3\",\"title_grid_breakpoint\":\"m\",\"title_grid_width\":\"1-2\",\"title_hover_style\":\"reset\"},\"name\":\"Analiza jako\\u015bci w\\u00f3d\"},{\"type\":\"panel\",\"props\":{\"content\":\"\",\"content_column_breakpoint\":\"m\",\"icon_width\":80,\"image\":\"\",\"image_align\":\"top\",\"image_grid_breakpoint\":\"m\",\"image_grid_width\":\"1-2\",\"image_svg_color\":\"emphasis\",\"link\":\"https:\\\/\\\/escort-technology.com\\\/pl\\\/mapowanie-dna-morskiego-i-monitoring-siedlisk-organizmow-wodnych\\\/\",\"link_style\":\"default\",\"link_text\":\"\",\"margin\":\"default\",\"meta_align\":\"below-title\",\"meta_element\":\"div\",\"meta_style\":\"text-meta\",\"panel_link\":true,\"panel_padding\":\"small\",\"panel_style\":\"tile-muted\",\"title\":\"Mapowanie dna morskiego i monitoring siedlisk organizm\\u00f3w wodnych\",\"title_align\":\"top\",\"title_element\":\"h3\",\"title_grid_breakpoint\":\"m\",\"title_grid_width\":\"1-2\",\"title_hover_style\":\"reset\"},\"name\":\"Mapowanie dna morskiego i monitoring siedlisk organizm\\u00f3w wodnych\"}]}]}],\"name\":\"Monitoring\"},{\"type\":\"section\",\"props\":{\"image_position\":\"center-center\",\"style\":\"default\",\"title_breakpoint\":\"xl\",\"title_position\":\"top-left\",\"title_rotation\":\"left\",\"vertical_align\":\"middle\",\"width\":\"default\"},\"children\":[{\"type\":\"row\",\"props\":{\"layout\":\"1-3,1-3,1-3\"},\"children\":[{\"type\":\"column\",\"props\":{\"image_position\":\"center-center\",\"position_sticky_breakpoint\":\"m\",\"width_medium\":\"1-3\"},\"children\":[{\"type\":\"image\",\"props\":{\"image\":\"wp-content\\\/uploads\\\/23_1.png\",\"image_border\":\"circle\",\"image_box_shadow\":\"large\",\"image_height\":\"250\",\"image_hover_box_shadow\":\"large\",\"image_svg_color\":\"emphasis\",\"image_width\":\"250\",\"link\":\"http:\\\/\\\/escort-technology.com\\\/monitoring-ryb\\\/\",\"margin\":\"default\",\"text_align\":\"center\",\"text_align_fallback\":\"center\"}}]},{\"type\":\"column\",\"props\":{\"image_position\":\"center-center\",\"position_sticky_breakpoint\":\"m\",\"width_medium\":\"1-3\"},\"children\":[{\"type\":\"image\",\"props\":{\"image\":\"wp-content\\\/uploads\\\/20161230_114149.jpg\",\"image_border\":\"circle\",\"image_height\":\"250\",\"image_svg_color\":\"emphasis\",\"image_width\":\"250\",\"link\":\"http:\\\/\\\/escort-technology.com\\\/zalecenia-do-przeplawek-2\\\/\",\"margin\":\"default\",\"text_align\":\"center\"}}]},{\"type\":\"column\",\"props\":{\"image_position\":\"center-center\",\"position_sticky_breakpoint\":\"m\",\"width_medium\":\"1-3\"},\"children\":[{\"type\":\"image\",\"props\":{\"image\":\"wp-content\\\/uploads\\\/ARIS1.png\",\"image_border\":\"circle\",\"image_height\":\"250\",\"image_svg_color\":\"emphasis\",\"image_width\":\"250\",\"link\":\"http:\\\/\\\/escort-technology.com\\\/monitoring-prac-podwodnych-2\\\/\",\"margin\":\"default\",\"text_align\":\"center\"}}]}]}]}],\"version\":\"4.0.13\"} --><\/p>\n","protected":false},"excerpt":{"rendered":"<p>Monitoring podwodny Monitoring ryb Zalecenia dla przep\u0142awek Monitoring prac podwodnych System pozycjonowania podwodnego Zdalny monitoring rozmycia dna Analiza jako\u015bci w\u00f3d Mapowanie dna morskiego i monitoring siedlisk organizm\u00f3w wodnych<\/p>","protected":false},"author":1,"featured_media":0,"parent":0,"menu_order":0,"comment_status":"closed","ping_status":"closed","template":"","meta":{"footnotes":""},"class_list":["post-993","page","type-page","status-publish","hentry"],"yoast_head":"<!-- This site is optimized with the Yoast SEO plugin v27.6 - https:\/\/yoast.com\/product\/yoast-seo-wordpress\/ -->\n<title>Monitoring podwodny - sprz\u0119t oraz fachowe us\u0142ugi \u01c0 Escort<\/title>\n<meta name=\"description\" content=\"Firma Escort oferuje profesjonalny sprz\u0119t umo\u017cliwiaj\u0105cy monitoring podwodny. Wykonujemy r\u00f3wnie\u017c szereg us\u0142ug, m.in. monitoring przep\u0142awek dla ryb. Zapraszamy!\" \/>\n<meta name=\"robots\" content=\"index, follow, max-snippet:-1, max-image-preview:large, max-video-preview:-1\" \/>\n<link rel=\"canonical\" href=\"https:\/\/escort-technology.com\/en\/monitoring-podwodny\/\" \/>\n<meta property=\"og:locale\" content=\"en_US\" \/>\n<meta property=\"og:type\" content=\"article\" \/>\n<meta property=\"og:title\" content=\"Monitoring podwodny - sprz\u0119t oraz fachowe us\u0142ugi \u01c0 Escort\" \/>\n<meta property=\"og:description\" content=\"Firma Escort oferuje profesjonalny sprz\u0119t umo\u017cliwiaj\u0105cy monitoring podwodny. Wykonujemy r\u00f3wnie\u017c szereg us\u0142ug, m.in. monitoring przep\u0142awek dla ryb. Zapraszamy!\" \/>\n<meta property=\"og:url\" content=\"https:\/\/escort-technology.com\/en\/monitoring-podwodny\/\" \/>\n<meta property=\"og:site_name\" content=\"ESCORT TECHNOLOGY\" \/>\n<meta property=\"article:publisher\" content=\"https:\/\/www.facebook.com\/elektronika.morska\/\" \/>\n<meta property=\"article:modified_time\" content=\"2024-12-11T08:57:08+00:00\" \/>\n<meta name=\"twitter:card\" content=\"summary_large_image\" \/>\n<script type=\"application\/ld+json\" class=\"yoast-schema-graph\">{\"@context\":\"https:\\\/\\\/schema.org\",\"@graph\":[{\"@type\":\"WebPage\",\"@id\":\"https:\\\/\\\/escort-technology.com\\\/monitoring-podwodny\\\/\",\"url\":\"https:\\\/\\\/escort-technology.com\\\/monitoring-podwodny\\\/\",\"name\":\"Monitoring podwodny - sprz\u0119t oraz fachowe us\u0142ugi \u01c0 Escort\",\"isPartOf\":{\"@id\":\"http:\\\/\\\/escort-technology.com\\\/de\\\/#website\"},\"datePublished\":\"2018-02-22T09:03:53+00:00\",\"dateModified\":\"2024-12-11T08:57:08+00:00\",\"description\":\"Firma Escort oferuje profesjonalny sprz\u0119t umo\u017cliwiaj\u0105cy monitoring podwodny. Wykonujemy r\u00f3wnie\u017c szereg us\u0142ug, m.in. monitoring przep\u0142awek dla ryb. Zapraszamy!\",\"breadcrumb\":{\"@id\":\"https:\\\/\\\/escort-technology.com\\\/monitoring-podwodny\\\/#breadcrumb\"},\"inLanguage\":\"en-US\",\"potentialAction\":[{\"@type\":\"ReadAction\",\"target\":[\"https:\\\/\\\/escort-technology.com\\\/monitoring-podwodny\\\/\"]}]},{\"@type\":\"BreadcrumbList\",\"@id\":\"https:\\\/\\\/escort-technology.com\\\/monitoring-podwodny\\\/#breadcrumb\",\"itemListElement\":[{\"@type\":\"ListItem\",\"position\":1,\"name\":\"Strona g\u0142\u00f3wna\",\"item\":\"https:\\\/\\\/escort-technology.com\\\/\"},{\"@type\":\"ListItem\",\"position\":2,\"name\":\"Monitoring podwodny\"}]},{\"@type\":\"WebSite\",\"@id\":\"http:\\\/\\\/escort-technology.com\\\/de\\\/#website\",\"url\":\"http:\\\/\\\/escort-technology.com\\\/de\\\/\",\"name\":\"ESCORT TECHNOLOGY\",\"description\":\"Elektronika morska i l\u0105dowa\",\"publisher\":{\"@id\":\"http:\\\/\\\/escort-technology.com\\\/de\\\/#organization\"},\"potentialAction\":[{\"@type\":\"SearchAction\",\"target\":{\"@type\":\"EntryPoint\",\"urlTemplate\":\"http:\\\/\\\/escort-technology.com\\\/de\\\/?s={search_term_string}\"},\"query-input\":{\"@type\":\"PropertyValueSpecification\",\"valueRequired\":true,\"valueName\":\"search_term_string\"}}],\"inLanguage\":\"en-US\"},{\"@type\":\"Organization\",\"@id\":\"http:\\\/\\\/escort-technology.com\\\/de\\\/#organization\",\"name\":\"ESCORT TECHNOLOGY\",\"url\":\"http:\\\/\\\/escort-technology.com\\\/de\\\/\",\"logo\":{\"@type\":\"ImageObject\",\"inLanguage\":\"en-US\",\"@id\":\"http:\\\/\\\/escort-technology.com\\\/de\\\/#\\\/schema\\\/logo\\\/image\\\/\",\"url\":\"https:\\\/\\\/escort-technology.com\\\/wp-content\\\/uploads\\\/logo-1.jpg\",\"contentUrl\":\"https:\\\/\\\/escort-technology.com\\\/wp-content\\\/uploads\\\/logo-1.jpg\",\"width\":600,\"height\":165,\"caption\":\"ESCORT TECHNOLOGY\"},\"image\":{\"@id\":\"http:\\\/\\\/escort-technology.com\\\/de\\\/#\\\/schema\\\/logo\\\/image\\\/\"},\"sameAs\":[\"https:\\\/\\\/www.facebook.com\\\/elektronika.morska\\\/\",\"https:\\\/\\\/www.linkedin.com\\\/company\\\/escort-sp-z-o-o-\\\/\"]}]}<\/script>\n<!-- \/ Yoast SEO plugin. -->","yoast_head_json":{"title":"Monitoring podwodny - sprz\u0119t oraz fachowe us\u0142ugi \u01c0 Escort","description":"Firma Escort oferuje profesjonalny sprz\u0119t umo\u017cliwiaj\u0105cy monitoring podwodny. Wykonujemy r\u00f3wnie\u017c szereg us\u0142ug, m.in. monitoring przep\u0142awek dla ryb. Zapraszamy!","robots":{"index":"index","follow":"follow","max-snippet":"max-snippet:-1","max-image-preview":"max-image-preview:large","max-video-preview":"max-video-preview:-1"},"canonical":"https:\/\/escort-technology.com\/en\/monitoring-podwodny\/","og_locale":"en_US","og_type":"article","og_title":"Monitoring podwodny - sprz\u0119t oraz fachowe us\u0142ugi \u01c0 Escort","og_description":"Firma Escort oferuje profesjonalny sprz\u0119t umo\u017cliwiaj\u0105cy monitoring podwodny. Wykonujemy r\u00f3wnie\u017c szereg us\u0142ug, m.in. monitoring przep\u0142awek dla ryb. Zapraszamy!","og_url":"https:\/\/escort-technology.com\/en\/monitoring-podwodny\/","og_site_name":"ESCORT TECHNOLOGY","article_publisher":"https:\/\/www.facebook.com\/elektronika.morska\/","article_modified_time":"2024-12-11T08:57:08+00:00","twitter_card":"summary_large_image","schema":{"@context":"https:\/\/schema.org","@graph":[{"@type":"WebPage","@id":"https:\/\/escort-technology.com\/monitoring-podwodny\/","url":"https:\/\/escort-technology.com\/monitoring-podwodny\/","name":"Monitoring podwodny - sprz\u0119t oraz fachowe us\u0142ugi \u01c0 Escort","isPartOf":{"@id":"http:\/\/escort-technology.com\/de\/#website"},"datePublished":"2018-02-22T09:03:53+00:00","dateModified":"2024-12-11T08:57:08+00:00","description":"Firma Escort oferuje profesjonalny sprz\u0119t umo\u017cliwiaj\u0105cy monitoring podwodny. Wykonujemy r\u00f3wnie\u017c szereg us\u0142ug, m.in. monitoring przep\u0142awek dla ryb. Zapraszamy!","breadcrumb":{"@id":"https:\/\/escort-technology.com\/monitoring-podwodny\/#breadcrumb"},"inLanguage":"en-US","potentialAction":[{"@type":"ReadAction","target":["https:\/\/escort-technology.com\/monitoring-podwodny\/"]}]},{"@type":"BreadcrumbList","@id":"https:\/\/escort-technology.com\/monitoring-podwodny\/#breadcrumb","itemListElement":[{"@type":"ListItem","position":1,"name":"Strona g\u0142\u00f3wna","item":"https:\/\/escort-technology.com\/"},{"@type":"ListItem","position":2,"name":"Monitoring podwodny"}]},{"@type":"WebSite","@id":"http:\/\/escort-technology.com\/de\/#website","url":"http:\/\/escort-technology.com\/de\/","name":"ESCORT TECHNOLOGY","description":"Onshore and offshore electronics","publisher":{"@id":"http:\/\/escort-technology.com\/de\/#organization"},"potentialAction":[{"@type":"SearchAction","target":{"@type":"EntryPoint","urlTemplate":"http:\/\/escort-technology.com\/de\/?s={search_term_string}"},"query-input":{"@type":"PropertyValueSpecification","valueRequired":true,"valueName":"search_term_string"}}],"inLanguage":"en-US"},{"@type":"Organization","@id":"http:\/\/escort-technology.com\/de\/#organization","name":"ESCORT TECHNOLOGY","url":"http:\/\/escort-technology.com\/de\/","logo":{"@type":"ImageObject","inLanguage":"en-US","@id":"http:\/\/escort-technology.com\/de\/#\/schema\/logo\/image\/","url":"https:\/\/escort-technology.com\/wp-content\/uploads\/logo-1.jpg","contentUrl":"https:\/\/escort-technology.com\/wp-content\/uploads\/logo-1.jpg","width":600,"height":165,"caption":"ESCORT TECHNOLOGY"},"image":{"@id":"http:\/\/escort-technology.com\/de\/#\/schema\/logo\/image\/"},"sameAs":["https:\/\/www.facebook.com\/elektronika.morska\/","https:\/\/www.linkedin.com\/company\/escort-sp-z-o-o-\/"]}]}},"_links":{"self":[{"href":"https:\/\/escort-technology.com\/en\/wp-json\/wp\/v2\/pages\/993","targetHints":{"allow":["GET"]}}],"collection":[{"href":"https:\/\/escort-technology.com\/en\/wp-json\/wp\/v2\/pages"}],"about":[{"href":"https:\/\/escort-technology.com\/en\/wp-json\/wp\/v2\/types\/page"}],"author":[{"embeddable":true,"href":"https:\/\/escort-technology.com\/en\/wp-json\/wp\/v2\/users\/1"}],"replies":[{"embeddable":true,"href":"https:\/\/escort-technology.com\/en\/wp-json\/wp\/v2\/comments?post=993"}],"version-history":[{"count":19,"href":"https:\/\/escort-technology.com\/en\/wp-json\/wp\/v2\/pages\/993\/revisions"}],"predecessor-version":[{"id":14305,"href":"https:\/\/escort-technology.com\/en\/wp-json\/wp\/v2\/pages\/993\/revisions\/14305"}],"wp:attachment":[{"href":"https:\/\/escort-technology.com\/en\/wp-json\/wp\/v2\/media?parent=993"}],"curies":[{"name":"wp","href":"https:\/\/api.w.org\/{rel}","templated":true}]}}