{"id":10016,"date":"2021-10-18T18:34:39","date_gmt":"2021-10-18T16:34:39","guid":{"rendered":"https:\/\/escort-technology.com\/?page_id=10016"},"modified":"2021-10-18T18:58:47","modified_gmt":"2021-10-18T16:58:47","slug":"metoda-wykrywania-obiektow-za-pomoca-magnetometru","status":"publish","type":"page","link":"https:\/\/escort-technology.com\/pl\/metoda-wykrywania-obiektow-za-pomoca-magnetometru\/","title":{"rendered":"Metoda wykrywania obiekt\u00f3w za pomoc\u0105 magnetometru"},"content":{"rendered":"<h1>\n<h1 class=\"uk-article-title\">Metoda wykrywania obiekt\u00f3w za pomoc\u0105 magnetometru<\/h1>\n<\/h1>\n<hr>\n<p><img decoding=\"async\" src=\"\/wp-content\/uploads\/2021\/10\/Marine_Magnetics_Sea_Spy_Mag_noaltyestow_notailconnectorweb.png\" alt=\"\"><\/p>\n<div>\n<p>Rozw\u00f3j technologii wp\u0142yn\u0105\u0142 r\u00f3wnie\u017c na urz\u0105dzenia stosowane do\u00a0 penetracji akwen\u00f3w wodnych. Wraz z coraz wi\u0119ksz\u0105 eksploracj\u0105 morza i w\u00f3d \u015br\u00f3dl\u0105dowych obserwuje si\u0119 rosn\u0105ce zainteresowanie technikami lokalizacji i identyfikacji obiekt\u00f3w dennych mog\u0105cych by\u0107 potencjalnym celem dla nurka rekreacyjnego, archeologa podwodnego czy specjalisty z innej dziedziny (policja, wojsko). Ograniczone zasoby finansowe os\u00f3b prywatnych sprawiaj\u0105, \u017ce wachlarz<br \/>dost\u0119pnego sprz\u0119tu do poszukiwa\u0144 podwodnych jest zdecydowanie bardziej ograniczony ni\u017c w przypadku instytucji (wojsko, przemys\u0142 naftowy). Pomimo tego<br \/>istniej\u0105cy wyb\u00f3r sprz\u0119tu jest na tyle r\u00f3\u017cnorodny i wszechstronny, \u017ce pozwala na uzyskanie wynik\u00f3w poszukiwa\u0144 niejednokrotnie dor\u00f3wnuj\u0105cych tym, kt\u00f3re prowadz\u0105 instytucje. Nale\u017cy pami\u0119ta\u0107, i\u017c informacje o podwodnych stanowiskach archeologicznych czy wrakach trafiaj\u0105 do zainteresowanych instytucji (Centralne Muzeum Morskie, Urz\u0105d Morski) cz\u0119sto od w\u0119dkarzy czy amator\u00f3w nurkowania. <\/p>\n<p><strong>PODZIA\u0141 METOD LOKALIZACJI<\/strong><br \/>W \u015brodowisku wodnym dysponujemy nast\u0119puj\u0105cymi metodami do lokalizacji<br \/>obiekt\u00f3w:<br \/>\u2022 hydroakustyczne, wykorzystywane s\u0105 fale ultrad\u017awi\u0119kowe, typowe urz\u0105dzenia to echosonda i sonar.<br \/>\u2022 magnetyczne, wykorzystywany pomiar indukcji pola magnetycznego ziemskiego\u00a0 albo pomiar pola magnetycznego<br \/>wytwarzanego przez g\u0142owic\u0119 detekcyjn\u0105 (wykrywacz metali).<br \/>\u2022 wizualne, wykorzystywane \u015bwiat\u0142o widzialne (kamera, nurek).<\/p>\n<p><strong>METODA MAGNETYCZNA:<\/strong><\/p>\n<p>Znacz\u0105ca liczba przedmiot\u00f3w dennych posiada w swojej strukturze elementy \u017celazne b\u0105d\u017a stalowe. W tym przypadku inn\u0105 metod\u0105 lokalizacji, ni\u017c hydroakustyczna jest metoda magnetyczna. Stosowane s\u0105 dwie odmiany tej metody: pasywna, wykorzystuj\u0105ca<br \/>zmian\u0119 warto\u015bci indukcji ziemskiego pola magnetycznego spowodowan\u0105 obecno\u015bci\u0105 przedmiotu stalowego, oraz aktywna, wykorzystuj\u0105ca pole generowane intencjonalnie. Tu mowa o r\u00f3\u017cnych typach wykrywaczy metali. Przewag\u0105 metody pasywnej jest zdecydowanie wi\u0119kszy zasi\u0119g. Do pomiaru warto\u015bci indukcji ziemskiego pola magnetycznego wykorzystywane s\u0105 zasadniczo dwa typy magnetometr\u00f3w: protonowe (impulsowe, Overhausera) oraz transduktorowe.<\/p>\n<p>W naszej ofercie znajd\u0105 Pa\u0144stwo urz\u0105dzenia cenionych na \u015bwiecie producent\u00f3w: <a href=\"http:\/\/escort-technology.com\/pl\/elektronika-w-hydrografii\/#\">Link do oferty<\/a><\/p>\n<\/p>\n<p><em>\u0179r\u00f3d\u0142o: M. Penkowski<\/em><br \/><em>ZA S T O S O W A N I E\u00a0 O G \u00d3 L N I E\u00a0 D O S T \u0118 P N E G O\u00a0 S P R Z \u0118 T U D O\u00a0 <\/em><em>L O K A L I Z A C J I\u00a0 O B I E K T \u00d3 W\u00a0 D E N N Y C H\u00a0\u00a0 <\/em>P o l s k i e\u00a0 T o w a r z y s t w o\u00a0 M e d y c y n y\u00a0 i\u00a0 T e c h n i k i\u00a0 H i p e r b a r y c z n e j<\/p>\n<\/div>\n<p><!--more--><br \/>\n<!-- {\"type\":\"layout\",\"children\":[{\"type\":\"section\",\"props\":{\"style\":\"default\",\"width\":\"default\",\"vertical_align\":\"middle\",\"title_position\":\"top-left\",\"title_rotation\":\"left\",\"title_breakpoint\":\"xl\",\"image_position\":\"center-center\"},\"children\":[{\"type\":\"row\",\"children\":[{\"type\":\"column\",\"props\":{\"image_position\":\"center-center\",\"media_overlay_gradient\":\"\"},\"children\":[{\"type\":\"headline\",\"props\":{\"title_element\":\"h1\",\"content\":\"\n\n<h1 class=\\\"uk-article-title\\\">Metoda wykrywania obiekt\\u00f3w za pomoc\\u0105 magnetometru<\\\/h1>\"}},{\"type\":\"divider\",\"props\":{\"divider_element\":\"hr\"}},{\"type\":\"image\",\"props\":{\"margin\":\"default\",\"image_svg_color\":\"emphasis\",\"image\":\"wp-content\\\/uploads\\\/2021\\\/10\\\/Marine_Magnetics_Sea_Spy_Mag_noaltyestow_notailconnectorweb.png\",\"text_align\":\"center\"}}]}]}]},{\"type\":\"section\",\"props\":{\"style\":\"default\",\"width\":\"default\",\"vertical_align\":\"middle\",\"title_position\":\"top-left\",\"title_rotation\":\"left\",\"title_breakpoint\":\"xl\",\"image_position\":\"center-center\"},\"children\":[{\"type\":\"row\",\"children\":[{\"type\":\"column\",\"props\":{\"image_position\":\"center-center\",\"media_overlay_gradient\":\"\"},\"children\":[{\"type\":\"text\",\"props\":{\"margin\":\"default\",\"column_breakpoint\":\"m\",\"content\":\"\n\n<p>Rozw\\u00f3j technologii wp\\u0142yn\\u0105\\u0142 r\\u00f3wnie\\u017c na urz\\u0105dzenia stosowane do\\u00a0 penetracji akwen\\u00f3w wodnych. Wraz z coraz wi\\u0119ksz\\u0105 eksploracj\\u0105 morza i w\\u00f3d \\u015br\\u00f3dl\\u0105dowych obserwuje si\\u0119 rosn\\u0105ce zainteresowanie technikami lokalizacji i identyfikacji obiekt\\u00f3w dennych mog\\u0105cych by\\u0107 potencjalnym celem dla nurka rekreacyjnego, archeologa podwodnego czy specjalisty z innej dziedziny (policja, wojsko). Ograniczone zasoby finansowe os\\u00f3b prywatnych sprawiaj\\u0105, \\u017ce wachlarz<br \\\/>dost\\u0119pnego sprz\\u0119tu do poszukiwa\\u0144 podwodnych jest zdecydowanie bardziej ograniczony ni\\u017c w przypadku instytucji (wojsko, przemys\\u0142 naftowy). Pomimo tego<br \\\/>istniej\\u0105cy wyb\\u00f3r sprz\\u0119tu jest na tyle r\\u00f3\\u017cnorodny i wszechstronny, \\u017ce pozwala na uzyskanie wynik\\u00f3w poszukiwa\\u0144 niejednokrotnie dor\\u00f3wnuj\\u0105cych tym, kt\\u00f3re prowadz\\u0105 instytucje. Nale\\u017cy pami\\u0119ta\\u0107, i\\u017c informacje o podwodnych stanowiskach archeologicznych czy wrakach trafiaj\\u0105 do zainteresowanych instytucji (Centralne Muzeum Morskie, Urz\\u0105d Morski) cz\\u0119sto od w\\u0119dkarzy czy amator\\u00f3w nurkowania. <br \\\/><br \\\/><strong>PODZIA\\u0141 METOD LOKALIZACJI<\\\/strong><br \\\/>W \\u015brodowisku wodnym dysponujemy nast\\u0119puj\\u0105cymi metodami do lokalizacji<br \\\/>obiekt\\u00f3w:<br \\\/>\\u2022 hydroakustyczne, wykorzystywane s\\u0105 fale ultrad\\u017awi\\u0119kowe, typowe urz\\u0105dzenia to echosonda i sonar.<br \\\/>\\u2022 magnetyczne, wykorzystywany pomiar indukcji pola magnetycznego ziemskiego\\u00a0 albo pomiar pola magnetycznego<br \\\/>wytwarzanego przez g\\u0142owic\\u0119 detekcyjn\\u0105 (wykrywacz metali).<br \\\/>\\u2022 wizualne, wykorzystywane \\u015bwiat\\u0142o widzialne (kamera, nurek).<\\\/p>\\n\n\n<p><strong>METODA MAGNETYCZNA:<\\\/strong><\\\/p>\\n\n\n<p>Znacz\\u0105ca liczba przedmiot\\u00f3w dennych posiada w swojej strukturze elementy \\u017celazne b\\u0105d\\u017a stalowe. W tym przypadku inn\\u0105 metod\\u0105 lokalizacji, ni\\u017c hydroakustyczna jest metoda magnetyczna. Stosowane s\\u0105 dwie odmiany tej metody: pasywna, wykorzystuj\\u0105ca<br \\\/>zmian\\u0119 warto\\u015bci indukcji ziemskiego pola magnetycznego spowodowan\\u0105 obecno\\u015bci\\u0105 przedmiotu stalowego, oraz aktywna, wykorzystuj\\u0105ca pole generowane intencjonalnie. Tu mowa o r\\u00f3\\u017cnych typach wykrywaczy metali. Przewag\\u0105 metody pasywnej jest zdecydowanie wi\\u0119kszy zasi\\u0119g. Do pomiaru warto\\u015bci indukcji ziemskiego pola magnetycznego wykorzystywane s\\u0105 zasadniczo dwa typy magnetometr\\u00f3w: protonowe (impulsowe, Overhausera) oraz transduktorowe.<\\\/p>\\n\n\n<p>W naszej ofercie znajd\\u0105 Pa\\u0144stwo urz\\u0105dzenia cenionych na \\u015bwiecie producent\\u00f3w: <a href=\\\"http:\\\/\\\/escort-technology.com\\\/pl\\\/elektronika-w-hydrografii\\\/#\\\">Link do oferty<\\\/a><\\\/p>\\n\n\n<p><\\\/p>\\n\n\n<p><em>\\u0179r\\u00f3d\\u0142o: M. Penkowski<\\\/em><br \\\/><em>ZA S T O S O W A N I E\\u00a0 O G \\u00d3 L N I E\\u00a0 D O S T \\u0118 P N E G O\\u00a0 S P R Z \\u0118 T U D O\\u00a0 <\\\/em><em>L O K A L I Z A C J I\\u00a0 O B I E K T \\u00d3 W\\u00a0 D E N N Y C H\\u00a0\\u00a0 <\\\/em>P o l s k i e\\u00a0 T o w a r z y s t w o\\u00a0 M e d y c y n y\\u00a0 i\\u00a0 T e c h n i k i\\u00a0 H i p e r b a r y c z n e j<\\\/p>\"}}]}]}]}],\"version\":\"2.4.14\"} --><\/p>\n","protected":false},"excerpt":{"rendered":"<p>Metoda wykrywania obiekt\u00f3w za pomoc\u0105 magnetometru Rozw\u00f3j technologii wp\u0142yn\u0105\u0142 r\u00f3wnie\u017c na urz\u0105dzenia stosowane do\u00a0 penetracji akwen\u00f3w wodnych. Wraz z coraz wi\u0119ksz\u0105 eksploracj\u0105 morza i w\u00f3d \u015br\u00f3dl\u0105dowych obserwuje si\u0119 rosn\u0105ce zainteresowanie technikami lokalizacji i identyfikacji obiekt\u00f3w dennych mog\u0105cych by\u0107 potencjalnym celem dla nurka rekreacyjnego, archeologa podwodnego czy specjalisty z innej dziedziny (policja, wojsko). Ograniczone zasoby finansowe [&hellip;]<\/p>\n","protected":false},"author":10,"featured_media":0,"parent":0,"menu_order":0,"comment_status":"closed","ping_status":"closed","template":"","meta":{"footnotes":""},"class_list":["post-10016","page","type-page","status-publish","hentry"],"yoast_head":"<!-- This site is optimized with the Yoast SEO plugin v27.6 - https:\/\/yoast.com\/product\/yoast-seo-wordpress\/ -->\n<title>Metoda wykrywania obiekt\u00f3w za pomoc\u0105 magnetometru - ESCORT TECHNOLOGY<\/title>\n<meta name=\"robots\" content=\"index, follow, max-snippet:-1, max-image-preview:large, max-video-preview:-1\" \/>\n<link rel=\"canonical\" href=\"https:\/\/escort-technology.com\/pl\/metoda-wykrywania-obiektow-za-pomoca-magnetometru\/\" \/>\n<meta property=\"og:locale\" content=\"pl_PL\" \/>\n<meta property=\"og:type\" content=\"article\" \/>\n<meta property=\"og:title\" content=\"Metoda wykrywania obiekt\u00f3w za pomoc\u0105 magnetometru - ESCORT TECHNOLOGY\" \/>\n<meta property=\"og:description\" content=\"Metoda wykrywania obiekt\u00f3w za pomoc\u0105 magnetometru Rozw\u00f3j technologii wp\u0142yn\u0105\u0142 r\u00f3wnie\u017c na urz\u0105dzenia stosowane do\u00a0 penetracji akwen\u00f3w wodnych. Wraz z coraz wi\u0119ksz\u0105 eksploracj\u0105 morza i w\u00f3d \u015br\u00f3dl\u0105dowych obserwuje si\u0119 rosn\u0105ce zainteresowanie technikami lokalizacji i identyfikacji obiekt\u00f3w dennych mog\u0105cych by\u0107 potencjalnym celem dla nurka rekreacyjnego, archeologa podwodnego czy specjalisty z innej dziedziny (policja, wojsko). Ograniczone zasoby finansowe [&hellip;]\" \/>\n<meta property=\"og:url\" content=\"https:\/\/escort-technology.com\/pl\/metoda-wykrywania-obiektow-za-pomoca-magnetometru\/\" \/>\n<meta property=\"og:site_name\" content=\"ESCORT TECHNOLOGY\" \/>\n<meta property=\"article:publisher\" content=\"https:\/\/www.facebook.com\/elektronika.morska\/\" \/>\n<meta property=\"article:modified_time\" content=\"2021-10-18T16:58:47+00:00\" \/>\n<meta property=\"og:image\" content=\"https:\/\/escort-technology.com\/wp-content\/uploads\/2021\/10\/Marine_Magnetics_Sea_Spy_Mag_noaltyestow_notailconnectorweb.png\" \/>\n<meta name=\"twitter:card\" content=\"summary_large_image\" \/>\n<meta name=\"twitter:label1\" content=\"Szacowany czas czytania\" \/>\n\t<meta name=\"twitter:data1\" content=\"2 minuty\" \/>\n<script type=\"application\/ld+json\" class=\"yoast-schema-graph\">{\"@context\":\"https:\\\/\\\/schema.org\",\"@graph\":[{\"@type\":\"WebPage\",\"@id\":\"https:\\\/\\\/escort-technology.com\\\/pl\\\/metoda-wykrywania-obiektow-za-pomoca-magnetometru\\\/\",\"url\":\"https:\\\/\\\/escort-technology.com\\\/pl\\\/metoda-wykrywania-obiektow-za-pomoca-magnetometru\\\/\",\"name\":\"Metoda wykrywania obiekt\u00f3w za pomoc\u0105 magnetometru - ESCORT TECHNOLOGY\",\"isPartOf\":{\"@id\":\"http:\\\/\\\/escort-technology.com\\\/de\\\/#website\"},\"datePublished\":\"2021-10-18T16:34:39+00:00\",\"dateModified\":\"2021-10-18T16:58:47+00:00\",\"breadcrumb\":{\"@id\":\"https:\\\/\\\/escort-technology.com\\\/pl\\\/metoda-wykrywania-obiektow-za-pomoca-magnetometru\\\/#breadcrumb\"},\"inLanguage\":\"pl-PL\",\"potentialAction\":[{\"@type\":\"ReadAction\",\"target\":[\"https:\\\/\\\/escort-technology.com\\\/pl\\\/metoda-wykrywania-obiektow-za-pomoca-magnetometru\\\/\"]}]},{\"@type\":\"BreadcrumbList\",\"@id\":\"https:\\\/\\\/escort-technology.com\\\/pl\\\/metoda-wykrywania-obiektow-za-pomoca-magnetometru\\\/#breadcrumb\",\"itemListElement\":[{\"@type\":\"ListItem\",\"position\":1,\"name\":\"Strona g\u0142\u00f3wna\",\"item\":\"https:\\\/\\\/escort-technology.com\\\/\"},{\"@type\":\"ListItem\",\"position\":2,\"name\":\"Metoda wykrywania obiekt\u00f3w za pomoc\u0105 magnetometru\"}]},{\"@type\":\"WebSite\",\"@id\":\"http:\\\/\\\/escort-technology.com\\\/de\\\/#website\",\"url\":\"http:\\\/\\\/escort-technology.com\\\/de\\\/\",\"name\":\"ESCORT TECHNOLOGY\",\"description\":\"Elektronika morska i l\u0105dowa\",\"publisher\":{\"@id\":\"http:\\\/\\\/escort-technology.com\\\/de\\\/#organization\"},\"potentialAction\":[{\"@type\":\"SearchAction\",\"target\":{\"@type\":\"EntryPoint\",\"urlTemplate\":\"http:\\\/\\\/escort-technology.com\\\/de\\\/?s={search_term_string}\"},\"query-input\":{\"@type\":\"PropertyValueSpecification\",\"valueRequired\":true,\"valueName\":\"search_term_string\"}}],\"inLanguage\":\"pl-PL\"},{\"@type\":\"Organization\",\"@id\":\"http:\\\/\\\/escort-technology.com\\\/de\\\/#organization\",\"name\":\"ESCORT TECHNOLOGY\",\"url\":\"http:\\\/\\\/escort-technology.com\\\/de\\\/\",\"logo\":{\"@type\":\"ImageObject\",\"inLanguage\":\"pl-PL\",\"@id\":\"http:\\\/\\\/escort-technology.com\\\/de\\\/#\\\/schema\\\/logo\\\/image\\\/\",\"url\":\"https:\\\/\\\/escort-technology.com\\\/wp-content\\\/uploads\\\/logo-1.jpg\",\"contentUrl\":\"https:\\\/\\\/escort-technology.com\\\/wp-content\\\/uploads\\\/logo-1.jpg\",\"width\":600,\"height\":165,\"caption\":\"ESCORT TECHNOLOGY\"},\"image\":{\"@id\":\"http:\\\/\\\/escort-technology.com\\\/de\\\/#\\\/schema\\\/logo\\\/image\\\/\"},\"sameAs\":[\"https:\\\/\\\/www.facebook.com\\\/elektronika.morska\\\/\",\"https:\\\/\\\/www.linkedin.com\\\/company\\\/escort-sp-z-o-o-\\\/\"]}]}<\/script>\n<!-- \/ Yoast SEO plugin. -->","yoast_head_json":{"title":"Metoda wykrywania obiekt\u00f3w za pomoc\u0105 magnetometru - ESCORT TECHNOLOGY","robots":{"index":"index","follow":"follow","max-snippet":"max-snippet:-1","max-image-preview":"max-image-preview:large","max-video-preview":"max-video-preview:-1"},"canonical":"https:\/\/escort-technology.com\/pl\/metoda-wykrywania-obiektow-za-pomoca-magnetometru\/","og_locale":"pl_PL","og_type":"article","og_title":"Metoda wykrywania obiekt\u00f3w za pomoc\u0105 magnetometru - ESCORT TECHNOLOGY","og_description":"Metoda wykrywania obiekt\u00f3w za pomoc\u0105 magnetometru Rozw\u00f3j technologii wp\u0142yn\u0105\u0142 r\u00f3wnie\u017c na urz\u0105dzenia stosowane do\u00a0 penetracji akwen\u00f3w wodnych. Wraz z coraz wi\u0119ksz\u0105 eksploracj\u0105 morza i w\u00f3d \u015br\u00f3dl\u0105dowych obserwuje si\u0119 rosn\u0105ce zainteresowanie technikami lokalizacji i identyfikacji obiekt\u00f3w dennych mog\u0105cych by\u0107 potencjalnym celem dla nurka rekreacyjnego, archeologa podwodnego czy specjalisty z innej dziedziny (policja, wojsko). Ograniczone zasoby finansowe [&hellip;]","og_url":"https:\/\/escort-technology.com\/pl\/metoda-wykrywania-obiektow-za-pomoca-magnetometru\/","og_site_name":"ESCORT TECHNOLOGY","article_publisher":"https:\/\/www.facebook.com\/elektronika.morska\/","article_modified_time":"2021-10-18T16:58:47+00:00","og_image":[{"url":"https:\/\/escort-technology.com\/wp-content\/uploads\/2021\/10\/Marine_Magnetics_Sea_Spy_Mag_noaltyestow_notailconnectorweb.png","type":"","width":"","height":""}],"twitter_card":"summary_large_image","twitter_misc":{"Szacowany czas czytania":"2 minuty"},"schema":{"@context":"https:\/\/schema.org","@graph":[{"@type":"WebPage","@id":"https:\/\/escort-technology.com\/pl\/metoda-wykrywania-obiektow-za-pomoca-magnetometru\/","url":"https:\/\/escort-technology.com\/pl\/metoda-wykrywania-obiektow-za-pomoca-magnetometru\/","name":"Metoda wykrywania obiekt\u00f3w za pomoc\u0105 magnetometru - ESCORT TECHNOLOGY","isPartOf":{"@id":"http:\/\/escort-technology.com\/de\/#website"},"datePublished":"2021-10-18T16:34:39+00:00","dateModified":"2021-10-18T16:58:47+00:00","breadcrumb":{"@id":"https:\/\/escort-technology.com\/pl\/metoda-wykrywania-obiektow-za-pomoca-magnetometru\/#breadcrumb"},"inLanguage":"pl-PL","potentialAction":[{"@type":"ReadAction","target":["https:\/\/escort-technology.com\/pl\/metoda-wykrywania-obiektow-za-pomoca-magnetometru\/"]}]},{"@type":"BreadcrumbList","@id":"https:\/\/escort-technology.com\/pl\/metoda-wykrywania-obiektow-za-pomoca-magnetometru\/#breadcrumb","itemListElement":[{"@type":"ListItem","position":1,"name":"Strona g\u0142\u00f3wna","item":"https:\/\/escort-technology.com\/"},{"@type":"ListItem","position":2,"name":"Metoda wykrywania obiekt\u00f3w za pomoc\u0105 magnetometru"}]},{"@type":"WebSite","@id":"http:\/\/escort-technology.com\/de\/#website","url":"http:\/\/escort-technology.com\/de\/","name":"ESCORT TECHNOLOGY","description":"Elektronika morska i l\u0105dowa","publisher":{"@id":"http:\/\/escort-technology.com\/de\/#organization"},"potentialAction":[{"@type":"SearchAction","target":{"@type":"EntryPoint","urlTemplate":"http:\/\/escort-technology.com\/de\/?s={search_term_string}"},"query-input":{"@type":"PropertyValueSpecification","valueRequired":true,"valueName":"search_term_string"}}],"inLanguage":"pl-PL"},{"@type":"Organization","@id":"http:\/\/escort-technology.com\/de\/#organization","name":"ESCORT TECHNOLOGY","url":"http:\/\/escort-technology.com\/de\/","logo":{"@type":"ImageObject","inLanguage":"pl-PL","@id":"http:\/\/escort-technology.com\/de\/#\/schema\/logo\/image\/","url":"https:\/\/escort-technology.com\/wp-content\/uploads\/logo-1.jpg","contentUrl":"https:\/\/escort-technology.com\/wp-content\/uploads\/logo-1.jpg","width":600,"height":165,"caption":"ESCORT TECHNOLOGY"},"image":{"@id":"http:\/\/escort-technology.com\/de\/#\/schema\/logo\/image\/"},"sameAs":["https:\/\/www.facebook.com\/elektronika.morska\/","https:\/\/www.linkedin.com\/company\/escort-sp-z-o-o-\/"]}]}},"_links":{"self":[{"href":"https:\/\/escort-technology.com\/pl\/wp-json\/wp\/v2\/pages\/10016","targetHints":{"allow":["GET"]}}],"collection":[{"href":"https:\/\/escort-technology.com\/pl\/wp-json\/wp\/v2\/pages"}],"about":[{"href":"https:\/\/escort-technology.com\/pl\/wp-json\/wp\/v2\/types\/page"}],"author":[{"embeddable":true,"href":"https:\/\/escort-technology.com\/pl\/wp-json\/wp\/v2\/users\/10"}],"replies":[{"embeddable":true,"href":"https:\/\/escort-technology.com\/pl\/wp-json\/wp\/v2\/comments?post=10016"}],"version-history":[{"count":11,"href":"https:\/\/escort-technology.com\/pl\/wp-json\/wp\/v2\/pages\/10016\/revisions"}],"predecessor-version":[{"id":10033,"href":"https:\/\/escort-technology.com\/pl\/wp-json\/wp\/v2\/pages\/10016\/revisions\/10033"}],"wp:attachment":[{"href":"https:\/\/escort-technology.com\/pl\/wp-json\/wp\/v2\/media?parent=10016"}],"curies":[{"name":"wp","href":"https:\/\/api.w.org\/{rel}","templated":true}]}}