{"id":10098,"date":"2021-10-21T13:27:27","date_gmt":"2021-10-21T11:27:27","guid":{"rendered":"https:\/\/escort-technology.com\/?page_id=10098"},"modified":"2021-10-21T13:38:37","modified_gmt":"2021-10-21T11:38:37","slug":"magnetometr-reczny-marki-jw-fishers-sar-1","status":"publish","type":"page","link":"https:\/\/escort-technology.com\/pl\/magnetometr-reczny-marki-jw-fishers-sar-1\/","title":{"rendered":"Magnetometr r\u0119czny marki JW Fishers SAR-1"},"content":{"rendered":"<h1>\n<h1 class=\"uk-article-title\">Magnetometr r\u0119czny marki JW Fishers SAR-1<\/h1>\n<\/h1>\n<hr>\n<p><img decoding=\"async\" src=\"\/wp-content\/uploads\/2021\/10\/sar1-angle.png\" alt=\"\"><br \/>\n<img decoding=\"async\" src=\"\/wp-content\/uploads\/2021\/10\/sar1-Faceplate.png\" alt=\"\"><br \/>\n<img decoding=\"async\" src=\"\/wp-content\/uploads\/2021\/10\/sar1-Diver_vibration.jpg\" alt=\"\"><\/p>\n<div>\n<p>JW Fishers SAR-1 zosta\u0142 specjalnie zaprojektowany dla wojska, organ\u00f3w \u015bcigania i zespo\u0142\u00f3w nurk\u00f3w bezpiecze\u0144stwa publicznego do lokalizowania metalowych obiekt\u00f3w w \u015brodowiskach o niskiej widoczno\u015bci. Model SAR-1 posiada op\u0142ywow\u0105 konstrukcj\u0119 bez zewn\u0119trznych przewod\u00f3w i kabli, co czyni ten detektor idealnym narz\u0119dziem do pracy w \u015brodowiskach o potencjalnym ryzyku zapl\u0105tania.<\/p>\n<p>SAR-1 posiada zar\u00f3wno wizualne (dziesi\u0119\u0107 ultra jasnych diod LED) jak i sensoryczne (wibracje) wska\u017aniki celu. Gdy wykrywacz zbli\u017ca si\u0119 do metalowego obiektu, uchwyt zaczyna wibrowa\u0107 i zapala si\u0119 kilka diod LED. Gdy jaskrawo\u017c\u00f3\u0142ta cewka zbli\u017ca si\u0119 do celu, wibracje staj\u0105 si\u0119 coraz szybsze i zapala si\u0119 wi\u0119cej czerwonych diod LED o wysokiej intensywno\u015bci. Liczba \u015bwiec\u0105cych diod LED jest pomocna w okre\u015bleniu wielko\u015bci i g\u0142\u0119boko\u015bci zakopania celu. Ma\u0142e cele mog\u0105 pod\u015bwietla\u0107 tylko 2 lub 3 diody LED, podczas gdy wi\u0119ksze cele b\u0119d\u0105 pod\u015bwietla\u0107 ca\u0142y wy\u015bwietlacz.<\/p>\n<p>SAR-1 dzia\u0142a r\u00f3wnie dobrze w wodzie s\u0142odkiej jak i s\u0142onej i wykrywa r\u00f3\u017cne cele, w tym \u0142uski po nabojach, bro\u0144 r\u0119czn\u0105, karabiny, strzelby, no\u017ce, UXO, miny i wszelkiego rodzaju \u0142adunki wybuchowe zawieraj\u0105ce metal. Urz\u0105dzenie wykryje r\u00f3wnie\u017c du\u017ce cele (takie jak samoch\u00f3d lub aluminiowa \u0142\u00f3d\u017a) do 6 st\u00f3p. Ten wysokiej klasy impulsowy indukcyjny wykrywacz metali wykrywa zar\u00f3wno \u017celazne, jak i nie\u017celazne obiekty metalowe, ignoruj\u0105c jednocze\u015bnie minera\u0142y znajduj\u0105ce si\u0119 w otoczeniu. Wykrywacz nie b\u0119dzie dawa\u0142 fa\u0142szywych sygna\u0142\u00f3w od s\u0142onej wody, koralowc\u00f3w, ska\u0142 o wysokiej zawarto\u015bci \u017celaza lub innych mineralizacji gruntu, jak ma to miejsce w przypadku niekt\u00f3rych innych typ\u00f3w wykrywaczy. Podobnie jak w przypadku wszystkich detektor\u00f3w JWF, na zasi\u0119g detekcji nie ma wp\u0142ywu materia\u0142 znajduj\u0105cy si\u0119 pomi\u0119dzy cewk\u0105 szukaj\u0105c\u0105 a metalowym celem. Niezale\u017cnie od tego, czy wykrywa si\u0119 w powietrzu, wodzie, mule, piasku, b\u0142ocie czy w skale, zasi\u0119g detekcji pozostaje taki sam.<\/p>\n<p>Wykrywacz SAR-1 jest wykonany z materia\u0142\u00f3w odpornych na korozj\u0119 i jest dostarczany z \u0142adowarkami AC i DC oraz torb\u0105 transportow\u0105. \u0141adowalne baterie zasilaj\u0105 detektor przez 12 godzin, po czym wymagaj\u0105 ponownego na\u0142adowania przez noc. Baterie mo\u017cna \u0142atwo wymienia\u0107 w terenie, co umo\u017cliwia prac\u0119 przez ca\u0142\u0105 dob\u0119. W przeciwie\u0144stwie do niekt\u00f3rych innych detektor\u00f3w, komor\u0119 elektroniki mo\u017cna otworzy\u0107 w celu sprawdzenia lub wymiany baterii bez utraty gwarancji.<\/p>\n<\/div>\n<p><iframe src=\"https:\/\/youtu.be\/wTZMEyVk7gU\"><\/iframe><\/p>\n<p>\n    <a href=\"\/wp-content\/uploads\/2021\/10\/http-__www.jwfishers.com_datasheets_SAR1_DS.pdf\">Karta katalogowa <\/a>\n<\/p>\n<p><!--more--><br \/>\n<!-- {\"type\":\"layout\",\"children\":[{\"type\":\"section\",\"props\":{\"style\":\"default\",\"width\":\"default\",\"vertical_align\":\"middle\",\"title_position\":\"top-left\",\"title_rotation\":\"left\",\"title_breakpoint\":\"xl\",\"image_position\":\"center-center\"},\"children\":[{\"type\":\"row\",\"children\":[{\"type\":\"column\",\"props\":{\"image_position\":\"center-center\",\"media_overlay_gradient\":\"\"},\"children\":[{\"type\":\"headline\",\"props\":{\"title_element\":\"h1\",\"content\":\"\n\n<h1 class=\\\"uk-article-title\\\">Magnetometr r\\u0119czny marki JW Fishers SAR-1<\\\/h1>\"}},{\"type\":\"divider\",\"props\":{\"divider_element\":\"hr\"}}]}]}]},{\"type\":\"section\",\"props\":{\"style\":\"default\",\"width\":\"default\",\"vertical_align\":\"middle\",\"title_position\":\"top-left\",\"title_rotation\":\"left\",\"title_breakpoint\":\"xl\",\"image_position\":\"center-center\"},\"children\":[{\"type\":\"row\",\"props\":{\"layout\":\"1-3,2-3\"},\"children\":[{\"type\":\"column\",\"props\":{\"image_position\":\"center-center\",\"media_overlay_gradient\":\"\",\"width_medium\":\"1-3\"},\"children\":[{\"type\":\"image\",\"props\":{\"margin\":\"default\",\"image_svg_color\":\"emphasis\",\"image\":\"wp-content\\\/uploads\\\/2021\\\/10\\\/sar1-angle.png\"}},{\"type\":\"image\",\"props\":{\"margin\":\"default\",\"image_svg_color\":\"emphasis\",\"image\":\"wp-content\\\/uploads\\\/2021\\\/10\\\/sar1-Faceplate.png\"}},{\"type\":\"image\",\"props\":{\"margin\":\"default\",\"image_svg_color\":\"emphasis\",\"image\":\"wp-content\\\/uploads\\\/2021\\\/10\\\/sar1-Diver_vibration.jpg\"}}]},{\"type\":\"column\",\"props\":{\"image_position\":\"center-center\",\"media_overlay_gradient\":\"\",\"width_medium\":\"2-3\"},\"children\":[{\"type\":\"text\",\"props\":{\"margin\":\"default\",\"column_breakpoint\":\"m\",\"content\":\"\n\n<p>JW Fishers SAR-1 zosta\\u0142 specjalnie zaprojektowany dla wojska, organ\\u00f3w \\u015bcigania i zespo\\u0142\\u00f3w nurk\\u00f3w bezpiecze\\u0144stwa publicznego do lokalizowania metalowych obiekt\\u00f3w w \\u015brodowiskach o niskiej widoczno\\u015bci. Model SAR-1 posiada op\\u0142ywow\\u0105 konstrukcj\\u0119 bez zewn\\u0119trznych przewod\\u00f3w i kabli, co czyni ten detektor idealnym narz\\u0119dziem do pracy w \\u015brodowiskach o potencjalnym ryzyku zapl\\u0105tania.<\\\/p>\\n\n\n<p>SAR-1 posiada zar\\u00f3wno wizualne (dziesi\\u0119\\u0107 ultra jasnych diod LED) jak i sensoryczne (wibracje) wska\\u017aniki celu. Gdy wykrywacz zbli\\u017ca si\\u0119 do metalowego obiektu, uchwyt zaczyna wibrowa\\u0107 i zapala si\\u0119 kilka diod LED. Gdy jaskrawo\\u017c\\u00f3\\u0142ta cewka zbli\\u017ca si\\u0119 do celu, wibracje staj\\u0105 si\\u0119 coraz szybsze i zapala si\\u0119 wi\\u0119cej czerwonych diod LED o wysokiej intensywno\\u015bci. Liczba \\u015bwiec\\u0105cych diod LED jest pomocna w okre\\u015bleniu wielko\\u015bci i g\\u0142\\u0119boko\\u015bci zakopania celu. Ma\\u0142e cele mog\\u0105 pod\\u015bwietla\\u0107 tylko 2 lub 3 diody LED, podczas gdy wi\\u0119ksze cele b\\u0119d\\u0105 pod\\u015bwietla\\u0107 ca\\u0142y wy\\u015bwietlacz.<\\\/p>\\n\n\n<p>SAR-1 dzia\\u0142a r\\u00f3wnie dobrze w wodzie s\\u0142odkiej jak i s\\u0142onej i wykrywa r\\u00f3\\u017cne cele, w tym \\u0142uski po nabojach, bro\\u0144 r\\u0119czn\\u0105, karabiny, strzelby, no\\u017ce, UXO, miny i wszelkiego rodzaju \\u0142adunki wybuchowe zawieraj\\u0105ce metal. Urz\\u0105dzenie wykryje r\\u00f3wnie\\u017c du\\u017ce cele (takie jak samoch\\u00f3d lub aluminiowa \\u0142\\u00f3d\\u017a) do 6 st\\u00f3p. Ten wysokiej klasy impulsowy indukcyjny wykrywacz metali wykrywa zar\\u00f3wno \\u017celazne, jak i nie\\u017celazne obiekty metalowe, ignoruj\\u0105c jednocze\\u015bnie minera\\u0142y znajduj\\u0105ce si\\u0119 w otoczeniu. Wykrywacz nie b\\u0119dzie dawa\\u0142 fa\\u0142szywych sygna\\u0142\\u00f3w od s\\u0142onej wody, koralowc\\u00f3w, ska\\u0142 o wysokiej zawarto\\u015bci \\u017celaza lub innych mineralizacji gruntu, jak ma to miejsce w przypadku niekt\\u00f3rych innych typ\\u00f3w wykrywaczy. Podobnie jak w przypadku wszystkich detektor\\u00f3w JWF, na zasi\\u0119g detekcji nie ma wp\\u0142ywu materia\\u0142 znajduj\\u0105cy si\\u0119 pomi\\u0119dzy cewk\\u0105 szukaj\\u0105c\\u0105 a metalowym celem. Niezale\\u017cnie od tego, czy wykrywa si\\u0119 w powietrzu, wodzie, mule, piasku, b\\u0142ocie czy w skale, zasi\\u0119g detekcji pozostaje taki sam.<\\\/p>\\n\n\n<p>Wykrywacz SAR-1 jest wykonany z materia\\u0142\\u00f3w odpornych na korozj\\u0119 i jest dostarczany z \\u0142adowarkami AC i DC oraz torb\\u0105 transportow\\u0105. \\u0141adowalne baterie zasilaj\\u0105 detektor przez 12 godzin, po czym wymagaj\\u0105 ponownego na\\u0142adowania przez noc. Baterie mo\\u017cna \\u0142atwo wymienia\\u0107 w terenie, co umo\\u017cliwia prac\\u0119 przez ca\\u0142\\u0105 dob\\u0119. W przeciwie\\u0144stwie do niekt\\u00f3rych innych detektor\\u00f3w, komor\\u0119 elektroniki mo\\u017cna otworzy\\u0107 w celu sprawdzenia lub wymiany baterii bez utraty gwarancji.<\\\/p>\"}}]}]}]},{\"type\":\"section\",\"props\":{\"style\":\"default\",\"width\":\"default\",\"vertical_align\":\"middle\",\"title_position\":\"top-left\",\"title_rotation\":\"left\",\"title_breakpoint\":\"xl\",\"image_position\":\"center-center\"},\"children\":[{\"type\":\"row\",\"children\":[{\"type\":\"column\",\"props\":{\"image_position\":\"center-center\",\"media_overlay_gradient\":\"\"},\"children\":[{\"type\":\"video\",\"props\":{\"video_controls\":true,\"margin\":\"default\",\"video\":\"https:\\\/\\\/youtu.be\\\/wTZMEyVk7gU\",\"text_align\":\"center\",\"maxwidth\":\"xlarge\"}},{\"type\":\"button\",\"props\":{\"grid_column_gap\":\"small\",\"grid_row_gap\":\"small\",\"margin\":\"default\",\"text_align\":\"center\"},\"children\":[{\"type\":\"button_item\",\"props\":{\"button_style\":\"default\",\"icon_align\":\"left\",\"link\":\"wp-content\\\/uploads\\\/2021\\\/10\\\/http-__www.jwfishers.com_datasheets_SAR1_DS.pdf\",\"content\":\"Karta katalogowa \"}}]}]}]}]}],\"version\":\"2.6.7\"} --><\/p>\n","protected":false},"excerpt":{"rendered":"<p>Magnetometr r\u0119czny marki JW Fishers SAR-1 JW Fishers SAR-1 zosta\u0142 specjalnie zaprojektowany dla wojska, organ\u00f3w \u015bcigania i zespo\u0142\u00f3w nurk\u00f3w bezpiecze\u0144stwa publicznego do lokalizowania metalowych obiekt\u00f3w w \u015brodowiskach o niskiej widoczno\u015bci. Model SAR-1 posiada op\u0142ywow\u0105 konstrukcj\u0119 bez zewn\u0119trznych przewod\u00f3w i kabli, co czyni ten detektor idealnym narz\u0119dziem do pracy w \u015brodowiskach o potencjalnym ryzyku zapl\u0105tania. SAR-1 [&hellip;]<\/p>\n","protected":false},"author":10,"featured_media":0,"parent":0,"menu_order":0,"comment_status":"closed","ping_status":"closed","template":"","meta":{"footnotes":""},"class_list":["post-10098","page","type-page","status-publish","hentry"],"yoast_head":"<!-- This site is optimized with the Yoast SEO plugin v27.5 - https:\/\/yoast.com\/product\/yoast-seo-wordpress\/ -->\n<title>Magnetometr r\u0119czny marki JW Fishers SAR-1 - ESCORT TECHNOLOGY<\/title>\n<meta name=\"robots\" content=\"index, follow, max-snippet:-1, max-image-preview:large, max-video-preview:-1\" \/>\n<link rel=\"canonical\" href=\"http:\/\/escort-technology.com\/pl\/magnetometr-reczny-marki-jw-fishers-sar-1\/\" \/>\n<meta property=\"og:locale\" content=\"pl_PL\" \/>\n<meta property=\"og:type\" content=\"article\" \/>\n<meta property=\"og:title\" content=\"Magnetometr r\u0119czny marki JW Fishers SAR-1 - ESCORT TECHNOLOGY\" \/>\n<meta property=\"og:description\" content=\"Magnetometr r\u0119czny marki JW Fishers SAR-1 JW Fishers SAR-1 zosta\u0142 specjalnie zaprojektowany dla wojska, organ\u00f3w \u015bcigania i zespo\u0142\u00f3w nurk\u00f3w bezpiecze\u0144stwa publicznego do lokalizowania metalowych obiekt\u00f3w w \u015brodowiskach o niskiej widoczno\u015bci. Model SAR-1 posiada op\u0142ywow\u0105 konstrukcj\u0119 bez zewn\u0119trznych przewod\u00f3w i kabli, co czyni ten detektor idealnym narz\u0119dziem do pracy w \u015brodowiskach o potencjalnym ryzyku zapl\u0105tania. SAR-1 [&hellip;]\" \/>\n<meta property=\"og:url\" content=\"http:\/\/escort-technology.com\/pl\/magnetometr-reczny-marki-jw-fishers-sar-1\/\" \/>\n<meta property=\"og:site_name\" content=\"ESCORT TECHNOLOGY\" \/>\n<meta property=\"article:publisher\" content=\"https:\/\/www.facebook.com\/elektronika.morska\/\" \/>\n<meta property=\"article:modified_time\" content=\"2021-10-21T11:38:37+00:00\" \/>\n<meta property=\"og:image\" content=\"https:\/\/escort-technology.com\/wp-content\/uploads\/2021\/10\/sar1-angle.png\" \/>\n<meta name=\"twitter:card\" content=\"summary_large_image\" \/>\n<meta name=\"twitter:label1\" content=\"Szacowany czas czytania\" \/>\n\t<meta name=\"twitter:data1\" content=\"2 minuty\" \/>\n<script type=\"application\/ld+json\" class=\"yoast-schema-graph\">{\"@context\":\"https:\\\/\\\/schema.org\",\"@graph\":[{\"@type\":\"WebPage\",\"@id\":\"http:\\\/\\\/escort-technology.com\\\/pl\\\/magnetometr-reczny-marki-jw-fishers-sar-1\\\/\",\"url\":\"http:\\\/\\\/escort-technology.com\\\/pl\\\/magnetometr-reczny-marki-jw-fishers-sar-1\\\/\",\"name\":\"Magnetometr r\u0119czny marki JW Fishers SAR-1 - ESCORT TECHNOLOGY\",\"isPartOf\":{\"@id\":\"http:\\\/\\\/escort-technology.com\\\/de\\\/#website\"},\"datePublished\":\"2021-10-21T11:27:27+00:00\",\"dateModified\":\"2021-10-21T11:38:37+00:00\",\"breadcrumb\":{\"@id\":\"http:\\\/\\\/escort-technology.com\\\/pl\\\/magnetometr-reczny-marki-jw-fishers-sar-1\\\/#breadcrumb\"},\"inLanguage\":\"pl-PL\",\"potentialAction\":[{\"@type\":\"ReadAction\",\"target\":[\"http:\\\/\\\/escort-technology.com\\\/pl\\\/magnetometr-reczny-marki-jw-fishers-sar-1\\\/\"]}]},{\"@type\":\"BreadcrumbList\",\"@id\":\"http:\\\/\\\/escort-technology.com\\\/pl\\\/magnetometr-reczny-marki-jw-fishers-sar-1\\\/#breadcrumb\",\"itemListElement\":[{\"@type\":\"ListItem\",\"position\":1,\"name\":\"Strona g\u0142\u00f3wna\",\"item\":\"https:\\\/\\\/escort-technology.com\\\/\"},{\"@type\":\"ListItem\",\"position\":2,\"name\":\"Magnetometr r\u0119czny marki JW Fishers SAR-1\"}]},{\"@type\":\"WebSite\",\"@id\":\"http:\\\/\\\/escort-technology.com\\\/de\\\/#website\",\"url\":\"http:\\\/\\\/escort-technology.com\\\/de\\\/\",\"name\":\"ESCORT TECHNOLOGY\",\"description\":\"Elektronika morska i l\u0105dowa\",\"publisher\":{\"@id\":\"http:\\\/\\\/escort-technology.com\\\/de\\\/#organization\"},\"potentialAction\":[{\"@type\":\"SearchAction\",\"target\":{\"@type\":\"EntryPoint\",\"urlTemplate\":\"http:\\\/\\\/escort-technology.com\\\/de\\\/?s={search_term_string}\"},\"query-input\":{\"@type\":\"PropertyValueSpecification\",\"valueRequired\":true,\"valueName\":\"search_term_string\"}}],\"inLanguage\":\"pl-PL\"},{\"@type\":\"Organization\",\"@id\":\"http:\\\/\\\/escort-technology.com\\\/de\\\/#organization\",\"name\":\"ESCORT TECHNOLOGY\",\"url\":\"http:\\\/\\\/escort-technology.com\\\/de\\\/\",\"logo\":{\"@type\":\"ImageObject\",\"inLanguage\":\"pl-PL\",\"@id\":\"http:\\\/\\\/escort-technology.com\\\/de\\\/#\\\/schema\\\/logo\\\/image\\\/\",\"url\":\"https:\\\/\\\/escort-technology.com\\\/wp-content\\\/uploads\\\/logo-1.jpg\",\"contentUrl\":\"https:\\\/\\\/escort-technology.com\\\/wp-content\\\/uploads\\\/logo-1.jpg\",\"width\":600,\"height\":165,\"caption\":\"ESCORT TECHNOLOGY\"},\"image\":{\"@id\":\"http:\\\/\\\/escort-technology.com\\\/de\\\/#\\\/schema\\\/logo\\\/image\\\/\"},\"sameAs\":[\"https:\\\/\\\/www.facebook.com\\\/elektronika.morska\\\/\",\"https:\\\/\\\/www.linkedin.com\\\/company\\\/escort-sp-z-o-o-\\\/\"]}]}<\/script>\n<!-- \/ Yoast SEO plugin. -->","yoast_head_json":{"title":"Magnetometr r\u0119czny marki JW Fishers SAR-1 - ESCORT TECHNOLOGY","robots":{"index":"index","follow":"follow","max-snippet":"max-snippet:-1","max-image-preview":"max-image-preview:large","max-video-preview":"max-video-preview:-1"},"canonical":"http:\/\/escort-technology.com\/pl\/magnetometr-reczny-marki-jw-fishers-sar-1\/","og_locale":"pl_PL","og_type":"article","og_title":"Magnetometr r\u0119czny marki JW Fishers SAR-1 - ESCORT TECHNOLOGY","og_description":"Magnetometr r\u0119czny marki JW Fishers SAR-1 JW Fishers SAR-1 zosta\u0142 specjalnie zaprojektowany dla wojska, organ\u00f3w \u015bcigania i zespo\u0142\u00f3w nurk\u00f3w bezpiecze\u0144stwa publicznego do lokalizowania metalowych obiekt\u00f3w w \u015brodowiskach o niskiej widoczno\u015bci. Model SAR-1 posiada op\u0142ywow\u0105 konstrukcj\u0119 bez zewn\u0119trznych przewod\u00f3w i kabli, co czyni ten detektor idealnym narz\u0119dziem do pracy w \u015brodowiskach o potencjalnym ryzyku zapl\u0105tania. SAR-1 [&hellip;]","og_url":"http:\/\/escort-technology.com\/pl\/magnetometr-reczny-marki-jw-fishers-sar-1\/","og_site_name":"ESCORT TECHNOLOGY","article_publisher":"https:\/\/www.facebook.com\/elektronika.morska\/","article_modified_time":"2021-10-21T11:38:37+00:00","og_image":[{"url":"https:\/\/escort-technology.com\/wp-content\/uploads\/2021\/10\/sar1-angle.png","type":"","width":"","height":""}],"twitter_card":"summary_large_image","twitter_misc":{"Szacowany czas czytania":"2 minuty"},"schema":{"@context":"https:\/\/schema.org","@graph":[{"@type":"WebPage","@id":"http:\/\/escort-technology.com\/pl\/magnetometr-reczny-marki-jw-fishers-sar-1\/","url":"http:\/\/escort-technology.com\/pl\/magnetometr-reczny-marki-jw-fishers-sar-1\/","name":"Magnetometr r\u0119czny marki JW Fishers SAR-1 - ESCORT TECHNOLOGY","isPartOf":{"@id":"http:\/\/escort-technology.com\/de\/#website"},"datePublished":"2021-10-21T11:27:27+00:00","dateModified":"2021-10-21T11:38:37+00:00","breadcrumb":{"@id":"http:\/\/escort-technology.com\/pl\/magnetometr-reczny-marki-jw-fishers-sar-1\/#breadcrumb"},"inLanguage":"pl-PL","potentialAction":[{"@type":"ReadAction","target":["http:\/\/escort-technology.com\/pl\/magnetometr-reczny-marki-jw-fishers-sar-1\/"]}]},{"@type":"BreadcrumbList","@id":"http:\/\/escort-technology.com\/pl\/magnetometr-reczny-marki-jw-fishers-sar-1\/#breadcrumb","itemListElement":[{"@type":"ListItem","position":1,"name":"Strona g\u0142\u00f3wna","item":"https:\/\/escort-technology.com\/"},{"@type":"ListItem","position":2,"name":"Magnetometr r\u0119czny marki JW Fishers SAR-1"}]},{"@type":"WebSite","@id":"http:\/\/escort-technology.com\/de\/#website","url":"http:\/\/escort-technology.com\/de\/","name":"ESCORT TECHNOLOGY","description":"Elektronika morska i l\u0105dowa","publisher":{"@id":"http:\/\/escort-technology.com\/de\/#organization"},"potentialAction":[{"@type":"SearchAction","target":{"@type":"EntryPoint","urlTemplate":"http:\/\/escort-technology.com\/de\/?s={search_term_string}"},"query-input":{"@type":"PropertyValueSpecification","valueRequired":true,"valueName":"search_term_string"}}],"inLanguage":"pl-PL"},{"@type":"Organization","@id":"http:\/\/escort-technology.com\/de\/#organization","name":"ESCORT TECHNOLOGY","url":"http:\/\/escort-technology.com\/de\/","logo":{"@type":"ImageObject","inLanguage":"pl-PL","@id":"http:\/\/escort-technology.com\/de\/#\/schema\/logo\/image\/","url":"https:\/\/escort-technology.com\/wp-content\/uploads\/logo-1.jpg","contentUrl":"https:\/\/escort-technology.com\/wp-content\/uploads\/logo-1.jpg","width":600,"height":165,"caption":"ESCORT TECHNOLOGY"},"image":{"@id":"http:\/\/escort-technology.com\/de\/#\/schema\/logo\/image\/"},"sameAs":["https:\/\/www.facebook.com\/elektronika.morska\/","https:\/\/www.linkedin.com\/company\/escort-sp-z-o-o-\/"]}]}},"_links":{"self":[{"href":"https:\/\/escort-technology.com\/pl\/wp-json\/wp\/v2\/pages\/10098","targetHints":{"allow":["GET"]}}],"collection":[{"href":"https:\/\/escort-technology.com\/pl\/wp-json\/wp\/v2\/pages"}],"about":[{"href":"https:\/\/escort-technology.com\/pl\/wp-json\/wp\/v2\/types\/page"}],"author":[{"embeddable":true,"href":"https:\/\/escort-technology.com\/pl\/wp-json\/wp\/v2\/users\/10"}],"replies":[{"embeddable":true,"href":"https:\/\/escort-technology.com\/pl\/wp-json\/wp\/v2\/comments?post=10098"}],"version-history":[{"count":10,"href":"https:\/\/escort-technology.com\/pl\/wp-json\/wp\/v2\/pages\/10098\/revisions"}],"predecessor-version":[{"id":10112,"href":"https:\/\/escort-technology.com\/pl\/wp-json\/wp\/v2\/pages\/10098\/revisions\/10112"}],"wp:attachment":[{"href":"https:\/\/escort-technology.com\/pl\/wp-json\/wp\/v2\/media?parent=10098"}],"curies":[{"name":"wp","href":"https:\/\/api.w.org\/{rel}","templated":true}]}}