{"id":10113,"date":"2021-10-21T13:40:35","date_gmt":"2021-10-21T11:40:35","guid":{"rendered":"https:\/\/escort-technology.com\/?page_id=10113"},"modified":"2021-10-21T13:51:17","modified_gmt":"2021-10-21T11:51:17","slug":"magnetometr-reczny-marki-jw-fishers-divermag1","status":"publish","type":"page","link":"https:\/\/escort-technology.com\/pl\/magnetometr-reczny-marki-jw-fishers-divermag1\/","title":{"rendered":"Magnetometr r\u0119czny marki JW FISHERS DIVERMAG1"},"content":{"rendered":"<h1>\n<h1 class=\"uk-article-title\">Magnetometr r\u0119czny marki JW FISHERS DIVERMAG1<\/h1>\n<\/h1>\n<hr>\n<p><img decoding=\"async\" src=\"\/wp-content\/uploads\/2021\/10\/DiverMag-1_main-photo.png\" alt=\"\"><br \/>\n<img decoding=\"async\" src=\"\/wp-content\/uploads\/2021\/10\/DiverMag-1.jpeg\" alt=\"\"><br \/>\n<img decoding=\"async\" src=\"\/wp-content\/uploads\/2021\/10\/DiverMag-1.jpg\" alt=\"\"><\/p>\n<div>\n<p>Diver Mag 1 jest najwy\u017cszej klasy mikroprocesorowym, morskim magnetometrem o czu\u0142o\u015bci jednej nano-tesli. Ten r\u0119czny Mag jest superczu\u0142ym wykrywaczem metali \u017celaznych (\u017celazo\/stal), kt\u00f3ry dzia\u0142a r\u00f3wnie dobrze na l\u0105dzie jak i pod wod\u0105. Mag zlokalizuje linie rurowe, kable, armaty, cz\u0119\u015bci pog\u0142\u0119biarek i prawie ka\u017cdy obiekt z metalu \u017celaznego o dowolnej wielko\u015bci. Solidnie skonstruowany do zastosowa\u0144 komercyjnych, Diver Mag 1 zosta\u0142 zaprojektowany z przyjaznymi dla u\u017cytkownika elementami steruj\u0105cymi dla \u0142atwej obs\u0142ugi. Po wyj\u015bciu z wody uchwyt umo\u017cliwia \u0142atwe przenoszenie urz\u0105dzenia.<\/p>\n<p>Wybierane przez operatora czasy cyklu (cz\u0119stotliwo\u015b\u0107 dokonywania odczyt\u00f3w) 2, 5 lub 10 sekund pozwalaj\u0105 na uzyskanie silnego sygna\u0142u zwrotnego i szybk\u0105 reakcj\u0119 w celu wykrycia nawet ma\u0142ych cel\u00f3w. Regulowany prze\u0142\u0105cznik czu\u0142o\u015bci sprawia, \u017ce zlokalizowanie nawet najwi\u0119kszych cel\u00f3w jest niezwykle proste. Diver Mag 1 posiada tr\u00f3josiowy czujnik z redukcj\u0105 szum\u00f3w, kt\u00f3ry pozwala na trzymanie go w dowolnej pozycji bez wp\u0142ywu na czu\u0142o\u015b\u0107 i stabilno\u015b\u0107 odczytu. Odczyt jest wy\u015bwietlany na \u0142atwej do zobaczenia 5-cyfrowej diodzie LED, co u\u0142atwia prac\u0119 w m\u0119tnej wodzie lub w nocy. Dodatkowo, wyj\u015bcie audio pozwala nurkowi obs\u0142ugiwa\u0107 system bez konieczno\u015bci ogl\u0105dania wy\u015bwietlacza LED. \u0141atwy w manewrowaniu, z regulowan\u0105 przez operatora p\u0142ywalno\u015bci\u0105, Diver Mag 1 mo\u017ce by\u0107 u\u017cywany w dowolnym miejscu na \u015bwiecie.<\/p>\n<p>Zasilanie jest dostarczane przez wewn\u0119trzny akumulator 12 V, kt\u00f3ry wystarcza na dwie ci\u0105g\u0142e godziny pracy przy 5 sekundowym cyklu. Mo\u017cna wyd\u0142u\u017cy\u0107 czas pracy, u\u017cywaj\u0105c opcjonalnego zestawu zapasowych baterii montowanego na pasie. Do\u0142\u0105czona \u0142adowarka baterii pod\u0142\u0105czana jest do dowolnego \u017ar\u00f3d\u0142a napi\u0119cia 120 ac (\u0142adowarka 220 ac jest opcjonalna).<\/p>\n<\/div>\n<p><iframe src=\"https:\/\/youtu.be\/4m6wOlE_7vE\"><\/iframe><\/p>\n<p>\n    <a href=\"\/wp-content\/uploads\/2021\/10\/http-__www.jwfishers.com_datasheets_DiverMag1_DS.pdf\">Karta katalogowa <\/a>\n<\/p>\n<p><!--more--><br \/>\n<!-- {\"type\":\"layout\",\"children\":[{\"type\":\"section\",\"props\":{\"style\":\"default\",\"width\":\"default\",\"vertical_align\":\"middle\",\"title_position\":\"top-left\",\"title_rotation\":\"left\",\"title_breakpoint\":\"xl\",\"image_position\":\"center-center\"},\"children\":[{\"type\":\"row\",\"children\":[{\"type\":\"column\",\"props\":{\"image_position\":\"center-center\",\"media_overlay_gradient\":\"\"},\"children\":[{\"type\":\"headline\",\"props\":{\"title_element\":\"h1\",\"content\":\"\n\n<h1 class=\\\"uk-article-title\\\">Magnetometr r\\u0119czny marki JW FISHERS DIVERMAG1<\\\/h1>\"}},{\"type\":\"divider\",\"props\":{\"divider_element\":\"hr\"}}]}]}]},{\"type\":\"section\",\"props\":{\"style\":\"default\",\"width\":\"default\",\"vertical_align\":\"middle\",\"title_position\":\"top-left\",\"title_rotation\":\"left\",\"title_breakpoint\":\"xl\",\"image_position\":\"center-center\"},\"children\":[{\"type\":\"row\",\"props\":{\"layout\":\"1-3,2-3\"},\"children\":[{\"type\":\"column\",\"props\":{\"image_position\":\"center-center\",\"media_overlay_gradient\":\"\",\"width_medium\":\"1-3\"},\"children\":[{\"type\":\"image\",\"props\":{\"margin\":\"default\",\"image_svg_color\":\"emphasis\",\"image\":\"wp-content\\\/uploads\\\/2021\\\/10\\\/DiverMag-1_main-photo.png\"}},{\"type\":\"image\",\"props\":{\"margin\":\"default\",\"image_svg_color\":\"emphasis\",\"image\":\"wp-content\\\/uploads\\\/2021\\\/10\\\/DiverMag-1.jpeg\"}},{\"type\":\"image\",\"props\":{\"margin\":\"default\",\"image_svg_color\":\"emphasis\",\"image\":\"wp-content\\\/uploads\\\/2021\\\/10\\\/DiverMag-1.jpg\"}}]},{\"type\":\"column\",\"props\":{\"image_position\":\"center-center\",\"media_overlay_gradient\":\"\",\"width_medium\":\"2-3\"},\"children\":[{\"type\":\"text\",\"props\":{\"margin\":\"default\",\"column_breakpoint\":\"m\",\"content\":\"\n\n<p>Diver Mag 1 jest najwy\\u017cszej klasy mikroprocesorowym, morskim magnetometrem o czu\\u0142o\\u015bci jednej nano-tesli. Ten r\\u0119czny Mag jest superczu\\u0142ym wykrywaczem metali \\u017celaznych (\\u017celazo\\\/stal), kt\\u00f3ry dzia\\u0142a r\\u00f3wnie dobrze na l\\u0105dzie jak i pod wod\\u0105. Mag zlokalizuje linie rurowe, kable, armaty, cz\\u0119\\u015bci pog\\u0142\\u0119biarek i prawie ka\\u017cdy obiekt z metalu \\u017celaznego o dowolnej wielko\\u015bci. Solidnie skonstruowany do zastosowa\\u0144 komercyjnych, Diver Mag 1 zosta\\u0142 zaprojektowany z przyjaznymi dla u\\u017cytkownika elementami steruj\\u0105cymi dla \\u0142atwej obs\\u0142ugi. Po wyj\\u015bciu z wody uchwyt umo\\u017cliwia \\u0142atwe przenoszenie urz\\u0105dzenia.<\\\/p>\\n\n\n<p>Wybierane przez operatora czasy cyklu (cz\\u0119stotliwo\\u015b\\u0107 dokonywania odczyt\\u00f3w) 2, 5 lub 10 sekund pozwalaj\\u0105 na uzyskanie silnego sygna\\u0142u zwrotnego i szybk\\u0105 reakcj\\u0119 w celu wykrycia nawet ma\\u0142ych cel\\u00f3w. Regulowany prze\\u0142\\u0105cznik czu\\u0142o\\u015bci sprawia, \\u017ce zlokalizowanie nawet najwi\\u0119kszych cel\\u00f3w jest niezwykle proste. Diver Mag 1 posiada tr\\u00f3josiowy czujnik z redukcj\\u0105 szum\\u00f3w, kt\\u00f3ry pozwala na trzymanie go w dowolnej pozycji bez wp\\u0142ywu na czu\\u0142o\\u015b\\u0107 i stabilno\\u015b\\u0107 odczytu. Odczyt jest wy\\u015bwietlany na \\u0142atwej do zobaczenia 5-cyfrowej diodzie LED, co u\\u0142atwia prac\\u0119 w m\\u0119tnej wodzie lub w nocy. Dodatkowo, wyj\\u015bcie audio pozwala nurkowi obs\\u0142ugiwa\\u0107 system bez konieczno\\u015bci ogl\\u0105dania wy\\u015bwietlacza LED. \\u0141atwy w manewrowaniu, z regulowan\\u0105 przez operatora p\\u0142ywalno\\u015bci\\u0105, Diver Mag 1 mo\\u017ce by\\u0107 u\\u017cywany w dowolnym miejscu na \\u015bwiecie.<\\\/p>\\n\n\n<p>Zasilanie jest dostarczane przez wewn\\u0119trzny akumulator 12 V, kt\\u00f3ry wystarcza na dwie ci\\u0105g\\u0142e godziny pracy przy 5 sekundowym cyklu. Mo\\u017cna wyd\\u0142u\\u017cy\\u0107 czas pracy, u\\u017cywaj\\u0105c opcjonalnego zestawu zapasowych baterii montowanego na pasie. Do\\u0142\\u0105czona \\u0142adowarka baterii pod\\u0142\\u0105czana jest do dowolnego \\u017ar\\u00f3d\\u0142a napi\\u0119cia 120 ac (\\u0142adowarka 220 ac jest opcjonalna).<\\\/p>\"}},{\"type\":\"video\",\"props\":{\"video_controls\":true,\"margin\":\"default\",\"video\":\"https:\\\/\\\/youtu.be\\\/4m6wOlE_7vE\",\"text_align\":\"center\"}}]}]}]},{\"type\":\"section\",\"props\":{\"style\":\"default\",\"width\":\"default\",\"vertical_align\":\"middle\",\"title_position\":\"top-left\",\"title_rotation\":\"left\",\"title_breakpoint\":\"xl\",\"image_position\":\"center-center\"},\"children\":[{\"type\":\"row\",\"children\":[{\"type\":\"column\",\"props\":{\"image_position\":\"center-center\",\"media_overlay_gradient\":\"\"},\"children\":[{\"type\":\"button\",\"props\":{\"grid_column_gap\":\"small\",\"grid_row_gap\":\"small\",\"margin\":\"default\",\"text_align\":\"center\"},\"children\":[{\"type\":\"button_item\",\"props\":{\"button_style\":\"default\",\"icon_align\":\"left\",\"content\":\"Karta katalogowa \",\"link\":\"wp-content\\\/uploads\\\/2021\\\/10\\\/http-__www.jwfishers.com_datasheets_DiverMag1_DS.pdf\"}}]}]}]}]}],\"version\":\"2.6.7\"} --><\/p>\n","protected":false},"excerpt":{"rendered":"<p>Magnetometr r\u0119czny marki JW FISHERS DIVERMAG1 Diver Mag 1 jest najwy\u017cszej klasy mikroprocesorowym, morskim magnetometrem o czu\u0142o\u015bci jednej nano-tesli. Ten r\u0119czny Mag jest superczu\u0142ym wykrywaczem metali \u017celaznych (\u017celazo\/stal), kt\u00f3ry dzia\u0142a r\u00f3wnie dobrze na l\u0105dzie jak i pod wod\u0105. Mag zlokalizuje linie rurowe, kable, armaty, cz\u0119\u015bci pog\u0142\u0119biarek i prawie ka\u017cdy obiekt z metalu \u017celaznego o dowolnej [&hellip;]<\/p>\n","protected":false},"author":10,"featured_media":0,"parent":0,"menu_order":0,"comment_status":"closed","ping_status":"closed","template":"","meta":{"footnotes":""},"class_list":["post-10113","page","type-page","status-publish","hentry"],"yoast_head":"<!-- This site is optimized with the Yoast SEO plugin v27.5 - https:\/\/yoast.com\/product\/yoast-seo-wordpress\/ -->\n<title>Magnetometr r\u0119czny marki JW FISHERS DIVERMAG1 - ESCORT TECHNOLOGY<\/title>\n<meta name=\"robots\" content=\"index, follow, max-snippet:-1, max-image-preview:large, max-video-preview:-1\" \/>\n<link rel=\"canonical\" href=\"http:\/\/escort-technology.com\/pl\/magnetometr-reczny-marki-jw-fishers-divermag1\/\" \/>\n<meta property=\"og:locale\" content=\"pl_PL\" \/>\n<meta property=\"og:type\" content=\"article\" \/>\n<meta property=\"og:title\" content=\"Magnetometr r\u0119czny marki JW FISHERS DIVERMAG1 - ESCORT TECHNOLOGY\" \/>\n<meta property=\"og:description\" content=\"Magnetometr r\u0119czny marki JW FISHERS DIVERMAG1 Diver Mag 1 jest najwy\u017cszej klasy mikroprocesorowym, morskim magnetometrem o czu\u0142o\u015bci jednej nano-tesli. Ten r\u0119czny Mag jest superczu\u0142ym wykrywaczem metali \u017celaznych (\u017celazo\/stal), kt\u00f3ry dzia\u0142a r\u00f3wnie dobrze na l\u0105dzie jak i pod wod\u0105. Mag zlokalizuje linie rurowe, kable, armaty, cz\u0119\u015bci pog\u0142\u0119biarek i prawie ka\u017cdy obiekt z metalu \u017celaznego o dowolnej [&hellip;]\" \/>\n<meta property=\"og:url\" content=\"http:\/\/escort-technology.com\/pl\/magnetometr-reczny-marki-jw-fishers-divermag1\/\" \/>\n<meta property=\"og:site_name\" content=\"ESCORT TECHNOLOGY\" \/>\n<meta property=\"article:publisher\" content=\"https:\/\/www.facebook.com\/elektronika.morska\/\" \/>\n<meta property=\"article:modified_time\" content=\"2021-10-21T11:51:17+00:00\" \/>\n<meta property=\"og:image\" content=\"https:\/\/escort-technology.com\/wp-content\/uploads\/2021\/10\/DiverMag-1_main-photo.png\" \/>\n<meta name=\"twitter:card\" content=\"summary_large_image\" \/>\n<meta name=\"twitter:label1\" content=\"Szacowany czas czytania\" \/>\n\t<meta name=\"twitter:data1\" content=\"1 minuta\" \/>\n<script type=\"application\/ld+json\" class=\"yoast-schema-graph\">{\"@context\":\"https:\\\/\\\/schema.org\",\"@graph\":[{\"@type\":\"WebPage\",\"@id\":\"http:\\\/\\\/escort-technology.com\\\/en\\\/magnetometr-reczny-marki-jw-fishers-divermag1\\\/\",\"url\":\"http:\\\/\\\/escort-technology.com\\\/en\\\/magnetometr-reczny-marki-jw-fishers-divermag1\\\/\",\"name\":\"Magnetometr r\u0119czny marki JW FISHERS DIVERMAG1 - ESCORT TECHNOLOGY\",\"isPartOf\":{\"@id\":\"http:\\\/\\\/escort-technology.com\\\/de\\\/#website\"},\"datePublished\":\"2021-10-21T11:40:35+00:00\",\"dateModified\":\"2021-10-21T11:51:17+00:00\",\"breadcrumb\":{\"@id\":\"http:\\\/\\\/escort-technology.com\\\/en\\\/magnetometr-reczny-marki-jw-fishers-divermag1\\\/#breadcrumb\"},\"inLanguage\":\"pl-PL\",\"potentialAction\":[{\"@type\":\"ReadAction\",\"target\":[\"http:\\\/\\\/escort-technology.com\\\/en\\\/magnetometr-reczny-marki-jw-fishers-divermag1\\\/\"]}]},{\"@type\":\"BreadcrumbList\",\"@id\":\"http:\\\/\\\/escort-technology.com\\\/en\\\/magnetometr-reczny-marki-jw-fishers-divermag1\\\/#breadcrumb\",\"itemListElement\":[{\"@type\":\"ListItem\",\"position\":1,\"name\":\"Strona g\u0142\u00f3wna\",\"item\":\"https:\\\/\\\/escort-technology.com\\\/\"},{\"@type\":\"ListItem\",\"position\":2,\"name\":\"Magnetometr r\u0119czny marki JW FISHERS DIVERMAG1\"}]},{\"@type\":\"WebSite\",\"@id\":\"http:\\\/\\\/escort-technology.com\\\/de\\\/#website\",\"url\":\"http:\\\/\\\/escort-technology.com\\\/de\\\/\",\"name\":\"ESCORT TECHNOLOGY\",\"description\":\"Elektronika morska i l\u0105dowa\",\"publisher\":{\"@id\":\"http:\\\/\\\/escort-technology.com\\\/de\\\/#organization\"},\"potentialAction\":[{\"@type\":\"SearchAction\",\"target\":{\"@type\":\"EntryPoint\",\"urlTemplate\":\"http:\\\/\\\/escort-technology.com\\\/de\\\/?s={search_term_string}\"},\"query-input\":{\"@type\":\"PropertyValueSpecification\",\"valueRequired\":true,\"valueName\":\"search_term_string\"}}],\"inLanguage\":\"pl-PL\"},{\"@type\":\"Organization\",\"@id\":\"http:\\\/\\\/escort-technology.com\\\/de\\\/#organization\",\"name\":\"ESCORT TECHNOLOGY\",\"url\":\"http:\\\/\\\/escort-technology.com\\\/de\\\/\",\"logo\":{\"@type\":\"ImageObject\",\"inLanguage\":\"pl-PL\",\"@id\":\"http:\\\/\\\/escort-technology.com\\\/de\\\/#\\\/schema\\\/logo\\\/image\\\/\",\"url\":\"https:\\\/\\\/escort-technology.com\\\/wp-content\\\/uploads\\\/logo-1.jpg\",\"contentUrl\":\"https:\\\/\\\/escort-technology.com\\\/wp-content\\\/uploads\\\/logo-1.jpg\",\"width\":600,\"height\":165,\"caption\":\"ESCORT TECHNOLOGY\"},\"image\":{\"@id\":\"http:\\\/\\\/escort-technology.com\\\/de\\\/#\\\/schema\\\/logo\\\/image\\\/\"},\"sameAs\":[\"https:\\\/\\\/www.facebook.com\\\/elektronika.morska\\\/\",\"https:\\\/\\\/www.linkedin.com\\\/company\\\/escort-sp-z-o-o-\\\/\"]}]}<\/script>\n<!-- \/ Yoast SEO plugin. -->","yoast_head_json":{"title":"Magnetometr r\u0119czny marki JW FISHERS DIVERMAG1 - ESCORT TECHNOLOGY","robots":{"index":"index","follow":"follow","max-snippet":"max-snippet:-1","max-image-preview":"max-image-preview:large","max-video-preview":"max-video-preview:-1"},"canonical":"http:\/\/escort-technology.com\/pl\/magnetometr-reczny-marki-jw-fishers-divermag1\/","og_locale":"pl_PL","og_type":"article","og_title":"Magnetometr r\u0119czny marki JW FISHERS DIVERMAG1 - ESCORT TECHNOLOGY","og_description":"Magnetometr r\u0119czny marki JW FISHERS DIVERMAG1 Diver Mag 1 jest najwy\u017cszej klasy mikroprocesorowym, morskim magnetometrem o czu\u0142o\u015bci jednej nano-tesli. Ten r\u0119czny Mag jest superczu\u0142ym wykrywaczem metali \u017celaznych (\u017celazo\/stal), kt\u00f3ry dzia\u0142a r\u00f3wnie dobrze na l\u0105dzie jak i pod wod\u0105. Mag zlokalizuje linie rurowe, kable, armaty, cz\u0119\u015bci pog\u0142\u0119biarek i prawie ka\u017cdy obiekt z metalu \u017celaznego o dowolnej [&hellip;]","og_url":"http:\/\/escort-technology.com\/pl\/magnetometr-reczny-marki-jw-fishers-divermag1\/","og_site_name":"ESCORT TECHNOLOGY","article_publisher":"https:\/\/www.facebook.com\/elektronika.morska\/","article_modified_time":"2021-10-21T11:51:17+00:00","og_image":[{"url":"https:\/\/escort-technology.com\/wp-content\/uploads\/2021\/10\/DiverMag-1_main-photo.png","type":"","width":"","height":""}],"twitter_card":"summary_large_image","twitter_misc":{"Szacowany czas czytania":"1 minuta"},"schema":{"@context":"https:\/\/schema.org","@graph":[{"@type":"WebPage","@id":"http:\/\/escort-technology.com\/en\/magnetometr-reczny-marki-jw-fishers-divermag1\/","url":"http:\/\/escort-technology.com\/en\/magnetometr-reczny-marki-jw-fishers-divermag1\/","name":"Magnetometr r\u0119czny marki JW FISHERS DIVERMAG1 - ESCORT TECHNOLOGY","isPartOf":{"@id":"http:\/\/escort-technology.com\/de\/#website"},"datePublished":"2021-10-21T11:40:35+00:00","dateModified":"2021-10-21T11:51:17+00:00","breadcrumb":{"@id":"http:\/\/escort-technology.com\/en\/magnetometr-reczny-marki-jw-fishers-divermag1\/#breadcrumb"},"inLanguage":"pl-PL","potentialAction":[{"@type":"ReadAction","target":["http:\/\/escort-technology.com\/en\/magnetometr-reczny-marki-jw-fishers-divermag1\/"]}]},{"@type":"BreadcrumbList","@id":"http:\/\/escort-technology.com\/en\/magnetometr-reczny-marki-jw-fishers-divermag1\/#breadcrumb","itemListElement":[{"@type":"ListItem","position":1,"name":"Strona g\u0142\u00f3wna","item":"https:\/\/escort-technology.com\/"},{"@type":"ListItem","position":2,"name":"Magnetometr r\u0119czny marki JW FISHERS DIVERMAG1"}]},{"@type":"WebSite","@id":"http:\/\/escort-technology.com\/de\/#website","url":"http:\/\/escort-technology.com\/de\/","name":"ESCORT TECHNOLOGY","description":"Elektronika morska i l\u0105dowa","publisher":{"@id":"http:\/\/escort-technology.com\/de\/#organization"},"potentialAction":[{"@type":"SearchAction","target":{"@type":"EntryPoint","urlTemplate":"http:\/\/escort-technology.com\/de\/?s={search_term_string}"},"query-input":{"@type":"PropertyValueSpecification","valueRequired":true,"valueName":"search_term_string"}}],"inLanguage":"pl-PL"},{"@type":"Organization","@id":"http:\/\/escort-technology.com\/de\/#organization","name":"ESCORT TECHNOLOGY","url":"http:\/\/escort-technology.com\/de\/","logo":{"@type":"ImageObject","inLanguage":"pl-PL","@id":"http:\/\/escort-technology.com\/de\/#\/schema\/logo\/image\/","url":"https:\/\/escort-technology.com\/wp-content\/uploads\/logo-1.jpg","contentUrl":"https:\/\/escort-technology.com\/wp-content\/uploads\/logo-1.jpg","width":600,"height":165,"caption":"ESCORT TECHNOLOGY"},"image":{"@id":"http:\/\/escort-technology.com\/de\/#\/schema\/logo\/image\/"},"sameAs":["https:\/\/www.facebook.com\/elektronika.morska\/","https:\/\/www.linkedin.com\/company\/escort-sp-z-o-o-\/"]}]}},"_links":{"self":[{"href":"https:\/\/escort-technology.com\/pl\/wp-json\/wp\/v2\/pages\/10113","targetHints":{"allow":["GET"]}}],"collection":[{"href":"https:\/\/escort-technology.com\/pl\/wp-json\/wp\/v2\/pages"}],"about":[{"href":"https:\/\/escort-technology.com\/pl\/wp-json\/wp\/v2\/types\/page"}],"author":[{"embeddable":true,"href":"https:\/\/escort-technology.com\/pl\/wp-json\/wp\/v2\/users\/10"}],"replies":[{"embeddable":true,"href":"https:\/\/escort-technology.com\/pl\/wp-json\/wp\/v2\/comments?post=10113"}],"version-history":[{"count":9,"href":"https:\/\/escort-technology.com\/pl\/wp-json\/wp\/v2\/pages\/10113\/revisions"}],"predecessor-version":[{"id":10126,"href":"https:\/\/escort-technology.com\/pl\/wp-json\/wp\/v2\/pages\/10113\/revisions\/10126"}],"wp:attachment":[{"href":"https:\/\/escort-technology.com\/pl\/wp-json\/wp\/v2\/media?parent=10113"}],"curies":[{"name":"wp","href":"https:\/\/api.w.org\/{rel}","templated":true}]}}