{"id":10144,"date":"2021-10-21T14:10:41","date_gmt":"2021-10-21T12:10:41","guid":{"rendered":"https:\/\/escort-technology.com\/?page_id=10144"},"modified":"2021-10-21T14:20:10","modified_gmt":"2021-10-21T12:20:10","slug":"magnetometr-reczny-marki-jw-fishers-pulse-8x","status":"publish","type":"page","link":"https:\/\/escort-technology.com\/pl\/magnetometr-reczny-marki-jw-fishers-pulse-8x\/","title":{"rendered":"Magnetometr r\u0119czny marki JW FISHERS PULSE 8X"},"content":{"rendered":"<h1>\n<h1 class=\"uk-article-title\">Magnetometr r\u0119czny marki JW FISHERS PULSE 8X<\/h1>\n<\/h1>\n<hr>\n<p><img decoding=\"async\" src=\"\/wp-content\/uploads\/2021\/10\/p8xuw2.gif\" alt=\"\"><br \/>\n<img decoding=\"async\" src=\"\/wp-content\/uploads\/2021\/10\/P8X-1-scaled.jpg\" alt=\"\"><br \/>\n<img decoding=\"async\" src=\"\/wp-content\/uploads\/2021\/10\/P8X-2.jpg\" alt=\"\"><\/p>\n<div>\n<p>Dzi\u0119ki obudowie o g\u0142\u0119boko\u015bci 200 st\u00f3p i maksymalnym zasi\u0119gu detekcji wynosz\u0105cym 6 st\u00f3p, Pulse 8X jest topowym wykrywaczem firmy Fishers. Wytrzyma\u0142a konstrukcja i wysoka czu\u0142o\u015b\u0107 sprawiaj\u0105, \u017ce Pulse 8X jest wybierany przez profesjonalist\u00f3w na ca\u0142ym \u015bwiecie. Ten komercyjny wykrywacz metali jest u\u017cywany przez poszukiwaczy skarb\u00f3w, komercyjne firmy nurkowe, organy \u015bcigania i jednostki wojskowe na ca\u0142ym \u015bwiecie.<\/p>\n<p>Cech\u0105 charakterystyczn\u0105 tego wykrywacza pulsacyjnego jest jego zdolno\u015b\u0107 do ignorowania minera\u0142\u00f3w w otoczeniu przy jednoczesnym zachowaniu wysokiej czu\u0142o\u015bci na wszystkie cele metalowe. Nie ma na niego wp\u0142ywu silnie zmineralizowana s\u0142ona woda, koralowce, ska\u0142y o wysokiej zawarto\u015bci \u017celaza, czy magnetyczny (czarny) piasek; wszystkie te czynniki doprowadzaj\u0105 konwencjonalne wykrywacze metali do bl\u0119du. Pulse 8X wykrywa wszystkie metale, od monet i bi\u017cuterii, po kotwice i armaty; i robi to na l\u0105dzie, w s\u0142odkiej lub s\u0142onej wodzie. Nurek jest powiadamiany o obecno\u015bci metalu zar\u00f3wno przez odczyt wizualny (wy\u015bwietlany na mierniku) jak i d\u017awi\u0119kowy (s\u0142yszalny w podwodnej s\u0142uchawce). Na zasi\u0119g detekcji celu nie ma wp\u0142ywu medium pomi\u0119dzy cewk\u0105 detektora a metalowym obiektem. Wydajno\u015b\u0107 nie zmienia si\u0119 w zale\u017cno\u015bci od tego, czy wykrywa si\u0119 w powietrzu, wodzie, mule, piasku czy litym koralowcu.<\/p>\n<p>Pulse 8X wyposa\u017cony jest we wszystkie akcesoria potrzebne do u\u017cywania wykrywacza na l\u0105dzie lub nurkowania na g\u0142\u0119boko\u015bci ponad 200 st\u00f3p. Standardowy pakiet zawiera odporny na korozj\u0119 uchwyt z PVC do u\u017cytku pod wod\u0105, anodyzowany uchwyt aluminiowy do u\u017cytku na l\u0105dzie, s\u0142uchawki podwodne i l\u0105dowe. Pakiet zawiera r\u00f3wnie\u017c \u0142adowarki AC i DC, zestaw do monta\u017cu na biodrze dla obudowy elektroniki, wytrzyma\u0142\u0105 torb\u0119 Cordura, zestaw cz\u0119\u015bci zamiennych i czapk\u0119 JW Fishers Search Team.<\/p>\n<p>Zasilany wewn\u0119trznym 9 V akumulatorem, wykrywacz mo\u017ce bez problemu pracowa\u0107 ca\u0142y dzie\u0144 na pe\u0142nym na\u0142adowaniu. Na\u0142aduj bateri\u0119 przez noc i jest gotowy na kolejny dzie\u0144 polowania.<\/p>\n<p>Dost\u0119pna jest pe\u0142na linia wymiennych cewek, co daje temu wykrywaczowi ogromn\u0105 wszechstronno\u015b\u0107. Dwie z cewek mog\u0105 by\u0107 rozmieszczone z \u0142odzi; operator mo\u017ce by\u0107 na g\u00f3rze z jednostk\u0105 elektroniczn\u0105 i mie\u0107 cewk\u0119 na dole szukaj\u0105c metalu. Zobacz poni\u017cej dodatkowe opcje.<\/p>\n<p>Pulse 8X ma dwukrotnie wi\u0119ksz\u0105 moc i zasi\u0119g detekcji ni\u017c Pulse 6X.<\/p>\n<p>JW Fishers Pulse 8x zosta\u0142 uznany za najlepszy podwodny wykrywacz metali przez program SAVER Departamentu Bezpiecze\u0144stwa Wewn\u0119trznego USA.<\/p>\n<\/div>\n<p><iframe src=\"https:\/\/youtu.be\/NqqvrXi2kzU\"><\/iframe><\/p>\n<p>\n    <a href=\"\/wp-content\/uploads\/2021\/10\/http-__www.jwfishers.com_datasheets_P6X2020P8X_DS.pdf\">Karta katalogowa <\/a>\n<\/p>\n<p><!--more--><br \/>\n<!-- {\"type\":\"layout\",\"children\":[{\"type\":\"section\",\"props\":{\"style\":\"default\",\"width\":\"default\",\"vertical_align\":\"middle\",\"title_position\":\"top-left\",\"title_rotation\":\"left\",\"title_breakpoint\":\"xl\",\"image_position\":\"center-center\"},\"children\":[{\"type\":\"row\",\"children\":[{\"type\":\"column\",\"props\":{\"image_position\":\"center-center\",\"media_overlay_gradient\":\"\"},\"children\":[{\"type\":\"headline\",\"props\":{\"title_element\":\"h1\",\"content\":\"\n\n<h1 class=\\\"uk-article-title\\\">Magnetometr r\\u0119czny marki JW FISHERS PULSE 8X<\\\/h1>\"}},{\"type\":\"divider\",\"props\":{\"divider_element\":\"hr\"}}]}]}]},{\"type\":\"section\",\"props\":{\"style\":\"default\",\"width\":\"default\",\"vertical_align\":\"middle\",\"title_position\":\"top-left\",\"title_rotation\":\"left\",\"title_breakpoint\":\"xl\",\"image_position\":\"center-center\"},\"children\":[{\"type\":\"row\",\"props\":{\"layout\":\"1-3,2-3\"},\"children\":[{\"type\":\"column\",\"props\":{\"image_position\":\"center-center\",\"media_overlay_gradient\":\"\",\"width_medium\":\"1-3\"},\"children\":[{\"type\":\"image\",\"props\":{\"margin\":\"default\",\"image_svg_color\":\"emphasis\",\"image\":\"wp-content\\\/uploads\\\/2021\\\/10\\\/p8xuw2.gif\"}},{\"type\":\"image\",\"props\":{\"margin\":\"default\",\"image_svg_color\":\"emphasis\",\"image\":\"wp-content\\\/uploads\\\/2021\\\/10\\\/P8X-1-scaled.jpg\"}},{\"type\":\"image\",\"props\":{\"margin\":\"default\",\"image_svg_color\":\"emphasis\",\"image\":\"wp-content\\\/uploads\\\/2021\\\/10\\\/P8X-2.jpg\"}}]},{\"type\":\"column\",\"props\":{\"image_position\":\"center-center\",\"media_overlay_gradient\":\"\",\"width_medium\":\"2-3\"},\"children\":[{\"type\":\"text\",\"props\":{\"margin\":\"default\",\"column_breakpoint\":\"m\",\"content\":\"\n\n<p>Dzi\\u0119ki obudowie o g\\u0142\\u0119boko\\u015bci 200 st\\u00f3p i maksymalnym zasi\\u0119gu detekcji wynosz\\u0105cym 6 st\\u00f3p, Pulse 8X jest topowym wykrywaczem firmy Fishers. Wytrzyma\\u0142a konstrukcja i wysoka czu\\u0142o\\u015b\\u0107 sprawiaj\\u0105, \\u017ce Pulse 8X jest wybierany przez profesjonalist\\u00f3w na ca\\u0142ym \\u015bwiecie. Ten komercyjny wykrywacz metali jest u\\u017cywany przez poszukiwaczy skarb\\u00f3w, komercyjne firmy nurkowe, organy \\u015bcigania i jednostki wojskowe na ca\\u0142ym \\u015bwiecie.<\\\/p>\\n\n\n<p>Cech\\u0105 charakterystyczn\\u0105 tego wykrywacza pulsacyjnego jest jego zdolno\\u015b\\u0107 do ignorowania minera\\u0142\\u00f3w w otoczeniu przy jednoczesnym zachowaniu wysokiej czu\\u0142o\\u015bci na wszystkie cele metalowe. Nie ma na niego wp\\u0142ywu silnie zmineralizowana s\\u0142ona woda, koralowce, ska\\u0142y o wysokiej zawarto\\u015bci \\u017celaza, czy magnetyczny (czarny) piasek; wszystkie te czynniki doprowadzaj\\u0105 konwencjonalne wykrywacze metali do bl\\u0119du. Pulse 8X wykrywa wszystkie metale, od monet i bi\\u017cuterii, po kotwice i armaty; i robi to na l\\u0105dzie, w s\\u0142odkiej lub s\\u0142onej wodzie. Nurek jest powiadamiany o obecno\\u015bci metalu zar\\u00f3wno przez odczyt wizualny (wy\\u015bwietlany na mierniku) jak i d\\u017awi\\u0119kowy (s\\u0142yszalny w podwodnej s\\u0142uchawce). Na zasi\\u0119g detekcji celu nie ma wp\\u0142ywu medium pomi\\u0119dzy cewk\\u0105 detektora a metalowym obiektem. Wydajno\\u015b\\u0107 nie zmienia si\\u0119 w zale\\u017cno\\u015bci od tego, czy wykrywa si\\u0119 w powietrzu, wodzie, mule, piasku czy litym koralowcu.<\\\/p>\\n\n\n<p>Pulse 8X wyposa\\u017cony jest we wszystkie akcesoria potrzebne do u\\u017cywania wykrywacza na l\\u0105dzie lub nurkowania na g\\u0142\\u0119boko\\u015bci ponad 200 st\\u00f3p. Standardowy pakiet zawiera odporny na korozj\\u0119 uchwyt z PVC do u\\u017cytku pod wod\\u0105, anodyzowany uchwyt aluminiowy do u\\u017cytku na l\\u0105dzie, s\\u0142uchawki podwodne i l\\u0105dowe. Pakiet zawiera r\\u00f3wnie\\u017c \\u0142adowarki AC i DC, zestaw do monta\\u017cu na biodrze dla obudowy elektroniki, wytrzyma\\u0142\\u0105 torb\\u0119 Cordura, zestaw cz\\u0119\\u015bci zamiennych i czapk\\u0119 JW Fishers Search Team.<\\\/p>\\n\n\n<p>Zasilany wewn\\u0119trznym 9 V akumulatorem, wykrywacz mo\\u017ce bez problemu pracowa\\u0107 ca\\u0142y dzie\\u0144 na pe\\u0142nym na\\u0142adowaniu. Na\\u0142aduj bateri\\u0119 przez noc i jest gotowy na kolejny dzie\\u0144 polowania.<\\\/p>\\n\n\n<p>Dost\\u0119pna jest pe\\u0142na linia wymiennych cewek, co daje temu wykrywaczowi ogromn\\u0105 wszechstronno\\u015b\\u0107. Dwie z cewek mog\\u0105 by\\u0107 rozmieszczone z \\u0142odzi; operator mo\\u017ce by\\u0107 na g\\u00f3rze z jednostk\\u0105 elektroniczn\\u0105 i mie\\u0107 cewk\\u0119 na dole szukaj\\u0105c metalu. Zobacz poni\\u017cej dodatkowe opcje.<\\\/p>\\n\n\n<p>Pulse 8X ma dwukrotnie wi\\u0119ksz\\u0105 moc i zasi\\u0119g detekcji ni\\u017c Pulse 6X.<\\\/p>\\n\n\n<p>JW Fishers Pulse 8x zosta\\u0142 uznany za najlepszy podwodny wykrywacz metali przez program SAVER Departamentu Bezpiecze\\u0144stwa Wewn\\u0119trznego USA.<\\\/p>\"}}]}]}]},{\"type\":\"section\",\"props\":{\"style\":\"default\",\"width\":\"default\",\"vertical_align\":\"middle\",\"title_position\":\"top-left\",\"title_rotation\":\"left\",\"title_breakpoint\":\"xl\",\"image_position\":\"center-center\"},\"children\":[{\"type\":\"row\",\"children\":[{\"type\":\"column\",\"props\":{\"image_position\":\"center-center\",\"media_overlay_gradient\":\"\"},\"children\":[{\"type\":\"video\",\"props\":{\"video_controls\":true,\"margin\":\"default\",\"video\":\"https:\\\/\\\/youtu.be\\\/NqqvrXi2kzU\",\"maxwidth\":\"xlarge\",\"text_align\":\"center\",\"block_align\":\"center\"}},{\"type\":\"button\",\"props\":{\"grid_column_gap\":\"small\",\"grid_row_gap\":\"small\",\"margin\":\"default\",\"text_align\":\"center\"},\"children\":[{\"type\":\"button_item\",\"props\":{\"button_style\":\"default\",\"icon_align\":\"left\",\"content\":\"Karta katalogowa \",\"link\":\"wp-content\\\/uploads\\\/2021\\\/10\\\/http-__www.jwfishers.com_datasheets_P6X2020P8X_DS.pdf\"}}]}]}]}]}],\"version\":\"2.6.7\"} --><\/p>\n","protected":false},"excerpt":{"rendered":"<p>Magnetometr r\u0119czny marki JW FISHERS PULSE 8X Dzi\u0119ki obudowie o g\u0142\u0119boko\u015bci 200 st\u00f3p i maksymalnym zasi\u0119gu detekcji wynosz\u0105cym 6 st\u00f3p, Pulse 8X jest topowym wykrywaczem firmy Fishers. Wytrzyma\u0142a konstrukcja i wysoka czu\u0142o\u015b\u0107 sprawiaj\u0105, \u017ce Pulse 8X jest wybierany przez profesjonalist\u00f3w na ca\u0142ym \u015bwiecie. Ten komercyjny wykrywacz metali jest u\u017cywany przez poszukiwaczy skarb\u00f3w, komercyjne firmy nurkowe, [&hellip;]<\/p>\n","protected":false},"author":10,"featured_media":0,"parent":0,"menu_order":0,"comment_status":"closed","ping_status":"closed","template":"","meta":{"footnotes":""},"class_list":["post-10144","page","type-page","status-publish","hentry"],"yoast_head":"<!-- This site is optimized with the Yoast SEO plugin v27.5 - https:\/\/yoast.com\/product\/yoast-seo-wordpress\/ -->\n<title>Magnetometr r\u0119czny marki JW FISHERS PULSE 8X - ESCORT TECHNOLOGY<\/title>\n<meta name=\"robots\" content=\"index, follow, max-snippet:-1, max-image-preview:large, max-video-preview:-1\" \/>\n<link rel=\"canonical\" href=\"http:\/\/escort-technology.com\/pl\/magnetometr-reczny-marki-jw-fishers-pulse-8x\/\" \/>\n<meta property=\"og:locale\" content=\"pl_PL\" \/>\n<meta property=\"og:type\" content=\"article\" \/>\n<meta property=\"og:title\" content=\"Magnetometr r\u0119czny marki JW FISHERS PULSE 8X - ESCORT TECHNOLOGY\" \/>\n<meta property=\"og:description\" content=\"Magnetometr r\u0119czny marki JW FISHERS PULSE 8X Dzi\u0119ki obudowie o g\u0142\u0119boko\u015bci 200 st\u00f3p i maksymalnym zasi\u0119gu detekcji wynosz\u0105cym 6 st\u00f3p, Pulse 8X jest topowym wykrywaczem firmy Fishers. Wytrzyma\u0142a konstrukcja i wysoka czu\u0142o\u015b\u0107 sprawiaj\u0105, \u017ce Pulse 8X jest wybierany przez profesjonalist\u00f3w na ca\u0142ym \u015bwiecie. Ten komercyjny wykrywacz metali jest u\u017cywany przez poszukiwaczy skarb\u00f3w, komercyjne firmy nurkowe, [&hellip;]\" \/>\n<meta property=\"og:url\" content=\"http:\/\/escort-technology.com\/pl\/magnetometr-reczny-marki-jw-fishers-pulse-8x\/\" \/>\n<meta property=\"og:site_name\" content=\"ESCORT TECHNOLOGY\" \/>\n<meta property=\"article:publisher\" content=\"https:\/\/www.facebook.com\/elektronika.morska\/\" \/>\n<meta property=\"article:modified_time\" content=\"2021-10-21T12:20:10+00:00\" \/>\n<meta property=\"og:image\" content=\"https:\/\/escort-technology.com\/wp-content\/uploads\/2021\/10\/p8xuw2.gif\" \/>\n<meta name=\"twitter:card\" content=\"summary_large_image\" \/>\n<meta name=\"twitter:label1\" content=\"Szacowany czas czytania\" \/>\n\t<meta name=\"twitter:data1\" content=\"2 minuty\" \/>\n<script type=\"application\/ld+json\" class=\"yoast-schema-graph\">{\"@context\":\"https:\\\/\\\/schema.org\",\"@graph\":[{\"@type\":\"WebPage\",\"@id\":\"http:\\\/\\\/escort-technology.com\\\/pl\\\/magnetometr-reczny-marki-jw-fishers-pulse-8x\\\/\",\"url\":\"http:\\\/\\\/escort-technology.com\\\/pl\\\/magnetometr-reczny-marki-jw-fishers-pulse-8x\\\/\",\"name\":\"Magnetometr r\u0119czny marki JW FISHERS PULSE 8X - ESCORT TECHNOLOGY\",\"isPartOf\":{\"@id\":\"http:\\\/\\\/escort-technology.com\\\/de\\\/#website\"},\"datePublished\":\"2021-10-21T12:10:41+00:00\",\"dateModified\":\"2021-10-21T12:20:10+00:00\",\"breadcrumb\":{\"@id\":\"http:\\\/\\\/escort-technology.com\\\/pl\\\/magnetometr-reczny-marki-jw-fishers-pulse-8x\\\/#breadcrumb\"},\"inLanguage\":\"pl-PL\",\"potentialAction\":[{\"@type\":\"ReadAction\",\"target\":[\"http:\\\/\\\/escort-technology.com\\\/pl\\\/magnetometr-reczny-marki-jw-fishers-pulse-8x\\\/\"]}]},{\"@type\":\"BreadcrumbList\",\"@id\":\"http:\\\/\\\/escort-technology.com\\\/pl\\\/magnetometr-reczny-marki-jw-fishers-pulse-8x\\\/#breadcrumb\",\"itemListElement\":[{\"@type\":\"ListItem\",\"position\":1,\"name\":\"Strona g\u0142\u00f3wna\",\"item\":\"https:\\\/\\\/escort-technology.com\\\/\"},{\"@type\":\"ListItem\",\"position\":2,\"name\":\"Magnetometr r\u0119czny marki JW FISHERS PULSE 8X\"}]},{\"@type\":\"WebSite\",\"@id\":\"http:\\\/\\\/escort-technology.com\\\/de\\\/#website\",\"url\":\"http:\\\/\\\/escort-technology.com\\\/de\\\/\",\"name\":\"ESCORT TECHNOLOGY\",\"description\":\"Elektronika morska i l\u0105dowa\",\"publisher\":{\"@id\":\"http:\\\/\\\/escort-technology.com\\\/de\\\/#organization\"},\"potentialAction\":[{\"@type\":\"SearchAction\",\"target\":{\"@type\":\"EntryPoint\",\"urlTemplate\":\"http:\\\/\\\/escort-technology.com\\\/de\\\/?s={search_term_string}\"},\"query-input\":{\"@type\":\"PropertyValueSpecification\",\"valueRequired\":true,\"valueName\":\"search_term_string\"}}],\"inLanguage\":\"pl-PL\"},{\"@type\":\"Organization\",\"@id\":\"http:\\\/\\\/escort-technology.com\\\/de\\\/#organization\",\"name\":\"ESCORT TECHNOLOGY\",\"url\":\"http:\\\/\\\/escort-technology.com\\\/de\\\/\",\"logo\":{\"@type\":\"ImageObject\",\"inLanguage\":\"pl-PL\",\"@id\":\"http:\\\/\\\/escort-technology.com\\\/de\\\/#\\\/schema\\\/logo\\\/image\\\/\",\"url\":\"https:\\\/\\\/escort-technology.com\\\/wp-content\\\/uploads\\\/logo-1.jpg\",\"contentUrl\":\"https:\\\/\\\/escort-technology.com\\\/wp-content\\\/uploads\\\/logo-1.jpg\",\"width\":600,\"height\":165,\"caption\":\"ESCORT TECHNOLOGY\"},\"image\":{\"@id\":\"http:\\\/\\\/escort-technology.com\\\/de\\\/#\\\/schema\\\/logo\\\/image\\\/\"},\"sameAs\":[\"https:\\\/\\\/www.facebook.com\\\/elektronika.morska\\\/\",\"https:\\\/\\\/www.linkedin.com\\\/company\\\/escort-sp-z-o-o-\\\/\"]}]}<\/script>\n<!-- \/ Yoast SEO plugin. -->","yoast_head_json":{"title":"Magnetometr r\u0119czny marki JW FISHERS PULSE 8X - ESCORT TECHNOLOGY","robots":{"index":"index","follow":"follow","max-snippet":"max-snippet:-1","max-image-preview":"max-image-preview:large","max-video-preview":"max-video-preview:-1"},"canonical":"http:\/\/escort-technology.com\/pl\/magnetometr-reczny-marki-jw-fishers-pulse-8x\/","og_locale":"pl_PL","og_type":"article","og_title":"Magnetometr r\u0119czny marki JW FISHERS PULSE 8X - ESCORT TECHNOLOGY","og_description":"Magnetometr r\u0119czny marki JW FISHERS PULSE 8X Dzi\u0119ki obudowie o g\u0142\u0119boko\u015bci 200 st\u00f3p i maksymalnym zasi\u0119gu detekcji wynosz\u0105cym 6 st\u00f3p, Pulse 8X jest topowym wykrywaczem firmy Fishers. Wytrzyma\u0142a konstrukcja i wysoka czu\u0142o\u015b\u0107 sprawiaj\u0105, \u017ce Pulse 8X jest wybierany przez profesjonalist\u00f3w na ca\u0142ym \u015bwiecie. Ten komercyjny wykrywacz metali jest u\u017cywany przez poszukiwaczy skarb\u00f3w, komercyjne firmy nurkowe, [&hellip;]","og_url":"http:\/\/escort-technology.com\/pl\/magnetometr-reczny-marki-jw-fishers-pulse-8x\/","og_site_name":"ESCORT TECHNOLOGY","article_publisher":"https:\/\/www.facebook.com\/elektronika.morska\/","article_modified_time":"2021-10-21T12:20:10+00:00","og_image":[{"url":"https:\/\/escort-technology.com\/wp-content\/uploads\/2021\/10\/p8xuw2.gif","type":"","width":"","height":""}],"twitter_card":"summary_large_image","twitter_misc":{"Szacowany czas czytania":"2 minuty"},"schema":{"@context":"https:\/\/schema.org","@graph":[{"@type":"WebPage","@id":"http:\/\/escort-technology.com\/pl\/magnetometr-reczny-marki-jw-fishers-pulse-8x\/","url":"http:\/\/escort-technology.com\/pl\/magnetometr-reczny-marki-jw-fishers-pulse-8x\/","name":"Magnetometr r\u0119czny marki JW FISHERS PULSE 8X - ESCORT TECHNOLOGY","isPartOf":{"@id":"http:\/\/escort-technology.com\/de\/#website"},"datePublished":"2021-10-21T12:10:41+00:00","dateModified":"2021-10-21T12:20:10+00:00","breadcrumb":{"@id":"http:\/\/escort-technology.com\/pl\/magnetometr-reczny-marki-jw-fishers-pulse-8x\/#breadcrumb"},"inLanguage":"pl-PL","potentialAction":[{"@type":"ReadAction","target":["http:\/\/escort-technology.com\/pl\/magnetometr-reczny-marki-jw-fishers-pulse-8x\/"]}]},{"@type":"BreadcrumbList","@id":"http:\/\/escort-technology.com\/pl\/magnetometr-reczny-marki-jw-fishers-pulse-8x\/#breadcrumb","itemListElement":[{"@type":"ListItem","position":1,"name":"Strona g\u0142\u00f3wna","item":"https:\/\/escort-technology.com\/"},{"@type":"ListItem","position":2,"name":"Magnetometr r\u0119czny marki JW FISHERS PULSE 8X"}]},{"@type":"WebSite","@id":"http:\/\/escort-technology.com\/de\/#website","url":"http:\/\/escort-technology.com\/de\/","name":"ESCORT TECHNOLOGY","description":"Elektronika morska i l\u0105dowa","publisher":{"@id":"http:\/\/escort-technology.com\/de\/#organization"},"potentialAction":[{"@type":"SearchAction","target":{"@type":"EntryPoint","urlTemplate":"http:\/\/escort-technology.com\/de\/?s={search_term_string}"},"query-input":{"@type":"PropertyValueSpecification","valueRequired":true,"valueName":"search_term_string"}}],"inLanguage":"pl-PL"},{"@type":"Organization","@id":"http:\/\/escort-technology.com\/de\/#organization","name":"ESCORT TECHNOLOGY","url":"http:\/\/escort-technology.com\/de\/","logo":{"@type":"ImageObject","inLanguage":"pl-PL","@id":"http:\/\/escort-technology.com\/de\/#\/schema\/logo\/image\/","url":"https:\/\/escort-technology.com\/wp-content\/uploads\/logo-1.jpg","contentUrl":"https:\/\/escort-technology.com\/wp-content\/uploads\/logo-1.jpg","width":600,"height":165,"caption":"ESCORT TECHNOLOGY"},"image":{"@id":"http:\/\/escort-technology.com\/de\/#\/schema\/logo\/image\/"},"sameAs":["https:\/\/www.facebook.com\/elektronika.morska\/","https:\/\/www.linkedin.com\/company\/escort-sp-z-o-o-\/"]}]}},"_links":{"self":[{"href":"https:\/\/escort-technology.com\/pl\/wp-json\/wp\/v2\/pages\/10144","targetHints":{"allow":["GET"]}}],"collection":[{"href":"https:\/\/escort-technology.com\/pl\/wp-json\/wp\/v2\/pages"}],"about":[{"href":"https:\/\/escort-technology.com\/pl\/wp-json\/wp\/v2\/types\/page"}],"author":[{"embeddable":true,"href":"https:\/\/escort-technology.com\/pl\/wp-json\/wp\/v2\/users\/10"}],"replies":[{"embeddable":true,"href":"https:\/\/escort-technology.com\/pl\/wp-json\/wp\/v2\/comments?post=10144"}],"version-history":[{"count":10,"href":"https:\/\/escort-technology.com\/pl\/wp-json\/wp\/v2\/pages\/10144\/revisions"}],"predecessor-version":[{"id":10159,"href":"https:\/\/escort-technology.com\/pl\/wp-json\/wp\/v2\/pages\/10144\/revisions\/10159"}],"wp:attachment":[{"href":"https:\/\/escort-technology.com\/pl\/wp-json\/wp\/v2\/media?parent=10144"}],"curies":[{"name":"wp","href":"https:\/\/api.w.org\/{rel}","templated":true}]}}