{"id":10206,"date":"2021-10-26T13:35:08","date_gmt":"2021-10-26T11:35:08","guid":{"rendered":"https:\/\/escort-technology.com\/?page_id=10206"},"modified":"2021-10-26T13:50:03","modified_gmt":"2021-10-26T11:50:03","slug":"magnetometr-holowany-jw-fishers-proton-5","status":"publish","type":"page","link":"https:\/\/escort-technology.com\/pl\/magnetometr-holowany-jw-fishers-proton-5\/","title":{"rendered":"Magnetometr holowany JW FISHERS PROTON 5"},"content":{"rendered":"<h1>\n<h1 class=\"uk-article-title\">Magnetometr holowany JW FISHERS PROTON 5<\/h1>\n<\/h1>\n<hr>\n<p><img decoding=\"async\" src=\"\/wp-content\/uploads\/2021\/10\/proton5-scaled.jpg\" alt=\"\"><\/p>\n<div>\n<p>PROTON 5 jest pi\u0105t\u0105 generacj\u0105 magnetometru firmy JW Fishers. Jest to najwy\u017cszej klasy mikroprocesorowy morski system detekcji magnetometrycznej. Proton 5 jest ostatecznym detektorem cel\u00f3w \u017celaznych i stalowych. Jego maksymalny zasi\u0119g wynosi 1.500 st\u00f3p (450m) z ka\u017cdej strony (3.000 st\u00f3p ca\u0142kowitego swath), co pozwala na szybkie i kompletne przeszukanie szerokiego obszaru. Mag jest r\u00f3wnie\u017c dobrym wyborem do lokalizowania r\u00f3\u017cnych mniejszych cel\u00f3w, takich jak ruroci\u0105gi, kotwice, \u0142a\u0144cuchy, armaty, g\u0142owice pog\u0142\u0119biarek itp. Jest to szczeg\u00f3lnie przydatne, gdy obiekty s\u0105 zakopane w dnie i nie mo\u017cna ich znale\u017a\u0107 za pomoc\u0105 sonaru lub system\u00f3w wyszukiwania wideo. Na zasi\u0119g detekcji nie ma wp\u0142ywu medium pomi\u0119dzy magnetometrem a metalowym celem. Wydajno\u015b\u0107 nie zmienia si\u0119 przy wykrywaniu w powietrzu, wodzie, mule, piasku czy litym koralowcu. Bardzo du\u017cy obszar detekcji sprawia, \u017ce magnetometr ten jest idealnym wyborem zar\u00f3wno dla operacji komercyjnych jak i profesjonalnych \u0142owc\u00f3w wrak\u00f3w.<\/p>\n<p>Z czu\u0142o\u015bci\u0105 jednego nanotesla (nT), posiada maksymaln\u0105 czu\u0142o\u015b\u0107 u\u017cytkow\u0105 dla holowanego protonowego magnetometru precesyjnego. Dwusekundowy czas cyklu daje silny sygna\u0142 zwrotny i jest wystarczaj\u0105co szybki, aby wykry\u0107 nawet ma\u0142e \u017celazne\/stalowe cele. PROTON 5 wyposa\u017cony jest w tr\u00f3josiowy czujnik z redukcj\u0105 szum\u00f3w, kt\u00f3ry umo\u017cliwia holowanie dook\u00f3lne bez b\u0142\u0119du kursu lub martwej strefy. System jest w pe\u0142ni cyfrowy i wy\u015bwietla bie\u017c\u0105cy 5-cyfrowy pomiar na \u0142atwym do odczytania 6-calowym ekranie LCD, kt\u00f3ry jest pod\u015bwietlany do pracy w nocy. Do 80 poprzednich pomiar\u00f3w jest r\u00f3wnie\u017c wy\u015bwietlanych graficznie w postaci wykresu historii na ekranie LCD. Z opcjonalnym wysoko\u015bciomierzem, wy\u015bwietlana jest odleg\u0142o\u015b\u0107 od dna holownika. Przyjazne dla u\u017cytkownika menu pozwala na \u0142atw\u0105 konfiguracj\u0119 wszystkich ustawie\u0144 operacyjnych i dostrajanie systemu bezpo\u015brednio z g\u00f3rnej skrzynki kontrolnej. Regulowany alarm d\u017awi\u0119kowy pozwala operatorowi zdecydowa\u0107, jak du\u017ca zmiana w odczycie linii podstawowej spowoduje uruchomienie alarmu.<\/p>\n<p>W przypadku ma\u0142ych cel\u00f3w zalecana jest pr\u0119dko\u015b\u0107 holowania 2-3 w\u0119z\u0142\u00f3w. Dzi\u0119ki opcjonalnemu wysoko\u015bciomierzowi UA-3, mo\u017cna utrzyma\u0107 precyzyjn\u0105 odleg\u0142o\u015b\u0107 od dna. W przypadku holowania na g\u0142\u0119bokiej wodzie, Fish jest holowany za opcjonalnym depresorem DDW-1 Deep Dive Wing. Sk\u0142adany holownik PROTON 5 z \u0142atwo\u015bci\u0105 mie\u015bci si\u0119 w wodoszczelnej walizce Pelican\u00ae. Modu\u0142owa konstrukcja umo\u017cliwia \u0142atw\u0105 napraw\u0119 w terenie, je\u015bli kiedykolwiek b\u0119dzie to konieczne.<\/p>\n<\/div>\n<p><iframe src=\"https:\/\/youtu.be\/9DNDlujo7J8\"><\/iframe><\/p>\n<div>\n<p>Podstawowy system zawiera 200-stopowy g\u0142\u0119boko\u015bciomierz, 150 st\u00f3p kabla holowniczego wzmocnionego kevlarem oraz skrzynk\u0119 kontroln\u0105. Opcjonalnie dost\u0119pne jest wyj\u015bcie danych USB oraz oprogramowanie Tracker 3, kt\u00f3re umo\u017cliwia wy\u015bwietlanie odczytu mag na laptopie wraz ze wsp\u00f3\u0142rz\u0119dnymi pozycji GPS. Pozycja celu jest wy\u015bwietlana i rejestrowana na komputerze. Opcjonalny tablet Microsoft Surface \u00ae mo\u017ce by\u0107 zamontowany w pokrywie skrzynki kontrolnej, eliminuj\u0105c potrzeb\u0119 stosowania oddzielnego komputera przeno\u015bnego, dzi\u0119ki czemu jest to pakiet uproszczony.<\/p>\n<p>W pe\u0142ni cyfrowy<br \/>Wy\u015bwietla 5-cyfrowy pomiar na 6-calowym ekranie LCD<br \/>Przyjazne dla u\u017cytkownika menu<br \/>Automatyczne dostrajanie<br \/>Towfish rozdziela si\u0119 na dwie cz\u0119\u015bci, aby zmie\u015bci\u0107 si\u0119 w walizce Pelican\u00ae.<br \/>Silna detekcja \u017celaza i stali<\/p>\n<\/div>\n<p>\n    <a href=\"\/wp-content\/uploads\/2021\/10\/http-__www.jwfishers.com_datasheets_P5_DS.pdf\">Karta katalogowa <\/a>\n<\/p>\n<p><!--more--><br \/>\n<!-- {\"type\":\"layout\",\"children\":[{\"type\":\"section\",\"props\":{\"style\":\"default\",\"width\":\"default\",\"vertical_align\":\"middle\",\"title_position\":\"top-left\",\"title_rotation\":\"left\",\"title_breakpoint\":\"xl\",\"image_position\":\"center-center\"},\"children\":[{\"type\":\"row\",\"children\":[{\"type\":\"column\",\"props\":{\"image_position\":\"center-center\",\"media_overlay_gradient\":\"\"},\"children\":[{\"type\":\"headline\",\"props\":{\"title_element\":\"h1\",\"content\":\"\n\n<h1 class=\\\"uk-article-title\\\">Magnetometr holowany JW FISHERS PROTON 5<\\\/h1>\"}},{\"type\":\"divider\",\"props\":{\"divider_element\":\"hr\"}},{\"type\":\"image\",\"props\":{\"margin\":\"default\",\"image_svg_color\":\"emphasis\",\"image\":\"wp-content\\\/uploads\\\/2021\\\/10\\\/proton5-scaled.jpg\",\"image_height\":\"450\",\"text_align\":\"center\"}}]}]}]},{\"type\":\"section\",\"props\":{\"style\":\"default\",\"width\":\"default\",\"vertical_align\":\"middle\",\"title_position\":\"top-left\",\"title_rotation\":\"left\",\"title_breakpoint\":\"xl\",\"image_position\":\"center-center\"},\"children\":[{\"type\":\"row\",\"children\":[{\"type\":\"column\",\"props\":{\"image_position\":\"center-center\",\"media_overlay_gradient\":\"\"},\"children\":[{\"type\":\"text\",\"props\":{\"margin\":\"default\",\"column_breakpoint\":\"m\",\"content\":\"\n\n<p>PROTON 5 jest pi\\u0105t\\u0105 generacj\\u0105 magnetometru firmy JW Fishers. Jest to najwy\\u017cszej klasy mikroprocesorowy morski system detekcji magnetometrycznej. Proton 5 jest ostatecznym detektorem cel\\u00f3w \\u017celaznych i stalowych. Jego maksymalny zasi\\u0119g wynosi 1.500 st\\u00f3p (450m) z ka\\u017cdej strony (3.000 st\\u00f3p ca\\u0142kowitego swath), co pozwala na szybkie i kompletne przeszukanie szerokiego obszaru. Mag jest r\\u00f3wnie\\u017c dobrym wyborem do lokalizowania r\\u00f3\\u017cnych mniejszych cel\\u00f3w, takich jak ruroci\\u0105gi, kotwice, \\u0142a\\u0144cuchy, armaty, g\\u0142owice pog\\u0142\\u0119biarek itp. Jest to szczeg\\u00f3lnie przydatne, gdy obiekty s\\u0105 zakopane w dnie i nie mo\\u017cna ich znale\\u017a\\u0107 za pomoc\\u0105 sonaru lub system\\u00f3w wyszukiwania wideo. Na zasi\\u0119g detekcji nie ma wp\\u0142ywu medium pomi\\u0119dzy magnetometrem a metalowym celem. Wydajno\\u015b\\u0107 nie zmienia si\\u0119 przy wykrywaniu w powietrzu, wodzie, mule, piasku czy litym koralowcu. Bardzo du\\u017cy obszar detekcji sprawia, \\u017ce magnetometr ten jest idealnym wyborem zar\\u00f3wno dla operacji komercyjnych jak i profesjonalnych \\u0142owc\\u00f3w wrak\\u00f3w.<\\\/p>\\n\n\n<p>Z czu\\u0142o\\u015bci\\u0105 jednego nanotesla (nT), posiada maksymaln\\u0105 czu\\u0142o\\u015b\\u0107 u\\u017cytkow\\u0105 dla holowanego protonowego magnetometru precesyjnego. Dwusekundowy czas cyklu daje silny sygna\\u0142 zwrotny i jest wystarczaj\\u0105co szybki, aby wykry\\u0107 nawet ma\\u0142e \\u017celazne\\\/stalowe cele. PROTON 5 wyposa\\u017cony jest w tr\\u00f3josiowy czujnik z redukcj\\u0105 szum\\u00f3w, kt\\u00f3ry umo\\u017cliwia holowanie dook\\u00f3lne bez b\\u0142\\u0119du kursu lub martwej strefy. System jest w pe\\u0142ni cyfrowy i wy\\u015bwietla bie\\u017c\\u0105cy 5-cyfrowy pomiar na \\u0142atwym do odczytania 6-calowym ekranie LCD, kt\\u00f3ry jest pod\\u015bwietlany do pracy w nocy. Do 80 poprzednich pomiar\\u00f3w jest r\\u00f3wnie\\u017c wy\\u015bwietlanych graficznie w postaci wykresu historii na ekranie LCD. Z opcjonalnym wysoko\\u015bciomierzem, wy\\u015bwietlana jest odleg\\u0142o\\u015b\\u0107 od dna holownika. Przyjazne dla u\\u017cytkownika menu pozwala na \\u0142atw\\u0105 konfiguracj\\u0119 wszystkich ustawie\\u0144 operacyjnych i dostrajanie systemu bezpo\\u015brednio z g\\u00f3rnej skrzynki kontrolnej. Regulowany alarm d\\u017awi\\u0119kowy pozwala operatorowi zdecydowa\\u0107, jak du\\u017ca zmiana w odczycie linii podstawowej spowoduje uruchomienie alarmu.<\\\/p>\\n\n\n<p>W przypadku ma\\u0142ych cel\\u00f3w zalecana jest pr\\u0119dko\\u015b\\u0107 holowania 2-3 w\\u0119z\\u0142\\u00f3w. Dzi\\u0119ki opcjonalnemu wysoko\\u015bciomierzowi UA-3, mo\\u017cna utrzyma\\u0107 precyzyjn\\u0105 odleg\\u0142o\\u015b\\u0107 od dna. W przypadku holowania na g\\u0142\\u0119bokiej wodzie, Fish jest holowany za opcjonalnym depresorem DDW-1 Deep Dive Wing. Sk\\u0142adany holownik PROTON 5 z \\u0142atwo\\u015bci\\u0105 mie\\u015bci si\\u0119 w wodoszczelnej walizce Pelican\\u00ae. Modu\\u0142owa konstrukcja umo\\u017cliwia \\u0142atw\\u0105 napraw\\u0119 w terenie, je\\u015bli kiedykolwiek b\\u0119dzie to konieczne.<\\\/p>\"}},{\"type\":\"video\",\"props\":{\"video_controls\":true,\"margin\":\"default\",\"video\":\"https:\\\/\\\/youtu.be\\\/9DNDlujo7J8\",\"text_align\":\"center\",\"maxwidth\":\"xlarge\",\"block_align\":\"center\"}},{\"type\":\"text\",\"props\":{\"margin\":\"default\",\"column_breakpoint\":\"m\",\"content\":\"\n\n<p>Podstawowy system zawiera 200-stopowy g\\u0142\\u0119boko\\u015bciomierz, 150 st\\u00f3p kabla holowniczego wzmocnionego kevlarem oraz skrzynk\\u0119 kontroln\\u0105. Opcjonalnie dost\\u0119pne jest wyj\\u015bcie danych USB oraz oprogramowanie Tracker 3, kt\\u00f3re umo\\u017cliwia wy\\u015bwietlanie odczytu mag na laptopie wraz ze wsp\\u00f3\\u0142rz\\u0119dnymi pozycji GPS. Pozycja celu jest wy\\u015bwietlana i rejestrowana na komputerze. Opcjonalny tablet Microsoft Surface \\u00ae mo\\u017ce by\\u0107 zamontowany w pokrywie skrzynki kontrolnej, eliminuj\\u0105c potrzeb\\u0119 stosowania oddzielnego komputera przeno\\u015bnego, dzi\\u0119ki czemu jest to pakiet uproszczony.<\\\/p>\\n\n\n<p>W pe\\u0142ni cyfrowy<br \\\/>Wy\\u015bwietla 5-cyfrowy pomiar na 6-calowym ekranie LCD<br \\\/>Przyjazne dla u\\u017cytkownika menu<br \\\/>Automatyczne dostrajanie<br \\\/>Towfish rozdziela si\\u0119 na dwie cz\\u0119\\u015bci, aby zmie\\u015bci\\u0107 si\\u0119 w walizce Pelican\\u00ae.<br \\\/>Silna detekcja \\u017celaza i stali<\\\/p>\"}},{\"type\":\"button\",\"props\":{\"grid_column_gap\":\"small\",\"grid_row_gap\":\"small\",\"margin\":\"default\",\"text_align\":\"center\"},\"children\":[{\"type\":\"button_item\",\"props\":{\"button_style\":\"default\",\"icon_align\":\"left\",\"content\":\"Karta katalogowa \",\"link\":\"wp-content\\\/uploads\\\/2021\\\/10\\\/http-__www.jwfishers.com_datasheets_P5_DS.pdf\"}}]}]}]}]}],\"version\":\"2.6.7\"} --><\/p>\n","protected":false},"excerpt":{"rendered":"<p>Magnetometr holowany JW FISHERS PROTON 5 PROTON 5 jest pi\u0105t\u0105 generacj\u0105 magnetometru firmy JW Fishers. Jest to najwy\u017cszej klasy mikroprocesorowy morski system detekcji magnetometrycznej. Proton 5 jest ostatecznym detektorem cel\u00f3w \u017celaznych i stalowych. Jego maksymalny zasi\u0119g wynosi 1.500 st\u00f3p (450m) z ka\u017cdej strony (3.000 st\u00f3p ca\u0142kowitego swath), co pozwala na szybkie i kompletne przeszukanie szerokiego [&hellip;]<\/p>\n","protected":false},"author":10,"featured_media":0,"parent":0,"menu_order":0,"comment_status":"closed","ping_status":"closed","template":"","meta":{"footnotes":""},"class_list":["post-10206","page","type-page","status-publish","hentry"],"yoast_head":"<!-- This site is optimized with the Yoast SEO plugin v27.5 - https:\/\/yoast.com\/product\/yoast-seo-wordpress\/ -->\n<title>Magnetometr holowany JW FISHERS PROTON 5 - ESCORT TECHNOLOGY<\/title>\n<meta name=\"robots\" content=\"index, follow, max-snippet:-1, max-image-preview:large, max-video-preview:-1\" \/>\n<link rel=\"canonical\" href=\"https:\/\/escort-technology.com\/pl\/magnetometr-holowany-jw-fishers-proton-5\/\" \/>\n<meta property=\"og:locale\" content=\"pl_PL\" \/>\n<meta property=\"og:type\" content=\"article\" \/>\n<meta property=\"og:title\" content=\"Magnetometr holowany JW FISHERS PROTON 5 - ESCORT TECHNOLOGY\" \/>\n<meta property=\"og:description\" content=\"Magnetometr holowany JW FISHERS PROTON 5 PROTON 5 jest pi\u0105t\u0105 generacj\u0105 magnetometru firmy JW Fishers. Jest to najwy\u017cszej klasy mikroprocesorowy morski system detekcji magnetometrycznej. Proton 5 jest ostatecznym detektorem cel\u00f3w \u017celaznych i stalowych. Jego maksymalny zasi\u0119g wynosi 1.500 st\u00f3p (450m) z ka\u017cdej strony (3.000 st\u00f3p ca\u0142kowitego swath), co pozwala na szybkie i kompletne przeszukanie szerokiego [&hellip;]\" \/>\n<meta property=\"og:url\" content=\"https:\/\/escort-technology.com\/pl\/magnetometr-holowany-jw-fishers-proton-5\/\" \/>\n<meta property=\"og:site_name\" content=\"ESCORT TECHNOLOGY\" \/>\n<meta property=\"article:publisher\" content=\"https:\/\/www.facebook.com\/elektronika.morska\/\" \/>\n<meta property=\"article:modified_time\" content=\"2021-10-26T11:50:03+00:00\" \/>\n<meta property=\"og:image\" content=\"https:\/\/escort-technology.com\/wp-content\/uploads\/2021\/10\/proton5-scaled.jpg\" \/>\n<meta name=\"twitter:card\" content=\"summary_large_image\" \/>\n<meta name=\"twitter:label1\" content=\"Szacowany czas czytania\" \/>\n\t<meta name=\"twitter:data1\" content=\"3 minuty\" \/>\n<script type=\"application\/ld+json\" class=\"yoast-schema-graph\">{\"@context\":\"https:\\\/\\\/schema.org\",\"@graph\":[{\"@type\":\"WebPage\",\"@id\":\"https:\\\/\\\/escort-technology.com\\\/pl\\\/magnetometr-holowany-jw-fishers-proton-5\\\/\",\"url\":\"https:\\\/\\\/escort-technology.com\\\/pl\\\/magnetometr-holowany-jw-fishers-proton-5\\\/\",\"name\":\"Magnetometr holowany JW FISHERS PROTON 5 - ESCORT TECHNOLOGY\",\"isPartOf\":{\"@id\":\"http:\\\/\\\/escort-technology.com\\\/de\\\/#website\"},\"datePublished\":\"2021-10-26T11:35:08+00:00\",\"dateModified\":\"2021-10-26T11:50:03+00:00\",\"breadcrumb\":{\"@id\":\"https:\\\/\\\/escort-technology.com\\\/pl\\\/magnetometr-holowany-jw-fishers-proton-5\\\/#breadcrumb\"},\"inLanguage\":\"pl-PL\",\"potentialAction\":[{\"@type\":\"ReadAction\",\"target\":[\"https:\\\/\\\/escort-technology.com\\\/pl\\\/magnetometr-holowany-jw-fishers-proton-5\\\/\"]}]},{\"@type\":\"BreadcrumbList\",\"@id\":\"https:\\\/\\\/escort-technology.com\\\/pl\\\/magnetometr-holowany-jw-fishers-proton-5\\\/#breadcrumb\",\"itemListElement\":[{\"@type\":\"ListItem\",\"position\":1,\"name\":\"Strona g\u0142\u00f3wna\",\"item\":\"https:\\\/\\\/escort-technology.com\\\/\"},{\"@type\":\"ListItem\",\"position\":2,\"name\":\"Magnetometr holowany JW FISHERS PROTON 5\"}]},{\"@type\":\"WebSite\",\"@id\":\"http:\\\/\\\/escort-technology.com\\\/de\\\/#website\",\"url\":\"http:\\\/\\\/escort-technology.com\\\/de\\\/\",\"name\":\"ESCORT TECHNOLOGY\",\"description\":\"Elektronika morska i l\u0105dowa\",\"publisher\":{\"@id\":\"http:\\\/\\\/escort-technology.com\\\/de\\\/#organization\"},\"potentialAction\":[{\"@type\":\"SearchAction\",\"target\":{\"@type\":\"EntryPoint\",\"urlTemplate\":\"http:\\\/\\\/escort-technology.com\\\/de\\\/?s={search_term_string}\"},\"query-input\":{\"@type\":\"PropertyValueSpecification\",\"valueRequired\":true,\"valueName\":\"search_term_string\"}}],\"inLanguage\":\"pl-PL\"},{\"@type\":\"Organization\",\"@id\":\"http:\\\/\\\/escort-technology.com\\\/de\\\/#organization\",\"name\":\"ESCORT TECHNOLOGY\",\"url\":\"http:\\\/\\\/escort-technology.com\\\/de\\\/\",\"logo\":{\"@type\":\"ImageObject\",\"inLanguage\":\"pl-PL\",\"@id\":\"http:\\\/\\\/escort-technology.com\\\/de\\\/#\\\/schema\\\/logo\\\/image\\\/\",\"url\":\"https:\\\/\\\/escort-technology.com\\\/wp-content\\\/uploads\\\/logo-1.jpg\",\"contentUrl\":\"https:\\\/\\\/escort-technology.com\\\/wp-content\\\/uploads\\\/logo-1.jpg\",\"width\":600,\"height\":165,\"caption\":\"ESCORT TECHNOLOGY\"},\"image\":{\"@id\":\"http:\\\/\\\/escort-technology.com\\\/de\\\/#\\\/schema\\\/logo\\\/image\\\/\"},\"sameAs\":[\"https:\\\/\\\/www.facebook.com\\\/elektronika.morska\\\/\",\"https:\\\/\\\/www.linkedin.com\\\/company\\\/escort-sp-z-o-o-\\\/\"]}]}<\/script>\n<!-- \/ Yoast SEO plugin. -->","yoast_head_json":{"title":"Magnetometr holowany JW FISHERS PROTON 5 - ESCORT TECHNOLOGY","robots":{"index":"index","follow":"follow","max-snippet":"max-snippet:-1","max-image-preview":"max-image-preview:large","max-video-preview":"max-video-preview:-1"},"canonical":"https:\/\/escort-technology.com\/pl\/magnetometr-holowany-jw-fishers-proton-5\/","og_locale":"pl_PL","og_type":"article","og_title":"Magnetometr holowany JW FISHERS PROTON 5 - ESCORT TECHNOLOGY","og_description":"Magnetometr holowany JW FISHERS PROTON 5 PROTON 5 jest pi\u0105t\u0105 generacj\u0105 magnetometru firmy JW Fishers. Jest to najwy\u017cszej klasy mikroprocesorowy morski system detekcji magnetometrycznej. Proton 5 jest ostatecznym detektorem cel\u00f3w \u017celaznych i stalowych. Jego maksymalny zasi\u0119g wynosi 1.500 st\u00f3p (450m) z ka\u017cdej strony (3.000 st\u00f3p ca\u0142kowitego swath), co pozwala na szybkie i kompletne przeszukanie szerokiego [&hellip;]","og_url":"https:\/\/escort-technology.com\/pl\/magnetometr-holowany-jw-fishers-proton-5\/","og_site_name":"ESCORT TECHNOLOGY","article_publisher":"https:\/\/www.facebook.com\/elektronika.morska\/","article_modified_time":"2021-10-26T11:50:03+00:00","og_image":[{"url":"https:\/\/escort-technology.com\/wp-content\/uploads\/2021\/10\/proton5-scaled.jpg","type":"","width":"","height":""}],"twitter_card":"summary_large_image","twitter_misc":{"Szacowany czas czytania":"3 minuty"},"schema":{"@context":"https:\/\/schema.org","@graph":[{"@type":"WebPage","@id":"https:\/\/escort-technology.com\/pl\/magnetometr-holowany-jw-fishers-proton-5\/","url":"https:\/\/escort-technology.com\/pl\/magnetometr-holowany-jw-fishers-proton-5\/","name":"Magnetometr holowany JW FISHERS PROTON 5 - ESCORT TECHNOLOGY","isPartOf":{"@id":"http:\/\/escort-technology.com\/de\/#website"},"datePublished":"2021-10-26T11:35:08+00:00","dateModified":"2021-10-26T11:50:03+00:00","breadcrumb":{"@id":"https:\/\/escort-technology.com\/pl\/magnetometr-holowany-jw-fishers-proton-5\/#breadcrumb"},"inLanguage":"pl-PL","potentialAction":[{"@type":"ReadAction","target":["https:\/\/escort-technology.com\/pl\/magnetometr-holowany-jw-fishers-proton-5\/"]}]},{"@type":"BreadcrumbList","@id":"https:\/\/escort-technology.com\/pl\/magnetometr-holowany-jw-fishers-proton-5\/#breadcrumb","itemListElement":[{"@type":"ListItem","position":1,"name":"Strona g\u0142\u00f3wna","item":"https:\/\/escort-technology.com\/"},{"@type":"ListItem","position":2,"name":"Magnetometr holowany JW FISHERS PROTON 5"}]},{"@type":"WebSite","@id":"http:\/\/escort-technology.com\/de\/#website","url":"http:\/\/escort-technology.com\/de\/","name":"ESCORT TECHNOLOGY","description":"Elektronika morska i l\u0105dowa","publisher":{"@id":"http:\/\/escort-technology.com\/de\/#organization"},"potentialAction":[{"@type":"SearchAction","target":{"@type":"EntryPoint","urlTemplate":"http:\/\/escort-technology.com\/de\/?s={search_term_string}"},"query-input":{"@type":"PropertyValueSpecification","valueRequired":true,"valueName":"search_term_string"}}],"inLanguage":"pl-PL"},{"@type":"Organization","@id":"http:\/\/escort-technology.com\/de\/#organization","name":"ESCORT TECHNOLOGY","url":"http:\/\/escort-technology.com\/de\/","logo":{"@type":"ImageObject","inLanguage":"pl-PL","@id":"http:\/\/escort-technology.com\/de\/#\/schema\/logo\/image\/","url":"https:\/\/escort-technology.com\/wp-content\/uploads\/logo-1.jpg","contentUrl":"https:\/\/escort-technology.com\/wp-content\/uploads\/logo-1.jpg","width":600,"height":165,"caption":"ESCORT TECHNOLOGY"},"image":{"@id":"http:\/\/escort-technology.com\/de\/#\/schema\/logo\/image\/"},"sameAs":["https:\/\/www.facebook.com\/elektronika.morska\/","https:\/\/www.linkedin.com\/company\/escort-sp-z-o-o-\/"]}]}},"_links":{"self":[{"href":"https:\/\/escort-technology.com\/pl\/wp-json\/wp\/v2\/pages\/10206","targetHints":{"allow":["GET"]}}],"collection":[{"href":"https:\/\/escort-technology.com\/pl\/wp-json\/wp\/v2\/pages"}],"about":[{"href":"https:\/\/escort-technology.com\/pl\/wp-json\/wp\/v2\/types\/page"}],"author":[{"embeddable":true,"href":"https:\/\/escort-technology.com\/pl\/wp-json\/wp\/v2\/users\/10"}],"replies":[{"embeddable":true,"href":"https:\/\/escort-technology.com\/pl\/wp-json\/wp\/v2\/comments?post=10206"}],"version-history":[{"count":17,"href":"https:\/\/escort-technology.com\/pl\/wp-json\/wp\/v2\/pages\/10206\/revisions"}],"predecessor-version":[{"id":10230,"href":"https:\/\/escort-technology.com\/pl\/wp-json\/wp\/v2\/pages\/10206\/revisions\/10230"}],"wp:attachment":[{"href":"https:\/\/escort-technology.com\/pl\/wp-json\/wp\/v2\/media?parent=10206"}],"curies":[{"name":"wp","href":"https:\/\/api.w.org\/{rel}","templated":true}]}}