{"id":10261,"date":"2021-10-27T09:01:46","date_gmt":"2021-10-27T07:01:46","guid":{"rendered":"https:\/\/escort-technology.com\/?page_id=10261"},"modified":"2021-10-27T09:15:42","modified_gmt":"2021-10-27T07:15:42","slug":"magnetometr-holowany-jw-fishers-proton-12","status":"publish","type":"page","link":"https:\/\/escort-technology.com\/pl\/magnetometr-holowany-jw-fishers-proton-12\/","title":{"rendered":"Magnetometr holowany JW FISHERS PROTON 12"},"content":{"rendered":"<h1>\n<h1 class=\"uk-article-title\">Magnetometr holowany JW FISHERS PROTON 12<\/h1>\n<\/h1>\n<hr>\n<p><img decoding=\"async\" src=\"\/wp-content\/uploads\/2021\/10\/p12glowHR.jpg\" alt=\"\"><\/p>\n<div>\n<p>Najmocniejszy holowany wykrywacz metali firmy Fisher do wykrywania metali \u017celaznych i nie\u017celaznych.<\/p>\n<p>Dzi\u0119ki szeroko\u015bci 24 st\u00f3p i g\u0142\u0119boko\u015bci 16 st\u00f3p wykrywacz ten zlokalizuje wiele r\u00f3\u017cnych cel\u00f3w, w tym aluminiowe \u0142odzie, mosi\u0119\u017cne \u015bruby nap\u0119dowe, silniki zaburtowe, stalowe kotwice, armaty z br\u0105zu i sztabki z\u0142ota. Jedn\u0105 z kluczowych cech tego wykrywacza jest jednostka steruj\u0105ca, kt\u00f3ra mo\u017ce przyjmowa\u0107 sygna\u0142y wej\u015bciowe z 3 cewek poszukiwawczych. U\u017cycie trzech cewek zamiast jednej pozwala ekipie poszukiwawczej obj\u0105\u0107 trzykrotnie wi\u0119kszy obszar przy takim samym nak\u0142adzie czasu, paliwa i si\u0142y roboczej.<\/p>\n<p>Cech\u0105 charakterystyczn\u0105 tego impulsowego indukcyjnego wykrywacza metali jest jego zdolno\u015b\u0107 do ignorowania minera\u0142\u00f3w w otoczeniu przy jednoczesnym zachowaniu wysokiej czu\u0142o\u015bci na wszystkie metalowe cele. Na dzia\u0142anie Pulse 12 nie ma wp\u0142ywu silnie zmineralizowana s\u0142ona woda, koralowce, ska\u0142y o wysokiej zawarto\u015bci \u017celaza lub magnetyczny (czarny) piasek, kt\u00f3re powoduj\u0105 b\u0142\u0119dne odczyty w konwencjonalnych detektorach. Na zasi\u0119g detekcji nie ma r\u00f3wnie\u017c wp\u0142ywu medium znajduj\u0105ce si\u0119 pomi\u0119dzy detektorem a celem. Wydajno\u015b\u0107 nie zmienia si\u0119 w przypadku wykrywania w powietrzu, wodzie, mule, piasku lub litym koralu. Rzeczywisty zasi\u0119g detekcji podano w arkuszu danych technicznych.<\/p>\n<p>System Pulse 12 zawiera cewk\u0119 poszukiwawcz\u0105 o wymiarach 24 na 36 cali z kablem o d\u0142ugo\u015bci 150 st\u00f3p, ryb\u0119 holownicz\u0105 i jednostk\u0119 steruj\u0105c\u0105 umieszczon\u0105 na g\u00f3rze. Jednostka steruj\u0105ca posiada trzy zestawy przycisk\u00f3w steruj\u0105cych, kt\u00f3re umo\u017cliwiaj\u0105 jednoczesne holowanie do trzech cewek. Zar\u00f3wno mierniki, jak i odczyty d\u017awi\u0119kowe wskazuj\u0105 wykrycie celu z ka\u017cdej cewki z osobna. Opcje obejmuj\u0105 kable o d\u0142ugo\u015bci do 500 st\u00f3p, wysoko\u015bciomierz UA-2, interfejs wyj\u015bciowy danych USB, oprogramowanie Tracker oraz skrzyd\u0142o do nurkowania g\u0142\u0119bokiego DDW-1. Wyj\u015bcie danych USB umo\u017cliwia wy\u015bwietlanie i przechowywanie na komputerze danych odczytu Pulsu 12 wraz ze wsp\u00f3\u0142rz\u0119dnymi pozycji GPS. System jest zasilany przez dwie baterie 12 V o \u0142\u0105cznym poborze mocy zaledwie 12 W.<\/p>\n<p>Opcjonalny tablet Microsoft Surface\u00ae mo\u017ce by\u0107 zamontowany w pokrywie skrzynki kontrolnej, eliminuj\u0105c potrzeb\u0119 stosowania oddzielnego komputera przeno\u015bnego, co sprawia, \u017ce jest to &#8222;bardziej elegancki&#8221; pakiet.<\/p>\n<p>Opcjonalne oprogramowanie Tracker 3 pokazuje \u015bcie\u017ck\u0119 \u0142odzi podczas przemieszczania si\u0119 nad obszarem poszukiwa\u0144 wraz z prezentacj\u0105 odczyt\u00f3w Pulsu 12 i pozycj\u0105 GPS powi\u0105zan\u0105 z ka\u017cdym odczytem. Gdy cel zostanie wykryty, odczyty i wsp\u00f3\u0142rz\u0119dne zmieniaj\u0105 kolor, dzi\u0119ki czemu operator mo\u017ce szybko zorientowa\u0107 si\u0119, kiedy i gdzie cel zosta\u0142 wykryty. W lewej dolnej cz\u0119\u015bci ekranu znajduje si\u0119 graficzna reprezentacja ostatnich 1 minut do 1 godzin odczyt\u00f3w Pulsu 12. Gdy cel zostanie wykryty, linia podnosi si\u0119 na wykresie. Opr\u00f3cz danych z Pulsu 12 i GPS, inne wy\u015bwietlane informacje to pr\u0119dko\u015b\u0107 \u0142odzi, kurs kompasu i ustawienia alarmu. Na ekranie mo\u017ce by\u0107 wy\u015bwietlanych obraz do 3 urz\u0105dze\u0144.<\/p>\n<p>Mapa Trackera mo\u017ce zosta\u0107 wyeksportowana jako obraz wraz z plikiem KML, co umo\u017cliwia \u0142atwe nak\u0142adanie jej na inne programy do tworzenia map. Wszystkie dane mog\u0105 by\u0107 przechowywane na twardym dysku komputera lub na dysku twardym.<\/p>\n<\/div>\n<p><iframe src=\"https:\/\/youtu.be\/GvDuKOqf_cs\"><\/iframe><\/p>\n<p>\n    <a href=\"\/wp-content\/uploads\/2021\/10\/http-__www.jwfishers.com_datasheets_P12_DS.pdf\">Karta katalogowa <\/a>\n<\/p>\n<p><!--more--><br \/>\n<!-- {\"type\":\"layout\",\"children\":[{\"type\":\"section\",\"props\":{\"style\":\"default\",\"width\":\"default\",\"vertical_align\":\"middle\",\"title_position\":\"top-left\",\"title_rotation\":\"left\",\"title_breakpoint\":\"xl\",\"image_position\":\"center-center\"},\"children\":[{\"type\":\"row\",\"children\":[{\"type\":\"column\",\"props\":{\"image_position\":\"center-center\",\"media_overlay_gradient\":\"\"},\"children\":[{\"type\":\"headline\",\"props\":{\"title_element\":\"h1\",\"content\":\"\n\n<h1 class=\\\"uk-article-title\\\">Magnetometr holowany JW FISHERS PROTON 12<\\\/h1>\"}},{\"type\":\"divider\",\"props\":{\"divider_element\":\"hr\"}},{\"type\":\"image\",\"props\":{\"margin\":\"default\",\"image_svg_color\":\"emphasis\",\"text_align\":\"center\",\"image\":\"wp-content\\\/uploads\\\/2021\\\/10\\\/p12glowHR.jpg\"}},{\"type\":\"text\",\"props\":{\"margin\":\"default\",\"column_breakpoint\":\"m\",\"content\":\"\n\n<p>Najmocniejszy holowany wykrywacz metali firmy Fisher do wykrywania metali \\u017celaznych i nie\\u017celaznych.<\\\/p>\\n\n\n<p>Dzi\\u0119ki szeroko\\u015bci 24 st\\u00f3p i g\\u0142\\u0119boko\\u015bci 16 st\\u00f3p wykrywacz ten zlokalizuje wiele r\\u00f3\\u017cnych cel\\u00f3w, w tym aluminiowe \\u0142odzie, mosi\\u0119\\u017cne \\u015bruby nap\\u0119dowe, silniki zaburtowe, stalowe kotwice, armaty z br\\u0105zu i sztabki z\\u0142ota. Jedn\\u0105 z kluczowych cech tego wykrywacza jest jednostka steruj\\u0105ca, kt\\u00f3ra mo\\u017ce przyjmowa\\u0107 sygna\\u0142y wej\\u015bciowe z 3 cewek poszukiwawczych. U\\u017cycie trzech cewek zamiast jednej pozwala ekipie poszukiwawczej obj\\u0105\\u0107 trzykrotnie wi\\u0119kszy obszar przy takim samym nak\\u0142adzie czasu, paliwa i si\\u0142y roboczej.<\\\/p>\\n\n\n<p>Cech\\u0105 charakterystyczn\\u0105 tego impulsowego indukcyjnego wykrywacza metali jest jego zdolno\\u015b\\u0107 do ignorowania minera\\u0142\\u00f3w w otoczeniu przy jednoczesnym zachowaniu wysokiej czu\\u0142o\\u015bci na wszystkie metalowe cele. Na dzia\\u0142anie Pulse 12 nie ma wp\\u0142ywu silnie zmineralizowana s\\u0142ona woda, koralowce, ska\\u0142y o wysokiej zawarto\\u015bci \\u017celaza lub magnetyczny (czarny) piasek, kt\\u00f3re powoduj\\u0105 b\\u0142\\u0119dne odczyty w konwencjonalnych detektorach. Na zasi\\u0119g detekcji nie ma r\\u00f3wnie\\u017c wp\\u0142ywu medium znajduj\\u0105ce si\\u0119 pomi\\u0119dzy detektorem a celem. Wydajno\\u015b\\u0107 nie zmienia si\\u0119 w przypadku wykrywania w powietrzu, wodzie, mule, piasku lub litym koralu. Rzeczywisty zasi\\u0119g detekcji podano w arkuszu danych technicznych.<\\\/p>\\n\n\n<p>System Pulse 12 zawiera cewk\\u0119 poszukiwawcz\\u0105 o wymiarach 24 na 36 cali z kablem o d\\u0142ugo\\u015bci 150 st\\u00f3p, ryb\\u0119 holownicz\\u0105 i jednostk\\u0119 steruj\\u0105c\\u0105 umieszczon\\u0105 na g\\u00f3rze. Jednostka steruj\\u0105ca posiada trzy zestawy przycisk\\u00f3w steruj\\u0105cych, kt\\u00f3re umo\\u017cliwiaj\\u0105 jednoczesne holowanie do trzech cewek. Zar\\u00f3wno mierniki, jak i odczyty d\\u017awi\\u0119kowe wskazuj\\u0105 wykrycie celu z ka\\u017cdej cewki z osobna. Opcje obejmuj\\u0105 kable o d\\u0142ugo\\u015bci do 500 st\\u00f3p, wysoko\\u015bciomierz UA-2, interfejs wyj\\u015bciowy danych USB, oprogramowanie Tracker oraz skrzyd\\u0142o do nurkowania g\\u0142\\u0119bokiego DDW-1. Wyj\\u015bcie danych USB umo\\u017cliwia wy\\u015bwietlanie i przechowywanie na komputerze danych odczytu Pulsu 12 wraz ze wsp\\u00f3\\u0142rz\\u0119dnymi pozycji GPS. System jest zasilany przez dwie baterie 12 V o \\u0142\\u0105cznym poborze mocy zaledwie 12 W.<\\\/p>\\n\n\n<p>Opcjonalny tablet Microsoft Surface\\u00ae mo\\u017ce by\\u0107 zamontowany w pokrywie skrzynki kontrolnej, eliminuj\\u0105c potrzeb\\u0119 stosowania oddzielnego komputera przeno\\u015bnego, co sprawia, \\u017ce jest to \\\"bardziej elegancki\\\" pakiet.<\\\/p>\\n\n\n<p>Opcjonalne oprogramowanie Tracker 3 pokazuje \\u015bcie\\u017ck\\u0119 \\u0142odzi podczas przemieszczania si\\u0119 nad obszarem poszukiwa\\u0144 wraz z prezentacj\\u0105 odczyt\\u00f3w Pulsu 12 i pozycj\\u0105 GPS powi\\u0105zan\\u0105 z ka\\u017cdym odczytem. Gdy cel zostanie wykryty, odczyty i wsp\\u00f3\\u0142rz\\u0119dne zmieniaj\\u0105 kolor, dzi\\u0119ki czemu operator mo\\u017ce szybko zorientowa\\u0107 si\\u0119, kiedy i gdzie cel zosta\\u0142 wykryty. W lewej dolnej cz\\u0119\\u015bci ekranu znajduje si\\u0119 graficzna reprezentacja ostatnich 1 minut do 1 godzin odczyt\\u00f3w Pulsu 12. Gdy cel zostanie wykryty, linia podnosi si\\u0119 na wykresie. Opr\\u00f3cz danych z Pulsu 12 i GPS, inne wy\\u015bwietlane informacje to pr\\u0119dko\\u015b\\u0107 \\u0142odzi, kurs kompasu i ustawienia alarmu. Na ekranie mo\\u017ce by\\u0107 wy\\u015bwietlanych obraz do 3 urz\\u0105dze\\u0144.<\\\/p>\\n\n\n<p>Mapa Trackera mo\\u017ce zosta\\u0107 wyeksportowana jako obraz wraz z plikiem KML, co umo\\u017cliwia \\u0142atwe nak\\u0142adanie jej na inne programy do tworzenia map. Wszystkie dane mog\\u0105 by\\u0107 przechowywane na twardym dysku komputera lub na dysku twardym.<\\\/p>\"}},{\"type\":\"video\",\"props\":{\"video_controls\":true,\"margin\":\"default\",\"text_align\":\"center\",\"video\":\"https:\\\/\\\/youtu.be\\\/GvDuKOqf_cs\",\"video_height\":\"400\"}},{\"type\":\"button\",\"props\":{\"grid_column_gap\":\"small\",\"grid_row_gap\":\"small\",\"margin\":\"default\",\"text_align\":\"center\"},\"children\":[{\"type\":\"button_item\",\"props\":{\"button_style\":\"default\",\"icon_align\":\"left\",\"content\":\"Karta katalogowa \",\"link\":\"wp-content\\\/uploads\\\/2021\\\/10\\\/http-__www.jwfishers.com_datasheets_P12_DS.pdf\"}}]}]}]}]}],\"version\":\"2.6.7\"} --><\/p>\n","protected":false},"excerpt":{"rendered":"<p>Magnetometr holowany JW FISHERS PROTON 12 Najmocniejszy holowany wykrywacz metali firmy Fisher do wykrywania metali \u017celaznych i nie\u017celaznych. Dzi\u0119ki szeroko\u015bci 24 st\u00f3p i g\u0142\u0119boko\u015bci 16 st\u00f3p wykrywacz ten zlokalizuje wiele r\u00f3\u017cnych cel\u00f3w, w tym aluminiowe \u0142odzie, mosi\u0119\u017cne \u015bruby nap\u0119dowe, silniki zaburtowe, stalowe kotwice, armaty z br\u0105zu i sztabki z\u0142ota. Jedn\u0105 z kluczowych cech tego wykrywacza [&hellip;]<\/p>\n","protected":false},"author":10,"featured_media":0,"parent":0,"menu_order":0,"comment_status":"closed","ping_status":"closed","template":"","meta":{"footnotes":""},"class_list":["post-10261","page","type-page","status-publish","hentry"],"yoast_head":"<!-- This site is optimized with the Yoast SEO plugin v27.6 - https:\/\/yoast.com\/product\/yoast-seo-wordpress\/ -->\n<title>Magnetometr holowany JW FISHERS PROTON 12 - ESCORT TECHNOLOGY<\/title>\n<meta name=\"robots\" content=\"index, follow, max-snippet:-1, max-image-preview:large, max-video-preview:-1\" \/>\n<link rel=\"canonical\" href=\"https:\/\/escort-technology.com\/pl\/magnetometr-holowany-jw-fishers-proton-12\/\" \/>\n<meta property=\"og:locale\" content=\"pl_PL\" \/>\n<meta property=\"og:type\" content=\"article\" \/>\n<meta property=\"og:title\" content=\"Magnetometr holowany JW FISHERS PROTON 12 - ESCORT TECHNOLOGY\" \/>\n<meta property=\"og:description\" content=\"Magnetometr holowany JW FISHERS PROTON 12 Najmocniejszy holowany wykrywacz metali firmy Fisher do wykrywania metali \u017celaznych i nie\u017celaznych. Dzi\u0119ki szeroko\u015bci 24 st\u00f3p i g\u0142\u0119boko\u015bci 16 st\u00f3p wykrywacz ten zlokalizuje wiele r\u00f3\u017cnych cel\u00f3w, w tym aluminiowe \u0142odzie, mosi\u0119\u017cne \u015bruby nap\u0119dowe, silniki zaburtowe, stalowe kotwice, armaty z br\u0105zu i sztabki z\u0142ota. Jedn\u0105 z kluczowych cech tego wykrywacza [&hellip;]\" \/>\n<meta property=\"og:url\" content=\"https:\/\/escort-technology.com\/pl\/magnetometr-holowany-jw-fishers-proton-12\/\" \/>\n<meta property=\"og:site_name\" content=\"ESCORT TECHNOLOGY\" \/>\n<meta property=\"article:publisher\" content=\"https:\/\/www.facebook.com\/elektronika.morska\/\" \/>\n<meta property=\"article:modified_time\" content=\"2021-10-27T07:15:42+00:00\" \/>\n<meta property=\"og:image\" content=\"https:\/\/escort-technology.com\/wp-content\/uploads\/2021\/10\/p12glowHR.jpg\" \/>\n<meta name=\"twitter:card\" content=\"summary_large_image\" \/>\n<meta name=\"twitter:label1\" content=\"Szacowany czas czytania\" \/>\n\t<meta name=\"twitter:data1\" content=\"3 minuty\" \/>\n<script type=\"application\/ld+json\" class=\"yoast-schema-graph\">{\"@context\":\"https:\\\/\\\/schema.org\",\"@graph\":[{\"@type\":\"WebPage\",\"@id\":\"https:\\\/\\\/escort-technology.com\\\/en\\\/magnetometr-holowany-jw-fishers-proton-12\\\/\",\"url\":\"https:\\\/\\\/escort-technology.com\\\/en\\\/magnetometr-holowany-jw-fishers-proton-12\\\/\",\"name\":\"Magnetometr holowany JW FISHERS PROTON 12 - ESCORT TECHNOLOGY\",\"isPartOf\":{\"@id\":\"http:\\\/\\\/escort-technology.com\\\/de\\\/#website\"},\"datePublished\":\"2021-10-27T07:01:46+00:00\",\"dateModified\":\"2021-10-27T07:15:42+00:00\",\"breadcrumb\":{\"@id\":\"https:\\\/\\\/escort-technology.com\\\/en\\\/magnetometr-holowany-jw-fishers-proton-12\\\/#breadcrumb\"},\"inLanguage\":\"pl-PL\",\"potentialAction\":[{\"@type\":\"ReadAction\",\"target\":[\"https:\\\/\\\/escort-technology.com\\\/en\\\/magnetometr-holowany-jw-fishers-proton-12\\\/\"]}]},{\"@type\":\"BreadcrumbList\",\"@id\":\"https:\\\/\\\/escort-technology.com\\\/en\\\/magnetometr-holowany-jw-fishers-proton-12\\\/#breadcrumb\",\"itemListElement\":[{\"@type\":\"ListItem\",\"position\":1,\"name\":\"Strona g\u0142\u00f3wna\",\"item\":\"https:\\\/\\\/escort-technology.com\\\/\"},{\"@type\":\"ListItem\",\"position\":2,\"name\":\"Magnetometr holowany JW FISHERS PROTON 12\"}]},{\"@type\":\"WebSite\",\"@id\":\"http:\\\/\\\/escort-technology.com\\\/de\\\/#website\",\"url\":\"http:\\\/\\\/escort-technology.com\\\/de\\\/\",\"name\":\"ESCORT TECHNOLOGY\",\"description\":\"Elektronika morska i l\u0105dowa\",\"publisher\":{\"@id\":\"http:\\\/\\\/escort-technology.com\\\/de\\\/#organization\"},\"potentialAction\":[{\"@type\":\"SearchAction\",\"target\":{\"@type\":\"EntryPoint\",\"urlTemplate\":\"http:\\\/\\\/escort-technology.com\\\/de\\\/?s={search_term_string}\"},\"query-input\":{\"@type\":\"PropertyValueSpecification\",\"valueRequired\":true,\"valueName\":\"search_term_string\"}}],\"inLanguage\":\"pl-PL\"},{\"@type\":\"Organization\",\"@id\":\"http:\\\/\\\/escort-technology.com\\\/de\\\/#organization\",\"name\":\"ESCORT TECHNOLOGY\",\"url\":\"http:\\\/\\\/escort-technology.com\\\/de\\\/\",\"logo\":{\"@type\":\"ImageObject\",\"inLanguage\":\"pl-PL\",\"@id\":\"http:\\\/\\\/escort-technology.com\\\/de\\\/#\\\/schema\\\/logo\\\/image\\\/\",\"url\":\"https:\\\/\\\/escort-technology.com\\\/wp-content\\\/uploads\\\/logo-1.jpg\",\"contentUrl\":\"https:\\\/\\\/escort-technology.com\\\/wp-content\\\/uploads\\\/logo-1.jpg\",\"width\":600,\"height\":165,\"caption\":\"ESCORT TECHNOLOGY\"},\"image\":{\"@id\":\"http:\\\/\\\/escort-technology.com\\\/de\\\/#\\\/schema\\\/logo\\\/image\\\/\"},\"sameAs\":[\"https:\\\/\\\/www.facebook.com\\\/elektronika.morska\\\/\",\"https:\\\/\\\/www.linkedin.com\\\/company\\\/escort-sp-z-o-o-\\\/\"]}]}<\/script>\n<!-- \/ Yoast SEO plugin. -->","yoast_head_json":{"title":"Magnetometr holowany JW FISHERS PROTON 12 - ESCORT TECHNOLOGY","robots":{"index":"index","follow":"follow","max-snippet":"max-snippet:-1","max-image-preview":"max-image-preview:large","max-video-preview":"max-video-preview:-1"},"canonical":"https:\/\/escort-technology.com\/pl\/magnetometr-holowany-jw-fishers-proton-12\/","og_locale":"pl_PL","og_type":"article","og_title":"Magnetometr holowany JW FISHERS PROTON 12 - ESCORT TECHNOLOGY","og_description":"Magnetometr holowany JW FISHERS PROTON 12 Najmocniejszy holowany wykrywacz metali firmy Fisher do wykrywania metali \u017celaznych i nie\u017celaznych. Dzi\u0119ki szeroko\u015bci 24 st\u00f3p i g\u0142\u0119boko\u015bci 16 st\u00f3p wykrywacz ten zlokalizuje wiele r\u00f3\u017cnych cel\u00f3w, w tym aluminiowe \u0142odzie, mosi\u0119\u017cne \u015bruby nap\u0119dowe, silniki zaburtowe, stalowe kotwice, armaty z br\u0105zu i sztabki z\u0142ota. Jedn\u0105 z kluczowych cech tego wykrywacza [&hellip;]","og_url":"https:\/\/escort-technology.com\/pl\/magnetometr-holowany-jw-fishers-proton-12\/","og_site_name":"ESCORT TECHNOLOGY","article_publisher":"https:\/\/www.facebook.com\/elektronika.morska\/","article_modified_time":"2021-10-27T07:15:42+00:00","og_image":[{"url":"https:\/\/escort-technology.com\/wp-content\/uploads\/2021\/10\/p12glowHR.jpg","type":"","width":"","height":""}],"twitter_card":"summary_large_image","twitter_misc":{"Szacowany czas czytania":"3 minuty"},"schema":{"@context":"https:\/\/schema.org","@graph":[{"@type":"WebPage","@id":"https:\/\/escort-technology.com\/en\/magnetometr-holowany-jw-fishers-proton-12\/","url":"https:\/\/escort-technology.com\/en\/magnetometr-holowany-jw-fishers-proton-12\/","name":"Magnetometr holowany JW FISHERS PROTON 12 - ESCORT TECHNOLOGY","isPartOf":{"@id":"http:\/\/escort-technology.com\/de\/#website"},"datePublished":"2021-10-27T07:01:46+00:00","dateModified":"2021-10-27T07:15:42+00:00","breadcrumb":{"@id":"https:\/\/escort-technology.com\/en\/magnetometr-holowany-jw-fishers-proton-12\/#breadcrumb"},"inLanguage":"pl-PL","potentialAction":[{"@type":"ReadAction","target":["https:\/\/escort-technology.com\/en\/magnetometr-holowany-jw-fishers-proton-12\/"]}]},{"@type":"BreadcrumbList","@id":"https:\/\/escort-technology.com\/en\/magnetometr-holowany-jw-fishers-proton-12\/#breadcrumb","itemListElement":[{"@type":"ListItem","position":1,"name":"Strona g\u0142\u00f3wna","item":"https:\/\/escort-technology.com\/"},{"@type":"ListItem","position":2,"name":"Magnetometr holowany JW FISHERS PROTON 12"}]},{"@type":"WebSite","@id":"http:\/\/escort-technology.com\/de\/#website","url":"http:\/\/escort-technology.com\/de\/","name":"ESCORT TECHNOLOGY","description":"Elektronika morska i l\u0105dowa","publisher":{"@id":"http:\/\/escort-technology.com\/de\/#organization"},"potentialAction":[{"@type":"SearchAction","target":{"@type":"EntryPoint","urlTemplate":"http:\/\/escort-technology.com\/de\/?s={search_term_string}"},"query-input":{"@type":"PropertyValueSpecification","valueRequired":true,"valueName":"search_term_string"}}],"inLanguage":"pl-PL"},{"@type":"Organization","@id":"http:\/\/escort-technology.com\/de\/#organization","name":"ESCORT TECHNOLOGY","url":"http:\/\/escort-technology.com\/de\/","logo":{"@type":"ImageObject","inLanguage":"pl-PL","@id":"http:\/\/escort-technology.com\/de\/#\/schema\/logo\/image\/","url":"https:\/\/escort-technology.com\/wp-content\/uploads\/logo-1.jpg","contentUrl":"https:\/\/escort-technology.com\/wp-content\/uploads\/logo-1.jpg","width":600,"height":165,"caption":"ESCORT TECHNOLOGY"},"image":{"@id":"http:\/\/escort-technology.com\/de\/#\/schema\/logo\/image\/"},"sameAs":["https:\/\/www.facebook.com\/elektronika.morska\/","https:\/\/www.linkedin.com\/company\/escort-sp-z-o-o-\/"]}]}},"_links":{"self":[{"href":"https:\/\/escort-technology.com\/pl\/wp-json\/wp\/v2\/pages\/10261","targetHints":{"allow":["GET"]}}],"collection":[{"href":"https:\/\/escort-technology.com\/pl\/wp-json\/wp\/v2\/pages"}],"about":[{"href":"https:\/\/escort-technology.com\/pl\/wp-json\/wp\/v2\/types\/page"}],"author":[{"embeddable":true,"href":"https:\/\/escort-technology.com\/pl\/wp-json\/wp\/v2\/users\/10"}],"replies":[{"embeddable":true,"href":"https:\/\/escort-technology.com\/pl\/wp-json\/wp\/v2\/comments?post=10261"}],"version-history":[{"count":16,"href":"https:\/\/escort-technology.com\/pl\/wp-json\/wp\/v2\/pages\/10261\/revisions"}],"predecessor-version":[{"id":10280,"href":"https:\/\/escort-technology.com\/pl\/wp-json\/wp\/v2\/pages\/10261\/revisions\/10280"}],"wp:attachment":[{"href":"https:\/\/escort-technology.com\/pl\/wp-json\/wp\/v2\/media?parent=10261"}],"curies":[{"name":"wp","href":"https:\/\/api.w.org\/{rel}","templated":true}]}}