{"id":10501,"date":"2021-11-15T10:05:57","date_gmt":"2021-11-15T09:05:57","guid":{"rendered":"https:\/\/escort-technology.com\/?page_id=10501"},"modified":"2021-11-15T10:27:08","modified_gmt":"2021-11-15T09:27:08","slug":"miernik-valeport-bathy2","status":"publish","type":"page","link":"https:\/\/escort-technology.com\/pl\/miernik-valeport-bathy2\/","title":{"rendered":"Miernik Valeport Bathy2"},"content":{"rendered":"<h1>\n<h1 class=\"uk-article-title\">Miernik Valeport Bathy2<\/h1>\n<\/h1>\n<hr>\n<p><img decoding=\"async\" src=\"\/wp-content\/uploads\/2021\/11\/Valeport-Bathy2-Hero-6-2048x1365-1.jpg\" alt=\"\"><\/p>\n<div>\n<h2 class=\"alpha  product-introduction--standfirst under\">Dost\u0119pny w 2022 &#8211; Rozw\u00f3j w dziedzinie pomiar\u00f3w batymetrycznych<\/h2>\n<p><span>Zaprojektowany, aby spe\u0142ni\u0107 wymagania klient\u00f3w w zakresie batymetrii dla niezawodnego, dok\u0142adnego i wytrzyma\u0142ego instrumentu z wi\u0119ksz\u0105 funkcjonalno\u015bci\u0105, aby dopasowa\u0107 si\u0119 do specyficznych operacji do g\u0142\u0119boko\u015bci 6000m.<\/span><\/p>\n<\/div>\n<p><img decoding=\"async\" src=\"\/wp-content\/uploads\/2021\/11\/Valeport-Bathy2-Hero-5-800x660-1.jpg\" alt=\"\"><br \/>\n<img decoding=\"async\" src=\"\/wp-content\/uploads\/2021\/11\/Valeport-Bathy2-Hero-800x660-1.jpg\" alt=\"\"><\/p>\n<div>\n<p>Dane g\u0142\u0119boko\u015bci skorygowane o g\u0119sto\u015b\u0107 bezpo\u015brednio z jednego instrumentu<br \/>Ulepszenie popularnego Midas BathyPack, nowy Bathy2 wykorzystuje najnowocze\u015bniejsze czujniki do generowania profili pr\u0119dko\u015bci d\u017awi\u0119ku i g\u0119sto\u015bci w celu uzyskania precyzyjnych danych dotycz\u0105cych g\u0142\u0119boko\u015bci i wysoko\u015bci.<\/p>\n<p>Nowy przyrz\u0105d \u0142\u0105czy w sobie zalety wyj\u015bcia skorygowanego o g\u0119sto\u015b\u0107 bezpo\u015brednio z jednego przyrz\u0105du, wraz z elastyczno\u015bci\u0105 wej\u015bcia czujnika ci\u015bnienia innej firmy i wymiennymi modu\u0142ami ci\u015bnienia Valeport, aby umo\u017cliwi\u0107 u\u017cytkownikom wi\u0119ksz\u0105 dok\u0142adno\u015b\u0107 na r\u00f3\u017cnych g\u0142\u0119boko\u015bciach.<\/p>\n<\/div>\n<div>\n<h2>Lepsze wra\u017cenia u\u017cytkownika<\/h2>\n<p>Poprawa do\u015bwiadczenia u\u017cytkownika by\u0142a kluczowym czynnikiem w rozwoju tego doskona\u0142ego instrumentu batymetrycznego, a dodanie dedykowanego wyj\u015bcia danych dla INS umo\u017cliwia wydajn\u0105 komunikacj\u0119 danych batymetrycznych bezpo\u015brednio z w\u0142asnym oprogramowaniem operacyjnym u\u017cytkownika.<\/p>\n<p>Inne pomocne korzy\u015bci obejmuj\u0105 elastyczne opcje ci\u015bnienia wykorzystuj\u0105ce wymienne czujniki ci\u015bnienia Valeport, te wymienne g\u0142owice czujnik\u00f3w u\u0142atwiaj\u0105 u\u017cytkownikom wyb\u00f3r odpowiedniego ci\u015bnienia dla ich g\u0142\u0119boko\u015bci roboczej, przynosz\u0105c korzy\u015bci w postaci wyj\u0105tkowej niezawodno\u015bci i wy\u017cszego stopnia dok\u0142adno\u015bci.<\/p>\n<\/div>\n<div>\n<h2>Przeznaczony dla geodet\u00f3w wymagaj\u0105cych danych batymetrycznych z pojazd\u00f3w podwodnych<\/h2>\n<p>Zaprojektowany dla geodet\u00f3w wymagaj\u0105cych danych batymetrycznych z pojazd\u00f3w ROV, pojazd\u00f3w podwodnych lub konstrukcji zrzutowych, Bathy2 ma r\u00f3wnie\u017c opcj\u0119 wej\u015bcia zewn\u0119trznego czujnika ci\u015bnienia dla odniesienia Digiquartz. Ten kompleksowy pakiet batymetryczny oferuje inne przydatne parametry, takie jak interfejsy Altitude i Bathy2 z wysoko\u015bciomierzem Valeport VA500 i innymi popularnymi markami innych producent\u00f3w.<\/p>\n<\/div>\n<p><img decoding=\"async\" src=\"\/wp-content\/uploads\/2021\/11\/Valeport-Bathy2-Side-2048x1365-1.jpg\" alt=\"\"><br \/>\n<img decoding=\"async\" src=\"\/wp-content\/uploads\/2021\/11\/Valeport-Bathy2-Side-6-1024x683-1.jpg\" alt=\"\"><\/p>\n<div>\n<h2>Bezproblemowy transfer danych<\/h2>\n<p>Transfer danych odbywa si\u0119 za po\u015brednictwem interfejs\u00f3w Ethernet lub RS232\/RS485, a funkcja Bathy2 Interpreter za po\u015brednictwem oprogramowania Valeport Configure umo\u017cliwia przesy\u0142anie danych przez dodatkowe porty w standardowych formatach, funkcja ta umo\u017cliwia r\u00f3wnie\u017c wprowadzanie danych dotycz\u0105cych ci\u015bnienia atmosferycznego.<\/p>\n<\/div>\n<p><!--more--><br \/>\n<!-- {\"type\":\"layout\",\"children\":[{\"type\":\"section\",\"props\":{\"style\":\"default\",\"width\":\"default\",\"vertical_align\":\"middle\",\"title_position\":\"top-left\",\"title_rotation\":\"left\",\"title_breakpoint\":\"xl\",\"image_position\":\"center-center\"},\"children\":[{\"type\":\"row\",\"children\":[{\"type\":\"column\",\"props\":{\"image_position\":\"center-center\",\"media_overlay_gradient\":\"\"},\"children\":[{\"type\":\"headline\",\"props\":{\"title_element\":\"h1\",\"content\":\"\n\n<h1 class=\\\"uk-article-title\\\">Miernik Valeport Bathy2<\\\/h1>\"}},{\"type\":\"divider\",\"props\":{\"divider_element\":\"hr\"}},{\"type\":\"image\",\"props\":{\"margin\":\"small\",\"image_svg_color\":\"emphasis\",\"image\":\"wp-content\\\/uploads\\\/2021\\\/11\\\/Valeport-Bathy2-Hero-6-2048x1365-1.jpg\"}}]}]}]},{\"type\":\"section\",\"props\":{\"style\":\"default\",\"width\":\"default\",\"vertical_align\":\"middle\",\"title_position\":\"top-left\",\"title_rotation\":\"left\",\"title_breakpoint\":\"xl\",\"image_position\":\"center-center\"},\"children\":[{\"type\":\"row\",\"props\":{\"layout\":\"1-2,1-2\"},\"children\":[{\"type\":\"column\",\"props\":{\"image_position\":\"center-center\",\"media_overlay_gradient\":\"\",\"width_medium\":\"1-2\"},\"children\":[{\"type\":\"text\",\"props\":{\"margin\":\"default\",\"column_breakpoint\":\"m\",\"content\":\"\n\n<h2 class=\\\"alpha  product-introduction--standfirst under\\\">Dost\\u0119pny w 2022 - Rozw\\u00f3j w dziedzinie pomiar\\u00f3w batymetrycznych<\\\/h2>\\n\n\n<p><span>Zaprojektowany, aby spe\\u0142ni\\u0107 wymagania klient\\u00f3w w zakresie batymetrii dla niezawodnego, dok\\u0142adnego i wytrzyma\\u0142ego instrumentu z wi\\u0119ksz\\u0105 funkcjonalno\\u015bci\\u0105, aby dopasowa\\u0107 si\\u0119 do specyficznych operacji do g\\u0142\\u0119boko\\u015bci 6000m.<\\\/span><\\\/p>\"}},{\"type\":\"image\",\"props\":{\"margin\":\"default\",\"image_svg_color\":\"emphasis\",\"image\":\"wp-content\\\/uploads\\\/2021\\\/11\\\/Valeport-Bathy2-Hero-5-800x660-1.jpg\"}}]},{\"type\":\"column\",\"props\":{\"image_position\":\"center-center\",\"media_overlay_gradient\":\"\",\"width_medium\":\"1-2\"},\"children\":[{\"type\":\"image\",\"props\":{\"margin\":\"default\",\"image_svg_color\":\"emphasis\",\"image\":\"wp-content\\\/uploads\\\/2021\\\/11\\\/Valeport-Bathy2-Hero-800x660-1.jpg\"}}]}]}]},{\"type\":\"section\",\"props\":{\"style\":\"default\",\"width\":\"default\",\"vertical_align\":\"middle\",\"title_position\":\"top-left\",\"title_rotation\":\"left\",\"title_breakpoint\":\"xl\",\"image_position\":\"center-center\"},\"children\":[{\"type\":\"row\",\"children\":[{\"type\":\"column\",\"props\":{\"image_position\":\"center-center\",\"media_overlay_gradient\":\"\"},\"children\":[{\"type\":\"text\",\"props\":{\"margin\":\"default\",\"column_breakpoint\":\"m\",\"content\":\"\n\n<p>Dane g\\u0142\\u0119boko\\u015bci skorygowane o g\\u0119sto\\u015b\\u0107 bezpo\\u015brednio z jednego instrumentu<br \\\/>Ulepszenie popularnego Midas BathyPack, nowy Bathy2 wykorzystuje najnowocze\\u015bniejsze czujniki do generowania profili pr\\u0119dko\\u015bci d\\u017awi\\u0119ku i g\\u0119sto\\u015bci w celu uzyskania precyzyjnych danych dotycz\\u0105cych g\\u0142\\u0119boko\\u015bci i wysoko\\u015bci.<\\\/p>\\n\n\n<p>Nowy przyrz\\u0105d \\u0142\\u0105czy w sobie zalety wyj\\u015bcia skorygowanego o g\\u0119sto\\u015b\\u0107 bezpo\\u015brednio z jednego przyrz\\u0105du, wraz z elastyczno\\u015bci\\u0105 wej\\u015bcia czujnika ci\\u015bnienia innej firmy i wymiennymi modu\\u0142ami ci\\u015bnienia Valeport, aby umo\\u017cliwi\\u0107 u\\u017cytkownikom wi\\u0119ksz\\u0105 dok\\u0142adno\\u015b\\u0107 na r\\u00f3\\u017cnych g\\u0142\\u0119boko\\u015bciach.<\\\/p>\"}}]}]}]},{\"type\":\"section\",\"props\":{\"style\":\"secondary\",\"width\":\"default\",\"vertical_align\":\"middle\",\"title_position\":\"top-left\",\"title_rotation\":\"left\",\"title_breakpoint\":\"xl\",\"image_position\":\"center-center\"},\"children\":[{\"type\":\"row\",\"children\":[{\"type\":\"column\",\"props\":{\"image_position\":\"center-center\",\"media_overlay_gradient\":\"\"},\"children\":[{\"type\":\"text\",\"props\":{\"margin\":\"default\",\"column_breakpoint\":\"m\",\"content\":\"\n\n<h2>Lepsze wra\\u017cenia u\\u017cytkownika<\\\/h2>\\n\n\n<p><br \\\/>Poprawa do\\u015bwiadczenia u\\u017cytkownika by\\u0142a kluczowym czynnikiem w rozwoju tego doskona\\u0142ego instrumentu batymetrycznego, a dodanie dedykowanego wyj\\u015bcia danych dla INS umo\\u017cliwia wydajn\\u0105 komunikacj\\u0119 danych batymetrycznych bezpo\\u015brednio z w\\u0142asnym oprogramowaniem operacyjnym u\\u017cytkownika.<\\\/p>\\n\n\n<p>Inne pomocne korzy\\u015bci obejmuj\\u0105 elastyczne opcje ci\\u015bnienia wykorzystuj\\u0105ce wymienne czujniki ci\\u015bnienia Valeport, te wymienne g\\u0142owice czujnik\\u00f3w u\\u0142atwiaj\\u0105 u\\u017cytkownikom wyb\\u00f3r odpowiedniego ci\\u015bnienia dla ich g\\u0142\\u0119boko\\u015bci roboczej, przynosz\\u0105c korzy\\u015bci w postaci wyj\\u0105tkowej niezawodno\\u015bci i wy\\u017cszego stopnia dok\\u0142adno\\u015bci.<\\\/p>\"}}]}]}]},{\"type\":\"section\",\"props\":{\"style\":\"default\",\"width\":\"default\",\"vertical_align\":\"middle\",\"title_position\":\"top-left\",\"title_rotation\":\"left\",\"title_breakpoint\":\"xl\",\"image_position\":\"center-center\"},\"children\":[{\"type\":\"row\",\"props\":{\"layout\":\"1-2,1-2\"},\"children\":[{\"type\":\"column\",\"props\":{\"image_position\":\"center-center\",\"media_overlay_gradient\":\"\",\"width_medium\":\"1-2\"},\"children\":[{\"type\":\"text\",\"props\":{\"margin\":\"default\",\"column_breakpoint\":\"m\",\"content\":\"\n\n<h2>Przeznaczony dla geodet\\u00f3w wymagaj\\u0105cych danych batymetrycznych z pojazd\\u00f3w podwodnych<\\\/h2>\\n\n\n<p><br \\\/>Zaprojektowany dla geodet\\u00f3w wymagaj\\u0105cych danych batymetrycznych z pojazd\\u00f3w ROV, pojazd\\u00f3w podwodnych lub konstrukcji zrzutowych, Bathy2 ma r\\u00f3wnie\\u017c opcj\\u0119 wej\\u015bcia zewn\\u0119trznego czujnika ci\\u015bnienia dla odniesienia Digiquartz. Ten kompleksowy pakiet batymetryczny oferuje inne przydatne parametry, takie jak interfejsy Altitude i Bathy2 z wysoko\\u015bciomierzem Valeport VA500 i innymi popularnymi markami innych producent\\u00f3w.<\\\/p>\"}},{\"type\":\"image\",\"props\":{\"margin\":\"default\",\"image_svg_color\":\"emphasis\",\"image\":\"wp-content\\\/uploads\\\/2021\\\/11\\\/Valeport-Bathy2-Side-2048x1365-1.jpg\"}}]},{\"type\":\"column\",\"props\":{\"image_position\":\"center-center\",\"media_overlay_gradient\":\"\",\"width_medium\":\"1-2\"},\"children\":[{\"type\":\"image\",\"props\":{\"margin\":\"default\",\"image_svg_color\":\"emphasis\",\"image\":\"wp-content\\\/uploads\\\/2021\\\/11\\\/Valeport-Bathy2-Side-6-1024x683-1.jpg\"}},{\"type\":\"text\",\"props\":{\"margin\":\"default\",\"column_breakpoint\":\"m\",\"content\":\"\n\n<h2>Bezproblemowy transfer danych<\\\/h2>\\n\n\n<p><br \\\/>Transfer danych odbywa si\\u0119 za po\\u015brednictwem interfejs\\u00f3w Ethernet lub RS232\\\/RS485, a funkcja Bathy2 Interpreter za po\\u015brednictwem oprogramowania Valeport Configure umo\\u017cliwia przesy\\u0142anie danych przez dodatkowe porty w standardowych formatach, funkcja ta umo\\u017cliwia r\\u00f3wnie\\u017c wprowadzanie danych dotycz\\u0105cych ci\\u015bnienia atmosferycznego.<\\\/p>\"}}]}]}]}],\"version\":\"2.6.7\"} --><\/p>\n","protected":false},"excerpt":{"rendered":"<p>Miernik Valeport Bathy2 Dost\u0119pny w 2022 &#8211; Rozw\u00f3j w dziedzinie pomiar\u00f3w batymetrycznych Zaprojektowany, aby spe\u0142ni\u0107 wymagania klient\u00f3w w zakresie batymetrii dla niezawodnego, dok\u0142adnego i wytrzyma\u0142ego instrumentu z wi\u0119ksz\u0105 funkcjonalno\u015bci\u0105, aby dopasowa\u0107 si\u0119 do specyficznych operacji do g\u0142\u0119boko\u015bci 6000m. Dane g\u0142\u0119boko\u015bci skorygowane o g\u0119sto\u015b\u0107 bezpo\u015brednio z jednego instrumentuUlepszenie popularnego Midas BathyPack, nowy Bathy2 wykorzystuje najnowocze\u015bniejsze czujniki [&hellip;]<\/p>\n","protected":false},"author":10,"featured_media":0,"parent":0,"menu_order":0,"comment_status":"closed","ping_status":"closed","template":"","meta":{"footnotes":""},"class_list":["post-10501","page","type-page","status-publish","hentry"],"yoast_head":"<!-- This site is optimized with the Yoast SEO plugin v27.4 - https:\/\/yoast.com\/product\/yoast-seo-wordpress\/ -->\n<title>Miernik Valeport Bathy2 - ESCORT TECHNOLOGY<\/title>\n<meta name=\"robots\" content=\"index, follow, max-snippet:-1, max-image-preview:large, max-video-preview:-1\" \/>\n<link rel=\"canonical\" href=\"https:\/\/escort-technology.com\/pl\/miernik-valeport-bathy2\/\" \/>\n<meta property=\"og:locale\" content=\"pl_PL\" \/>\n<meta property=\"og:type\" content=\"article\" \/>\n<meta property=\"og:title\" content=\"Miernik Valeport Bathy2 - ESCORT TECHNOLOGY\" \/>\n<meta property=\"og:description\" content=\"Miernik Valeport Bathy2 Dost\u0119pny w 2022 &#8211; Rozw\u00f3j w dziedzinie pomiar\u00f3w batymetrycznych Zaprojektowany, aby spe\u0142ni\u0107 wymagania klient\u00f3w w zakresie batymetrii dla niezawodnego, dok\u0142adnego i wytrzyma\u0142ego instrumentu z wi\u0119ksz\u0105 funkcjonalno\u015bci\u0105, aby dopasowa\u0107 si\u0119 do specyficznych operacji do g\u0142\u0119boko\u015bci 6000m. Dane g\u0142\u0119boko\u015bci skorygowane o g\u0119sto\u015b\u0107 bezpo\u015brednio z jednego instrumentuUlepszenie popularnego Midas BathyPack, nowy Bathy2 wykorzystuje najnowocze\u015bniejsze czujniki [&hellip;]\" \/>\n<meta property=\"og:url\" content=\"https:\/\/escort-technology.com\/pl\/miernik-valeport-bathy2\/\" \/>\n<meta property=\"og:site_name\" content=\"ESCORT TECHNOLOGY\" \/>\n<meta property=\"article:publisher\" content=\"https:\/\/www.facebook.com\/elektronika.morska\/\" \/>\n<meta property=\"article:modified_time\" content=\"2021-11-15T09:27:08+00:00\" \/>\n<meta property=\"og:image\" content=\"https:\/\/escort-technology.com\/wp-content\/uploads\/2021\/11\/Valeport-Bathy2-Hero-6-2048x1365-1.jpg\" \/>\n<meta name=\"twitter:card\" content=\"summary_large_image\" \/>\n<meta name=\"twitter:label1\" content=\"Szacowany czas czytania\" \/>\n\t<meta name=\"twitter:data1\" content=\"2 minuty\" \/>\n<script type=\"application\/ld+json\" class=\"yoast-schema-graph\">{\"@context\":\"https:\\\/\\\/schema.org\",\"@graph\":[{\"@type\":\"WebPage\",\"@id\":\"https:\\\/\\\/escort-technology.com\\\/pl\\\/miernik-valeport-bathy2\\\/\",\"url\":\"https:\\\/\\\/escort-technology.com\\\/pl\\\/miernik-valeport-bathy2\\\/\",\"name\":\"Miernik Valeport Bathy2 - ESCORT TECHNOLOGY\",\"isPartOf\":{\"@id\":\"http:\\\/\\\/escort-technology.com\\\/de\\\/#website\"},\"datePublished\":\"2021-11-15T09:05:57+00:00\",\"dateModified\":\"2021-11-15T09:27:08+00:00\",\"breadcrumb\":{\"@id\":\"https:\\\/\\\/escort-technology.com\\\/pl\\\/miernik-valeport-bathy2\\\/#breadcrumb\"},\"inLanguage\":\"pl-PL\",\"potentialAction\":[{\"@type\":\"ReadAction\",\"target\":[\"https:\\\/\\\/escort-technology.com\\\/pl\\\/miernik-valeport-bathy2\\\/\"]}]},{\"@type\":\"BreadcrumbList\",\"@id\":\"https:\\\/\\\/escort-technology.com\\\/pl\\\/miernik-valeport-bathy2\\\/#breadcrumb\",\"itemListElement\":[{\"@type\":\"ListItem\",\"position\":1,\"name\":\"Strona g\u0142\u00f3wna\",\"item\":\"https:\\\/\\\/escort-technology.com\\\/\"},{\"@type\":\"ListItem\",\"position\":2,\"name\":\"Miernik Valeport Bathy2\"}]},{\"@type\":\"WebSite\",\"@id\":\"http:\\\/\\\/escort-technology.com\\\/de\\\/#website\",\"url\":\"http:\\\/\\\/escort-technology.com\\\/de\\\/\",\"name\":\"ESCORT TECHNOLOGY\",\"description\":\"Elektronika morska i l\u0105dowa\",\"publisher\":{\"@id\":\"http:\\\/\\\/escort-technology.com\\\/de\\\/#organization\"},\"potentialAction\":[{\"@type\":\"SearchAction\",\"target\":{\"@type\":\"EntryPoint\",\"urlTemplate\":\"http:\\\/\\\/escort-technology.com\\\/de\\\/?s={search_term_string}\"},\"query-input\":{\"@type\":\"PropertyValueSpecification\",\"valueRequired\":true,\"valueName\":\"search_term_string\"}}],\"inLanguage\":\"pl-PL\"},{\"@type\":\"Organization\",\"@id\":\"http:\\\/\\\/escort-technology.com\\\/de\\\/#organization\",\"name\":\"ESCORT TECHNOLOGY\",\"url\":\"http:\\\/\\\/escort-technology.com\\\/de\\\/\",\"logo\":{\"@type\":\"ImageObject\",\"inLanguage\":\"pl-PL\",\"@id\":\"http:\\\/\\\/escort-technology.com\\\/de\\\/#\\\/schema\\\/logo\\\/image\\\/\",\"url\":\"https:\\\/\\\/escort-technology.com\\\/wp-content\\\/uploads\\\/logo-1.jpg\",\"contentUrl\":\"https:\\\/\\\/escort-technology.com\\\/wp-content\\\/uploads\\\/logo-1.jpg\",\"width\":600,\"height\":165,\"caption\":\"ESCORT TECHNOLOGY\"},\"image\":{\"@id\":\"http:\\\/\\\/escort-technology.com\\\/de\\\/#\\\/schema\\\/logo\\\/image\\\/\"},\"sameAs\":[\"https:\\\/\\\/www.facebook.com\\\/elektronika.morska\\\/\",\"https:\\\/\\\/www.linkedin.com\\\/company\\\/escort-sp-z-o-o-\\\/\"]}]}<\/script>\n<!-- \/ Yoast SEO plugin. -->","yoast_head_json":{"title":"Miernik Valeport Bathy2 - ESCORT TECHNOLOGY","robots":{"index":"index","follow":"follow","max-snippet":"max-snippet:-1","max-image-preview":"max-image-preview:large","max-video-preview":"max-video-preview:-1"},"canonical":"https:\/\/escort-technology.com\/pl\/miernik-valeport-bathy2\/","og_locale":"pl_PL","og_type":"article","og_title":"Miernik Valeport Bathy2 - ESCORT TECHNOLOGY","og_description":"Miernik Valeport Bathy2 Dost\u0119pny w 2022 &#8211; Rozw\u00f3j w dziedzinie pomiar\u00f3w batymetrycznych Zaprojektowany, aby spe\u0142ni\u0107 wymagania klient\u00f3w w zakresie batymetrii dla niezawodnego, dok\u0142adnego i wytrzyma\u0142ego instrumentu z wi\u0119ksz\u0105 funkcjonalno\u015bci\u0105, aby dopasowa\u0107 si\u0119 do specyficznych operacji do g\u0142\u0119boko\u015bci 6000m. Dane g\u0142\u0119boko\u015bci skorygowane o g\u0119sto\u015b\u0107 bezpo\u015brednio z jednego instrumentuUlepszenie popularnego Midas BathyPack, nowy Bathy2 wykorzystuje najnowocze\u015bniejsze czujniki [&hellip;]","og_url":"https:\/\/escort-technology.com\/pl\/miernik-valeport-bathy2\/","og_site_name":"ESCORT TECHNOLOGY","article_publisher":"https:\/\/www.facebook.com\/elektronika.morska\/","article_modified_time":"2021-11-15T09:27:08+00:00","og_image":[{"url":"https:\/\/escort-technology.com\/wp-content\/uploads\/2021\/11\/Valeport-Bathy2-Hero-6-2048x1365-1.jpg","type":"","width":"","height":""}],"twitter_card":"summary_large_image","twitter_misc":{"Szacowany czas czytania":"2 minuty"},"schema":{"@context":"https:\/\/schema.org","@graph":[{"@type":"WebPage","@id":"https:\/\/escort-technology.com\/pl\/miernik-valeport-bathy2\/","url":"https:\/\/escort-technology.com\/pl\/miernik-valeport-bathy2\/","name":"Miernik Valeport Bathy2 - ESCORT TECHNOLOGY","isPartOf":{"@id":"http:\/\/escort-technology.com\/de\/#website"},"datePublished":"2021-11-15T09:05:57+00:00","dateModified":"2021-11-15T09:27:08+00:00","breadcrumb":{"@id":"https:\/\/escort-technology.com\/pl\/miernik-valeport-bathy2\/#breadcrumb"},"inLanguage":"pl-PL","potentialAction":[{"@type":"ReadAction","target":["https:\/\/escort-technology.com\/pl\/miernik-valeport-bathy2\/"]}]},{"@type":"BreadcrumbList","@id":"https:\/\/escort-technology.com\/pl\/miernik-valeport-bathy2\/#breadcrumb","itemListElement":[{"@type":"ListItem","position":1,"name":"Strona g\u0142\u00f3wna","item":"https:\/\/escort-technology.com\/"},{"@type":"ListItem","position":2,"name":"Miernik Valeport Bathy2"}]},{"@type":"WebSite","@id":"http:\/\/escort-technology.com\/de\/#website","url":"http:\/\/escort-technology.com\/de\/","name":"ESCORT TECHNOLOGY","description":"Elektronika morska i l\u0105dowa","publisher":{"@id":"http:\/\/escort-technology.com\/de\/#organization"},"potentialAction":[{"@type":"SearchAction","target":{"@type":"EntryPoint","urlTemplate":"http:\/\/escort-technology.com\/de\/?s={search_term_string}"},"query-input":{"@type":"PropertyValueSpecification","valueRequired":true,"valueName":"search_term_string"}}],"inLanguage":"pl-PL"},{"@type":"Organization","@id":"http:\/\/escort-technology.com\/de\/#organization","name":"ESCORT TECHNOLOGY","url":"http:\/\/escort-technology.com\/de\/","logo":{"@type":"ImageObject","inLanguage":"pl-PL","@id":"http:\/\/escort-technology.com\/de\/#\/schema\/logo\/image\/","url":"https:\/\/escort-technology.com\/wp-content\/uploads\/logo-1.jpg","contentUrl":"https:\/\/escort-technology.com\/wp-content\/uploads\/logo-1.jpg","width":600,"height":165,"caption":"ESCORT TECHNOLOGY"},"image":{"@id":"http:\/\/escort-technology.com\/de\/#\/schema\/logo\/image\/"},"sameAs":["https:\/\/www.facebook.com\/elektronika.morska\/","https:\/\/www.linkedin.com\/company\/escort-sp-z-o-o-\/"]}]}},"_links":{"self":[{"href":"https:\/\/escort-technology.com\/pl\/wp-json\/wp\/v2\/pages\/10501","targetHints":{"allow":["GET"]}}],"collection":[{"href":"https:\/\/escort-technology.com\/pl\/wp-json\/wp\/v2\/pages"}],"about":[{"href":"https:\/\/escort-technology.com\/pl\/wp-json\/wp\/v2\/types\/page"}],"author":[{"embeddable":true,"href":"https:\/\/escort-technology.com\/pl\/wp-json\/wp\/v2\/users\/10"}],"replies":[{"embeddable":true,"href":"https:\/\/escort-technology.com\/pl\/wp-json\/wp\/v2\/comments?post=10501"}],"version-history":[{"count":14,"href":"https:\/\/escort-technology.com\/pl\/wp-json\/wp\/v2\/pages\/10501\/revisions"}],"predecessor-version":[{"id":10518,"href":"https:\/\/escort-technology.com\/pl\/wp-json\/wp\/v2\/pages\/10501\/revisions\/10518"}],"wp:attachment":[{"href":"https:\/\/escort-technology.com\/pl\/wp-json\/wp\/v2\/media?parent=10501"}],"curies":[{"name":"wp","href":"https:\/\/api.w.org\/{rel}","templated":true}]}}