{"id":10526,"date":"2021-11-16T09:18:04","date_gmt":"2021-11-16T08:18:04","guid":{"rendered":"https:\/\/escort-technology.com\/?page_id=10526"},"modified":"2021-11-16T09:35:27","modified_gmt":"2021-11-16T08:35:27","slug":"system-pozycjonowania-akustycznego-kongsberg-micropap","status":"publish","type":"page","link":"https:\/\/escort-technology.com\/pl\/system-pozycjonowania-akustycznego-kongsberg-micropap\/","title":{"rendered":"System pozycjonowania akustycznego Kongsberg MicroPAP"},"content":{"rendered":"<h1>\n<h1 class=\"uk-article-title\">System pozycjonowania akustycznego Kongsberg MicroPAP<\/h1>\n<\/h1>\n<hr>\n<p><img decoding=\"async\" src=\"\/wp-content\/uploads\/2021\/11\/micropap-a4-horizontal-4.jpg\" alt=\"\"><\/p>\n<div>\n<h3>\u00b5PAP jest ma\u0142ym i kompaktowym systemem pozycjonowania akustycznego przeznaczonym do pracy ze statku w celu \u015bledzenia robot\u00f3w podwodnych, ryb holowanych, nurk\u00f3w i wszelkich innych cel\u00f3w podwodnych w zasi\u0119gu do kilku tysi\u0119cy metr\u00f3w. System dzia\u0142a w trybie SSBL, w kt\u00f3rym mierzy odleg\u0142o\u015b\u0107 i kierunek do podwodnych transponder\u00f3w i oblicza pozycj\u0119 3D we wsp\u00f3\u0142rz\u0119dnych lokalnych lub geograficznych. \u00b5PAP zosta\u0142 zaprojektowany jako system przeno\u015bny, kt\u00f3ry mo\u017cna \u0142atwo zainstalowa\u0107 na statku lub innej jednostce nawodnej.<\/h3>\n<\/div>\n<p><img decoding=\"async\" src=\"\/wp-content\/uploads\/2021\/11\/micropap-670x559-1.jpg\" alt=\"\"><\/p>\n<div>\n<p>System mo\u017ce by\u0107 stosowany ze wszystkimi transponderami firmy KONGSBERG dla g\u0142\u0119boko\u015bci do 4000 metr\u00f3w.<\/p>\n<p>Wbudowany w przetwornik \u00b5PAP czujnik ruchu kompensuje ruchy przechy\u0142owe i boczne statku. Aby sprosta\u0107 r\u00f3\u017cnym wymaganiom, przetwornik \u00b5PAP b\u0119dzie dost\u0119pny w kilku wersjach pod wzgl\u0119dem wbudowanych czujnik\u00f3w ruchu, a tym samym rozmiar\u00f3w fizycznych.<\/p>\n<\/div>\n<p><iframe src=\"https:\/\/youtu.be\/De7Wr0CrVDA\"><\/iframe><br \/>\n<iframe src=\"https:\/\/youtu.be\/CjR92MBH8A8\"><\/iframe><\/p>\n<div>\n<p>DWIE R\u00d3\u017bNE LINIE PRODUKT\u00d3W<br \/>Obecnie oferujemy dwie r\u00f3\u017cne linie system\u00f3w akustycznego pozycjonowania i nawigacji podwodnej:<\/p>\n<p>Rodzina HiPAP &#8211; system pozycjonowania akustycznego o wysokiej precyzji<br \/>\u00b5PAP &#8211; Ma\u0142y i przeno\u015bny system pozycjonowania akustycznego<\/p>\n<p>NAJWA\u017bNIEJSZE CECHY<\/p>\n<ul>\n<li>Pomoc on-line na ekranie<\/li>\n<li>Zalety obs\u0142ugi systemu APOS<\/li>\n<li>Automatyczne elektroniczne sterowanie wi\u0105zk\u0105<\/li>\n<li>Opcjonalnie pe\u0142na funkcjonalno\u015b\u0107 LBL<\/li>\n<li>Oprogramowanie<\/li>\n<li>Najnowsza technologia dla Twoich przysz\u0142ych zastosowa\u0144<\/li>\n<li>Niezawodno\u015b\u0107 dzi\u0119ki sprawdzonej technologii HiPAP<\/li>\n<li>Dok\u0142adniejszy ni\u017c systemy HPR 410P \/ 418P<\/li>\n<li>Pozycjonuje setki podwodnych transponder\u00f3w i urz\u0105dze\u0144 reaguj\u0105cych<\/li>\n<li>Przesy\u0142a dane o pozycji do system\u00f3w nawigacyjnych w ustalonych formatach<\/li>\n<li>6 modeli przetwornik\u00f3w, w tym wersje wymagaj\u0105ce licencji nieeksportowej<\/li>\n<li>Stacja operatorska \u00b5PAP przetwarza dane wej\u015bciowe z czujnika kursowego, GNSS i sondy pr\u0119dko\u015bci d\u017awi\u0119ku.<\/li>\n<li>W\u0105skie wi\u0105zki odbiornik\u00f3w, t\u0142umi\u0105ce zak\u0142\u00f3cenia z innych kierunk\u00f3w<\/li>\n<li>Nowy, opcjonalny protok\u00f3\u0142 akustyczny Cymbal wprowadza szereg ulepsze\u0144<\/li>\n<li>Przygotowany do \u0142atwego monta\u017cu z boku na statku &#8211; bez zasuwy<\/li>\n<li>Protok\u00f3\u0142 akustyczny Cymbal wykorzystuj\u0105cy sygna\u0142y Direct Sequence Spread Spectrum (DSSS)<\/li>\n<li>Szybka akustyczna transmisja danych z wykorzystaniem szerokopasmowych sygna\u0142\u00f3w spread spectrum.<\/li>\n<\/ul>\n<\/div>\n<ul>\n<li>\n        <a href=\"https:\/\/www.kongsberg.com\/globalassets\/maritime\/km-products\/product-documents\/micropap-brochure.pdf\">Broszura <\/a>\n    <\/li>\n<li>\n        <a href=\"https:\/\/www.kongsberg.com\/contentassets\/74abdf0f29314872b3647153edb20114\/393495k--pap-data-sheet.pdf\">Karta katalogowa<\/a>\n    <\/li>\n<\/ul>\n<p><!--more--><br \/>\n<!-- {\"type\":\"layout\",\"children\":[{\"type\":\"section\",\"props\":{\"style\":\"default\",\"width\":\"default\",\"vertical_align\":\"middle\",\"title_position\":\"top-left\",\"title_rotation\":\"left\",\"title_breakpoint\":\"xl\",\"image_position\":\"center-center\"},\"children\":[{\"type\":\"row\",\"children\":[{\"type\":\"column\",\"props\":{\"image_position\":\"center-center\",\"media_overlay_gradient\":\"\"},\"children\":[{\"type\":\"headline\",\"props\":{\"title_element\":\"h1\",\"content\":\"\n\n<h1 class=\\\"uk-article-title\\\">System pozycjonowania akustycznego Kongsberg MicroPAP<\\\/h1>\"}},{\"type\":\"divider\",\"props\":{\"divider_element\":\"hr\"}},{\"type\":\"image\",\"props\":{\"margin\":\"default\",\"image_svg_color\":\"emphasis\",\"image\":\"wp-content\\\/uploads\\\/2021\\\/11\\\/micropap-a4-horizontal-4.jpg\"}},{\"type\":\"text\",\"props\":{\"margin\":\"default\",\"column_breakpoint\":\"m\",\"content\":\"\n\n<h3>\\u00b5PAP jest ma\\u0142ym i kompaktowym systemem pozycjonowania akustycznego przeznaczonym do pracy ze statku w celu \\u015bledzenia robot\\u00f3w podwodnych, ryb holowanych, nurk\\u00f3w i wszelkich innych cel\\u00f3w podwodnych w zasi\\u0119gu do kilku tysi\\u0119cy metr\\u00f3w. System dzia\\u0142a w trybie SSBL, w kt\\u00f3rym mierzy odleg\\u0142o\\u015b\\u0107 i kierunek do podwodnych transponder\\u00f3w i oblicza pozycj\\u0119 3D we wsp\\u00f3\\u0142rz\\u0119dnych lokalnych lub geograficznych. \\u00b5PAP zosta\\u0142 zaprojektowany jako system przeno\\u015bny, kt\\u00f3ry mo\\u017cna \\u0142atwo zainstalowa\\u0107 na statku lub innej jednostce nawodnej.<\\\/h3>\"}},{\"type\":\"image\",\"props\":{\"margin\":\"default\",\"image_svg_color\":\"emphasis\",\"image\":\"wp-content\\\/uploads\\\/2021\\\/11\\\/micropap-670x559-1.jpg\",\"text_align\":\"center\",\"image_height\":\"450\"}},{\"type\":\"text\",\"props\":{\"margin\":\"default\",\"column_breakpoint\":\"m\",\"content\":\"\n\n<p>System mo\\u017ce by\\u0107 stosowany ze wszystkimi transponderami firmy KONGSBERG dla g\\u0142\\u0119boko\\u015bci do 4000 metr\\u00f3w.<\\\/p>\\n\n\n<p>Wbudowany w przetwornik \\u00b5PAP czujnik ruchu kompensuje ruchy przechy\\u0142owe i boczne statku. Aby sprosta\\u0107 r\\u00f3\\u017cnym wymaganiom, przetwornik \\u00b5PAP b\\u0119dzie dost\\u0119pny w kilku wersjach pod wzgl\\u0119dem wbudowanych czujnik\\u00f3w ruchu, a tym samym rozmiar\\u00f3w fizycznych.<\\\/p>\"}},{\"type\":\"video\",\"props\":{\"video_controls\":true,\"margin\":\"default\",\"video\":\"https:\\\/\\\/youtu.be\\\/De7Wr0CrVDA\",\"video_height\":\"450\",\"text_align\":\"center\"}},{\"type\":\"video\",\"props\":{\"video_controls\":true,\"margin\":\"default\",\"video\":\"https:\\\/\\\/youtu.be\\\/CjR92MBH8A8\",\"video_height\":\"450\",\"text_align\":\"center\"}},{\"type\":\"text\",\"props\":{\"margin\":\"default\",\"column_breakpoint\":\"m\",\"content\":\"\n\n<p>DWIE R\\u00d3\\u017bNE LINIE PRODUKT\\u00d3W<br \\\/>Obecnie oferujemy dwie r\\u00f3\\u017cne linie system\\u00f3w akustycznego pozycjonowania i nawigacji podwodnej:<\\\/p>\\n\n\n<p>Rodzina HiPAP - system pozycjonowania akustycznego o wysokiej precyzji<br \\\/>\\u00b5PAP - Ma\\u0142y i przeno\\u015bny system pozycjonowania akustycznego<\\\/p>\\n\n\n<p><br \\\/>NAJWA\\u017bNIEJSZE CECHY<\\\/p>\\n\n\n<ul>\\n\n\n<li>Pomoc on-line na ekranie<\\\/li>\\n\n\n<li>Zalety obs\\u0142ugi systemu APOS<\\\/li>\\n\n\n<li>Automatyczne elektroniczne sterowanie wi\\u0105zk\\u0105<\\\/li>\\n\n\n<li>Opcjonalnie pe\\u0142na funkcjonalno\\u015b\\u0107 LBL<\\\/li>\\n\n\n<li>Oprogramowanie<\\\/li>\\n\n\n<li>Najnowsza technologia dla Twoich przysz\\u0142ych zastosowa\\u0144<\\\/li>\\n\n\n<li>Niezawodno\\u015b\\u0107 dzi\\u0119ki sprawdzonej technologii HiPAP<\\\/li>\\n\n\n<li>Dok\\u0142adniejszy ni\\u017c systemy HPR 410P \\\/ 418P<\\\/li>\\n\n\n<li>Pozycjonuje setki podwodnych transponder\\u00f3w i urz\\u0105dze\\u0144 reaguj\\u0105cych<\\\/li>\\n\n\n<li>Przesy\\u0142a dane o pozycji do system\\u00f3w nawigacyjnych w ustalonych formatach<\\\/li>\\n\n\n<li>6 modeli przetwornik\\u00f3w, w tym wersje wymagaj\\u0105ce licencji nieeksportowej<\\\/li>\\n\n\n<li>Stacja operatorska \\u00b5PAP przetwarza dane wej\\u015bciowe z czujnika kursowego, GNSS i sondy pr\\u0119dko\\u015bci d\\u017awi\\u0119ku.<\\\/li>\\n\n\n<li>W\\u0105skie wi\\u0105zki odbiornik\\u00f3w, t\\u0142umi\\u0105ce zak\\u0142\\u00f3cenia z innych kierunk\\u00f3w<\\\/li>\\n\n\n<li>Nowy, opcjonalny protok\\u00f3\\u0142 akustyczny Cymbal wprowadza szereg ulepsze\\u0144<\\\/li>\\n\n\n<li>Przygotowany do \\u0142atwego monta\\u017cu z boku na statku - bez zasuwy<\\\/li>\\n\n\n<li>Protok\\u00f3\\u0142 akustyczny Cymbal wykorzystuj\\u0105cy sygna\\u0142y Direct Sequence Spread Spectrum (DSSS)<\\\/li>\\n\n\n<li>Szybka akustyczna transmisja danych z wykorzystaniem szerokopasmowych sygna\\u0142\\u00f3w spread spectrum.<\\\/li>\\n<\\\/ul>\"}},{\"type\":\"button\",\"props\":{\"grid_column_gap\":\"small\",\"grid_row_gap\":\"small\",\"margin\":\"default\",\"text_align\":\"center\"},\"children\":[{\"type\":\"button_item\",\"props\":{\"button_style\":\"default\",\"icon_align\":\"left\",\"content\":\"Broszura \",\"link\":\"https:\\\/\\\/www.kongsberg.com\\\/globalassets\\\/maritime\\\/km-products\\\/product-documents\\\/micropap-brochure.pdf\"}},{\"type\":\"button_item\",\"props\":{\"button_style\":\"default\",\"icon_align\":\"left\",\"content\":\"Karta katalogowa\",\"link\":\"https:\\\/\\\/www.kongsberg.com\\\/contentassets\\\/74abdf0f29314872b3647153edb20114\\\/393495k--pap-data-sheet.pdf\"}}]}]}]}]}],\"version\":\"2.6.7\"} --><\/p>\n","protected":false},"excerpt":{"rendered":"<p>System pozycjonowania akustycznego Kongsberg MicroPAP \u00b5PAP jest ma\u0142ym i kompaktowym systemem pozycjonowania akustycznego przeznaczonym do pracy ze statku w celu \u015bledzenia robot\u00f3w podwodnych, ryb holowanych, nurk\u00f3w i wszelkich innych cel\u00f3w podwodnych w zasi\u0119gu do kilku tysi\u0119cy metr\u00f3w. System dzia\u0142a w trybie SSBL, w kt\u00f3rym mierzy odleg\u0142o\u015b\u0107 i kierunek do podwodnych transponder\u00f3w i oblicza pozycj\u0119 3D [&hellip;]<\/p>\n","protected":false},"author":10,"featured_media":0,"parent":0,"menu_order":0,"comment_status":"closed","ping_status":"closed","template":"","meta":{"footnotes":""},"class_list":["post-10526","page","type-page","status-publish","hentry"],"yoast_head":"<!-- This site is optimized with the Yoast SEO plugin v27.5 - https:\/\/yoast.com\/product\/yoast-seo-wordpress\/ -->\n<title>System pozycjonowania akustycznego Kongsberg MicroPAP - ESCORT TECHNOLOGY<\/title>\n<meta name=\"robots\" content=\"index, follow, max-snippet:-1, max-image-preview:large, max-video-preview:-1\" \/>\n<link rel=\"canonical\" href=\"http:\/\/escort-technology.com\/pl\/system-pozycjonowania-akustycznego-kongsberg-micropap\/\" \/>\n<meta property=\"og:locale\" content=\"pl_PL\" \/>\n<meta property=\"og:type\" content=\"article\" \/>\n<meta property=\"og:title\" content=\"System pozycjonowania akustycznego Kongsberg MicroPAP - ESCORT TECHNOLOGY\" \/>\n<meta property=\"og:description\" content=\"System pozycjonowania akustycznego Kongsberg MicroPAP \u00b5PAP jest ma\u0142ym i kompaktowym systemem pozycjonowania akustycznego przeznaczonym do pracy ze statku w celu \u015bledzenia robot\u00f3w podwodnych, ryb holowanych, nurk\u00f3w i wszelkich innych cel\u00f3w podwodnych w zasi\u0119gu do kilku tysi\u0119cy metr\u00f3w. System dzia\u0142a w trybie SSBL, w kt\u00f3rym mierzy odleg\u0142o\u015b\u0107 i kierunek do podwodnych transponder\u00f3w i oblicza pozycj\u0119 3D [&hellip;]\" \/>\n<meta property=\"og:url\" content=\"http:\/\/escort-technology.com\/pl\/system-pozycjonowania-akustycznego-kongsberg-micropap\/\" \/>\n<meta property=\"og:site_name\" content=\"ESCORT TECHNOLOGY\" \/>\n<meta property=\"article:publisher\" content=\"https:\/\/www.facebook.com\/elektronika.morska\/\" \/>\n<meta property=\"article:modified_time\" content=\"2021-11-16T08:35:27+00:00\" \/>\n<meta property=\"og:image\" content=\"https:\/\/escort-technology.com\/wp-content\/uploads\/2021\/11\/micropap-a4-horizontal-4.jpg\" \/>\n<meta name=\"twitter:card\" content=\"summary_large_image\" \/>\n<meta name=\"twitter:label1\" content=\"Szacowany czas czytania\" \/>\n\t<meta name=\"twitter:data1\" content=\"2 minuty\" \/>\n<script type=\"application\/ld+json\" class=\"yoast-schema-graph\">{\"@context\":\"https:\\\/\\\/schema.org\",\"@graph\":[{\"@type\":\"WebPage\",\"@id\":\"http:\\\/\\\/escort-technology.com\\\/en\\\/system-pozycjonowania-akustycznego-kongsberg-micropap\\\/\",\"url\":\"http:\\\/\\\/escort-technology.com\\\/en\\\/system-pozycjonowania-akustycznego-kongsberg-micropap\\\/\",\"name\":\"System pozycjonowania akustycznego Kongsberg MicroPAP - ESCORT TECHNOLOGY\",\"isPartOf\":{\"@id\":\"http:\\\/\\\/escort-technology.com\\\/de\\\/#website\"},\"datePublished\":\"2021-11-16T08:18:04+00:00\",\"dateModified\":\"2021-11-16T08:35:27+00:00\",\"breadcrumb\":{\"@id\":\"http:\\\/\\\/escort-technology.com\\\/en\\\/system-pozycjonowania-akustycznego-kongsberg-micropap\\\/#breadcrumb\"},\"inLanguage\":\"pl-PL\",\"potentialAction\":[{\"@type\":\"ReadAction\",\"target\":[\"http:\\\/\\\/escort-technology.com\\\/en\\\/system-pozycjonowania-akustycznego-kongsberg-micropap\\\/\"]}]},{\"@type\":\"BreadcrumbList\",\"@id\":\"http:\\\/\\\/escort-technology.com\\\/en\\\/system-pozycjonowania-akustycznego-kongsberg-micropap\\\/#breadcrumb\",\"itemListElement\":[{\"@type\":\"ListItem\",\"position\":1,\"name\":\"Strona g\u0142\u00f3wna\",\"item\":\"https:\\\/\\\/escort-technology.com\\\/\"},{\"@type\":\"ListItem\",\"position\":2,\"name\":\"System pozycjonowania akustycznego Kongsberg MicroPAP\"}]},{\"@type\":\"WebSite\",\"@id\":\"http:\\\/\\\/escort-technology.com\\\/de\\\/#website\",\"url\":\"http:\\\/\\\/escort-technology.com\\\/de\\\/\",\"name\":\"ESCORT TECHNOLOGY\",\"description\":\"Elektronika morska i l\u0105dowa\",\"publisher\":{\"@id\":\"http:\\\/\\\/escort-technology.com\\\/de\\\/#organization\"},\"potentialAction\":[{\"@type\":\"SearchAction\",\"target\":{\"@type\":\"EntryPoint\",\"urlTemplate\":\"http:\\\/\\\/escort-technology.com\\\/de\\\/?s={search_term_string}\"},\"query-input\":{\"@type\":\"PropertyValueSpecification\",\"valueRequired\":true,\"valueName\":\"search_term_string\"}}],\"inLanguage\":\"pl-PL\"},{\"@type\":\"Organization\",\"@id\":\"http:\\\/\\\/escort-technology.com\\\/de\\\/#organization\",\"name\":\"ESCORT TECHNOLOGY\",\"url\":\"http:\\\/\\\/escort-technology.com\\\/de\\\/\",\"logo\":{\"@type\":\"ImageObject\",\"inLanguage\":\"pl-PL\",\"@id\":\"http:\\\/\\\/escort-technology.com\\\/de\\\/#\\\/schema\\\/logo\\\/image\\\/\",\"url\":\"https:\\\/\\\/escort-technology.com\\\/wp-content\\\/uploads\\\/logo-1.jpg\",\"contentUrl\":\"https:\\\/\\\/escort-technology.com\\\/wp-content\\\/uploads\\\/logo-1.jpg\",\"width\":600,\"height\":165,\"caption\":\"ESCORT TECHNOLOGY\"},\"image\":{\"@id\":\"http:\\\/\\\/escort-technology.com\\\/de\\\/#\\\/schema\\\/logo\\\/image\\\/\"},\"sameAs\":[\"https:\\\/\\\/www.facebook.com\\\/elektronika.morska\\\/\",\"https:\\\/\\\/www.linkedin.com\\\/company\\\/escort-sp-z-o-o-\\\/\"]}]}<\/script>\n<!-- \/ Yoast SEO plugin. -->","yoast_head_json":{"title":"System pozycjonowania akustycznego Kongsberg MicroPAP - ESCORT TECHNOLOGY","robots":{"index":"index","follow":"follow","max-snippet":"max-snippet:-1","max-image-preview":"max-image-preview:large","max-video-preview":"max-video-preview:-1"},"canonical":"http:\/\/escort-technology.com\/pl\/system-pozycjonowania-akustycznego-kongsberg-micropap\/","og_locale":"pl_PL","og_type":"article","og_title":"System pozycjonowania akustycznego Kongsberg MicroPAP - ESCORT TECHNOLOGY","og_description":"System pozycjonowania akustycznego Kongsberg MicroPAP \u00b5PAP jest ma\u0142ym i kompaktowym systemem pozycjonowania akustycznego przeznaczonym do pracy ze statku w celu \u015bledzenia robot\u00f3w podwodnych, ryb holowanych, nurk\u00f3w i wszelkich innych cel\u00f3w podwodnych w zasi\u0119gu do kilku tysi\u0119cy metr\u00f3w. System dzia\u0142a w trybie SSBL, w kt\u00f3rym mierzy odleg\u0142o\u015b\u0107 i kierunek do podwodnych transponder\u00f3w i oblicza pozycj\u0119 3D [&hellip;]","og_url":"http:\/\/escort-technology.com\/pl\/system-pozycjonowania-akustycznego-kongsberg-micropap\/","og_site_name":"ESCORT TECHNOLOGY","article_publisher":"https:\/\/www.facebook.com\/elektronika.morska\/","article_modified_time":"2021-11-16T08:35:27+00:00","og_image":[{"url":"https:\/\/escort-technology.com\/wp-content\/uploads\/2021\/11\/micropap-a4-horizontal-4.jpg","type":"","width":"","height":""}],"twitter_card":"summary_large_image","twitter_misc":{"Szacowany czas czytania":"2 minuty"},"schema":{"@context":"https:\/\/schema.org","@graph":[{"@type":"WebPage","@id":"http:\/\/escort-technology.com\/en\/system-pozycjonowania-akustycznego-kongsberg-micropap\/","url":"http:\/\/escort-technology.com\/en\/system-pozycjonowania-akustycznego-kongsberg-micropap\/","name":"System pozycjonowania akustycznego Kongsberg MicroPAP - ESCORT TECHNOLOGY","isPartOf":{"@id":"http:\/\/escort-technology.com\/de\/#website"},"datePublished":"2021-11-16T08:18:04+00:00","dateModified":"2021-11-16T08:35:27+00:00","breadcrumb":{"@id":"http:\/\/escort-technology.com\/en\/system-pozycjonowania-akustycznego-kongsberg-micropap\/#breadcrumb"},"inLanguage":"pl-PL","potentialAction":[{"@type":"ReadAction","target":["http:\/\/escort-technology.com\/en\/system-pozycjonowania-akustycznego-kongsberg-micropap\/"]}]},{"@type":"BreadcrumbList","@id":"http:\/\/escort-technology.com\/en\/system-pozycjonowania-akustycznego-kongsberg-micropap\/#breadcrumb","itemListElement":[{"@type":"ListItem","position":1,"name":"Strona g\u0142\u00f3wna","item":"https:\/\/escort-technology.com\/"},{"@type":"ListItem","position":2,"name":"System pozycjonowania akustycznego Kongsberg MicroPAP"}]},{"@type":"WebSite","@id":"http:\/\/escort-technology.com\/de\/#website","url":"http:\/\/escort-technology.com\/de\/","name":"ESCORT TECHNOLOGY","description":"Elektronika morska i l\u0105dowa","publisher":{"@id":"http:\/\/escort-technology.com\/de\/#organization"},"potentialAction":[{"@type":"SearchAction","target":{"@type":"EntryPoint","urlTemplate":"http:\/\/escort-technology.com\/de\/?s={search_term_string}"},"query-input":{"@type":"PropertyValueSpecification","valueRequired":true,"valueName":"search_term_string"}}],"inLanguage":"pl-PL"},{"@type":"Organization","@id":"http:\/\/escort-technology.com\/de\/#organization","name":"ESCORT TECHNOLOGY","url":"http:\/\/escort-technology.com\/de\/","logo":{"@type":"ImageObject","inLanguage":"pl-PL","@id":"http:\/\/escort-technology.com\/de\/#\/schema\/logo\/image\/","url":"https:\/\/escort-technology.com\/wp-content\/uploads\/logo-1.jpg","contentUrl":"https:\/\/escort-technology.com\/wp-content\/uploads\/logo-1.jpg","width":600,"height":165,"caption":"ESCORT TECHNOLOGY"},"image":{"@id":"http:\/\/escort-technology.com\/de\/#\/schema\/logo\/image\/"},"sameAs":["https:\/\/www.facebook.com\/elektronika.morska\/","https:\/\/www.linkedin.com\/company\/escort-sp-z-o-o-\/"]}]}},"_links":{"self":[{"href":"https:\/\/escort-technology.com\/pl\/wp-json\/wp\/v2\/pages\/10526","targetHints":{"allow":["GET"]}}],"collection":[{"href":"https:\/\/escort-technology.com\/pl\/wp-json\/wp\/v2\/pages"}],"about":[{"href":"https:\/\/escort-technology.com\/pl\/wp-json\/wp\/v2\/types\/page"}],"author":[{"embeddable":true,"href":"https:\/\/escort-technology.com\/pl\/wp-json\/wp\/v2\/users\/10"}],"replies":[{"embeddable":true,"href":"https:\/\/escort-technology.com\/pl\/wp-json\/wp\/v2\/comments?post=10526"}],"version-history":[{"count":11,"href":"https:\/\/escort-technology.com\/pl\/wp-json\/wp\/v2\/pages\/10526\/revisions"}],"predecessor-version":[{"id":10540,"href":"https:\/\/escort-technology.com\/pl\/wp-json\/wp\/v2\/pages\/10526\/revisions\/10540"}],"wp:attachment":[{"href":"https:\/\/escort-technology.com\/pl\/wp-json\/wp\/v2\/media?parent=10526"}],"curies":[{"name":"wp","href":"https:\/\/api.w.org\/{rel}","templated":true}]}}