{"id":10553,"date":"2021-11-16T10:09:11","date_gmt":"2021-11-16T09:09:11","guid":{"rendered":"https:\/\/escort-technology.com\/?page_id=10553"},"modified":"2021-11-16T11:32:46","modified_gmt":"2021-11-16T10:32:46","slug":"systemy-pozycjonowania-akustycznego-kongsberg-hipap","status":"publish","type":"page","link":"https:\/\/escort-technology.com\/pl\/systemy-pozycjonowania-akustycznego-kongsberg-hipap\/","title":{"rendered":"Systemy pozycjonowania akustycznego Kongsberg HiPAP"},"content":{"rendered":"<h1>\n<h1 class=\"uk-article-title\">Systemy pozycjonowania akustycznego Kongsberg HiPAP<\/h1>\n<\/h1>\n<hr>\n<p><img decoding=\"async\" src=\"\/wp-content\/uploads\/2021\/11\/hipap-brochure-cover-2015-smaller.jpg\" alt=\"\"><\/p>\n<table>\n<tbody>\n<tr>\n<td>System<\/td>\n<td>\n<p><strong>HiPAP 502\u00a0 \u00a0 \u00a0 \u00a0 \u00a0 \u00a0 HiPAP 452\u00a0 \u00a0 \u00a0 \u00a0 \u00a0 HiPAP 352\u00a0 \u00a0 \u00a0 \u00a0 \u00a0 \u00a0 \u00a0HiPAP 352P\u00a0 \u00a0 \u00a0 \u00a0 \u00a0 HiPAP 102<\/strong><\/p>\n<\/td>\n<\/tr>\n<tr>\n<td>Liczba aktywnych element\u00f3w<\/td>\n<td>\n<p>241\u00a0 \u00a0 \u00a0 \u00a0 \u00a0 \u00a0 \u00a0 \u00a0 \u00a0 \u00a0 \u00a0 \u00a0 \u00a0 46\u00a0 \u00a0 \u00a0 \u00a0 \u00a0 \u00a0 \u00a0 \u00a0 \u00a0 \u00a0 \u00a0 \u00a0 \u00a046\u00a0 \u00a0 \u00a0 \u00a0 \u00a0 \u00a0 \u00a0 \u00a0 \u00a0 \u00a0 \u00a0 \u00a0 \u00a0 \u00a046\u00a0 \u00a0 \u00a0 \u00a0 \u00a0 \u00a0 \u00a0 \u00a0 \u00a0 \u00a0 \u00a0 \u00a0 \u00a031<\/p>\n<\/td>\n<\/tr>\n<tr>\n<td>Maksymalny\/zalecany obszar pracy akustycznej pod statkiem<\/td>\n<td>\n<p><span>200\u00ba \/ 200\u00ba\u00a0 \u00a0 \u00a0 \u00a0 \u00a0 160\u00ba \/ 120\u00ba\u00a0 \u00a0 \u00a0 \u00a0 160\u00ba \/ 120\u00ba\u00a0 \u00a0 \u00a0 \u00a0 \u00a0 160\u00ba \/ 120\u00ba\u00a0 \u00a0 \u00a0 \u00a0 \u00a0 120\u00ba \/ 120\u00ba\u00a0<\/span><\/p>\n<\/td>\n<\/tr>\n<tr>\n<td>Wymagana minimalna wielko\u015b\u0107 zasuwy<\/td>\n<td>\n<p><span>20 in \/ 500 mm\u00a0 \u00a0 20 in \/ 500 mm\u00a0 14 in \/ 350 mm\u00a0 \u00a0 \u00a0 \u00a0&#8211;\u00a0 \u00a0 \u00a0 \u00a0 \u00a0 \u00a0 \u00a0 \u00a0 \u00a0 \u00a0 \u00a0 \u00a020 in \/ 500 mm<\/span><\/p>\n<\/td>\n<\/tr>\n<tr>\n<td>\u015arednica przetwornika<\/td>\n<td>\n<p><span>400 mm\u00a0 \u00a0 \u00a0 \u00a0 \u00a0 \u00a0 \u00a0 \u00a0 \u00a0400 mm\u00a0 \u00a0 \u00a0 \u00a0 \u00a0 \u00a0 \u00a0320 mm\u00a0 \u00a0 \u00a0 \u00a0 \u00a0 \u00a0 \u00a0 \u00a0345 mm\u00a0 \u00a0 \u00a0 \u00a0 \u00a0 \u00a0 \u00a0 \u00a0 \u00a0460 mm<\/span><\/p>\n<\/td>\n<\/tr>\n<tr>\n<td>W\u0105sko ukierunkowana wi\u0105zka odbiornika<\/td>\n<td>\n<p><span>10\u00ba\u00a0 \u00a0 \u00a0 \u00a0 \u00a0 \u00a0 \u00a0 \u00a0 \u00a0 \u00a0 \u00a0 \u00a0 \u00a0 \u00a015\u00ba\u00a0 \u00a0 \u00a0 \u00a0 \u00a0 \u00a0 \u00a0 \u00a0 \u00a0 \u00a0 \u00a0 15\u00ba\u00a0 \u00a0 \u00a0 \u00a0 \u00a0 \u00a0 \u00a0 \u00a0 \u00a0 \u00a0 \u00a0 \u00a0 \u00a015\u00ba\u00a0 \u00a0 \u00a0 \u00a0 \u00a0 \u00a0 \u00a0 \u00a0 \u00a0 \u00a0 \u00a0 \u00a0 \u00a0 15\u00ba<\/span><\/p>\n<\/td>\n<\/tr>\n<tr>\n<td>Zakres pracy*<\/td>\n<td>\n<p><span>1 &#8211; 5000 m\u00a0 \u00a0 \u00a0 \u00a0 \u00a0 \u00a01 &#8211; 5000 m\u00a0 \u00a0 \u00a0 \u00a01 &#8211; 5000 m\u00a0 \u00a0 \u00a0 \u00a0 \u00a0 \u00a0 1 &#8211; 4000 m\u00a0 \u00a0 \u00a0 \u00a0 \u00a0 \u00a01 &#8211; 10000 m<\/span><\/p>\n<\/td>\n<\/tr>\n<tr>\n<td>Liczba kana\u0142\u00f3w transpondera<\/td>\n<td>\n<p><span>56 \/ 500+\u00a0 \u00a0 \u00a0 \u00a0 \u00a0 \u00a0 \u00a056 \/ 500+\u00a0 \u00a0 \u00a0 \u00a0 \u00a0 56 \/ 500+\u00a0 \u00a0 \u00a0 \u00a0 \u00a0 \u00a0 \u00a0 56 \/ 500+\u00a0 \u00a0 \u00a0 \u00a0 \u00a0 \u00a0 \u00a0 30 \/ 50<\/span><\/p>\n<\/td>\n<\/tr>\n<\/tbody>\n<\/table>\n<div>\n<p>Wszystkie modele HiPAP 352P zawieraj\u0105 czujniki po\u0142o\u017cenia o r\u00f3\u017cnych dok\u0142adno\u015bciach, jak poni\u017cej:<\/p>\n<p>HiPAP 352P: Zawiera MRU-H<br \/>HiPAP 352P-5: Obejmuje MRU-5<br \/>HiPAP 352P-MGC: Obejmuje MGC IMU<br \/>HiPAP 352P-I: Obejmuje HG9900 IMU.<br \/>UWAGA<br \/>Bardzo wa\u017cne jest, aby u\u017cywa\u0107 transponder\u00f3w z wystarczaj\u0105co silnym poziomem \u017ar\u00f3d\u0142a sygna\u0142u wyj\u015bciowego, aby uzyska\u0107 najwy\u017cszy stosunek S\/N, a tym samym najlepsz\u0105 dok\u0142adno\u015b\u0107 SSBL.<\/p>\n<\/div>\n<p>\n    <a href=\"https:\/\/www.kongsberg.com\/globalassets\/maritime\/km-products\/product-documents\/hipap-family-brochure\">Katalog HiPAP<\/a>\n<\/p>\n<p><!--more--><br \/>\n<!-- {\"type\":\"layout\",\"children\":[{\"type\":\"section\",\"props\":{\"style\":\"default\",\"width\":\"default\",\"vertical_align\":\"middle\",\"title_position\":\"top-left\",\"title_rotation\":\"left\",\"title_breakpoint\":\"xl\",\"image_position\":\"center-center\"},\"children\":[{\"type\":\"row\",\"children\":[{\"type\":\"column\",\"props\":{\"image_position\":\"center-center\",\"media_overlay_gradient\":\"\"},\"children\":[{\"type\":\"headline\",\"props\":{\"title_element\":\"h1\",\"content\":\"\n\n<h1 class=\\\"uk-article-title\\\">Systemy pozycjonowania akustycznego Kongsberg HiPAP<\\\/h1>\"}},{\"type\":\"divider\",\"props\":{\"divider_element\":\"hr\"}},{\"type\":\"image\",\"props\":{\"margin\":\"default\",\"image_svg_color\":\"emphasis\",\"image\":\"wp-content\\\/uploads\\\/2021\\\/11\\\/hipap-brochure-cover-2015-smaller.jpg\"}}]}]}]},{\"type\":\"section\",\"props\":{\"style\":\"default\",\"width\":\"default\",\"vertical_align\":\"middle\",\"title_position\":\"top-left\",\"title_rotation\":\"left\",\"title_breakpoint\":\"xl\",\"image_position\":\"center-center\"},\"children\":[{\"type\":\"row\",\"children\":[{\"type\":\"column\",\"props\":{\"image_position\":\"center-center\",\"media_overlay_gradient\":\"\"},\"children\":[{\"type\":\"table\",\"props\":{\"show_title\":true,\"show_meta\":true,\"show_content\":true,\"show_image\":true,\"show_link\":true,\"table_order\":\"1\",\"table_responsive\":\"overflow\",\"table_width_title\":\"shrink\",\"table_width_meta\":\"shrink\",\"meta_style\":\"meta\",\"image_svg_color\":\"emphasis\",\"link_text\":\"Read more\",\"link_style\":\"default\"},\"children\":[{\"type\":\"table_item\",\"props\":{\"title\":\"System\",\"meta\":\"\",\"content\":\"\n\n<p><strong>HiPAP 502\\u00a0 \\u00a0 \\u00a0 \\u00a0 \\u00a0 \\u00a0 HiPAP 452\\u00a0 \\u00a0 \\u00a0 \\u00a0 \\u00a0 HiPAP 352\\u00a0 \\u00a0 \\u00a0 \\u00a0 \\u00a0 \\u00a0 \\u00a0HiPAP 352P\\u00a0 \\u00a0 \\u00a0 \\u00a0 \\u00a0 HiPAP 102<\\\/strong><\\\/p>\"}},{\"type\":\"table_item\",\"props\":{\"meta\":\"\",\"content\":\"\n\n<p>241\\u00a0 \\u00a0 \\u00a0 \\u00a0 \\u00a0 \\u00a0 \\u00a0 \\u00a0 \\u00a0 \\u00a0 \\u00a0 \\u00a0 \\u00a0 46\\u00a0 \\u00a0 \\u00a0 \\u00a0 \\u00a0 \\u00a0 \\u00a0 \\u00a0 \\u00a0 \\u00a0 \\u00a0 \\u00a0 \\u00a046\\u00a0 \\u00a0 \\u00a0 \\u00a0 \\u00a0 \\u00a0 \\u00a0 \\u00a0 \\u00a0 \\u00a0 \\u00a0 \\u00a0 \\u00a0 \\u00a046\\u00a0 \\u00a0 \\u00a0 \\u00a0 \\u00a0 \\u00a0 \\u00a0 \\u00a0 \\u00a0 \\u00a0 \\u00a0 \\u00a0 \\u00a031<\\\/p>\",\"title\":\"Liczba aktywnych element\\u00f3w\"}},{\"type\":\"table_item\",\"props\":{\"title\":\"Maksymalny\\\/zalecany obszar pracy akustycznej pod statkiem\",\"content\":\"\n\n<p><span>200\\u00ba \\\/ 200\\u00ba\\u00a0 \\u00a0 \\u00a0 \\u00a0 \\u00a0 160\\u00ba \\\/ 120\\u00ba\\u00a0 \\u00a0 \\u00a0 \\u00a0 160\\u00ba \\\/ 120\\u00ba\\u00a0 \\u00a0 \\u00a0 \\u00a0 \\u00a0 160\\u00ba \\\/ 120\\u00ba\\u00a0 \\u00a0 \\u00a0 \\u00a0 \\u00a0 120\\u00ba \\\/ 120\\u00ba\\u00a0<\\\/span><\\\/p>\"}},{\"type\":\"table_item\",\"props\":{\"title\":\"Wymagana minimalna wielko\\u015b\\u0107 zasuwy\",\"content\":\"\n\n<p><span>20 in \\\/ 500 mm\\u00a0 \\u00a0 20 in \\\/ 500 mm\\u00a0 14 in \\\/ 350 mm\\u00a0 \\u00a0 \\u00a0 \\u00a0-\\u00a0 \\u00a0 \\u00a0 \\u00a0 \\u00a0 \\u00a0 \\u00a0 \\u00a0 \\u00a0 \\u00a0 \\u00a0 \\u00a020 in \\\/ 500 mm<\\\/span><\\\/p>\"}},{\"type\":\"table_item\",\"props\":{\"title\":\"\\u015arednica przetwornika\",\"content\":\"\n\n<p><span>400 mm\\u00a0 \\u00a0 \\u00a0 \\u00a0 \\u00a0 \\u00a0 \\u00a0 \\u00a0 \\u00a0400 mm\\u00a0 \\u00a0 \\u00a0 \\u00a0 \\u00a0 \\u00a0 \\u00a0320 mm\\u00a0 \\u00a0 \\u00a0 \\u00a0 \\u00a0 \\u00a0 \\u00a0 \\u00a0345 mm\\u00a0 \\u00a0 \\u00a0 \\u00a0 \\u00a0 \\u00a0 \\u00a0 \\u00a0 \\u00a0460 mm<\\\/span><\\\/p>\"}},{\"type\":\"table_item\",\"props\":{\"title\":\"W\\u0105sko ukierunkowana wi\\u0105zka odbiornika\",\"content\":\"\n\n<p><span>10\\u00ba\\u00a0 \\u00a0 \\u00a0 \\u00a0 \\u00a0 \\u00a0 \\u00a0 \\u00a0 \\u00a0 \\u00a0 \\u00a0 \\u00a0 \\u00a0 \\u00a015\\u00ba\\u00a0 \\u00a0 \\u00a0 \\u00a0 \\u00a0 \\u00a0 \\u00a0 \\u00a0 \\u00a0 \\u00a0 \\u00a0 15\\u00ba\\u00a0 \\u00a0 \\u00a0 \\u00a0 \\u00a0 \\u00a0 \\u00a0 \\u00a0 \\u00a0 \\u00a0 \\u00a0 \\u00a0 \\u00a015\\u00ba\\u00a0 \\u00a0 \\u00a0 \\u00a0 \\u00a0 \\u00a0 \\u00a0 \\u00a0 \\u00a0 \\u00a0 \\u00a0 \\u00a0 \\u00a0 15\\u00ba<\\\/span><\\\/p>\"}},{\"type\":\"table_item\",\"props\":{\"title\":\"Zakres pracy*\",\"content\":\"\n\n<p><span>1 - 5000 m\\u00a0 \\u00a0 \\u00a0 \\u00a0 \\u00a0 \\u00a01 - 5000 m\\u00a0 \\u00a0 \\u00a0 \\u00a01 - 5000 m\\u00a0 \\u00a0 \\u00a0 \\u00a0 \\u00a0 \\u00a0 1 - 4000 m\\u00a0 \\u00a0 \\u00a0 \\u00a0 \\u00a0 \\u00a01 - 10000 m<\\\/span><\\\/p>\"}},{\"type\":\"table_item\",\"props\":{\"title\":\"Liczba kana\\u0142\\u00f3w transpondera\",\"content\":\"\n\n<p><span>56 \\\/ 500+\\u00a0 \\u00a0 \\u00a0 \\u00a0 \\u00a0 \\u00a0 \\u00a056 \\\/ 500+\\u00a0 \\u00a0 \\u00a0 \\u00a0 \\u00a0 56 \\\/ 500+\\u00a0 \\u00a0 \\u00a0 \\u00a0 \\u00a0 \\u00a0 \\u00a0 56 \\\/ 500+\\u00a0 \\u00a0 \\u00a0 \\u00a0 \\u00a0 \\u00a0 \\u00a0 30 \\\/ 50<\\\/span><\\\/p>\"}}]},{\"type\":\"text\",\"props\":{\"margin\":\"default\",\"column_breakpoint\":\"m\",\"content\":\"\n\n<p>Wszystkie modele HiPAP 352P zawieraj\\u0105 czujniki po\\u0142o\\u017cenia o r\\u00f3\\u017cnych dok\\u0142adno\\u015bciach, jak poni\\u017cej:<\\\/p>\\n\n\n<p>HiPAP 352P: Zawiera MRU-H<br \\\/>HiPAP 352P-5: Obejmuje MRU-5<br \\\/>HiPAP 352P-MGC: Obejmuje MGC IMU<br \\\/>HiPAP 352P-I: Obejmuje HG9900 IMU.<br \\\/>UWAGA<br \\\/>Bardzo wa\\u017cne jest, aby u\\u017cywa\\u0107 transponder\\u00f3w z wystarczaj\\u0105co silnym poziomem \\u017ar\\u00f3d\\u0142a sygna\\u0142u wyj\\u015bciowego, aby uzyska\\u0107 najwy\\u017cszy stosunek S\\\/N, a tym samym najlepsz\\u0105 dok\\u0142adno\\u015b\\u0107 SSBL.<\\\/p>\"}}]}]}]},{\"type\":\"section\",\"props\":{\"style\":\"default\",\"width\":\"default\",\"vertical_align\":\"middle\",\"title_position\":\"top-left\",\"title_rotation\":\"left\",\"title_breakpoint\":\"xl\",\"image_position\":\"center-center\"},\"children\":[{\"type\":\"row\",\"children\":[{\"type\":\"column\",\"props\":{\"image_position\":\"center-center\",\"media_overlay_gradient\":\"\"},\"children\":[{\"type\":\"button\",\"props\":{\"grid_column_gap\":\"small\",\"grid_row_gap\":\"small\",\"margin\":\"default\",\"text_align\":\"center\"},\"children\":[{\"type\":\"button_item\",\"props\":{\"button_style\":\"default\",\"icon_align\":\"left\",\"content\":\"Katalog HiPAP\",\"link\":\"https:\\\/\\\/www.kongsberg.com\\\/globalassets\\\/maritime\\\/km-products\\\/product-documents\\\/hipap-family-brochure\"}}]}]}]}]}],\"version\":\"2.6.7\"} --><\/p>\n","protected":false},"excerpt":{"rendered":"<p>Systemy pozycjonowania akustycznego Kongsberg HiPAP System HiPAP 502\u00a0 \u00a0 \u00a0 \u00a0 \u00a0 \u00a0 HiPAP 452\u00a0 \u00a0 \u00a0 \u00a0 \u00a0 HiPAP 352\u00a0 \u00a0 \u00a0 \u00a0 \u00a0 \u00a0 \u00a0HiPAP 352P\u00a0 \u00a0 \u00a0 \u00a0 \u00a0 HiPAP 102 Liczba aktywnych element\u00f3w 241\u00a0 \u00a0 \u00a0 \u00a0 \u00a0 \u00a0 \u00a0 \u00a0 \u00a0 \u00a0 \u00a0 \u00a0 \u00a0 46\u00a0 \u00a0 \u00a0 \u00a0 \u00a0 [&hellip;]<\/p>\n","protected":false},"author":10,"featured_media":0,"parent":0,"menu_order":0,"comment_status":"closed","ping_status":"closed","template":"","meta":{"footnotes":""},"class_list":["post-10553","page","type-page","status-publish","hentry"],"yoast_head":"<!-- This site is optimized with the Yoast SEO plugin v27.6 - https:\/\/yoast.com\/product\/yoast-seo-wordpress\/ -->\n<title>Systemy pozycjonowania akustycznego Kongsberg HiPAP - ESCORT TECHNOLOGY<\/title>\n<meta name=\"robots\" content=\"index, follow, max-snippet:-1, max-image-preview:large, max-video-preview:-1\" \/>\n<link rel=\"canonical\" href=\"https:\/\/escort-technology.com\/pl\/systemy-pozycjonowania-akustycznego-kongsberg-hipap\/\" \/>\n<meta property=\"og:locale\" content=\"pl_PL\" \/>\n<meta property=\"og:type\" content=\"article\" \/>\n<meta property=\"og:title\" content=\"Systemy pozycjonowania akustycznego Kongsberg HiPAP - ESCORT TECHNOLOGY\" \/>\n<meta property=\"og:description\" content=\"Systemy pozycjonowania akustycznego Kongsberg HiPAP System HiPAP 502\u00a0 \u00a0 \u00a0 \u00a0 \u00a0 \u00a0 HiPAP 452\u00a0 \u00a0 \u00a0 \u00a0 \u00a0 HiPAP 352\u00a0 \u00a0 \u00a0 \u00a0 \u00a0 \u00a0 \u00a0HiPAP 352P\u00a0 \u00a0 \u00a0 \u00a0 \u00a0 HiPAP 102 Liczba aktywnych element\u00f3w 241\u00a0 \u00a0 \u00a0 \u00a0 \u00a0 \u00a0 \u00a0 \u00a0 \u00a0 \u00a0 \u00a0 \u00a0 \u00a0 46\u00a0 \u00a0 \u00a0 \u00a0 \u00a0 [&hellip;]\" \/>\n<meta property=\"og:url\" content=\"https:\/\/escort-technology.com\/pl\/systemy-pozycjonowania-akustycznego-kongsberg-hipap\/\" \/>\n<meta property=\"og:site_name\" content=\"ESCORT TECHNOLOGY\" \/>\n<meta property=\"article:publisher\" content=\"https:\/\/www.facebook.com\/elektronika.morska\/\" \/>\n<meta property=\"article:modified_time\" content=\"2021-11-16T10:32:46+00:00\" \/>\n<meta property=\"og:image\" content=\"https:\/\/escort-technology.com\/wp-content\/uploads\/2021\/11\/hipap-brochure-cover-2015-smaller.jpg\" \/>\n<meta name=\"twitter:card\" content=\"summary_large_image\" \/>\n<meta name=\"twitter:label1\" content=\"Szacowany czas czytania\" \/>\n\t<meta name=\"twitter:data1\" content=\"1 minuta\" \/>\n<script type=\"application\/ld+json\" class=\"yoast-schema-graph\">{\"@context\":\"https:\\\/\\\/schema.org\",\"@graph\":[{\"@type\":\"WebPage\",\"@id\":\"https:\\\/\\\/escort-technology.com\\\/pl\\\/systemy-pozycjonowania-akustycznego-kongsberg-hipap\\\/\",\"url\":\"https:\\\/\\\/escort-technology.com\\\/pl\\\/systemy-pozycjonowania-akustycznego-kongsberg-hipap\\\/\",\"name\":\"Systemy pozycjonowania akustycznego Kongsberg HiPAP - ESCORT TECHNOLOGY\",\"isPartOf\":{\"@id\":\"http:\\\/\\\/escort-technology.com\\\/de\\\/#website\"},\"datePublished\":\"2021-11-16T09:09:11+00:00\",\"dateModified\":\"2021-11-16T10:32:46+00:00\",\"breadcrumb\":{\"@id\":\"https:\\\/\\\/escort-technology.com\\\/pl\\\/systemy-pozycjonowania-akustycznego-kongsberg-hipap\\\/#breadcrumb\"},\"inLanguage\":\"pl-PL\",\"potentialAction\":[{\"@type\":\"ReadAction\",\"target\":[\"https:\\\/\\\/escort-technology.com\\\/pl\\\/systemy-pozycjonowania-akustycznego-kongsberg-hipap\\\/\"]}]},{\"@type\":\"BreadcrumbList\",\"@id\":\"https:\\\/\\\/escort-technology.com\\\/pl\\\/systemy-pozycjonowania-akustycznego-kongsberg-hipap\\\/#breadcrumb\",\"itemListElement\":[{\"@type\":\"ListItem\",\"position\":1,\"name\":\"Strona g\u0142\u00f3wna\",\"item\":\"https:\\\/\\\/escort-technology.com\\\/\"},{\"@type\":\"ListItem\",\"position\":2,\"name\":\"Systemy pozycjonowania akustycznego Kongsberg HiPAP\"}]},{\"@type\":\"WebSite\",\"@id\":\"http:\\\/\\\/escort-technology.com\\\/de\\\/#website\",\"url\":\"http:\\\/\\\/escort-technology.com\\\/de\\\/\",\"name\":\"ESCORT TECHNOLOGY\",\"description\":\"Elektronika morska i l\u0105dowa\",\"publisher\":{\"@id\":\"http:\\\/\\\/escort-technology.com\\\/de\\\/#organization\"},\"potentialAction\":[{\"@type\":\"SearchAction\",\"target\":{\"@type\":\"EntryPoint\",\"urlTemplate\":\"http:\\\/\\\/escort-technology.com\\\/de\\\/?s={search_term_string}\"},\"query-input\":{\"@type\":\"PropertyValueSpecification\",\"valueRequired\":true,\"valueName\":\"search_term_string\"}}],\"inLanguage\":\"pl-PL\"},{\"@type\":\"Organization\",\"@id\":\"http:\\\/\\\/escort-technology.com\\\/de\\\/#organization\",\"name\":\"ESCORT TECHNOLOGY\",\"url\":\"http:\\\/\\\/escort-technology.com\\\/de\\\/\",\"logo\":{\"@type\":\"ImageObject\",\"inLanguage\":\"pl-PL\",\"@id\":\"http:\\\/\\\/escort-technology.com\\\/de\\\/#\\\/schema\\\/logo\\\/image\\\/\",\"url\":\"https:\\\/\\\/escort-technology.com\\\/wp-content\\\/uploads\\\/logo-1.jpg\",\"contentUrl\":\"https:\\\/\\\/escort-technology.com\\\/wp-content\\\/uploads\\\/logo-1.jpg\",\"width\":600,\"height\":165,\"caption\":\"ESCORT TECHNOLOGY\"},\"image\":{\"@id\":\"http:\\\/\\\/escort-technology.com\\\/de\\\/#\\\/schema\\\/logo\\\/image\\\/\"},\"sameAs\":[\"https:\\\/\\\/www.facebook.com\\\/elektronika.morska\\\/\",\"https:\\\/\\\/www.linkedin.com\\\/company\\\/escort-sp-z-o-o-\\\/\"]}]}<\/script>\n<!-- \/ Yoast SEO plugin. -->","yoast_head_json":{"title":"Systemy pozycjonowania akustycznego Kongsberg HiPAP - ESCORT TECHNOLOGY","robots":{"index":"index","follow":"follow","max-snippet":"max-snippet:-1","max-image-preview":"max-image-preview:large","max-video-preview":"max-video-preview:-1"},"canonical":"https:\/\/escort-technology.com\/pl\/systemy-pozycjonowania-akustycznego-kongsberg-hipap\/","og_locale":"pl_PL","og_type":"article","og_title":"Systemy pozycjonowania akustycznego Kongsberg HiPAP - ESCORT TECHNOLOGY","og_description":"Systemy pozycjonowania akustycznego Kongsberg HiPAP System HiPAP 502\u00a0 \u00a0 \u00a0 \u00a0 \u00a0 \u00a0 HiPAP 452\u00a0 \u00a0 \u00a0 \u00a0 \u00a0 HiPAP 352\u00a0 \u00a0 \u00a0 \u00a0 \u00a0 \u00a0 \u00a0HiPAP 352P\u00a0 \u00a0 \u00a0 \u00a0 \u00a0 HiPAP 102 Liczba aktywnych element\u00f3w 241\u00a0 \u00a0 \u00a0 \u00a0 \u00a0 \u00a0 \u00a0 \u00a0 \u00a0 \u00a0 \u00a0 \u00a0 \u00a0 46\u00a0 \u00a0 \u00a0 \u00a0 \u00a0 [&hellip;]","og_url":"https:\/\/escort-technology.com\/pl\/systemy-pozycjonowania-akustycznego-kongsberg-hipap\/","og_site_name":"ESCORT TECHNOLOGY","article_publisher":"https:\/\/www.facebook.com\/elektronika.morska\/","article_modified_time":"2021-11-16T10:32:46+00:00","og_image":[{"url":"https:\/\/escort-technology.com\/wp-content\/uploads\/2021\/11\/hipap-brochure-cover-2015-smaller.jpg","type":"","width":"","height":""}],"twitter_card":"summary_large_image","twitter_misc":{"Szacowany czas czytania":"1 minuta"},"schema":{"@context":"https:\/\/schema.org","@graph":[{"@type":"WebPage","@id":"https:\/\/escort-technology.com\/pl\/systemy-pozycjonowania-akustycznego-kongsberg-hipap\/","url":"https:\/\/escort-technology.com\/pl\/systemy-pozycjonowania-akustycznego-kongsberg-hipap\/","name":"Systemy pozycjonowania akustycznego Kongsberg HiPAP - ESCORT TECHNOLOGY","isPartOf":{"@id":"http:\/\/escort-technology.com\/de\/#website"},"datePublished":"2021-11-16T09:09:11+00:00","dateModified":"2021-11-16T10:32:46+00:00","breadcrumb":{"@id":"https:\/\/escort-technology.com\/pl\/systemy-pozycjonowania-akustycznego-kongsberg-hipap\/#breadcrumb"},"inLanguage":"pl-PL","potentialAction":[{"@type":"ReadAction","target":["https:\/\/escort-technology.com\/pl\/systemy-pozycjonowania-akustycznego-kongsberg-hipap\/"]}]},{"@type":"BreadcrumbList","@id":"https:\/\/escort-technology.com\/pl\/systemy-pozycjonowania-akustycznego-kongsberg-hipap\/#breadcrumb","itemListElement":[{"@type":"ListItem","position":1,"name":"Strona g\u0142\u00f3wna","item":"https:\/\/escort-technology.com\/"},{"@type":"ListItem","position":2,"name":"Systemy pozycjonowania akustycznego Kongsberg HiPAP"}]},{"@type":"WebSite","@id":"http:\/\/escort-technology.com\/de\/#website","url":"http:\/\/escort-technology.com\/de\/","name":"ESCORT TECHNOLOGY","description":"Elektronika morska i l\u0105dowa","publisher":{"@id":"http:\/\/escort-technology.com\/de\/#organization"},"potentialAction":[{"@type":"SearchAction","target":{"@type":"EntryPoint","urlTemplate":"http:\/\/escort-technology.com\/de\/?s={search_term_string}"},"query-input":{"@type":"PropertyValueSpecification","valueRequired":true,"valueName":"search_term_string"}}],"inLanguage":"pl-PL"},{"@type":"Organization","@id":"http:\/\/escort-technology.com\/de\/#organization","name":"ESCORT TECHNOLOGY","url":"http:\/\/escort-technology.com\/de\/","logo":{"@type":"ImageObject","inLanguage":"pl-PL","@id":"http:\/\/escort-technology.com\/de\/#\/schema\/logo\/image\/","url":"https:\/\/escort-technology.com\/wp-content\/uploads\/logo-1.jpg","contentUrl":"https:\/\/escort-technology.com\/wp-content\/uploads\/logo-1.jpg","width":600,"height":165,"caption":"ESCORT TECHNOLOGY"},"image":{"@id":"http:\/\/escort-technology.com\/de\/#\/schema\/logo\/image\/"},"sameAs":["https:\/\/www.facebook.com\/elektronika.morska\/","https:\/\/www.linkedin.com\/company\/escort-sp-z-o-o-\/"]}]}},"_links":{"self":[{"href":"https:\/\/escort-technology.com\/pl\/wp-json\/wp\/v2\/pages\/10553","targetHints":{"allow":["GET"]}}],"collection":[{"href":"https:\/\/escort-technology.com\/pl\/wp-json\/wp\/v2\/pages"}],"about":[{"href":"https:\/\/escort-technology.com\/pl\/wp-json\/wp\/v2\/types\/page"}],"author":[{"embeddable":true,"href":"https:\/\/escort-technology.com\/pl\/wp-json\/wp\/v2\/users\/10"}],"replies":[{"embeddable":true,"href":"https:\/\/escort-technology.com\/pl\/wp-json\/wp\/v2\/comments?post=10553"}],"version-history":[{"count":22,"href":"https:\/\/escort-technology.com\/pl\/wp-json\/wp\/v2\/pages\/10553\/revisions"}],"predecessor-version":[{"id":10579,"href":"https:\/\/escort-technology.com\/pl\/wp-json\/wp\/v2\/pages\/10553\/revisions\/10579"}],"wp:attachment":[{"href":"https:\/\/escort-technology.com\/pl\/wp-json\/wp\/v2\/media?parent=10553"}],"curies":[{"name":"wp","href":"https:\/\/api.w.org\/{rel}","templated":true}]}}