{"id":10584,"date":"2021-11-16T13:35:58","date_gmt":"2021-11-16T12:35:58","guid":{"rendered":"https:\/\/escort-technology.com\/?page_id=10584"},"modified":"2021-11-16T13:41:32","modified_gmt":"2021-11-16T12:41:32","slug":"cnode-transpondery-dla-hipap-i-micropap","status":"publish","type":"page","link":"https:\/\/escort-technology.com\/pl\/cnode-transpondery-dla-hipap-i-micropap\/","title":{"rendered":"CNODE &#8211; Transpondery dla HIPAP i MICROPAP"},"content":{"rendered":"<h1>\n<h1 class=\"uk-article-title\">CNODE \u2013 Transpondery dla HiPAP i microPAP<\/h1>\n<\/h1>\n<hr>\n<div>\n<h3>cNODE\u00ae to seria transponder\u00f3w do podwodnego pozycjonowania akustycznego i transmisji danych. Posiadaj\u0105 one ponad 500 dost\u0119pnych kana\u0142\u00f3w i mog\u0105 by\u0107 wykorzystywane przez systemy pozycjonowania podwodnego HiPAP\u00ae. Ka\u017cdy cel podwodny, kt\u00f3ry ma by\u0107 pozycjonowany, musi mie\u0107 zainstalowany transponder lub responder. Transponder dzia\u0142a akustycznie, podczas gdy responder wymaga kabla do wyzwalania. Transpondery serii cNODE\u00ae s\u0105 wstecznie kompatybilne ze starszymi kana\u0142ami FSK i protoko\u0142ami telemetrycznymi i dlatego mog\u0105 by\u0107 u\u017cywane przez ka\u017cdy system HiPAP\u00ae.<\/h3>\n<\/div>\n<p><iframe src=\"https:\/\/youtu.be\/MvxeWCoAZPw\"><\/iframe><\/p>\n<div>\n<p>CNODE\u00ae I KOMPATYBILNO\u015a\u0106<br \/>Nowa gama transponder\u00f3w cNODE\u00ae jest kompatybilna z kana\u0142ami HiPAP\u00ae FSK i protoko\u0142ami telemetrycznymi. Nowe systemy HiPAP\u00ae 502\/452\/352\/352P\/102 wsp\u00f3\u0142pracuj\u0105 z protoko\u0142em akustycznym Cymbal dla dok\u0142adniejszego pozycjonowania i szybkiej transmisji danych (do 8000 bit\u00f3w\/sekund\u0119). Zasi\u0119gi mog\u0105 by\u0107 mierzone z dok\u0142adno\u015bci\u0105 do 0,02 m i na wi\u0119ksze odleg\u0142o\u015bci dzi\u0119ki wi\u0119kszej energii sygna\u0142\u00f3w.<\/p>\n<p>NAJWA\u017bNIEJSZE CECHY<br \/>R\u00f3\u017cne modele cNODE\u00ae maj\u0105 albo 4000 metr\u00f3w, albo 7000 metr\u00f3w g\u0142\u0119boko\u015bci. Maj\u0105 r\u00f3\u017cne poziomy \u017ar\u00f3de\u0142, w zale\u017cno\u015bci od wzoru wi\u0105zki, \u017cywotno\u015bci i funkcji. Transpondery cNODE\u00ae mog\u0105 wykorzystywa\u0107 zar\u00f3wno technik\u0119 modulacji z przesuni\u0119ciem cz\u0119stotliwo\u015bci (FSK), jak i protok\u00f3\u0142 akustyczny Cymbal, kt\u00f3ry wykorzystuje szerokopasmowe sygna\u0142y Direct Sequence Spread Spectrum (DSSS).<\/p>\n<p>MODU\u0141OWO\u015a\u0106<br \/>Koncepcja cNODE\u00ae ma konstrukcj\u0119 modu\u0142ow\u0105, dzi\u0119ki czemu przetwornik, elektronika transpondera, zestaw baterii i opcjonalne dodatki mog\u0105 by\u0107 wymieniane pojedynczo. P\u0142ywaj\u0105ce ko\u0142nierze zosta\u0142y przeprojektowane i s\u0105 bardzo przyjazne dla u\u017cytkownika i bezpieczne w u\u017cyciu. Systemy HiPAP\u00ae MF (nie HiPAP 102) mog\u0105 r\u00f3wnie\u017c pozycjonowa\u0107 Kana\u0142y Alarmowe P\u0142etwonurka A i B, ale w zmniejszonym zasi\u0119gu, typowy maksymalny zasi\u0119g to 1000 metr\u00f3w.<\/p>\n<\/div>\n<p><!--more--><br \/>\n<!-- {\"type\":\"layout\",\"children\":[{\"type\":\"section\",\"props\":{\"style\":\"default\",\"width\":\"default\",\"vertical_align\":\"middle\",\"title_position\":\"top-left\",\"title_rotation\":\"left\",\"title_breakpoint\":\"xl\",\"image_position\":\"center-center\"},\"children\":[{\"type\":\"row\",\"children\":[{\"type\":\"column\",\"props\":{\"image_position\":\"center-center\",\"media_overlay_gradient\":\"\"},\"children\":[{\"type\":\"headline\",\"props\":{\"title_element\":\"h1\",\"content\":\"\n\n<h1 class=\\\"uk-article-title\\\">CNODE \\u2013 Transpondery dla HiPAP i microPAP<\\\/h1>\"}},{\"type\":\"divider\",\"props\":{\"divider_element\":\"hr\"}},{\"type\":\"text\",\"props\":{\"margin\":\"default\",\"column_breakpoint\":\"m\",\"content\":\"\n\n<h3>cNODE\\u00ae to seria transponder\\u00f3w do podwodnego pozycjonowania akustycznego i transmisji danych. Posiadaj\\u0105 one ponad 500 dost\\u0119pnych kana\\u0142\\u00f3w i mog\\u0105 by\\u0107 wykorzystywane przez systemy pozycjonowania podwodnego HiPAP\\u00ae. Ka\\u017cdy cel podwodny, kt\\u00f3ry ma by\\u0107 pozycjonowany, musi mie\\u0107 zainstalowany transponder lub responder. Transponder dzia\\u0142a akustycznie, podczas gdy responder wymaga kabla do wyzwalania. Transpondery serii cNODE\\u00ae s\\u0105 wstecznie kompatybilne ze starszymi kana\\u0142ami FSK i protoko\\u0142ami telemetrycznymi i dlatego mog\\u0105 by\\u0107 u\\u017cywane przez ka\\u017cdy system HiPAP\\u00ae.<\\\/h3>\"}},{\"type\":\"video\",\"props\":{\"video_controls\":true,\"margin\":\"default\",\"video\":\"https:\\\/\\\/youtu.be\\\/MvxeWCoAZPw\",\"video_height\":\"450\",\"text_align\":\"center\"}},{\"type\":\"text\",\"props\":{\"margin\":\"default\",\"column_breakpoint\":\"m\",\"content\":\"\n\n<p>CNODE\\u00ae I KOMPATYBILNO\\u015a\\u0106<br \\\/>Nowa gama transponder\\u00f3w cNODE\\u00ae jest kompatybilna z kana\\u0142ami HiPAP\\u00ae FSK i protoko\\u0142ami telemetrycznymi. Nowe systemy HiPAP\\u00ae 502\\\/452\\\/352\\\/352P\\\/102 wsp\\u00f3\\u0142pracuj\\u0105 z protoko\\u0142em akustycznym Cymbal dla dok\\u0142adniejszego pozycjonowania i szybkiej transmisji danych (do 8000 bit\\u00f3w\\\/sekund\\u0119). Zasi\\u0119gi mog\\u0105 by\\u0107 mierzone z dok\\u0142adno\\u015bci\\u0105 do 0,02 m i na wi\\u0119ksze odleg\\u0142o\\u015bci dzi\\u0119ki wi\\u0119kszej energii sygna\\u0142\\u00f3w.<\\\/p>\\n\n\n<p>NAJWA\\u017bNIEJSZE CECHY<br \\\/>R\\u00f3\\u017cne modele cNODE\\u00ae maj\\u0105 albo 4000 metr\\u00f3w, albo 7000 metr\\u00f3w g\\u0142\\u0119boko\\u015bci. Maj\\u0105 r\\u00f3\\u017cne poziomy \\u017ar\\u00f3de\\u0142, w zale\\u017cno\\u015bci od wzoru wi\\u0105zki, \\u017cywotno\\u015bci i funkcji. Transpondery cNODE\\u00ae mog\\u0105 wykorzystywa\\u0107 zar\\u00f3wno technik\\u0119 modulacji z przesuni\\u0119ciem cz\\u0119stotliwo\\u015bci (FSK), jak i protok\\u00f3\\u0142 akustyczny Cymbal, kt\\u00f3ry wykorzystuje szerokopasmowe sygna\\u0142y Direct Sequence Spread Spectrum (DSSS).<\\\/p>\\n\n\n<p>MODU\\u0141OWO\\u015a\\u0106<br \\\/>Koncepcja cNODE\\u00ae ma konstrukcj\\u0119 modu\\u0142ow\\u0105, dzi\\u0119ki czemu przetwornik, elektronika transpondera, zestaw baterii i opcjonalne dodatki mog\\u0105 by\\u0107 wymieniane pojedynczo. P\\u0142ywaj\\u0105ce ko\\u0142nierze zosta\\u0142y przeprojektowane i s\\u0105 bardzo przyjazne dla u\\u017cytkownika i bezpieczne w u\\u017cyciu. Systemy HiPAP\\u00ae MF (nie HiPAP 102) mog\\u0105 r\\u00f3wnie\\u017c pozycjonowa\\u0107 Kana\\u0142y Alarmowe P\\u0142etwonurka A i B, ale w zmniejszonym zasi\\u0119gu, typowy maksymalny zasi\\u0119g to 1000 metr\\u00f3w.<\\\/p>\"}}]}]}]}],\"version\":\"2.6.7\"} --><\/p>\n","protected":false},"excerpt":{"rendered":"<p>CNODE \u2013 Transpondery dla HiPAP i microPAP cNODE\u00ae to seria transponder\u00f3w do podwodnego pozycjonowania akustycznego i transmisji danych. Posiadaj\u0105 one ponad 500 dost\u0119pnych kana\u0142\u00f3w i mog\u0105 by\u0107 wykorzystywane przez systemy pozycjonowania podwodnego HiPAP\u00ae. Ka\u017cdy cel podwodny, kt\u00f3ry ma by\u0107 pozycjonowany, musi mie\u0107 zainstalowany transponder lub responder. Transponder dzia\u0142a akustycznie, podczas gdy responder wymaga kabla do [&hellip;]<\/p>\n","protected":false},"author":10,"featured_media":0,"parent":0,"menu_order":0,"comment_status":"closed","ping_status":"closed","template":"","meta":{"footnotes":""},"class_list":["post-10584","page","type-page","status-publish","hentry"],"yoast_head":"<!-- This site is optimized with the Yoast SEO plugin v27.6 - https:\/\/yoast.com\/product\/yoast-seo-wordpress\/ -->\n<title>CNODE - Transpondery dla HIPAP i MICROPAP - ESCORT TECHNOLOGY<\/title>\n<meta name=\"robots\" content=\"index, follow, max-snippet:-1, max-image-preview:large, max-video-preview:-1\" \/>\n<link rel=\"canonical\" href=\"http:\/\/escort-technology.com\/pl\/cnode-transpondery-dla-hipap-i-micropap\/\" \/>\n<meta property=\"og:locale\" content=\"pl_PL\" \/>\n<meta property=\"og:type\" content=\"article\" \/>\n<meta property=\"og:title\" content=\"CNODE - Transpondery dla HIPAP i MICROPAP - ESCORT TECHNOLOGY\" \/>\n<meta property=\"og:description\" content=\"CNODE \u2013 Transpondery dla HiPAP i microPAP cNODE\u00ae to seria transponder\u00f3w do podwodnego pozycjonowania akustycznego i transmisji danych. Posiadaj\u0105 one ponad 500 dost\u0119pnych kana\u0142\u00f3w i mog\u0105 by\u0107 wykorzystywane przez systemy pozycjonowania podwodnego HiPAP\u00ae. Ka\u017cdy cel podwodny, kt\u00f3ry ma by\u0107 pozycjonowany, musi mie\u0107 zainstalowany transponder lub responder. Transponder dzia\u0142a akustycznie, podczas gdy responder wymaga kabla do [&hellip;]\" \/>\n<meta property=\"og:url\" content=\"http:\/\/escort-technology.com\/pl\/cnode-transpondery-dla-hipap-i-micropap\/\" \/>\n<meta property=\"og:site_name\" content=\"ESCORT TECHNOLOGY\" \/>\n<meta property=\"article:publisher\" content=\"https:\/\/www.facebook.com\/elektronika.morska\/\" \/>\n<meta property=\"article:modified_time\" content=\"2021-11-16T12:41:32+00:00\" \/>\n<meta name=\"twitter:card\" content=\"summary_large_image\" \/>\n<meta name=\"twitter:label1\" content=\"Szacowany czas czytania\" \/>\n\t<meta name=\"twitter:data1\" content=\"1 minuta\" \/>\n<script type=\"application\/ld+json\" class=\"yoast-schema-graph\">{\"@context\":\"https:\\\/\\\/schema.org\",\"@graph\":[{\"@type\":\"WebPage\",\"@id\":\"http:\\\/\\\/escort-technology.com\\\/en\\\/cnode-transpondery-dla-hipap-i-micropap\\\/\",\"url\":\"http:\\\/\\\/escort-technology.com\\\/en\\\/cnode-transpondery-dla-hipap-i-micropap\\\/\",\"name\":\"CNODE - Transpondery dla HIPAP i MICROPAP - ESCORT TECHNOLOGY\",\"isPartOf\":{\"@id\":\"http:\\\/\\\/escort-technology.com\\\/de\\\/#website\"},\"datePublished\":\"2021-11-16T12:35:58+00:00\",\"dateModified\":\"2021-11-16T12:41:32+00:00\",\"breadcrumb\":{\"@id\":\"http:\\\/\\\/escort-technology.com\\\/en\\\/cnode-transpondery-dla-hipap-i-micropap\\\/#breadcrumb\"},\"inLanguage\":\"pl-PL\",\"potentialAction\":[{\"@type\":\"ReadAction\",\"target\":[\"http:\\\/\\\/escort-technology.com\\\/en\\\/cnode-transpondery-dla-hipap-i-micropap\\\/\"]}]},{\"@type\":\"BreadcrumbList\",\"@id\":\"http:\\\/\\\/escort-technology.com\\\/en\\\/cnode-transpondery-dla-hipap-i-micropap\\\/#breadcrumb\",\"itemListElement\":[{\"@type\":\"ListItem\",\"position\":1,\"name\":\"Strona g\u0142\u00f3wna\",\"item\":\"https:\\\/\\\/escort-technology.com\\\/\"},{\"@type\":\"ListItem\",\"position\":2,\"name\":\"CNODE &#8211; Transpondery dla HIPAP i MICROPAP\"}]},{\"@type\":\"WebSite\",\"@id\":\"http:\\\/\\\/escort-technology.com\\\/de\\\/#website\",\"url\":\"http:\\\/\\\/escort-technology.com\\\/de\\\/\",\"name\":\"ESCORT TECHNOLOGY\",\"description\":\"Elektronika morska i l\u0105dowa\",\"publisher\":{\"@id\":\"http:\\\/\\\/escort-technology.com\\\/de\\\/#organization\"},\"potentialAction\":[{\"@type\":\"SearchAction\",\"target\":{\"@type\":\"EntryPoint\",\"urlTemplate\":\"http:\\\/\\\/escort-technology.com\\\/de\\\/?s={search_term_string}\"},\"query-input\":{\"@type\":\"PropertyValueSpecification\",\"valueRequired\":true,\"valueName\":\"search_term_string\"}}],\"inLanguage\":\"pl-PL\"},{\"@type\":\"Organization\",\"@id\":\"http:\\\/\\\/escort-technology.com\\\/de\\\/#organization\",\"name\":\"ESCORT TECHNOLOGY\",\"url\":\"http:\\\/\\\/escort-technology.com\\\/de\\\/\",\"logo\":{\"@type\":\"ImageObject\",\"inLanguage\":\"pl-PL\",\"@id\":\"http:\\\/\\\/escort-technology.com\\\/de\\\/#\\\/schema\\\/logo\\\/image\\\/\",\"url\":\"https:\\\/\\\/escort-technology.com\\\/wp-content\\\/uploads\\\/logo-1.jpg\",\"contentUrl\":\"https:\\\/\\\/escort-technology.com\\\/wp-content\\\/uploads\\\/logo-1.jpg\",\"width\":600,\"height\":165,\"caption\":\"ESCORT TECHNOLOGY\"},\"image\":{\"@id\":\"http:\\\/\\\/escort-technology.com\\\/de\\\/#\\\/schema\\\/logo\\\/image\\\/\"},\"sameAs\":[\"https:\\\/\\\/www.facebook.com\\\/elektronika.morska\\\/\",\"https:\\\/\\\/www.linkedin.com\\\/company\\\/escort-sp-z-o-o-\\\/\"]}]}<\/script>\n<!-- \/ Yoast SEO plugin. -->","yoast_head_json":{"title":"CNODE - Transpondery dla HIPAP i MICROPAP - ESCORT TECHNOLOGY","robots":{"index":"index","follow":"follow","max-snippet":"max-snippet:-1","max-image-preview":"max-image-preview:large","max-video-preview":"max-video-preview:-1"},"canonical":"http:\/\/escort-technology.com\/pl\/cnode-transpondery-dla-hipap-i-micropap\/","og_locale":"pl_PL","og_type":"article","og_title":"CNODE - Transpondery dla HIPAP i MICROPAP - ESCORT TECHNOLOGY","og_description":"CNODE \u2013 Transpondery dla HiPAP i microPAP cNODE\u00ae to seria transponder\u00f3w do podwodnego pozycjonowania akustycznego i transmisji danych. Posiadaj\u0105 one ponad 500 dost\u0119pnych kana\u0142\u00f3w i mog\u0105 by\u0107 wykorzystywane przez systemy pozycjonowania podwodnego HiPAP\u00ae. Ka\u017cdy cel podwodny, kt\u00f3ry ma by\u0107 pozycjonowany, musi mie\u0107 zainstalowany transponder lub responder. Transponder dzia\u0142a akustycznie, podczas gdy responder wymaga kabla do [&hellip;]","og_url":"http:\/\/escort-technology.com\/pl\/cnode-transpondery-dla-hipap-i-micropap\/","og_site_name":"ESCORT TECHNOLOGY","article_publisher":"https:\/\/www.facebook.com\/elektronika.morska\/","article_modified_time":"2021-11-16T12:41:32+00:00","twitter_card":"summary_large_image","twitter_misc":{"Szacowany czas czytania":"1 minuta"},"schema":{"@context":"https:\/\/schema.org","@graph":[{"@type":"WebPage","@id":"http:\/\/escort-technology.com\/en\/cnode-transpondery-dla-hipap-i-micropap\/","url":"http:\/\/escort-technology.com\/en\/cnode-transpondery-dla-hipap-i-micropap\/","name":"CNODE - Transpondery dla HIPAP i MICROPAP - ESCORT TECHNOLOGY","isPartOf":{"@id":"http:\/\/escort-technology.com\/de\/#website"},"datePublished":"2021-11-16T12:35:58+00:00","dateModified":"2021-11-16T12:41:32+00:00","breadcrumb":{"@id":"http:\/\/escort-technology.com\/en\/cnode-transpondery-dla-hipap-i-micropap\/#breadcrumb"},"inLanguage":"pl-PL","potentialAction":[{"@type":"ReadAction","target":["http:\/\/escort-technology.com\/en\/cnode-transpondery-dla-hipap-i-micropap\/"]}]},{"@type":"BreadcrumbList","@id":"http:\/\/escort-technology.com\/en\/cnode-transpondery-dla-hipap-i-micropap\/#breadcrumb","itemListElement":[{"@type":"ListItem","position":1,"name":"Strona g\u0142\u00f3wna","item":"https:\/\/escort-technology.com\/"},{"@type":"ListItem","position":2,"name":"CNODE &#8211; Transpondery dla HIPAP i MICROPAP"}]},{"@type":"WebSite","@id":"http:\/\/escort-technology.com\/de\/#website","url":"http:\/\/escort-technology.com\/de\/","name":"ESCORT TECHNOLOGY","description":"Elektronika morska i l\u0105dowa","publisher":{"@id":"http:\/\/escort-technology.com\/de\/#organization"},"potentialAction":[{"@type":"SearchAction","target":{"@type":"EntryPoint","urlTemplate":"http:\/\/escort-technology.com\/de\/?s={search_term_string}"},"query-input":{"@type":"PropertyValueSpecification","valueRequired":true,"valueName":"search_term_string"}}],"inLanguage":"pl-PL"},{"@type":"Organization","@id":"http:\/\/escort-technology.com\/de\/#organization","name":"ESCORT TECHNOLOGY","url":"http:\/\/escort-technology.com\/de\/","logo":{"@type":"ImageObject","inLanguage":"pl-PL","@id":"http:\/\/escort-technology.com\/de\/#\/schema\/logo\/image\/","url":"https:\/\/escort-technology.com\/wp-content\/uploads\/logo-1.jpg","contentUrl":"https:\/\/escort-technology.com\/wp-content\/uploads\/logo-1.jpg","width":600,"height":165,"caption":"ESCORT TECHNOLOGY"},"image":{"@id":"http:\/\/escort-technology.com\/de\/#\/schema\/logo\/image\/"},"sameAs":["https:\/\/www.facebook.com\/elektronika.morska\/","https:\/\/www.linkedin.com\/company\/escort-sp-z-o-o-\/"]}]}},"_links":{"self":[{"href":"https:\/\/escort-technology.com\/pl\/wp-json\/wp\/v2\/pages\/10584","targetHints":{"allow":["GET"]}}],"collection":[{"href":"https:\/\/escort-technology.com\/pl\/wp-json\/wp\/v2\/pages"}],"about":[{"href":"https:\/\/escort-technology.com\/pl\/wp-json\/wp\/v2\/types\/page"}],"author":[{"embeddable":true,"href":"https:\/\/escort-technology.com\/pl\/wp-json\/wp\/v2\/users\/10"}],"replies":[{"embeddable":true,"href":"https:\/\/escort-technology.com\/pl\/wp-json\/wp\/v2\/comments?post=10584"}],"version-history":[{"count":4,"href":"https:\/\/escort-technology.com\/pl\/wp-json\/wp\/v2\/pages\/10584\/revisions"}],"predecessor-version":[{"id":10591,"href":"https:\/\/escort-technology.com\/pl\/wp-json\/wp\/v2\/pages\/10584\/revisions\/10591"}],"wp:attachment":[{"href":"https:\/\/escort-technology.com\/pl\/wp-json\/wp\/v2\/media?parent=10584"}],"curies":[{"name":"wp","href":"https:\/\/api.w.org\/{rel}","templated":true}]}}