{"id":10597,"date":"2021-11-17T09:55:09","date_gmt":"2021-11-17T08:55:09","guid":{"rendered":"https:\/\/escort-technology.com\/?page_id=10597"},"modified":"2023-08-10T09:06:50","modified_gmt":"2023-08-10T07:06:50","slug":"radioplawa-osobista-plb-gme-mt610g","status":"publish","type":"page","link":"https:\/\/escort-technology.com\/pl\/radioplawa-osobista-plb-gme-mt610g\/","title":{"rendered":"Radiop\u0142awa osobista PLB GME MT610G"},"content":{"rendered":"<h1>\n<h1 class=\"uk-article-title\">Radiop\u0142awa osobista PLB GME MT610G<\/h1>\n<\/h1>\n<hr>\n<p><img decoding=\"async\" src=\"\/wp-content\/uploads\/2021\/11\/MT610G-Front34-763x1080-1.png\" alt=\"\"><\/p>\n<div>\n<p>GME jest jedynym australijskim producentem nadajnik\u00f3w ratunkowych i od ponad 30 lat zajmuje si\u0119 projektowaniem, konstruowaniem i produkcj\u0105 EPIRBs i PLBs. W tym czasie nadajniki zosta\u0142y wykorzystane do ratowania setek istnie\u0144 ludzkich na ca\u0142ym \u015bwiecie.<\/p>\n<p>GME z dum\u0105 przedstawia nowy australijski lokalizator osobisty 406MHz GPS MT610G. Ten osobisty nadajnik lokalizacyjny (PLB) jest najbardziej kompaktowym i najl\u017cejszym projektem w historii, uzupe\u0142niaj\u0105cym nasz\u0105 wiod\u0105c\u0105 na rynku gam\u0119 produkt\u00f3w.<\/p>\n<p>MT610G to super kompaktowy, lekki\u00a0 lokalizator PLB, oferuj\u0105cy\u00a0 7-letni czas pracy baterii i 6-letni\u0105 gwarancj\u0119.<\/p>\n<p>Wyposa\u017cony w pakiet akumulator\u00f3w &#8222;Bezpiecznych&#8221; u\u0142atwiaj\u0105cy transport, MT610G zapewnia, \u017ce pozostaniesz bezpieczny i po\u0142\u0105czony, gdziekolwiek zaprowadzi Ci\u0119 \u017cycie.<\/p>\n<p>MT610G zosta\u0142 zaprojektowany, skonstruowany i wyprodukowany w Australii, aby zapewni\u0107 mi\u0142o\u015bnikom przyg\u00f3d na \u015bwie\u017cym powietrzu lub samotnym pracownikom, kompaktowe, \u0142atwe w u\u017cyciu i niedrogie rozwi\u0105zanie GPS PLB.<\/p>\n<p>Wyposa\u017cony w zintegrowany 72 kana\u0142owy odbiornik GPS, zerowy czas nagrzewania, diody LED o wysokiej intensywno\u015bci, stopie\u0144 ochrony IP68 oraz wyporno\u015b\u0107.<\/p>\n<p>MT610G spe\u0142nia najnowsze mi\u0119dzynarodowe standardy i posiada certyfikat Cospas-Sarsat Class 2, dzi\u0119ki czemu zapewnia wi\u0119kszy spok\u00f3j ducha dla mi\u0142o\u015bnik\u00f3w w\u0119dr\u00f3wek po buszu, 4WD, pracownik\u00f3w zdalnych i my\u015bliwych.<\/p>\n<\/div>\n<p><iframe src=\"https:\/\/youtu.be\/feOeievRfeQ\"><\/iframe><\/p>\n<p><!--more--><br \/>\n<!-- {\"type\":\"layout\",\"children\":[{\"type\":\"section\",\"props\":{\"image_position\":\"center-center\",\"style\":\"default\",\"title_breakpoint\":\"xl\",\"title_position\":\"top-left\",\"title_rotation\":\"left\",\"vertical_align\":\"middle\",\"width\":\"default\"},\"children\":[{\"type\":\"row\",\"children\":[{\"type\":\"column\",\"props\":{\"image_position\":\"center-center\",\"position_sticky_breakpoint\":\"m\"},\"children\":[{\"type\":\"headline\",\"props\":{\"content\":\"\n\n<h1 class=\\\"uk-article-title\\\">Radiop\\u0142awa osobista PLB GME MT610G<\\\/h1>\",\"title_element\":\"h1\"}},{\"type\":\"divider\",\"props\":{\"divider_element\":\"hr\"}},{\"type\":\"image\",\"props\":{\"image\":\"wp-content\\\/uploads\\\/2021\\\/11\\\/MT610G-Front34-763x1080-1.png\",\"image_height\":\"450\",\"image_svg_color\":\"emphasis\",\"margin\":\"default\",\"text_align\":\"center\"}},{\"type\":\"text\",\"props\":{\"column_breakpoint\":\"m\",\"content\":\"\n\n<p>GME jest jedynym australijskim producentem nadajnik\\u00f3w ratunkowych i od ponad 30 lat zajmuje si\\u0119 projektowaniem, konstruowaniem i produkcj\\u0105 EPIRBs i PLBs. W tym czasie nadajniki zosta\\u0142y wykorzystane do ratowania setek istnie\\u0144 ludzkich na ca\\u0142ym \\u015bwiecie.<\\\/p>\\n\n\n<p>GME z dum\\u0105 przedstawia nowy australijski lokalizator osobisty 406MHz GPS MT610G. Ten osobisty nadajnik lokalizacyjny (PLB) jest najbardziej kompaktowym i najl\\u017cejszym projektem w historii, uzupe\\u0142niaj\\u0105cym nasz\\u0105 wiod\\u0105c\\u0105 na rynku gam\\u0119 produkt\\u00f3w.<\\\/p>\\n\n\n<p>MT610G to super kompaktowy, lekki\\u00a0 lokalizator PLB, oferuj\\u0105cy\\u00a0 7-letni czas pracy baterii i 6-letni\\u0105 gwarancj\\u0119.<\\\/p>\\n\n\n<p>Wyposa\\u017cony w pakiet akumulator\\u00f3w \\\"Bezpiecznych\\\" u\\u0142atwiaj\\u0105cy transport, MT610G zapewnia, \\u017ce pozostaniesz bezpieczny i po\\u0142\\u0105czony, gdziekolwiek zaprowadzi Ci\\u0119 \\u017cycie.<\\\/p>\\n\n\n<p>MT610G zosta\\u0142 zaprojektowany, skonstruowany i wyprodukowany w Australii, aby zapewni\\u0107 mi\\u0142o\\u015bnikom przyg\\u00f3d na \\u015bwie\\u017cym powietrzu lub samotnym pracownikom, kompaktowe, \\u0142atwe w u\\u017cyciu i niedrogie rozwi\\u0105zanie GPS PLB.<\\\/p>\\n\n\n<p>Wyposa\\u017cony w zintegrowany 72 kana\\u0142owy odbiornik GPS, zerowy czas nagrzewania, diody LED o wysokiej intensywno\\u015bci, stopie\\u0144 ochrony IP68 oraz wyporno\\u015b\\u0107.<\\\/p>\\n\n\n<p>MT610G spe\\u0142nia najnowsze mi\\u0119dzynarodowe standardy i posiada certyfikat Cospas-Sarsat Class 2, dzi\\u0119ki czemu zapewnia wi\\u0119kszy spok\\u00f3j ducha dla mi\\u0142o\\u015bnik\\u00f3w w\\u0119dr\\u00f3wek po buszu, 4WD, pracownik\\u00f3w zdalnych i my\\u015bliwych.<\\\/p>\",\"margin\":\"default\"}},{\"type\":\"video\",\"props\":{\"margin\":\"default\",\"text_align\":\"center\",\"video\":\"https:\\\/\\\/youtu.be\\\/feOeievRfeQ\",\"video_controls\":true,\"video_height\":\"450\"}}]}]}]}],\"version\":\"4.0.3\"} --><\/p>\n","protected":false},"excerpt":{"rendered":"<p>Radiop\u0142awa osobista PLB GME MT610G GME jest jedynym australijskim producentem nadajnik\u00f3w ratunkowych i od ponad 30 lat zajmuje si\u0119 projektowaniem, konstruowaniem i produkcj\u0105 EPIRBs i PLBs. W tym czasie nadajniki zosta\u0142y wykorzystane do ratowania setek istnie\u0144 ludzkich na ca\u0142ym \u015bwiecie. GME z dum\u0105 przedstawia nowy australijski lokalizator osobisty 406MHz GPS MT610G. Ten osobisty nadajnik lokalizacyjny [&hellip;]<\/p>\n","protected":false},"author":10,"featured_media":0,"parent":0,"menu_order":0,"comment_status":"closed","ping_status":"closed","template":"","meta":{"footnotes":""},"class_list":["post-10597","page","type-page","status-publish","hentry"],"yoast_head":"<!-- This site is optimized with the Yoast SEO plugin v27.5 - https:\/\/yoast.com\/product\/yoast-seo-wordpress\/ -->\n<title>Radiop\u0142awa osobista PLB GME MT610G - ESCORT TECHNOLOGY<\/title>\n<meta name=\"robots\" content=\"index, follow, max-snippet:-1, max-image-preview:large, max-video-preview:-1\" \/>\n<link rel=\"canonical\" href=\"https:\/\/escort-technology.com\/pl\/radioplawa-osobista-plb-gme-mt610g\/\" \/>\n<meta property=\"og:locale\" content=\"pl_PL\" \/>\n<meta property=\"og:type\" content=\"article\" \/>\n<meta property=\"og:title\" content=\"Radiop\u0142awa osobista PLB GME MT610G - ESCORT TECHNOLOGY\" \/>\n<meta property=\"og:description\" content=\"Radiop\u0142awa osobista PLB GME MT610G GME jest jedynym australijskim producentem nadajnik\u00f3w ratunkowych i od ponad 30 lat zajmuje si\u0119 projektowaniem, konstruowaniem i produkcj\u0105 EPIRBs i PLBs. W tym czasie nadajniki zosta\u0142y wykorzystane do ratowania setek istnie\u0144 ludzkich na ca\u0142ym \u015bwiecie. GME z dum\u0105 przedstawia nowy australijski lokalizator osobisty 406MHz GPS MT610G. Ten osobisty nadajnik lokalizacyjny [&hellip;]\" \/>\n<meta property=\"og:url\" content=\"https:\/\/escort-technology.com\/pl\/radioplawa-osobista-plb-gme-mt610g\/\" \/>\n<meta property=\"og:site_name\" content=\"ESCORT TECHNOLOGY\" \/>\n<meta property=\"article:publisher\" content=\"https:\/\/www.facebook.com\/elektronika.morska\/\" \/>\n<meta property=\"article:modified_time\" content=\"2023-08-10T07:06:50+00:00\" \/>\n<meta property=\"og:image\" content=\"https:\/\/escort-technology.com\/wp-content\/uploads\/2021\/11\/MT610G-Front34-763x1080-1.png\" \/>\n<meta name=\"twitter:card\" content=\"summary_large_image\" \/>\n<meta name=\"twitter:label1\" content=\"Szacowany czas czytania\" \/>\n\t<meta name=\"twitter:data1\" content=\"1 minuta\" \/>\n<script type=\"application\/ld+json\" class=\"yoast-schema-graph\">{\"@context\":\"https:\\\/\\\/schema.org\",\"@graph\":[{\"@type\":\"WebPage\",\"@id\":\"https:\\\/\\\/escort-technology.com\\\/radioplawa-osobista-plb-gme-mt610g\\\/\",\"url\":\"https:\\\/\\\/escort-technology.com\\\/radioplawa-osobista-plb-gme-mt610g\\\/\",\"name\":\"Radiop\u0142awa osobista PLB GME MT610G - ESCORT TECHNOLOGY\",\"isPartOf\":{\"@id\":\"http:\\\/\\\/escort-technology.com\\\/de\\\/#website\"},\"datePublished\":\"2021-11-17T08:55:09+00:00\",\"dateModified\":\"2023-08-10T07:06:50+00:00\",\"breadcrumb\":{\"@id\":\"https:\\\/\\\/escort-technology.com\\\/radioplawa-osobista-plb-gme-mt610g\\\/#breadcrumb\"},\"inLanguage\":\"pl-PL\",\"potentialAction\":[{\"@type\":\"ReadAction\",\"target\":[\"https:\\\/\\\/escort-technology.com\\\/radioplawa-osobista-plb-gme-mt610g\\\/\"]}]},{\"@type\":\"BreadcrumbList\",\"@id\":\"https:\\\/\\\/escort-technology.com\\\/radioplawa-osobista-plb-gme-mt610g\\\/#breadcrumb\",\"itemListElement\":[{\"@type\":\"ListItem\",\"position\":1,\"name\":\"Strona g\u0142\u00f3wna\",\"item\":\"https:\\\/\\\/escort-technology.com\\\/\"},{\"@type\":\"ListItem\",\"position\":2,\"name\":\"Radiop\u0142awa osobista PLB GME MT610G\"}]},{\"@type\":\"WebSite\",\"@id\":\"http:\\\/\\\/escort-technology.com\\\/de\\\/#website\",\"url\":\"http:\\\/\\\/escort-technology.com\\\/de\\\/\",\"name\":\"ESCORT TECHNOLOGY\",\"description\":\"Elektronika morska i l\u0105dowa\",\"publisher\":{\"@id\":\"http:\\\/\\\/escort-technology.com\\\/de\\\/#organization\"},\"potentialAction\":[{\"@type\":\"SearchAction\",\"target\":{\"@type\":\"EntryPoint\",\"urlTemplate\":\"http:\\\/\\\/escort-technology.com\\\/de\\\/?s={search_term_string}\"},\"query-input\":{\"@type\":\"PropertyValueSpecification\",\"valueRequired\":true,\"valueName\":\"search_term_string\"}}],\"inLanguage\":\"pl-PL\"},{\"@type\":\"Organization\",\"@id\":\"http:\\\/\\\/escort-technology.com\\\/de\\\/#organization\",\"name\":\"ESCORT TECHNOLOGY\",\"url\":\"http:\\\/\\\/escort-technology.com\\\/de\\\/\",\"logo\":{\"@type\":\"ImageObject\",\"inLanguage\":\"pl-PL\",\"@id\":\"http:\\\/\\\/escort-technology.com\\\/de\\\/#\\\/schema\\\/logo\\\/image\\\/\",\"url\":\"https:\\\/\\\/escort-technology.com\\\/wp-content\\\/uploads\\\/logo-1.jpg\",\"contentUrl\":\"https:\\\/\\\/escort-technology.com\\\/wp-content\\\/uploads\\\/logo-1.jpg\",\"width\":600,\"height\":165,\"caption\":\"ESCORT TECHNOLOGY\"},\"image\":{\"@id\":\"http:\\\/\\\/escort-technology.com\\\/de\\\/#\\\/schema\\\/logo\\\/image\\\/\"},\"sameAs\":[\"https:\\\/\\\/www.facebook.com\\\/elektronika.morska\\\/\",\"https:\\\/\\\/www.linkedin.com\\\/company\\\/escort-sp-z-o-o-\\\/\"]}]}<\/script>\n<!-- \/ Yoast SEO plugin. -->","yoast_head_json":{"title":"Radiop\u0142awa osobista PLB GME MT610G - ESCORT TECHNOLOGY","robots":{"index":"index","follow":"follow","max-snippet":"max-snippet:-1","max-image-preview":"max-image-preview:large","max-video-preview":"max-video-preview:-1"},"canonical":"https:\/\/escort-technology.com\/pl\/radioplawa-osobista-plb-gme-mt610g\/","og_locale":"pl_PL","og_type":"article","og_title":"Radiop\u0142awa osobista PLB GME MT610G - ESCORT TECHNOLOGY","og_description":"Radiop\u0142awa osobista PLB GME MT610G GME jest jedynym australijskim producentem nadajnik\u00f3w ratunkowych i od ponad 30 lat zajmuje si\u0119 projektowaniem, konstruowaniem i produkcj\u0105 EPIRBs i PLBs. W tym czasie nadajniki zosta\u0142y wykorzystane do ratowania setek istnie\u0144 ludzkich na ca\u0142ym \u015bwiecie. GME z dum\u0105 przedstawia nowy australijski lokalizator osobisty 406MHz GPS MT610G. Ten osobisty nadajnik lokalizacyjny [&hellip;]","og_url":"https:\/\/escort-technology.com\/pl\/radioplawa-osobista-plb-gme-mt610g\/","og_site_name":"ESCORT TECHNOLOGY","article_publisher":"https:\/\/www.facebook.com\/elektronika.morska\/","article_modified_time":"2023-08-10T07:06:50+00:00","og_image":[{"url":"https:\/\/escort-technology.com\/wp-content\/uploads\/2021\/11\/MT610G-Front34-763x1080-1.png","type":"","width":"","height":""}],"twitter_card":"summary_large_image","twitter_misc":{"Szacowany czas czytania":"1 minuta"},"schema":{"@context":"https:\/\/schema.org","@graph":[{"@type":"WebPage","@id":"https:\/\/escort-technology.com\/radioplawa-osobista-plb-gme-mt610g\/","url":"https:\/\/escort-technology.com\/radioplawa-osobista-plb-gme-mt610g\/","name":"Radiop\u0142awa osobista PLB GME MT610G - ESCORT TECHNOLOGY","isPartOf":{"@id":"http:\/\/escort-technology.com\/de\/#website"},"datePublished":"2021-11-17T08:55:09+00:00","dateModified":"2023-08-10T07:06:50+00:00","breadcrumb":{"@id":"https:\/\/escort-technology.com\/radioplawa-osobista-plb-gme-mt610g\/#breadcrumb"},"inLanguage":"pl-PL","potentialAction":[{"@type":"ReadAction","target":["https:\/\/escort-technology.com\/radioplawa-osobista-plb-gme-mt610g\/"]}]},{"@type":"BreadcrumbList","@id":"https:\/\/escort-technology.com\/radioplawa-osobista-plb-gme-mt610g\/#breadcrumb","itemListElement":[{"@type":"ListItem","position":1,"name":"Strona g\u0142\u00f3wna","item":"https:\/\/escort-technology.com\/"},{"@type":"ListItem","position":2,"name":"Radiop\u0142awa osobista PLB GME MT610G"}]},{"@type":"WebSite","@id":"http:\/\/escort-technology.com\/de\/#website","url":"http:\/\/escort-technology.com\/de\/","name":"ESCORT TECHNOLOGY","description":"Elektronika morska i l\u0105dowa","publisher":{"@id":"http:\/\/escort-technology.com\/de\/#organization"},"potentialAction":[{"@type":"SearchAction","target":{"@type":"EntryPoint","urlTemplate":"http:\/\/escort-technology.com\/de\/?s={search_term_string}"},"query-input":{"@type":"PropertyValueSpecification","valueRequired":true,"valueName":"search_term_string"}}],"inLanguage":"pl-PL"},{"@type":"Organization","@id":"http:\/\/escort-technology.com\/de\/#organization","name":"ESCORT TECHNOLOGY","url":"http:\/\/escort-technology.com\/de\/","logo":{"@type":"ImageObject","inLanguage":"pl-PL","@id":"http:\/\/escort-technology.com\/de\/#\/schema\/logo\/image\/","url":"https:\/\/escort-technology.com\/wp-content\/uploads\/logo-1.jpg","contentUrl":"https:\/\/escort-technology.com\/wp-content\/uploads\/logo-1.jpg","width":600,"height":165,"caption":"ESCORT TECHNOLOGY"},"image":{"@id":"http:\/\/escort-technology.com\/de\/#\/schema\/logo\/image\/"},"sameAs":["https:\/\/www.facebook.com\/elektronika.morska\/","https:\/\/www.linkedin.com\/company\/escort-sp-z-o-o-\/"]}]}},"_links":{"self":[{"href":"https:\/\/escort-technology.com\/pl\/wp-json\/wp\/v2\/pages\/10597","targetHints":{"allow":["GET"]}}],"collection":[{"href":"https:\/\/escort-technology.com\/pl\/wp-json\/wp\/v2\/pages"}],"about":[{"href":"https:\/\/escort-technology.com\/pl\/wp-json\/wp\/v2\/types\/page"}],"author":[{"embeddable":true,"href":"https:\/\/escort-technology.com\/pl\/wp-json\/wp\/v2\/users\/10"}],"replies":[{"embeddable":true,"href":"https:\/\/escort-technology.com\/pl\/wp-json\/wp\/v2\/comments?post=10597"}],"version-history":[{"count":7,"href":"https:\/\/escort-technology.com\/pl\/wp-json\/wp\/v2\/pages\/10597\/revisions"}],"predecessor-version":[{"id":13213,"href":"https:\/\/escort-technology.com\/pl\/wp-json\/wp\/v2\/pages\/10597\/revisions\/13213"}],"wp:attachment":[{"href":"https:\/\/escort-technology.com\/pl\/wp-json\/wp\/v2\/media?parent=10597"}],"curies":[{"name":"wp","href":"https:\/\/api.w.org\/{rel}","templated":true}]}}