{"id":10619,"date":"2021-11-22T10:57:27","date_gmt":"2021-11-22T09:57:27","guid":{"rendered":"https:\/\/escort-technology.com\/?page_id=10619"},"modified":"2021-11-22T11:35:30","modified_gmt":"2021-11-22T10:35:30","slug":"sonar-wielowiazkowy-kongsberg-m3","status":"publish","type":"page","link":"https:\/\/escort-technology.com\/pl\/sonar-wielowiazkowy-kongsberg-m3\/","title":{"rendered":"Sonar wielowi\u0105zkowy Kongsberg M3"},"content":{"rendered":"<h1>\n<h1 class=\"uk-article-title\">Sonar wielowi\u0105zkowy Kongsberg M3<\/h1>\n<\/h1>\n<hr>\n<p><img decoding=\"async\" src=\"\/wp-content\/uploads\/2021\/11\/m2sonar.jpg\" alt=\"\"><\/p>\n<div>\n<p><strong>CECHY<\/strong><\/p>\n<ul>\n<li>G\u0142\u0119boko\u015b\u0107 wody do 500 m i do 4000 m<\/li>\n<li>Przeno\u015bny, ekonomiczny i lekki sonar<\/li>\n<li>Generuje zestawy danych obrazowych i batymetrycznych z jednej g\u0142owicy sonaru<\/li>\n<li>Tworzy obrazy o jako\u015bci pojedynczej wi\u0105zki z szybko\u015bci\u0105 wi\u0105zki wielowi\u0105zkowej<\/li>\n<li>Zapewnia wyj\u015bcie GeoTIFF i tworzy mozaik\u0119 w czasie rzeczywistym przy u\u017cyciu oprogramowania innych firm<\/li>\n<li>Zgodno\u015b\u0107 z IHO Special Order &amp; 1A<br \/>Wykorzystuje liniowe impulsy FM, CW i Dopplera<\/li>\n<li>Innowacyjna konstrukcja sonaru M3 Sonar\u00ae wykorzystuje dwa zestawy komplementarnych przetwornik\u00f3w, kt\u00f3re pozwalaj\u0105 mu generowa\u0107 zar\u00f3wno dane obrazowe jak i batymetryczne za pomoc\u0105 tej samej g\u0142owicy. Unikaln\u0105 cech\u0105 M3 Sonar\u00ae jest opatentowany tryb pracy eIQ (enhanced image quality), kt\u00f3ry generuje obrazy wielowi\u0105zkowe o niespotykanej dot\u0105d wyrazisto\u015bci.<\/li>\n<\/ul>\n<p>Sonar M3 ma mo\u017cliwo\u015b\u0107 konfigurowania aplikacji wykorzystuj\u0105cych z\u0142o\u017cone impulsy. System pozwala operatorowi na interleave aktywnych ping\u00f3w i pasywnych tryb\u00f3w nas\u0142uchu, Dopplera, wielu okien true-zoom (do 4) z liniowymi FM i CW tryb\u00f3w pracy obrazowania.<\/p>\n<p>Wyj\u015bcia danych s\u0105 kompatybilne z r\u00f3\u017cnymi programami innych firm, takimi jak Caris, EIVA, Hypack i QINSy. M3 Sonar\u00ae posiada zdolno\u015b\u0107 do wytwarzania w czasie rzeczywistym chmur punkt\u00f3w 3D umo\u017cliwiaj\u0105cych szybkie wykrywanie cel\u00f3w lub obiekt\u00f3w. Idealny do bada\u0144 na p\u0142ytkich wodach na USV\/ASV\/ROV i rozmieszczeniu dw\u00f3ch g\u0142owic.<\/p>\n<p><strong>KORZY\u015aCI<\/strong><\/p>\n<ul>\n<li>Wysoka szybko\u015b\u0107 aktualizacji<\/li>\n<li>Znacz\u0105ca oszcz\u0119dno\u015b\u0107 czasu podczas operacji<\/li>\n<li>Jednolity, du\u017cy obszar pokrycia<\/li>\n<li>Mo\u017cliwo\u015b\u0107 pracy w trybie MultiMode<\/li>\n<li>Niski pob\u00f3r mocy<\/li>\n<li>Przyjazny dla u\u017cytkownika<\/li>\n<\/ul>\n<p><strong>ZASTOSOWANIA<\/strong><\/p>\n<ul>\n<li>Inspekcja kad\u0142uba<\/li>\n<li>Kontrola mola i oczyszczenie nabrze\u017ca<\/li>\n<li>Podwodne poszukiwania i odzyskiwanie<\/li>\n<li>Ochrona podwodna<\/li>\n<li>Oprzyrz\u0105dowanie pojazd\u00f3w podwodnych<\/li>\n<\/ul>\n<p><strong>OPCJE INSTALACJI<\/strong><br \/>Monta\u017c na statku\u00a0<br \/>Odpowiednie dla szerokiej gamy pojazd\u00f3w, od du\u017cych ROV klasy roboczej do ma\u0142ych ROV klasy obserwacyjnej<br \/>Monta\u017c na statywie<\/p>\n<p><strong>ZGODNO\u015a\u0106 Z IHO<\/strong><br \/>Zgodno\u015b\u0107 z norm\u0105 dok\u0142adno\u015bci pionowej mo\u017ce by\u0107 zachowana w ca\u0142ym sektorze \u00b160\u00b0 dla pomiar\u00f3w Zlecenia 1 i do co najmniej \u00b155\u00b0 dla Zam\u00f3wie\u0144 Specjalnych.<br \/>Detekcja cel\u00f3w okre\u015blona w Zam\u00f3wieniu Specjalnym (sze\u015bcian o boku 1m) jest spe\u0142niona do 20m, a detekcja cel\u00f3w okre\u015blona w Zam\u00f3wieniu 1A (sze\u015bcian o boku 2m) jest zachowana do 40m.<br \/><strong><\/strong><\/p>\n<p><strong>ZASTOSOWANIA SONARU M3<\/strong><br \/><strong>IN\u017bYNIERIA MORSKA I INSPEKCJA TERENU (MESI)<\/strong><\/p>\n<ul>\n<li>Inspekcja konstrukcji w portach i przystaniach<\/li>\n<li>Inspekcje zap\u00f3r i uj\u0119\u0107 wody<\/li>\n<li>Inspekcje pomost\u00f3w mostowych i dok\u00f3w<\/li>\n<li>Badania p\u0142ytkich w\u00f3d<\/li>\n<li>Kontrole odp\u0142yw\u00f3w i ruroci\u0105g\u00f3w<\/li>\n<li>Badania ruroci\u0105g\u00f3w<\/li>\n<li>Monitoring pog\u0142\u0119biarek<\/li>\n<\/ul>\n<p><strong>POSZUKIWANIE I ODZYSKIWANIE (SAR) \/ BEZPIECZE\u0143STWO<\/strong><\/p>\n<ul>\n<li>Oczyszczanie nabrze\u017ca<\/li>\n<li>Kontrola kad\u0142uba<\/li>\n<li>Kontrola pali<\/li>\n<li>Wykrywanie niewybuch\u00f3w (UEXO) \/ IED<\/li>\n<li>Wykrywanie\/odzyskiwanie cia\u0142 i dowod\u00f3w<\/li>\n<li>Kierowanie nurkami i nadz\u00f3r nad nimi<\/li>\n<\/ul>\n<p><strong>OPRZYRZ\u0104DOWANIE POJAZD\u00d3W PODWODNYCH (UVI)<\/strong><\/p>\n<ul>\n<li>ROV &#8211; nawigacja, omijanie przeszk\u00f3d, szybkie tworzenie mozaiki &#8211; badanie batymetryczne, badanie ruroci\u0105gu<\/li>\n<li>Nawigacja, unikanie przeszk\u00f3d &#8211; Profilowanie wykop\u00f3w<\/li>\n<\/ul>\n<p><strong>MONITOROWANIE \u015aRODOWISKA<\/strong><\/p>\n<ul>\n<li>Monitorowanie zachowania ssak\u00f3w<\/li>\n<li>Monitorowanie ryb<\/li>\n<li>Badania geologiczne (formacje dna i p\u0119cherzyki gazu\/szczeliny)<\/li>\n<li>Stawy \u015bciekowe i laguny<\/li>\n<li>Wykrywanie miejsc archeologicznych i wrak\u00f3w statk\u00f3w<\/li>\n<li>Monitorowanie raf koralowych<\/li>\n<\/ul>\n<p><strong>OPROGRAMOWANIE SONARU M3<\/strong><br \/>Oprogramowanie M3 zosta\u0142o opracowane specjalnie dla systemu M3 w celu zarz\u0105dzania komunikacj\u0105 z g\u0142owic\u0105 sonaru i obs\u0142ugi ca\u0142ego procesu formowania wi\u0105zki i przetwarzania obrazu.<\/p>\n<p><strong>CZTERY PREDEFINIOWANE TRYBY<\/strong><br \/>Obrazowanie: Nawigacja dalekiego zasi\u0119gu z szybk\u0105 aktualizacj\u0105<br \/>Enhanced Image Quality (eIQ): Najwy\u017csza jako\u015b\u0107 obrazu (rozdzielczo\u015b\u0107 k\u0105towa 0,95\u00b0) z kr\u00f3tkiego zasi\u0119gu z wolniejsz\u0105 aktualizacj\u0105<br \/>Nawigacja ROV: Wybiera eIQ lub obrazowanie na podstawie zasi\u0119gu<br \/>Profilowanie: W\u0105ska wi\u0105zka 3\u00b0 u\u017cywana do generowania chmury punkt\u00f3w 3D<\/p>\n<p><strong>OBS\u0141UGIWANE OPROGRAMOWANIE DO AKWIZYCJI DANYCH<\/strong><\/p>\n<ul>\n<li>Hypack Hysweep<\/li>\n<li>QPS QINSy<\/li>\n<li>EIVA NaviSuite<\/li>\n<li>OIC SAMM<\/li>\n<li>Forum VisualSoft Suite<\/li>\n<\/ul>\n<p><strong>OBS\u0141UGIWANE OPROGRAMOWANIE DO OBR\u00d3BKI KO\u0143COWEJ<\/strong><\/p>\n<ul>\n<li>CARIS HIPs &amp; SIPs<\/li>\n<li>Hypack<\/li>\n<li>QPS QINSy<\/li>\n<li>EIVA NaviSuite<\/li>\n<li>Forum VisualSoft Suite<\/li>\n<li>Echoview<\/li>\n<\/ul>\n<div class=\"lmt__inner_textarea_container\" title=\"Kliknij na s\u0142owo, aby otrzyma\u0107 alternatywne t\u0142umaczenia\">\n<div id=\"target-dummydiv\" class=\"lmt__textarea lmt__textarea_dummydiv\" lang=\"pl-PL\"><\/div>\n<\/div>\n<\/div>\n<ul>\n<li>\n        <a href=\"https:\/\/www.kongsberg.com\/globalassets\/maritime\/km-products\/product-documents\/922-20027901-1-4-m3-sonar-4000m.pdf\">Broszura 4000m<\/a>\n    <\/li>\n<li>\n        <a href=\"https:\/\/www.kongsberg.com\/globalassets\/maritime\/km-products\/product-documents\/922-20017901-1-4-m3-sonar-500m.pdf\">Broszura 500m<\/a>\n    <\/li>\n<li>\n        <a href=\"https:\/\/www.kongsberg.com\/maritime\/products\/ocean-science\/mapping-systems\/sonars\/sonars-for-marine-site-inspection\/m3\/\">Inne wersje <\/a>\n    <\/li>\n<\/ul>\n<p><!--more--><br \/>\n<!-- {\"type\":\"layout\",\"children\":[{\"type\":\"section\",\"props\":{\"style\":\"default\",\"width\":\"default\",\"vertical_align\":\"middle\",\"title_position\":\"top-left\",\"title_rotation\":\"left\",\"title_breakpoint\":\"xl\",\"image_position\":\"center-center\"},\"children\":[{\"type\":\"row\",\"children\":[{\"type\":\"column\",\"props\":{\"image_position\":\"center-center\",\"media_overlay_gradient\":\"\"},\"children\":[{\"type\":\"headline\",\"props\":{\"title_element\":\"h1\",\"content\":\"\n\n<h1 class=\\\"uk-article-title\\\">Sonar wielowi\\u0105zkowy Kongsberg M3<\\\/h1>\"}},{\"type\":\"divider\",\"props\":{\"divider_element\":\"hr\"}},{\"type\":\"image\",\"props\":{\"margin\":\"default\",\"image_svg_color\":\"emphasis\",\"image\":\"wp-content\\\/uploads\\\/2021\\\/11\\\/m2sonar.jpg\",\"text_align\":\"center\"}},{\"type\":\"text\",\"props\":{\"margin\":\"default\",\"column_breakpoint\":\"m\",\"content\":\"\n\n<p><strong>CECHY<\\\/strong><\\\/p>\\n\n\n<ul>\\n\n\n<li>G\\u0142\\u0119boko\\u015b\\u0107 wody do 500 m i do 4000 m<\\\/li>\\n\n\n<li>Przeno\\u015bny, ekonomiczny i lekki sonar<\\\/li>\\n\n\n<li>Generuje zestawy danych obrazowych i batymetrycznych z jednej g\\u0142owicy sonaru<\\\/li>\\n\n\n<li>Tworzy obrazy o jako\\u015bci pojedynczej wi\\u0105zki z szybko\\u015bci\\u0105 wi\\u0105zki wielowi\\u0105zkowej<\\\/li>\\n\n\n<li>Zapewnia wyj\\u015bcie GeoTIFF i tworzy mozaik\\u0119 w czasie rzeczywistym przy u\\u017cyciu oprogramowania innych firm<\\\/li>\\n\n\n<li>Zgodno\\u015b\\u0107 z IHO Special Order &amp; 1A<br \\\/>Wykorzystuje liniowe impulsy FM, CW i Dopplera<\\\/li>\\n\n\n<li>Innowacyjna konstrukcja sonaru M3 Sonar\\u00ae wykorzystuje dwa zestawy komplementarnych przetwornik\\u00f3w, kt\\u00f3re pozwalaj\\u0105 mu generowa\\u0107 zar\\u00f3wno dane obrazowe jak i batymetryczne za pomoc\\u0105 tej samej g\\u0142owicy. Unikaln\\u0105 cech\\u0105 M3 Sonar\\u00ae jest opatentowany tryb pracy eIQ (enhanced image quality), kt\\u00f3ry generuje obrazy wielowi\\u0105zkowe o niespotykanej dot\\u0105d wyrazisto\\u015bci.<\\\/li>\\n<\\\/ul>\\n\n\n<p>Sonar M3 ma mo\\u017cliwo\\u015b\\u0107 konfigurowania aplikacji wykorzystuj\\u0105cych z\\u0142o\\u017cone impulsy. System pozwala operatorowi na interleave aktywnych ping\\u00f3w i pasywnych tryb\\u00f3w nas\\u0142uchu, Dopplera, wielu okien true-zoom (do 4) z liniowymi FM i CW tryb\\u00f3w pracy obrazowania.<\\\/p>\\n\n\n<p>Wyj\\u015bcia danych s\\u0105 kompatybilne z r\\u00f3\\u017cnymi programami innych firm, takimi jak Caris, EIVA, Hypack i QINSy. M3 Sonar\\u00ae posiada zdolno\\u015b\\u0107 do wytwarzania w czasie rzeczywistym chmur punkt\\u00f3w 3D umo\\u017cliwiaj\\u0105cych szybkie wykrywanie cel\\u00f3w lub obiekt\\u00f3w. Idealny do bada\\u0144 na p\\u0142ytkich wodach na USV\\\/ASV\\\/ROV i rozmieszczeniu dw\\u00f3ch g\\u0142owic.<\\\/p>\\n\n\n<p><strong>KORZY\\u015aCI<\\\/strong><\\\/p>\\n\n\n<ul>\\n\n\n<li>Wysoka szybko\\u015b\\u0107 aktualizacji<\\\/li>\\n\n\n<li>Znacz\\u0105ca oszcz\\u0119dno\\u015b\\u0107 czasu podczas operacji<\\\/li>\\n\n\n<li>Jednolity, du\\u017cy obszar pokrycia<\\\/li>\\n\n\n<li>Mo\\u017cliwo\\u015b\\u0107 pracy w trybie MultiMode<\\\/li>\\n\n\n<li>Niski pob\\u00f3r mocy<\\\/li>\\n\n\n<li>Przyjazny dla u\\u017cytkownika<\\\/li>\\n<\\\/ul>\\n\n\n<p><\\\/p>\\n\n\n<p><strong>ZASTOSOWANIA<\\\/strong><\\\/p>\\n\n\n<ul>\\n\n\n<li>Inspekcja kad\\u0142uba<\\\/li>\\n\n\n<li>Kontrola mola i oczyszczenie nabrze\\u017ca<\\\/li>\\n\n\n<li>Podwodne poszukiwania i odzyskiwanie<\\\/li>\\n\n\n<li>Ochrona podwodna<\\\/li>\\n\n\n<li>Oprzyrz\\u0105dowanie pojazd\\u00f3w podwodnych<\\\/li>\\n<\\\/ul>\\n\n\n<p><strong>OPCJE INSTALACJI<\\\/strong><br \\\/>Monta\\u017c na statku\\u00a0<br \\\/>Odpowiednie dla szerokiej gamy pojazd\\u00f3w, od du\\u017cych ROV klasy roboczej do ma\\u0142ych ROV klasy obserwacyjnej<br \\\/>Monta\\u017c na statywie<\\\/p>\\n\n\n<p><strong>ZGODNO\\u015a\\u0106 Z IHO<\\\/strong><br \\\/>Zgodno\\u015b\\u0107 z norm\\u0105 dok\\u0142adno\\u015bci pionowej mo\\u017ce by\\u0107 zachowana w ca\\u0142ym sektorze \\u00b160\\u00b0 dla pomiar\\u00f3w Zlecenia 1 i do co najmniej \\u00b155\\u00b0 dla Zam\\u00f3wie\\u0144 Specjalnych.<br \\\/>Detekcja cel\\u00f3w okre\\u015blona w Zam\\u00f3wieniu Specjalnym (sze\\u015bcian o boku 1m) jest spe\\u0142niona do 20m, a detekcja cel\\u00f3w okre\\u015blona w Zam\\u00f3wieniu 1A (sze\\u015bcian o boku 2m) jest zachowana do 40m.<br \\\/><strong><\\\/strong><\\\/p>\\n\n\n<p><strong>ZASTOSOWANIA SONARU M3<\\\/strong><br \\\/><strong>IN\\u017bYNIERIA MORSKA I INSPEKCJA TERENU (MESI)<\\\/strong><\\\/p>\\n\n\n<ul>\\n\n\n<li>Inspekcja konstrukcji w portach i przystaniach<\\\/li>\\n\n\n<li>Inspekcje zap\\u00f3r i uj\\u0119\\u0107 wody<\\\/li>\\n\n\n<li>Inspekcje pomost\\u00f3w mostowych i dok\\u00f3w<\\\/li>\\n\n\n<li>Badania p\\u0142ytkich w\\u00f3d<\\\/li>\\n\n\n<li>Kontrole odp\\u0142yw\\u00f3w i ruroci\\u0105g\\u00f3w<\\\/li>\\n\n\n<li>Badania ruroci\\u0105g\\u00f3w<\\\/li>\\n\n\n<li>Monitoring pog\\u0142\\u0119biarek<\\\/li>\\n<\\\/ul>\\n\n\n<p><strong>POSZUKIWANIE I ODZYSKIWANIE (SAR) \\\/ BEZPIECZE\\u0143STWO<\\\/strong><\\\/p>\\n\n\n<ul>\\n\n\n<li>Oczyszczanie nabrze\\u017ca<\\\/li>\\n\n\n<li>Kontrola kad\\u0142uba<\\\/li>\\n\n\n<li>Kontrola pali<\\\/li>\\n\n\n<li>Wykrywanie niewybuch\\u00f3w (UEXO) \\\/ IED<\\\/li>\\n\n\n<li>Wykrywanie\\\/odzyskiwanie cia\\u0142 i dowod\\u00f3w<\\\/li>\\n\n\n<li>Kierowanie nurkami i nadz\\u00f3r nad nimi<\\\/li>\\n<\\\/ul>\\n\n\n<p><strong>OPRZYRZ\\u0104DOWANIE POJAZD\\u00d3W PODWODNYCH (UVI)<\\\/strong><\\\/p>\\n\n\n<ul>\\n\n\n<li>ROV - nawigacja, omijanie przeszk\\u00f3d, szybkie tworzenie mozaiki - badanie batymetryczne, badanie ruroci\\u0105gu<\\\/li>\\n\n\n<li>Nawigacja, unikanie przeszk\\u00f3d - Profilowanie wykop\\u00f3w<\\\/li>\\n<\\\/ul>\\n\n\n<p><strong>MONITOROWANIE \\u015aRODOWISKA<\\\/strong><\\\/p>\\n\n\n<ul>\\n\n\n<li>Monitorowanie zachowania ssak\\u00f3w<\\\/li>\\n\n\n<li>Monitorowanie ryb<\\\/li>\\n\n\n<li>Badania geologiczne (formacje dna i p\\u0119cherzyki gazu\\\/szczeliny)<\\\/li>\\n\n\n<li>Stawy \\u015bciekowe i laguny<\\\/li>\\n\n\n<li>Wykrywanie miejsc archeologicznych i wrak\\u00f3w statk\\u00f3w<\\\/li>\\n\n\n<li>Monitorowanie raf koralowych<\\\/li>\\n<\\\/ul>\\n\n\n<p><strong>OPROGRAMOWANIE SONARU M3<\\\/strong><br \\\/>Oprogramowanie M3 zosta\\u0142o opracowane specjalnie dla systemu M3 w celu zarz\\u0105dzania komunikacj\\u0105 z g\\u0142owic\\u0105 sonaru i obs\\u0142ugi ca\\u0142ego procesu formowania wi\\u0105zki i przetwarzania obrazu.<\\\/p>\\n\n\n<p><strong>CZTERY PREDEFINIOWANE TRYBY<\\\/strong><br \\\/>Obrazowanie: Nawigacja dalekiego zasi\\u0119gu z szybk\\u0105 aktualizacj\\u0105<br \\\/>Enhanced Image Quality (eIQ): Najwy\\u017csza jako\\u015b\\u0107 obrazu (rozdzielczo\\u015b\\u0107 k\\u0105towa 0,95\\u00b0) z kr\\u00f3tkiego zasi\\u0119gu z wolniejsz\\u0105 aktualizacj\\u0105<br \\\/>Nawigacja ROV: Wybiera eIQ lub obrazowanie na podstawie zasi\\u0119gu<br \\\/>Profilowanie: W\\u0105ska wi\\u0105zka 3\\u00b0 u\\u017cywana do generowania chmury punkt\\u00f3w 3D<\\\/p>\\n\n\n<p><strong>OBS\\u0141UGIWANE OPROGRAMOWANIE DO AKWIZYCJI DANYCH<\\\/strong><\\\/p>\\n\n\n<ul>\\n\n\n<li>Hypack Hysweep<\\\/li>\\n\n\n<li>QPS QINSy<\\\/li>\\n\n\n<li>EIVA NaviSuite<\\\/li>\\n\n\n<li>OIC SAMM<\\\/li>\\n\n\n<li>Forum VisualSoft Suite<\\\/li>\\n<\\\/ul>\\n\n\n<p><strong>OBS\\u0141UGIWANE OPROGRAMOWANIE DO OBR\\u00d3BKI KO\\u0143COWEJ<\\\/strong><\\\/p>\\n\n\n<ul>\\n\n\n<li>CARIS HIPs &amp; SIPs<\\\/li>\\n\n\n<li>Hypack<\\\/li>\\n\n\n<li>QPS QINSy<\\\/li>\\n\n\n<li>EIVA NaviSuite<\\\/li>\\n\n\n<li>Forum VisualSoft Suite<\\\/li>\\n\n\n<li>Echoview<\\\/li>\\n<\\\/ul>\\n\n\n<p><\\\/p>\\n\n\n<div class=\\\"lmt__inner_textarea_container\\\" title=\\\"Kliknij na s\\u0142owo, aby otrzyma\\u0107 alternatywne t\\u0142umaczenia\\\">\\n\n\n<div id=\\\"target-dummydiv\\\" class=\\\"lmt__textarea lmt__textarea_dummydiv\\\" lang=\\\"pl-PL\\\"><\\\/div>\\n<\\\/div>\"}},{\"type\":\"button\",\"props\":{\"grid_column_gap\":\"small\",\"grid_row_gap\":\"small\",\"margin\":\"default\"},\"children\":[{\"type\":\"button_item\",\"props\":{\"button_style\":\"default\",\"icon_align\":\"left\",\"content\":\"Broszura 4000m\",\"link\":\"https:\\\/\\\/www.kongsberg.com\\\/globalassets\\\/maritime\\\/km-products\\\/product-documents\\\/922-20027901-1-4-m3-sonar-4000m.pdf\"}},{\"type\":\"button_item\",\"props\":{\"button_style\":\"default\",\"icon_align\":\"left\",\"content\":\"Broszura 500m\",\"link\":\"https:\\\/\\\/www.kongsberg.com\\\/globalassets\\\/maritime\\\/km-products\\\/product-documents\\\/922-20017901-1-4-m3-sonar-500m.pdf\"}},{\"type\":\"button_item\",\"props\":{\"button_style\":\"default\",\"icon_align\":\"left\",\"content\":\"Inne wersje \",\"link\":\"https:\\\/\\\/www.kongsberg.com\\\/maritime\\\/products\\\/ocean-science\\\/mapping-systems\\\/sonars\\\/sonars-for-marine-site-inspection\\\/m3\\\/\"}}]}]}]}]}],\"version\":\"2.6.7\"} --><\/p>\n","protected":false},"excerpt":{"rendered":"<p>Sonar wielowi\u0105zkowy Kongsberg M3 CECHY G\u0142\u0119boko\u015b\u0107 wody do 500 m i do 4000 m Przeno\u015bny, ekonomiczny i lekki sonar Generuje zestawy danych obrazowych i batymetrycznych z jednej g\u0142owicy sonaru Tworzy obrazy o jako\u015bci pojedynczej wi\u0105zki z szybko\u015bci\u0105 wi\u0105zki wielowi\u0105zkowej Zapewnia wyj\u015bcie GeoTIFF i tworzy mozaik\u0119 w czasie rzeczywistym przy u\u017cyciu oprogramowania innych firm Zgodno\u015b\u0107 z [&hellip;]<\/p>\n","protected":false},"author":10,"featured_media":0,"parent":0,"menu_order":0,"comment_status":"closed","ping_status":"closed","template":"","meta":{"footnotes":""},"class_list":["post-10619","page","type-page","status-publish","hentry"],"yoast_head":"<!-- This site is optimized with the Yoast SEO plugin v27.6 - https:\/\/yoast.com\/product\/yoast-seo-wordpress\/ -->\n<title>Sonar wielowi\u0105zkowy Kongsberg M3 - ESCORT TECHNOLOGY<\/title>\n<meta name=\"robots\" content=\"index, follow, max-snippet:-1, max-image-preview:large, max-video-preview:-1\" \/>\n<link rel=\"canonical\" href=\"https:\/\/escort-technology.com\/pl\/sonar-wielowiazkowy-kongsberg-m3\/\" \/>\n<meta property=\"og:locale\" content=\"pl_PL\" \/>\n<meta property=\"og:type\" content=\"article\" \/>\n<meta property=\"og:title\" content=\"Sonar wielowi\u0105zkowy Kongsberg M3 - ESCORT TECHNOLOGY\" \/>\n<meta property=\"og:description\" content=\"Sonar wielowi\u0105zkowy Kongsberg M3 CECHY G\u0142\u0119boko\u015b\u0107 wody do 500 m i do 4000 m Przeno\u015bny, ekonomiczny i lekki sonar Generuje zestawy danych obrazowych i batymetrycznych z jednej g\u0142owicy sonaru Tworzy obrazy o jako\u015bci pojedynczej wi\u0105zki z szybko\u015bci\u0105 wi\u0105zki wielowi\u0105zkowej Zapewnia wyj\u015bcie GeoTIFF i tworzy mozaik\u0119 w czasie rzeczywistym przy u\u017cyciu oprogramowania innych firm Zgodno\u015b\u0107 z [&hellip;]\" \/>\n<meta property=\"og:url\" content=\"https:\/\/escort-technology.com\/pl\/sonar-wielowiazkowy-kongsberg-m3\/\" \/>\n<meta property=\"og:site_name\" content=\"ESCORT TECHNOLOGY\" \/>\n<meta property=\"article:publisher\" content=\"https:\/\/www.facebook.com\/elektronika.morska\/\" \/>\n<meta property=\"article:modified_time\" content=\"2021-11-22T10:35:30+00:00\" \/>\n<meta property=\"og:image\" content=\"https:\/\/escort-technology.com\/wp-content\/uploads\/2021\/11\/m2sonar.jpg\" \/>\n<meta name=\"twitter:card\" content=\"summary_large_image\" \/>\n<meta name=\"twitter:label1\" content=\"Szacowany czas czytania\" \/>\n\t<meta name=\"twitter:data1\" content=\"3 minuty\" \/>\n<script type=\"application\/ld+json\" class=\"yoast-schema-graph\">{\"@context\":\"https:\\\/\\\/schema.org\",\"@graph\":[{\"@type\":\"WebPage\",\"@id\":\"https:\\\/\\\/escort-technology.com\\\/sonar-wielowiazkowy-kongsberg-m3\\\/\",\"url\":\"https:\\\/\\\/escort-technology.com\\\/sonar-wielowiazkowy-kongsberg-m3\\\/\",\"name\":\"Sonar wielowi\u0105zkowy Kongsberg M3 - ESCORT TECHNOLOGY\",\"isPartOf\":{\"@id\":\"http:\\\/\\\/escort-technology.com\\\/de\\\/#website\"},\"datePublished\":\"2021-11-22T09:57:27+00:00\",\"dateModified\":\"2021-11-22T10:35:30+00:00\",\"breadcrumb\":{\"@id\":\"https:\\\/\\\/escort-technology.com\\\/sonar-wielowiazkowy-kongsberg-m3\\\/#breadcrumb\"},\"inLanguage\":\"pl-PL\",\"potentialAction\":[{\"@type\":\"ReadAction\",\"target\":[\"https:\\\/\\\/escort-technology.com\\\/sonar-wielowiazkowy-kongsberg-m3\\\/\"]}]},{\"@type\":\"BreadcrumbList\",\"@id\":\"https:\\\/\\\/escort-technology.com\\\/sonar-wielowiazkowy-kongsberg-m3\\\/#breadcrumb\",\"itemListElement\":[{\"@type\":\"ListItem\",\"position\":1,\"name\":\"Strona g\u0142\u00f3wna\",\"item\":\"https:\\\/\\\/escort-technology.com\\\/\"},{\"@type\":\"ListItem\",\"position\":2,\"name\":\"Sonar wielowi\u0105zkowy Kongsberg M3\"}]},{\"@type\":\"WebSite\",\"@id\":\"http:\\\/\\\/escort-technology.com\\\/de\\\/#website\",\"url\":\"http:\\\/\\\/escort-technology.com\\\/de\\\/\",\"name\":\"ESCORT TECHNOLOGY\",\"description\":\"Elektronika morska i l\u0105dowa\",\"publisher\":{\"@id\":\"http:\\\/\\\/escort-technology.com\\\/de\\\/#organization\"},\"potentialAction\":[{\"@type\":\"SearchAction\",\"target\":{\"@type\":\"EntryPoint\",\"urlTemplate\":\"http:\\\/\\\/escort-technology.com\\\/de\\\/?s={search_term_string}\"},\"query-input\":{\"@type\":\"PropertyValueSpecification\",\"valueRequired\":true,\"valueName\":\"search_term_string\"}}],\"inLanguage\":\"pl-PL\"},{\"@type\":\"Organization\",\"@id\":\"http:\\\/\\\/escort-technology.com\\\/de\\\/#organization\",\"name\":\"ESCORT TECHNOLOGY\",\"url\":\"http:\\\/\\\/escort-technology.com\\\/de\\\/\",\"logo\":{\"@type\":\"ImageObject\",\"inLanguage\":\"pl-PL\",\"@id\":\"http:\\\/\\\/escort-technology.com\\\/de\\\/#\\\/schema\\\/logo\\\/image\\\/\",\"url\":\"https:\\\/\\\/escort-technology.com\\\/wp-content\\\/uploads\\\/logo-1.jpg\",\"contentUrl\":\"https:\\\/\\\/escort-technology.com\\\/wp-content\\\/uploads\\\/logo-1.jpg\",\"width\":600,\"height\":165,\"caption\":\"ESCORT TECHNOLOGY\"},\"image\":{\"@id\":\"http:\\\/\\\/escort-technology.com\\\/de\\\/#\\\/schema\\\/logo\\\/image\\\/\"},\"sameAs\":[\"https:\\\/\\\/www.facebook.com\\\/elektronika.morska\\\/\",\"https:\\\/\\\/www.linkedin.com\\\/company\\\/escort-sp-z-o-o-\\\/\"]}]}<\/script>\n<!-- \/ Yoast SEO plugin. -->","yoast_head_json":{"title":"Sonar wielowi\u0105zkowy Kongsberg M3 - ESCORT TECHNOLOGY","robots":{"index":"index","follow":"follow","max-snippet":"max-snippet:-1","max-image-preview":"max-image-preview:large","max-video-preview":"max-video-preview:-1"},"canonical":"https:\/\/escort-technology.com\/pl\/sonar-wielowiazkowy-kongsberg-m3\/","og_locale":"pl_PL","og_type":"article","og_title":"Sonar wielowi\u0105zkowy Kongsberg M3 - ESCORT TECHNOLOGY","og_description":"Sonar wielowi\u0105zkowy Kongsberg M3 CECHY G\u0142\u0119boko\u015b\u0107 wody do 500 m i do 4000 m Przeno\u015bny, ekonomiczny i lekki sonar Generuje zestawy danych obrazowych i batymetrycznych z jednej g\u0142owicy sonaru Tworzy obrazy o jako\u015bci pojedynczej wi\u0105zki z szybko\u015bci\u0105 wi\u0105zki wielowi\u0105zkowej Zapewnia wyj\u015bcie GeoTIFF i tworzy mozaik\u0119 w czasie rzeczywistym przy u\u017cyciu oprogramowania innych firm Zgodno\u015b\u0107 z [&hellip;]","og_url":"https:\/\/escort-technology.com\/pl\/sonar-wielowiazkowy-kongsberg-m3\/","og_site_name":"ESCORT TECHNOLOGY","article_publisher":"https:\/\/www.facebook.com\/elektronika.morska\/","article_modified_time":"2021-11-22T10:35:30+00:00","og_image":[{"url":"https:\/\/escort-technology.com\/wp-content\/uploads\/2021\/11\/m2sonar.jpg","type":"","width":"","height":""}],"twitter_card":"summary_large_image","twitter_misc":{"Szacowany czas czytania":"3 minuty"},"schema":{"@context":"https:\/\/schema.org","@graph":[{"@type":"WebPage","@id":"https:\/\/escort-technology.com\/sonar-wielowiazkowy-kongsberg-m3\/","url":"https:\/\/escort-technology.com\/sonar-wielowiazkowy-kongsberg-m3\/","name":"Sonar wielowi\u0105zkowy Kongsberg M3 - ESCORT TECHNOLOGY","isPartOf":{"@id":"http:\/\/escort-technology.com\/de\/#website"},"datePublished":"2021-11-22T09:57:27+00:00","dateModified":"2021-11-22T10:35:30+00:00","breadcrumb":{"@id":"https:\/\/escort-technology.com\/sonar-wielowiazkowy-kongsberg-m3\/#breadcrumb"},"inLanguage":"pl-PL","potentialAction":[{"@type":"ReadAction","target":["https:\/\/escort-technology.com\/sonar-wielowiazkowy-kongsberg-m3\/"]}]},{"@type":"BreadcrumbList","@id":"https:\/\/escort-technology.com\/sonar-wielowiazkowy-kongsberg-m3\/#breadcrumb","itemListElement":[{"@type":"ListItem","position":1,"name":"Strona g\u0142\u00f3wna","item":"https:\/\/escort-technology.com\/"},{"@type":"ListItem","position":2,"name":"Sonar wielowi\u0105zkowy Kongsberg M3"}]},{"@type":"WebSite","@id":"http:\/\/escort-technology.com\/de\/#website","url":"http:\/\/escort-technology.com\/de\/","name":"ESCORT TECHNOLOGY","description":"Elektronika morska i l\u0105dowa","publisher":{"@id":"http:\/\/escort-technology.com\/de\/#organization"},"potentialAction":[{"@type":"SearchAction","target":{"@type":"EntryPoint","urlTemplate":"http:\/\/escort-technology.com\/de\/?s={search_term_string}"},"query-input":{"@type":"PropertyValueSpecification","valueRequired":true,"valueName":"search_term_string"}}],"inLanguage":"pl-PL"},{"@type":"Organization","@id":"http:\/\/escort-technology.com\/de\/#organization","name":"ESCORT TECHNOLOGY","url":"http:\/\/escort-technology.com\/de\/","logo":{"@type":"ImageObject","inLanguage":"pl-PL","@id":"http:\/\/escort-technology.com\/de\/#\/schema\/logo\/image\/","url":"https:\/\/escort-technology.com\/wp-content\/uploads\/logo-1.jpg","contentUrl":"https:\/\/escort-technology.com\/wp-content\/uploads\/logo-1.jpg","width":600,"height":165,"caption":"ESCORT TECHNOLOGY"},"image":{"@id":"http:\/\/escort-technology.com\/de\/#\/schema\/logo\/image\/"},"sameAs":["https:\/\/www.facebook.com\/elektronika.morska\/","https:\/\/www.linkedin.com\/company\/escort-sp-z-o-o-\/"]}]}},"_links":{"self":[{"href":"https:\/\/escort-technology.com\/pl\/wp-json\/wp\/v2\/pages\/10619","targetHints":{"allow":["GET"]}}],"collection":[{"href":"https:\/\/escort-technology.com\/pl\/wp-json\/wp\/v2\/pages"}],"about":[{"href":"https:\/\/escort-technology.com\/pl\/wp-json\/wp\/v2\/types\/page"}],"author":[{"embeddable":true,"href":"https:\/\/escort-technology.com\/pl\/wp-json\/wp\/v2\/users\/10"}],"replies":[{"embeddable":true,"href":"https:\/\/escort-technology.com\/pl\/wp-json\/wp\/v2\/comments?post=10619"}],"version-history":[{"count":12,"href":"https:\/\/escort-technology.com\/pl\/wp-json\/wp\/v2\/pages\/10619\/revisions"}],"predecessor-version":[{"id":10632,"href":"https:\/\/escort-technology.com\/pl\/wp-json\/wp\/v2\/pages\/10619\/revisions\/10632"}],"wp:attachment":[{"href":"https:\/\/escort-technology.com\/pl\/wp-json\/wp\/v2\/media?parent=10619"}],"curies":[{"name":"wp","href":"https:\/\/api.w.org\/{rel}","templated":true}]}}