{"id":10785,"date":"2021-12-07T11:18:34","date_gmt":"2021-12-07T10:18:34","guid":{"rendered":"https:\/\/escort-technology.com\/?page_id=10785"},"modified":"2021-12-07T14:27:56","modified_gmt":"2021-12-07T13:27:56","slug":"echosonda-wielowiazkowa-kongsberg-em124-2","status":"publish","type":"page","link":"https:\/\/escort-technology.com\/pl\/echosonda-wielowiazkowa-kongsberg-em124-2\/","title":{"rendered":"Echosonda wielowi\u0105zkowa Kongsberg EM124"},"content":{"rendered":"<h1>\n<h1 class=\"uk-article-title\">Echosonda wielowi\u0105zkowa Kongsberg EM124<\/h1>\n<\/h1>\n<hr>\n<p><img decoding=\"async\" src=\"\/wp-content\/uploads\/2021\/11\/images-1.jpg\" alt=\"\"><\/p>\n<div>\n<h3>Najnowsza echosonda wielowi\u0105zkowa\u00a0 EM 124 wykonuje dok\u0142adne, mapowanie dna morskiego od p\u0142ytkich w\u00f3d do pe\u0142nej g\u0142\u0119boko\u015bci oceanu. Nast\u0119pca modelu EM 122. Model EM 124 posiada szeroki zakres funkcji umo\u017cliwiaj\u0105cych jednoczesne gromadzenie wielu typ\u00f3w danych, co pozwala zaoszcz\u0119dzi\u0107 czas w fazie planowania, realizacji i analizy. Niskoszumowa echosonda EM 124 dostarcza doskona\u0142ych danych, kt\u00f3re wymagaj\u0105 minimalnego postprocessingu.<\/h3>\n<\/div>\n<div>\n<p>Echosonda EM 124 sk\u0142ada si\u0119 z nowej,\u00a0 elektroniki oraz oddzielnych\u00a0 przetwornik\u00f3w w konfiguracji Mills Cross. Wykorzystuje te same sprawdzone w praktyce przetworniki, co EM 122, dzi\u0119ki czemu jest \u0142atwy do modernizacji. Zadbano o to, aby zaprojektowa\u0107 wysoce modu\u0142owe i elastyczne rozwi\u0105zanie z kompaktow\u0105 elektronik\u0105 dla \u0142atwiejszej i szybszej instalacji. Dzi\u0119ki elastycznej konstrukcji przetwornika, system mo\u017ce by\u0107 dostosowany do prawie ka\u017cdego wymaganego rozmiaru. Najwi\u0119kszy standardowy rozmiar, 0,5 x 1 stopie\u0144, daje najwy\u017csz\u0105 wydajno\u015b\u0107 systemu pod wzgl\u0119dem rozdzielczo\u015bci i zasi\u0119gu, podczas gdy mniejsze rozwi\u0105zanie 4 x 4 stopnie pozwala na pe\u0142ne badanie g\u0142\u0119boko\u015bci oceanu nawet na mniejszych statkach.<\/p>\n<p><strong>Systemy EM firmy KONGSBERG<\/strong><\/p>\n<p>EM 124 jest cz\u0119\u015bci\u0105 nowej platformy EM zaprojektowanej z my\u015bl\u0105 o przysz\u0142ych wyzwaniach. Nowy format echogramu obs\u0142uguje kilka nowych funkcji, takich jak rozszerzona kalibracja rozpraszania wstecznego, a wi\u0119cej funkcji b\u0119dzie dost\u0119pnych w przysz\u0142o\u015bci. Nowy format jest wspierany przez otwarty ekosystem cyfrowy KONGSBERG.<\/p>\n<p>Wszystkie echosondy wielowi\u0105zkowe KONGSBERG EM zapewniaj\u0105 najlepsze \u015brodowisko pracy w celu ochrony ssak\u00f3w zamieszkuj\u0105cych obszar bada\u0144.<\/p>\n<p>Zakres g\u0142\u0119boko\u015bci: od 20 do 11000 metr\u00f3w, czyli pe\u0142na g\u0142\u0119boko\u015b\u0107 oceanu. Zakres g\u0142\u0119boko\u015bci zale\u017cy od temperatury wody, poziomu ha\u0142asu i rodzaju dna.<br \/>Cz\u0119stotliwo\u015b\u0107 nominalna: 12 kHz<br \/>Cz\u0119stotliwo\u015b\u0107 robocza: 10,5 &#8211; 13,5 kHz<br \/>Szeroko\u015b\u0107 przekroju: Zazwyczaj 6-krotno\u015b\u0107 g\u0142\u0119boko\u015bci lub ponad 40 km<br \/>Liczba przekroj\u00f3w: 2 przekroje na jedno pikni\u0119cie<br \/>D\u0142ugo\u015b\u0107 impulsu: 1 ms CW do 100 ms FM efektywnej d\u0142ugo\u015bci impulsu<br \/>Liczba sektor\u00f3w nadawania: 16 kodowanych cz\u0119stotliwo\u015bciowo sektor\u00f3w nadawczych na ping \/ 8 na swath<br \/>Dost\u0119pne modele nadajnik\u00f3w: 0,5 stopnia, 1 stopie\u0144, 2 stopnie i 4 stopnie<br \/>Dost\u0119pne modele odbiornik\u00f3w: 1 stopie\u0144, 2 stopnie i 4 stopnie<br \/>Liczba wi\u0105zek odbiornika (na ping): 1600 wi\u0105zek, 1 stopie\u0144 RX 1024 wi\u0105zki, 2 stopie\u0144 RX 512 wi\u0105zek, 4 stopie\u0144 RX<br \/>T\u0142umienie wielu odbi\u0107: Lepsze ni\u017c 50 dB<br \/>Skupianie wi\u0105zki: Na nadawaniu i odbiorze<br \/>Rezultaty: Dane batymetryczne, Dane obrazowe dna morskiego, Dane s\u0142upa wody, Wykrywanie dodatkowych g\u0142\u0119boko\u015bci<br \/>Stabilizacja ruchu w czasie rzeczywistym: Przechy\u0142: \u00b1 15 stopni, Pochylenie: \u00b1 10 stopni, Odchylenie: \u00b1 10 stopni<br \/>Wz\u00f3r sygna\u0142u d\u017awi\u0119kowego: R\u00f3wnoleg\u0142y i r\u00f3wnok\u0105tny<br \/>Regulacja wzmocnienia: Automatyczna<br \/>Ochrona ssak\u00f3w: Stopniowe uruchamianie rampy nadawczej<br \/>Nowy format datagram\u00f3w *.KMall zast\u0119puje format *.all<br \/>Dost\u0119pna integracja z echosond\u0105 parametryczn\u0105\u00a0 <br \/>Zgodno\u015b\u0107 z IHO S-44 order 1A<\/p>\n<\/div>\n<p>\n    <a href=\"https:\/\/www.kongsberg.com\/globalassets\/maritime\/km-products\/product-documents\/em-124-multibeam-echo-sounder\">Karta katalogowa <\/a>\n<\/p>\n<p><!--more--><br \/>\n<!-- {\"type\":\"layout\",\"children\":[{\"type\":\"section\",\"props\":{\"style\":\"default\",\"width\":\"default\",\"vertical_align\":\"middle\",\"title_position\":\"top-left\",\"title_rotation\":\"left\",\"title_breakpoint\":\"xl\",\"image_position\":\"center-center\"},\"children\":[{\"type\":\"row\",\"children\":[{\"type\":\"column\",\"props\":{\"image_position\":\"center-center\",\"media_overlay_gradient\":\"\"},\"children\":[{\"type\":\"headline\",\"props\":{\"title_element\":\"h1\",\"content\":\"\n\n<h1 class=\\\"uk-article-title\\\">Echosonda wielowi\\u0105zkowa Kongsberg EM124<\\\/h1>\"}},{\"type\":\"divider\",\"props\":{\"divider_element\":\"hr\"}},{\"type\":\"image\",\"props\":{\"margin\":\"default\",\"image_svg_color\":\"emphasis\",\"image\":\"wp-content\\\/uploads\\\/2021\\\/11\\\/images-1.jpg\",\"text_align\":\"center\",\"image_width\":\"350\"}},{\"type\":\"text\",\"props\":{\"margin\":\"default\",\"column_breakpoint\":\"m\",\"content\":\"\n\n<h3>Najnowsza echosonda wielowi\\u0105zkowa\\u00a0 EM 124 wykonuje dok\\u0142adne, mapowanie dna morskiego od p\\u0142ytkich w\\u00f3d do pe\\u0142nej g\\u0142\\u0119boko\\u015bci oceanu. Nast\\u0119pca modelu EM 122. Model EM 124 posiada szeroki zakres funkcji umo\\u017cliwiaj\\u0105cych jednoczesne gromadzenie wielu typ\\u00f3w danych, co pozwala zaoszcz\\u0119dzi\\u0107 czas w fazie planowania, realizacji i analizy. Niskoszumowa echosonda EM 124 dostarcza doskona\\u0142ych danych, kt\\u00f3re wymagaj\\u0105 minimalnego postprocessingu.<\\\/h3>\"}},{\"type\":\"text\",\"props\":{\"margin\":\"default\",\"column_breakpoint\":\"m\",\"content\":\"\n\n<p>Echosonda EM 124 sk\\u0142ada si\\u0119 z nowej,\\u00a0 elektroniki oraz oddzielnych\\u00a0 przetwornik\\u00f3w w konfiguracji Mills Cross. Wykorzystuje te same sprawdzone w praktyce przetworniki, co EM 122, dzi\\u0119ki czemu jest \\u0142atwy do modernizacji. Zadbano o to, aby zaprojektowa\\u0107 wysoce modu\\u0142owe i elastyczne rozwi\\u0105zanie z kompaktow\\u0105 elektronik\\u0105 dla \\u0142atwiejszej i szybszej instalacji. Dzi\\u0119ki elastycznej konstrukcji przetwornika, system mo\\u017ce by\\u0107 dostosowany do prawie ka\\u017cdego wymaganego rozmiaru. Najwi\\u0119kszy standardowy rozmiar, 0,5 x 1 stopie\\u0144, daje najwy\\u017csz\\u0105 wydajno\\u015b\\u0107 systemu pod wzgl\\u0119dem rozdzielczo\\u015bci i zasi\\u0119gu, podczas gdy mniejsze rozwi\\u0105zanie 4 x 4 stopnie pozwala na pe\\u0142ne badanie g\\u0142\\u0119boko\\u015bci oceanu nawet na mniejszych statkach.<\\\/p>\\n\n\n<p><strong>Systemy EM firmy KONGSBERG<\\\/strong><\\\/p>\\n\n\n<p>EM 124 jest cz\\u0119\\u015bci\\u0105 nowej platformy EM zaprojektowanej z my\\u015bl\\u0105 o przysz\\u0142ych wyzwaniach. Nowy format echogramu obs\\u0142uguje kilka nowych funkcji, takich jak rozszerzona kalibracja rozpraszania wstecznego, a wi\\u0119cej funkcji b\\u0119dzie dost\\u0119pnych w przysz\\u0142o\\u015bci. Nowy format jest wspierany przez otwarty ekosystem cyfrowy KONGSBERG.<\\\/p>\\n\n\n<p>Wszystkie echosondy wielowi\\u0105zkowe KONGSBERG EM zapewniaj\\u0105 najlepsze \\u015brodowisko pracy w celu ochrony ssak\\u00f3w zamieszkuj\\u0105cych obszar bada\\u0144.<\\\/p>\\n\n\n<p>Zakres g\\u0142\\u0119boko\\u015bci: od 20 do 11000 metr\\u00f3w, czyli pe\\u0142na g\\u0142\\u0119boko\\u015b\\u0107 oceanu. Zakres g\\u0142\\u0119boko\\u015bci zale\\u017cy od temperatury wody, poziomu ha\\u0142asu i rodzaju dna.<br \\\/>Cz\\u0119stotliwo\\u015b\\u0107 nominalna: 12 kHz<br \\\/>Cz\\u0119stotliwo\\u015b\\u0107 robocza: 10,5 - 13,5 kHz<br \\\/>Szeroko\\u015b\\u0107 przekroju: Zazwyczaj 6-krotno\\u015b\\u0107 g\\u0142\\u0119boko\\u015bci lub ponad 40 km<br \\\/>Liczba przekroj\\u00f3w: 2 przekroje na jedno pikni\\u0119cie<br \\\/>D\\u0142ugo\\u015b\\u0107 impulsu: 1 ms CW do 100 ms FM efektywnej d\\u0142ugo\\u015bci impulsu<br \\\/>Liczba sektor\\u00f3w nadawania: 16 kodowanych cz\\u0119stotliwo\\u015bciowo sektor\\u00f3w nadawczych na ping \\\/ 8 na swath<br \\\/>Dost\\u0119pne modele nadajnik\\u00f3w: 0,5 stopnia, 1 stopie\\u0144, 2 stopnie i 4 stopnie<br \\\/>Dost\\u0119pne modele odbiornik\\u00f3w: 1 stopie\\u0144, 2 stopnie i 4 stopnie<br \\\/>Liczba wi\\u0105zek odbiornika (na ping): 1600 wi\\u0105zek, 1 stopie\\u0144 RX 1024 wi\\u0105zki, 2 stopie\\u0144 RX 512 wi\\u0105zek, 4 stopie\\u0144 RX<br \\\/>T\\u0142umienie wielu odbi\\u0107: Lepsze ni\\u017c 50 dB<br \\\/>Skupianie wi\\u0105zki: Na nadawaniu i odbiorze<br \\\/>Rezultaty: Dane batymetryczne, Dane obrazowe dna morskiego, Dane s\\u0142upa wody, Wykrywanie dodatkowych g\\u0142\\u0119boko\\u015bci<br \\\/>Stabilizacja ruchu w czasie rzeczywistym: Przechy\\u0142: \\u00b1 15 stopni, Pochylenie: \\u00b1 10 stopni, Odchylenie: \\u00b1 10 stopni<br \\\/>Wz\\u00f3r sygna\\u0142u d\\u017awi\\u0119kowego: R\\u00f3wnoleg\\u0142y i r\\u00f3wnok\\u0105tny<br \\\/>Regulacja wzmocnienia: Automatyczna<br \\\/>Ochrona ssak\\u00f3w: Stopniowe uruchamianie rampy nadawczej<br \\\/>Nowy format datagram\\u00f3w *.KMall zast\\u0119puje format *.all<br \\\/>Dost\\u0119pna integracja z echosond\\u0105 parametryczn\\u0105\\u00a0 <br \\\/>Zgodno\\u015b\\u0107 z IHO S-44 order 1A<\\\/p>\"}},{\"type\":\"button\",\"props\":{\"grid_column_gap\":\"small\",\"grid_row_gap\":\"small\",\"margin\":\"default\",\"text_align\":\"center\"},\"children\":[{\"type\":\"button_item\",\"props\":{\"button_style\":\"default\",\"icon_align\":\"left\",\"content\":\"Karta katalogowa \",\"link\":\"https:\\\/\\\/www.kongsberg.com\\\/globalassets\\\/maritime\\\/km-products\\\/product-documents\\\/em-124-multibeam-echo-sounder\"}}]}]}]}]}],\"version\":\"2.6.7\"} --><\/p>\n","protected":false},"excerpt":{"rendered":"<p>Echosonda wielowi\u0105zkowa Kongsberg EM124 Najnowsza echosonda wielowi\u0105zkowa\u00a0 EM 124 wykonuje dok\u0142adne, mapowanie dna morskiego od p\u0142ytkich w\u00f3d do pe\u0142nej g\u0142\u0119boko\u015bci oceanu. Nast\u0119pca modelu EM 122. Model EM 124 posiada szeroki zakres funkcji umo\u017cliwiaj\u0105cych jednoczesne gromadzenie wielu typ\u00f3w danych, co pozwala zaoszcz\u0119dzi\u0107 czas w fazie planowania, realizacji i analizy. Niskoszumowa echosonda EM 124 dostarcza doskona\u0142ych danych, [&hellip;]<\/p>\n","protected":false},"author":10,"featured_media":0,"parent":0,"menu_order":0,"comment_status":"closed","ping_status":"closed","template":"","meta":{"footnotes":""},"class_list":["post-10785","page","type-page","status-publish","hentry"],"yoast_head":"<!-- This site is optimized with the Yoast SEO plugin v27.4 - https:\/\/yoast.com\/product\/yoast-seo-wordpress\/ -->\n<title>Echosonda wielowi\u0105zkowa Kongsberg EM124 - ESCORT TECHNOLOGY<\/title>\n<meta name=\"robots\" content=\"index, follow, max-snippet:-1, max-image-preview:large, max-video-preview:-1\" \/>\n<link rel=\"canonical\" href=\"https:\/\/escort-technology.com\/pl\/echosonda-wielowiazkowa-kongsberg-em124-2\/\" \/>\n<meta property=\"og:locale\" content=\"pl_PL\" \/>\n<meta property=\"og:type\" content=\"article\" \/>\n<meta property=\"og:title\" content=\"Echosonda wielowi\u0105zkowa Kongsberg EM124 - ESCORT TECHNOLOGY\" \/>\n<meta property=\"og:description\" content=\"Echosonda wielowi\u0105zkowa Kongsberg EM124 Najnowsza echosonda wielowi\u0105zkowa\u00a0 EM 124 wykonuje dok\u0142adne, mapowanie dna morskiego od p\u0142ytkich w\u00f3d do pe\u0142nej g\u0142\u0119boko\u015bci oceanu. Nast\u0119pca modelu EM 122. Model EM 124 posiada szeroki zakres funkcji umo\u017cliwiaj\u0105cych jednoczesne gromadzenie wielu typ\u00f3w danych, co pozwala zaoszcz\u0119dzi\u0107 czas w fazie planowania, realizacji i analizy. Niskoszumowa echosonda EM 124 dostarcza doskona\u0142ych danych, [&hellip;]\" \/>\n<meta property=\"og:url\" content=\"https:\/\/escort-technology.com\/pl\/echosonda-wielowiazkowa-kongsberg-em124-2\/\" \/>\n<meta property=\"og:site_name\" content=\"ESCORT TECHNOLOGY\" \/>\n<meta property=\"article:publisher\" content=\"https:\/\/www.facebook.com\/elektronika.morska\/\" \/>\n<meta property=\"article:modified_time\" content=\"2021-12-07T13:27:56+00:00\" \/>\n<meta property=\"og:image\" content=\"https:\/\/escort-technology.com\/wp-content\/uploads\/2021\/11\/images-1.jpg\" \/>\n<meta name=\"twitter:card\" content=\"summary_large_image\" \/>\n<meta name=\"twitter:label1\" content=\"Szacowany czas czytania\" \/>\n\t<meta name=\"twitter:data1\" content=\"2 minuty\" \/>\n<script type=\"application\/ld+json\" class=\"yoast-schema-graph\">{\"@context\":\"https:\\\/\\\/schema.org\",\"@graph\":[{\"@type\":\"WebPage\",\"@id\":\"https:\\\/\\\/escort-technology.com\\\/echosonda-wielowiazkowa-kongsberg-em124-2\\\/\",\"url\":\"https:\\\/\\\/escort-technology.com\\\/echosonda-wielowiazkowa-kongsberg-em124-2\\\/\",\"name\":\"Echosonda wielowi\u0105zkowa Kongsberg EM124 - ESCORT TECHNOLOGY\",\"isPartOf\":{\"@id\":\"http:\\\/\\\/escort-technology.com\\\/de\\\/#website\"},\"datePublished\":\"2021-12-07T10:18:34+00:00\",\"dateModified\":\"2021-12-07T13:27:56+00:00\",\"breadcrumb\":{\"@id\":\"https:\\\/\\\/escort-technology.com\\\/echosonda-wielowiazkowa-kongsberg-em124-2\\\/#breadcrumb\"},\"inLanguage\":\"pl-PL\",\"potentialAction\":[{\"@type\":\"ReadAction\",\"target\":[\"https:\\\/\\\/escort-technology.com\\\/echosonda-wielowiazkowa-kongsberg-em124-2\\\/\"]}]},{\"@type\":\"BreadcrumbList\",\"@id\":\"https:\\\/\\\/escort-technology.com\\\/echosonda-wielowiazkowa-kongsberg-em124-2\\\/#breadcrumb\",\"itemListElement\":[{\"@type\":\"ListItem\",\"position\":1,\"name\":\"Strona g\u0142\u00f3wna\",\"item\":\"https:\\\/\\\/escort-technology.com\\\/\"},{\"@type\":\"ListItem\",\"position\":2,\"name\":\"Echosonda wielowi\u0105zkowa Kongsberg EM124\"}]},{\"@type\":\"WebSite\",\"@id\":\"http:\\\/\\\/escort-technology.com\\\/de\\\/#website\",\"url\":\"http:\\\/\\\/escort-technology.com\\\/de\\\/\",\"name\":\"ESCORT TECHNOLOGY\",\"description\":\"Elektronika morska i l\u0105dowa\",\"publisher\":{\"@id\":\"http:\\\/\\\/escort-technology.com\\\/de\\\/#organization\"},\"potentialAction\":[{\"@type\":\"SearchAction\",\"target\":{\"@type\":\"EntryPoint\",\"urlTemplate\":\"http:\\\/\\\/escort-technology.com\\\/de\\\/?s={search_term_string}\"},\"query-input\":{\"@type\":\"PropertyValueSpecification\",\"valueRequired\":true,\"valueName\":\"search_term_string\"}}],\"inLanguage\":\"pl-PL\"},{\"@type\":\"Organization\",\"@id\":\"http:\\\/\\\/escort-technology.com\\\/de\\\/#organization\",\"name\":\"ESCORT TECHNOLOGY\",\"url\":\"http:\\\/\\\/escort-technology.com\\\/de\\\/\",\"logo\":{\"@type\":\"ImageObject\",\"inLanguage\":\"pl-PL\",\"@id\":\"http:\\\/\\\/escort-technology.com\\\/de\\\/#\\\/schema\\\/logo\\\/image\\\/\",\"url\":\"https:\\\/\\\/escort-technology.com\\\/wp-content\\\/uploads\\\/logo-1.jpg\",\"contentUrl\":\"https:\\\/\\\/escort-technology.com\\\/wp-content\\\/uploads\\\/logo-1.jpg\",\"width\":600,\"height\":165,\"caption\":\"ESCORT TECHNOLOGY\"},\"image\":{\"@id\":\"http:\\\/\\\/escort-technology.com\\\/de\\\/#\\\/schema\\\/logo\\\/image\\\/\"},\"sameAs\":[\"https:\\\/\\\/www.facebook.com\\\/elektronika.morska\\\/\",\"https:\\\/\\\/www.linkedin.com\\\/company\\\/escort-sp-z-o-o-\\\/\"]}]}<\/script>\n<!-- \/ Yoast SEO plugin. -->","yoast_head_json":{"title":"Echosonda wielowi\u0105zkowa Kongsberg EM124 - ESCORT TECHNOLOGY","robots":{"index":"index","follow":"follow","max-snippet":"max-snippet:-1","max-image-preview":"max-image-preview:large","max-video-preview":"max-video-preview:-1"},"canonical":"https:\/\/escort-technology.com\/pl\/echosonda-wielowiazkowa-kongsberg-em124-2\/","og_locale":"pl_PL","og_type":"article","og_title":"Echosonda wielowi\u0105zkowa Kongsberg EM124 - ESCORT TECHNOLOGY","og_description":"Echosonda wielowi\u0105zkowa Kongsberg EM124 Najnowsza echosonda wielowi\u0105zkowa\u00a0 EM 124 wykonuje dok\u0142adne, mapowanie dna morskiego od p\u0142ytkich w\u00f3d do pe\u0142nej g\u0142\u0119boko\u015bci oceanu. Nast\u0119pca modelu EM 122. Model EM 124 posiada szeroki zakres funkcji umo\u017cliwiaj\u0105cych jednoczesne gromadzenie wielu typ\u00f3w danych, co pozwala zaoszcz\u0119dzi\u0107 czas w fazie planowania, realizacji i analizy. Niskoszumowa echosonda EM 124 dostarcza doskona\u0142ych danych, [&hellip;]","og_url":"https:\/\/escort-technology.com\/pl\/echosonda-wielowiazkowa-kongsberg-em124-2\/","og_site_name":"ESCORT TECHNOLOGY","article_publisher":"https:\/\/www.facebook.com\/elektronika.morska\/","article_modified_time":"2021-12-07T13:27:56+00:00","og_image":[{"url":"https:\/\/escort-technology.com\/wp-content\/uploads\/2021\/11\/images-1.jpg","type":"","width":"","height":""}],"twitter_card":"summary_large_image","twitter_misc":{"Szacowany czas czytania":"2 minuty"},"schema":{"@context":"https:\/\/schema.org","@graph":[{"@type":"WebPage","@id":"https:\/\/escort-technology.com\/echosonda-wielowiazkowa-kongsberg-em124-2\/","url":"https:\/\/escort-technology.com\/echosonda-wielowiazkowa-kongsberg-em124-2\/","name":"Echosonda wielowi\u0105zkowa Kongsberg EM124 - ESCORT TECHNOLOGY","isPartOf":{"@id":"http:\/\/escort-technology.com\/de\/#website"},"datePublished":"2021-12-07T10:18:34+00:00","dateModified":"2021-12-07T13:27:56+00:00","breadcrumb":{"@id":"https:\/\/escort-technology.com\/echosonda-wielowiazkowa-kongsberg-em124-2\/#breadcrumb"},"inLanguage":"pl-PL","potentialAction":[{"@type":"ReadAction","target":["https:\/\/escort-technology.com\/echosonda-wielowiazkowa-kongsberg-em124-2\/"]}]},{"@type":"BreadcrumbList","@id":"https:\/\/escort-technology.com\/echosonda-wielowiazkowa-kongsberg-em124-2\/#breadcrumb","itemListElement":[{"@type":"ListItem","position":1,"name":"Strona g\u0142\u00f3wna","item":"https:\/\/escort-technology.com\/"},{"@type":"ListItem","position":2,"name":"Echosonda wielowi\u0105zkowa Kongsberg EM124"}]},{"@type":"WebSite","@id":"http:\/\/escort-technology.com\/de\/#website","url":"http:\/\/escort-technology.com\/de\/","name":"ESCORT TECHNOLOGY","description":"Elektronika morska i l\u0105dowa","publisher":{"@id":"http:\/\/escort-technology.com\/de\/#organization"},"potentialAction":[{"@type":"SearchAction","target":{"@type":"EntryPoint","urlTemplate":"http:\/\/escort-technology.com\/de\/?s={search_term_string}"},"query-input":{"@type":"PropertyValueSpecification","valueRequired":true,"valueName":"search_term_string"}}],"inLanguage":"pl-PL"},{"@type":"Organization","@id":"http:\/\/escort-technology.com\/de\/#organization","name":"ESCORT TECHNOLOGY","url":"http:\/\/escort-technology.com\/de\/","logo":{"@type":"ImageObject","inLanguage":"pl-PL","@id":"http:\/\/escort-technology.com\/de\/#\/schema\/logo\/image\/","url":"https:\/\/escort-technology.com\/wp-content\/uploads\/logo-1.jpg","contentUrl":"https:\/\/escort-technology.com\/wp-content\/uploads\/logo-1.jpg","width":600,"height":165,"caption":"ESCORT TECHNOLOGY"},"image":{"@id":"http:\/\/escort-technology.com\/de\/#\/schema\/logo\/image\/"},"sameAs":["https:\/\/www.facebook.com\/elektronika.morska\/","https:\/\/www.linkedin.com\/company\/escort-sp-z-o-o-\/"]}]}},"_links":{"self":[{"href":"https:\/\/escort-technology.com\/pl\/wp-json\/wp\/v2\/pages\/10785","targetHints":{"allow":["GET"]}}],"collection":[{"href":"https:\/\/escort-technology.com\/pl\/wp-json\/wp\/v2\/pages"}],"about":[{"href":"https:\/\/escort-technology.com\/pl\/wp-json\/wp\/v2\/types\/page"}],"author":[{"embeddable":true,"href":"https:\/\/escort-technology.com\/pl\/wp-json\/wp\/v2\/users\/10"}],"replies":[{"embeddable":true,"href":"https:\/\/escort-technology.com\/pl\/wp-json\/wp\/v2\/comments?post=10785"}],"version-history":[{"count":12,"href":"https:\/\/escort-technology.com\/pl\/wp-json\/wp\/v2\/pages\/10785\/revisions"}],"predecessor-version":[{"id":10802,"href":"https:\/\/escort-technology.com\/pl\/wp-json\/wp\/v2\/pages\/10785\/revisions\/10802"}],"wp:attachment":[{"href":"https:\/\/escort-technology.com\/pl\/wp-json\/wp\/v2\/media?parent=10785"}],"curies":[{"name":"wp","href":"https:\/\/api.w.org\/{rel}","templated":true}]}}