{"id":10945,"date":"2021-12-28T12:45:22","date_gmt":"2021-12-28T11:45:22","guid":{"rendered":"https:\/\/escort-technology.com\/?page_id=10945"},"modified":"2021-12-28T12:56:55","modified_gmt":"2021-12-28T11:56:55","slug":"cyfrowy-system-pomiaru-potencjalu-katodowego-oceantools-digicp","status":"publish","type":"page","link":"https:\/\/escort-technology.com\/pl\/cyfrowy-system-pomiaru-potencjalu-katodowego-oceantools-digicp\/","title":{"rendered":"Cyfrowy system pomiaru potencja\u0142u katodowego OceanTools DigiCP"},"content":{"rendered":"<h1>\n<h1 class=\"uk-article-title\">Cyfrowy system pomiaru potencja\u0142u katodowego OceanTools DigiCP<\/h1>\n<\/h1>\n<hr>\n<div>\n<ul>\n<li>Sondy stykowe lub zbli\u017ceniowe<\/li>\n<li>Jednoczesne wyj\u015bcia RS232 i RS485<\/li>\n<li>Opcjonalny uchwyt typu T-bar lub spr\u0119\u017cynuj\u0105cy Fishtail<\/li>\n<li>Opcjonalna sonda trzymana przez nurka i jednostka powierzchniowa<\/li>\n<li>G\u0142\u0119boko\u015b\u0107 300 m, 4000 m lub 8000 m<\/li>\n<\/ul>\n<\/div>\n<p><img decoding=\"async\" src=\"\/wp-content\/uploads\/2021\/12\/DigiCP-8K.jpg\" alt=\"\"><\/p>\n<p>\n    <a href=\"http:\/\/data.oceantools.co.uk\/Datasheets\/DigiCP-Digital-Cathodic-Potential.pdf\">Karta katalogowa <\/a>\n<\/p>\n<div>\n<p>OceanTools DigiCP jest innowacyjnym produktem, kt\u00f3ry \u0142\u0105czy tradycyjn\u0105 sond\u0119 CP z nowoczesn\u0105 elektronik\u0105 cyfrow\u0105. System mo\u017ce by\u0107 dostarczony zar\u00f3wno z sond\u0105 stykow\u0105 jak i zbli\u017ceniow\u0105. W przeciwie\u0144stwie do konwencjonalnych system\u00f3w CP, DigiCP digitalizuje analogowe napi\u0119cie CP pod wod\u0105 i przesy\u0142a je na powierzchni\u0119 w postaci danych szeregowych poprzez skr\u0119tk\u0119 w kablolinie ROV lub poprzez multiplekser danych.<\/p>\n<p>DigiCP-S jest przeznaczony dla nurk\u00f3w i zawiera uchwyt pistoletowy do trzymania sondy oraz interfejs powierzchniowy, kt\u00f3ry pobiera napi\u0119cie z sondy i przekszta\u0142ca je na dane szeregowe. Na powierzchni dane te mog\u0105 by\u0107 wy\u015bwietlane w prostej aplikacji opartej na systemie Windows lub wysy\u0142ane do rejestratora danych lub urz\u0105dzenia do nak\u0142adania obrazu wideo.<\/p>\n<\/div>\n<p><img decoding=\"async\" src=\"\/wp-content\/uploads\/2021\/12\/DigiCP-3w.jpg\" alt=\"\"><br \/>\n<img decoding=\"async\" src=\"\/wp-content\/uploads\/2021\/12\/DigiCP-Sw.jpg\" alt=\"\"><\/p>\n<p><!--more--><br \/>\n<!-- {\"type\":\"layout\",\"children\":[{\"type\":\"section\",\"props\":{\"style\":\"default\",\"width\":\"default\",\"vertical_align\":\"middle\",\"title_position\":\"top-left\",\"title_rotation\":\"left\",\"title_breakpoint\":\"xl\",\"image_position\":\"center-center\"},\"children\":[{\"type\":\"row\",\"children\":[{\"type\":\"column\",\"props\":{\"image_position\":\"center-center\",\"media_overlay_gradient\":\"\"},\"children\":[{\"type\":\"headline\",\"props\":{\"title_element\":\"h1\",\"content\":\"\n\n<h1 class=\\\"uk-article-title\\\">Cyfrowy system pomiaru potencja\\u0142u katodowego OceanTools DigiCP<\\\/h1>\"}},{\"type\":\"divider\",\"props\":{\"divider_element\":\"hr\"}}]}]}]},{\"type\":\"section\",\"props\":{\"style\":\"default\",\"width\":\"default\",\"vertical_align\":\"middle\",\"title_position\":\"top-left\",\"title_rotation\":\"left\",\"title_breakpoint\":\"xl\",\"image_position\":\"center-center\"},\"children\":[{\"type\":\"row\",\"props\":{\"layout\":\"1-2,1-2\"},\"children\":[{\"type\":\"column\",\"props\":{\"image_position\":\"center-center\",\"media_overlay_gradient\":\"\",\"width_medium\":\"1-2\"},\"children\":[{\"type\":\"text\",\"props\":{\"margin\":\"default\",\"column_breakpoint\":\"m\",\"content\":\"\n\n<ul>\\n\n\n<li>Sondy stykowe lub zbli\\u017ceniowe<\\\/li>\\n\n\n<li>Jednoczesne wyj\\u015bcia RS232 i RS485<\\\/li>\\n\n\n<li>Opcjonalny uchwyt typu T-bar lub spr\\u0119\\u017cynuj\\u0105cy Fishtail<\\\/li>\\n\n\n<li>Opcjonalna sonda trzymana przez nurka i jednostka powierzchniowa<\\\/li>\\n\n\n<li>G\\u0142\\u0119boko\\u015b\\u0107 300 m, 4000 m lub 8000 m<\\\/li>\\n<\\\/ul>\"}}]},{\"type\":\"column\",\"props\":{\"image_position\":\"center-center\",\"media_overlay_gradient\":\"\",\"width_medium\":\"1-2\"},\"children\":[{\"type\":\"image\",\"props\":{\"margin\":\"default\",\"image_svg_color\":\"emphasis\",\"image\":\"wp-content\\\/uploads\\\/2021\\\/12\\\/DigiCP-8K.jpg\"}},{\"type\":\"button\",\"props\":{\"grid_column_gap\":\"small\",\"grid_row_gap\":\"small\",\"margin\":\"default\",\"text_align\":\"center\"},\"children\":[{\"type\":\"button_item\",\"props\":{\"button_style\":\"default\",\"icon_align\":\"left\",\"link\":\"http:\\\/\\\/data.oceantools.co.uk\\\/Datasheets\\\/DigiCP-Digital-Cathodic-Potential.pdf\",\"content\":\"Karta katalogowa \"}}]}]}]}]},{\"type\":\"section\",\"props\":{\"style\":\"default\",\"width\":\"default\",\"vertical_align\":\"middle\",\"title_position\":\"top-left\",\"title_rotation\":\"left\",\"title_breakpoint\":\"xl\",\"image_position\":\"center-center\"},\"children\":[{\"type\":\"row\",\"children\":[{\"type\":\"column\",\"props\":{\"image_position\":\"center-center\",\"media_overlay_gradient\":\"\"},\"children\":[{\"type\":\"text\",\"props\":{\"margin\":\"default\",\"column_breakpoint\":\"m\",\"content\":\"\n\n<p>OceanTools DigiCP jest innowacyjnym produktem, kt\\u00f3ry \\u0142\\u0105czy tradycyjn\\u0105 sond\\u0119 CP z nowoczesn\\u0105 elektronik\\u0105 cyfrow\\u0105. System mo\\u017ce by\\u0107 dostarczony zar\\u00f3wno z sond\\u0105 stykow\\u0105 jak i zbli\\u017ceniow\\u0105. W przeciwie\\u0144stwie do konwencjonalnych system\\u00f3w CP, DigiCP digitalizuje analogowe napi\\u0119cie CP pod wod\\u0105 i przesy\\u0142a je na powierzchni\\u0119 w postaci danych szeregowych poprzez skr\\u0119tk\\u0119 w kablolinie ROV lub poprzez multiplekser danych.<\\\/p>\\n\n\n<p>DigiCP-S jest przeznaczony dla nurk\\u00f3w i zawiera uchwyt pistoletowy do trzymania sondy oraz interfejs powierzchniowy, kt\\u00f3ry pobiera napi\\u0119cie z sondy i przekszta\\u0142ca je na dane szeregowe. Na powierzchni dane te mog\\u0105 by\\u0107 wy\\u015bwietlane w prostej aplikacji opartej na systemie Windows lub wysy\\u0142ane do rejestratora danych lub urz\\u0105dzenia do nak\\u0142adania obrazu wideo.<\\\/p>\"}}]}]}]},{\"type\":\"section\",\"props\":{\"style\":\"default\",\"width\":\"default\",\"vertical_align\":\"middle\",\"title_position\":\"top-left\",\"title_rotation\":\"left\",\"title_breakpoint\":\"xl\",\"image_position\":\"center-center\"},\"children\":[{\"type\":\"row\",\"props\":{\"layout\":\"1-2,1-2\"},\"children\":[{\"type\":\"column\",\"props\":{\"image_position\":\"center-center\",\"media_overlay_gradient\":\"\",\"width_medium\":\"1-2\"},\"children\":[{\"type\":\"image\",\"props\":{\"margin\":\"default\",\"image_svg_color\":\"emphasis\",\"image\":\"wp-content\\\/uploads\\\/2021\\\/12\\\/DigiCP-3w.jpg\"}}]},{\"type\":\"column\",\"props\":{\"image_position\":\"center-center\",\"media_overlay_gradient\":\"\",\"width_medium\":\"1-2\"},\"children\":[{\"type\":\"image\",\"props\":{\"margin\":\"default\",\"image_svg_color\":\"emphasis\",\"image\":\"wp-content\\\/uploads\\\/2021\\\/12\\\/DigiCP-Sw.jpg\"}}]}]}]}],\"version\":\"2.6.7\"} --><\/p>\n","protected":false},"excerpt":{"rendered":"<p>Cyfrowy system pomiaru potencja\u0142u katodowego OceanTools DigiCP Sondy stykowe lub zbli\u017ceniowe Jednoczesne wyj\u015bcia RS232 i RS485 Opcjonalny uchwyt typu T-bar lub spr\u0119\u017cynuj\u0105cy Fishtail Opcjonalna sonda trzymana przez nurka i jednostka powierzchniowa G\u0142\u0119boko\u015b\u0107 300 m, 4000 m lub 8000 m Karta katalogowa OceanTools DigiCP jest innowacyjnym produktem, kt\u00f3ry \u0142\u0105czy tradycyjn\u0105 sond\u0119 CP z nowoczesn\u0105 elektronik\u0105 cyfrow\u0105. [&hellip;]<\/p>\n","protected":false},"author":10,"featured_media":0,"parent":0,"menu_order":0,"comment_status":"closed","ping_status":"closed","template":"","meta":{"footnotes":""},"class_list":["post-10945","page","type-page","status-publish","hentry"],"yoast_head":"<!-- This site is optimized with the Yoast SEO plugin v27.6 - https:\/\/yoast.com\/product\/yoast-seo-wordpress\/ -->\n<title>Cyfrowy system pomiaru potencja\u0142u katodowego OceanTools DigiCP - ESCORT TECHNOLOGY<\/title>\n<meta name=\"robots\" content=\"index, follow, max-snippet:-1, max-image-preview:large, max-video-preview:-1\" \/>\n<link rel=\"canonical\" href=\"https:\/\/escort-technology.com\/pl\/cyfrowy-system-pomiaru-potencjalu-katodowego-oceantools-digicp\/\" \/>\n<meta property=\"og:locale\" content=\"pl_PL\" \/>\n<meta property=\"og:type\" content=\"article\" \/>\n<meta property=\"og:title\" content=\"Cyfrowy system pomiaru potencja\u0142u katodowego OceanTools DigiCP - ESCORT TECHNOLOGY\" \/>\n<meta property=\"og:description\" content=\"Cyfrowy system pomiaru potencja\u0142u katodowego OceanTools DigiCP Sondy stykowe lub zbli\u017ceniowe Jednoczesne wyj\u015bcia RS232 i RS485 Opcjonalny uchwyt typu T-bar lub spr\u0119\u017cynuj\u0105cy Fishtail Opcjonalna sonda trzymana przez nurka i jednostka powierzchniowa G\u0142\u0119boko\u015b\u0107 300 m, 4000 m lub 8000 m Karta katalogowa OceanTools DigiCP jest innowacyjnym produktem, kt\u00f3ry \u0142\u0105czy tradycyjn\u0105 sond\u0119 CP z nowoczesn\u0105 elektronik\u0105 cyfrow\u0105. [&hellip;]\" \/>\n<meta property=\"og:url\" content=\"https:\/\/escort-technology.com\/pl\/cyfrowy-system-pomiaru-potencjalu-katodowego-oceantools-digicp\/\" \/>\n<meta property=\"og:site_name\" content=\"ESCORT TECHNOLOGY\" \/>\n<meta property=\"article:publisher\" content=\"https:\/\/www.facebook.com\/elektronika.morska\/\" \/>\n<meta property=\"article:modified_time\" content=\"2021-12-28T11:56:55+00:00\" \/>\n<meta property=\"og:image\" content=\"https:\/\/escort-technology.com\/wp-content\/uploads\/2021\/12\/DigiCP-8K.jpg\" \/>\n<meta name=\"twitter:card\" content=\"summary_large_image\" \/>\n<meta name=\"twitter:label1\" content=\"Szacowany czas czytania\" \/>\n\t<meta name=\"twitter:data1\" content=\"1 minuta\" \/>\n<script type=\"application\/ld+json\" class=\"yoast-schema-graph\">{\"@context\":\"https:\\\/\\\/schema.org\",\"@graph\":[{\"@type\":\"WebPage\",\"@id\":\"https:\\\/\\\/escort-technology.com\\\/cyfrowy-system-pomiaru-potencjalu-katodowego-oceantools-digicp\\\/\",\"url\":\"https:\\\/\\\/escort-technology.com\\\/cyfrowy-system-pomiaru-potencjalu-katodowego-oceantools-digicp\\\/\",\"name\":\"Cyfrowy system pomiaru potencja\u0142u katodowego OceanTools DigiCP - ESCORT TECHNOLOGY\",\"isPartOf\":{\"@id\":\"http:\\\/\\\/escort-technology.com\\\/de\\\/#website\"},\"datePublished\":\"2021-12-28T11:45:22+00:00\",\"dateModified\":\"2021-12-28T11:56:55+00:00\",\"breadcrumb\":{\"@id\":\"https:\\\/\\\/escort-technology.com\\\/cyfrowy-system-pomiaru-potencjalu-katodowego-oceantools-digicp\\\/#breadcrumb\"},\"inLanguage\":\"pl-PL\",\"potentialAction\":[{\"@type\":\"ReadAction\",\"target\":[\"https:\\\/\\\/escort-technology.com\\\/cyfrowy-system-pomiaru-potencjalu-katodowego-oceantools-digicp\\\/\"]}]},{\"@type\":\"BreadcrumbList\",\"@id\":\"https:\\\/\\\/escort-technology.com\\\/cyfrowy-system-pomiaru-potencjalu-katodowego-oceantools-digicp\\\/#breadcrumb\",\"itemListElement\":[{\"@type\":\"ListItem\",\"position\":1,\"name\":\"Strona g\u0142\u00f3wna\",\"item\":\"https:\\\/\\\/escort-technology.com\\\/\"},{\"@type\":\"ListItem\",\"position\":2,\"name\":\"Cyfrowy system pomiaru potencja\u0142u katodowego OceanTools DigiCP\"}]},{\"@type\":\"WebSite\",\"@id\":\"http:\\\/\\\/escort-technology.com\\\/de\\\/#website\",\"url\":\"http:\\\/\\\/escort-technology.com\\\/de\\\/\",\"name\":\"ESCORT TECHNOLOGY\",\"description\":\"Elektronika morska i l\u0105dowa\",\"publisher\":{\"@id\":\"http:\\\/\\\/escort-technology.com\\\/de\\\/#organization\"},\"potentialAction\":[{\"@type\":\"SearchAction\",\"target\":{\"@type\":\"EntryPoint\",\"urlTemplate\":\"http:\\\/\\\/escort-technology.com\\\/de\\\/?s={search_term_string}\"},\"query-input\":{\"@type\":\"PropertyValueSpecification\",\"valueRequired\":true,\"valueName\":\"search_term_string\"}}],\"inLanguage\":\"pl-PL\"},{\"@type\":\"Organization\",\"@id\":\"http:\\\/\\\/escort-technology.com\\\/de\\\/#organization\",\"name\":\"ESCORT TECHNOLOGY\",\"url\":\"http:\\\/\\\/escort-technology.com\\\/de\\\/\",\"logo\":{\"@type\":\"ImageObject\",\"inLanguage\":\"pl-PL\",\"@id\":\"http:\\\/\\\/escort-technology.com\\\/de\\\/#\\\/schema\\\/logo\\\/image\\\/\",\"url\":\"https:\\\/\\\/escort-technology.com\\\/wp-content\\\/uploads\\\/logo-1.jpg\",\"contentUrl\":\"https:\\\/\\\/escort-technology.com\\\/wp-content\\\/uploads\\\/logo-1.jpg\",\"width\":600,\"height\":165,\"caption\":\"ESCORT TECHNOLOGY\"},\"image\":{\"@id\":\"http:\\\/\\\/escort-technology.com\\\/de\\\/#\\\/schema\\\/logo\\\/image\\\/\"},\"sameAs\":[\"https:\\\/\\\/www.facebook.com\\\/elektronika.morska\\\/\",\"https:\\\/\\\/www.linkedin.com\\\/company\\\/escort-sp-z-o-o-\\\/\"]}]}<\/script>\n<!-- \/ Yoast SEO plugin. -->","yoast_head_json":{"title":"Cyfrowy system pomiaru potencja\u0142u katodowego OceanTools DigiCP - ESCORT TECHNOLOGY","robots":{"index":"index","follow":"follow","max-snippet":"max-snippet:-1","max-image-preview":"max-image-preview:large","max-video-preview":"max-video-preview:-1"},"canonical":"https:\/\/escort-technology.com\/pl\/cyfrowy-system-pomiaru-potencjalu-katodowego-oceantools-digicp\/","og_locale":"pl_PL","og_type":"article","og_title":"Cyfrowy system pomiaru potencja\u0142u katodowego OceanTools DigiCP - ESCORT TECHNOLOGY","og_description":"Cyfrowy system pomiaru potencja\u0142u katodowego OceanTools DigiCP Sondy stykowe lub zbli\u017ceniowe Jednoczesne wyj\u015bcia RS232 i RS485 Opcjonalny uchwyt typu T-bar lub spr\u0119\u017cynuj\u0105cy Fishtail Opcjonalna sonda trzymana przez nurka i jednostka powierzchniowa G\u0142\u0119boko\u015b\u0107 300 m, 4000 m lub 8000 m Karta katalogowa OceanTools DigiCP jest innowacyjnym produktem, kt\u00f3ry \u0142\u0105czy tradycyjn\u0105 sond\u0119 CP z nowoczesn\u0105 elektronik\u0105 cyfrow\u0105. [&hellip;]","og_url":"https:\/\/escort-technology.com\/pl\/cyfrowy-system-pomiaru-potencjalu-katodowego-oceantools-digicp\/","og_site_name":"ESCORT TECHNOLOGY","article_publisher":"https:\/\/www.facebook.com\/elektronika.morska\/","article_modified_time":"2021-12-28T11:56:55+00:00","og_image":[{"url":"https:\/\/escort-technology.com\/wp-content\/uploads\/2021\/12\/DigiCP-8K.jpg","type":"","width":"","height":""}],"twitter_card":"summary_large_image","twitter_misc":{"Szacowany czas czytania":"1 minuta"},"schema":{"@context":"https:\/\/schema.org","@graph":[{"@type":"WebPage","@id":"https:\/\/escort-technology.com\/cyfrowy-system-pomiaru-potencjalu-katodowego-oceantools-digicp\/","url":"https:\/\/escort-technology.com\/cyfrowy-system-pomiaru-potencjalu-katodowego-oceantools-digicp\/","name":"Cyfrowy system pomiaru potencja\u0142u katodowego OceanTools DigiCP - ESCORT TECHNOLOGY","isPartOf":{"@id":"http:\/\/escort-technology.com\/de\/#website"},"datePublished":"2021-12-28T11:45:22+00:00","dateModified":"2021-12-28T11:56:55+00:00","breadcrumb":{"@id":"https:\/\/escort-technology.com\/cyfrowy-system-pomiaru-potencjalu-katodowego-oceantools-digicp\/#breadcrumb"},"inLanguage":"pl-PL","potentialAction":[{"@type":"ReadAction","target":["https:\/\/escort-technology.com\/cyfrowy-system-pomiaru-potencjalu-katodowego-oceantools-digicp\/"]}]},{"@type":"BreadcrumbList","@id":"https:\/\/escort-technology.com\/cyfrowy-system-pomiaru-potencjalu-katodowego-oceantools-digicp\/#breadcrumb","itemListElement":[{"@type":"ListItem","position":1,"name":"Strona g\u0142\u00f3wna","item":"https:\/\/escort-technology.com\/"},{"@type":"ListItem","position":2,"name":"Cyfrowy system pomiaru potencja\u0142u katodowego OceanTools DigiCP"}]},{"@type":"WebSite","@id":"http:\/\/escort-technology.com\/de\/#website","url":"http:\/\/escort-technology.com\/de\/","name":"ESCORT TECHNOLOGY","description":"Elektronika morska i l\u0105dowa","publisher":{"@id":"http:\/\/escort-technology.com\/de\/#organization"},"potentialAction":[{"@type":"SearchAction","target":{"@type":"EntryPoint","urlTemplate":"http:\/\/escort-technology.com\/de\/?s={search_term_string}"},"query-input":{"@type":"PropertyValueSpecification","valueRequired":true,"valueName":"search_term_string"}}],"inLanguage":"pl-PL"},{"@type":"Organization","@id":"http:\/\/escort-technology.com\/de\/#organization","name":"ESCORT TECHNOLOGY","url":"http:\/\/escort-technology.com\/de\/","logo":{"@type":"ImageObject","inLanguage":"pl-PL","@id":"http:\/\/escort-technology.com\/de\/#\/schema\/logo\/image\/","url":"https:\/\/escort-technology.com\/wp-content\/uploads\/logo-1.jpg","contentUrl":"https:\/\/escort-technology.com\/wp-content\/uploads\/logo-1.jpg","width":600,"height":165,"caption":"ESCORT TECHNOLOGY"},"image":{"@id":"http:\/\/escort-technology.com\/de\/#\/schema\/logo\/image\/"},"sameAs":["https:\/\/www.facebook.com\/elektronika.morska\/","https:\/\/www.linkedin.com\/company\/escort-sp-z-o-o-\/"]}]}},"_links":{"self":[{"href":"https:\/\/escort-technology.com\/pl\/wp-json\/wp\/v2\/pages\/10945","targetHints":{"allow":["GET"]}}],"collection":[{"href":"https:\/\/escort-technology.com\/pl\/wp-json\/wp\/v2\/pages"}],"about":[{"href":"https:\/\/escort-technology.com\/pl\/wp-json\/wp\/v2\/types\/page"}],"author":[{"embeddable":true,"href":"https:\/\/escort-technology.com\/pl\/wp-json\/wp\/v2\/users\/10"}],"replies":[{"embeddable":true,"href":"https:\/\/escort-technology.com\/pl\/wp-json\/wp\/v2\/comments?post=10945"}],"version-history":[{"count":12,"href":"https:\/\/escort-technology.com\/pl\/wp-json\/wp\/v2\/pages\/10945\/revisions"}],"predecessor-version":[{"id":10959,"href":"https:\/\/escort-technology.com\/pl\/wp-json\/wp\/v2\/pages\/10945\/revisions\/10959"}],"wp:attachment":[{"href":"https:\/\/escort-technology.com\/pl\/wp-json\/wp\/v2\/media?parent=10945"}],"curies":[{"name":"wp","href":"https:\/\/api.w.org\/{rel}","templated":true}]}}