{"id":10960,"date":"2021-12-28T12:58:42","date_gmt":"2021-12-28T11:58:42","guid":{"rendered":"https:\/\/escort-technology.com\/?page_id=10960"},"modified":"2021-12-28T13:08:14","modified_gmt":"2021-12-28T12:08:14","slug":"wyswietlacz-podwodny-oceantools-oceandisp-7k","status":"publish","type":"page","link":"https:\/\/escort-technology.com\/pl\/wyswietlacz-podwodny-oceantools-oceandisp-7k\/","title":{"rendered":"Wy\u015bwietlacz podwodny OceanTools OceanDISP-7K"},"content":{"rendered":"<h1>\n<h1 class=\"uk-article-title\">Wy\u015bwietlacz podwodny OceanTools OceanDISP-7K<\/h1>\n<\/h1>\n<hr>\n<div>\n<ul>\n<li>G\u0142\u0119boko\u015b\u0107 7000m<\/li>\n<li>Dost\u0119pne z czerwonymi lub zielonymi diodami LED<\/li>\n<li>Programowalne okresy &#8222;budzenia&#8221; i &#8222;u\u015bpienia<\/li>\n<li>Wy\u015bwietla dane RS232, RS485 lub wej\u015bcie analogowe<\/li>\n<\/ul>\n<\/div>\n<p><img decoding=\"async\" src=\"\/wp-content\/uploads\/2021\/12\/OceanDISP-7K-Deep-Ocean-LED-Display.jpg\" alt=\"\"><\/p>\n<p>\n    <a href=\"http:\/\/data.oceantools.co.uk\/Datasheets\/OceanDISP-7K-Deep-Ocean-Display-Unit.pdf\">Karta katalogowa <\/a>\n<\/p>\n<div>\n<p>OceanDISP-7K jest wszechstronnym, aktywowanym \u015bwiat\u0142em urz\u0105dzeniem do wy\u015bwietlania informacji o g\u0142\u0119bokich oceanach z matrycowym wy\u015bwietlaczem LED o wysokiej widoczno\u015bci. Innowacyjny nowy pakiet z acetalow\u0105 obudow\u0105, aluminiow\u0105 p\u0142yt\u0105 przedni\u0105 i akrylowym oknem jest bardziej wytrzyma\u0142y i odporny ni\u017c oryginalna konstrukcja przezroczystej tuby OceanDISP, z rozszerzonym zakresem g\u0142\u0119boko\u015bci 7000 m.<\/p>\n<p>Dane z szerokiego zakresu wej\u015b\u0107 mog\u0105 by\u0107 wy\u015bwietlane, w tym z czujnik\u00f3w nachylenia, \u017cyrokompas\u00f3w, czujnik\u00f3w ci\u015bnienia, temperatury i przep\u0142ywu. Dane numeryczne mog\u0105 by\u0107 przewijane lub sekwencjonowane, albo urz\u0105dzenie mo\u017ce dzia\u0142a\u0107 jako wy\u015bwietlacz terminala szeregowego. Zastosowania obejmuj\u0105 wdro\u017cenie jako wy\u015bwietlacz danych dla pojazd\u00f3w dostarczaj\u0105cych dane dla nurk\u00f3w.<\/p>\n<p>Zmieniona elektronika obs\u0142uguje wej\u015bcie analogowe, aby umo\u017cliwi\u0107 wy\u015bwietlanie analogowych sygna\u0142\u00f3w napi\u0119ciowych. Dodatkowo, dwie p\u0142ytki mog\u0105 by\u0107 po\u0142\u0105czone \u0142a\u0144cuchowo, aby uzyska\u0107 dwie linie informacji w jednej obudowie.<\/p>\n<p>\u017bywotno\u015b\u0107 baterii jest przed\u0142u\u017cona przez zewn\u0119trzne sterowanie TTL lub programowalne okresy aktywacji czujnika \u015bwiat\u0142a.<\/p>\n<\/div>\n<p><!--more--><br \/>\n<!-- {\"type\":\"layout\",\"children\":[{\"type\":\"section\",\"props\":{\"style\":\"default\",\"width\":\"default\",\"vertical_align\":\"middle\",\"title_position\":\"top-left\",\"title_rotation\":\"left\",\"title_breakpoint\":\"xl\",\"image_position\":\"center-center\"},\"children\":[{\"type\":\"row\",\"children\":[{\"type\":\"column\",\"props\":{\"image_position\":\"center-center\",\"media_overlay_gradient\":\"\"},\"children\":[{\"type\":\"headline\",\"props\":{\"title_element\":\"h1\",\"content\":\"\n\n<h1 class=\\\"uk-article-title\\\">Wy\\u015bwietlacz podwodny OceanTools OceanDISP-7K<\\\/h1>\"}},{\"type\":\"divider\",\"props\":{\"divider_element\":\"hr\"}}]}]}]},{\"type\":\"section\",\"props\":{\"style\":\"default\",\"width\":\"default\",\"vertical_align\":\"middle\",\"title_position\":\"top-left\",\"title_rotation\":\"left\",\"title_breakpoint\":\"xl\",\"image_position\":\"center-center\"},\"children\":[{\"type\":\"row\",\"props\":{\"layout\":\"1-2,1-2\"},\"children\":[{\"type\":\"column\",\"props\":{\"image_position\":\"center-center\",\"media_overlay_gradient\":\"\",\"width_medium\":\"1-2\"},\"children\":[{\"type\":\"text\",\"props\":{\"margin\":\"default\",\"column_breakpoint\":\"m\",\"content\":\"\n\n<ul>\\n\n\n<li>G\\u0142\\u0119boko\\u015b\\u0107 7000m<\\\/li>\\n\n\n<li>Dost\\u0119pne z czerwonymi lub zielonymi diodami LED<\\\/li>\\n\n\n<li>Programowalne okresy \\\"budzenia\\\" i \\\"u\\u015bpienia<\\\/li>\\n\n\n<li>Wy\\u015bwietla dane RS232, RS485 lub wej\\u015bcie analogowe<\\\/li>\\n<\\\/ul>\"}}]},{\"type\":\"column\",\"props\":{\"image_position\":\"center-center\",\"media_overlay_gradient\":\"\",\"width_medium\":\"1-2\"},\"children\":[{\"type\":\"image\",\"props\":{\"margin\":\"default\",\"image_svg_color\":\"emphasis\",\"image\":\"wp-content\\\/uploads\\\/2021\\\/12\\\/OceanDISP-7K-Deep-Ocean-LED-Display.jpg\"}},{\"type\":\"button\",\"props\":{\"grid_column_gap\":\"small\",\"grid_row_gap\":\"small\",\"margin\":\"default\",\"text_align\":\"center\"},\"children\":[{\"type\":\"button_item\",\"props\":{\"button_style\":\"default\",\"icon_align\":\"left\",\"link\":\"http:\\\/\\\/data.oceantools.co.uk\\\/Datasheets\\\/OceanDISP-7K-Deep-Ocean-Display-Unit.pdf\",\"content\":\"Karta katalogowa \"}}]}]}]}]},{\"type\":\"section\",\"props\":{\"style\":\"default\",\"width\":\"default\",\"vertical_align\":\"middle\",\"title_position\":\"top-left\",\"title_rotation\":\"left\",\"title_breakpoint\":\"xl\",\"image_position\":\"center-center\"},\"children\":[{\"type\":\"row\",\"children\":[{\"type\":\"column\",\"props\":{\"image_position\":\"center-center\",\"media_overlay_gradient\":\"\"},\"children\":[{\"type\":\"text\",\"props\":{\"margin\":\"default\",\"column_breakpoint\":\"m\",\"content\":\"\n\n<p>OceanDISP-7K jest wszechstronnym, aktywowanym \\u015bwiat\\u0142em urz\\u0105dzeniem do wy\\u015bwietlania informacji o g\\u0142\\u0119bokich oceanach z matrycowym wy\\u015bwietlaczem LED o wysokiej widoczno\\u015bci. Innowacyjny nowy pakiet z acetalow\\u0105 obudow\\u0105, aluminiow\\u0105 p\\u0142yt\\u0105 przedni\\u0105 i akrylowym oknem jest bardziej wytrzyma\\u0142y i odporny ni\\u017c oryginalna konstrukcja przezroczystej tuby OceanDISP, z rozszerzonym zakresem g\\u0142\\u0119boko\\u015bci 7000 m.<\\\/p>\\n\n\n<p>Dane z szerokiego zakresu wej\\u015b\\u0107 mog\\u0105 by\\u0107 wy\\u015bwietlane, w tym z czujnik\\u00f3w nachylenia, \\u017cyrokompas\\u00f3w, czujnik\\u00f3w ci\\u015bnienia, temperatury i przep\\u0142ywu. Dane numeryczne mog\\u0105 by\\u0107 przewijane lub sekwencjonowane, albo urz\\u0105dzenie mo\\u017ce dzia\\u0142a\\u0107 jako wy\\u015bwietlacz terminala szeregowego. Zastosowania obejmuj\\u0105 wdro\\u017cenie jako wy\\u015bwietlacz danych dla pojazd\\u00f3w dostarczaj\\u0105cych dane dla nurk\\u00f3w.<\\\/p>\\n\n\n<p>Zmieniona elektronika obs\\u0142uguje wej\\u015bcie analogowe, aby umo\\u017cliwi\\u0107 wy\\u015bwietlanie analogowych sygna\\u0142\\u00f3w napi\\u0119ciowych. Dodatkowo, dwie p\\u0142ytki mog\\u0105 by\\u0107 po\\u0142\\u0105czone \\u0142a\\u0144cuchowo, aby uzyska\\u0107 dwie linie informacji w jednej obudowie.<\\\/p>\\n\n\n<p>\\u017bywotno\\u015b\\u0107 baterii jest przed\\u0142u\\u017cona przez zewn\\u0119trzne sterowanie TTL lub programowalne okresy aktywacji czujnika \\u015bwiat\\u0142a.<\\\/p>\"}}]}]}]}],\"version\":\"2.6.7\"} --><\/p>\n","protected":false},"excerpt":{"rendered":"<p>Wy\u015bwietlacz podwodny OceanTools OceanDISP-7K G\u0142\u0119boko\u015b\u0107 7000m Dost\u0119pne z czerwonymi lub zielonymi diodami LED Programowalne okresy &#8222;budzenia&#8221; i &#8222;u\u015bpienia Wy\u015bwietla dane RS232, RS485 lub wej\u015bcie analogowe Karta katalogowa OceanDISP-7K jest wszechstronnym, aktywowanym \u015bwiat\u0142em urz\u0105dzeniem do wy\u015bwietlania informacji o g\u0142\u0119bokich oceanach z matrycowym wy\u015bwietlaczem LED o wysokiej widoczno\u015bci. Innowacyjny nowy pakiet z acetalow\u0105 obudow\u0105, aluminiow\u0105 p\u0142yt\u0105 przedni\u0105 [&hellip;]<\/p>\n","protected":false},"author":10,"featured_media":0,"parent":0,"menu_order":0,"comment_status":"closed","ping_status":"closed","template":"","meta":{"footnotes":""},"class_list":["post-10960","page","type-page","status-publish","hentry"],"yoast_head":"<!-- This site is optimized with the Yoast SEO plugin v27.6 - https:\/\/yoast.com\/product\/yoast-seo-wordpress\/ -->\n<title>Wy\u015bwietlacz podwodny OceanTools OceanDISP-7K - ESCORT TECHNOLOGY<\/title>\n<meta name=\"robots\" content=\"index, follow, max-snippet:-1, max-image-preview:large, max-video-preview:-1\" \/>\n<link rel=\"canonical\" href=\"https:\/\/escort-technology.com\/pl\/wyswietlacz-podwodny-oceantools-oceandisp-7k\/\" \/>\n<meta property=\"og:locale\" content=\"pl_PL\" \/>\n<meta property=\"og:type\" content=\"article\" \/>\n<meta property=\"og:title\" content=\"Wy\u015bwietlacz podwodny OceanTools OceanDISP-7K - ESCORT TECHNOLOGY\" \/>\n<meta property=\"og:description\" content=\"Wy\u015bwietlacz podwodny OceanTools OceanDISP-7K G\u0142\u0119boko\u015b\u0107 7000m Dost\u0119pne z czerwonymi lub zielonymi diodami LED Programowalne okresy &#8222;budzenia&#8221; i &#8222;u\u015bpienia Wy\u015bwietla dane RS232, RS485 lub wej\u015bcie analogowe Karta katalogowa OceanDISP-7K jest wszechstronnym, aktywowanym \u015bwiat\u0142em urz\u0105dzeniem do wy\u015bwietlania informacji o g\u0142\u0119bokich oceanach z matrycowym wy\u015bwietlaczem LED o wysokiej widoczno\u015bci. Innowacyjny nowy pakiet z acetalow\u0105 obudow\u0105, aluminiow\u0105 p\u0142yt\u0105 przedni\u0105 [&hellip;]\" \/>\n<meta property=\"og:url\" content=\"https:\/\/escort-technology.com\/pl\/wyswietlacz-podwodny-oceantools-oceandisp-7k\/\" \/>\n<meta property=\"og:site_name\" content=\"ESCORT TECHNOLOGY\" \/>\n<meta property=\"article:publisher\" content=\"https:\/\/www.facebook.com\/elektronika.morska\/\" \/>\n<meta property=\"article:modified_time\" content=\"2021-12-28T12:08:14+00:00\" \/>\n<meta property=\"og:image\" content=\"https:\/\/escort-technology.com\/wp-content\/uploads\/2021\/12\/OceanDISP-7K-Deep-Ocean-LED-Display.jpg\" \/>\n<meta name=\"twitter:card\" content=\"summary_large_image\" \/>\n<meta name=\"twitter:label1\" content=\"Szacowany czas czytania\" \/>\n\t<meta name=\"twitter:data1\" content=\"1 minuta\" \/>\n<script type=\"application\/ld+json\" class=\"yoast-schema-graph\">{\"@context\":\"https:\\\/\\\/schema.org\",\"@graph\":[{\"@type\":\"WebPage\",\"@id\":\"https:\\\/\\\/escort-technology.com\\\/wyswietlacz-podwodny-oceantools-oceandisp-7k\\\/\",\"url\":\"https:\\\/\\\/escort-technology.com\\\/wyswietlacz-podwodny-oceantools-oceandisp-7k\\\/\",\"name\":\"Wy\u015bwietlacz podwodny OceanTools OceanDISP-7K - ESCORT TECHNOLOGY\",\"isPartOf\":{\"@id\":\"http:\\\/\\\/escort-technology.com\\\/de\\\/#website\"},\"datePublished\":\"2021-12-28T11:58:42+00:00\",\"dateModified\":\"2021-12-28T12:08:14+00:00\",\"breadcrumb\":{\"@id\":\"https:\\\/\\\/escort-technology.com\\\/wyswietlacz-podwodny-oceantools-oceandisp-7k\\\/#breadcrumb\"},\"inLanguage\":\"pl-PL\",\"potentialAction\":[{\"@type\":\"ReadAction\",\"target\":[\"https:\\\/\\\/escort-technology.com\\\/wyswietlacz-podwodny-oceantools-oceandisp-7k\\\/\"]}]},{\"@type\":\"BreadcrumbList\",\"@id\":\"https:\\\/\\\/escort-technology.com\\\/wyswietlacz-podwodny-oceantools-oceandisp-7k\\\/#breadcrumb\",\"itemListElement\":[{\"@type\":\"ListItem\",\"position\":1,\"name\":\"Strona g\u0142\u00f3wna\",\"item\":\"https:\\\/\\\/escort-technology.com\\\/\"},{\"@type\":\"ListItem\",\"position\":2,\"name\":\"Wy\u015bwietlacz podwodny OceanTools OceanDISP-7K\"}]},{\"@type\":\"WebSite\",\"@id\":\"http:\\\/\\\/escort-technology.com\\\/de\\\/#website\",\"url\":\"http:\\\/\\\/escort-technology.com\\\/de\\\/\",\"name\":\"ESCORT TECHNOLOGY\",\"description\":\"Elektronika morska i l\u0105dowa\",\"publisher\":{\"@id\":\"http:\\\/\\\/escort-technology.com\\\/de\\\/#organization\"},\"potentialAction\":[{\"@type\":\"SearchAction\",\"target\":{\"@type\":\"EntryPoint\",\"urlTemplate\":\"http:\\\/\\\/escort-technology.com\\\/de\\\/?s={search_term_string}\"},\"query-input\":{\"@type\":\"PropertyValueSpecification\",\"valueRequired\":true,\"valueName\":\"search_term_string\"}}],\"inLanguage\":\"pl-PL\"},{\"@type\":\"Organization\",\"@id\":\"http:\\\/\\\/escort-technology.com\\\/de\\\/#organization\",\"name\":\"ESCORT TECHNOLOGY\",\"url\":\"http:\\\/\\\/escort-technology.com\\\/de\\\/\",\"logo\":{\"@type\":\"ImageObject\",\"inLanguage\":\"pl-PL\",\"@id\":\"http:\\\/\\\/escort-technology.com\\\/de\\\/#\\\/schema\\\/logo\\\/image\\\/\",\"url\":\"https:\\\/\\\/escort-technology.com\\\/wp-content\\\/uploads\\\/logo-1.jpg\",\"contentUrl\":\"https:\\\/\\\/escort-technology.com\\\/wp-content\\\/uploads\\\/logo-1.jpg\",\"width\":600,\"height\":165,\"caption\":\"ESCORT TECHNOLOGY\"},\"image\":{\"@id\":\"http:\\\/\\\/escort-technology.com\\\/de\\\/#\\\/schema\\\/logo\\\/image\\\/\"},\"sameAs\":[\"https:\\\/\\\/www.facebook.com\\\/elektronika.morska\\\/\",\"https:\\\/\\\/www.linkedin.com\\\/company\\\/escort-sp-z-o-o-\\\/\"]}]}<\/script>\n<!-- \/ Yoast SEO plugin. -->","yoast_head_json":{"title":"Wy\u015bwietlacz podwodny OceanTools OceanDISP-7K - ESCORT TECHNOLOGY","robots":{"index":"index","follow":"follow","max-snippet":"max-snippet:-1","max-image-preview":"max-image-preview:large","max-video-preview":"max-video-preview:-1"},"canonical":"https:\/\/escort-technology.com\/pl\/wyswietlacz-podwodny-oceantools-oceandisp-7k\/","og_locale":"pl_PL","og_type":"article","og_title":"Wy\u015bwietlacz podwodny OceanTools OceanDISP-7K - ESCORT TECHNOLOGY","og_description":"Wy\u015bwietlacz podwodny OceanTools OceanDISP-7K G\u0142\u0119boko\u015b\u0107 7000m Dost\u0119pne z czerwonymi lub zielonymi diodami LED Programowalne okresy &#8222;budzenia&#8221; i &#8222;u\u015bpienia Wy\u015bwietla dane RS232, RS485 lub wej\u015bcie analogowe Karta katalogowa OceanDISP-7K jest wszechstronnym, aktywowanym \u015bwiat\u0142em urz\u0105dzeniem do wy\u015bwietlania informacji o g\u0142\u0119bokich oceanach z matrycowym wy\u015bwietlaczem LED o wysokiej widoczno\u015bci. Innowacyjny nowy pakiet z acetalow\u0105 obudow\u0105, aluminiow\u0105 p\u0142yt\u0105 przedni\u0105 [&hellip;]","og_url":"https:\/\/escort-technology.com\/pl\/wyswietlacz-podwodny-oceantools-oceandisp-7k\/","og_site_name":"ESCORT TECHNOLOGY","article_publisher":"https:\/\/www.facebook.com\/elektronika.morska\/","article_modified_time":"2021-12-28T12:08:14+00:00","og_image":[{"url":"https:\/\/escort-technology.com\/wp-content\/uploads\/2021\/12\/OceanDISP-7K-Deep-Ocean-LED-Display.jpg","type":"","width":"","height":""}],"twitter_card":"summary_large_image","twitter_misc":{"Szacowany czas czytania":"1 minuta"},"schema":{"@context":"https:\/\/schema.org","@graph":[{"@type":"WebPage","@id":"https:\/\/escort-technology.com\/wyswietlacz-podwodny-oceantools-oceandisp-7k\/","url":"https:\/\/escort-technology.com\/wyswietlacz-podwodny-oceantools-oceandisp-7k\/","name":"Wy\u015bwietlacz podwodny OceanTools OceanDISP-7K - ESCORT TECHNOLOGY","isPartOf":{"@id":"http:\/\/escort-technology.com\/de\/#website"},"datePublished":"2021-12-28T11:58:42+00:00","dateModified":"2021-12-28T12:08:14+00:00","breadcrumb":{"@id":"https:\/\/escort-technology.com\/wyswietlacz-podwodny-oceantools-oceandisp-7k\/#breadcrumb"},"inLanguage":"pl-PL","potentialAction":[{"@type":"ReadAction","target":["https:\/\/escort-technology.com\/wyswietlacz-podwodny-oceantools-oceandisp-7k\/"]}]},{"@type":"BreadcrumbList","@id":"https:\/\/escort-technology.com\/wyswietlacz-podwodny-oceantools-oceandisp-7k\/#breadcrumb","itemListElement":[{"@type":"ListItem","position":1,"name":"Strona g\u0142\u00f3wna","item":"https:\/\/escort-technology.com\/"},{"@type":"ListItem","position":2,"name":"Wy\u015bwietlacz podwodny OceanTools OceanDISP-7K"}]},{"@type":"WebSite","@id":"http:\/\/escort-technology.com\/de\/#website","url":"http:\/\/escort-technology.com\/de\/","name":"ESCORT TECHNOLOGY","description":"Elektronika morska i l\u0105dowa","publisher":{"@id":"http:\/\/escort-technology.com\/de\/#organization"},"potentialAction":[{"@type":"SearchAction","target":{"@type":"EntryPoint","urlTemplate":"http:\/\/escort-technology.com\/de\/?s={search_term_string}"},"query-input":{"@type":"PropertyValueSpecification","valueRequired":true,"valueName":"search_term_string"}}],"inLanguage":"pl-PL"},{"@type":"Organization","@id":"http:\/\/escort-technology.com\/de\/#organization","name":"ESCORT TECHNOLOGY","url":"http:\/\/escort-technology.com\/de\/","logo":{"@type":"ImageObject","inLanguage":"pl-PL","@id":"http:\/\/escort-technology.com\/de\/#\/schema\/logo\/image\/","url":"https:\/\/escort-technology.com\/wp-content\/uploads\/logo-1.jpg","contentUrl":"https:\/\/escort-technology.com\/wp-content\/uploads\/logo-1.jpg","width":600,"height":165,"caption":"ESCORT TECHNOLOGY"},"image":{"@id":"http:\/\/escort-technology.com\/de\/#\/schema\/logo\/image\/"},"sameAs":["https:\/\/www.facebook.com\/elektronika.morska\/","https:\/\/www.linkedin.com\/company\/escort-sp-z-o-o-\/"]}]}},"_links":{"self":[{"href":"https:\/\/escort-technology.com\/pl\/wp-json\/wp\/v2\/pages\/10960","targetHints":{"allow":["GET"]}}],"collection":[{"href":"https:\/\/escort-technology.com\/pl\/wp-json\/wp\/v2\/pages"}],"about":[{"href":"https:\/\/escort-technology.com\/pl\/wp-json\/wp\/v2\/types\/page"}],"author":[{"embeddable":true,"href":"https:\/\/escort-technology.com\/pl\/wp-json\/wp\/v2\/users\/10"}],"replies":[{"embeddable":true,"href":"https:\/\/escort-technology.com\/pl\/wp-json\/wp\/v2\/comments?post=10960"}],"version-history":[{"count":10,"href":"https:\/\/escort-technology.com\/pl\/wp-json\/wp\/v2\/pages\/10960\/revisions"}],"predecessor-version":[{"id":10970,"href":"https:\/\/escort-technology.com\/pl\/wp-json\/wp\/v2\/pages\/10960\/revisions\/10970"}],"wp:attachment":[{"href":"https:\/\/escort-technology.com\/pl\/wp-json\/wp\/v2\/media?parent=10960"}],"curies":[{"name":"wp","href":"https:\/\/api.w.org\/{rel}","templated":true}]}}