{"id":10975,"date":"2021-12-28T13:12:42","date_gmt":"2021-12-28T12:12:42","guid":{"rendered":"https:\/\/escort-technology.com\/?page_id=10975"},"modified":"2021-12-28T13:19:17","modified_gmt":"2021-12-28T12:19:17","slug":"precyzyjny-czujnik-nachylenia-oceantools-oceantilt","status":"publish","type":"page","link":"https:\/\/escort-technology.com\/pl\/precyzyjny-czujnik-nachylenia-oceantools-oceantilt\/","title":{"rendered":"Precyzyjny czujnik nachylenia OceanTools OceanTILT"},"content":{"rendered":"<h1>\n<h1 class=\"uk-article-title\">Precyzyjny czujnik nachylenia OceanTools OceanTILT<\/h1>\n<\/h1>\n<hr>\n<div>\n<ul>\n<li>Standardowe g\u0142\u0119boko\u015bci 4000m i 8000m<\/li>\n<li>Zakres pracy 180\u00b0.<\/li>\n<li>Wyj\u015bcia danych ASCII przez RS232 i RS485<\/li>\n<li>Proste w u\u017cyciu oprogramowanie Windows<\/li>\n<li>Idealny zamiennik MiniTilt<\/li>\n<\/ul>\n<\/div>\n<p><img decoding=\"async\" src=\"\/wp-content\/uploads\/2021\/12\/OceanTILT-8K.jpg\" alt=\"\"><\/p>\n<p>\n    <a href=\"http:\/\/data.oceantools.co.uk\/Datasheets\/OceanTILT-Tilt-Sensor.pdf\">Karta katalogowa <\/a>\n<\/p>\n<div>\n<p>OceanTILT to bardzo ekonomiczny, kompaktowy, precyzyjny, dwuosiowy inklinometr podwodny \/ jednostka referencyjna po\u0142o\u017cenia, kt\u00f3ra mierzy zar\u00f3wno nachylenie jak i przechy\u0142 z dok\u0142adno\u015bci\u0105 do 0,05\u00b0. Oprogramowanie wy\u015bwietla nachylenie i przechy\u0142 numerycznie lub jako cyfrowy.<\/p>\n<p>Inklinometr jest idealnym zamiennikiem MiniTilt, kt\u00f3ry umo\u017cliwia pomiar nachylenia i przechy\u0142u konstrukcji, takich jak platformy podwodne, kolektory i podstawy prowadnic, lub k\u0105t nachylenia wzgl\u0119dem p\u0142aszczyzny pionowej w celu monitorowania pionowo\u015bci obud\u00f3w, przewod\u00f3w pionowych i pali. Urz\u0105dzenie jest dost\u0119pne w obudowie aluminiowej o wytrzyma\u0142o\u015bci 4000 m lub tytanowej o wytrzyma\u0142o\u015bci 8000 m.<\/p>\n<p>System nachylenia \u0142a\u0144cucha cumowniczego zawiera czujniki OceanTILT w niestandardowych uchwytach monta\u017cowych do pomiaru k\u0105t\u00f3w wzniesienia \u0142a\u0144cucha cumowniczego.<\/p>\n<\/div>\n<p><!--more--><br \/>\n<!-- {\"type\":\"layout\",\"children\":[{\"type\":\"section\",\"props\":{\"style\":\"default\",\"width\":\"default\",\"vertical_align\":\"middle\",\"title_position\":\"top-left\",\"title_rotation\":\"left\",\"title_breakpoint\":\"xl\",\"image_position\":\"center-center\"},\"children\":[{\"type\":\"row\",\"children\":[{\"type\":\"column\",\"props\":{\"image_position\":\"center-center\",\"media_overlay_gradient\":\"\"},\"children\":[{\"type\":\"headline\",\"props\":{\"title_element\":\"h1\",\"content\":\"\n\n<h1 class=\\\"uk-article-title\\\">Precyzyjny czujnik nachylenia OceanTools OceanTILT<\\\/h1>\"}},{\"type\":\"divider\",\"props\":{\"divider_element\":\"hr\"}}]}]}]},{\"type\":\"section\",\"props\":{\"style\":\"default\",\"width\":\"default\",\"vertical_align\":\"middle\",\"title_position\":\"top-left\",\"title_rotation\":\"left\",\"title_breakpoint\":\"xl\",\"image_position\":\"center-center\"},\"children\":[{\"type\":\"row\",\"props\":{\"layout\":\"1-2,1-2\"},\"children\":[{\"type\":\"column\",\"props\":{\"image_position\":\"center-center\",\"media_overlay_gradient\":\"\",\"width_medium\":\"1-2\"},\"children\":[{\"type\":\"text\",\"props\":{\"margin\":\"default\",\"column_breakpoint\":\"m\",\"content\":\"\n\n<ul>\\n\n\n<li>Standardowe g\\u0142\\u0119boko\\u015bci 4000m i 8000m<\\\/li>\\n\n\n<li>Zakres pracy 180\\u00b0.<\\\/li>\\n\n\n<li>Wyj\\u015bcia danych ASCII przez RS232 i RS485<\\\/li>\\n\n\n<li>Proste w u\\u017cyciu oprogramowanie Windows<\\\/li>\\n\n\n<li>Idealny zamiennik MiniTilt<\\\/li>\\n<\\\/ul>\"}}]},{\"type\":\"column\",\"props\":{\"image_position\":\"center-center\",\"media_overlay_gradient\":\"\",\"width_medium\":\"1-2\"},\"children\":[{\"type\":\"image\",\"props\":{\"margin\":\"default\",\"image_svg_color\":\"emphasis\",\"image\":\"wp-content\\\/uploads\\\/2021\\\/12\\\/OceanTILT-8K.jpg\"}},{\"type\":\"button\",\"props\":{\"grid_column_gap\":\"small\",\"grid_row_gap\":\"small\",\"margin\":\"default\",\"text_align\":\"center\"},\"children\":[{\"type\":\"button_item\",\"props\":{\"button_style\":\"default\",\"icon_align\":\"left\",\"content\":\"Karta katalogowa \",\"link\":\"http:\\\/\\\/data.oceantools.co.uk\\\/Datasheets\\\/OceanTILT-Tilt-Sensor.pdf\"}}]}]}]}]},{\"type\":\"section\",\"props\":{\"style\":\"default\",\"width\":\"default\",\"vertical_align\":\"middle\",\"title_position\":\"top-left\",\"title_rotation\":\"left\",\"title_breakpoint\":\"xl\",\"image_position\":\"center-center\"},\"children\":[{\"type\":\"row\",\"children\":[{\"type\":\"column\",\"props\":{\"image_position\":\"center-center\",\"media_overlay_gradient\":\"\"},\"children\":[{\"type\":\"text\",\"props\":{\"margin\":\"default\",\"column_breakpoint\":\"m\",\"content\":\"\n\n<p>OceanTILT to bardzo ekonomiczny, kompaktowy, precyzyjny, dwuosiowy inklinometr podwodny \\\/ jednostka referencyjna po\\u0142o\\u017cenia, kt\\u00f3ra mierzy zar\\u00f3wno nachylenie jak i przechy\\u0142 z dok\\u0142adno\\u015bci\\u0105 do 0,05\\u00b0. Oprogramowanie wy\\u015bwietla nachylenie i przechy\\u0142 numerycznie lub jako cyfrowy.<\\\/p>\\n\n\n<p>Inklinometr jest idealnym zamiennikiem MiniTilt, kt\\u00f3ry umo\\u017cliwia pomiar nachylenia i przechy\\u0142u konstrukcji, takich jak platformy podwodne, kolektory i podstawy prowadnic, lub k\\u0105t nachylenia wzgl\\u0119dem p\\u0142aszczyzny pionowej w celu monitorowania pionowo\\u015bci obud\\u00f3w, przewod\\u00f3w pionowych i pali. Urz\\u0105dzenie jest dost\\u0119pne w obudowie aluminiowej o wytrzyma\\u0142o\\u015bci 4000 m lub tytanowej o wytrzyma\\u0142o\\u015bci 8000 m.<\\\/p>\\n\n\n<p>System nachylenia \\u0142a\\u0144cucha cumowniczego zawiera czujniki OceanTILT w niestandardowych uchwytach monta\\u017cowych do pomiaru k\\u0105t\\u00f3w wzniesienia \\u0142a\\u0144cucha cumowniczego.<\\\/p>\"}}]}]}]}],\"version\":\"2.6.7\"} --><\/p>\n","protected":false},"excerpt":{"rendered":"<p>Precyzyjny czujnik nachylenia OceanTools OceanTILT Standardowe g\u0142\u0119boko\u015bci 4000m i 8000m Zakres pracy 180\u00b0. Wyj\u015bcia danych ASCII przez RS232 i RS485 Proste w u\u017cyciu oprogramowanie Windows Idealny zamiennik MiniTilt Karta katalogowa OceanTILT to bardzo ekonomiczny, kompaktowy, precyzyjny, dwuosiowy inklinometr podwodny \/ jednostka referencyjna po\u0142o\u017cenia, kt\u00f3ra mierzy zar\u00f3wno nachylenie jak i przechy\u0142 z dok\u0142adno\u015bci\u0105 do 0,05\u00b0. Oprogramowanie [&hellip;]<\/p>\n","protected":false},"author":10,"featured_media":0,"parent":0,"menu_order":0,"comment_status":"closed","ping_status":"closed","template":"","meta":{"footnotes":""},"class_list":["post-10975","page","type-page","status-publish","hentry"],"yoast_head":"<!-- This site is optimized with the Yoast SEO plugin v27.6 - https:\/\/yoast.com\/product\/yoast-seo-wordpress\/ -->\n<title>Precyzyjny czujnik nachylenia OceanTools OceanTILT - ESCORT TECHNOLOGY<\/title>\n<meta name=\"robots\" content=\"index, follow, max-snippet:-1, max-image-preview:large, max-video-preview:-1\" \/>\n<link rel=\"canonical\" href=\"https:\/\/escort-technology.com\/pl\/precyzyjny-czujnik-nachylenia-oceantools-oceantilt\/\" \/>\n<meta property=\"og:locale\" content=\"pl_PL\" \/>\n<meta property=\"og:type\" content=\"article\" \/>\n<meta property=\"og:title\" content=\"Precyzyjny czujnik nachylenia OceanTools OceanTILT - ESCORT TECHNOLOGY\" \/>\n<meta property=\"og:description\" content=\"Precyzyjny czujnik nachylenia OceanTools OceanTILT Standardowe g\u0142\u0119boko\u015bci 4000m i 8000m Zakres pracy 180\u00b0. Wyj\u015bcia danych ASCII przez RS232 i RS485 Proste w u\u017cyciu oprogramowanie Windows Idealny zamiennik MiniTilt Karta katalogowa OceanTILT to bardzo ekonomiczny, kompaktowy, precyzyjny, dwuosiowy inklinometr podwodny \/ jednostka referencyjna po\u0142o\u017cenia, kt\u00f3ra mierzy zar\u00f3wno nachylenie jak i przechy\u0142 z dok\u0142adno\u015bci\u0105 do 0,05\u00b0. Oprogramowanie [&hellip;]\" \/>\n<meta property=\"og:url\" content=\"https:\/\/escort-technology.com\/pl\/precyzyjny-czujnik-nachylenia-oceantools-oceantilt\/\" \/>\n<meta property=\"og:site_name\" content=\"ESCORT TECHNOLOGY\" \/>\n<meta property=\"article:publisher\" content=\"https:\/\/www.facebook.com\/elektronika.morska\/\" \/>\n<meta property=\"article:modified_time\" content=\"2021-12-28T12:19:17+00:00\" \/>\n<meta property=\"og:image\" content=\"https:\/\/escort-technology.com\/wp-content\/uploads\/2021\/12\/OceanTILT-8K.jpg\" \/>\n<meta name=\"twitter:card\" content=\"summary_large_image\" \/>\n<meta name=\"twitter:label1\" content=\"Szacowany czas czytania\" \/>\n\t<meta name=\"twitter:data1\" content=\"1 minuta\" \/>\n<script type=\"application\/ld+json\" class=\"yoast-schema-graph\">{\"@context\":\"https:\\\/\\\/schema.org\",\"@graph\":[{\"@type\":\"WebPage\",\"@id\":\"https:\\\/\\\/escort-technology.com\\\/precyzyjny-czujnik-nachylenia-oceantools-oceantilt\\\/\",\"url\":\"https:\\\/\\\/escort-technology.com\\\/precyzyjny-czujnik-nachylenia-oceantools-oceantilt\\\/\",\"name\":\"Precyzyjny czujnik nachylenia OceanTools OceanTILT - ESCORT TECHNOLOGY\",\"isPartOf\":{\"@id\":\"http:\\\/\\\/escort-technology.com\\\/de\\\/#website\"},\"datePublished\":\"2021-12-28T12:12:42+00:00\",\"dateModified\":\"2021-12-28T12:19:17+00:00\",\"breadcrumb\":{\"@id\":\"https:\\\/\\\/escort-technology.com\\\/precyzyjny-czujnik-nachylenia-oceantools-oceantilt\\\/#breadcrumb\"},\"inLanguage\":\"pl-PL\",\"potentialAction\":[{\"@type\":\"ReadAction\",\"target\":[\"https:\\\/\\\/escort-technology.com\\\/precyzyjny-czujnik-nachylenia-oceantools-oceantilt\\\/\"]}]},{\"@type\":\"BreadcrumbList\",\"@id\":\"https:\\\/\\\/escort-technology.com\\\/precyzyjny-czujnik-nachylenia-oceantools-oceantilt\\\/#breadcrumb\",\"itemListElement\":[{\"@type\":\"ListItem\",\"position\":1,\"name\":\"Strona g\u0142\u00f3wna\",\"item\":\"https:\\\/\\\/escort-technology.com\\\/\"},{\"@type\":\"ListItem\",\"position\":2,\"name\":\"Precyzyjny czujnik nachylenia OceanTools OceanTILT\"}]},{\"@type\":\"WebSite\",\"@id\":\"http:\\\/\\\/escort-technology.com\\\/de\\\/#website\",\"url\":\"http:\\\/\\\/escort-technology.com\\\/de\\\/\",\"name\":\"ESCORT TECHNOLOGY\",\"description\":\"Elektronika morska i l\u0105dowa\",\"publisher\":{\"@id\":\"http:\\\/\\\/escort-technology.com\\\/de\\\/#organization\"},\"potentialAction\":[{\"@type\":\"SearchAction\",\"target\":{\"@type\":\"EntryPoint\",\"urlTemplate\":\"http:\\\/\\\/escort-technology.com\\\/de\\\/?s={search_term_string}\"},\"query-input\":{\"@type\":\"PropertyValueSpecification\",\"valueRequired\":true,\"valueName\":\"search_term_string\"}}],\"inLanguage\":\"pl-PL\"},{\"@type\":\"Organization\",\"@id\":\"http:\\\/\\\/escort-technology.com\\\/de\\\/#organization\",\"name\":\"ESCORT TECHNOLOGY\",\"url\":\"http:\\\/\\\/escort-technology.com\\\/de\\\/\",\"logo\":{\"@type\":\"ImageObject\",\"inLanguage\":\"pl-PL\",\"@id\":\"http:\\\/\\\/escort-technology.com\\\/de\\\/#\\\/schema\\\/logo\\\/image\\\/\",\"url\":\"https:\\\/\\\/escort-technology.com\\\/wp-content\\\/uploads\\\/logo-1.jpg\",\"contentUrl\":\"https:\\\/\\\/escort-technology.com\\\/wp-content\\\/uploads\\\/logo-1.jpg\",\"width\":600,\"height\":165,\"caption\":\"ESCORT TECHNOLOGY\"},\"image\":{\"@id\":\"http:\\\/\\\/escort-technology.com\\\/de\\\/#\\\/schema\\\/logo\\\/image\\\/\"},\"sameAs\":[\"https:\\\/\\\/www.facebook.com\\\/elektronika.morska\\\/\",\"https:\\\/\\\/www.linkedin.com\\\/company\\\/escort-sp-z-o-o-\\\/\"]}]}<\/script>\n<!-- \/ Yoast SEO plugin. -->","yoast_head_json":{"title":"Precyzyjny czujnik nachylenia OceanTools OceanTILT - ESCORT TECHNOLOGY","robots":{"index":"index","follow":"follow","max-snippet":"max-snippet:-1","max-image-preview":"max-image-preview:large","max-video-preview":"max-video-preview:-1"},"canonical":"https:\/\/escort-technology.com\/pl\/precyzyjny-czujnik-nachylenia-oceantools-oceantilt\/","og_locale":"pl_PL","og_type":"article","og_title":"Precyzyjny czujnik nachylenia OceanTools OceanTILT - ESCORT TECHNOLOGY","og_description":"Precyzyjny czujnik nachylenia OceanTools OceanTILT Standardowe g\u0142\u0119boko\u015bci 4000m i 8000m Zakres pracy 180\u00b0. Wyj\u015bcia danych ASCII przez RS232 i RS485 Proste w u\u017cyciu oprogramowanie Windows Idealny zamiennik MiniTilt Karta katalogowa OceanTILT to bardzo ekonomiczny, kompaktowy, precyzyjny, dwuosiowy inklinometr podwodny \/ jednostka referencyjna po\u0142o\u017cenia, kt\u00f3ra mierzy zar\u00f3wno nachylenie jak i przechy\u0142 z dok\u0142adno\u015bci\u0105 do 0,05\u00b0. Oprogramowanie [&hellip;]","og_url":"https:\/\/escort-technology.com\/pl\/precyzyjny-czujnik-nachylenia-oceantools-oceantilt\/","og_site_name":"ESCORT TECHNOLOGY","article_publisher":"https:\/\/www.facebook.com\/elektronika.morska\/","article_modified_time":"2021-12-28T12:19:17+00:00","og_image":[{"url":"https:\/\/escort-technology.com\/wp-content\/uploads\/2021\/12\/OceanTILT-8K.jpg","type":"","width":"","height":""}],"twitter_card":"summary_large_image","twitter_misc":{"Szacowany czas czytania":"1 minuta"},"schema":{"@context":"https:\/\/schema.org","@graph":[{"@type":"WebPage","@id":"https:\/\/escort-technology.com\/precyzyjny-czujnik-nachylenia-oceantools-oceantilt\/","url":"https:\/\/escort-technology.com\/precyzyjny-czujnik-nachylenia-oceantools-oceantilt\/","name":"Precyzyjny czujnik nachylenia OceanTools OceanTILT - ESCORT TECHNOLOGY","isPartOf":{"@id":"http:\/\/escort-technology.com\/de\/#website"},"datePublished":"2021-12-28T12:12:42+00:00","dateModified":"2021-12-28T12:19:17+00:00","breadcrumb":{"@id":"https:\/\/escort-technology.com\/precyzyjny-czujnik-nachylenia-oceantools-oceantilt\/#breadcrumb"},"inLanguage":"pl-PL","potentialAction":[{"@type":"ReadAction","target":["https:\/\/escort-technology.com\/precyzyjny-czujnik-nachylenia-oceantools-oceantilt\/"]}]},{"@type":"BreadcrumbList","@id":"https:\/\/escort-technology.com\/precyzyjny-czujnik-nachylenia-oceantools-oceantilt\/#breadcrumb","itemListElement":[{"@type":"ListItem","position":1,"name":"Strona g\u0142\u00f3wna","item":"https:\/\/escort-technology.com\/"},{"@type":"ListItem","position":2,"name":"Precyzyjny czujnik nachylenia OceanTools OceanTILT"}]},{"@type":"WebSite","@id":"http:\/\/escort-technology.com\/de\/#website","url":"http:\/\/escort-technology.com\/de\/","name":"ESCORT TECHNOLOGY","description":"Elektronika morska i l\u0105dowa","publisher":{"@id":"http:\/\/escort-technology.com\/de\/#organization"},"potentialAction":[{"@type":"SearchAction","target":{"@type":"EntryPoint","urlTemplate":"http:\/\/escort-technology.com\/de\/?s={search_term_string}"},"query-input":{"@type":"PropertyValueSpecification","valueRequired":true,"valueName":"search_term_string"}}],"inLanguage":"pl-PL"},{"@type":"Organization","@id":"http:\/\/escort-technology.com\/de\/#organization","name":"ESCORT TECHNOLOGY","url":"http:\/\/escort-technology.com\/de\/","logo":{"@type":"ImageObject","inLanguage":"pl-PL","@id":"http:\/\/escort-technology.com\/de\/#\/schema\/logo\/image\/","url":"https:\/\/escort-technology.com\/wp-content\/uploads\/logo-1.jpg","contentUrl":"https:\/\/escort-technology.com\/wp-content\/uploads\/logo-1.jpg","width":600,"height":165,"caption":"ESCORT TECHNOLOGY"},"image":{"@id":"http:\/\/escort-technology.com\/de\/#\/schema\/logo\/image\/"},"sameAs":["https:\/\/www.facebook.com\/elektronika.morska\/","https:\/\/www.linkedin.com\/company\/escort-sp-z-o-o-\/"]}]}},"_links":{"self":[{"href":"https:\/\/escort-technology.com\/pl\/wp-json\/wp\/v2\/pages\/10975","targetHints":{"allow":["GET"]}}],"collection":[{"href":"https:\/\/escort-technology.com\/pl\/wp-json\/wp\/v2\/pages"}],"about":[{"href":"https:\/\/escort-technology.com\/pl\/wp-json\/wp\/v2\/types\/page"}],"author":[{"embeddable":true,"href":"https:\/\/escort-technology.com\/pl\/wp-json\/wp\/v2\/users\/10"}],"replies":[{"embeddable":true,"href":"https:\/\/escort-technology.com\/pl\/wp-json\/wp\/v2\/comments?post=10975"}],"version-history":[{"count":9,"href":"https:\/\/escort-technology.com\/pl\/wp-json\/wp\/v2\/pages\/10975\/revisions"}],"predecessor-version":[{"id":10986,"href":"https:\/\/escort-technology.com\/pl\/wp-json\/wp\/v2\/pages\/10975\/revisions\/10986"}],"wp:attachment":[{"href":"https:\/\/escort-technology.com\/pl\/wp-json\/wp\/v2\/media?parent=10975"}],"curies":[{"name":"wp","href":"https:\/\/api.w.org\/{rel}","templated":true}]}}