{"id":11001,"date":"2021-12-28T14:39:56","date_gmt":"2021-12-28T13:39:56","guid":{"rendered":"https:\/\/escort-technology.com\/?page_id=11001"},"modified":"2021-12-28T14:46:15","modified_gmt":"2021-12-28T13:46:15","slug":"podwodna-sonda-do-pomiaru-temperatury-oceantools-c-temp","status":"publish","type":"page","link":"https:\/\/escort-technology.com\/pl\/podwodna-sonda-do-pomiaru-temperatury-oceantools-c-temp\/","title":{"rendered":"Podwodna sonda do pomiaru temperatury OceanTools C-Temp"},"content":{"rendered":"<h1>\n<h1 class=\"uk-article-title\">Podwodna sonda do pomiaru temperatury OceanTools C-Temp<\/h1>\n<\/h1>\n<hr>\n<div>\n<ul>\n<li>Zakres pomiarowy od 0 do 50\u00b0C<\/li>\n<li>Dok\u0142adno\u015b\u0107 0,1\u00b0C<\/li>\n<li>G\u0142\u0119boko\u015b\u0107 3000m<\/li>\n<li>Wyj\u015bcie danych szeregowych RS232<\/li>\n<\/ul>\n<\/div>\n<p><img decoding=\"async\" src=\"\/wp-content\/uploads\/2021\/12\/C-Temp-Temperature-Probe.jpg\" alt=\"\"><\/p>\n<p>\n    <a href=\"http:\/\/data.oceantools.co.uk\/Datasheets\/C-Temp-Temperature-Probe.pdf\">Karta katalogowa <\/a>\n<\/p>\n<div>\n<p>Sonda temperatury C-Temp firmy OceanTools jest kompaktowym i prostym w u\u017cyciu systemem pomiarowym o dok\u0142adno\u015bci 0,1\u00b0C. Szeroki zakres napi\u0119cia roboczego, dopuszczalna g\u0142\u0119boko\u015b\u0107 3000 m oraz proste wyj\u015bcie danych RS232 u\u0142atwiaj\u0105 wsp\u00f3\u0142prac\u0119 z systemami ROV, pakietami monitorowania temperatury wody morskiej, dataloggerami i innymi systemami akwizycji danych.<\/p>\n<\/div>\n<p><!--more--><br \/>\n<!-- {\"type\":\"layout\",\"children\":[{\"type\":\"section\",\"props\":{\"style\":\"default\",\"width\":\"default\",\"vertical_align\":\"middle\",\"title_position\":\"top-left\",\"title_rotation\":\"left\",\"title_breakpoint\":\"xl\",\"image_position\":\"center-center\"},\"children\":[{\"type\":\"row\",\"children\":[{\"type\":\"column\",\"props\":{\"image_position\":\"center-center\",\"media_overlay_gradient\":\"\"},\"children\":[{\"type\":\"headline\",\"props\":{\"title_element\":\"h1\",\"content\":\"\n\n<h1 class=\\\"uk-article-title\\\">Podwodna sonda do pomiaru temperatury OceanTools C-Temp<\\\/h1>\"}},{\"type\":\"divider\",\"props\":{\"divider_element\":\"hr\"}}]}]}]},{\"type\":\"section\",\"props\":{\"style\":\"default\",\"width\":\"default\",\"vertical_align\":\"middle\",\"title_position\":\"top-left\",\"title_rotation\":\"left\",\"title_breakpoint\":\"xl\",\"image_position\":\"center-center\"},\"children\":[{\"type\":\"row\",\"props\":{\"layout\":\"1-2,1-2\"},\"children\":[{\"type\":\"column\",\"props\":{\"image_position\":\"center-center\",\"media_overlay_gradient\":\"\",\"width_medium\":\"1-2\"},\"children\":[{\"type\":\"text\",\"props\":{\"margin\":\"default\",\"column_breakpoint\":\"m\",\"content\":\"\n\n<ul>\\n\n\n<li>Zakres pomiarowy od 0 do 50\\u00b0C<\\\/li>\\n\n\n<li>Dok\\u0142adno\\u015b\\u0107 0,1\\u00b0C<\\\/li>\\n\n\n<li>G\\u0142\\u0119boko\\u015b\\u0107 3000m<\\\/li>\\n\n\n<li>Wyj\\u015bcie danych szeregowych RS232<\\\/li>\\n<\\\/ul>\"}}]},{\"type\":\"column\",\"props\":{\"image_position\":\"center-center\",\"media_overlay_gradient\":\"\",\"width_medium\":\"1-2\"},\"children\":[{\"type\":\"image\",\"props\":{\"margin\":\"default\",\"image_svg_color\":\"emphasis\",\"image\":\"wp-content\\\/uploads\\\/2021\\\/12\\\/C-Temp-Temperature-Probe.jpg\"}},{\"type\":\"button\",\"props\":{\"grid_column_gap\":\"small\",\"grid_row_gap\":\"small\",\"margin\":\"default\",\"text_align\":\"center\"},\"children\":[{\"type\":\"button_item\",\"props\":{\"button_style\":\"default\",\"icon_align\":\"left\",\"link\":\"http:\\\/\\\/data.oceantools.co.uk\\\/Datasheets\\\/C-Temp-Temperature-Probe.pdf\",\"content\":\"Karta katalogowa \"}}]}]}]}]},{\"type\":\"section\",\"props\":{\"style\":\"default\",\"width\":\"default\",\"vertical_align\":\"middle\",\"title_position\":\"top-left\",\"title_rotation\":\"left\",\"title_breakpoint\":\"xl\",\"image_position\":\"center-center\"},\"children\":[{\"type\":\"row\",\"children\":[{\"type\":\"column\",\"props\":{\"image_position\":\"center-center\",\"media_overlay_gradient\":\"\"},\"children\":[{\"type\":\"text\",\"props\":{\"margin\":\"default\",\"column_breakpoint\":\"m\",\"content\":\"\n\n<p>Sonda temperatury C-Temp firmy OceanTools jest kompaktowym i prostym w u\\u017cyciu systemem pomiarowym o dok\\u0142adno\\u015bci 0,1\\u00b0C. Szeroki zakres napi\\u0119cia roboczego, dopuszczalna g\\u0142\\u0119boko\\u015b\\u0107 3000 m oraz proste wyj\\u015bcie danych RS232 u\\u0142atwiaj\\u0105 wsp\\u00f3\\u0142prac\\u0119 z systemami ROV, pakietami monitorowania temperatury wody morskiej, dataloggerami i innymi systemami akwizycji danych.<\\\/p>\"}}]}]}]}],\"version\":\"2.6.7\"} --><\/p>\n","protected":false},"excerpt":{"rendered":"<p>Podwodna sonda do pomiaru temperatury OceanTools C-Temp Zakres pomiarowy od 0 do 50\u00b0C Dok\u0142adno\u015b\u0107 0,1\u00b0C G\u0142\u0119boko\u015b\u0107 3000m Wyj\u015bcie danych szeregowych RS232 Karta katalogowa Sonda temperatury C-Temp firmy OceanTools jest kompaktowym i prostym w u\u017cyciu systemem pomiarowym o dok\u0142adno\u015bci 0,1\u00b0C. Szeroki zakres napi\u0119cia roboczego, dopuszczalna g\u0142\u0119boko\u015b\u0107 3000 m oraz proste wyj\u015bcie danych RS232 u\u0142atwiaj\u0105 wsp\u00f3\u0142prac\u0119 z [&hellip;]<\/p>\n","protected":false},"author":10,"featured_media":0,"parent":0,"menu_order":0,"comment_status":"closed","ping_status":"closed","template":"","meta":{"footnotes":""},"class_list":["post-11001","page","type-page","status-publish","hentry"],"yoast_head":"<!-- This site is optimized with the Yoast SEO plugin v27.4 - https:\/\/yoast.com\/product\/yoast-seo-wordpress\/ -->\n<title>Podwodna sonda do pomiaru temperatury OceanTools C-Temp - ESCORT TECHNOLOGY<\/title>\n<meta name=\"robots\" content=\"index, follow, max-snippet:-1, max-image-preview:large, max-video-preview:-1\" \/>\n<link rel=\"canonical\" href=\"https:\/\/escort-technology.com\/pl\/podwodna-sonda-do-pomiaru-temperatury-oceantools-c-temp\/\" \/>\n<meta property=\"og:locale\" content=\"pl_PL\" \/>\n<meta property=\"og:type\" content=\"article\" \/>\n<meta property=\"og:title\" content=\"Podwodna sonda do pomiaru temperatury OceanTools C-Temp - ESCORT TECHNOLOGY\" \/>\n<meta property=\"og:description\" content=\"Podwodna sonda do pomiaru temperatury OceanTools C-Temp Zakres pomiarowy od 0 do 50\u00b0C Dok\u0142adno\u015b\u0107 0,1\u00b0C G\u0142\u0119boko\u015b\u0107 3000m Wyj\u015bcie danych szeregowych RS232 Karta katalogowa Sonda temperatury C-Temp firmy OceanTools jest kompaktowym i prostym w u\u017cyciu systemem pomiarowym o dok\u0142adno\u015bci 0,1\u00b0C. Szeroki zakres napi\u0119cia roboczego, dopuszczalna g\u0142\u0119boko\u015b\u0107 3000 m oraz proste wyj\u015bcie danych RS232 u\u0142atwiaj\u0105 wsp\u00f3\u0142prac\u0119 z [&hellip;]\" \/>\n<meta property=\"og:url\" content=\"https:\/\/escort-technology.com\/pl\/podwodna-sonda-do-pomiaru-temperatury-oceantools-c-temp\/\" \/>\n<meta property=\"og:site_name\" content=\"ESCORT TECHNOLOGY\" \/>\n<meta property=\"article:publisher\" content=\"https:\/\/www.facebook.com\/elektronika.morska\/\" \/>\n<meta property=\"article:modified_time\" content=\"2021-12-28T13:46:15+00:00\" \/>\n<meta property=\"og:image\" content=\"https:\/\/escort-technology.com\/wp-content\/uploads\/2021\/12\/C-Temp-Temperature-Probe.jpg\" \/>\n<meta name=\"twitter:card\" content=\"summary_large_image\" \/>\n<script type=\"application\/ld+json\" class=\"yoast-schema-graph\">{\"@context\":\"https:\\\/\\\/schema.org\",\"@graph\":[{\"@type\":\"WebPage\",\"@id\":\"https:\\\/\\\/escort-technology.com\\\/podwodna-sonda-do-pomiaru-temperatury-oceantools-c-temp\\\/\",\"url\":\"https:\\\/\\\/escort-technology.com\\\/podwodna-sonda-do-pomiaru-temperatury-oceantools-c-temp\\\/\",\"name\":\"Podwodna sonda do pomiaru temperatury OceanTools C-Temp - ESCORT TECHNOLOGY\",\"isPartOf\":{\"@id\":\"http:\\\/\\\/escort-technology.com\\\/de\\\/#website\"},\"datePublished\":\"2021-12-28T13:39:56+00:00\",\"dateModified\":\"2021-12-28T13:46:15+00:00\",\"breadcrumb\":{\"@id\":\"https:\\\/\\\/escort-technology.com\\\/podwodna-sonda-do-pomiaru-temperatury-oceantools-c-temp\\\/#breadcrumb\"},\"inLanguage\":\"pl-PL\",\"potentialAction\":[{\"@type\":\"ReadAction\",\"target\":[\"https:\\\/\\\/escort-technology.com\\\/podwodna-sonda-do-pomiaru-temperatury-oceantools-c-temp\\\/\"]}]},{\"@type\":\"BreadcrumbList\",\"@id\":\"https:\\\/\\\/escort-technology.com\\\/podwodna-sonda-do-pomiaru-temperatury-oceantools-c-temp\\\/#breadcrumb\",\"itemListElement\":[{\"@type\":\"ListItem\",\"position\":1,\"name\":\"Strona g\u0142\u00f3wna\",\"item\":\"https:\\\/\\\/escort-technology.com\\\/\"},{\"@type\":\"ListItem\",\"position\":2,\"name\":\"Podwodna sonda do pomiaru temperatury OceanTools C-Temp\"}]},{\"@type\":\"WebSite\",\"@id\":\"http:\\\/\\\/escort-technology.com\\\/de\\\/#website\",\"url\":\"http:\\\/\\\/escort-technology.com\\\/de\\\/\",\"name\":\"ESCORT TECHNOLOGY\",\"description\":\"Elektronika morska i l\u0105dowa\",\"publisher\":{\"@id\":\"http:\\\/\\\/escort-technology.com\\\/de\\\/#organization\"},\"potentialAction\":[{\"@type\":\"SearchAction\",\"target\":{\"@type\":\"EntryPoint\",\"urlTemplate\":\"http:\\\/\\\/escort-technology.com\\\/de\\\/?s={search_term_string}\"},\"query-input\":{\"@type\":\"PropertyValueSpecification\",\"valueRequired\":true,\"valueName\":\"search_term_string\"}}],\"inLanguage\":\"pl-PL\"},{\"@type\":\"Organization\",\"@id\":\"http:\\\/\\\/escort-technology.com\\\/de\\\/#organization\",\"name\":\"ESCORT TECHNOLOGY\",\"url\":\"http:\\\/\\\/escort-technology.com\\\/de\\\/\",\"logo\":{\"@type\":\"ImageObject\",\"inLanguage\":\"pl-PL\",\"@id\":\"http:\\\/\\\/escort-technology.com\\\/de\\\/#\\\/schema\\\/logo\\\/image\\\/\",\"url\":\"https:\\\/\\\/escort-technology.com\\\/wp-content\\\/uploads\\\/logo-1.jpg\",\"contentUrl\":\"https:\\\/\\\/escort-technology.com\\\/wp-content\\\/uploads\\\/logo-1.jpg\",\"width\":600,\"height\":165,\"caption\":\"ESCORT TECHNOLOGY\"},\"image\":{\"@id\":\"http:\\\/\\\/escort-technology.com\\\/de\\\/#\\\/schema\\\/logo\\\/image\\\/\"},\"sameAs\":[\"https:\\\/\\\/www.facebook.com\\\/elektronika.morska\\\/\",\"https:\\\/\\\/www.linkedin.com\\\/company\\\/escort-sp-z-o-o-\\\/\"]}]}<\/script>\n<!-- \/ Yoast SEO plugin. -->","yoast_head_json":{"title":"Podwodna sonda do pomiaru temperatury OceanTools C-Temp - ESCORT TECHNOLOGY","robots":{"index":"index","follow":"follow","max-snippet":"max-snippet:-1","max-image-preview":"max-image-preview:large","max-video-preview":"max-video-preview:-1"},"canonical":"https:\/\/escort-technology.com\/pl\/podwodna-sonda-do-pomiaru-temperatury-oceantools-c-temp\/","og_locale":"pl_PL","og_type":"article","og_title":"Podwodna sonda do pomiaru temperatury OceanTools C-Temp - ESCORT TECHNOLOGY","og_description":"Podwodna sonda do pomiaru temperatury OceanTools C-Temp Zakres pomiarowy od 0 do 50\u00b0C Dok\u0142adno\u015b\u0107 0,1\u00b0C G\u0142\u0119boko\u015b\u0107 3000m Wyj\u015bcie danych szeregowych RS232 Karta katalogowa Sonda temperatury C-Temp firmy OceanTools jest kompaktowym i prostym w u\u017cyciu systemem pomiarowym o dok\u0142adno\u015bci 0,1\u00b0C. Szeroki zakres napi\u0119cia roboczego, dopuszczalna g\u0142\u0119boko\u015b\u0107 3000 m oraz proste wyj\u015bcie danych RS232 u\u0142atwiaj\u0105 wsp\u00f3\u0142prac\u0119 z [&hellip;]","og_url":"https:\/\/escort-technology.com\/pl\/podwodna-sonda-do-pomiaru-temperatury-oceantools-c-temp\/","og_site_name":"ESCORT TECHNOLOGY","article_publisher":"https:\/\/www.facebook.com\/elektronika.morska\/","article_modified_time":"2021-12-28T13:46:15+00:00","og_image":[{"url":"https:\/\/escort-technology.com\/wp-content\/uploads\/2021\/12\/C-Temp-Temperature-Probe.jpg","type":"","width":"","height":""}],"twitter_card":"summary_large_image","schema":{"@context":"https:\/\/schema.org","@graph":[{"@type":"WebPage","@id":"https:\/\/escort-technology.com\/podwodna-sonda-do-pomiaru-temperatury-oceantools-c-temp\/","url":"https:\/\/escort-technology.com\/podwodna-sonda-do-pomiaru-temperatury-oceantools-c-temp\/","name":"Podwodna sonda do pomiaru temperatury OceanTools C-Temp - ESCORT TECHNOLOGY","isPartOf":{"@id":"http:\/\/escort-technology.com\/de\/#website"},"datePublished":"2021-12-28T13:39:56+00:00","dateModified":"2021-12-28T13:46:15+00:00","breadcrumb":{"@id":"https:\/\/escort-technology.com\/podwodna-sonda-do-pomiaru-temperatury-oceantools-c-temp\/#breadcrumb"},"inLanguage":"pl-PL","potentialAction":[{"@type":"ReadAction","target":["https:\/\/escort-technology.com\/podwodna-sonda-do-pomiaru-temperatury-oceantools-c-temp\/"]}]},{"@type":"BreadcrumbList","@id":"https:\/\/escort-technology.com\/podwodna-sonda-do-pomiaru-temperatury-oceantools-c-temp\/#breadcrumb","itemListElement":[{"@type":"ListItem","position":1,"name":"Strona g\u0142\u00f3wna","item":"https:\/\/escort-technology.com\/"},{"@type":"ListItem","position":2,"name":"Podwodna sonda do pomiaru temperatury OceanTools C-Temp"}]},{"@type":"WebSite","@id":"http:\/\/escort-technology.com\/de\/#website","url":"http:\/\/escort-technology.com\/de\/","name":"ESCORT TECHNOLOGY","description":"Elektronika morska i l\u0105dowa","publisher":{"@id":"http:\/\/escort-technology.com\/de\/#organization"},"potentialAction":[{"@type":"SearchAction","target":{"@type":"EntryPoint","urlTemplate":"http:\/\/escort-technology.com\/de\/?s={search_term_string}"},"query-input":{"@type":"PropertyValueSpecification","valueRequired":true,"valueName":"search_term_string"}}],"inLanguage":"pl-PL"},{"@type":"Organization","@id":"http:\/\/escort-technology.com\/de\/#organization","name":"ESCORT TECHNOLOGY","url":"http:\/\/escort-technology.com\/de\/","logo":{"@type":"ImageObject","inLanguage":"pl-PL","@id":"http:\/\/escort-technology.com\/de\/#\/schema\/logo\/image\/","url":"https:\/\/escort-technology.com\/wp-content\/uploads\/logo-1.jpg","contentUrl":"https:\/\/escort-technology.com\/wp-content\/uploads\/logo-1.jpg","width":600,"height":165,"caption":"ESCORT TECHNOLOGY"},"image":{"@id":"http:\/\/escort-technology.com\/de\/#\/schema\/logo\/image\/"},"sameAs":["https:\/\/www.facebook.com\/elektronika.morska\/","https:\/\/www.linkedin.com\/company\/escort-sp-z-o-o-\/"]}]}},"_links":{"self":[{"href":"https:\/\/escort-technology.com\/pl\/wp-json\/wp\/v2\/pages\/11001","targetHints":{"allow":["GET"]}}],"collection":[{"href":"https:\/\/escort-technology.com\/pl\/wp-json\/wp\/v2\/pages"}],"about":[{"href":"https:\/\/escort-technology.com\/pl\/wp-json\/wp\/v2\/types\/page"}],"author":[{"embeddable":true,"href":"https:\/\/escort-technology.com\/pl\/wp-json\/wp\/v2\/users\/10"}],"replies":[{"embeddable":true,"href":"https:\/\/escort-technology.com\/pl\/wp-json\/wp\/v2\/comments?post=11001"}],"version-history":[{"count":11,"href":"https:\/\/escort-technology.com\/pl\/wp-json\/wp\/v2\/pages\/11001\/revisions"}],"predecessor-version":[{"id":11014,"href":"https:\/\/escort-technology.com\/pl\/wp-json\/wp\/v2\/pages\/11001\/revisions\/11014"}],"wp:attachment":[{"href":"https:\/\/escort-technology.com\/pl\/wp-json\/wp\/v2\/media?parent=11001"}],"curies":[{"name":"wp","href":"https:\/\/api.w.org\/{rel}","templated":true}]}}