{"id":11015,"date":"2021-12-28T14:51:26","date_gmt":"2021-12-28T13:51:26","guid":{"rendered":"https:\/\/escort-technology.com\/?page_id=11015"},"modified":"2021-12-28T14:56:08","modified_gmt":"2021-12-28T13:56:08","slug":"kompaktowy-zyrokompas-swiatlowodowy-oceantools-c-fog","status":"publish","type":"page","link":"https:\/\/escort-technology.com\/pl\/kompaktowy-zyrokompas-swiatlowodowy-oceantools-c-fog\/","title":{"rendered":"Kompaktowy \u017cyrokompas \u015bwiat\u0142owodowy OceanTools C-FOG"},"content":{"rendered":"<h1>\n<h1 class=\"uk-article-title\">Kompaktowy \u017cyrokompas \u015bwiat\u0142owodowy OceanTools C-FOG<\/h1>\n<\/h1>\n<hr>\n<div>\n<ul>\n<li>Wy\u015bwietlanie informacji o kursie, nachyleniu, przechyle i pr\u0119dko\u015bci.<\/li>\n<li>Szybki czas uruchomienia<\/li>\n<li>Wyj\u015bcia szeregowe RS232 i RS485<\/li>\n<li>Standardowe g\u0142\u0119boko\u015bci znamionowe od 500 m do 3000 m<\/li>\n<li>Nigdy nie wymaga ponownej kalibracji<\/li>\n<\/ul>\n<\/div>\n<p><img decoding=\"async\" src=\"\/wp-content\/uploads\/2021\/12\/C-FOG-Fiber-Optic-Gyro.jpg\" alt=\"\"><\/p>\n<p>\n    <a href=\"http:\/\/data.oceantools.co.uk\/Datasheets\/C-FOG-Compact-Fibre-Optic-Gyrocompass.pdf\">Karta katalogowa<\/a>\n<\/p>\n<div>\n<p>C-FOG to ultrakompaktowy i ekonomiczny podwodny \u015bwiat\u0142owodowy \u017cyrokompas pomiarowy (FOG) o dok\u0142adno\u015bci wyznaczania kursu do 0,35\u00b0 (w zale\u017cno\u015bci od szeroko\u015bci geograficznej) oraz dok\u0142adno\u015bci\u00a0 przechy\u0142u do 0,05\u00b0. C-FOG nadaje si\u0119 do wielu r\u00f3\u017cnych zastosowa\u0144 podwodnych i powierzchniowych, w tym do pomiar\u00f3w podwodnych oraz orientacji pojazd\u00f3w ROV i AUV. Jednoczesne podw\u00f3jne wyj\u015bcia szeregowe zapewniaj\u0105 kompatybilno\u015b\u0107 z systemem OceanFOG oraz systemami innych firm.<\/p>\n<\/div>\n<p><!--more--><br \/>\n<!-- {\"type\":\"layout\",\"children\":[{\"type\":\"section\",\"props\":{\"style\":\"default\",\"width\":\"default\",\"vertical_align\":\"middle\",\"title_position\":\"top-left\",\"title_rotation\":\"left\",\"title_breakpoint\":\"xl\",\"image_position\":\"center-center\"},\"children\":[{\"type\":\"row\",\"children\":[{\"type\":\"column\",\"props\":{\"image_position\":\"center-center\",\"media_overlay_gradient\":\"\"},\"children\":[{\"type\":\"headline\",\"props\":{\"title_element\":\"h1\",\"content\":\"\n\n<h1 class=\\\"uk-article-title\\\">Kompaktowy \\u017cyrokompas \\u015bwiat\\u0142owodowy OceanTools C-FOG<\\\/h1>\"}},{\"type\":\"divider\",\"props\":{\"divider_element\":\"hr\"}}]}]}]},{\"type\":\"section\",\"props\":{\"style\":\"default\",\"width\":\"default\",\"vertical_align\":\"middle\",\"title_position\":\"top-left\",\"title_rotation\":\"left\",\"title_breakpoint\":\"xl\",\"image_position\":\"center-center\"},\"children\":[{\"type\":\"row\",\"props\":{\"layout\":\"1-2,1-2\"},\"children\":[{\"type\":\"column\",\"props\":{\"image_position\":\"center-center\",\"media_overlay_gradient\":\"\",\"width_medium\":\"1-2\"},\"children\":[{\"type\":\"text\",\"props\":{\"margin\":\"default\",\"column_breakpoint\":\"m\",\"content\":\"\n\n<ul>\\n\n\n<li>Wy\\u015bwietlanie informacji o kursie, nachyleniu, przechyle i pr\\u0119dko\\u015bci.<\\\/li>\\n\n\n<li>Szybki czas uruchomienia<\\\/li>\\n\n\n<li>Wyj\\u015bcia szeregowe RS232 i RS485<\\\/li>\\n\n\n<li>Standardowe g\\u0142\\u0119boko\\u015bci znamionowe od 500 m do 3000 m<\\\/li>\\n\n\n<li>Nigdy nie wymaga ponownej kalibracji<\\\/li>\\n<\\\/ul>\"}}]},{\"type\":\"column\",\"props\":{\"image_position\":\"center-center\",\"media_overlay_gradient\":\"\",\"width_medium\":\"1-2\"},\"children\":[{\"type\":\"image\",\"props\":{\"margin\":\"default\",\"image_svg_color\":\"emphasis\",\"image\":\"wp-content\\\/uploads\\\/2021\\\/12\\\/C-FOG-Fiber-Optic-Gyro.jpg\"}},{\"type\":\"button\",\"props\":{\"grid_column_gap\":\"small\",\"grid_row_gap\":\"small\",\"margin\":\"default\",\"text_align\":\"center\"},\"children\":[{\"type\":\"button_item\",\"props\":{\"button_style\":\"default\",\"icon_align\":\"left\",\"content\":\"Karta katalogowa\",\"link\":\"http:\\\/\\\/data.oceantools.co.uk\\\/Datasheets\\\/C-FOG-Compact-Fibre-Optic-Gyrocompass.pdf\"}}]}]}]}]},{\"type\":\"section\",\"props\":{\"style\":\"default\",\"width\":\"default\",\"vertical_align\":\"middle\",\"title_position\":\"top-left\",\"title_rotation\":\"left\",\"title_breakpoint\":\"xl\",\"image_position\":\"center-center\"},\"children\":[{\"type\":\"row\",\"children\":[{\"type\":\"column\",\"props\":{\"image_position\":\"center-center\",\"media_overlay_gradient\":\"\"},\"children\":[{\"type\":\"text\",\"props\":{\"margin\":\"default\",\"column_breakpoint\":\"m\",\"content\":\"\n\n<p>C-FOG to ultrakompaktowy i ekonomiczny podwodny \\u015bwiat\\u0142owodowy \\u017cyrokompas pomiarowy (FOG) o dok\\u0142adno\\u015bci wyznaczania kursu do 0,35\\u00b0 (w zale\\u017cno\\u015bci od szeroko\\u015bci geograficznej) oraz dok\\u0142adno\\u015bci\\u00a0 przechy\\u0142u do 0,05\\u00b0. C-FOG nadaje si\\u0119 do wielu r\\u00f3\\u017cnych zastosowa\\u0144 podwodnych i powierzchniowych, w tym do pomiar\\u00f3w podwodnych oraz orientacji pojazd\\u00f3w ROV i AUV. Jednoczesne podw\\u00f3jne wyj\\u015bcia szeregowe zapewniaj\\u0105 kompatybilno\\u015b\\u0107 z systemem OceanFOG oraz systemami innych firm.<\\\/p>\"}}]}]}]}],\"version\":\"2.6.7\"} --><\/p>\n","protected":false},"excerpt":{"rendered":"<p>Kompaktowy \u017cyrokompas \u015bwiat\u0142owodowy OceanTools C-FOG Wy\u015bwietlanie informacji o kursie, nachyleniu, przechyle i pr\u0119dko\u015bci. Szybki czas uruchomienia Wyj\u015bcia szeregowe RS232 i RS485 Standardowe g\u0142\u0119boko\u015bci znamionowe od 500 m do 3000 m Nigdy nie wymaga ponownej kalibracji Karta katalogowa C-FOG to ultrakompaktowy i ekonomiczny podwodny \u015bwiat\u0142owodowy \u017cyrokompas pomiarowy (FOG) o dok\u0142adno\u015bci wyznaczania kursu do 0,35\u00b0 (w zale\u017cno\u015bci [&hellip;]<\/p>\n","protected":false},"author":10,"featured_media":0,"parent":0,"menu_order":0,"comment_status":"closed","ping_status":"closed","template":"","meta":{"footnotes":""},"class_list":["post-11015","page","type-page","status-publish","hentry"],"yoast_head":"<!-- This site is optimized with the Yoast SEO plugin v27.5 - https:\/\/yoast.com\/product\/yoast-seo-wordpress\/ -->\n<title>Kompaktowy \u017cyrokompas \u015bwiat\u0142owodowy OceanTools C-FOG - ESCORT TECHNOLOGY<\/title>\n<meta name=\"robots\" content=\"index, follow, max-snippet:-1, max-image-preview:large, max-video-preview:-1\" \/>\n<link rel=\"canonical\" href=\"https:\/\/escort-technology.com\/pl\/kompaktowy-zyrokompas-swiatlowodowy-oceantools-c-fog\/\" \/>\n<meta property=\"og:locale\" content=\"pl_PL\" \/>\n<meta property=\"og:type\" content=\"article\" \/>\n<meta property=\"og:title\" content=\"Kompaktowy \u017cyrokompas \u015bwiat\u0142owodowy OceanTools C-FOG - ESCORT TECHNOLOGY\" \/>\n<meta property=\"og:description\" content=\"Kompaktowy \u017cyrokompas \u015bwiat\u0142owodowy OceanTools C-FOG Wy\u015bwietlanie informacji o kursie, nachyleniu, przechyle i pr\u0119dko\u015bci. Szybki czas uruchomienia Wyj\u015bcia szeregowe RS232 i RS485 Standardowe g\u0142\u0119boko\u015bci znamionowe od 500 m do 3000 m Nigdy nie wymaga ponownej kalibracji Karta katalogowa C-FOG to ultrakompaktowy i ekonomiczny podwodny \u015bwiat\u0142owodowy \u017cyrokompas pomiarowy (FOG) o dok\u0142adno\u015bci wyznaczania kursu do 0,35\u00b0 (w zale\u017cno\u015bci [&hellip;]\" \/>\n<meta property=\"og:url\" content=\"https:\/\/escort-technology.com\/pl\/kompaktowy-zyrokompas-swiatlowodowy-oceantools-c-fog\/\" \/>\n<meta property=\"og:site_name\" content=\"ESCORT TECHNOLOGY\" \/>\n<meta property=\"article:publisher\" content=\"https:\/\/www.facebook.com\/elektronika.morska\/\" \/>\n<meta property=\"article:modified_time\" content=\"2021-12-28T13:56:08+00:00\" \/>\n<meta property=\"og:image\" content=\"https:\/\/escort-technology.com\/wp-content\/uploads\/2021\/12\/C-FOG-Fiber-Optic-Gyro.jpg\" \/>\n<meta name=\"twitter:card\" content=\"summary_large_image\" \/>\n<meta name=\"twitter:label1\" content=\"Szacowany czas czytania\" \/>\n\t<meta name=\"twitter:data1\" content=\"1 minuta\" \/>\n<script type=\"application\/ld+json\" class=\"yoast-schema-graph\">{\"@context\":\"https:\\\/\\\/schema.org\",\"@graph\":[{\"@type\":\"WebPage\",\"@id\":\"https:\\\/\\\/escort-technology.com\\\/kompaktowy-zyrokompas-swiatlowodowy-oceantools-c-fog\\\/\",\"url\":\"https:\\\/\\\/escort-technology.com\\\/kompaktowy-zyrokompas-swiatlowodowy-oceantools-c-fog\\\/\",\"name\":\"Kompaktowy \u017cyrokompas \u015bwiat\u0142owodowy OceanTools C-FOG - ESCORT TECHNOLOGY\",\"isPartOf\":{\"@id\":\"http:\\\/\\\/escort-technology.com\\\/de\\\/#website\"},\"datePublished\":\"2021-12-28T13:51:26+00:00\",\"dateModified\":\"2021-12-28T13:56:08+00:00\",\"breadcrumb\":{\"@id\":\"https:\\\/\\\/escort-technology.com\\\/kompaktowy-zyrokompas-swiatlowodowy-oceantools-c-fog\\\/#breadcrumb\"},\"inLanguage\":\"pl-PL\",\"potentialAction\":[{\"@type\":\"ReadAction\",\"target\":[\"https:\\\/\\\/escort-technology.com\\\/kompaktowy-zyrokompas-swiatlowodowy-oceantools-c-fog\\\/\"]}]},{\"@type\":\"BreadcrumbList\",\"@id\":\"https:\\\/\\\/escort-technology.com\\\/kompaktowy-zyrokompas-swiatlowodowy-oceantools-c-fog\\\/#breadcrumb\",\"itemListElement\":[{\"@type\":\"ListItem\",\"position\":1,\"name\":\"Strona g\u0142\u00f3wna\",\"item\":\"https:\\\/\\\/escort-technology.com\\\/\"},{\"@type\":\"ListItem\",\"position\":2,\"name\":\"Kompaktowy \u017cyrokompas \u015bwiat\u0142owodowy OceanTools C-FOG\"}]},{\"@type\":\"WebSite\",\"@id\":\"http:\\\/\\\/escort-technology.com\\\/de\\\/#website\",\"url\":\"http:\\\/\\\/escort-technology.com\\\/de\\\/\",\"name\":\"ESCORT TECHNOLOGY\",\"description\":\"Elektronika morska i l\u0105dowa\",\"publisher\":{\"@id\":\"http:\\\/\\\/escort-technology.com\\\/de\\\/#organization\"},\"potentialAction\":[{\"@type\":\"SearchAction\",\"target\":{\"@type\":\"EntryPoint\",\"urlTemplate\":\"http:\\\/\\\/escort-technology.com\\\/de\\\/?s={search_term_string}\"},\"query-input\":{\"@type\":\"PropertyValueSpecification\",\"valueRequired\":true,\"valueName\":\"search_term_string\"}}],\"inLanguage\":\"pl-PL\"},{\"@type\":\"Organization\",\"@id\":\"http:\\\/\\\/escort-technology.com\\\/de\\\/#organization\",\"name\":\"ESCORT TECHNOLOGY\",\"url\":\"http:\\\/\\\/escort-technology.com\\\/de\\\/\",\"logo\":{\"@type\":\"ImageObject\",\"inLanguage\":\"pl-PL\",\"@id\":\"http:\\\/\\\/escort-technology.com\\\/de\\\/#\\\/schema\\\/logo\\\/image\\\/\",\"url\":\"https:\\\/\\\/escort-technology.com\\\/wp-content\\\/uploads\\\/logo-1.jpg\",\"contentUrl\":\"https:\\\/\\\/escort-technology.com\\\/wp-content\\\/uploads\\\/logo-1.jpg\",\"width\":600,\"height\":165,\"caption\":\"ESCORT TECHNOLOGY\"},\"image\":{\"@id\":\"http:\\\/\\\/escort-technology.com\\\/de\\\/#\\\/schema\\\/logo\\\/image\\\/\"},\"sameAs\":[\"https:\\\/\\\/www.facebook.com\\\/elektronika.morska\\\/\",\"https:\\\/\\\/www.linkedin.com\\\/company\\\/escort-sp-z-o-o-\\\/\"]}]}<\/script>\n<!-- \/ Yoast SEO plugin. -->","yoast_head_json":{"title":"Kompaktowy \u017cyrokompas \u015bwiat\u0142owodowy OceanTools C-FOG - ESCORT TECHNOLOGY","robots":{"index":"index","follow":"follow","max-snippet":"max-snippet:-1","max-image-preview":"max-image-preview:large","max-video-preview":"max-video-preview:-1"},"canonical":"https:\/\/escort-technology.com\/pl\/kompaktowy-zyrokompas-swiatlowodowy-oceantools-c-fog\/","og_locale":"pl_PL","og_type":"article","og_title":"Kompaktowy \u017cyrokompas \u015bwiat\u0142owodowy OceanTools C-FOG - ESCORT TECHNOLOGY","og_description":"Kompaktowy \u017cyrokompas \u015bwiat\u0142owodowy OceanTools C-FOG Wy\u015bwietlanie informacji o kursie, nachyleniu, przechyle i pr\u0119dko\u015bci. Szybki czas uruchomienia Wyj\u015bcia szeregowe RS232 i RS485 Standardowe g\u0142\u0119boko\u015bci znamionowe od 500 m do 3000 m Nigdy nie wymaga ponownej kalibracji Karta katalogowa C-FOG to ultrakompaktowy i ekonomiczny podwodny \u015bwiat\u0142owodowy \u017cyrokompas pomiarowy (FOG) o dok\u0142adno\u015bci wyznaczania kursu do 0,35\u00b0 (w zale\u017cno\u015bci [&hellip;]","og_url":"https:\/\/escort-technology.com\/pl\/kompaktowy-zyrokompas-swiatlowodowy-oceantools-c-fog\/","og_site_name":"ESCORT TECHNOLOGY","article_publisher":"https:\/\/www.facebook.com\/elektronika.morska\/","article_modified_time":"2021-12-28T13:56:08+00:00","og_image":[{"url":"https:\/\/escort-technology.com\/wp-content\/uploads\/2021\/12\/C-FOG-Fiber-Optic-Gyro.jpg","type":"","width":"","height":""}],"twitter_card":"summary_large_image","twitter_misc":{"Szacowany czas czytania":"1 minuta"},"schema":{"@context":"https:\/\/schema.org","@graph":[{"@type":"WebPage","@id":"https:\/\/escort-technology.com\/kompaktowy-zyrokompas-swiatlowodowy-oceantools-c-fog\/","url":"https:\/\/escort-technology.com\/kompaktowy-zyrokompas-swiatlowodowy-oceantools-c-fog\/","name":"Kompaktowy \u017cyrokompas \u015bwiat\u0142owodowy OceanTools C-FOG - ESCORT TECHNOLOGY","isPartOf":{"@id":"http:\/\/escort-technology.com\/de\/#website"},"datePublished":"2021-12-28T13:51:26+00:00","dateModified":"2021-12-28T13:56:08+00:00","breadcrumb":{"@id":"https:\/\/escort-technology.com\/kompaktowy-zyrokompas-swiatlowodowy-oceantools-c-fog\/#breadcrumb"},"inLanguage":"pl-PL","potentialAction":[{"@type":"ReadAction","target":["https:\/\/escort-technology.com\/kompaktowy-zyrokompas-swiatlowodowy-oceantools-c-fog\/"]}]},{"@type":"BreadcrumbList","@id":"https:\/\/escort-technology.com\/kompaktowy-zyrokompas-swiatlowodowy-oceantools-c-fog\/#breadcrumb","itemListElement":[{"@type":"ListItem","position":1,"name":"Strona g\u0142\u00f3wna","item":"https:\/\/escort-technology.com\/"},{"@type":"ListItem","position":2,"name":"Kompaktowy \u017cyrokompas \u015bwiat\u0142owodowy OceanTools C-FOG"}]},{"@type":"WebSite","@id":"http:\/\/escort-technology.com\/de\/#website","url":"http:\/\/escort-technology.com\/de\/","name":"ESCORT TECHNOLOGY","description":"Elektronika morska i l\u0105dowa","publisher":{"@id":"http:\/\/escort-technology.com\/de\/#organization"},"potentialAction":[{"@type":"SearchAction","target":{"@type":"EntryPoint","urlTemplate":"http:\/\/escort-technology.com\/de\/?s={search_term_string}"},"query-input":{"@type":"PropertyValueSpecification","valueRequired":true,"valueName":"search_term_string"}}],"inLanguage":"pl-PL"},{"@type":"Organization","@id":"http:\/\/escort-technology.com\/de\/#organization","name":"ESCORT TECHNOLOGY","url":"http:\/\/escort-technology.com\/de\/","logo":{"@type":"ImageObject","inLanguage":"pl-PL","@id":"http:\/\/escort-technology.com\/de\/#\/schema\/logo\/image\/","url":"https:\/\/escort-technology.com\/wp-content\/uploads\/logo-1.jpg","contentUrl":"https:\/\/escort-technology.com\/wp-content\/uploads\/logo-1.jpg","width":600,"height":165,"caption":"ESCORT TECHNOLOGY"},"image":{"@id":"http:\/\/escort-technology.com\/de\/#\/schema\/logo\/image\/"},"sameAs":["https:\/\/www.facebook.com\/elektronika.morska\/","https:\/\/www.linkedin.com\/company\/escort-sp-z-o-o-\/"]}]}},"_links":{"self":[{"href":"https:\/\/escort-technology.com\/pl\/wp-json\/wp\/v2\/pages\/11015","targetHints":{"allow":["GET"]}}],"collection":[{"href":"https:\/\/escort-technology.com\/pl\/wp-json\/wp\/v2\/pages"}],"about":[{"href":"https:\/\/escort-technology.com\/pl\/wp-json\/wp\/v2\/types\/page"}],"author":[{"embeddable":true,"href":"https:\/\/escort-technology.com\/pl\/wp-json\/wp\/v2\/users\/10"}],"replies":[{"embeddable":true,"href":"https:\/\/escort-technology.com\/pl\/wp-json\/wp\/v2\/comments?post=11015"}],"version-history":[{"count":8,"href":"https:\/\/escort-technology.com\/pl\/wp-json\/wp\/v2\/pages\/11015\/revisions"}],"predecessor-version":[{"id":11025,"href":"https:\/\/escort-technology.com\/pl\/wp-json\/wp\/v2\/pages\/11015\/revisions\/11025"}],"wp:attachment":[{"href":"https:\/\/escort-technology.com\/pl\/wp-json\/wp\/v2\/media?parent=11015"}],"curies":[{"name":"wp","href":"https:\/\/api.w.org\/{rel}","templated":true}]}}