{"id":11054,"date":"2021-12-30T09:17:55","date_gmt":"2021-12-30T08:17:55","guid":{"rendered":"https:\/\/escort-technology.com\/?page_id=11054"},"modified":"2021-12-30T09:24:56","modified_gmt":"2021-12-30T08:24:56","slug":"podwodny-wylacznik-zasilania-oceantools-c-switch","status":"publish","type":"page","link":"https:\/\/escort-technology.com\/pl\/podwodny-wylacznik-zasilania-oceantools-c-switch\/","title":{"rendered":"Podwodny wy\u0142\u0105cznik zasilania OceanTools C-Switch"},"content":{"rendered":"<h1>\n<h1 class=\"uk-article-title\">Podwodny wy\u0142\u0105cznik zasilania OceanTools C-Switch<\/h1>\n<\/h1>\n<hr>\n<div>\n<ul>\n<li>Zaprojektowane do pracy w trudnych warunkach podwodnych<\/li>\n<li>Standardowo na g\u0142\u0119boko\u015bci 7000 m<\/li>\n<li>Pozytywne detale w pozycjach wy\u0142\u0105czonej i w\u0142\u0105czonej<\/li>\n<li>3 pinowe z\u0142\u0105cze impulsowe<\/li>\n<\/ul>\n<\/div>\n<p>\n    <a href=\"http:\/\/data.oceantools.co.uk\/Datasheets\/C-Switch-Underwater-Switch.pdf\">karta katalogowa <\/a>\n<\/p>\n<p><img decoding=\"async\" src=\"\/wp-content\/uploads\/2021\/12\/C-Switch-Underwater-Switch.jpg\" alt=\"\"><\/p>\n<div>\n<p>C-Switch jest wytrzyma\u0142\u0105 i niezawodn\u0105 gam\u0105 prze\u0142\u0105cznik\u00f3w podwodnych obs\u0142ugiwanych przez ROV lub nurk\u00f3w, wykonanych z nylonu i stali nierdzewnej i zaprojektowanych dla maksymalnej trwa\u0142o\u015bci w trudnych warunkach podwodnych. Prze\u0142\u0105cznik C-Switch wykorzystuje bezdotykow\u0105 metod\u0119 prze\u0142\u0105czania, aby umo\u017cliwi\u0107 prze\u0142\u0105czanie do 4A przy 24VDC lub 120VAC, i posiada po\u0142\u0105czenia normalnie otwarte, normalnie zamkni\u0119te i wsp\u00f3lne. Mechanizm obrotowy mo\u017ce by\u0107 obs\u0142ugiwany przez dowolny manipulator ROV lub r\u0119k\u0119 nurka, z maksymalnym momentem obrotowym 50Nm.\u00a0<\/p>\n<p>Dost\u0119pne s\u0105 r\u00f3wnie\u017c kompaktowe warianty Mini i Micro z mniejsz\u0105 d\u017awigni\u0105 lub pokr\u0119t\u0142em obrotowym.<\/p>\n<\/div>\n<p><img decoding=\"async\" src=\"\/wp-content\/uploads\/2021\/12\/C-Switch-Micro.jpg\" alt=\"\"><br \/>\n<img decoding=\"async\" src=\"\/wp-content\/uploads\/2021\/12\/C-Switch-Mini.jpg\" alt=\"\"><\/p>\n<p><!--more--><br \/>\n<!-- {\"type\":\"layout\",\"children\":[{\"type\":\"section\",\"props\":{\"style\":\"default\",\"width\":\"default\",\"vertical_align\":\"middle\",\"title_position\":\"top-left\",\"title_rotation\":\"left\",\"title_breakpoint\":\"xl\",\"image_position\":\"center-center\"},\"children\":[{\"type\":\"row\",\"children\":[{\"type\":\"column\",\"props\":{\"image_position\":\"center-center\",\"media_overlay_gradient\":\"\"},\"children\":[{\"type\":\"headline\",\"props\":{\"title_element\":\"h1\",\"content\":\"\n\n<h1 class=\\\"uk-article-title\\\">Podwodny wy\\u0142\\u0105cznik zasilania OceanTools C-Switch<\\\/h1>\"}},{\"type\":\"divider\",\"props\":{\"divider_element\":\"hr\"}}]}]}]},{\"type\":\"section\",\"props\":{\"style\":\"default\",\"width\":\"default\",\"vertical_align\":\"middle\",\"title_position\":\"top-left\",\"title_rotation\":\"left\",\"title_breakpoint\":\"xl\",\"image_position\":\"center-center\"},\"children\":[{\"type\":\"row\",\"props\":{\"layout\":\"1-2,1-2\"},\"children\":[{\"type\":\"column\",\"props\":{\"image_position\":\"center-center\",\"media_overlay_gradient\":\"\",\"width_medium\":\"1-2\"},\"children\":[{\"type\":\"text\",\"props\":{\"margin\":\"default\",\"column_breakpoint\":\"m\",\"content\":\"\n\n<ul>\\n\n\n<li>Zaprojektowane do pracy w trudnych warunkach podwodnych<\\\/li>\\n\n\n<li>Standardowo na g\\u0142\\u0119boko\\u015bci 7000 m<\\\/li>\\n\n\n<li>Pozytywne detale w pozycjach wy\\u0142\\u0105czonej i w\\u0142\\u0105czonej<\\\/li>\\n\n\n<li>3 pinowe z\\u0142\\u0105cze impulsowe<\\\/li>\\n<\\\/ul>\"}},{\"type\":\"button\",\"props\":{\"grid_column_gap\":\"small\",\"grid_row_gap\":\"small\",\"margin\":\"default\",\"text_align\":\"center\"},\"children\":[{\"type\":\"button_item\",\"props\":{\"button_style\":\"default\",\"icon_align\":\"left\",\"content\":\"karta katalogowa \",\"link\":\"http:\\\/\\\/data.oceantools.co.uk\\\/Datasheets\\\/C-Switch-Underwater-Switch.pdf\"}}]}]},{\"type\":\"column\",\"props\":{\"image_position\":\"center-center\",\"media_overlay_gradient\":\"\",\"width_medium\":\"1-2\"},\"children\":[{\"type\":\"image\",\"props\":{\"margin\":\"default\",\"image_svg_color\":\"emphasis\",\"image\":\"wp-content\\\/uploads\\\/2021\\\/12\\\/C-Switch-Underwater-Switch.jpg\"}}]}]}]},{\"type\":\"section\",\"props\":{\"style\":\"default\",\"width\":\"default\",\"vertical_align\":\"middle\",\"title_position\":\"top-left\",\"title_rotation\":\"left\",\"title_breakpoint\":\"xl\",\"image_position\":\"center-center\"},\"children\":[{\"type\":\"row\",\"children\":[{\"type\":\"column\",\"props\":{\"image_position\":\"center-center\",\"media_overlay_gradient\":\"\"},\"children\":[{\"type\":\"text\",\"props\":{\"margin\":\"default\",\"column_breakpoint\":\"m\",\"content\":\"\n\n<p>C-Switch jest wytrzyma\\u0142\\u0105 i niezawodn\\u0105 gam\\u0105 prze\\u0142\\u0105cznik\\u00f3w podwodnych obs\\u0142ugiwanych przez ROV lub nurk\\u00f3w, wykonanych z nylonu i stali nierdzewnej i zaprojektowanych dla maksymalnej trwa\\u0142o\\u015bci w trudnych warunkach podwodnych. Prze\\u0142\\u0105cznik C-Switch wykorzystuje bezdotykow\\u0105 metod\\u0119 prze\\u0142\\u0105czania, aby umo\\u017cliwi\\u0107 prze\\u0142\\u0105czanie do 4A przy 24VDC lub 120VAC, i posiada po\\u0142\\u0105czenia normalnie otwarte, normalnie zamkni\\u0119te i wsp\\u00f3lne. Mechanizm obrotowy mo\\u017ce by\\u0107 obs\\u0142ugiwany przez dowolny manipulator ROV lub r\\u0119k\\u0119 nurka, z maksymalnym momentem obrotowym 50Nm.\\u00a0<\\\/p>\\n\n\n<p>Dost\\u0119pne s\\u0105 r\\u00f3wnie\\u017c kompaktowe warianty Mini i Micro z mniejsz\\u0105 d\\u017awigni\\u0105 lub pokr\\u0119t\\u0142em obrotowym.<\\\/p>\"}}]}]}]},{\"type\":\"section\",\"props\":{\"style\":\"default\",\"width\":\"default\",\"vertical_align\":\"middle\",\"title_position\":\"top-left\",\"title_rotation\":\"left\",\"title_breakpoint\":\"xl\",\"image_position\":\"center-center\"},\"children\":[{\"type\":\"row\",\"props\":{\"layout\":\"1-2,1-2\"},\"children\":[{\"type\":\"column\",\"props\":{\"image_position\":\"center-center\",\"media_overlay_gradient\":\"\",\"width_medium\":\"1-2\"},\"children\":[{\"type\":\"image\",\"props\":{\"margin\":\"default\",\"image_svg_color\":\"emphasis\",\"image\":\"wp-content\\\/uploads\\\/2021\\\/12\\\/C-Switch-Micro.jpg\"}}]},{\"type\":\"column\",\"props\":{\"image_position\":\"center-center\",\"media_overlay_gradient\":\"\",\"width_medium\":\"1-2\"},\"children\":[{\"type\":\"image\",\"props\":{\"margin\":\"default\",\"image_svg_color\":\"emphasis\",\"image\":\"wp-content\\\/uploads\\\/2021\\\/12\\\/C-Switch-Mini.jpg\"}}]}]}]}],\"version\":\"2.6.7\"} --><\/p>\n","protected":false},"excerpt":{"rendered":"<p>Podwodny wy\u0142\u0105cznik zasilania OceanTools C-Switch Zaprojektowane do pracy w trudnych warunkach podwodnych Standardowo na g\u0142\u0119boko\u015bci 7000 m Pozytywne detale w pozycjach wy\u0142\u0105czonej i w\u0142\u0105czonej 3 pinowe z\u0142\u0105cze impulsowe karta katalogowa C-Switch jest wytrzyma\u0142\u0105 i niezawodn\u0105 gam\u0105 prze\u0142\u0105cznik\u00f3w podwodnych obs\u0142ugiwanych przez ROV lub nurk\u00f3w, wykonanych z nylonu i stali nierdzewnej i zaprojektowanych dla maksymalnej trwa\u0142o\u015bci w [&hellip;]<\/p>\n","protected":false},"author":10,"featured_media":0,"parent":0,"menu_order":0,"comment_status":"closed","ping_status":"closed","template":"","meta":{"footnotes":""},"class_list":["post-11054","page","type-page","status-publish","hentry"],"yoast_head":"<!-- This site is optimized with the Yoast SEO plugin v27.5 - https:\/\/yoast.com\/product\/yoast-seo-wordpress\/ -->\n<title>Podwodny wy\u0142\u0105cznik zasilania OceanTools C-Switch - ESCORT TECHNOLOGY<\/title>\n<meta name=\"robots\" content=\"index, follow, max-snippet:-1, max-image-preview:large, max-video-preview:-1\" \/>\n<link rel=\"canonical\" href=\"https:\/\/escort-technology.com\/pl\/podwodny-wylacznik-zasilania-oceantools-c-switch\/\" \/>\n<meta property=\"og:locale\" content=\"pl_PL\" \/>\n<meta property=\"og:type\" content=\"article\" \/>\n<meta property=\"og:title\" content=\"Podwodny wy\u0142\u0105cznik zasilania OceanTools C-Switch - ESCORT TECHNOLOGY\" \/>\n<meta property=\"og:description\" content=\"Podwodny wy\u0142\u0105cznik zasilania OceanTools C-Switch Zaprojektowane do pracy w trudnych warunkach podwodnych Standardowo na g\u0142\u0119boko\u015bci 7000 m Pozytywne detale w pozycjach wy\u0142\u0105czonej i w\u0142\u0105czonej 3 pinowe z\u0142\u0105cze impulsowe karta katalogowa C-Switch jest wytrzyma\u0142\u0105 i niezawodn\u0105 gam\u0105 prze\u0142\u0105cznik\u00f3w podwodnych obs\u0142ugiwanych przez ROV lub nurk\u00f3w, wykonanych z nylonu i stali nierdzewnej i zaprojektowanych dla maksymalnej trwa\u0142o\u015bci w [&hellip;]\" \/>\n<meta property=\"og:url\" content=\"https:\/\/escort-technology.com\/pl\/podwodny-wylacznik-zasilania-oceantools-c-switch\/\" \/>\n<meta property=\"og:site_name\" content=\"ESCORT TECHNOLOGY\" \/>\n<meta property=\"article:publisher\" content=\"https:\/\/www.facebook.com\/elektronika.morska\/\" \/>\n<meta property=\"article:modified_time\" content=\"2021-12-30T08:24:56+00:00\" \/>\n<meta property=\"og:image\" content=\"https:\/\/escort-technology.com\/wp-content\/uploads\/2021\/12\/C-Switch-Underwater-Switch.jpg\" \/>\n<meta name=\"twitter:card\" content=\"summary_large_image\" \/>\n<meta name=\"twitter:label1\" content=\"Szacowany czas czytania\" \/>\n\t<meta name=\"twitter:data1\" content=\"1 minuta\" \/>\n<script type=\"application\/ld+json\" class=\"yoast-schema-graph\">{\"@context\":\"https:\\\/\\\/schema.org\",\"@graph\":[{\"@type\":\"WebPage\",\"@id\":\"https:\\\/\\\/escort-technology.com\\\/podwodny-wylacznik-zasilania-oceantools-c-switch\\\/\",\"url\":\"https:\\\/\\\/escort-technology.com\\\/podwodny-wylacznik-zasilania-oceantools-c-switch\\\/\",\"name\":\"Podwodny wy\u0142\u0105cznik zasilania OceanTools C-Switch - ESCORT TECHNOLOGY\",\"isPartOf\":{\"@id\":\"http:\\\/\\\/escort-technology.com\\\/de\\\/#website\"},\"datePublished\":\"2021-12-30T08:17:55+00:00\",\"dateModified\":\"2021-12-30T08:24:56+00:00\",\"breadcrumb\":{\"@id\":\"https:\\\/\\\/escort-technology.com\\\/podwodny-wylacznik-zasilania-oceantools-c-switch\\\/#breadcrumb\"},\"inLanguage\":\"pl-PL\",\"potentialAction\":[{\"@type\":\"ReadAction\",\"target\":[\"https:\\\/\\\/escort-technology.com\\\/podwodny-wylacznik-zasilania-oceantools-c-switch\\\/\"]}]},{\"@type\":\"BreadcrumbList\",\"@id\":\"https:\\\/\\\/escort-technology.com\\\/podwodny-wylacznik-zasilania-oceantools-c-switch\\\/#breadcrumb\",\"itemListElement\":[{\"@type\":\"ListItem\",\"position\":1,\"name\":\"Strona g\u0142\u00f3wna\",\"item\":\"https:\\\/\\\/escort-technology.com\\\/\"},{\"@type\":\"ListItem\",\"position\":2,\"name\":\"Podwodny wy\u0142\u0105cznik zasilania OceanTools C-Switch\"}]},{\"@type\":\"WebSite\",\"@id\":\"http:\\\/\\\/escort-technology.com\\\/de\\\/#website\",\"url\":\"http:\\\/\\\/escort-technology.com\\\/de\\\/\",\"name\":\"ESCORT TECHNOLOGY\",\"description\":\"Elektronika morska i l\u0105dowa\",\"publisher\":{\"@id\":\"http:\\\/\\\/escort-technology.com\\\/de\\\/#organization\"},\"potentialAction\":[{\"@type\":\"SearchAction\",\"target\":{\"@type\":\"EntryPoint\",\"urlTemplate\":\"http:\\\/\\\/escort-technology.com\\\/de\\\/?s={search_term_string}\"},\"query-input\":{\"@type\":\"PropertyValueSpecification\",\"valueRequired\":true,\"valueName\":\"search_term_string\"}}],\"inLanguage\":\"pl-PL\"},{\"@type\":\"Organization\",\"@id\":\"http:\\\/\\\/escort-technology.com\\\/de\\\/#organization\",\"name\":\"ESCORT TECHNOLOGY\",\"url\":\"http:\\\/\\\/escort-technology.com\\\/de\\\/\",\"logo\":{\"@type\":\"ImageObject\",\"inLanguage\":\"pl-PL\",\"@id\":\"http:\\\/\\\/escort-technology.com\\\/de\\\/#\\\/schema\\\/logo\\\/image\\\/\",\"url\":\"https:\\\/\\\/escort-technology.com\\\/wp-content\\\/uploads\\\/logo-1.jpg\",\"contentUrl\":\"https:\\\/\\\/escort-technology.com\\\/wp-content\\\/uploads\\\/logo-1.jpg\",\"width\":600,\"height\":165,\"caption\":\"ESCORT TECHNOLOGY\"},\"image\":{\"@id\":\"http:\\\/\\\/escort-technology.com\\\/de\\\/#\\\/schema\\\/logo\\\/image\\\/\"},\"sameAs\":[\"https:\\\/\\\/www.facebook.com\\\/elektronika.morska\\\/\",\"https:\\\/\\\/www.linkedin.com\\\/company\\\/escort-sp-z-o-o-\\\/\"]}]}<\/script>\n<!-- \/ Yoast SEO plugin. -->","yoast_head_json":{"title":"Podwodny wy\u0142\u0105cznik zasilania OceanTools C-Switch - ESCORT TECHNOLOGY","robots":{"index":"index","follow":"follow","max-snippet":"max-snippet:-1","max-image-preview":"max-image-preview:large","max-video-preview":"max-video-preview:-1"},"canonical":"https:\/\/escort-technology.com\/pl\/podwodny-wylacznik-zasilania-oceantools-c-switch\/","og_locale":"pl_PL","og_type":"article","og_title":"Podwodny wy\u0142\u0105cznik zasilania OceanTools C-Switch - ESCORT TECHNOLOGY","og_description":"Podwodny wy\u0142\u0105cznik zasilania OceanTools C-Switch Zaprojektowane do pracy w trudnych warunkach podwodnych Standardowo na g\u0142\u0119boko\u015bci 7000 m Pozytywne detale w pozycjach wy\u0142\u0105czonej i w\u0142\u0105czonej 3 pinowe z\u0142\u0105cze impulsowe karta katalogowa C-Switch jest wytrzyma\u0142\u0105 i niezawodn\u0105 gam\u0105 prze\u0142\u0105cznik\u00f3w podwodnych obs\u0142ugiwanych przez ROV lub nurk\u00f3w, wykonanych z nylonu i stali nierdzewnej i zaprojektowanych dla maksymalnej trwa\u0142o\u015bci w [&hellip;]","og_url":"https:\/\/escort-technology.com\/pl\/podwodny-wylacznik-zasilania-oceantools-c-switch\/","og_site_name":"ESCORT TECHNOLOGY","article_publisher":"https:\/\/www.facebook.com\/elektronika.morska\/","article_modified_time":"2021-12-30T08:24:56+00:00","og_image":[{"url":"https:\/\/escort-technology.com\/wp-content\/uploads\/2021\/12\/C-Switch-Underwater-Switch.jpg","type":"","width":"","height":""}],"twitter_card":"summary_large_image","twitter_misc":{"Szacowany czas czytania":"1 minuta"},"schema":{"@context":"https:\/\/schema.org","@graph":[{"@type":"WebPage","@id":"https:\/\/escort-technology.com\/podwodny-wylacznik-zasilania-oceantools-c-switch\/","url":"https:\/\/escort-technology.com\/podwodny-wylacznik-zasilania-oceantools-c-switch\/","name":"Podwodny wy\u0142\u0105cznik zasilania OceanTools C-Switch - ESCORT TECHNOLOGY","isPartOf":{"@id":"http:\/\/escort-technology.com\/de\/#website"},"datePublished":"2021-12-30T08:17:55+00:00","dateModified":"2021-12-30T08:24:56+00:00","breadcrumb":{"@id":"https:\/\/escort-technology.com\/podwodny-wylacznik-zasilania-oceantools-c-switch\/#breadcrumb"},"inLanguage":"pl-PL","potentialAction":[{"@type":"ReadAction","target":["https:\/\/escort-technology.com\/podwodny-wylacznik-zasilania-oceantools-c-switch\/"]}]},{"@type":"BreadcrumbList","@id":"https:\/\/escort-technology.com\/podwodny-wylacznik-zasilania-oceantools-c-switch\/#breadcrumb","itemListElement":[{"@type":"ListItem","position":1,"name":"Strona g\u0142\u00f3wna","item":"https:\/\/escort-technology.com\/"},{"@type":"ListItem","position":2,"name":"Podwodny wy\u0142\u0105cznik zasilania OceanTools C-Switch"}]},{"@type":"WebSite","@id":"http:\/\/escort-technology.com\/de\/#website","url":"http:\/\/escort-technology.com\/de\/","name":"ESCORT TECHNOLOGY","description":"Elektronika morska i l\u0105dowa","publisher":{"@id":"http:\/\/escort-technology.com\/de\/#organization"},"potentialAction":[{"@type":"SearchAction","target":{"@type":"EntryPoint","urlTemplate":"http:\/\/escort-technology.com\/de\/?s={search_term_string}"},"query-input":{"@type":"PropertyValueSpecification","valueRequired":true,"valueName":"search_term_string"}}],"inLanguage":"pl-PL"},{"@type":"Organization","@id":"http:\/\/escort-technology.com\/de\/#organization","name":"ESCORT TECHNOLOGY","url":"http:\/\/escort-technology.com\/de\/","logo":{"@type":"ImageObject","inLanguage":"pl-PL","@id":"http:\/\/escort-technology.com\/de\/#\/schema\/logo\/image\/","url":"https:\/\/escort-technology.com\/wp-content\/uploads\/logo-1.jpg","contentUrl":"https:\/\/escort-technology.com\/wp-content\/uploads\/logo-1.jpg","width":600,"height":165,"caption":"ESCORT TECHNOLOGY"},"image":{"@id":"http:\/\/escort-technology.com\/de\/#\/schema\/logo\/image\/"},"sameAs":["https:\/\/www.facebook.com\/elektronika.morska\/","https:\/\/www.linkedin.com\/company\/escort-sp-z-o-o-\/"]}]}},"_links":{"self":[{"href":"https:\/\/escort-technology.com\/pl\/wp-json\/wp\/v2\/pages\/11054","targetHints":{"allow":["GET"]}}],"collection":[{"href":"https:\/\/escort-technology.com\/pl\/wp-json\/wp\/v2\/pages"}],"about":[{"href":"https:\/\/escort-technology.com\/pl\/wp-json\/wp\/v2\/types\/page"}],"author":[{"embeddable":true,"href":"https:\/\/escort-technology.com\/pl\/wp-json\/wp\/v2\/users\/10"}],"replies":[{"embeddable":true,"href":"https:\/\/escort-technology.com\/pl\/wp-json\/wp\/v2\/comments?post=11054"}],"version-history":[{"count":13,"href":"https:\/\/escort-technology.com\/pl\/wp-json\/wp\/v2\/pages\/11054\/revisions"}],"predecessor-version":[{"id":11071,"href":"https:\/\/escort-technology.com\/pl\/wp-json\/wp\/v2\/pages\/11054\/revisions\/11071"}],"wp:attachment":[{"href":"https:\/\/escort-technology.com\/pl\/wp-json\/wp\/v2\/media?parent=11054"}],"curies":[{"name":"wp","href":"https:\/\/api.w.org\/{rel}","templated":true}]}}