{"id":11072,"date":"2021-12-30T09:35:35","date_gmt":"2021-12-30T08:35:35","guid":{"rendered":"https:\/\/escort-technology.com\/?page_id=11072"},"modified":"2021-12-30T09:42:54","modified_gmt":"2021-12-30T08:42:54","slug":"programowalny-podwodny-wylacznik-cisnieniowy-oceantools-smartswitch","status":"publish","type":"page","link":"https:\/\/escort-technology.com\/pl\/programowalny-podwodny-wylacznik-cisnieniowy-oceantools-smartswitch\/","title":{"rendered":"Programowalny podwodny wy\u0142\u0105cznik ci\u015bnieniowy OceanTools SmartSWITCH"},"content":{"rendered":"<h1>\n<h1 class=\"uk-article-title\">Programowalny podwodny wy\u0142\u0105cznik ci\u015bnieniowy OceanTools SmartSWITCH<\/h1>\n<\/h1>\n<hr>\n<div>\n<ul>\n<li>Przed\u0142u\u017ca \u017cywotno\u015b\u0107 pakiet\u00f3w baterii podwodnych<\/li>\n<li>Dzia\u0142a na g\u0142\u0119boko\u015bci do 6000 m<\/li>\n<li>Zasilanie i prze\u0142\u0105czanie 9-30VDC w standardzie<\/li>\n<li>Opcjonalne prze\u0142\u0105czanie AC<\/li>\n<\/ul>\n<\/div>\n<p>\n    <a href=\"http:\/\/data.oceantools.co.uk\/Datasheets\/SmartSWITCH-Programmable-Pressure-Switch.pdf\">karta katalogowa <\/a>\n<\/p>\n<p><img decoding=\"async\" src=\"\/wp-content\/uploads\/2021\/12\/SmartSWITCH.jpg\" alt=\"\"><\/p>\n<div>\n<p>Prze\u0142\u0105cznik ci\u015bnieniowy SmartSWITCH przed\u0142u\u017ca \u017cywotno\u015b\u0107 podwodnych zestaw\u00f3w baterii poprzez dostarczanie energii do urz\u0105dze\u0144 podwodnych tylko wtedy, gdy osi\u0105gni\u0119ta zostanie wymagana g\u0142\u0119boko\u015b\u0107 robocza. W\u0142\u0105cza zasilanie po dotarciu na okre\u015blon\u0105 g\u0142\u0119boko\u015b\u0107 i mo\u017ce je wy\u0142\u0105czy\u0107 na innej, okre\u015blonej g\u0142\u0119boko\u015bci. Mo\u017ce to znacznie wyd\u0142u\u017cy\u0107 \u017cywotno\u015b\u0107 podwodnych zestaw\u00f3w baterii.<\/p>\n<p>SmartSWITCH sk\u0142ada si\u0119 z mikroprocesorowego zestawu elektroniki steruj\u0105cej i prze\u0142\u0105czaj\u0105cej oraz przetwornika ci\u015bnienia i temperatury, umieszczonych w tytanowej obudowie, kt\u00f3ra jest przystosowana do pracy na g\u0142\u0119boko\u015bci do 6000 metr\u00f3w. Urz\u0105dzenie pobiera energi\u0119 z pod\u0142\u0105czonego pakietu baterii lub mo\u017ce by\u0107 zasilane z innego \u017ar\u00f3d\u0142a.<\/p>\n<p>Urz\u0105dzenie jest programowane za pomoc\u0105 oprogramowania konfiguracyjnego poprzez interfejs szeregowy RS485. Mo\u017cna ustawi\u0107 g\u0142\u0119boko\u015b\u0107 w\u0142\u0105czenia i wy\u0142\u0105czenia (ci\u015bnienia), a dzia\u0142anie systemu mo\u017ce by\u0107 testowane przed wdro\u017ceniem. Zastosowania obejmuj\u0105 zasilanie kamer, o\u015bwietlenia i oprzyrz\u0105dowania podwodnego.<\/p>\n<\/div>\n<p><!--more--><br \/>\n<!-- {\"type\":\"layout\",\"children\":[{\"type\":\"section\",\"props\":{\"style\":\"default\",\"width\":\"default\",\"vertical_align\":\"middle\",\"title_position\":\"top-left\",\"title_rotation\":\"left\",\"title_breakpoint\":\"xl\",\"image_position\":\"center-center\"},\"children\":[{\"type\":\"row\",\"children\":[{\"type\":\"column\",\"props\":{\"image_position\":\"center-center\",\"media_overlay_gradient\":\"\"},\"children\":[{\"type\":\"headline\",\"props\":{\"title_element\":\"h1\",\"content\":\"\n\n<h1 class=\\\"uk-article-title\\\">Programowalny podwodny wy\\u0142\\u0105cznik ci\\u015bnieniowy OceanTools SmartSWITCH<\\\/h1>\"}},{\"type\":\"divider\",\"props\":{\"divider_element\":\"hr\"}}]}]}]},{\"type\":\"section\",\"props\":{\"style\":\"default\",\"width\":\"default\",\"vertical_align\":\"middle\",\"title_position\":\"top-left\",\"title_rotation\":\"left\",\"title_breakpoint\":\"xl\",\"image_position\":\"center-center\"},\"children\":[{\"type\":\"row\",\"props\":{\"layout\":\"1-2,1-2\"},\"children\":[{\"type\":\"column\",\"props\":{\"image_position\":\"center-center\",\"media_overlay_gradient\":\"\",\"width_medium\":\"1-2\"},\"children\":[{\"type\":\"text\",\"props\":{\"margin\":\"default\",\"column_breakpoint\":\"m\",\"content\":\"\n\n<ul>\\n\n\n<li>Przed\\u0142u\\u017ca \\u017cywotno\\u015b\\u0107 pakiet\\u00f3w baterii podwodnych<\\\/li>\\n\n\n<li>Dzia\\u0142a na g\\u0142\\u0119boko\\u015bci do 6000 m<\\\/li>\\n\n\n<li>Zasilanie i prze\\u0142\\u0105czanie 9-30VDC w standardzie<\\\/li>\\n\n\n<li>Opcjonalne prze\\u0142\\u0105czanie AC<\\\/li>\\n<\\\/ul>\"}},{\"type\":\"button\",\"props\":{\"grid_column_gap\":\"small\",\"grid_row_gap\":\"small\",\"margin\":\"default\",\"text_align\":\"center\"},\"children\":[{\"type\":\"button_item\",\"props\":{\"button_style\":\"default\",\"icon_align\":\"left\",\"content\":\"karta katalogowa \",\"link\":\"http:\\\/\\\/data.oceantools.co.uk\\\/Datasheets\\\/SmartSWITCH-Programmable-Pressure-Switch.pdf\"}}]}]},{\"type\":\"column\",\"props\":{\"image_position\":\"center-center\",\"media_overlay_gradient\":\"\",\"width_medium\":\"1-2\"},\"children\":[{\"type\":\"image\",\"props\":{\"margin\":\"default\",\"image_svg_color\":\"emphasis\",\"image\":\"wp-content\\\/uploads\\\/2021\\\/12\\\/SmartSWITCH.jpg\"}}]}]}]},{\"type\":\"section\",\"props\":{\"style\":\"default\",\"width\":\"default\",\"vertical_align\":\"middle\",\"title_position\":\"top-left\",\"title_rotation\":\"left\",\"title_breakpoint\":\"xl\",\"image_position\":\"center-center\"},\"children\":[{\"type\":\"row\",\"children\":[{\"type\":\"column\",\"props\":{\"image_position\":\"center-center\",\"media_overlay_gradient\":\"\"},\"children\":[{\"type\":\"text\",\"props\":{\"margin\":\"default\",\"column_breakpoint\":\"m\",\"content\":\"\n\n<p>Prze\\u0142\\u0105cznik ci\\u015bnieniowy SmartSWITCH przed\\u0142u\\u017ca \\u017cywotno\\u015b\\u0107 podwodnych zestaw\\u00f3w baterii poprzez dostarczanie energii do urz\\u0105dze\\u0144 podwodnych tylko wtedy, gdy osi\\u0105gni\\u0119ta zostanie wymagana g\\u0142\\u0119boko\\u015b\\u0107 robocza. W\\u0142\\u0105cza zasilanie po dotarciu na okre\\u015blon\\u0105 g\\u0142\\u0119boko\\u015b\\u0107 i mo\\u017ce je wy\\u0142\\u0105czy\\u0107 na innej, okre\\u015blonej g\\u0142\\u0119boko\\u015bci. Mo\\u017ce to znacznie wyd\\u0142u\\u017cy\\u0107 \\u017cywotno\\u015b\\u0107 podwodnych zestaw\\u00f3w baterii.<\\\/p>\\n\n\n<p>SmartSWITCH sk\\u0142ada si\\u0119 z mikroprocesorowego zestawu elektroniki steruj\\u0105cej i prze\\u0142\\u0105czaj\\u0105cej oraz przetwornika ci\\u015bnienia i temperatury, umieszczonych w tytanowej obudowie, kt\\u00f3ra jest przystosowana do pracy na g\\u0142\\u0119boko\\u015bci do 6000 metr\\u00f3w. Urz\\u0105dzenie pobiera energi\\u0119 z pod\\u0142\\u0105czonego pakietu baterii lub mo\\u017ce by\\u0107 zasilane z innego \\u017ar\\u00f3d\\u0142a.<\\\/p>\\n\n\n<p>Urz\\u0105dzenie jest programowane za pomoc\\u0105 oprogramowania konfiguracyjnego poprzez interfejs szeregowy RS485. Mo\\u017cna ustawi\\u0107 g\\u0142\\u0119boko\\u015b\\u0107 w\\u0142\\u0105czenia i wy\\u0142\\u0105czenia (ci\\u015bnienia), a dzia\\u0142anie systemu mo\\u017ce by\\u0107 testowane przed wdro\\u017ceniem. Zastosowania obejmuj\\u0105 zasilanie kamer, o\\u015bwietlenia i oprzyrz\\u0105dowania podwodnego.<\\\/p>\"}}]}]}]}],\"version\":\"2.6.7\"} --><\/p>\n","protected":false},"excerpt":{"rendered":"<p>Programowalny podwodny wy\u0142\u0105cznik ci\u015bnieniowy OceanTools SmartSWITCH Przed\u0142u\u017ca \u017cywotno\u015b\u0107 pakiet\u00f3w baterii podwodnych Dzia\u0142a na g\u0142\u0119boko\u015bci do 6000 m Zasilanie i prze\u0142\u0105czanie 9-30VDC w standardzie Opcjonalne prze\u0142\u0105czanie AC karta katalogowa Prze\u0142\u0105cznik ci\u015bnieniowy SmartSWITCH przed\u0142u\u017ca \u017cywotno\u015b\u0107 podwodnych zestaw\u00f3w baterii poprzez dostarczanie energii do urz\u0105dze\u0144 podwodnych tylko wtedy, gdy osi\u0105gni\u0119ta zostanie wymagana g\u0142\u0119boko\u015b\u0107 robocza. W\u0142\u0105cza zasilanie po dotarciu na [&hellip;]<\/p>\n","protected":false},"author":10,"featured_media":0,"parent":0,"menu_order":0,"comment_status":"closed","ping_status":"closed","template":"","meta":{"footnotes":""},"class_list":["post-11072","page","type-page","status-publish","hentry"],"yoast_head":"<!-- This site is optimized with the Yoast SEO plugin v27.6 - https:\/\/yoast.com\/product\/yoast-seo-wordpress\/ -->\n<title>Programowalny podwodny wy\u0142\u0105cznik ci\u015bnieniowy OceanTools SmartSWITCH - ESCORT TECHNOLOGY<\/title>\n<meta name=\"robots\" content=\"index, follow, max-snippet:-1, max-image-preview:large, max-video-preview:-1\" \/>\n<link rel=\"canonical\" href=\"https:\/\/escort-technology.com\/pl\/programowalny-podwodny-wylacznik-cisnieniowy-oceantools-smartswitch\/\" \/>\n<meta property=\"og:locale\" content=\"pl_PL\" \/>\n<meta property=\"og:type\" content=\"article\" \/>\n<meta property=\"og:title\" content=\"Programowalny podwodny wy\u0142\u0105cznik ci\u015bnieniowy OceanTools SmartSWITCH - ESCORT TECHNOLOGY\" \/>\n<meta property=\"og:description\" content=\"Programowalny podwodny wy\u0142\u0105cznik ci\u015bnieniowy OceanTools SmartSWITCH Przed\u0142u\u017ca \u017cywotno\u015b\u0107 pakiet\u00f3w baterii podwodnych Dzia\u0142a na g\u0142\u0119boko\u015bci do 6000 m Zasilanie i prze\u0142\u0105czanie 9-30VDC w standardzie Opcjonalne prze\u0142\u0105czanie AC karta katalogowa Prze\u0142\u0105cznik ci\u015bnieniowy SmartSWITCH przed\u0142u\u017ca \u017cywotno\u015b\u0107 podwodnych zestaw\u00f3w baterii poprzez dostarczanie energii do urz\u0105dze\u0144 podwodnych tylko wtedy, gdy osi\u0105gni\u0119ta zostanie wymagana g\u0142\u0119boko\u015b\u0107 robocza. W\u0142\u0105cza zasilanie po dotarciu na [&hellip;]\" \/>\n<meta property=\"og:url\" content=\"https:\/\/escort-technology.com\/pl\/programowalny-podwodny-wylacznik-cisnieniowy-oceantools-smartswitch\/\" \/>\n<meta property=\"og:site_name\" content=\"ESCORT TECHNOLOGY\" \/>\n<meta property=\"article:publisher\" content=\"https:\/\/www.facebook.com\/elektronika.morska\/\" \/>\n<meta property=\"article:modified_time\" content=\"2021-12-30T08:42:54+00:00\" \/>\n<meta property=\"og:image\" content=\"https:\/\/escort-technology.com\/wp-content\/uploads\/2021\/12\/SmartSWITCH.jpg\" \/>\n<meta name=\"twitter:card\" content=\"summary_large_image\" \/>\n<meta name=\"twitter:label1\" content=\"Szacowany czas czytania\" \/>\n\t<meta name=\"twitter:data1\" content=\"1 minuta\" \/>\n<script type=\"application\/ld+json\" class=\"yoast-schema-graph\">{\"@context\":\"https:\\\/\\\/schema.org\",\"@graph\":[{\"@type\":\"WebPage\",\"@id\":\"https:\\\/\\\/escort-technology.com\\\/programowalny-podwodny-wylacznik-cisnieniowy-oceantools-smartswitch\\\/\",\"url\":\"https:\\\/\\\/escort-technology.com\\\/programowalny-podwodny-wylacznik-cisnieniowy-oceantools-smartswitch\\\/\",\"name\":\"Programowalny podwodny wy\u0142\u0105cznik ci\u015bnieniowy OceanTools SmartSWITCH - ESCORT TECHNOLOGY\",\"isPartOf\":{\"@id\":\"http:\\\/\\\/escort-technology.com\\\/de\\\/#website\"},\"datePublished\":\"2021-12-30T08:35:35+00:00\",\"dateModified\":\"2021-12-30T08:42:54+00:00\",\"breadcrumb\":{\"@id\":\"https:\\\/\\\/escort-technology.com\\\/programowalny-podwodny-wylacznik-cisnieniowy-oceantools-smartswitch\\\/#breadcrumb\"},\"inLanguage\":\"pl-PL\",\"potentialAction\":[{\"@type\":\"ReadAction\",\"target\":[\"https:\\\/\\\/escort-technology.com\\\/programowalny-podwodny-wylacznik-cisnieniowy-oceantools-smartswitch\\\/\"]}]},{\"@type\":\"BreadcrumbList\",\"@id\":\"https:\\\/\\\/escort-technology.com\\\/programowalny-podwodny-wylacznik-cisnieniowy-oceantools-smartswitch\\\/#breadcrumb\",\"itemListElement\":[{\"@type\":\"ListItem\",\"position\":1,\"name\":\"Strona g\u0142\u00f3wna\",\"item\":\"https:\\\/\\\/escort-technology.com\\\/\"},{\"@type\":\"ListItem\",\"position\":2,\"name\":\"Programowalny podwodny wy\u0142\u0105cznik ci\u015bnieniowy OceanTools SmartSWITCH\"}]},{\"@type\":\"WebSite\",\"@id\":\"http:\\\/\\\/escort-technology.com\\\/de\\\/#website\",\"url\":\"http:\\\/\\\/escort-technology.com\\\/de\\\/\",\"name\":\"ESCORT TECHNOLOGY\",\"description\":\"Elektronika morska i l\u0105dowa\",\"publisher\":{\"@id\":\"http:\\\/\\\/escort-technology.com\\\/de\\\/#organization\"},\"potentialAction\":[{\"@type\":\"SearchAction\",\"target\":{\"@type\":\"EntryPoint\",\"urlTemplate\":\"http:\\\/\\\/escort-technology.com\\\/de\\\/?s={search_term_string}\"},\"query-input\":{\"@type\":\"PropertyValueSpecification\",\"valueRequired\":true,\"valueName\":\"search_term_string\"}}],\"inLanguage\":\"pl-PL\"},{\"@type\":\"Organization\",\"@id\":\"http:\\\/\\\/escort-technology.com\\\/de\\\/#organization\",\"name\":\"ESCORT TECHNOLOGY\",\"url\":\"http:\\\/\\\/escort-technology.com\\\/de\\\/\",\"logo\":{\"@type\":\"ImageObject\",\"inLanguage\":\"pl-PL\",\"@id\":\"http:\\\/\\\/escort-technology.com\\\/de\\\/#\\\/schema\\\/logo\\\/image\\\/\",\"url\":\"https:\\\/\\\/escort-technology.com\\\/wp-content\\\/uploads\\\/logo-1.jpg\",\"contentUrl\":\"https:\\\/\\\/escort-technology.com\\\/wp-content\\\/uploads\\\/logo-1.jpg\",\"width\":600,\"height\":165,\"caption\":\"ESCORT TECHNOLOGY\"},\"image\":{\"@id\":\"http:\\\/\\\/escort-technology.com\\\/de\\\/#\\\/schema\\\/logo\\\/image\\\/\"},\"sameAs\":[\"https:\\\/\\\/www.facebook.com\\\/elektronika.morska\\\/\",\"https:\\\/\\\/www.linkedin.com\\\/company\\\/escort-sp-z-o-o-\\\/\"]}]}<\/script>\n<!-- \/ Yoast SEO plugin. -->","yoast_head_json":{"title":"Programowalny podwodny wy\u0142\u0105cznik ci\u015bnieniowy OceanTools SmartSWITCH - ESCORT TECHNOLOGY","robots":{"index":"index","follow":"follow","max-snippet":"max-snippet:-1","max-image-preview":"max-image-preview:large","max-video-preview":"max-video-preview:-1"},"canonical":"https:\/\/escort-technology.com\/pl\/programowalny-podwodny-wylacznik-cisnieniowy-oceantools-smartswitch\/","og_locale":"pl_PL","og_type":"article","og_title":"Programowalny podwodny wy\u0142\u0105cznik ci\u015bnieniowy OceanTools SmartSWITCH - ESCORT TECHNOLOGY","og_description":"Programowalny podwodny wy\u0142\u0105cznik ci\u015bnieniowy OceanTools SmartSWITCH Przed\u0142u\u017ca \u017cywotno\u015b\u0107 pakiet\u00f3w baterii podwodnych Dzia\u0142a na g\u0142\u0119boko\u015bci do 6000 m Zasilanie i prze\u0142\u0105czanie 9-30VDC w standardzie Opcjonalne prze\u0142\u0105czanie AC karta katalogowa Prze\u0142\u0105cznik ci\u015bnieniowy SmartSWITCH przed\u0142u\u017ca \u017cywotno\u015b\u0107 podwodnych zestaw\u00f3w baterii poprzez dostarczanie energii do urz\u0105dze\u0144 podwodnych tylko wtedy, gdy osi\u0105gni\u0119ta zostanie wymagana g\u0142\u0119boko\u015b\u0107 robocza. W\u0142\u0105cza zasilanie po dotarciu na [&hellip;]","og_url":"https:\/\/escort-technology.com\/pl\/programowalny-podwodny-wylacznik-cisnieniowy-oceantools-smartswitch\/","og_site_name":"ESCORT TECHNOLOGY","article_publisher":"https:\/\/www.facebook.com\/elektronika.morska\/","article_modified_time":"2021-12-30T08:42:54+00:00","og_image":[{"url":"https:\/\/escort-technology.com\/wp-content\/uploads\/2021\/12\/SmartSWITCH.jpg","type":"","width":"","height":""}],"twitter_card":"summary_large_image","twitter_misc":{"Szacowany czas czytania":"1 minuta"},"schema":{"@context":"https:\/\/schema.org","@graph":[{"@type":"WebPage","@id":"https:\/\/escort-technology.com\/programowalny-podwodny-wylacznik-cisnieniowy-oceantools-smartswitch\/","url":"https:\/\/escort-technology.com\/programowalny-podwodny-wylacznik-cisnieniowy-oceantools-smartswitch\/","name":"Programowalny podwodny wy\u0142\u0105cznik ci\u015bnieniowy OceanTools SmartSWITCH - ESCORT TECHNOLOGY","isPartOf":{"@id":"http:\/\/escort-technology.com\/de\/#website"},"datePublished":"2021-12-30T08:35:35+00:00","dateModified":"2021-12-30T08:42:54+00:00","breadcrumb":{"@id":"https:\/\/escort-technology.com\/programowalny-podwodny-wylacznik-cisnieniowy-oceantools-smartswitch\/#breadcrumb"},"inLanguage":"pl-PL","potentialAction":[{"@type":"ReadAction","target":["https:\/\/escort-technology.com\/programowalny-podwodny-wylacznik-cisnieniowy-oceantools-smartswitch\/"]}]},{"@type":"BreadcrumbList","@id":"https:\/\/escort-technology.com\/programowalny-podwodny-wylacznik-cisnieniowy-oceantools-smartswitch\/#breadcrumb","itemListElement":[{"@type":"ListItem","position":1,"name":"Strona g\u0142\u00f3wna","item":"https:\/\/escort-technology.com\/"},{"@type":"ListItem","position":2,"name":"Programowalny podwodny wy\u0142\u0105cznik ci\u015bnieniowy OceanTools SmartSWITCH"}]},{"@type":"WebSite","@id":"http:\/\/escort-technology.com\/de\/#website","url":"http:\/\/escort-technology.com\/de\/","name":"ESCORT TECHNOLOGY","description":"Elektronika morska i l\u0105dowa","publisher":{"@id":"http:\/\/escort-technology.com\/de\/#organization"},"potentialAction":[{"@type":"SearchAction","target":{"@type":"EntryPoint","urlTemplate":"http:\/\/escort-technology.com\/de\/?s={search_term_string}"},"query-input":{"@type":"PropertyValueSpecification","valueRequired":true,"valueName":"search_term_string"}}],"inLanguage":"pl-PL"},{"@type":"Organization","@id":"http:\/\/escort-technology.com\/de\/#organization","name":"ESCORT TECHNOLOGY","url":"http:\/\/escort-technology.com\/de\/","logo":{"@type":"ImageObject","inLanguage":"pl-PL","@id":"http:\/\/escort-technology.com\/de\/#\/schema\/logo\/image\/","url":"https:\/\/escort-technology.com\/wp-content\/uploads\/logo-1.jpg","contentUrl":"https:\/\/escort-technology.com\/wp-content\/uploads\/logo-1.jpg","width":600,"height":165,"caption":"ESCORT TECHNOLOGY"},"image":{"@id":"http:\/\/escort-technology.com\/de\/#\/schema\/logo\/image\/"},"sameAs":["https:\/\/www.facebook.com\/elektronika.morska\/","https:\/\/www.linkedin.com\/company\/escort-sp-z-o-o-\/"]}]}},"_links":{"self":[{"href":"https:\/\/escort-technology.com\/pl\/wp-json\/wp\/v2\/pages\/11072","targetHints":{"allow":["GET"]}}],"collection":[{"href":"https:\/\/escort-technology.com\/pl\/wp-json\/wp\/v2\/pages"}],"about":[{"href":"https:\/\/escort-technology.com\/pl\/wp-json\/wp\/v2\/types\/page"}],"author":[{"embeddable":true,"href":"https:\/\/escort-technology.com\/pl\/wp-json\/wp\/v2\/users\/10"}],"replies":[{"embeddable":true,"href":"https:\/\/escort-technology.com\/pl\/wp-json\/wp\/v2\/comments?post=11072"}],"version-history":[{"count":10,"href":"https:\/\/escort-technology.com\/pl\/wp-json\/wp\/v2\/pages\/11072\/revisions"}],"predecessor-version":[{"id":11084,"href":"https:\/\/escort-technology.com\/pl\/wp-json\/wp\/v2\/pages\/11072\/revisions\/11084"}],"wp:attachment":[{"href":"https:\/\/escort-technology.com\/pl\/wp-json\/wp\/v2\/media?parent=11072"}],"curies":[{"name":"wp","href":"https:\/\/api.w.org\/{rel}","templated":true}]}}