{"id":11085,"date":"2021-12-30T09:47:03","date_gmt":"2021-12-30T08:47:03","guid":{"rendered":"https:\/\/escort-technology.com\/?page_id=11085"},"modified":"2021-12-30T10:33:13","modified_gmt":"2021-12-30T09:33:13","slug":"zestaw-baterii-podwodnych-oceantools-oceancell","status":"publish","type":"page","link":"https:\/\/escort-technology.com\/pl\/zestaw-baterii-podwodnych-oceantools-oceancell\/","title":{"rendered":"Zestaw baterii podwodnych OceanTools OceanCELL"},"content":{"rendered":"<h1>\n<h1 class=\"uk-article-title\">Zestaw baterii podwodnych OceanTools OceanCELL<\/h1>\n<\/h1>\n<hr>\n<div>\n<ul>\n<li>Opcje \u0142adowalne i nie\u0142adowalne<\/li>\n<li>Standardowe opcje pojemno\u015bci do 38Ah<\/li>\n<li>Opcjonalna elektronika monitoruj\u0105ca napi\u0119cie<\/li>\n<li>G\u0142\u0119boko\u015bci znamionowe do 4000m<\/li>\n<\/ul>\n<\/div>\n<p>\n    <a href=\"http:\/\/data.oceantools.co.uk\/Datasheets\/OceanCELL-Battery-Packs.pdf\">karta katalogowa <\/a>\n<\/p>\n<p><img decoding=\"async\" src=\"\/wp-content\/uploads\/2021\/12\/MiniCELL-Battery-Pack.jpg\" alt=\"\"><\/p>\n<div>\n<p>Seria pakiet\u00f3w baterii podwodnych OceanCELL jest odpowiednia do zasilania \u017cyrokompas\u00f3w, czujnik\u00f3w nachylenia, wy\u015bwietlaczy podwodnych i innego oprzyrz\u0105dowania. Zestaw OceanCELL-12 sk\u0142ada si\u0119 z pojedynczego zestawu baterii litowo-jonowo-polimerowych, zatwierdzonego znakiem UN 38.3, umieszczonego w obudowie o wytrzyma\u0142o\u015bci na g\u0142\u0119boko\u015b\u0107 3000 m. Modele OceanCELL-25 i OceanCELL-38 zawieraj\u0105 wiele pojedynczych zestaw\u00f3w akumulator\u00f3w zatwierdzonych zgodnie z norm\u0105 UN 38.3 do wyd\u0142u\u017conych okres\u00f3w pracy na g\u0142\u0119boko\u015bci do 4000 m.<\/p>\n<p>Opcjonalna karta monitorowania napi\u0119cia umo\u017cliwia zdalne monitorowanie stanu akumulatora poprzez raportowanie odczyt\u00f3w napi\u0119cia \u0142adowania za po\u015brednictwem wyj\u015bcia szeregowego RS232 lub RS485. Niestandardowe zestawy baterii mog\u0105 by\u0107 zaprojektowane zgodnie z dok\u0142adn\u0105 specyfikacj\u0105 klienta.<\/p>\n<p>Podwodny prze\u0142\u0105cznik C-Switch mo\u017ce niezawodnie odizolowa\u0107 zasilanie z akumulatora, zapewniaj\u0105c bezpieczniejsz\u0105 prac\u0119 zar\u00f3wno na pok\u0142adzie, jak i pod wod\u0105. Programowalny prze\u0142\u0105cznik ci\u015bnieniowy SmartSWITCH mo\u017ce wyd\u0142u\u017cy\u0107 \u017cywotno\u015b\u0107 baterii poprzez w\u0142\u0105czanie zasilania tylko wtedy, gdy osi\u0105gni\u0119ta zostanie wymagana g\u0142\u0119boko\u015b\u0107 robocza.<\/p>\n<\/div>\n<p><!--more--><br \/>\n<!-- {\"type\":\"layout\",\"children\":[{\"type\":\"section\",\"props\":{\"style\":\"default\",\"width\":\"default\",\"vertical_align\":\"middle\",\"title_position\":\"top-left\",\"title_rotation\":\"left\",\"title_breakpoint\":\"xl\",\"image_position\":\"center-center\"},\"children\":[{\"type\":\"row\",\"children\":[{\"type\":\"column\",\"props\":{\"image_position\":\"center-center\",\"media_overlay_gradient\":\"\"},\"children\":[{\"type\":\"headline\",\"props\":{\"title_element\":\"h1\",\"content\":\"\n\n<h1 class=\\\"uk-article-title\\\">Zestaw baterii podwodnych OceanTools OceanCELL<\\\/h1>\"}},{\"type\":\"divider\",\"props\":{\"divider_element\":\"hr\"}}]}]}]},{\"type\":\"section\",\"props\":{\"style\":\"default\",\"width\":\"default\",\"vertical_align\":\"middle\",\"title_position\":\"top-left\",\"title_rotation\":\"left\",\"title_breakpoint\":\"xl\",\"image_position\":\"center-center\"},\"children\":[{\"type\":\"row\",\"props\":{\"layout\":\"1-2,1-2\"},\"children\":[{\"type\":\"column\",\"props\":{\"image_position\":\"center-center\",\"media_overlay_gradient\":\"\",\"width_medium\":\"1-2\"},\"children\":[{\"type\":\"text\",\"props\":{\"margin\":\"default\",\"column_breakpoint\":\"m\",\"content\":\"\n\n<ul>\\n\n\n<li>Opcje \\u0142adowalne i nie\\u0142adowalne<\\\/li>\\n\n\n<li>Standardowe opcje pojemno\\u015bci do 38Ah<\\\/li>\\n\n\n<li>Opcjonalna elektronika monitoruj\\u0105ca napi\\u0119cie<\\\/li>\\n\n\n<li>G\\u0142\\u0119boko\\u015bci znamionowe do 4000m<\\\/li>\\n<\\\/ul>\"}},{\"type\":\"button\",\"props\":{\"grid_column_gap\":\"small\",\"grid_row_gap\":\"small\",\"margin\":\"default\",\"text_align\":\"center\"},\"children\":[{\"type\":\"button_item\",\"props\":{\"button_style\":\"default\",\"icon_align\":\"left\",\"content\":\"karta katalogowa \",\"link\":\"http:\\\/\\\/data.oceantools.co.uk\\\/Datasheets\\\/OceanCELL-Battery-Packs.pdf\"}}]}]},{\"type\":\"column\",\"props\":{\"image_position\":\"center-center\",\"media_overlay_gradient\":\"\",\"width_medium\":\"1-2\"},\"children\":[{\"type\":\"image\",\"props\":{\"margin\":\"default\",\"image_svg_color\":\"emphasis\",\"image\":\"wp-content\\\/uploads\\\/2021\\\/12\\\/MiniCELL-Battery-Pack.jpg\"}}]}]}]},{\"type\":\"section\",\"props\":{\"style\":\"default\",\"width\":\"default\",\"vertical_align\":\"middle\",\"title_position\":\"top-left\",\"title_rotation\":\"left\",\"title_breakpoint\":\"xl\",\"image_position\":\"center-center\"},\"children\":[{\"type\":\"row\",\"children\":[{\"type\":\"column\",\"props\":{\"image_position\":\"center-center\",\"media_overlay_gradient\":\"\"},\"children\":[{\"type\":\"text\",\"props\":{\"margin\":\"default\",\"column_breakpoint\":\"m\",\"content\":\"\n\n<p>Seria pakiet\\u00f3w baterii podwodnych OceanCELL jest odpowiednia do zasilania \\u017cyrokompas\\u00f3w, czujnik\\u00f3w nachylenia, wy\\u015bwietlaczy podwodnych i innego oprzyrz\\u0105dowania. Zestaw OceanCELL-12 sk\\u0142ada si\\u0119 z pojedynczego zestawu baterii litowo-jonowo-polimerowych, zatwierdzonego znakiem UN 38.3, umieszczonego w obudowie o wytrzyma\\u0142o\\u015bci na g\\u0142\\u0119boko\\u015b\\u0107 3000 m. Modele OceanCELL-25 i OceanCELL-38 zawieraj\\u0105 wiele pojedynczych zestaw\\u00f3w akumulator\\u00f3w zatwierdzonych zgodnie z norm\\u0105 UN 38.3 do wyd\\u0142u\\u017conych okres\\u00f3w pracy na g\\u0142\\u0119boko\\u015bci do 4000 m.<\\\/p>\\n\n\n<p>Opcjonalna karta monitorowania napi\\u0119cia umo\\u017cliwia zdalne monitorowanie stanu akumulatora poprzez raportowanie odczyt\\u00f3w napi\\u0119cia \\u0142adowania za po\\u015brednictwem wyj\\u015bcia szeregowego RS232 lub RS485. Niestandardowe zestawy baterii mog\\u0105 by\\u0107 zaprojektowane zgodnie z dok\\u0142adn\\u0105 specyfikacj\\u0105 klienta.<\\\/p>\\n\n\n<p>Podwodny prze\\u0142\\u0105cznik C-Switch mo\\u017ce niezawodnie odizolowa\\u0107 zasilanie z akumulatora, zapewniaj\\u0105c bezpieczniejsz\\u0105 prac\\u0119 zar\\u00f3wno na pok\\u0142adzie, jak i pod wod\\u0105. Programowalny prze\\u0142\\u0105cznik ci\\u015bnieniowy SmartSWITCH mo\\u017ce wyd\\u0142u\\u017cy\\u0107 \\u017cywotno\\u015b\\u0107 baterii poprzez w\\u0142\\u0105czanie zasilania tylko wtedy, gdy osi\\u0105gni\\u0119ta zostanie wymagana g\\u0142\\u0119boko\\u015b\\u0107 robocza.<\\\/p>\"}}]}]}]}],\"version\":\"2.6.7\"} --><\/p>\n","protected":false},"excerpt":{"rendered":"<p>Zestaw baterii podwodnych OceanTools OceanCELL Opcje \u0142adowalne i nie\u0142adowalne Standardowe opcje pojemno\u015bci do 38Ah Opcjonalna elektronika monitoruj\u0105ca napi\u0119cie G\u0142\u0119boko\u015bci znamionowe do 4000m karta katalogowa Seria pakiet\u00f3w baterii podwodnych OceanCELL jest odpowiednia do zasilania \u017cyrokompas\u00f3w, czujnik\u00f3w nachylenia, wy\u015bwietlaczy podwodnych i innego oprzyrz\u0105dowania. Zestaw OceanCELL-12 sk\u0142ada si\u0119 z pojedynczego zestawu baterii litowo-jonowo-polimerowych, zatwierdzonego znakiem UN 38.3, umieszczonego [&hellip;]<\/p>\n","protected":false},"author":10,"featured_media":0,"parent":0,"menu_order":0,"comment_status":"closed","ping_status":"closed","template":"","meta":{"footnotes":""},"class_list":["post-11085","page","type-page","status-publish","hentry"],"yoast_head":"<!-- This site is optimized with the Yoast SEO plugin v27.4 - https:\/\/yoast.com\/product\/yoast-seo-wordpress\/ -->\n<title>Zestaw baterii podwodnych OceanTools OceanCELL - ESCORT TECHNOLOGY<\/title>\n<meta name=\"robots\" content=\"index, follow, max-snippet:-1, max-image-preview:large, max-video-preview:-1\" \/>\n<link rel=\"canonical\" href=\"https:\/\/escort-technology.com\/pl\/zestaw-baterii-podwodnych-oceantools-oceancell\/\" \/>\n<meta property=\"og:locale\" content=\"pl_PL\" \/>\n<meta property=\"og:type\" content=\"article\" \/>\n<meta property=\"og:title\" content=\"Zestaw baterii podwodnych OceanTools OceanCELL - ESCORT TECHNOLOGY\" \/>\n<meta property=\"og:description\" content=\"Zestaw baterii podwodnych OceanTools OceanCELL Opcje \u0142adowalne i nie\u0142adowalne Standardowe opcje pojemno\u015bci do 38Ah Opcjonalna elektronika monitoruj\u0105ca napi\u0119cie G\u0142\u0119boko\u015bci znamionowe do 4000m karta katalogowa Seria pakiet\u00f3w baterii podwodnych OceanCELL jest odpowiednia do zasilania \u017cyrokompas\u00f3w, czujnik\u00f3w nachylenia, wy\u015bwietlaczy podwodnych i innego oprzyrz\u0105dowania. Zestaw OceanCELL-12 sk\u0142ada si\u0119 z pojedynczego zestawu baterii litowo-jonowo-polimerowych, zatwierdzonego znakiem UN 38.3, umieszczonego [&hellip;]\" \/>\n<meta property=\"og:url\" content=\"https:\/\/escort-technology.com\/pl\/zestaw-baterii-podwodnych-oceantools-oceancell\/\" \/>\n<meta property=\"og:site_name\" content=\"ESCORT TECHNOLOGY\" \/>\n<meta property=\"article:publisher\" content=\"https:\/\/www.facebook.com\/elektronika.morska\/\" \/>\n<meta property=\"article:modified_time\" content=\"2021-12-30T09:33:13+00:00\" \/>\n<meta property=\"og:image\" content=\"https:\/\/escort-technology.com\/wp-content\/uploads\/2021\/12\/MiniCELL-Battery-Pack.jpg\" \/>\n<meta name=\"twitter:card\" content=\"summary_large_image\" \/>\n<meta name=\"twitter:label1\" content=\"Szacowany czas czytania\" \/>\n\t<meta name=\"twitter:data1\" content=\"1 minuta\" \/>\n<script type=\"application\/ld+json\" class=\"yoast-schema-graph\">{\"@context\":\"https:\\\/\\\/schema.org\",\"@graph\":[{\"@type\":\"WebPage\",\"@id\":\"https:\\\/\\\/escort-technology.com\\\/zestaw-baterii-podwodnych-oceantools-oceancell\\\/\",\"url\":\"https:\\\/\\\/escort-technology.com\\\/zestaw-baterii-podwodnych-oceantools-oceancell\\\/\",\"name\":\"Zestaw baterii podwodnych OceanTools OceanCELL - ESCORT TECHNOLOGY\",\"isPartOf\":{\"@id\":\"http:\\\/\\\/escort-technology.com\\\/de\\\/#website\"},\"datePublished\":\"2021-12-30T08:47:03+00:00\",\"dateModified\":\"2021-12-30T09:33:13+00:00\",\"breadcrumb\":{\"@id\":\"https:\\\/\\\/escort-technology.com\\\/zestaw-baterii-podwodnych-oceantools-oceancell\\\/#breadcrumb\"},\"inLanguage\":\"pl-PL\",\"potentialAction\":[{\"@type\":\"ReadAction\",\"target\":[\"https:\\\/\\\/escort-technology.com\\\/zestaw-baterii-podwodnych-oceantools-oceancell\\\/\"]}]},{\"@type\":\"BreadcrumbList\",\"@id\":\"https:\\\/\\\/escort-technology.com\\\/zestaw-baterii-podwodnych-oceantools-oceancell\\\/#breadcrumb\",\"itemListElement\":[{\"@type\":\"ListItem\",\"position\":1,\"name\":\"Strona g\u0142\u00f3wna\",\"item\":\"https:\\\/\\\/escort-technology.com\\\/\"},{\"@type\":\"ListItem\",\"position\":2,\"name\":\"Zestaw baterii podwodnych OceanTools OceanCELL\"}]},{\"@type\":\"WebSite\",\"@id\":\"http:\\\/\\\/escort-technology.com\\\/de\\\/#website\",\"url\":\"http:\\\/\\\/escort-technology.com\\\/de\\\/\",\"name\":\"ESCORT TECHNOLOGY\",\"description\":\"Elektronika morska i l\u0105dowa\",\"publisher\":{\"@id\":\"http:\\\/\\\/escort-technology.com\\\/de\\\/#organization\"},\"potentialAction\":[{\"@type\":\"SearchAction\",\"target\":{\"@type\":\"EntryPoint\",\"urlTemplate\":\"http:\\\/\\\/escort-technology.com\\\/de\\\/?s={search_term_string}\"},\"query-input\":{\"@type\":\"PropertyValueSpecification\",\"valueRequired\":true,\"valueName\":\"search_term_string\"}}],\"inLanguage\":\"pl-PL\"},{\"@type\":\"Organization\",\"@id\":\"http:\\\/\\\/escort-technology.com\\\/de\\\/#organization\",\"name\":\"ESCORT TECHNOLOGY\",\"url\":\"http:\\\/\\\/escort-technology.com\\\/de\\\/\",\"logo\":{\"@type\":\"ImageObject\",\"inLanguage\":\"pl-PL\",\"@id\":\"http:\\\/\\\/escort-technology.com\\\/de\\\/#\\\/schema\\\/logo\\\/image\\\/\",\"url\":\"https:\\\/\\\/escort-technology.com\\\/wp-content\\\/uploads\\\/logo-1.jpg\",\"contentUrl\":\"https:\\\/\\\/escort-technology.com\\\/wp-content\\\/uploads\\\/logo-1.jpg\",\"width\":600,\"height\":165,\"caption\":\"ESCORT TECHNOLOGY\"},\"image\":{\"@id\":\"http:\\\/\\\/escort-technology.com\\\/de\\\/#\\\/schema\\\/logo\\\/image\\\/\"},\"sameAs\":[\"https:\\\/\\\/www.facebook.com\\\/elektronika.morska\\\/\",\"https:\\\/\\\/www.linkedin.com\\\/company\\\/escort-sp-z-o-o-\\\/\"]}]}<\/script>\n<!-- \/ Yoast SEO plugin. -->","yoast_head_json":{"title":"Zestaw baterii podwodnych OceanTools OceanCELL - ESCORT TECHNOLOGY","robots":{"index":"index","follow":"follow","max-snippet":"max-snippet:-1","max-image-preview":"max-image-preview:large","max-video-preview":"max-video-preview:-1"},"canonical":"https:\/\/escort-technology.com\/pl\/zestaw-baterii-podwodnych-oceantools-oceancell\/","og_locale":"pl_PL","og_type":"article","og_title":"Zestaw baterii podwodnych OceanTools OceanCELL - ESCORT TECHNOLOGY","og_description":"Zestaw baterii podwodnych OceanTools OceanCELL Opcje \u0142adowalne i nie\u0142adowalne Standardowe opcje pojemno\u015bci do 38Ah Opcjonalna elektronika monitoruj\u0105ca napi\u0119cie G\u0142\u0119boko\u015bci znamionowe do 4000m karta katalogowa Seria pakiet\u00f3w baterii podwodnych OceanCELL jest odpowiednia do zasilania \u017cyrokompas\u00f3w, czujnik\u00f3w nachylenia, wy\u015bwietlaczy podwodnych i innego oprzyrz\u0105dowania. Zestaw OceanCELL-12 sk\u0142ada si\u0119 z pojedynczego zestawu baterii litowo-jonowo-polimerowych, zatwierdzonego znakiem UN 38.3, umieszczonego [&hellip;]","og_url":"https:\/\/escort-technology.com\/pl\/zestaw-baterii-podwodnych-oceantools-oceancell\/","og_site_name":"ESCORT TECHNOLOGY","article_publisher":"https:\/\/www.facebook.com\/elektronika.morska\/","article_modified_time":"2021-12-30T09:33:13+00:00","og_image":[{"url":"https:\/\/escort-technology.com\/wp-content\/uploads\/2021\/12\/MiniCELL-Battery-Pack.jpg","type":"","width":"","height":""}],"twitter_card":"summary_large_image","twitter_misc":{"Szacowany czas czytania":"1 minuta"},"schema":{"@context":"https:\/\/schema.org","@graph":[{"@type":"WebPage","@id":"https:\/\/escort-technology.com\/zestaw-baterii-podwodnych-oceantools-oceancell\/","url":"https:\/\/escort-technology.com\/zestaw-baterii-podwodnych-oceantools-oceancell\/","name":"Zestaw baterii podwodnych OceanTools OceanCELL - ESCORT TECHNOLOGY","isPartOf":{"@id":"http:\/\/escort-technology.com\/de\/#website"},"datePublished":"2021-12-30T08:47:03+00:00","dateModified":"2021-12-30T09:33:13+00:00","breadcrumb":{"@id":"https:\/\/escort-technology.com\/zestaw-baterii-podwodnych-oceantools-oceancell\/#breadcrumb"},"inLanguage":"pl-PL","potentialAction":[{"@type":"ReadAction","target":["https:\/\/escort-technology.com\/zestaw-baterii-podwodnych-oceantools-oceancell\/"]}]},{"@type":"BreadcrumbList","@id":"https:\/\/escort-technology.com\/zestaw-baterii-podwodnych-oceantools-oceancell\/#breadcrumb","itemListElement":[{"@type":"ListItem","position":1,"name":"Strona g\u0142\u00f3wna","item":"https:\/\/escort-technology.com\/"},{"@type":"ListItem","position":2,"name":"Zestaw baterii podwodnych OceanTools OceanCELL"}]},{"@type":"WebSite","@id":"http:\/\/escort-technology.com\/de\/#website","url":"http:\/\/escort-technology.com\/de\/","name":"ESCORT TECHNOLOGY","description":"Elektronika morska i l\u0105dowa","publisher":{"@id":"http:\/\/escort-technology.com\/de\/#organization"},"potentialAction":[{"@type":"SearchAction","target":{"@type":"EntryPoint","urlTemplate":"http:\/\/escort-technology.com\/de\/?s={search_term_string}"},"query-input":{"@type":"PropertyValueSpecification","valueRequired":true,"valueName":"search_term_string"}}],"inLanguage":"pl-PL"},{"@type":"Organization","@id":"http:\/\/escort-technology.com\/de\/#organization","name":"ESCORT TECHNOLOGY","url":"http:\/\/escort-technology.com\/de\/","logo":{"@type":"ImageObject","inLanguage":"pl-PL","@id":"http:\/\/escort-technology.com\/de\/#\/schema\/logo\/image\/","url":"https:\/\/escort-technology.com\/wp-content\/uploads\/logo-1.jpg","contentUrl":"https:\/\/escort-technology.com\/wp-content\/uploads\/logo-1.jpg","width":600,"height":165,"caption":"ESCORT TECHNOLOGY"},"image":{"@id":"http:\/\/escort-technology.com\/de\/#\/schema\/logo\/image\/"},"sameAs":["https:\/\/www.facebook.com\/elektronika.morska\/","https:\/\/www.linkedin.com\/company\/escort-sp-z-o-o-\/"]}]}},"_links":{"self":[{"href":"https:\/\/escort-technology.com\/pl\/wp-json\/wp\/v2\/pages\/11085","targetHints":{"allow":["GET"]}}],"collection":[{"href":"https:\/\/escort-technology.com\/pl\/wp-json\/wp\/v2\/pages"}],"about":[{"href":"https:\/\/escort-technology.com\/pl\/wp-json\/wp\/v2\/types\/page"}],"author":[{"embeddable":true,"href":"https:\/\/escort-technology.com\/pl\/wp-json\/wp\/v2\/users\/10"}],"replies":[{"embeddable":true,"href":"https:\/\/escort-technology.com\/pl\/wp-json\/wp\/v2\/comments?post=11085"}],"version-history":[{"count":10,"href":"https:\/\/escort-technology.com\/pl\/wp-json\/wp\/v2\/pages\/11085\/revisions"}],"predecessor-version":[{"id":11097,"href":"https:\/\/escort-technology.com\/pl\/wp-json\/wp\/v2\/pages\/11085\/revisions\/11097"}],"wp:attachment":[{"href":"https:\/\/escort-technology.com\/pl\/wp-json\/wp\/v2\/media?parent=11085"}],"curies":[{"name":"wp","href":"https:\/\/api.w.org\/{rel}","templated":true}]}}