{"id":11203,"date":"2021-12-30T13:44:54","date_gmt":"2021-12-30T12:44:54","guid":{"rendered":"https:\/\/escort-technology.com\/?page_id=11203"},"modified":"2021-12-30T13:49:12","modified_gmt":"2021-12-30T12:49:12","slug":"urzadzenia-wideo-z-aktywacja-glebokosci-oceantools-dave","status":"publish","type":"page","link":"https:\/\/escort-technology.com\/pl\/urzadzenia-wideo-z-aktywacja-glebokosci-oceantools-dave\/","title":{"rendered":"Urz\u0105dzenia wideo z aktywacj\u0105 g\u0142\u0119boko\u015bci OceanTools DAVE"},"content":{"rendered":"<h1>\n<h1 class=\"uk-article-title\">Urz\u0105dzenia wideo z aktywacj\u0105 g\u0142\u0119boko\u015bci OceanTools DAVE<\/h1>\n<\/h1>\n<hr>\n<div>\n<p>Urz\u0105dzenia wideo z aktywacj\u0105 g\u0142\u0119boko\u015bci<\/p>\n<ul>\n<li>Kamera HD z integralnym zapisem wideo<\/li>\n<li>O\u015bwietlenie podwodne LED<\/li>\n<li>Wy\u0142\u0105cznik ci\u015bnieniowy przed\u0142u\u017caj\u0105cy \u017cywotno\u015b\u0107 baterii<\/li>\n<li>G\u0142\u0119boko\u015b\u0107 6000 m<\/li>\n<\/ul>\n<\/div>\n<p>\n    <a href=\"http:\/\/data.oceantools.co.uk\/Datasheets\/Depth-Activated-Video-Equipment.pdf\">karta katalogowa <\/a>\n<\/p>\n<p><img decoding=\"async\" src=\"\/wp-content\/uploads\/2021\/12\/Depth-Activated-Video-Equipment.jpg\" alt=\"\"><\/p>\n<div>\n<p>Depth Activated Video Equipment (DAVE) \u0142\u0105czy w sobie kilka wysokiej jako\u015bci produkt\u00f3w wideo i pomocniczych firmy OceanTools w jednym zintegrowanym pakiecie, o g\u0142\u0119boko\u015bci znamionowej 6000m. Prze\u0142\u0105cznik ci\u015bnieniowy SmartSWITCH jest zaprogramowany tak, aby w\u0142\u0105cza\u0142 zasilanie kamery podwodnej i o\u015bwietlenia na okre\u015blonej g\u0142\u0119boko\u015bci i wy\u0142\u0105cza\u0142 je ponownie po osi\u0105gni\u0119ciu drugiej g\u0142\u0119boko\u015bci. To znacznie wyd\u0142u\u017ca \u017cywotno\u015b\u0107 baterii w operacjach g\u0142\u0119binowych, takich jak badania naukowe, wydobycie minera\u0142\u00f3w oraz poszukiwanie ropy naftowej i gazu.<\/p>\n<p>Sercem systemu jest nasza najlepiej sprzedaj\u0105ca si\u0119 kamera IP C4-10 HD ze zintegrowanym zapisem wideo. Kamera mo\u017ce zarejestrowa\u0107 do tygodnia materia\u0142u wideo w jako\u015bci HD, a nast\u0119pnie odtworzy\u0107 go bez konieczno\u015bci otwierania. Pakiet mo\u017ce r\u00f3wnie\u017c zawiera\u0107 jedno lub dwa profesjonalne podwodne reflektory LED L5 oraz jeden lub dwa zestawy akumulator\u00f3w OceanCELL-12, w zale\u017cno\u015bci od wymaganego poziomu o\u015bwietlenia i czasu pracy.<\/p>\n<div id=\"target-dummydiv\" class=\"lmt__textarea lmt__textarea_dummydiv\" lang=\"pl-PL\"><\/div>\n<\/div>\n<p><!--more--><br \/>\n<!-- {\"type\":\"layout\",\"children\":[{\"type\":\"section\",\"props\":{\"style\":\"default\",\"width\":\"default\",\"vertical_align\":\"middle\",\"title_position\":\"top-left\",\"title_rotation\":\"left\",\"title_breakpoint\":\"xl\",\"image_position\":\"center-center\"},\"children\":[{\"type\":\"row\",\"children\":[{\"type\":\"column\",\"props\":{\"image_position\":\"center-center\",\"media_overlay_gradient\":\"\"},\"children\":[{\"type\":\"headline\",\"props\":{\"title_element\":\"h1\",\"content\":\"\n\n<h1 class=\\\"uk-article-title\\\">Urz\\u0105dzenia wideo z aktywacj\\u0105 g\\u0142\\u0119boko\\u015bci OceanTools DAVE<\\\/h1>\"}},{\"type\":\"divider\",\"props\":{\"divider_element\":\"hr\"}}]}]}]},{\"type\":\"section\",\"props\":{\"style\":\"default\",\"width\":\"default\",\"vertical_align\":\"middle\",\"title_position\":\"top-left\",\"title_rotation\":\"left\",\"title_breakpoint\":\"xl\",\"image_position\":\"center-center\"},\"children\":[{\"type\":\"row\",\"props\":{\"layout\":\"1-2,1-2\"},\"children\":[{\"type\":\"column\",\"props\":{\"image_position\":\"center-center\",\"media_overlay_gradient\":\"\",\"width_medium\":\"1-2\"},\"children\":[{\"type\":\"text\",\"props\":{\"margin\":\"default\",\"column_breakpoint\":\"m\",\"content\":\"\n\n<p>Urz\\u0105dzenia wideo z aktywacj\\u0105 g\\u0142\\u0119boko\\u015bci<\\\/p>\\n\n\n<ul>\\n\n\n<li>Kamera HD z integralnym zapisem wideo<\\\/li>\\n\n\n<li>O\\u015bwietlenie podwodne LED<\\\/li>\\n\n\n<li>Wy\\u0142\\u0105cznik ci\\u015bnieniowy przed\\u0142u\\u017caj\\u0105cy \\u017cywotno\\u015b\\u0107 baterii<\\\/li>\\n\n\n<li>G\\u0142\\u0119boko\\u015b\\u0107 6000 m<\\\/li>\\n<\\\/ul>\"}},{\"type\":\"button\",\"props\":{\"grid_column_gap\":\"small\",\"grid_row_gap\":\"small\",\"margin\":\"default\",\"text_align\":\"center\"},\"children\":[{\"type\":\"button_item\",\"props\":{\"button_style\":\"default\",\"icon_align\":\"left\",\"content\":\"karta katalogowa \",\"link\":\"http:\\\/\\\/data.oceantools.co.uk\\\/Datasheets\\\/Depth-Activated-Video-Equipment.pdf\"}}]}]},{\"type\":\"column\",\"props\":{\"image_position\":\"center-center\",\"media_overlay_gradient\":\"\",\"width_medium\":\"1-2\"},\"children\":[{\"type\":\"image\",\"props\":{\"margin\":\"default\",\"image_svg_color\":\"emphasis\",\"image\":\"wp-content\\\/uploads\\\/2021\\\/12\\\/Depth-Activated-Video-Equipment.jpg\"}}]}]}]},{\"type\":\"section\",\"props\":{\"style\":\"default\",\"width\":\"default\",\"vertical_align\":\"middle\",\"title_position\":\"top-left\",\"title_rotation\":\"left\",\"title_breakpoint\":\"xl\",\"image_position\":\"center-center\"},\"children\":[{\"type\":\"row\",\"children\":[{\"type\":\"column\",\"props\":{\"image_position\":\"center-center\",\"media_overlay_gradient\":\"\"},\"children\":[{\"type\":\"text\",\"props\":{\"margin\":\"default\",\"column_breakpoint\":\"m\",\"content\":\"\n\n<p>Depth Activated Video Equipment (DAVE) \\u0142\\u0105czy w sobie kilka wysokiej jako\\u015bci produkt\\u00f3w wideo i pomocniczych firmy OceanTools w jednym zintegrowanym pakiecie, o g\\u0142\\u0119boko\\u015bci znamionowej 6000m. Prze\\u0142\\u0105cznik ci\\u015bnieniowy SmartSWITCH jest zaprogramowany tak, aby w\\u0142\\u0105cza\\u0142 zasilanie kamery podwodnej i o\\u015bwietlenia na okre\\u015blonej g\\u0142\\u0119boko\\u015bci i wy\\u0142\\u0105cza\\u0142 je ponownie po osi\\u0105gni\\u0119ciu drugiej g\\u0142\\u0119boko\\u015bci. To znacznie wyd\\u0142u\\u017ca \\u017cywotno\\u015b\\u0107 baterii w operacjach g\\u0142\\u0119binowych, takich jak badania naukowe, wydobycie minera\\u0142\\u00f3w oraz poszukiwanie ropy naftowej i gazu.<\\\/p>\\n\n\n<p>Sercem systemu jest nasza najlepiej sprzedaj\\u0105ca si\\u0119 kamera IP C4-10 HD ze zintegrowanym zapisem wideo. Kamera mo\\u017ce zarejestrowa\\u0107 do tygodnia materia\\u0142u wideo w jako\\u015bci HD, a nast\\u0119pnie odtworzy\\u0107 go bez konieczno\\u015bci otwierania. Pakiet mo\\u017ce r\\u00f3wnie\\u017c zawiera\\u0107 jedno lub dwa profesjonalne podwodne reflektory LED L5 oraz jeden lub dwa zestawy akumulator\\u00f3w OceanCELL-12, w zale\\u017cno\\u015bci od wymaganego poziomu o\\u015bwietlenia i czasu pracy.<\\\/p>\\n\n\n<div id=\\\"target-dummydiv\\\" class=\\\"lmt__textarea lmt__textarea_dummydiv\\\" lang=\\\"pl-PL\\\"><\\\/div>\"}}]}]}]}],\"version\":\"2.6.7\"} --><\/p>\n","protected":false},"excerpt":{"rendered":"<p>Urz\u0105dzenia wideo z aktywacj\u0105 g\u0142\u0119boko\u015bci OceanTools DAVE Urz\u0105dzenia wideo z aktywacj\u0105 g\u0142\u0119boko\u015bci Kamera HD z integralnym zapisem wideo O\u015bwietlenie podwodne LED Wy\u0142\u0105cznik ci\u015bnieniowy przed\u0142u\u017caj\u0105cy \u017cywotno\u015b\u0107 baterii G\u0142\u0119boko\u015b\u0107 6000 m karta katalogowa Depth Activated Video Equipment (DAVE) \u0142\u0105czy w sobie kilka wysokiej jako\u015bci produkt\u00f3w wideo i pomocniczych firmy OceanTools w jednym zintegrowanym pakiecie, o g\u0142\u0119boko\u015bci znamionowej [&hellip;]<\/p>\n","protected":false},"author":10,"featured_media":0,"parent":0,"menu_order":0,"comment_status":"closed","ping_status":"closed","template":"","meta":{"footnotes":""},"class_list":["post-11203","page","type-page","status-publish","hentry"],"yoast_head":"<!-- This site is optimized with the Yoast SEO plugin v27.5 - https:\/\/yoast.com\/product\/yoast-seo-wordpress\/ -->\n<title>Urz\u0105dzenia wideo z aktywacj\u0105 g\u0142\u0119boko\u015bci OceanTools DAVE - ESCORT TECHNOLOGY<\/title>\n<meta name=\"robots\" content=\"index, follow, max-snippet:-1, max-image-preview:large, max-video-preview:-1\" \/>\n<link rel=\"canonical\" href=\"https:\/\/escort-technology.com\/pl\/urzadzenia-wideo-z-aktywacja-glebokosci-oceantools-dave\/\" \/>\n<meta property=\"og:locale\" content=\"pl_PL\" \/>\n<meta property=\"og:type\" content=\"article\" \/>\n<meta property=\"og:title\" content=\"Urz\u0105dzenia wideo z aktywacj\u0105 g\u0142\u0119boko\u015bci OceanTools DAVE - ESCORT TECHNOLOGY\" \/>\n<meta property=\"og:description\" content=\"Urz\u0105dzenia wideo z aktywacj\u0105 g\u0142\u0119boko\u015bci OceanTools DAVE Urz\u0105dzenia wideo z aktywacj\u0105 g\u0142\u0119boko\u015bci Kamera HD z integralnym zapisem wideo O\u015bwietlenie podwodne LED Wy\u0142\u0105cznik ci\u015bnieniowy przed\u0142u\u017caj\u0105cy \u017cywotno\u015b\u0107 baterii G\u0142\u0119boko\u015b\u0107 6000 m karta katalogowa Depth Activated Video Equipment (DAVE) \u0142\u0105czy w sobie kilka wysokiej jako\u015bci produkt\u00f3w wideo i pomocniczych firmy OceanTools w jednym zintegrowanym pakiecie, o g\u0142\u0119boko\u015bci znamionowej [&hellip;]\" \/>\n<meta property=\"og:url\" content=\"https:\/\/escort-technology.com\/pl\/urzadzenia-wideo-z-aktywacja-glebokosci-oceantools-dave\/\" \/>\n<meta property=\"og:site_name\" content=\"ESCORT TECHNOLOGY\" \/>\n<meta property=\"article:publisher\" content=\"https:\/\/www.facebook.com\/elektronika.morska\/\" \/>\n<meta property=\"article:modified_time\" content=\"2021-12-30T12:49:12+00:00\" \/>\n<meta property=\"og:image\" content=\"https:\/\/escort-technology.com\/wp-content\/uploads\/2021\/12\/Depth-Activated-Video-Equipment.jpg\" \/>\n<meta name=\"twitter:card\" content=\"summary_large_image\" \/>\n<meta name=\"twitter:label1\" content=\"Szacowany czas czytania\" \/>\n\t<meta name=\"twitter:data1\" content=\"1 minuta\" \/>\n<script type=\"application\/ld+json\" class=\"yoast-schema-graph\">{\"@context\":\"https:\\\/\\\/schema.org\",\"@graph\":[{\"@type\":\"WebPage\",\"@id\":\"https:\\\/\\\/escort-technology.com\\\/urzadzenia-wideo-z-aktywacja-glebokosci-oceantools-dave\\\/\",\"url\":\"https:\\\/\\\/escort-technology.com\\\/urzadzenia-wideo-z-aktywacja-glebokosci-oceantools-dave\\\/\",\"name\":\"Urz\u0105dzenia wideo z aktywacj\u0105 g\u0142\u0119boko\u015bci OceanTools DAVE - ESCORT TECHNOLOGY\",\"isPartOf\":{\"@id\":\"http:\\\/\\\/escort-technology.com\\\/de\\\/#website\"},\"datePublished\":\"2021-12-30T12:44:54+00:00\",\"dateModified\":\"2021-12-30T12:49:12+00:00\",\"breadcrumb\":{\"@id\":\"https:\\\/\\\/escort-technology.com\\\/urzadzenia-wideo-z-aktywacja-glebokosci-oceantools-dave\\\/#breadcrumb\"},\"inLanguage\":\"pl-PL\",\"potentialAction\":[{\"@type\":\"ReadAction\",\"target\":[\"https:\\\/\\\/escort-technology.com\\\/urzadzenia-wideo-z-aktywacja-glebokosci-oceantools-dave\\\/\"]}]},{\"@type\":\"BreadcrumbList\",\"@id\":\"https:\\\/\\\/escort-technology.com\\\/urzadzenia-wideo-z-aktywacja-glebokosci-oceantools-dave\\\/#breadcrumb\",\"itemListElement\":[{\"@type\":\"ListItem\",\"position\":1,\"name\":\"Strona g\u0142\u00f3wna\",\"item\":\"https:\\\/\\\/escort-technology.com\\\/\"},{\"@type\":\"ListItem\",\"position\":2,\"name\":\"Urz\u0105dzenia wideo z aktywacj\u0105 g\u0142\u0119boko\u015bci OceanTools DAVE\"}]},{\"@type\":\"WebSite\",\"@id\":\"http:\\\/\\\/escort-technology.com\\\/de\\\/#website\",\"url\":\"http:\\\/\\\/escort-technology.com\\\/de\\\/\",\"name\":\"ESCORT TECHNOLOGY\",\"description\":\"Elektronika morska i l\u0105dowa\",\"publisher\":{\"@id\":\"http:\\\/\\\/escort-technology.com\\\/de\\\/#organization\"},\"potentialAction\":[{\"@type\":\"SearchAction\",\"target\":{\"@type\":\"EntryPoint\",\"urlTemplate\":\"http:\\\/\\\/escort-technology.com\\\/de\\\/?s={search_term_string}\"},\"query-input\":{\"@type\":\"PropertyValueSpecification\",\"valueRequired\":true,\"valueName\":\"search_term_string\"}}],\"inLanguage\":\"pl-PL\"},{\"@type\":\"Organization\",\"@id\":\"http:\\\/\\\/escort-technology.com\\\/de\\\/#organization\",\"name\":\"ESCORT TECHNOLOGY\",\"url\":\"http:\\\/\\\/escort-technology.com\\\/de\\\/\",\"logo\":{\"@type\":\"ImageObject\",\"inLanguage\":\"pl-PL\",\"@id\":\"http:\\\/\\\/escort-technology.com\\\/de\\\/#\\\/schema\\\/logo\\\/image\\\/\",\"url\":\"https:\\\/\\\/escort-technology.com\\\/wp-content\\\/uploads\\\/logo-1.jpg\",\"contentUrl\":\"https:\\\/\\\/escort-technology.com\\\/wp-content\\\/uploads\\\/logo-1.jpg\",\"width\":600,\"height\":165,\"caption\":\"ESCORT TECHNOLOGY\"},\"image\":{\"@id\":\"http:\\\/\\\/escort-technology.com\\\/de\\\/#\\\/schema\\\/logo\\\/image\\\/\"},\"sameAs\":[\"https:\\\/\\\/www.facebook.com\\\/elektronika.morska\\\/\",\"https:\\\/\\\/www.linkedin.com\\\/company\\\/escort-sp-z-o-o-\\\/\"]}]}<\/script>\n<!-- \/ Yoast SEO plugin. -->","yoast_head_json":{"title":"Urz\u0105dzenia wideo z aktywacj\u0105 g\u0142\u0119boko\u015bci OceanTools DAVE - ESCORT TECHNOLOGY","robots":{"index":"index","follow":"follow","max-snippet":"max-snippet:-1","max-image-preview":"max-image-preview:large","max-video-preview":"max-video-preview:-1"},"canonical":"https:\/\/escort-technology.com\/pl\/urzadzenia-wideo-z-aktywacja-glebokosci-oceantools-dave\/","og_locale":"pl_PL","og_type":"article","og_title":"Urz\u0105dzenia wideo z aktywacj\u0105 g\u0142\u0119boko\u015bci OceanTools DAVE - ESCORT TECHNOLOGY","og_description":"Urz\u0105dzenia wideo z aktywacj\u0105 g\u0142\u0119boko\u015bci OceanTools DAVE Urz\u0105dzenia wideo z aktywacj\u0105 g\u0142\u0119boko\u015bci Kamera HD z integralnym zapisem wideo O\u015bwietlenie podwodne LED Wy\u0142\u0105cznik ci\u015bnieniowy przed\u0142u\u017caj\u0105cy \u017cywotno\u015b\u0107 baterii G\u0142\u0119boko\u015b\u0107 6000 m karta katalogowa Depth Activated Video Equipment (DAVE) \u0142\u0105czy w sobie kilka wysokiej jako\u015bci produkt\u00f3w wideo i pomocniczych firmy OceanTools w jednym zintegrowanym pakiecie, o g\u0142\u0119boko\u015bci znamionowej [&hellip;]","og_url":"https:\/\/escort-technology.com\/pl\/urzadzenia-wideo-z-aktywacja-glebokosci-oceantools-dave\/","og_site_name":"ESCORT TECHNOLOGY","article_publisher":"https:\/\/www.facebook.com\/elektronika.morska\/","article_modified_time":"2021-12-30T12:49:12+00:00","og_image":[{"url":"https:\/\/escort-technology.com\/wp-content\/uploads\/2021\/12\/Depth-Activated-Video-Equipment.jpg","type":"","width":"","height":""}],"twitter_card":"summary_large_image","twitter_misc":{"Szacowany czas czytania":"1 minuta"},"schema":{"@context":"https:\/\/schema.org","@graph":[{"@type":"WebPage","@id":"https:\/\/escort-technology.com\/urzadzenia-wideo-z-aktywacja-glebokosci-oceantools-dave\/","url":"https:\/\/escort-technology.com\/urzadzenia-wideo-z-aktywacja-glebokosci-oceantools-dave\/","name":"Urz\u0105dzenia wideo z aktywacj\u0105 g\u0142\u0119boko\u015bci OceanTools DAVE - ESCORT TECHNOLOGY","isPartOf":{"@id":"http:\/\/escort-technology.com\/de\/#website"},"datePublished":"2021-12-30T12:44:54+00:00","dateModified":"2021-12-30T12:49:12+00:00","breadcrumb":{"@id":"https:\/\/escort-technology.com\/urzadzenia-wideo-z-aktywacja-glebokosci-oceantools-dave\/#breadcrumb"},"inLanguage":"pl-PL","potentialAction":[{"@type":"ReadAction","target":["https:\/\/escort-technology.com\/urzadzenia-wideo-z-aktywacja-glebokosci-oceantools-dave\/"]}]},{"@type":"BreadcrumbList","@id":"https:\/\/escort-technology.com\/urzadzenia-wideo-z-aktywacja-glebokosci-oceantools-dave\/#breadcrumb","itemListElement":[{"@type":"ListItem","position":1,"name":"Strona g\u0142\u00f3wna","item":"https:\/\/escort-technology.com\/"},{"@type":"ListItem","position":2,"name":"Urz\u0105dzenia wideo z aktywacj\u0105 g\u0142\u0119boko\u015bci OceanTools DAVE"}]},{"@type":"WebSite","@id":"http:\/\/escort-technology.com\/de\/#website","url":"http:\/\/escort-technology.com\/de\/","name":"ESCORT TECHNOLOGY","description":"Elektronika morska i l\u0105dowa","publisher":{"@id":"http:\/\/escort-technology.com\/de\/#organization"},"potentialAction":[{"@type":"SearchAction","target":{"@type":"EntryPoint","urlTemplate":"http:\/\/escort-technology.com\/de\/?s={search_term_string}"},"query-input":{"@type":"PropertyValueSpecification","valueRequired":true,"valueName":"search_term_string"}}],"inLanguage":"pl-PL"},{"@type":"Organization","@id":"http:\/\/escort-technology.com\/de\/#organization","name":"ESCORT TECHNOLOGY","url":"http:\/\/escort-technology.com\/de\/","logo":{"@type":"ImageObject","inLanguage":"pl-PL","@id":"http:\/\/escort-technology.com\/de\/#\/schema\/logo\/image\/","url":"https:\/\/escort-technology.com\/wp-content\/uploads\/logo-1.jpg","contentUrl":"https:\/\/escort-technology.com\/wp-content\/uploads\/logo-1.jpg","width":600,"height":165,"caption":"ESCORT TECHNOLOGY"},"image":{"@id":"http:\/\/escort-technology.com\/de\/#\/schema\/logo\/image\/"},"sameAs":["https:\/\/www.facebook.com\/elektronika.morska\/","https:\/\/www.linkedin.com\/company\/escort-sp-z-o-o-\/"]}]}},"_links":{"self":[{"href":"https:\/\/escort-technology.com\/pl\/wp-json\/wp\/v2\/pages\/11203","targetHints":{"allow":["GET"]}}],"collection":[{"href":"https:\/\/escort-technology.com\/pl\/wp-json\/wp\/v2\/pages"}],"about":[{"href":"https:\/\/escort-technology.com\/pl\/wp-json\/wp\/v2\/types\/page"}],"author":[{"embeddable":true,"href":"https:\/\/escort-technology.com\/pl\/wp-json\/wp\/v2\/users\/10"}],"replies":[{"embeddable":true,"href":"https:\/\/escort-technology.com\/pl\/wp-json\/wp\/v2\/comments?post=11203"}],"version-history":[{"count":13,"href":"https:\/\/escort-technology.com\/pl\/wp-json\/wp\/v2\/pages\/11203\/revisions"}],"predecessor-version":[{"id":11218,"href":"https:\/\/escort-technology.com\/pl\/wp-json\/wp\/v2\/pages\/11203\/revisions\/11218"}],"wp:attachment":[{"href":"https:\/\/escort-technology.com\/pl\/wp-json\/wp\/v2\/media?parent=11203"}],"curies":[{"name":"wp","href":"https:\/\/api.w.org\/{rel}","templated":true}]}}