{"id":11348,"date":"2022-03-30T12:42:49","date_gmt":"2022-03-30T10:42:49","guid":{"rendered":"https:\/\/escort-technology.com\/?page_id=11348"},"modified":"2022-05-11T10:01:51","modified_gmt":"2022-05-11T08:01:51","slug":"sonar-sieciowy-simrad-fs70","status":"publish","type":"page","link":"https:\/\/escort-technology.com\/pl\/sonar-sieciowy-simrad-fs70\/","title":{"rendered":"Sonar sieciowy Simrad FS70"},"content":{"rendered":"<h1>\n<h1 class=\"uk-article-title\">Sonar sieciowy Simrad FS70<\/h1>\n<\/h1>\n<hr>\n<p><img decoding=\"async\" src=\"\/wp-content\/uploads\/2022\/03\/FS70.jpg\" alt=\"\"><\/p>\n<div>\n<p><strong>Simrad FS70 to sonar sieciowy, kablowy do skutecznego monitorowania po\u0142o\u017cenia sieci i warunk\u00f3w po\u0142owu.\u00a0<\/strong><\/p>\n<\/div>\n<p>\n    <a href=\"https:\/\/www.simrad.online\/cat\/fishery_cm_en_a4_hires.pdf\">Katalog produkt\u00f3w <\/a>\n<\/p>\n<div>\n<p>Sonar sieciowy Simrad FS70 zapewnia &#8222;pe\u0142ny obraz&#8221;. Komunikacja mi\u0119dzy sonarem a statkiem odbywa si\u0119 za pomoc\u0105 kabla.\u00a0\u00a0Jednocze\u015bnie zanurzona jednostka komunikuje si\u0119 z wieloma czujnikami PX, PI, PS lub FA za pomoc\u0105 \u0142\u0105czy hydroakustycznych. Jednostka zawiera echosond\u0119 pracuj\u0105c\u0105 na cz\u0119stotliwo\u015bci 200 kHz.<\/p>\n<p>Dzi\u0119ki prezentacji wizualnej na mostku u\u017cytkownik otrzymuje wyra\u017any obraz otwarcia w\u0142oka oraz informacje z czujnik\u00f3w. To zaawansowane rozwi\u0105zanie umo\u017cliwia pe\u0142n\u0105 kontrol\u0119 nad ka\u017cdym rodzajem po\u0142ow\u00f3w, a dzi\u0119ki informacjom mo\u017cna zwi\u0119kszy\u0107 jako\u015b\u0107 po\u0142ow\u00f3w i wydajno\u015b\u0107 pracy na morzu.<\/p>\n<\/div>\n<div>\n<h2><strong>Specyfikacja techniczna<\/strong><\/h2>\n<p><strong>Firma Simrad jest zaanga\u017cowana w ci\u0105g\u0142y rozw\u00f3j swoich produkt\u00f3w i zastrzega sobie prawo do zmiany specyfikacji bez wcze\u015bniejszego powiadomienia.<\/strong><\/p>\n<\/div>\n<div>\n<p><strong>Panel kontrolny<\/strong><\/p>\n<p>Systemy operacyjne:<br \/>Komputer: Microsoft Windows XP<br \/>Sonar: Winson<br \/>Cechy komputera:<br \/>Dysk twardy 40 Gb<br \/>Interfejs RS-232<br \/>Interfejs USB<br \/>Podw\u00f3jny wy\u015bwietlacz<br \/>Karta d\u017awi\u0119kowa<br \/>Interfejs sieciowy (LAN)<br \/>Wymagania dotycz\u0105ce zasilania: 115 lub 230 Vac<br \/>Wymiary fizyczne: 40 x 33 x 10 cm<\/p>\n<p><strong>G\u0142owica sonaru<\/strong><\/p>\n<p>Typy g\u0142owic sonarowych:<br \/>Sonar pionowy<br \/>Echosonda<br \/>Cz\u0119stotliwo\u015bci pracy:<br \/>Sonar: 120 kHz lub 330 kHz<br \/>Echosonda: 200 kHz<br \/>Szeroko\u015b\u0107 wi\u0105zki sonaru:<br \/>120 khz: 5 x 40\u00b0<br \/>330 Khz: 1,9 x 20\u00b0<br \/>Szeroko\u015b\u0107 wi\u0105zki echosondy: 10 x 20\u00b0<br \/>G\u0142\u0119boko\u015b\u0107 2000 metr\u00f3w<br \/>Interfejsy czujnik\u00f3w:<br \/>Temperatura<br \/>G\u0142\u0119boko\u015b\u0107<br \/>Po\u0142\u00f3w<br \/>Moc nadawania: Mo\u017cliwo\u015b\u0107 wyboru, maks. 1kW<br \/>D\u0142ugo\u015b\u0107 impulsu nadawania: Do wyboru<br \/>Ustawienie TVG: Do wyboru, a tak\u017ce 20, 30, 40 i log u\u017cytkownika<br \/>Format interfejsu: NMEA<\/p>\n<p><strong>Modu\u0142 zasilania\/TTM<\/strong><\/p>\n<p>Wymagania dotycz\u0105ce zasilania: 115 lub 230 Vac<br \/>Wymiary fizyczne: 43 x 41 x 21 cm<\/p>\n<p><strong>Modu\u0142 w\u0142oka<\/strong><\/p>\n<p>Materia\u0142: Poliuretan z elementami z\u0142\u0105cznymi z SS<br \/>Wymiary fizyczne: 79 x 43 x 27 cm<br \/>Waga w powietrzu (kompletna): 28 kg<\/p>\n<\/p>\n<\/div>\n<p><!--more--><br \/>\n<!-- {\"type\":\"layout\",\"children\":[{\"type\":\"section\",\"props\":{\"style\":\"default\",\"width\":\"default\",\"vertical_align\":\"middle\",\"title_position\":\"top-left\",\"title_rotation\":\"left\",\"title_breakpoint\":\"xl\",\"image_position\":\"center-center\"},\"children\":[{\"type\":\"row\",\"children\":[{\"type\":\"column\",\"props\":{\"image_position\":\"center-center\",\"media_overlay_gradient\":\"\"},\"children\":[{\"type\":\"headline\",\"props\":{\"title_element\":\"h1\",\"content\":\"\n\n<h1 class=\\\"uk-article-title\\\">Sonar sieciowy Simrad FS70<\\\/h1>\"}},{\"type\":\"divider\",\"props\":{\"divider_element\":\"hr\"}}]}]}]},{\"type\":\"section\",\"props\":{\"style\":\"default\",\"width\":\"default\",\"vertical_align\":\"middle\",\"title_position\":\"top-left\",\"title_rotation\":\"left\",\"title_breakpoint\":\"xl\",\"image_position\":\"center-center\"},\"children\":[{\"type\":\"row\",\"props\":{\"layout\":\"1-2,1-2\"},\"children\":[{\"type\":\"column\",\"props\":{\"image_position\":\"center-center\",\"media_overlay_gradient\":\"\",\"width_medium\":\"1-2\"},\"children\":[{\"type\":\"image\",\"props\":{\"margin\":\"default\",\"image_svg_color\":\"emphasis\",\"image\":\"wp-content\\\/uploads\\\/2022\\\/03\\\/FS70.jpg\"}}]},{\"type\":\"column\",\"props\":{\"image_position\":\"center-center\",\"media_overlay_gradient\":\"\",\"width_medium\":\"1-2\"},\"children\":[{\"type\":\"text\",\"props\":{\"margin\":\"default\",\"column_breakpoint\":\"m\",\"content\":\"\n\n<p><strong>Simrad FS70 to sonar sieciowy, kablowy do skutecznego monitorowania po\\u0142o\\u017cenia sieci i warunk\\u00f3w po\\u0142owu.\\u00a0<\\\/strong><\\\/p>\"}},{\"type\":\"button\",\"props\":{\"grid_column_gap\":\"small\",\"grid_row_gap\":\"small\",\"margin\":\"default\",\"text_align\":\"center\"},\"children\":[{\"type\":\"button_item\",\"props\":{\"button_style\":\"default\",\"icon_align\":\"left\",\"content\":\"Katalog produkt\\u00f3w \",\"link\":\"https:\\\/\\\/www.simrad.online\\\/cat\\\/fishery_cm_en_a4_hires.pdf\"}}]}]}]}]},{\"type\":\"section\",\"props\":{\"style\":\"default\",\"width\":\"default\",\"vertical_align\":\"middle\",\"title_position\":\"top-left\",\"title_rotation\":\"left\",\"title_breakpoint\":\"xl\",\"image_position\":\"center-center\"},\"children\":[{\"type\":\"row\",\"children\":[{\"type\":\"column\",\"props\":{\"image_position\":\"center-center\",\"media_overlay_gradient\":\"\"},\"children\":[{\"type\":\"text\",\"props\":{\"margin\":\"default\",\"column_breakpoint\":\"m\",\"content\":\"\n\n<p>Sonar sieciowy Simrad FS70 zapewnia \\\"pe\\u0142ny obraz\\\". Komunikacja mi\\u0119dzy sonarem a statkiem odbywa si\\u0119 za pomoc\\u0105 kabla.\\u00a0\\u00a0Jednocze\\u015bnie zanurzona jednostka komunikuje si\\u0119 z wieloma czujnikami PX, PI, PS lub FA za pomoc\\u0105 \\u0142\\u0105czy hydroakustycznych. Jednostka zawiera echosond\\u0119 pracuj\\u0105c\\u0105 na cz\\u0119stotliwo\\u015bci 200 kHz.<\\\/p>\\n\n\n<p>Dzi\\u0119ki prezentacji wizualnej na mostku u\\u017cytkownik otrzymuje wyra\\u017any obraz otwarcia w\\u0142oka oraz informacje z czujnik\\u00f3w. To zaawansowane rozwi\\u0105zanie umo\\u017cliwia pe\\u0142n\\u0105 kontrol\\u0119 nad ka\\u017cdym rodzajem po\\u0142ow\\u00f3w, a dzi\\u0119ki informacjom mo\\u017cna zwi\\u0119kszy\\u0107 jako\\u015b\\u0107 po\\u0142ow\\u00f3w i wydajno\\u015b\\u0107 pracy na morzu.<\\\/p>\"}}]}]}]},{\"type\":\"section\",\"props\":{\"style\":\"secondary\",\"width\":\"default\",\"vertical_align\":\"middle\",\"title_position\":\"top-left\",\"title_rotation\":\"left\",\"title_breakpoint\":\"xl\",\"image_position\":\"center-center\"},\"children\":[{\"type\":\"row\",\"children\":[{\"type\":\"column\",\"props\":{\"image_position\":\"center-center\",\"media_overlay_gradient\":\"\"},\"children\":[{\"type\":\"text\",\"props\":{\"margin\":\"default\",\"column_breakpoint\":\"m\",\"content\":\"\n\n<h2><strong>Specyfikacja techniczna<\\\/strong><\\\/h2>\\n\n\n<p><strong>Firma Simrad jest zaanga\\u017cowana w ci\\u0105g\\u0142y rozw\\u00f3j swoich produkt\\u00f3w i zastrzega sobie prawo do zmiany specyfikacji bez wcze\\u015bniejszego powiadomienia.<\\\/strong><\\\/p>\"}},{\"type\":\"text\",\"props\":{\"margin\":\"default\",\"column_breakpoint\":\"m\",\"content\":\"\n\n<p><strong>Panel kontrolny<\\\/strong><\\\/p>\\n\n\n<p>Systemy operacyjne:<br \\\/>Komputer: Microsoft Windows XP<br \\\/>Sonar: Winson<br \\\/>Cechy komputera:<br \\\/>Dysk twardy 40 Gb<br \\\/>Interfejs RS-232<br \\\/>Interfejs USB<br \\\/>Podw\\u00f3jny wy\\u015bwietlacz<br \\\/>Karta d\\u017awi\\u0119kowa<br \\\/>Interfejs sieciowy (LAN)<br \\\/>Wymagania dotycz\\u0105ce zasilania: 115 lub 230 Vac<br \\\/>Wymiary fizyczne: 40 x 33 x 10 cm<\\\/p>\\n\n\n<p><strong>G\\u0142owica sonaru<\\\/strong><\\\/p>\\n\n\n<p>Typy g\\u0142owic sonarowych:<br \\\/>Sonar pionowy<br \\\/>Echosonda<br \\\/>Cz\\u0119stotliwo\\u015bci pracy:<br \\\/>Sonar: 120 kHz lub 330 kHz<br \\\/>Echosonda: 200 kHz<br \\\/>Szeroko\\u015b\\u0107 wi\\u0105zki sonaru:<br \\\/>120 khz: 5 x 40\\u00b0<br \\\/>330 Khz: 1,9 x 20\\u00b0<br \\\/>Szeroko\\u015b\\u0107 wi\\u0105zki echosondy: 10 x 20\\u00b0<br \\\/>G\\u0142\\u0119boko\\u015b\\u0107 2000 metr\\u00f3w<br \\\/>Interfejsy czujnik\\u00f3w:<br \\\/>Temperatura<br \\\/>G\\u0142\\u0119boko\\u015b\\u0107<br \\\/>Po\\u0142\\u00f3w<br \\\/>Moc nadawania: Mo\\u017cliwo\\u015b\\u0107 wyboru, maks. 1kW<br \\\/>D\\u0142ugo\\u015b\\u0107 impulsu nadawania: Do wyboru<br \\\/>Ustawienie TVG: Do wyboru, a tak\\u017ce 20, 30, 40 i log u\\u017cytkownika<br \\\/>Format interfejsu: NMEA<\\\/p>\\n\n\n<p><strong>Modu\\u0142 zasilania\\\/TTM<\\\/strong><\\\/p>\\n\n\n<p>Wymagania dotycz\\u0105ce zasilania: 115 lub 230 Vac<br \\\/>Wymiary fizyczne: 43 x 41 x 21 cm<\\\/p>\\n\n\n<p><strong>Modu\\u0142 w\\u0142oka<\\\/strong><\\\/p>\\n\n\n<p>Materia\\u0142: Poliuretan z elementami z\\u0142\\u0105cznymi z SS<br \\\/>Wymiary fizyczne: 79 x 43 x 27 cm<br \\\/>Waga w powietrzu (kompletna): 28 kg<\\\/p>\\n\n\n<p><\\\/p>\"}}]}]}]}],\"version\":\"2.6.7\"} --><\/p>\n","protected":false},"excerpt":{"rendered":"<p>Sonar sieciowy Simrad FS70 Simrad FS70 to sonar sieciowy, kablowy do skutecznego monitorowania po\u0142o\u017cenia sieci i warunk\u00f3w po\u0142owu.\u00a0 Katalog produkt\u00f3w Sonar sieciowy Simrad FS70 zapewnia &#8222;pe\u0142ny obraz&#8221;. Komunikacja mi\u0119dzy sonarem a statkiem odbywa si\u0119 za pomoc\u0105 kabla.\u00a0\u00a0Jednocze\u015bnie zanurzona jednostka komunikuje si\u0119 z wieloma czujnikami PX, PI, PS lub FA za pomoc\u0105 \u0142\u0105czy hydroakustycznych. Jednostka zawiera [&hellip;]<\/p>\n","protected":false},"author":10,"featured_media":0,"parent":0,"menu_order":0,"comment_status":"closed","ping_status":"closed","template":"","meta":{"footnotes":""},"class_list":["post-11348","page","type-page","status-publish","hentry"],"yoast_head":"<!-- This site is optimized with the Yoast SEO plugin v27.5 - https:\/\/yoast.com\/product\/yoast-seo-wordpress\/ -->\n<title>Sonar sieciowy Simrad FS70 - ESCORT TECHNOLOGY<\/title>\n<meta name=\"robots\" content=\"index, follow, max-snippet:-1, max-image-preview:large, max-video-preview:-1\" \/>\n<link rel=\"canonical\" href=\"https:\/\/escort-technology.com\/pl\/sonar-sieciowy-simrad-fs70\/\" \/>\n<meta property=\"og:locale\" content=\"pl_PL\" \/>\n<meta property=\"og:type\" content=\"article\" \/>\n<meta property=\"og:title\" content=\"Sonar sieciowy Simrad FS70 - ESCORT TECHNOLOGY\" \/>\n<meta property=\"og:description\" content=\"Sonar sieciowy Simrad FS70 Simrad FS70 to sonar sieciowy, kablowy do skutecznego monitorowania po\u0142o\u017cenia sieci i warunk\u00f3w po\u0142owu.\u00a0 Katalog produkt\u00f3w Sonar sieciowy Simrad FS70 zapewnia &#8222;pe\u0142ny obraz&#8221;. Komunikacja mi\u0119dzy sonarem a statkiem odbywa si\u0119 za pomoc\u0105 kabla.\u00a0\u00a0Jednocze\u015bnie zanurzona jednostka komunikuje si\u0119 z wieloma czujnikami PX, PI, PS lub FA za pomoc\u0105 \u0142\u0105czy hydroakustycznych. Jednostka zawiera [&hellip;]\" \/>\n<meta property=\"og:url\" content=\"https:\/\/escort-technology.com\/pl\/sonar-sieciowy-simrad-fs70\/\" \/>\n<meta property=\"og:site_name\" content=\"ESCORT TECHNOLOGY\" \/>\n<meta property=\"article:publisher\" content=\"https:\/\/www.facebook.com\/elektronika.morska\/\" \/>\n<meta property=\"article:modified_time\" content=\"2022-05-11T08:01:51+00:00\" \/>\n<meta property=\"og:image\" content=\"https:\/\/escort-technology.com\/wp-content\/uploads\/2022\/03\/FS70.jpg\" \/>\n<meta name=\"twitter:card\" content=\"summary_large_image\" \/>\n<meta name=\"twitter:label1\" content=\"Szacowany czas czytania\" \/>\n\t<meta name=\"twitter:data1\" content=\"1 minuta\" \/>\n<script type=\"application\/ld+json\" class=\"yoast-schema-graph\">{\"@context\":\"https:\\\/\\\/schema.org\",\"@graph\":[{\"@type\":\"WebPage\",\"@id\":\"https:\\\/\\\/escort-technology.com\\\/sonar-sieciowy-simrad-fs70\\\/\",\"url\":\"https:\\\/\\\/escort-technology.com\\\/sonar-sieciowy-simrad-fs70\\\/\",\"name\":\"Sonar sieciowy Simrad FS70 - ESCORT TECHNOLOGY\",\"isPartOf\":{\"@id\":\"http:\\\/\\\/escort-technology.com\\\/de\\\/#website\"},\"datePublished\":\"2022-03-30T10:42:49+00:00\",\"dateModified\":\"2022-05-11T08:01:51+00:00\",\"breadcrumb\":{\"@id\":\"https:\\\/\\\/escort-technology.com\\\/sonar-sieciowy-simrad-fs70\\\/#breadcrumb\"},\"inLanguage\":\"pl-PL\",\"potentialAction\":[{\"@type\":\"ReadAction\",\"target\":[\"https:\\\/\\\/escort-technology.com\\\/sonar-sieciowy-simrad-fs70\\\/\"]}]},{\"@type\":\"BreadcrumbList\",\"@id\":\"https:\\\/\\\/escort-technology.com\\\/sonar-sieciowy-simrad-fs70\\\/#breadcrumb\",\"itemListElement\":[{\"@type\":\"ListItem\",\"position\":1,\"name\":\"Strona g\u0142\u00f3wna\",\"item\":\"https:\\\/\\\/escort-technology.com\\\/\"},{\"@type\":\"ListItem\",\"position\":2,\"name\":\"Sonar sieciowy Simrad FS70\"}]},{\"@type\":\"WebSite\",\"@id\":\"http:\\\/\\\/escort-technology.com\\\/de\\\/#website\",\"url\":\"http:\\\/\\\/escort-technology.com\\\/de\\\/\",\"name\":\"ESCORT TECHNOLOGY\",\"description\":\"Elektronika morska i l\u0105dowa\",\"publisher\":{\"@id\":\"http:\\\/\\\/escort-technology.com\\\/de\\\/#organization\"},\"potentialAction\":[{\"@type\":\"SearchAction\",\"target\":{\"@type\":\"EntryPoint\",\"urlTemplate\":\"http:\\\/\\\/escort-technology.com\\\/de\\\/?s={search_term_string}\"},\"query-input\":{\"@type\":\"PropertyValueSpecification\",\"valueRequired\":true,\"valueName\":\"search_term_string\"}}],\"inLanguage\":\"pl-PL\"},{\"@type\":\"Organization\",\"@id\":\"http:\\\/\\\/escort-technology.com\\\/de\\\/#organization\",\"name\":\"ESCORT TECHNOLOGY\",\"url\":\"http:\\\/\\\/escort-technology.com\\\/de\\\/\",\"logo\":{\"@type\":\"ImageObject\",\"inLanguage\":\"pl-PL\",\"@id\":\"http:\\\/\\\/escort-technology.com\\\/de\\\/#\\\/schema\\\/logo\\\/image\\\/\",\"url\":\"https:\\\/\\\/escort-technology.com\\\/wp-content\\\/uploads\\\/logo-1.jpg\",\"contentUrl\":\"https:\\\/\\\/escort-technology.com\\\/wp-content\\\/uploads\\\/logo-1.jpg\",\"width\":600,\"height\":165,\"caption\":\"ESCORT TECHNOLOGY\"},\"image\":{\"@id\":\"http:\\\/\\\/escort-technology.com\\\/de\\\/#\\\/schema\\\/logo\\\/image\\\/\"},\"sameAs\":[\"https:\\\/\\\/www.facebook.com\\\/elektronika.morska\\\/\",\"https:\\\/\\\/www.linkedin.com\\\/company\\\/escort-sp-z-o-o-\\\/\"]}]}<\/script>\n<!-- \/ Yoast SEO plugin. -->","yoast_head_json":{"title":"Sonar sieciowy Simrad FS70 - ESCORT TECHNOLOGY","robots":{"index":"index","follow":"follow","max-snippet":"max-snippet:-1","max-image-preview":"max-image-preview:large","max-video-preview":"max-video-preview:-1"},"canonical":"https:\/\/escort-technology.com\/pl\/sonar-sieciowy-simrad-fs70\/","og_locale":"pl_PL","og_type":"article","og_title":"Sonar sieciowy Simrad FS70 - ESCORT TECHNOLOGY","og_description":"Sonar sieciowy Simrad FS70 Simrad FS70 to sonar sieciowy, kablowy do skutecznego monitorowania po\u0142o\u017cenia sieci i warunk\u00f3w po\u0142owu.\u00a0 Katalog produkt\u00f3w Sonar sieciowy Simrad FS70 zapewnia &#8222;pe\u0142ny obraz&#8221;. Komunikacja mi\u0119dzy sonarem a statkiem odbywa si\u0119 za pomoc\u0105 kabla.\u00a0\u00a0Jednocze\u015bnie zanurzona jednostka komunikuje si\u0119 z wieloma czujnikami PX, PI, PS lub FA za pomoc\u0105 \u0142\u0105czy hydroakustycznych. Jednostka zawiera [&hellip;]","og_url":"https:\/\/escort-technology.com\/pl\/sonar-sieciowy-simrad-fs70\/","og_site_name":"ESCORT TECHNOLOGY","article_publisher":"https:\/\/www.facebook.com\/elektronika.morska\/","article_modified_time":"2022-05-11T08:01:51+00:00","og_image":[{"url":"https:\/\/escort-technology.com\/wp-content\/uploads\/2022\/03\/FS70.jpg","type":"","width":"","height":""}],"twitter_card":"summary_large_image","twitter_misc":{"Szacowany czas czytania":"1 minuta"},"schema":{"@context":"https:\/\/schema.org","@graph":[{"@type":"WebPage","@id":"https:\/\/escort-technology.com\/sonar-sieciowy-simrad-fs70\/","url":"https:\/\/escort-technology.com\/sonar-sieciowy-simrad-fs70\/","name":"Sonar sieciowy Simrad FS70 - ESCORT TECHNOLOGY","isPartOf":{"@id":"http:\/\/escort-technology.com\/de\/#website"},"datePublished":"2022-03-30T10:42:49+00:00","dateModified":"2022-05-11T08:01:51+00:00","breadcrumb":{"@id":"https:\/\/escort-technology.com\/sonar-sieciowy-simrad-fs70\/#breadcrumb"},"inLanguage":"pl-PL","potentialAction":[{"@type":"ReadAction","target":["https:\/\/escort-technology.com\/sonar-sieciowy-simrad-fs70\/"]}]},{"@type":"BreadcrumbList","@id":"https:\/\/escort-technology.com\/sonar-sieciowy-simrad-fs70\/#breadcrumb","itemListElement":[{"@type":"ListItem","position":1,"name":"Strona g\u0142\u00f3wna","item":"https:\/\/escort-technology.com\/"},{"@type":"ListItem","position":2,"name":"Sonar sieciowy Simrad FS70"}]},{"@type":"WebSite","@id":"http:\/\/escort-technology.com\/de\/#website","url":"http:\/\/escort-technology.com\/de\/","name":"ESCORT TECHNOLOGY","description":"Elektronika morska i l\u0105dowa","publisher":{"@id":"http:\/\/escort-technology.com\/de\/#organization"},"potentialAction":[{"@type":"SearchAction","target":{"@type":"EntryPoint","urlTemplate":"http:\/\/escort-technology.com\/de\/?s={search_term_string}"},"query-input":{"@type":"PropertyValueSpecification","valueRequired":true,"valueName":"search_term_string"}}],"inLanguage":"pl-PL"},{"@type":"Organization","@id":"http:\/\/escort-technology.com\/de\/#organization","name":"ESCORT TECHNOLOGY","url":"http:\/\/escort-technology.com\/de\/","logo":{"@type":"ImageObject","inLanguage":"pl-PL","@id":"http:\/\/escort-technology.com\/de\/#\/schema\/logo\/image\/","url":"https:\/\/escort-technology.com\/wp-content\/uploads\/logo-1.jpg","contentUrl":"https:\/\/escort-technology.com\/wp-content\/uploads\/logo-1.jpg","width":600,"height":165,"caption":"ESCORT TECHNOLOGY"},"image":{"@id":"http:\/\/escort-technology.com\/de\/#\/schema\/logo\/image\/"},"sameAs":["https:\/\/www.facebook.com\/elektronika.morska\/","https:\/\/www.linkedin.com\/company\/escort-sp-z-o-o-\/"]}]}},"_links":{"self":[{"href":"https:\/\/escort-technology.com\/pl\/wp-json\/wp\/v2\/pages\/11348","targetHints":{"allow":["GET"]}}],"collection":[{"href":"https:\/\/escort-technology.com\/pl\/wp-json\/wp\/v2\/pages"}],"about":[{"href":"https:\/\/escort-technology.com\/pl\/wp-json\/wp\/v2\/types\/page"}],"author":[{"embeddable":true,"href":"https:\/\/escort-technology.com\/pl\/wp-json\/wp\/v2\/users\/10"}],"replies":[{"embeddable":true,"href":"https:\/\/escort-technology.com\/pl\/wp-json\/wp\/v2\/comments?post=11348"}],"version-history":[{"count":11,"href":"https:\/\/escort-technology.com\/pl\/wp-json\/wp\/v2\/pages\/11348\/revisions"}],"predecessor-version":[{"id":11389,"href":"https:\/\/escort-technology.com\/pl\/wp-json\/wp\/v2\/pages\/11348\/revisions\/11389"}],"wp:attachment":[{"href":"https:\/\/escort-technology.com\/pl\/wp-json\/wp\/v2\/media?parent=11348"}],"curies":[{"name":"wp","href":"https:\/\/api.w.org\/{rel}","templated":true}]}}