{"id":11484,"date":"2022-08-16T12:52:35","date_gmt":"2022-08-16T10:52:35","guid":{"rendered":"https:\/\/escort-technology.com\/?page_id=11484"},"modified":"2022-08-17T10:59:35","modified_gmt":"2022-08-17T08:59:35","slug":"sonarowy-system-farsounder-argos-350","status":"publish","type":"page","link":"https:\/\/escort-technology.com\/pl\/sonarowy-system-farsounder-argos-350\/","title":{"rendered":"Sonarowy system FarSounder Argos 350"},"content":{"rendered":"<h1>\n<h1 class=\"uk-article-title\">Sonarowy system FarSounder Argos 350<\/h1>\n<\/h1>\n<hr>\n<p><img decoding=\"async\" src=\"\/wp-content\/uploads\/2022\/08\/localhistorymapping.png\" alt=\"\"><\/p>\n<div>\n<h2>Mapowanie historii lokalnej&#x2122; (LHM)<\/h2>\n<p>Nasza funkcja Local History Mapping&#x2122; daje u\u017cytkownikom mo\u017cliwo\u015b\u0107 zbudowania tr\u00f3jwymiarowej mapy dna morskiego w miejscu, w kt\u00f3rym ostatnio p\u0142ywali w widoku nak\u0142adki mapy. Nawigatorzy zobacz\u0105 kolorowy obraz w czasie rzeczywistym dna morskiego przed statkiem, jak r\u00f3wnie\u017c miejsca, w kt\u00f3rych byli. Poniewa\u017c nasz sonar ma szerokie poziome pole widzenia przed statkiem, pojedyncze przej\u015bcie sonaru Argos 3D z LHM mo\u017ce odwzorowa\u0107 znacznie szerszy zakres dna morskiego ni\u017c standardowa echosonda.<\/p>\n<\/div>\n<h1>\n<h2 style=\"text-align: center;\">Monta\u017c na sta\u0142e bez ruchomych cz\u0119\u015bci<\/h2>\n<\/h1>\n<p><img decoding=\"async\" src=\"\/wp-content\/uploads\/2022\/08\/Argos350TM.jpg\" alt=\"\"><\/p>\n<div>\n<h3>Wytrzyma\u0142a powierzchnia matrycy<\/h3>\n<p>Wytrzyma\u0142y, morski uretan zamyka matryce nadawcze i odbiorcze. Zintegrowana stalowa rama wewn\u0105trz uretanu otacza matryce w celu zapewnienia maksymalnej ochrony przed uderzeniami.<\/p>\n<p>Obudowa ze stali nierdzewnej chroni wewn\u0119trzn\u0105 elektronik\u0119 przed trudnym \u015brodowiskiem morskim.<\/p>\n<\/div>\n<p><img decoding=\"async\" src=\"\/wp-content\/uploads\/2022\/08\/8Z7A4925.jpg\" alt=\"\"><\/p>\n<div>\n<h3>Z\u0142\u0105cze do monta\u017cu na mokro<\/h3>\n<p>Podwodne z\u0142\u0105cze z mo\u017cliwo\u015bci\u0105 \u0142\u0105czenia na mokro, znajduj\u0105ce si\u0119 z ty\u0142u urz\u0105dzenia, umo\u017cliwia instalacj\u0119 i demonta\u017c przez nurka, gdy statek jest na powierzchni.<\/p>\n<p>Aby system dzia\u0142a\u0142 bez zarzutu, wymagana jest minimalna konserwacja.<\/p>\n<\/div>\n<p><img decoding=\"async\" src=\"\/wp-content\/uploads\/2022\/08\/8Z7A4924.jpg\" alt=\"\"><\/p>\n<div>\n<h3>Pewna instalacja<\/h3>\n<\/p>\n<p>Cztery \u015bruby monta\u017cowe mocuj\u0105 urz\u0105dzenie do owiewki zintegrowanej z kad\u0142ubem statku. Sta\u0142a instalacja oznacza brak ruchomych cz\u0119\u015bci i jest odpowiednia zar\u00f3wno dla nowych konstrukcji, jak i dla zastosowa\u0144 po przebudowie.<\/p>\n<p>Konstrukcje owiewek FarSoundera s\u0105 odpowiednie dla kad\u0142ub\u00f3w stalowych, aluminiowych i kompozytowych.<\/p>\n<\/div>\n<h1>\n<h2>Opcja podno\u015bnika do mechanicznego rozmieszczania<\/h2>\n<\/h1>\n<p><img decoding=\"async\" src=\"\/wp-content\/uploads\/2022\/08\/8Z7A4948.jpg\" alt=\"\"><\/p>\n<div>\n<h3>Opcja z\u0142\u0105cza montowanego na g\u00f3rze<\/h3>\n<p>W przypadku instalacji na d\u017awigu lub maszcie, urz\u0105dzenie mo\u017cna zam\u00f3wi\u0107 z zamontowanym na g\u00f3rze z\u0142\u0105czem. Ca\u0142y zesp\u00f3\u0142 zosta\u0142 zaprojektowany tak, aby zmie\u015bci\u0107 si\u0119 w skrzyni morskiej o \u015brednicy 10 cali.<\/p>\n<\/div>\n<p><img decoding=\"async\" src=\"\/wp-content\/uploads\/2022\/08\/Shortversion2.png\" alt=\"\"><\/p>\n<div>\n<h3>Gotowe rozwi\u0105zania podno\u015bnik\u00f3w<\/h3>\n<p>Chocia\u017c mechanizmy podno\u015bnik\u00f3w mog\u0105 by\u0107 pozyskiwane lokalnie przez stoczni\u0119, partner FarSounder, firma C4R, oferuje system gotowy do u\u017cycia, zaprojektowany specjalnie dla Argos 350.<\/p>\n<\/div>\n<p><img decoding=\"async\" src=\"\/wp-content\/uploads\/2022\/08\/Retractedwithcoverplate.png\" alt=\"\"><\/p>\n<div>\n<h3>P\u0142aszczyzna po schowaniu<\/h3>\n<p>Otwory gwintowane na g\u00f3rze przetwornika pozwalaj\u0105 na \u0142atwe pod\u0142\u0105czenie do d\u017awigu. Otwory na spodzie pozwalaj\u0105 na zainstalowanie p\u0142yty pokrywy, kt\u00f3ra mo\u017ce by\u0107 zlicowana z kad\u0142ubem, gdy jest schowana.<\/p>\n<\/div>\n<p><iframe src=\"https:\/\/youtu.be\/mdans7usEKs\"><\/iframe><\/p>\n<h1>\n<h2>Argos 350 Szczeg\u00f3\u0142owa specyfikacja<\/h2>\n<\/h1>\n<ul>\n<li>\n<h3>Ustawienia zasi\u0119gu<\/h3>\n<div>\n<p>100m, 200m, 350m<\/p>\n<\/div>\n<\/li>\n<li>\n<h3>Pole widzenia <\/h3>\n<div>\n<p><span>Do 90\u00b0\u00a0 i zasi\u0119gu\u00a0 350m\u00a0<\/span><\/p>\n<\/div>\n<\/li>\n<li>\n<h3>Pr\u0119dko\u015b\u0107 operacyjna <\/h3>\n<div>\n<p>Do 18 w\u0119z\u0142\u00f3w\u00a0<\/p>\n<\/div>\n<\/li>\n<li>\n<h3>Nak\u0142adka mapy<\/h3>\n<div>\n<p class=\"\">Zawiera S57\/S63\u00a0<\/p>\n<p class=\"\">Opcja i4Insight Professional+\u00a0<br \/>(formerly C-Map Professional+)<\/p>\n<\/div>\n<\/li>\n<li>\n<h3>Dolny zakres mapowania<\/h3>\n<div>\n<p>8 x g\u0142\u0119boko\u015b\u0107 wody\u00a0<\/p>\n<\/div>\n<\/li>\n<li>\n<h3>Maksymalny zasi\u0119g wykrywania g\u0142\u0119boko\u015bci<\/h3>\n<div>\n<p>85 m\u00a0<\/p>\n<\/div>\n<\/li>\n<li>\n<h3>Cz\u0119stotliwo\u015b\u0107 pracy <\/h3>\n<div>\n<p>61 kHz<\/p>\n<\/div>\n<\/li>\n<li>\n<h3>Maksymalna moc wyj\u015bciowa<\/h3>\n<div>\n<p><span>&lt;1500 Wrms<\/span><\/p>\n<\/div>\n<\/li>\n<li>\n<h3>Dok\u0142adno\u015b\u0107 k\u0105towa<\/h3>\n<div>\n<p><span>~1.6\u00b0<\/span><\/p>\n<\/div>\n<\/li>\n<li>\n<h3>Stabilizacja przechy\u0142u\/odchylenia<\/h3>\n<div>\n<p><span>+\/- 20\u00b0<\/span><\/p>\n<\/div>\n<\/li>\n<\/ul>\n<p><!--more--><br \/>\n<!-- {\"type\":\"layout\",\"children\":[{\"type\":\"section\",\"props\":{\"style\":\"default\",\"width\":\"default\",\"vertical_align\":\"middle\",\"title_position\":\"top-left\",\"title_rotation\":\"left\",\"title_breakpoint\":\"xl\",\"image_position\":\"center-center\"},\"children\":[{\"type\":\"row\",\"children\":[{\"type\":\"column\",\"props\":{\"image_position\":\"center-center\",\"media_overlay_gradient\":\"\"},\"children\":[{\"type\":\"headline\",\"props\":{\"title_element\":\"h1\",\"content\":\"\n\n<h1 class=\\\"uk-article-title\\\">Sonarowy system FarSounder Argos 350<\\\/h1>\"}},{\"type\":\"divider\",\"props\":{\"divider_element\":\"hr\"}}]}]},{\"type\":\"row\",\"props\":{\"layout\":\"1-2,1-2\"},\"children\":[{\"type\":\"column\",\"props\":{\"image_position\":\"center-center\",\"media_overlay_gradient\":\"\",\"width_medium\":\"1-2\"},\"children\":[{\"type\":\"image\",\"props\":{\"margin\":\"default\",\"image_svg_color\":\"emphasis\",\"image\":\"wp-content\\\/uploads\\\/2022\\\/08\\\/localhistorymapping.png\"}}]},{\"type\":\"column\",\"props\":{\"image_position\":\"center-center\",\"media_overlay_gradient\":\"\",\"width_medium\":\"1-2\"},\"children\":[{\"type\":\"text\",\"props\":{\"margin\":\"default\",\"column_breakpoint\":\"m\",\"content\":\"\n\n<h2>Mapowanie historii lokalnej\\u2122 (LHM)<\\\/h2>\\n\n\n<p><br \\\/>Nasza funkcja Local History Mapping\\u2122 daje u\\u017cytkownikom mo\\u017cliwo\\u015b\\u0107 zbudowania tr\\u00f3jwymiarowej mapy dna morskiego w miejscu, w kt\\u00f3rym ostatnio p\\u0142ywali w widoku nak\\u0142adki mapy. Nawigatorzy zobacz\\u0105 kolorowy obraz w czasie rzeczywistym dna morskiego przed statkiem, jak r\\u00f3wnie\\u017c miejsca, w kt\\u00f3rych byli. Poniewa\\u017c nasz sonar ma szerokie poziome pole widzenia przed statkiem, pojedyncze przej\\u015bcie sonaru Argos 3D z LHM mo\\u017ce odwzorowa\\u0107 znacznie szerszy zakres dna morskiego ni\\u017c standardowa echosonda.<\\\/p>\"}}]}]}]},{\"type\":\"section\",\"props\":{\"style\":\"muted\",\"width\":\"default\",\"vertical_align\":\"middle\",\"title_position\":\"top-left\",\"title_rotation\":\"left\",\"title_breakpoint\":\"xl\",\"image_position\":\"center-center\"},\"children\":[{\"type\":\"row\",\"children\":[{\"type\":\"column\",\"props\":{\"image_position\":\"center-center\",\"media_overlay_gradient\":\"\"},\"children\":[{\"type\":\"headline\",\"props\":{\"title_element\":\"h1\",\"content\":\"\n\n<h2 style=\\\"text-align: center;\\\">Monta\\u017c na sta\\u0142e bez ruchomych cz\\u0119\\u015bci<\\\/h2>\"}}]}]},{\"type\":\"row\",\"props\":{\"layout\":\"1-3,1-3,1-3\"},\"children\":[{\"type\":\"column\",\"props\":{\"image_position\":\"center-center\",\"media_overlay_gradient\":\"\",\"width_medium\":\"1-3\"},\"children\":[{\"type\":\"image\",\"props\":{\"margin\":\"default\",\"image_svg_color\":\"emphasis\",\"image\":\"wp-content\\\/uploads\\\/2022\\\/08\\\/Argos350TM.jpg\"}},{\"type\":\"text\",\"props\":{\"margin\":\"default\",\"column_breakpoint\":\"m\",\"content\":\"\n\n<h3>Wytrzyma\\u0142a powierzchnia matrycy<\\\/h3>\\n\n\n<p><br \\\/>Wytrzyma\\u0142y, morski uretan zamyka matryce nadawcze i odbiorcze. Zintegrowana stalowa rama wewn\\u0105trz uretanu otacza matryce w celu zapewnienia maksymalnej ochrony przed uderzeniami.<\\\/p>\\n\n\n<p>Obudowa ze stali nierdzewnej chroni wewn\\u0119trzn\\u0105 elektronik\\u0119 przed trudnym \\u015brodowiskiem morskim.<\\\/p>\"}}]},{\"type\":\"column\",\"props\":{\"image_position\":\"center-center\",\"media_overlay_gradient\":\"\",\"width_medium\":\"1-3\"},\"children\":[{\"type\":\"image\",\"props\":{\"margin\":\"default\",\"image_svg_color\":\"emphasis\",\"image\":\"wp-content\\\/uploads\\\/2022\\\/08\\\/8Z7A4925.jpg\"}},{\"type\":\"text\",\"props\":{\"margin\":\"default\",\"column_breakpoint\":\"m\",\"content\":\"\n\n<h3>Z\\u0142\\u0105cze do monta\\u017cu na mokro<\\\/h3>\\n\n\n<p><br \\\/>Podwodne z\\u0142\\u0105cze z mo\\u017cliwo\\u015bci\\u0105 \\u0142\\u0105czenia na mokro, znajduj\\u0105ce si\\u0119 z ty\\u0142u urz\\u0105dzenia, umo\\u017cliwia instalacj\\u0119 i demonta\\u017c przez nurka, gdy statek jest na powierzchni.<\\\/p>\\n\n\n<p>Aby system dzia\\u0142a\\u0142 bez zarzutu, wymagana jest minimalna konserwacja.<\\\/p>\"}}]},{\"type\":\"column\",\"props\":{\"image_position\":\"center-center\",\"media_overlay_gradient\":\"\",\"width_medium\":\"1-3\"},\"children\":[{\"type\":\"image\",\"props\":{\"margin\":\"default\",\"image_svg_color\":\"emphasis\",\"image\":\"wp-content\\\/uploads\\\/2022\\\/08\\\/8Z7A4924.jpg\"}},{\"type\":\"text\",\"props\":{\"margin\":\"default\",\"column_breakpoint\":\"m\",\"content\":\"\n\n<h3>Pewna instalacja<\\\/h3>\\n\n\n<p><\\\/p>\\n\n\n<p>Cztery \\u015bruby monta\\u017cowe mocuj\\u0105 urz\\u0105dzenie do owiewki zintegrowanej z kad\\u0142ubem statku. Sta\\u0142a instalacja oznacza brak ruchomych cz\\u0119\\u015bci i jest odpowiednia zar\\u00f3wno dla nowych konstrukcji, jak i dla zastosowa\\u0144 po przebudowie.<\\\/p>\\n\n\n<p>Konstrukcje owiewek FarSoundera s\\u0105 odpowiednie dla kad\\u0142ub\\u00f3w stalowych, aluminiowych i kompozytowych.<\\\/p>\"}}]}]}]},{\"type\":\"section\",\"props\":{\"style\":\"default\",\"width\":\"default\",\"vertical_align\":\"middle\",\"title_position\":\"top-left\",\"title_rotation\":\"left\",\"title_breakpoint\":\"xl\",\"image_position\":\"center-center\"},\"children\":[{\"type\":\"row\",\"children\":[{\"type\":\"column\",\"props\":{\"image_position\":\"center-center\",\"media_overlay_gradient\":\"\"},\"children\":[{\"type\":\"headline\",\"props\":{\"title_element\":\"h1\",\"text_align\":\"center\",\"content\":\"\n\n<h2>Opcja podno\\u015bnika do mechanicznego rozmieszczania<\\\/h2>\"}}]}]},{\"type\":\"row\",\"props\":{\"layout\":\"1-3,1-3,1-3\"},\"children\":[{\"type\":\"column\",\"props\":{\"image_position\":\"center-center\",\"media_overlay_gradient\":\"\",\"width_medium\":\"1-3\"},\"children\":[{\"type\":\"image\",\"props\":{\"margin\":\"default\",\"image_svg_color\":\"emphasis\",\"image\":\"wp-content\\\/uploads\\\/2022\\\/08\\\/8Z7A4948.jpg\",\"image_height\":\"120\"}},{\"type\":\"text\",\"props\":{\"margin\":\"default\",\"column_breakpoint\":\"m\",\"content\":\"\n\n<h3>Opcja z\\u0142\\u0105cza montowanego na g\\u00f3rze<\\\/h3>\\n\n\n<p><br \\\/>W przypadku instalacji na d\\u017awigu lub maszcie, urz\\u0105dzenie mo\\u017cna zam\\u00f3wi\\u0107 z zamontowanym na g\\u00f3rze z\\u0142\\u0105czem. Ca\\u0142y zesp\\u00f3\\u0142 zosta\\u0142 zaprojektowany tak, aby zmie\\u015bci\\u0107 si\\u0119 w skrzyni morskiej o \\u015brednicy 10 cali.<\\\/p>\"}}]},{\"type\":\"column\",\"props\":{\"image_position\":\"center-center\",\"media_overlay_gradient\":\"\",\"width_medium\":\"1-3\"},\"children\":[{\"type\":\"image\",\"props\":{\"margin\":\"default\",\"image_svg_color\":\"emphasis\",\"image\":\"wp-content\\\/uploads\\\/2022\\\/08\\\/Shortversion2.png\",\"image_height\":\"450\"}},{\"type\":\"text\",\"props\":{\"margin\":\"default\",\"column_breakpoint\":\"m\",\"content\":\"\n\n<h3>Gotowe rozwi\\u0105zania podno\\u015bnik\\u00f3w<\\\/h3>\\n\n\n<p><br \\\/>Chocia\\u017c mechanizmy podno\\u015bnik\\u00f3w mog\\u0105 by\\u0107 pozyskiwane lokalnie przez stoczni\\u0119, partner FarSounder, firma C4R, oferuje system gotowy do u\\u017cycia, zaprojektowany specjalnie dla Argos 350.<\\\/p>\"}}]},{\"type\":\"column\",\"props\":{\"image_position\":\"center-center\",\"media_overlay_gradient\":\"\",\"width_medium\":\"1-3\"},\"children\":[{\"type\":\"image\",\"props\":{\"margin\":\"default\",\"image_svg_color\":\"emphasis\",\"image\":\"wp-content\\\/uploads\\\/2022\\\/08\\\/Retractedwithcoverplate.png\"}},{\"type\":\"text\",\"props\":{\"margin\":\"default\",\"column_breakpoint\":\"m\",\"content\":\"\n\n<h3>P\\u0142aszczyzna po schowaniu<\\\/h3>\\n\n\n<p><br \\\/>Otwory gwintowane na g\\u00f3rze przetwornika pozwalaj\\u0105 na \\u0142atwe pod\\u0142\\u0105czenie do d\\u017awigu. Otwory na spodzie pozwalaj\\u0105 na zainstalowanie p\\u0142yty pokrywy, kt\\u00f3ra mo\\u017ce by\\u0107 zlicowana z kad\\u0142ubem, gdy jest schowana.<\\\/p>\"}}]}]}]},{\"type\":\"section\",\"props\":{\"style\":\"default\",\"width\":\"default\",\"vertical_align\":\"middle\",\"title_position\":\"top-left\",\"title_rotation\":\"left\",\"title_breakpoint\":\"xl\",\"image_position\":\"center-center\",\"image\":\"wp-content\\\/uploads\\\/2022\\\/08\\\/pexels-matt-hardy-1533720-scaled.jpg\",\"image_size\":\"cover\"},\"children\":[{\"type\":\"row\",\"children\":[{\"type\":\"column\",\"props\":{\"image_position\":\"center-center\",\"media_overlay_gradient\":\"\"},\"children\":[{\"type\":\"video\",\"props\":{\"video_controls\":true,\"margin\":\"default\",\"video\":\"https:\\\/\\\/youtu.be\\\/mdans7usEKs\",\"text_align\":\"center\",\"maxwidth\":\"xlarge\",\"block_align\":\"center\",\"video_width\":\"600\"}}]}]}]},{\"type\":\"section\",\"props\":{\"style\":\"default\",\"width\":\"default\",\"vertical_align\":\"middle\",\"title_position\":\"top-left\",\"title_rotation\":\"left\",\"title_breakpoint\":\"xl\",\"image_position\":\"center-center\"},\"children\":[{\"type\":\"row\",\"children\":[{\"type\":\"column\",\"props\":{\"image_position\":\"center-center\",\"media_overlay_gradient\":\"\"},\"children\":[{\"type\":\"headline\",\"props\":{\"title_element\":\"h1\",\"content\":\"\n\n<h2>Argos 350 Szczeg\\u00f3\\u0142owa specyfikacja<\\\/h2>\",\"text_align\":\"center\"}},{\"type\":\"description_list\",\"props\":{\"show_title\":true,\"show_meta\":true,\"show_content\":true,\"show_link\":true,\"list_element\":\"ul\",\"column_breakpoint\":\"m\",\"layout\":\"grid-2\",\"title_grid_width\":\"auto\",\"title_grid_column_gap\":\"small\",\"title_grid_row_gap\":\"small\",\"title_element\":\"div\",\"meta_style\":\"meta\",\"meta_align\":\"below-content\",\"text_align\":\"center\"},\"children\":[{\"type\":\"description_list_item\",\"props\":{\"title\":\"Ustawienia zasi\\u0119gu\",\"meta\":\"\",\"content\":\"\n\n<p>100m, 200m, 350m<\\\/p>\"}},{\"type\":\"description_list_item\",\"props\":{\"title\":\"Pole widzenia \",\"content\":\"\n\n<p><span>Do 90\\u00b0\\u00a0 i zasi\\u0119gu\\u00a0 350m\\u00a0<\\\/span><\\\/p>\"}},{\"type\":\"description_list_item\",\"props\":{\"title\":\"Pr\\u0119dko\\u015b\\u0107 operacyjna \",\"content\":\"\n\n<p>Do 18 w\\u0119z\\u0142\\u00f3w\\u00a0<\\\/p>\"}},{\"type\":\"description_list_item\",\"props\":{\"title\":\"Nak\\u0142adka mapy\",\"content\":\"\n\n<p class=\\\"\\\">Zawiera S57\\\/S63\\u00a0<\\\/p>\\n\n\n<p class=\\\"\\\">Opcja i4Insight Professional+\\u00a0<br \\\/>(formerly C-Map Professional+)<\\\/p>\"}},{\"type\":\"description_list_item\",\"props\":{\"title\":\"Dolny zakres mapowania\",\"content\":\"\n\n<p>8 x g\\u0142\\u0119boko\\u015b\\u0107 wody\\u00a0<\\\/p>\"}},{\"type\":\"description_list_item\",\"props\":{\"title\":\"Maksymalny zasi\\u0119g wykrywania g\\u0142\\u0119boko\\u015bci\",\"content\":\"\n\n<p>85 m\\u00a0<\\\/p>\"}},{\"type\":\"description_list_item\",\"props\":{\"title\":\"Cz\\u0119stotliwo\\u015b\\u0107 pracy \",\"content\":\"\n\n<p>61 kHz<\\\/p>\"}},{\"type\":\"description_list_item\",\"props\":{\"title\":\"Maksymalna moc wyj\\u015bciowa\",\"content\":\"\n\n<p><span>&lt;1500 Wrms<\\\/span><\\\/p>\"}},{\"type\":\"description_list_item\",\"props\":{\"title\":\"Dok\\u0142adno\\u015b\\u0107 k\\u0105towa\",\"content\":\"\n\n<p><span>~1.6\\u00b0<\\\/span><\\\/p>\"}},{\"type\":\"description_list_item\",\"props\":{\"title\":\"Stabilizacja przechy\\u0142u\\\/odchylenia\",\"content\":\"\n\n<p><span>+\\\/- 20\\u00b0<\\\/span><\\\/p>\"}}]}]}]}]}],\"version\":\"2.6.7\"} --><\/p>\n","protected":false},"excerpt":{"rendered":"<p>Sonarowy system FarSounder Argos 350 Mapowanie historii lokalnej&#x2122; (LHM) Nasza funkcja Local History Mapping&#x2122; daje u\u017cytkownikom mo\u017cliwo\u015b\u0107 zbudowania tr\u00f3jwymiarowej mapy dna morskiego w miejscu, w kt\u00f3rym ostatnio p\u0142ywali w widoku nak\u0142adki mapy. Nawigatorzy zobacz\u0105 kolorowy obraz w czasie rzeczywistym dna morskiego przed statkiem, jak r\u00f3wnie\u017c miejsca, w kt\u00f3rych byli. Poniewa\u017c nasz sonar ma szerokie poziome [&hellip;]<\/p>\n","protected":false},"author":10,"featured_media":0,"parent":0,"menu_order":0,"comment_status":"closed","ping_status":"closed","template":"","meta":{"footnotes":""},"class_list":["post-11484","page","type-page","status-publish","hentry"],"yoast_head":"<!-- This site is optimized with the Yoast SEO plugin v27.5 - https:\/\/yoast.com\/product\/yoast-seo-wordpress\/ -->\n<title>Sonarowy system FarSounder Argos 350 - ESCORT TECHNOLOGY<\/title>\n<meta name=\"robots\" content=\"index, follow, max-snippet:-1, max-image-preview:large, max-video-preview:-1\" \/>\n<link rel=\"canonical\" href=\"https:\/\/escort-technology.com\/pl\/sonarowy-system-farsounder-argos-350\/\" \/>\n<meta property=\"og:locale\" content=\"pl_PL\" \/>\n<meta property=\"og:type\" content=\"article\" \/>\n<meta property=\"og:title\" content=\"Sonarowy system FarSounder Argos 350 - ESCORT TECHNOLOGY\" \/>\n<meta property=\"og:description\" content=\"Sonarowy system FarSounder Argos 350 Mapowanie historii lokalnej&#x2122; (LHM) Nasza funkcja Local History Mapping&#x2122; daje u\u017cytkownikom mo\u017cliwo\u015b\u0107 zbudowania tr\u00f3jwymiarowej mapy dna morskiego w miejscu, w kt\u00f3rym ostatnio p\u0142ywali w widoku nak\u0142adki mapy. Nawigatorzy zobacz\u0105 kolorowy obraz w czasie rzeczywistym dna morskiego przed statkiem, jak r\u00f3wnie\u017c miejsca, w kt\u00f3rych byli. Poniewa\u017c nasz sonar ma szerokie poziome [&hellip;]\" \/>\n<meta property=\"og:url\" content=\"https:\/\/escort-technology.com\/pl\/sonarowy-system-farsounder-argos-350\/\" \/>\n<meta property=\"og:site_name\" content=\"ESCORT TECHNOLOGY\" \/>\n<meta property=\"article:publisher\" content=\"https:\/\/www.facebook.com\/elektronika.morska\/\" \/>\n<meta property=\"article:modified_time\" content=\"2022-08-17T08:59:35+00:00\" \/>\n<meta name=\"twitter:card\" content=\"summary_large_image\" \/>\n<meta name=\"twitter:label1\" content=\"Szacowany czas czytania\" \/>\n\t<meta name=\"twitter:data1\" content=\"2 minuty\" \/>\n<script type=\"application\/ld+json\" class=\"yoast-schema-graph\">{\"@context\":\"https:\\\/\\\/schema.org\",\"@graph\":[{\"@type\":\"WebPage\",\"@id\":\"https:\\\/\\\/escort-technology.com\\\/sonarowy-system-farsounder-argos-350\\\/\",\"url\":\"https:\\\/\\\/escort-technology.com\\\/sonarowy-system-farsounder-argos-350\\\/\",\"name\":\"Sonarowy system FarSounder Argos 350 - ESCORT TECHNOLOGY\",\"isPartOf\":{\"@id\":\"http:\\\/\\\/escort-technology.com\\\/de\\\/#website\"},\"datePublished\":\"2022-08-16T10:52:35+00:00\",\"dateModified\":\"2022-08-17T08:59:35+00:00\",\"breadcrumb\":{\"@id\":\"https:\\\/\\\/escort-technology.com\\\/sonarowy-system-farsounder-argos-350\\\/#breadcrumb\"},\"inLanguage\":\"pl-PL\",\"potentialAction\":[{\"@type\":\"ReadAction\",\"target\":[\"https:\\\/\\\/escort-technology.com\\\/sonarowy-system-farsounder-argos-350\\\/\"]}]},{\"@type\":\"BreadcrumbList\",\"@id\":\"https:\\\/\\\/escort-technology.com\\\/sonarowy-system-farsounder-argos-350\\\/#breadcrumb\",\"itemListElement\":[{\"@type\":\"ListItem\",\"position\":1,\"name\":\"Strona g\u0142\u00f3wna\",\"item\":\"https:\\\/\\\/escort-technology.com\\\/\"},{\"@type\":\"ListItem\",\"position\":2,\"name\":\"Sonarowy system FarSounder Argos 350\"}]},{\"@type\":\"WebSite\",\"@id\":\"http:\\\/\\\/escort-technology.com\\\/de\\\/#website\",\"url\":\"http:\\\/\\\/escort-technology.com\\\/de\\\/\",\"name\":\"ESCORT TECHNOLOGY\",\"description\":\"Elektronika morska i l\u0105dowa\",\"publisher\":{\"@id\":\"http:\\\/\\\/escort-technology.com\\\/de\\\/#organization\"},\"potentialAction\":[{\"@type\":\"SearchAction\",\"target\":{\"@type\":\"EntryPoint\",\"urlTemplate\":\"http:\\\/\\\/escort-technology.com\\\/de\\\/?s={search_term_string}\"},\"query-input\":{\"@type\":\"PropertyValueSpecification\",\"valueRequired\":true,\"valueName\":\"search_term_string\"}}],\"inLanguage\":\"pl-PL\"},{\"@type\":\"Organization\",\"@id\":\"http:\\\/\\\/escort-technology.com\\\/de\\\/#organization\",\"name\":\"ESCORT TECHNOLOGY\",\"url\":\"http:\\\/\\\/escort-technology.com\\\/de\\\/\",\"logo\":{\"@type\":\"ImageObject\",\"inLanguage\":\"pl-PL\",\"@id\":\"http:\\\/\\\/escort-technology.com\\\/de\\\/#\\\/schema\\\/logo\\\/image\\\/\",\"url\":\"https:\\\/\\\/escort-technology.com\\\/wp-content\\\/uploads\\\/logo-1.jpg\",\"contentUrl\":\"https:\\\/\\\/escort-technology.com\\\/wp-content\\\/uploads\\\/logo-1.jpg\",\"width\":600,\"height\":165,\"caption\":\"ESCORT TECHNOLOGY\"},\"image\":{\"@id\":\"http:\\\/\\\/escort-technology.com\\\/de\\\/#\\\/schema\\\/logo\\\/image\\\/\"},\"sameAs\":[\"https:\\\/\\\/www.facebook.com\\\/elektronika.morska\\\/\",\"https:\\\/\\\/www.linkedin.com\\\/company\\\/escort-sp-z-o-o-\\\/\"]}]}<\/script>\n<!-- \/ Yoast SEO plugin. -->","yoast_head_json":{"title":"Sonarowy system FarSounder Argos 350 - ESCORT TECHNOLOGY","robots":{"index":"index","follow":"follow","max-snippet":"max-snippet:-1","max-image-preview":"max-image-preview:large","max-video-preview":"max-video-preview:-1"},"canonical":"https:\/\/escort-technology.com\/pl\/sonarowy-system-farsounder-argos-350\/","og_locale":"pl_PL","og_type":"article","og_title":"Sonarowy system FarSounder Argos 350 - ESCORT TECHNOLOGY","og_description":"Sonarowy system FarSounder Argos 350 Mapowanie historii lokalnej&#x2122; (LHM) Nasza funkcja Local History Mapping&#x2122; daje u\u017cytkownikom mo\u017cliwo\u015b\u0107 zbudowania tr\u00f3jwymiarowej mapy dna morskiego w miejscu, w kt\u00f3rym ostatnio p\u0142ywali w widoku nak\u0142adki mapy. Nawigatorzy zobacz\u0105 kolorowy obraz w czasie rzeczywistym dna morskiego przed statkiem, jak r\u00f3wnie\u017c miejsca, w kt\u00f3rych byli. Poniewa\u017c nasz sonar ma szerokie poziome [&hellip;]","og_url":"https:\/\/escort-technology.com\/pl\/sonarowy-system-farsounder-argos-350\/","og_site_name":"ESCORT TECHNOLOGY","article_publisher":"https:\/\/www.facebook.com\/elektronika.morska\/","article_modified_time":"2022-08-17T08:59:35+00:00","twitter_card":"summary_large_image","twitter_misc":{"Szacowany czas czytania":"2 minuty"},"schema":{"@context":"https:\/\/schema.org","@graph":[{"@type":"WebPage","@id":"https:\/\/escort-technology.com\/sonarowy-system-farsounder-argos-350\/","url":"https:\/\/escort-technology.com\/sonarowy-system-farsounder-argos-350\/","name":"Sonarowy system FarSounder Argos 350 - ESCORT TECHNOLOGY","isPartOf":{"@id":"http:\/\/escort-technology.com\/de\/#website"},"datePublished":"2022-08-16T10:52:35+00:00","dateModified":"2022-08-17T08:59:35+00:00","breadcrumb":{"@id":"https:\/\/escort-technology.com\/sonarowy-system-farsounder-argos-350\/#breadcrumb"},"inLanguage":"pl-PL","potentialAction":[{"@type":"ReadAction","target":["https:\/\/escort-technology.com\/sonarowy-system-farsounder-argos-350\/"]}]},{"@type":"BreadcrumbList","@id":"https:\/\/escort-technology.com\/sonarowy-system-farsounder-argos-350\/#breadcrumb","itemListElement":[{"@type":"ListItem","position":1,"name":"Strona g\u0142\u00f3wna","item":"https:\/\/escort-technology.com\/"},{"@type":"ListItem","position":2,"name":"Sonarowy system FarSounder Argos 350"}]},{"@type":"WebSite","@id":"http:\/\/escort-technology.com\/de\/#website","url":"http:\/\/escort-technology.com\/de\/","name":"ESCORT TECHNOLOGY","description":"Elektronika morska i l\u0105dowa","publisher":{"@id":"http:\/\/escort-technology.com\/de\/#organization"},"potentialAction":[{"@type":"SearchAction","target":{"@type":"EntryPoint","urlTemplate":"http:\/\/escort-technology.com\/de\/?s={search_term_string}"},"query-input":{"@type":"PropertyValueSpecification","valueRequired":true,"valueName":"search_term_string"}}],"inLanguage":"pl-PL"},{"@type":"Organization","@id":"http:\/\/escort-technology.com\/de\/#organization","name":"ESCORT TECHNOLOGY","url":"http:\/\/escort-technology.com\/de\/","logo":{"@type":"ImageObject","inLanguage":"pl-PL","@id":"http:\/\/escort-technology.com\/de\/#\/schema\/logo\/image\/","url":"https:\/\/escort-technology.com\/wp-content\/uploads\/logo-1.jpg","contentUrl":"https:\/\/escort-technology.com\/wp-content\/uploads\/logo-1.jpg","width":600,"height":165,"caption":"ESCORT TECHNOLOGY"},"image":{"@id":"http:\/\/escort-technology.com\/de\/#\/schema\/logo\/image\/"},"sameAs":["https:\/\/www.facebook.com\/elektronika.morska\/","https:\/\/www.linkedin.com\/company\/escort-sp-z-o-o-\/"]}]}},"_links":{"self":[{"href":"https:\/\/escort-technology.com\/pl\/wp-json\/wp\/v2\/pages\/11484","targetHints":{"allow":["GET"]}}],"collection":[{"href":"https:\/\/escort-technology.com\/pl\/wp-json\/wp\/v2\/pages"}],"about":[{"href":"https:\/\/escort-technology.com\/pl\/wp-json\/wp\/v2\/types\/page"}],"author":[{"embeddable":true,"href":"https:\/\/escort-technology.com\/pl\/wp-json\/wp\/v2\/users\/10"}],"replies":[{"embeddable":true,"href":"https:\/\/escort-technology.com\/pl\/wp-json\/wp\/v2\/comments?post=11484"}],"version-history":[{"count":34,"href":"https:\/\/escort-technology.com\/pl\/wp-json\/wp\/v2\/pages\/11484\/revisions"}],"predecessor-version":[{"id":11527,"href":"https:\/\/escort-technology.com\/pl\/wp-json\/wp\/v2\/pages\/11484\/revisions\/11527"}],"wp:attachment":[{"href":"https:\/\/escort-technology.com\/pl\/wp-json\/wp\/v2\/media?parent=11484"}],"curies":[{"name":"wp","href":"https:\/\/api.w.org\/{rel}","templated":true}]}}