{"id":11904,"date":"2022-08-23T09:36:49","date_gmt":"2022-08-23T07:36:49","guid":{"rendered":"https:\/\/escort-technology.com\/?page_id=11904"},"modified":"2022-08-23T09:58:44","modified_gmt":"2022-08-23T07:58:44","slug":"system-pozycjonowania-podwodnego-usbl-easytrak-m-usbl-model-2671","status":"publish","type":"page","link":"https:\/\/escort-technology.com\/pl\/system-pozycjonowania-podwodnego-usbl-easytrak-m-usbl-model-2671\/","title":{"rendered":"System pozycjonowania podwodnego USBL Easytrak M-USBL, Model 2671"},"content":{"rendered":"<h1>\n<h1 class=\"uk-article-title\">System pozycjonowania podwodnego USBL Easytrak M-USBL, Model 2671<\/h1>\n<\/h1>\n<hr>\n<p><img decoding=\"async\" src=\"\/wp-content\/uploads\/2022\/08\/Easytrak-M-USBL-Model-2671.png\" alt=\"\"><\/p>\n<div>\n<h3>Easytrak M-USBL, model 2671<\/h3>\n<p>Easytrak to system pozycjonowania i \u015bledzenia podwodnego\u00a0 (USBL), skoncentrowany na wieloelementowym pojedynczym przetworniku, kt\u00f3ry nadaje i odbiera sygna\u0142y akustyczne do i od nadajnika przymocowanego do dynamicznego celu podwodnego, na podstawie kt\u00f3rego mo\u017cna okre\u015bli\u0107 zasi\u0119g, namiar i g\u0142\u0119boko\u015b\u0107.<\/p>\n<\/div>\n<p>\n    <a href=\"https:\/\/www.aaetechnologiesgroup.com\/wp-content\/uploads\/2021\/02\/Easytrak-M-USBL-2671-%E2%80%93-Technical-Specification.pdf\">Karta katalogowa <\/a>\n<\/p>\n<div>\n<h3>Cechy kluczowe systemu\u00a0<\/h3>\n<\/div>\n<div>\n<ul>\n<li>Precyzyjny i stabilny<\/li>\n<li>Zintegrowane czujniki nachylenia, obrotu i kursu<\/li>\n<li>Przetestowane pod k\u0105tem zgodno\u015bci z normami wojskowymi<\/li>\n<li>\u0141atwa integracja<\/li>\n<li>Zatwierdzone do u\u017cytku wojskowego<\/li>\n<\/ul>\n<\/div>\n<div>\n<h3>Zastosowanie systemu\u00a0<\/h3>\n<\/div>\n<div>\n<ul>\n<li>\u015arodki przeciwminowe (MCM)<\/li>\n<li>Kontrola pod kad\u0142ubem<\/li>\n<li>\u015aledzenie nurk\u00f3w<\/li>\n<li>\u015aledzenie AUV\/ ROV<\/li>\n<\/ul>\n<\/div>\n<p><!--more--><br \/>\n<!-- {\"type\":\"layout\",\"children\":[{\"type\":\"section\",\"props\":{\"style\":\"default\",\"width\":\"default\",\"vertical_align\":\"middle\",\"title_position\":\"top-left\",\"title_rotation\":\"left\",\"title_breakpoint\":\"xl\",\"image_position\":\"center-center\"},\"children\":[{\"type\":\"row\",\"children\":[{\"type\":\"column\",\"props\":{\"image_position\":\"center-center\",\"media_overlay_gradient\":\"\"},\"children\":[{\"type\":\"headline\",\"props\":{\"title_element\":\"h1\",\"content\":\"\n\n<h1 class=\\\"uk-article-title\\\">System pozycjonowania podwodnego USBL Easytrak M-USBL, Model 2671<\\\/h1>\"}},{\"type\":\"divider\",\"props\":{\"divider_element\":\"hr\"}}]}]},{\"type\":\"row\",\"props\":{\"layout\":\"1-2,1-2\"},\"children\":[{\"type\":\"column\",\"props\":{\"image_position\":\"center-center\",\"media_overlay_gradient\":\"\",\"width_medium\":\"1-2\"},\"children\":[{\"type\":\"image\",\"props\":{\"margin\":\"default\",\"image_svg_color\":\"emphasis\",\"image\":\"wp-content\\\/uploads\\\/2022\\\/08\\\/Easytrak-M-USBL-Model-2671.png\"}}]},{\"type\":\"column\",\"props\":{\"image_position\":\"center-center\",\"media_overlay_gradient\":\"\",\"width_medium\":\"1-2\"},\"children\":[{\"type\":\"text\",\"props\":{\"margin\":\"default\",\"column_breakpoint\":\"m\",\"content\":\"\n\n<h3>Easytrak M-USBL, model 2671<\\\/h3>\\n\n\n<p>Easytrak to system pozycjonowania i \\u015bledzenia podwodnego\\u00a0 (USBL), skoncentrowany na wieloelementowym pojedynczym przetworniku, kt\\u00f3ry nadaje i odbiera sygna\\u0142y akustyczne do i od nadajnika przymocowanego do dynamicznego celu podwodnego, na podstawie kt\\u00f3rego mo\\u017cna okre\\u015bli\\u0107 zasi\\u0119g, namiar i g\\u0142\\u0119boko\\u015b\\u0107.<\\\/p>\"}},{\"type\":\"button\",\"props\":{\"grid_column_gap\":\"small\",\"grid_row_gap\":\"small\",\"margin\":\"default\",\"text_align\":\"center\"},\"children\":[{\"type\":\"button_item\",\"props\":{\"button_style\":\"default\",\"icon_align\":\"left\",\"content\":\"Karta katalogowa \",\"link\":\"https:\\\/\\\/www.aaetechnologiesgroup.com\\\/wp-content\\\/uploads\\\/2021\\\/02\\\/Easytrak-M-USBL-2671-%E2%80%93-Technical-Specification.pdf\"}}]}]}]},{\"type\":\"row\",\"props\":{\"layout\":\"1-2,1-2\"},\"children\":[{\"type\":\"column\",\"props\":{\"image_position\":\"center-center\",\"media_overlay_gradient\":\"\",\"width_medium\":\"1-2\"},\"children\":[{\"type\":\"text\",\"props\":{\"margin\":\"default\",\"column_breakpoint\":\"m\",\"content\":\"\n\n<h3>Cechy kluczowe systemu\\u00a0<\\\/h3>\"}}]},{\"type\":\"column\",\"props\":{\"image_position\":\"center-center\",\"media_overlay_gradient\":\"\",\"width_medium\":\"1-2\"},\"children\":[{\"type\":\"text\",\"props\":{\"margin\":\"default\",\"column_breakpoint\":\"m\",\"content\":\"\n\n<ul>\\n\n\n<li>Precyzyjny i stabilny<\\\/li>\\n\n\n<li>Zintegrowane czujniki nachylenia, obrotu i kursu<\\\/li>\\n\n\n<li>Przetestowane pod k\\u0105tem zgodno\\u015bci z normami wojskowymi<\\\/li>\\n\n\n<li>\\u0141atwa integracja<\\\/li>\\n\n\n<li>Zatwierdzone do u\\u017cytku wojskowego<\\\/li>\\n<\\\/ul>\"}}]}]},{\"type\":\"row\",\"props\":{\"layout\":\"1-2,1-2\"},\"children\":[{\"type\":\"column\",\"props\":{\"image_position\":\"center-center\",\"media_overlay_gradient\":\"\",\"width_medium\":\"1-2\"},\"children\":[{\"type\":\"text\",\"props\":{\"margin\":\"default\",\"column_breakpoint\":\"m\",\"content\":\"\n\n<h3>Zastosowanie systemu\\u00a0<\\\/h3>\"}}]},{\"type\":\"column\",\"props\":{\"image_position\":\"center-center\",\"media_overlay_gradient\":\"\",\"width_medium\":\"1-2\"},\"children\":[{\"type\":\"text\",\"props\":{\"margin\":\"default\",\"column_breakpoint\":\"m\",\"content\":\"\n\n<ul>\\n\n\n<li>\\u015arodki przeciwminowe (MCM)<\\\/li>\\n\n\n<li>Kontrola pod kad\\u0142ubem<\\\/li>\\n\n\n<li>\\u015aledzenie nurk\\u00f3w<\\\/li>\\n\n\n<li>\\u015aledzenie AUV\\\/ ROV<\\\/li>\\n<\\\/ul>\"}}]}]}]}],\"version\":\"2.6.7\"} --><\/p>\n","protected":false},"excerpt":{"rendered":"<p>System pozycjonowania podwodnego USBL Easytrak M-USBL, Model 2671 Easytrak M-USBL, model 2671 Easytrak to system pozycjonowania i \u015bledzenia podwodnego\u00a0 (USBL), skoncentrowany na wieloelementowym pojedynczym przetworniku, kt\u00f3ry nadaje i odbiera sygna\u0142y akustyczne do i od nadajnika przymocowanego do dynamicznego celu podwodnego, na podstawie kt\u00f3rego mo\u017cna okre\u015bli\u0107 zasi\u0119g, namiar i g\u0142\u0119boko\u015b\u0107. Karta katalogowa Cechy kluczowe systemu\u00a0 Precyzyjny [&hellip;]<\/p>\n","protected":false},"author":10,"featured_media":0,"parent":0,"menu_order":0,"comment_status":"closed","ping_status":"closed","template":"","meta":{"footnotes":""},"class_list":["post-11904","page","type-page","status-publish","hentry"],"yoast_head":"<!-- This site is optimized with the Yoast SEO plugin v27.5 - https:\/\/yoast.com\/product\/yoast-seo-wordpress\/ -->\n<title>System pozycjonowania podwodnego USBL Easytrak M-USBL, Model 2671 - ESCORT TECHNOLOGY<\/title>\n<meta name=\"robots\" content=\"index, follow, max-snippet:-1, max-image-preview:large, max-video-preview:-1\" \/>\n<link rel=\"canonical\" href=\"https:\/\/escort-technology.com\/pl\/system-pozycjonowania-podwodnego-usbl-easytrak-m-usbl-model-2671\/\" \/>\n<meta property=\"og:locale\" content=\"pl_PL\" \/>\n<meta property=\"og:type\" content=\"article\" \/>\n<meta property=\"og:title\" content=\"System pozycjonowania podwodnego USBL Easytrak M-USBL, Model 2671 - ESCORT TECHNOLOGY\" \/>\n<meta property=\"og:description\" content=\"System pozycjonowania podwodnego USBL Easytrak M-USBL, Model 2671 Easytrak M-USBL, model 2671 Easytrak to system pozycjonowania i \u015bledzenia podwodnego\u00a0 (USBL), skoncentrowany na wieloelementowym pojedynczym przetworniku, kt\u00f3ry nadaje i odbiera sygna\u0142y akustyczne do i od nadajnika przymocowanego do dynamicznego celu podwodnego, na podstawie kt\u00f3rego mo\u017cna okre\u015bli\u0107 zasi\u0119g, namiar i g\u0142\u0119boko\u015b\u0107. Karta katalogowa Cechy kluczowe systemu\u00a0 Precyzyjny [&hellip;]\" \/>\n<meta property=\"og:url\" content=\"https:\/\/escort-technology.com\/pl\/system-pozycjonowania-podwodnego-usbl-easytrak-m-usbl-model-2671\/\" \/>\n<meta property=\"og:site_name\" content=\"ESCORT TECHNOLOGY\" \/>\n<meta property=\"article:publisher\" content=\"https:\/\/www.facebook.com\/elektronika.morska\/\" \/>\n<meta property=\"article:modified_time\" content=\"2022-08-23T07:58:44+00:00\" \/>\n<meta name=\"twitter:card\" content=\"summary_large_image\" \/>\n<script type=\"application\/ld+json\" class=\"yoast-schema-graph\">{\"@context\":\"https:\\\/\\\/schema.org\",\"@graph\":[{\"@type\":\"WebPage\",\"@id\":\"https:\\\/\\\/escort-technology.com\\\/system-pozycjonowania-podwodnego-usbl-easytrak-m-usbl-model-2671\\\/\",\"url\":\"https:\\\/\\\/escort-technology.com\\\/system-pozycjonowania-podwodnego-usbl-easytrak-m-usbl-model-2671\\\/\",\"name\":\"System pozycjonowania podwodnego USBL Easytrak M-USBL, Model 2671 - ESCORT TECHNOLOGY\",\"isPartOf\":{\"@id\":\"http:\\\/\\\/escort-technology.com\\\/de\\\/#website\"},\"datePublished\":\"2022-08-23T07:36:49+00:00\",\"dateModified\":\"2022-08-23T07:58:44+00:00\",\"breadcrumb\":{\"@id\":\"https:\\\/\\\/escort-technology.com\\\/system-pozycjonowania-podwodnego-usbl-easytrak-m-usbl-model-2671\\\/#breadcrumb\"},\"inLanguage\":\"pl-PL\",\"potentialAction\":[{\"@type\":\"ReadAction\",\"target\":[\"https:\\\/\\\/escort-technology.com\\\/system-pozycjonowania-podwodnego-usbl-easytrak-m-usbl-model-2671\\\/\"]}]},{\"@type\":\"BreadcrumbList\",\"@id\":\"https:\\\/\\\/escort-technology.com\\\/system-pozycjonowania-podwodnego-usbl-easytrak-m-usbl-model-2671\\\/#breadcrumb\",\"itemListElement\":[{\"@type\":\"ListItem\",\"position\":1,\"name\":\"Strona g\u0142\u00f3wna\",\"item\":\"https:\\\/\\\/escort-technology.com\\\/\"},{\"@type\":\"ListItem\",\"position\":2,\"name\":\"System pozycjonowania podwodnego USBL Easytrak M-USBL, Model 2671\"}]},{\"@type\":\"WebSite\",\"@id\":\"http:\\\/\\\/escort-technology.com\\\/de\\\/#website\",\"url\":\"http:\\\/\\\/escort-technology.com\\\/de\\\/\",\"name\":\"ESCORT TECHNOLOGY\",\"description\":\"Elektronika morska i l\u0105dowa\",\"publisher\":{\"@id\":\"http:\\\/\\\/escort-technology.com\\\/de\\\/#organization\"},\"potentialAction\":[{\"@type\":\"SearchAction\",\"target\":{\"@type\":\"EntryPoint\",\"urlTemplate\":\"http:\\\/\\\/escort-technology.com\\\/de\\\/?s={search_term_string}\"},\"query-input\":{\"@type\":\"PropertyValueSpecification\",\"valueRequired\":true,\"valueName\":\"search_term_string\"}}],\"inLanguage\":\"pl-PL\"},{\"@type\":\"Organization\",\"@id\":\"http:\\\/\\\/escort-technology.com\\\/de\\\/#organization\",\"name\":\"ESCORT TECHNOLOGY\",\"url\":\"http:\\\/\\\/escort-technology.com\\\/de\\\/\",\"logo\":{\"@type\":\"ImageObject\",\"inLanguage\":\"pl-PL\",\"@id\":\"http:\\\/\\\/escort-technology.com\\\/de\\\/#\\\/schema\\\/logo\\\/image\\\/\",\"url\":\"https:\\\/\\\/escort-technology.com\\\/wp-content\\\/uploads\\\/logo-1.jpg\",\"contentUrl\":\"https:\\\/\\\/escort-technology.com\\\/wp-content\\\/uploads\\\/logo-1.jpg\",\"width\":600,\"height\":165,\"caption\":\"ESCORT TECHNOLOGY\"},\"image\":{\"@id\":\"http:\\\/\\\/escort-technology.com\\\/de\\\/#\\\/schema\\\/logo\\\/image\\\/\"},\"sameAs\":[\"https:\\\/\\\/www.facebook.com\\\/elektronika.morska\\\/\",\"https:\\\/\\\/www.linkedin.com\\\/company\\\/escort-sp-z-o-o-\\\/\"]}]}<\/script>\n<!-- \/ Yoast SEO plugin. -->","yoast_head_json":{"title":"System pozycjonowania podwodnego USBL Easytrak M-USBL, Model 2671 - ESCORT TECHNOLOGY","robots":{"index":"index","follow":"follow","max-snippet":"max-snippet:-1","max-image-preview":"max-image-preview:large","max-video-preview":"max-video-preview:-1"},"canonical":"https:\/\/escort-technology.com\/pl\/system-pozycjonowania-podwodnego-usbl-easytrak-m-usbl-model-2671\/","og_locale":"pl_PL","og_type":"article","og_title":"System pozycjonowania podwodnego USBL Easytrak M-USBL, Model 2671 - ESCORT TECHNOLOGY","og_description":"System pozycjonowania podwodnego USBL Easytrak M-USBL, Model 2671 Easytrak M-USBL, model 2671 Easytrak to system pozycjonowania i \u015bledzenia podwodnego\u00a0 (USBL), skoncentrowany na wieloelementowym pojedynczym przetworniku, kt\u00f3ry nadaje i odbiera sygna\u0142y akustyczne do i od nadajnika przymocowanego do dynamicznego celu podwodnego, na podstawie kt\u00f3rego mo\u017cna okre\u015bli\u0107 zasi\u0119g, namiar i g\u0142\u0119boko\u015b\u0107. Karta katalogowa Cechy kluczowe systemu\u00a0 Precyzyjny [&hellip;]","og_url":"https:\/\/escort-technology.com\/pl\/system-pozycjonowania-podwodnego-usbl-easytrak-m-usbl-model-2671\/","og_site_name":"ESCORT TECHNOLOGY","article_publisher":"https:\/\/www.facebook.com\/elektronika.morska\/","article_modified_time":"2022-08-23T07:58:44+00:00","twitter_card":"summary_large_image","schema":{"@context":"https:\/\/schema.org","@graph":[{"@type":"WebPage","@id":"https:\/\/escort-technology.com\/system-pozycjonowania-podwodnego-usbl-easytrak-m-usbl-model-2671\/","url":"https:\/\/escort-technology.com\/system-pozycjonowania-podwodnego-usbl-easytrak-m-usbl-model-2671\/","name":"System pozycjonowania podwodnego USBL Easytrak M-USBL, Model 2671 - ESCORT TECHNOLOGY","isPartOf":{"@id":"http:\/\/escort-technology.com\/de\/#website"},"datePublished":"2022-08-23T07:36:49+00:00","dateModified":"2022-08-23T07:58:44+00:00","breadcrumb":{"@id":"https:\/\/escort-technology.com\/system-pozycjonowania-podwodnego-usbl-easytrak-m-usbl-model-2671\/#breadcrumb"},"inLanguage":"pl-PL","potentialAction":[{"@type":"ReadAction","target":["https:\/\/escort-technology.com\/system-pozycjonowania-podwodnego-usbl-easytrak-m-usbl-model-2671\/"]}]},{"@type":"BreadcrumbList","@id":"https:\/\/escort-technology.com\/system-pozycjonowania-podwodnego-usbl-easytrak-m-usbl-model-2671\/#breadcrumb","itemListElement":[{"@type":"ListItem","position":1,"name":"Strona g\u0142\u00f3wna","item":"https:\/\/escort-technology.com\/"},{"@type":"ListItem","position":2,"name":"System pozycjonowania podwodnego USBL Easytrak M-USBL, Model 2671"}]},{"@type":"WebSite","@id":"http:\/\/escort-technology.com\/de\/#website","url":"http:\/\/escort-technology.com\/de\/","name":"ESCORT TECHNOLOGY","description":"Elektronika morska i l\u0105dowa","publisher":{"@id":"http:\/\/escort-technology.com\/de\/#organization"},"potentialAction":[{"@type":"SearchAction","target":{"@type":"EntryPoint","urlTemplate":"http:\/\/escort-technology.com\/de\/?s={search_term_string}"},"query-input":{"@type":"PropertyValueSpecification","valueRequired":true,"valueName":"search_term_string"}}],"inLanguage":"pl-PL"},{"@type":"Organization","@id":"http:\/\/escort-technology.com\/de\/#organization","name":"ESCORT TECHNOLOGY","url":"http:\/\/escort-technology.com\/de\/","logo":{"@type":"ImageObject","inLanguage":"pl-PL","@id":"http:\/\/escort-technology.com\/de\/#\/schema\/logo\/image\/","url":"https:\/\/escort-technology.com\/wp-content\/uploads\/logo-1.jpg","contentUrl":"https:\/\/escort-technology.com\/wp-content\/uploads\/logo-1.jpg","width":600,"height":165,"caption":"ESCORT TECHNOLOGY"},"image":{"@id":"http:\/\/escort-technology.com\/de\/#\/schema\/logo\/image\/"},"sameAs":["https:\/\/www.facebook.com\/elektronika.morska\/","https:\/\/www.linkedin.com\/company\/escort-sp-z-o-o-\/"]}]}},"_links":{"self":[{"href":"https:\/\/escort-technology.com\/pl\/wp-json\/wp\/v2\/pages\/11904","targetHints":{"allow":["GET"]}}],"collection":[{"href":"https:\/\/escort-technology.com\/pl\/wp-json\/wp\/v2\/pages"}],"about":[{"href":"https:\/\/escort-technology.com\/pl\/wp-json\/wp\/v2\/types\/page"}],"author":[{"embeddable":true,"href":"https:\/\/escort-technology.com\/pl\/wp-json\/wp\/v2\/users\/10"}],"replies":[{"embeddable":true,"href":"https:\/\/escort-technology.com\/pl\/wp-json\/wp\/v2\/comments?post=11904"}],"version-history":[{"count":20,"href":"https:\/\/escort-technology.com\/pl\/wp-json\/wp\/v2\/pages\/11904\/revisions"}],"predecessor-version":[{"id":11927,"href":"https:\/\/escort-technology.com\/pl\/wp-json\/wp\/v2\/pages\/11904\/revisions\/11927"}],"wp:attachment":[{"href":"https:\/\/escort-technology.com\/pl\/wp-json\/wp\/v2\/media?parent=11904"}],"curies":[{"name":"wp","href":"https:\/\/api.w.org\/{rel}","templated":true}]}}