{"id":12037,"date":"2022-08-29T09:10:46","date_gmt":"2022-08-29T07:10:46","guid":{"rendered":"https:\/\/escort-technology.com\/?page_id=12037"},"modified":"2022-08-29T09:34:01","modified_gmt":"2022-08-29T07:34:01","slug":"wskazniki-nawigacyjne-marki-simrad","status":"publish","type":"page","link":"https:\/\/escort-technology.com\/pl\/wskazniki-nawigacyjne-marki-simrad\/","title":{"rendered":"Wska\u017aniki nawigacyjne marki SIMRAD"},"content":{"rendered":"<h1>\n<h1 class=\"uk-article-title\">Wska\u017aniki nawigacyjne marki SIMRAD<\/h1>\n<\/h1>\n<hr>\n<div>\n<h3>Przyrz\u0105dy mostkowe<\/h3>\n<p>Seria profesjonalnego oprzyrz\u0105dowania, kt\u00f3ra upraszcza to, co z\u0142o\u017cone, integruj\u0105c wiele analogowych wska\u017anik\u00f3w w jeden konfigurowalny cyfrowy wy\u015bwietlacz danych.<\/p>\n<p>Instrumenty morskie Simrad s\u0105 wytrzyma\u0142e, niezawodne i zaprojektowane tak, aby dostarcza\u0107 krytycznych informacji profesjonalnym marynarzom w przejrzystych, \u0142atwych do odczytania formatach.<\/p>\n<\/div>\n<p><img decoding=\"async\" src=\"\/wp-content\/uploads\/2022\/08\/i3007.png\" alt=\"\"><\/p>\n<h1>\n<h2 style=\"text-align: center;\">Wska\u017aniki nawigacyjne\u00a0<\/h2>\n<\/h1>\n<p><a href=\"http:\/\/escort-technology.com\/pl\/wskaznik-simrad-i3005\/\"><img decoding=\"async\" src=\"\/wp-content\/uploads\/2022\/08\/000-14125-001_01.jpg\" alt=\"\"><\/a><\/p>\n<h1><a href=\"http:\/\/escort-technology.com\/pl\/wskaznik-simrad-i3005\/\"><\/p>\n<h3 style=\"text-align: center;\">Instrument I3005<\/h3>\n<p><\/a><\/h1>\n<p><a href=\"https:\/\/escort-technology.com\/?page_id=12072&#038;preview=true\"><img decoding=\"async\" src=\"\/wp-content\/uploads\/2022\/08\/000-14126-001_01.jpg\" alt=\"\"><\/a><\/p>\n<h1><a href=\"https:\/\/escort-technology.com\/?page_id=12072&#038;preview=true\"><\/p>\n<h3 style=\"text-align: center;\">Instrument I3007<\/h3>\n<p><\/a><\/h1>\n<p><a href=\"http:\/\/escort-technology.com\/pl\/log-simrad-sal-r1a\/\"><img decoding=\"async\" src=\"\/wp-content\/uploads\/2022\/08\/000-14047-001.jpg\" alt=\"\"><\/a><\/p>\n<h1><a href=\"http:\/\/escort-technology.com\/pl\/log-simrad-sal-r1a\/\"><\/p>\n<h3 style=\"text-align: center;\">Wska\u017anik logu SAL R1A<\/h3>\n<p><\/a><\/h1>\n<p><!--more--><br \/>\n<!-- {\"type\":\"layout\",\"children\":[{\"type\":\"section\",\"props\":{\"style\":\"default\",\"width\":\"default\",\"vertical_align\":\"middle\",\"title_position\":\"top-left\",\"title_rotation\":\"left\",\"title_breakpoint\":\"xl\",\"image_position\":\"center-center\"},\"children\":[{\"type\":\"row\",\"children\":[{\"type\":\"column\",\"props\":{\"image_position\":\"center-center\",\"media_overlay_gradient\":\"\"},\"children\":[{\"type\":\"headline\",\"props\":{\"title_element\":\"h1\",\"content\":\"\n\n<h1 class=\\\"uk-article-title\\\">Wska\\u017aniki nawigacyjne marki SIMRAD<\\\/h1>\"}},{\"type\":\"divider\",\"props\":{\"divider_element\":\"hr\"}}]}]},{\"type\":\"row\",\"props\":{\"layout\":\"1-2,1-2\"},\"children\":[{\"type\":\"column\",\"props\":{\"image_position\":\"center-center\",\"media_overlay_gradient\":\"\",\"width_medium\":\"1-2\"},\"children\":[{\"type\":\"text\",\"props\":{\"margin\":\"default\",\"column_breakpoint\":\"m\",\"content\":\"\n\n<h3>Przyrz\\u0105dy mostkowe<\\\/h3>\\n\n\n<p>Seria profesjonalnego oprzyrz\\u0105dowania, kt\\u00f3ra upraszcza to, co z\\u0142o\\u017cone, integruj\\u0105c wiele analogowych wska\\u017anik\\u00f3w w jeden konfigurowalny cyfrowy wy\\u015bwietlacz danych.<\\\/p>\\n\n\n<p>Instrumenty morskie Simrad s\\u0105 wytrzyma\\u0142e, niezawodne i zaprojektowane tak, aby dostarcza\\u0107 krytycznych informacji profesjonalnym marynarzom w przejrzystych, \\u0142atwych do odczytania formatach.<\\\/p>\"}}]},{\"type\":\"column\",\"props\":{\"image_position\":\"center-center\",\"media_overlay_gradient\":\"\",\"width_medium\":\"1-2\"},\"children\":[{\"type\":\"image\",\"props\":{\"margin\":\"default\",\"image_svg_color\":\"emphasis\",\"image\":\"wp-content\\\/uploads\\\/2022\\\/08\\\/i3007.png\"}}]}]},{\"type\":\"row\",\"children\":[{\"type\":\"column\",\"props\":{\"image_position\":\"center-center\",\"media_overlay_gradient\":\"\"},\"children\":[{\"type\":\"headline\",\"props\":{\"title_element\":\"h1\",\"content\":\"\n\n<h2 style=\\\"text-align: center;\\\">Wska\\u017aniki nawigacyjne\\u00a0<\\\/h2>\",\"text_align\":\"center\"}}]}]},{\"type\":\"row\",\"props\":{\"layout\":\"1-3,1-3,1-3\"},\"children\":[{\"type\":\"column\",\"props\":{\"image_position\":\"center-center\",\"media_overlay_gradient\":\"\",\"width_medium\":\"1-3\"},\"children\":[{\"type\":\"image\",\"props\":{\"margin\":\"default\",\"image_svg_color\":\"emphasis\",\"image\":\"wp-content\\\/uploads\\\/2022\\\/08\\\/000-14125-001_01.jpg\",\"text_align\":\"center\",\"link\":\"http:\\\/\\\/escort-technology.com\\\/pl\\\/wskaznik-simrad-i3005\\\/\"}},{\"type\":\"headline\",\"props\":{\"title_element\":\"h1\",\"content\":\"\n\n<h3 style=\\\"text-align: center;\\\">Instrument I3005<\\\/h3>\",\"link\":\"http:\\\/\\\/escort-technology.com\\\/pl\\\/wskaznik-simrad-i3005\\\/\"}}]},{\"type\":\"column\",\"props\":{\"image_position\":\"center-center\",\"media_overlay_gradient\":\"\",\"width_medium\":\"1-3\"},\"children\":[{\"type\":\"image\",\"props\":{\"margin\":\"default\",\"image_svg_color\":\"emphasis\",\"image\":\"wp-content\\\/uploads\\\/2022\\\/08\\\/000-14126-001_01.jpg\",\"text_align\":\"center\",\"link\":\"https:\\\/\\\/escort-technology.com\\\/?page_id=12072&preview=true\"}},{\"type\":\"headline\",\"props\":{\"title_element\":\"h1\",\"content\":\"\n\n<h3 style=\\\"text-align: center;\\\">Instrument I3007<\\\/h3>\",\"link\":\"https:\\\/\\\/escort-technology.com\\\/?page_id=12072&preview=true\"}}]},{\"type\":\"column\",\"props\":{\"image_position\":\"center-center\",\"media_overlay_gradient\":\"\",\"width_medium\":\"1-3\"},\"children\":[{\"type\":\"image\",\"props\":{\"margin\":\"default\",\"image_svg_color\":\"emphasis\",\"image\":\"wp-content\\\/uploads\\\/2022\\\/08\\\/000-14047-001.jpg\",\"text_align\":\"center\",\"link\":\"http:\\\/\\\/escort-technology.com\\\/pl\\\/log-simrad-sal-r1a\\\/\"}},{\"type\":\"headline\",\"props\":{\"title_element\":\"h1\",\"content\":\"\n\n<h3 style=\\\"text-align: center;\\\">Wska\\u017anik logu SAL R1A<\\\/h3>\",\"text_align\":\"center\",\"link\":\"http:\\\/\\\/escort-technology.com\\\/pl\\\/log-simrad-sal-r1a\\\/\"}}]}]}]}],\"version\":\"2.6.7\"} --><\/p>\n","protected":false},"excerpt":{"rendered":"<p>Wska\u017aniki nawigacyjne marki SIMRAD Przyrz\u0105dy mostkowe Seria profesjonalnego oprzyrz\u0105dowania, kt\u00f3ra upraszcza to, co z\u0142o\u017cone, integruj\u0105c wiele analogowych wska\u017anik\u00f3w w jeden konfigurowalny cyfrowy wy\u015bwietlacz danych. Instrumenty morskie Simrad s\u0105 wytrzyma\u0142e, niezawodne i zaprojektowane tak, aby dostarcza\u0107 krytycznych informacji profesjonalnym marynarzom w przejrzystych, \u0142atwych do odczytania formatach. Wska\u017aniki nawigacyjne\u00a0 Instrument I3005 Instrument I3007 Wska\u017anik logu SAL R1A<\/p>\n","protected":false},"author":10,"featured_media":0,"parent":0,"menu_order":0,"comment_status":"closed","ping_status":"closed","template":"","meta":{"footnotes":""},"class_list":["post-12037","page","type-page","status-publish","hentry"],"yoast_head":"<!-- This site is optimized with the Yoast SEO plugin v27.6 - https:\/\/yoast.com\/product\/yoast-seo-wordpress\/ -->\n<title>Wska\u017aniki nawigacyjne marki SIMRAD - ESCORT TECHNOLOGY<\/title>\n<meta name=\"robots\" content=\"index, follow, max-snippet:-1, max-image-preview:large, max-video-preview:-1\" \/>\n<link rel=\"canonical\" href=\"https:\/\/escort-technology.com\/pl\/wskazniki-nawigacyjne-marki-simrad\/\" \/>\n<meta property=\"og:locale\" content=\"pl_PL\" \/>\n<meta property=\"og:type\" content=\"article\" \/>\n<meta property=\"og:title\" content=\"Wska\u017aniki nawigacyjne marki SIMRAD - ESCORT TECHNOLOGY\" \/>\n<meta property=\"og:description\" content=\"Wska\u017aniki nawigacyjne marki SIMRAD Przyrz\u0105dy mostkowe Seria profesjonalnego oprzyrz\u0105dowania, kt\u00f3ra upraszcza to, co z\u0142o\u017cone, integruj\u0105c wiele analogowych wska\u017anik\u00f3w w jeden konfigurowalny cyfrowy wy\u015bwietlacz danych. Instrumenty morskie Simrad s\u0105 wytrzyma\u0142e, niezawodne i zaprojektowane tak, aby dostarcza\u0107 krytycznych informacji profesjonalnym marynarzom w przejrzystych, \u0142atwych do odczytania formatach. Wska\u017aniki nawigacyjne\u00a0 Instrument I3005 Instrument I3007 Wska\u017anik logu SAL R1A\" \/>\n<meta property=\"og:url\" content=\"https:\/\/escort-technology.com\/pl\/wskazniki-nawigacyjne-marki-simrad\/\" \/>\n<meta property=\"og:site_name\" content=\"ESCORT TECHNOLOGY\" \/>\n<meta property=\"article:publisher\" content=\"https:\/\/www.facebook.com\/elektronika.morska\/\" \/>\n<meta property=\"article:modified_time\" content=\"2022-08-29T07:34:01+00:00\" \/>\n<meta name=\"twitter:card\" content=\"summary_large_image\" \/>\n<script type=\"application\/ld+json\" class=\"yoast-schema-graph\">{\"@context\":\"https:\\\/\\\/schema.org\",\"@graph\":[{\"@type\":\"WebPage\",\"@id\":\"https:\\\/\\\/escort-technology.com\\\/wskazniki-nawigacyjne-marki-simrad\\\/\",\"url\":\"https:\\\/\\\/escort-technology.com\\\/wskazniki-nawigacyjne-marki-simrad\\\/\",\"name\":\"Wska\u017aniki nawigacyjne marki SIMRAD - ESCORT TECHNOLOGY\",\"isPartOf\":{\"@id\":\"http:\\\/\\\/escort-technology.com\\\/de\\\/#website\"},\"datePublished\":\"2022-08-29T07:10:46+00:00\",\"dateModified\":\"2022-08-29T07:34:01+00:00\",\"breadcrumb\":{\"@id\":\"https:\\\/\\\/escort-technology.com\\\/wskazniki-nawigacyjne-marki-simrad\\\/#breadcrumb\"},\"inLanguage\":\"pl-PL\",\"potentialAction\":[{\"@type\":\"ReadAction\",\"target\":[\"https:\\\/\\\/escort-technology.com\\\/wskazniki-nawigacyjne-marki-simrad\\\/\"]}]},{\"@type\":\"BreadcrumbList\",\"@id\":\"https:\\\/\\\/escort-technology.com\\\/wskazniki-nawigacyjne-marki-simrad\\\/#breadcrumb\",\"itemListElement\":[{\"@type\":\"ListItem\",\"position\":1,\"name\":\"Strona g\u0142\u00f3wna\",\"item\":\"https:\\\/\\\/escort-technology.com\\\/\"},{\"@type\":\"ListItem\",\"position\":2,\"name\":\"Wska\u017aniki nawigacyjne marki SIMRAD\"}]},{\"@type\":\"WebSite\",\"@id\":\"http:\\\/\\\/escort-technology.com\\\/de\\\/#website\",\"url\":\"http:\\\/\\\/escort-technology.com\\\/de\\\/\",\"name\":\"ESCORT TECHNOLOGY\",\"description\":\"Elektronika morska i l\u0105dowa\",\"publisher\":{\"@id\":\"http:\\\/\\\/escort-technology.com\\\/de\\\/#organization\"},\"potentialAction\":[{\"@type\":\"SearchAction\",\"target\":{\"@type\":\"EntryPoint\",\"urlTemplate\":\"http:\\\/\\\/escort-technology.com\\\/de\\\/?s={search_term_string}\"},\"query-input\":{\"@type\":\"PropertyValueSpecification\",\"valueRequired\":true,\"valueName\":\"search_term_string\"}}],\"inLanguage\":\"pl-PL\"},{\"@type\":\"Organization\",\"@id\":\"http:\\\/\\\/escort-technology.com\\\/de\\\/#organization\",\"name\":\"ESCORT TECHNOLOGY\",\"url\":\"http:\\\/\\\/escort-technology.com\\\/de\\\/\",\"logo\":{\"@type\":\"ImageObject\",\"inLanguage\":\"pl-PL\",\"@id\":\"http:\\\/\\\/escort-technology.com\\\/de\\\/#\\\/schema\\\/logo\\\/image\\\/\",\"url\":\"https:\\\/\\\/escort-technology.com\\\/wp-content\\\/uploads\\\/logo-1.jpg\",\"contentUrl\":\"https:\\\/\\\/escort-technology.com\\\/wp-content\\\/uploads\\\/logo-1.jpg\",\"width\":600,\"height\":165,\"caption\":\"ESCORT TECHNOLOGY\"},\"image\":{\"@id\":\"http:\\\/\\\/escort-technology.com\\\/de\\\/#\\\/schema\\\/logo\\\/image\\\/\"},\"sameAs\":[\"https:\\\/\\\/www.facebook.com\\\/elektronika.morska\\\/\",\"https:\\\/\\\/www.linkedin.com\\\/company\\\/escort-sp-z-o-o-\\\/\"]}]}<\/script>\n<!-- \/ Yoast SEO plugin. -->","yoast_head_json":{"title":"Wska\u017aniki nawigacyjne marki SIMRAD - ESCORT TECHNOLOGY","robots":{"index":"index","follow":"follow","max-snippet":"max-snippet:-1","max-image-preview":"max-image-preview:large","max-video-preview":"max-video-preview:-1"},"canonical":"https:\/\/escort-technology.com\/pl\/wskazniki-nawigacyjne-marki-simrad\/","og_locale":"pl_PL","og_type":"article","og_title":"Wska\u017aniki nawigacyjne marki SIMRAD - ESCORT TECHNOLOGY","og_description":"Wska\u017aniki nawigacyjne marki SIMRAD Przyrz\u0105dy mostkowe Seria profesjonalnego oprzyrz\u0105dowania, kt\u00f3ra upraszcza to, co z\u0142o\u017cone, integruj\u0105c wiele analogowych wska\u017anik\u00f3w w jeden konfigurowalny cyfrowy wy\u015bwietlacz danych. Instrumenty morskie Simrad s\u0105 wytrzyma\u0142e, niezawodne i zaprojektowane tak, aby dostarcza\u0107 krytycznych informacji profesjonalnym marynarzom w przejrzystych, \u0142atwych do odczytania formatach. Wska\u017aniki nawigacyjne\u00a0 Instrument I3005 Instrument I3007 Wska\u017anik logu SAL R1A","og_url":"https:\/\/escort-technology.com\/pl\/wskazniki-nawigacyjne-marki-simrad\/","og_site_name":"ESCORT TECHNOLOGY","article_publisher":"https:\/\/www.facebook.com\/elektronika.morska\/","article_modified_time":"2022-08-29T07:34:01+00:00","twitter_card":"summary_large_image","schema":{"@context":"https:\/\/schema.org","@graph":[{"@type":"WebPage","@id":"https:\/\/escort-technology.com\/wskazniki-nawigacyjne-marki-simrad\/","url":"https:\/\/escort-technology.com\/wskazniki-nawigacyjne-marki-simrad\/","name":"Wska\u017aniki nawigacyjne marki SIMRAD - ESCORT TECHNOLOGY","isPartOf":{"@id":"http:\/\/escort-technology.com\/de\/#website"},"datePublished":"2022-08-29T07:10:46+00:00","dateModified":"2022-08-29T07:34:01+00:00","breadcrumb":{"@id":"https:\/\/escort-technology.com\/wskazniki-nawigacyjne-marki-simrad\/#breadcrumb"},"inLanguage":"pl-PL","potentialAction":[{"@type":"ReadAction","target":["https:\/\/escort-technology.com\/wskazniki-nawigacyjne-marki-simrad\/"]}]},{"@type":"BreadcrumbList","@id":"https:\/\/escort-technology.com\/wskazniki-nawigacyjne-marki-simrad\/#breadcrumb","itemListElement":[{"@type":"ListItem","position":1,"name":"Strona g\u0142\u00f3wna","item":"https:\/\/escort-technology.com\/"},{"@type":"ListItem","position":2,"name":"Wska\u017aniki nawigacyjne marki SIMRAD"}]},{"@type":"WebSite","@id":"http:\/\/escort-technology.com\/de\/#website","url":"http:\/\/escort-technology.com\/de\/","name":"ESCORT TECHNOLOGY","description":"Elektronika morska i l\u0105dowa","publisher":{"@id":"http:\/\/escort-technology.com\/de\/#organization"},"potentialAction":[{"@type":"SearchAction","target":{"@type":"EntryPoint","urlTemplate":"http:\/\/escort-technology.com\/de\/?s={search_term_string}"},"query-input":{"@type":"PropertyValueSpecification","valueRequired":true,"valueName":"search_term_string"}}],"inLanguage":"pl-PL"},{"@type":"Organization","@id":"http:\/\/escort-technology.com\/de\/#organization","name":"ESCORT TECHNOLOGY","url":"http:\/\/escort-technology.com\/de\/","logo":{"@type":"ImageObject","inLanguage":"pl-PL","@id":"http:\/\/escort-technology.com\/de\/#\/schema\/logo\/image\/","url":"https:\/\/escort-technology.com\/wp-content\/uploads\/logo-1.jpg","contentUrl":"https:\/\/escort-technology.com\/wp-content\/uploads\/logo-1.jpg","width":600,"height":165,"caption":"ESCORT TECHNOLOGY"},"image":{"@id":"http:\/\/escort-technology.com\/de\/#\/schema\/logo\/image\/"},"sameAs":["https:\/\/www.facebook.com\/elektronika.morska\/","https:\/\/www.linkedin.com\/company\/escort-sp-z-o-o-\/"]}]}},"_links":{"self":[{"href":"https:\/\/escort-technology.com\/pl\/wp-json\/wp\/v2\/pages\/12037","targetHints":{"allow":["GET"]}}],"collection":[{"href":"https:\/\/escort-technology.com\/pl\/wp-json\/wp\/v2\/pages"}],"about":[{"href":"https:\/\/escort-technology.com\/pl\/wp-json\/wp\/v2\/types\/page"}],"author":[{"embeddable":true,"href":"https:\/\/escort-technology.com\/pl\/wp-json\/wp\/v2\/users\/10"}],"replies":[{"embeddable":true,"href":"https:\/\/escort-technology.com\/pl\/wp-json\/wp\/v2\/comments?post=12037"}],"version-history":[{"count":28,"href":"https:\/\/escort-technology.com\/pl\/wp-json\/wp\/v2\/pages\/12037\/revisions"}],"predecessor-version":[{"id":12075,"href":"https:\/\/escort-technology.com\/pl\/wp-json\/wp\/v2\/pages\/12037\/revisions\/12075"}],"wp:attachment":[{"href":"https:\/\/escort-technology.com\/pl\/wp-json\/wp\/v2\/media?parent=12037"}],"curies":[{"name":"wp","href":"https:\/\/api.w.org\/{rel}","templated":true}]}}