{"id":12072,"date":"2022-08-29T09:34:14","date_gmt":"2022-08-29T07:34:14","guid":{"rendered":"https:\/\/escort-technology.com\/?page_id=12072"},"modified":"2022-08-29T09:49:29","modified_gmt":"2022-08-29T07:49:29","slug":"wskaznik-simrad-i3007","status":"publish","type":"page","link":"https:\/\/escort-technology.com\/pl\/wskaznik-simrad-i3007\/","title":{"rendered":"Wska\u017anik SIMRAD I3007"},"content":{"rendered":"<h1>\n<h1 class=\"uk-article-title\">Wska\u017anik SIMRAD I3007<\/h1>\n<\/h1>\n<hr>\n<p><img decoding=\"async\" src=\"\/wp-content\/uploads\/2022\/08\/i3007.png\" alt=\"\"><\/p>\n<div>\n<h3>Wska\u017anik Simrad I3007<\/h3>\n<p>Seria instrument\u00f3w Simrad\u00ae I3005 i I3007 oferuje 5- lub 7-calowy kolorowy wy\u015bwietlacz o najwy\u017cszej jako\u015bci z \u0142atwym sterowaniem dotykowym, r\u00f3\u017cnorodne uk\u0142ady graficzne z mo\u017cliwo\u015bci\u0105 w\u0142\u0105czenia do o\u015bmiu r\u00f3\u017cnych funkcji jednocze\u015bnie. Oferuj\u0105c elastyczn\u0105 instalacj\u0119, kt\u00f3ra obs\u0142uguje szerok\u0105 gam\u0119 typ\u00f3w sygna\u0142\u00f3w We\/Wy, oba rozmiary wy\u015bwietlaczy s\u0105 zatwierdzone dla statk\u00f3w SOLAS.<\/p>\n<\/div>\n<div>\n<h3>Szczeg\u00f3\u0142y produktu<\/h3>\n<p>Seria instrument\u00f3w Simrad\u00ae I3005 i I3007 oferuje 5- lub 7-calowy kolorowy wy\u015bwietlacz o najwy\u017cszej jako\u015bci z \u0142atwym sterowaniem dotykowym, r\u00f3\u017cnorodne uk\u0142ady graficzne z mo\u017cliwo\u015bci\u0105 w\u0142\u0105czenia do o\u015bmiu r\u00f3\u017cnych funkcji jednocze\u015bnie.<\/p>\n<p>Zar\u00f3wno I3005 jak i I3007 s\u0105 zatwierdzone przez IMO jako wska\u017anik k\u0105ta wychylenia steru, powtarzacz kursu, wska\u017anik pr\u0119dko\u015bci obrotu (tylko I3007), wska\u017anik skoku \u015bruby, wska\u017anik obrot\u00f3w \u015bruby, plus monitorowanie innych funkcji, takich jak obroty silnika, instrumenty wiatrowe, cyfrowy k\u0105t wychylenia \u015bruby nap\u0119dowej i pr\u0119dko\u015b\u0107 \u0142odzi.<\/p>\n<p>Oferuj\u0105c elastyczn\u0105 instalacj\u0119, kt\u00f3ra obs\u0142uguje szerok\u0105 gam\u0119 typ\u00f3w sygna\u0142\u00f3w I\/O, oba rozmiary wy\u015bwietlaczy s\u0105 zatwierdzone dla statk\u00f3w SOLAS.<\/p>\n<p>Seria IS300 ma mo\u017cliwo\u015b\u0107 jednoczesnego w\u0142\u0105czenia nast\u0119puj\u0105cych element\u00f3w:<\/p>\n<p>Repeater kursu &#8211; zatwierdzony przez IMO, gdy sparowany z NMEA 2000, NMEA 0183, lub czujnikiem kursu LWE, takim jak kompasy Simrad GPS i Gyro.<br \/>Wska\u017anik steru &#8211; zatwierdzony przez IMO, gdy jest pod\u0142\u0105czony w systemie autopilota, kt\u00f3ry ma opcjonalne wy\u015bwietlanie zapotrzebowania na ster. Odczytuje pozycje steru ze wszystkich sprz\u0119\u017ce\u0144 zwrotnych steru Simrad lub jest zgodny ze sprz\u0119\u017ceniami NmEA 0183 z innych system\u00f3w stron trzecich.<br \/>Wska\u017anik Rate of Turn &#8211; 7&#8243; zatwierdzony przez IMO i 5&#8243; nieIMO wska\u017anik ROT z konfigurowalnym zakresem skali i jest zgodny z kompasami GPS Simrad, HS60\/70\/80, \u017cyroskopami Simrad GS80\/85, i kompasami magenetycznymi Simrad Precision-9, RC-42.<br \/>Wska\u017anik skoku \u015bruby nap\u0119dowej konfigurowany do u\u017cytku z nap\u0119dem i p\u0119dnikiem<br \/>(Uwaga: Przetwornik\/czujnik nie jest oferowany przez Navico)<br \/>Obroty wa\u0142u \u015bruby &#8211; zgodne z IMO z mo\u017cliwo\u015bci\u0105 wyboru zakresu skali<br \/>(Uwaga: Przetwornik\/czujnik nie jest oferowany przez Navico)<br \/>Wska\u017anik obrot\u00f3w silnika z mo\u017cliwo\u015bci\u0105 wyboru zakresu skali od 200 do 10,000<br \/>(Uwaga: Przetwornik\/czujnik nie jest oferowany przez Navico)<br \/>Instrument wiatrowy &#8211; pomiar prawdziwej pr\u0119dko\u015bci wiatru i k\u0105ta, pozornej pr\u0119dko\u015bci wiatru i k\u0105ta, wska\u017anik pr\u0119dko\u015bci wiatru w skali Beauforta z mo\u017cliwo\u015bci\u0105 wyboru orientacji (wzgl\u0119dem p\u00f3\u0142nocy lub dziobu statku). Kompatybilne z czujnikami Simrad i B&amp;G lub dowolnymi czujnikami wiatru NMEA 2000 lub NMEA 0183.<br \/>Dane cyfrowe &#8211; uk\u0142ad danych do wy\u015bwietlania lub wiele typ\u00f3w danych; Statek, \u015brodowisko, nawigacja, silnik, g\u0142\u0119boko\u015b\u0107, pr\u0119dko\u015b\u0107, przechy\u0142, nachylenie, obr\u00f3t, czas i data.<\/p>\n<p>Uwaga: Typy danych cyfrowych mog\u0105 by\u0107 wybrane tylko z dost\u0119pnych zainstalowanych przetwornik\u00f3w i czujnik\u00f3w.<\/p>\n<\/div>\n<div>\n<h3>G\u0142\u00f3wne cechy<\/h3>\n<ul>\n<li>Wiele funkcji instrumentu na jednym wy\u015bwietlaczu<\/li>\n<li>Mo\u017cliwo\u015b\u0107 w\u0142\u0105czenia do o\u015bmiu r\u00f3\u017cnych funkcji<\/li>\n<li>Konfiguracja jedno- lub wielozadaniowa<\/li>\n<li>\u0141atwe prze\u0142\u0105czanie pomi\u0119dzy wieloma funkcjami<\/li>\n<li>Podgl\u0105d z du\u017cej odleg\u0142o\u015bci<\/li>\n<li>Obs\u0142uga wszystkich popularnych typ\u00f3w sygna\u0142\u00f3w analogowych<\/li>\n<li>Mostek danych pomi\u0119dzy NMEA 2000\u00ae, portem szeregowym, Ethernetem dla bardziej elastycznych i zaawansowanych wymaga\u0144 instalacyjnych<\/li>\n<li>2 x porty NMEA 0183 z szybko\u015bci\u0105 do 38000 bod\u00f3w<\/li>\n<li>Odpowiedni dla wszystkich rozmiar\u00f3w statk\u00f3w<\/li>\n<\/ul>\n<\/div>\n<p>\n    <a href=\"https:\/\/www.navico-commercial.com\/downloads\/#000-14126-001\">Dokumentacja <\/a>\n<\/p>\n<p><!--more--><br \/>\n<!-- {\"type\":\"layout\",\"children\":[{\"type\":\"section\",\"props\":{\"style\":\"default\",\"width\":\"default\",\"vertical_align\":\"middle\",\"title_position\":\"top-left\",\"title_rotation\":\"left\",\"title_breakpoint\":\"xl\",\"image_position\":\"center-center\"},\"children\":[{\"type\":\"row\",\"children\":[{\"type\":\"column\",\"props\":{\"image_position\":\"center-center\",\"media_overlay_gradient\":\"\"},\"children\":[{\"type\":\"headline\",\"props\":{\"title_element\":\"h1\",\"content\":\"\n\n<h1 class=\\\"uk-article-title\\\">Wska\\u017anik SIMRAD I3007<\\\/h1>\"}},{\"type\":\"divider\",\"props\":{\"divider_element\":\"hr\"}}]}]}]},{\"type\":\"section\",\"props\":{\"style\":\"default\",\"width\":\"default\",\"vertical_align\":\"middle\",\"title_position\":\"top-left\",\"title_rotation\":\"left\",\"title_breakpoint\":\"xl\",\"image_position\":\"center-center\"},\"children\":[{\"type\":\"row\",\"props\":{\"layout\":\"1-2,1-2\"},\"children\":[{\"type\":\"column\",\"props\":{\"image_position\":\"center-center\",\"media_overlay_gradient\":\"\",\"width_medium\":\"1-2\"},\"children\":[{\"type\":\"image\",\"props\":{\"margin\":\"default\",\"image_svg_color\":\"emphasis\",\"image\":\"wp-content\\\/uploads\\\/2022\\\/08\\\/i3007.png\"}}]},{\"type\":\"column\",\"props\":{\"image_position\":\"center-center\",\"media_overlay_gradient\":\"\",\"width_medium\":\"1-2\"},\"children\":[{\"type\":\"text\",\"props\":{\"margin\":\"default\",\"column_breakpoint\":\"m\",\"content\":\"\n\n<h3>Wska\\u017anik Simrad I3007<\\\/h3>\\n\n\n<p>Seria instrument\\u00f3w Simrad\\u00ae I3005 i I3007 oferuje 5- lub 7-calowy kolorowy wy\\u015bwietlacz o najwy\\u017cszej jako\\u015bci z \\u0142atwym sterowaniem dotykowym, r\\u00f3\\u017cnorodne uk\\u0142ady graficzne z mo\\u017cliwo\\u015bci\\u0105 w\\u0142\\u0105czenia do o\\u015bmiu r\\u00f3\\u017cnych funkcji jednocze\\u015bnie. Oferuj\\u0105c elastyczn\\u0105 instalacj\\u0119, kt\\u00f3ra obs\\u0142uguje szerok\\u0105 gam\\u0119 typ\\u00f3w sygna\\u0142\\u00f3w We\\\/Wy, oba rozmiary wy\\u015bwietlaczy s\\u0105 zatwierdzone dla statk\\u00f3w SOLAS.<\\\/p>\"}}]}]},{\"type\":\"row\",\"children\":[{\"type\":\"column\",\"props\":{\"image_position\":\"center-center\",\"media_overlay_gradient\":\"\"},\"children\":[{\"type\":\"text\",\"props\":{\"margin\":\"default\",\"column_breakpoint\":\"m\",\"content\":\"\n\n<h3>Szczeg\\u00f3\\u0142y produktu<\\\/h3>\\n\n\n<p>Seria instrument\\u00f3w Simrad\\u00ae I3005 i I3007 oferuje 5- lub 7-calowy kolorowy wy\\u015bwietlacz o najwy\\u017cszej jako\\u015bci z \\u0142atwym sterowaniem dotykowym, r\\u00f3\\u017cnorodne uk\\u0142ady graficzne z mo\\u017cliwo\\u015bci\\u0105 w\\u0142\\u0105czenia do o\\u015bmiu r\\u00f3\\u017cnych funkcji jednocze\\u015bnie.<\\\/p>\\n\n\n<p>Zar\\u00f3wno I3005 jak i I3007 s\\u0105 zatwierdzone przez IMO jako wska\\u017anik k\\u0105ta wychylenia steru, powtarzacz kursu, wska\\u017anik pr\\u0119dko\\u015bci obrotu (tylko I3007), wska\\u017anik skoku \\u015bruby, wska\\u017anik obrot\\u00f3w \\u015bruby, plus monitorowanie innych funkcji, takich jak obroty silnika, instrumenty wiatrowe, cyfrowy k\\u0105t wychylenia \\u015bruby nap\\u0119dowej i pr\\u0119dko\\u015b\\u0107 \\u0142odzi.<\\\/p>\\n\n\n<p>Oferuj\\u0105c elastyczn\\u0105 instalacj\\u0119, kt\\u00f3ra obs\\u0142uguje szerok\\u0105 gam\\u0119 typ\\u00f3w sygna\\u0142\\u00f3w I\\\/O, oba rozmiary wy\\u015bwietlaczy s\\u0105 zatwierdzone dla statk\\u00f3w SOLAS.<\\\/p>\\n\n\n<p>Seria IS300 ma mo\\u017cliwo\\u015b\\u0107 jednoczesnego w\\u0142\\u0105czenia nast\\u0119puj\\u0105cych element\\u00f3w:<\\\/p>\\n\n\n<p>Repeater kursu - zatwierdzony przez IMO, gdy sparowany z NMEA 2000, NMEA 0183, lub czujnikiem kursu LWE, takim jak kompasy Simrad GPS i Gyro.<br \\\/>Wska\\u017anik steru - zatwierdzony przez IMO, gdy jest pod\\u0142\\u0105czony w systemie autopilota, kt\\u00f3ry ma opcjonalne wy\\u015bwietlanie zapotrzebowania na ster. Odczytuje pozycje steru ze wszystkich sprz\\u0119\\u017ce\\u0144 zwrotnych steru Simrad lub jest zgodny ze sprz\\u0119\\u017ceniami NmEA 0183 z innych system\\u00f3w stron trzecich.<br \\\/>Wska\\u017anik Rate of Turn - 7\\\" zatwierdzony przez IMO i 5\\\" nieIMO wska\\u017anik ROT z konfigurowalnym zakresem skali i jest zgodny z kompasami GPS Simrad, HS60\\\/70\\\/80, \\u017cyroskopami Simrad GS80\\\/85, i kompasami magenetycznymi Simrad Precision-9, RC-42.<br \\\/>Wska\\u017anik skoku \\u015bruby nap\\u0119dowej konfigurowany do u\\u017cytku z nap\\u0119dem i p\\u0119dnikiem<br \\\/>(Uwaga: Przetwornik\\\/czujnik nie jest oferowany przez Navico)<br \\\/>Obroty wa\\u0142u \\u015bruby - zgodne z IMO z mo\\u017cliwo\\u015bci\\u0105 wyboru zakresu skali<br \\\/>(Uwaga: Przetwornik\\\/czujnik nie jest oferowany przez Navico)<br \\\/>Wska\\u017anik obrot\\u00f3w silnika z mo\\u017cliwo\\u015bci\\u0105 wyboru zakresu skali od 200 do 10,000<br \\\/>(Uwaga: Przetwornik\\\/czujnik nie jest oferowany przez Navico)<br \\\/>Instrument wiatrowy - pomiar prawdziwej pr\\u0119dko\\u015bci wiatru i k\\u0105ta, pozornej pr\\u0119dko\\u015bci wiatru i k\\u0105ta, wska\\u017anik pr\\u0119dko\\u015bci wiatru w skali Beauforta z mo\\u017cliwo\\u015bci\\u0105 wyboru orientacji (wzgl\\u0119dem p\\u00f3\\u0142nocy lub dziobu statku). Kompatybilne z czujnikami Simrad i B&amp;G lub dowolnymi czujnikami wiatru NMEA 2000 lub NMEA 0183.<br \\\/>Dane cyfrowe - uk\\u0142ad danych do wy\\u015bwietlania lub wiele typ\\u00f3w danych; Statek, \\u015brodowisko, nawigacja, silnik, g\\u0142\\u0119boko\\u015b\\u0107, pr\\u0119dko\\u015b\\u0107, przechy\\u0142, nachylenie, obr\\u00f3t, czas i data.<\\\/p>\\n\n\n<p>Uwaga: Typy danych cyfrowych mog\\u0105 by\\u0107 wybrane tylko z dost\\u0119pnych zainstalowanych przetwornik\\u00f3w i czujnik\\u00f3w.<\\\/p>\"}}]}]}]},{\"type\":\"section\",\"props\":{\"style\":\"secondary\",\"width\":\"default\",\"vertical_align\":\"middle\",\"title_position\":\"top-left\",\"title_rotation\":\"left\",\"title_breakpoint\":\"xl\",\"image_position\":\"center-center\"},\"children\":[{\"type\":\"row\",\"children\":[{\"type\":\"column\",\"props\":{\"image_position\":\"center-center\",\"media_overlay_gradient\":\"\"},\"children\":[{\"type\":\"text\",\"props\":{\"margin\":\"default\",\"column_breakpoint\":\"m\",\"content\":\"\n\n<h3>G\\u0142\\u00f3wne cechy<\\\/h3>\\n\n\n<ul>\\n\n\n<li>Wiele funkcji instrumentu na jednym wy\\u015bwietlaczu<\\\/li>\\n\n\n<li>Mo\\u017cliwo\\u015b\\u0107 w\\u0142\\u0105czenia do o\\u015bmiu r\\u00f3\\u017cnych funkcji<\\\/li>\\n\n\n<li>Konfiguracja jedno- lub wielozadaniowa<\\\/li>\\n\n\n<li>\\u0141atwe prze\\u0142\\u0105czanie pomi\\u0119dzy wieloma funkcjami<\\\/li>\\n\n\n<li>Podgl\\u0105d z du\\u017cej odleg\\u0142o\\u015bci<\\\/li>\\n\n\n<li>Obs\\u0142uga wszystkich popularnych typ\\u00f3w sygna\\u0142\\u00f3w analogowych<\\\/li>\\n\n\n<li>Mostek danych pomi\\u0119dzy NMEA 2000\\u00ae, portem szeregowym, Ethernetem dla bardziej elastycznych i zaawansowanych wymaga\\u0144 instalacyjnych<\\\/li>\\n\n\n<li>2 x porty NMEA 0183 z szybko\\u015bci\\u0105 do 38000 bod\\u00f3w<\\\/li>\\n\n\n<li>Odpowiedni dla wszystkich rozmiar\\u00f3w statk\\u00f3w<\\\/li>\\n<\\\/ul>\"}}]}]},{\"type\":\"row\",\"children\":[{\"type\":\"column\",\"props\":{\"image_position\":\"center-center\",\"media_overlay_gradient\":\"\"},\"children\":[{\"type\":\"button\",\"props\":{\"grid_column_gap\":\"small\",\"grid_row_gap\":\"small\",\"margin\":\"default\",\"text_align\":\"center\"},\"children\":[{\"type\":\"button_item\",\"props\":{\"button_style\":\"default\",\"icon_align\":\"left\",\"link\":\"https:\\\/\\\/www.navico-commercial.com\\\/downloads\\\/#000-14126-001\",\"content\":\"Dokumentacja \"}}]}]}]}]}],\"version\":\"2.6.7\"} --><\/p>\n","protected":false},"excerpt":{"rendered":"<p>Wska\u017anik SIMRAD I3007 Wska\u017anik Simrad I3007 Seria instrument\u00f3w Simrad\u00ae I3005 i I3007 oferuje 5- lub 7-calowy kolorowy wy\u015bwietlacz o najwy\u017cszej jako\u015bci z \u0142atwym sterowaniem dotykowym, r\u00f3\u017cnorodne uk\u0142ady graficzne z mo\u017cliwo\u015bci\u0105 w\u0142\u0105czenia do o\u015bmiu r\u00f3\u017cnych funkcji jednocze\u015bnie. Oferuj\u0105c elastyczn\u0105 instalacj\u0119, kt\u00f3ra obs\u0142uguje szerok\u0105 gam\u0119 typ\u00f3w sygna\u0142\u00f3w We\/Wy, oba rozmiary wy\u015bwietlaczy s\u0105 zatwierdzone dla statk\u00f3w SOLAS. Szczeg\u00f3\u0142y [&hellip;]<\/p>\n","protected":false},"author":10,"featured_media":0,"parent":0,"menu_order":0,"comment_status":"closed","ping_status":"closed","template":"","meta":{"footnotes":""},"class_list":["post-12072","page","type-page","status-publish","hentry"],"yoast_head":"<!-- This site is optimized with the Yoast SEO plugin v27.5 - https:\/\/yoast.com\/product\/yoast-seo-wordpress\/ -->\n<title>Wska\u017anik SIMRAD I3007 - ESCORT TECHNOLOGY<\/title>\n<meta name=\"robots\" content=\"index, follow, max-snippet:-1, max-image-preview:large, max-video-preview:-1\" \/>\n<link rel=\"canonical\" href=\"https:\/\/escort-technology.com\/pl\/wskaznik-simrad-i3007\/\" \/>\n<meta property=\"og:locale\" content=\"pl_PL\" \/>\n<meta property=\"og:type\" content=\"article\" \/>\n<meta property=\"og:title\" content=\"Wska\u017anik SIMRAD I3007 - ESCORT TECHNOLOGY\" \/>\n<meta property=\"og:description\" content=\"Wska\u017anik SIMRAD I3007 Wska\u017anik Simrad I3007 Seria instrument\u00f3w Simrad\u00ae I3005 i I3007 oferuje 5- lub 7-calowy kolorowy wy\u015bwietlacz o najwy\u017cszej jako\u015bci z \u0142atwym sterowaniem dotykowym, r\u00f3\u017cnorodne uk\u0142ady graficzne z mo\u017cliwo\u015bci\u0105 w\u0142\u0105czenia do o\u015bmiu r\u00f3\u017cnych funkcji jednocze\u015bnie. Oferuj\u0105c elastyczn\u0105 instalacj\u0119, kt\u00f3ra obs\u0142uguje szerok\u0105 gam\u0119 typ\u00f3w sygna\u0142\u00f3w We\/Wy, oba rozmiary wy\u015bwietlaczy s\u0105 zatwierdzone dla statk\u00f3w SOLAS. Szczeg\u00f3\u0142y [&hellip;]\" \/>\n<meta property=\"og:url\" content=\"https:\/\/escort-technology.com\/pl\/wskaznik-simrad-i3007\/\" \/>\n<meta property=\"og:site_name\" content=\"ESCORT TECHNOLOGY\" \/>\n<meta property=\"article:publisher\" content=\"https:\/\/www.facebook.com\/elektronika.morska\/\" \/>\n<meta property=\"article:modified_time\" content=\"2022-08-29T07:49:29+00:00\" \/>\n<meta name=\"twitter:card\" content=\"summary_large_image\" \/>\n<meta name=\"twitter:label1\" content=\"Szacowany czas czytania\" \/>\n\t<meta name=\"twitter:data1\" content=\"3 minuty\" \/>\n<script type=\"application\/ld+json\" class=\"yoast-schema-graph\">{\"@context\":\"https:\\\/\\\/schema.org\",\"@graph\":[{\"@type\":\"WebPage\",\"@id\":\"https:\\\/\\\/escort-technology.com\\\/wskaznik-simrad-i3007\\\/\",\"url\":\"https:\\\/\\\/escort-technology.com\\\/wskaznik-simrad-i3007\\\/\",\"name\":\"Wska\u017anik SIMRAD I3007 - ESCORT TECHNOLOGY\",\"isPartOf\":{\"@id\":\"http:\\\/\\\/escort-technology.com\\\/de\\\/#website\"},\"datePublished\":\"2022-08-29T07:34:14+00:00\",\"dateModified\":\"2022-08-29T07:49:29+00:00\",\"breadcrumb\":{\"@id\":\"https:\\\/\\\/escort-technology.com\\\/wskaznik-simrad-i3007\\\/#breadcrumb\"},\"inLanguage\":\"pl-PL\",\"potentialAction\":[{\"@type\":\"ReadAction\",\"target\":[\"https:\\\/\\\/escort-technology.com\\\/wskaznik-simrad-i3007\\\/\"]}]},{\"@type\":\"BreadcrumbList\",\"@id\":\"https:\\\/\\\/escort-technology.com\\\/wskaznik-simrad-i3007\\\/#breadcrumb\",\"itemListElement\":[{\"@type\":\"ListItem\",\"position\":1,\"name\":\"Strona g\u0142\u00f3wna\",\"item\":\"https:\\\/\\\/escort-technology.com\\\/\"},{\"@type\":\"ListItem\",\"position\":2,\"name\":\"Wska\u017anik SIMRAD I3007\"}]},{\"@type\":\"WebSite\",\"@id\":\"http:\\\/\\\/escort-technology.com\\\/de\\\/#website\",\"url\":\"http:\\\/\\\/escort-technology.com\\\/de\\\/\",\"name\":\"ESCORT TECHNOLOGY\",\"description\":\"Elektronika morska i l\u0105dowa\",\"publisher\":{\"@id\":\"http:\\\/\\\/escort-technology.com\\\/de\\\/#organization\"},\"potentialAction\":[{\"@type\":\"SearchAction\",\"target\":{\"@type\":\"EntryPoint\",\"urlTemplate\":\"http:\\\/\\\/escort-technology.com\\\/de\\\/?s={search_term_string}\"},\"query-input\":{\"@type\":\"PropertyValueSpecification\",\"valueRequired\":true,\"valueName\":\"search_term_string\"}}],\"inLanguage\":\"pl-PL\"},{\"@type\":\"Organization\",\"@id\":\"http:\\\/\\\/escort-technology.com\\\/de\\\/#organization\",\"name\":\"ESCORT TECHNOLOGY\",\"url\":\"http:\\\/\\\/escort-technology.com\\\/de\\\/\",\"logo\":{\"@type\":\"ImageObject\",\"inLanguage\":\"pl-PL\",\"@id\":\"http:\\\/\\\/escort-technology.com\\\/de\\\/#\\\/schema\\\/logo\\\/image\\\/\",\"url\":\"https:\\\/\\\/escort-technology.com\\\/wp-content\\\/uploads\\\/logo-1.jpg\",\"contentUrl\":\"https:\\\/\\\/escort-technology.com\\\/wp-content\\\/uploads\\\/logo-1.jpg\",\"width\":600,\"height\":165,\"caption\":\"ESCORT TECHNOLOGY\"},\"image\":{\"@id\":\"http:\\\/\\\/escort-technology.com\\\/de\\\/#\\\/schema\\\/logo\\\/image\\\/\"},\"sameAs\":[\"https:\\\/\\\/www.facebook.com\\\/elektronika.morska\\\/\",\"https:\\\/\\\/www.linkedin.com\\\/company\\\/escort-sp-z-o-o-\\\/\"]}]}<\/script>\n<!-- \/ Yoast SEO plugin. -->","yoast_head_json":{"title":"Wska\u017anik SIMRAD I3007 - ESCORT TECHNOLOGY","robots":{"index":"index","follow":"follow","max-snippet":"max-snippet:-1","max-image-preview":"max-image-preview:large","max-video-preview":"max-video-preview:-1"},"canonical":"https:\/\/escort-technology.com\/pl\/wskaznik-simrad-i3007\/","og_locale":"pl_PL","og_type":"article","og_title":"Wska\u017anik SIMRAD I3007 - ESCORT TECHNOLOGY","og_description":"Wska\u017anik SIMRAD I3007 Wska\u017anik Simrad I3007 Seria instrument\u00f3w Simrad\u00ae I3005 i I3007 oferuje 5- lub 7-calowy kolorowy wy\u015bwietlacz o najwy\u017cszej jako\u015bci z \u0142atwym sterowaniem dotykowym, r\u00f3\u017cnorodne uk\u0142ady graficzne z mo\u017cliwo\u015bci\u0105 w\u0142\u0105czenia do o\u015bmiu r\u00f3\u017cnych funkcji jednocze\u015bnie. Oferuj\u0105c elastyczn\u0105 instalacj\u0119, kt\u00f3ra obs\u0142uguje szerok\u0105 gam\u0119 typ\u00f3w sygna\u0142\u00f3w We\/Wy, oba rozmiary wy\u015bwietlaczy s\u0105 zatwierdzone dla statk\u00f3w SOLAS. Szczeg\u00f3\u0142y [&hellip;]","og_url":"https:\/\/escort-technology.com\/pl\/wskaznik-simrad-i3007\/","og_site_name":"ESCORT TECHNOLOGY","article_publisher":"https:\/\/www.facebook.com\/elektronika.morska\/","article_modified_time":"2022-08-29T07:49:29+00:00","twitter_card":"summary_large_image","twitter_misc":{"Szacowany czas czytania":"3 minuty"},"schema":{"@context":"https:\/\/schema.org","@graph":[{"@type":"WebPage","@id":"https:\/\/escort-technology.com\/wskaznik-simrad-i3007\/","url":"https:\/\/escort-technology.com\/wskaznik-simrad-i3007\/","name":"Wska\u017anik SIMRAD I3007 - ESCORT TECHNOLOGY","isPartOf":{"@id":"http:\/\/escort-technology.com\/de\/#website"},"datePublished":"2022-08-29T07:34:14+00:00","dateModified":"2022-08-29T07:49:29+00:00","breadcrumb":{"@id":"https:\/\/escort-technology.com\/wskaznik-simrad-i3007\/#breadcrumb"},"inLanguage":"pl-PL","potentialAction":[{"@type":"ReadAction","target":["https:\/\/escort-technology.com\/wskaznik-simrad-i3007\/"]}]},{"@type":"BreadcrumbList","@id":"https:\/\/escort-technology.com\/wskaznik-simrad-i3007\/#breadcrumb","itemListElement":[{"@type":"ListItem","position":1,"name":"Strona g\u0142\u00f3wna","item":"https:\/\/escort-technology.com\/"},{"@type":"ListItem","position":2,"name":"Wska\u017anik SIMRAD I3007"}]},{"@type":"WebSite","@id":"http:\/\/escort-technology.com\/de\/#website","url":"http:\/\/escort-technology.com\/de\/","name":"ESCORT TECHNOLOGY","description":"Elektronika morska i l\u0105dowa","publisher":{"@id":"http:\/\/escort-technology.com\/de\/#organization"},"potentialAction":[{"@type":"SearchAction","target":{"@type":"EntryPoint","urlTemplate":"http:\/\/escort-technology.com\/de\/?s={search_term_string}"},"query-input":{"@type":"PropertyValueSpecification","valueRequired":true,"valueName":"search_term_string"}}],"inLanguage":"pl-PL"},{"@type":"Organization","@id":"http:\/\/escort-technology.com\/de\/#organization","name":"ESCORT TECHNOLOGY","url":"http:\/\/escort-technology.com\/de\/","logo":{"@type":"ImageObject","inLanguage":"pl-PL","@id":"http:\/\/escort-technology.com\/de\/#\/schema\/logo\/image\/","url":"https:\/\/escort-technology.com\/wp-content\/uploads\/logo-1.jpg","contentUrl":"https:\/\/escort-technology.com\/wp-content\/uploads\/logo-1.jpg","width":600,"height":165,"caption":"ESCORT TECHNOLOGY"},"image":{"@id":"http:\/\/escort-technology.com\/de\/#\/schema\/logo\/image\/"},"sameAs":["https:\/\/www.facebook.com\/elektronika.morska\/","https:\/\/www.linkedin.com\/company\/escort-sp-z-o-o-\/"]}]}},"_links":{"self":[{"href":"https:\/\/escort-technology.com\/pl\/wp-json\/wp\/v2\/pages\/12072","targetHints":{"allow":["GET"]}}],"collection":[{"href":"https:\/\/escort-technology.com\/pl\/wp-json\/wp\/v2\/pages"}],"about":[{"href":"https:\/\/escort-technology.com\/pl\/wp-json\/wp\/v2\/types\/page"}],"author":[{"embeddable":true,"href":"https:\/\/escort-technology.com\/pl\/wp-json\/wp\/v2\/users\/10"}],"replies":[{"embeddable":true,"href":"https:\/\/escort-technology.com\/pl\/wp-json\/wp\/v2\/comments?post=12072"}],"version-history":[{"count":18,"href":"https:\/\/escort-technology.com\/pl\/wp-json\/wp\/v2\/pages\/12072\/revisions"}],"predecessor-version":[{"id":12092,"href":"https:\/\/escort-technology.com\/pl\/wp-json\/wp\/v2\/pages\/12072\/revisions\/12092"}],"wp:attachment":[{"href":"https:\/\/escort-technology.com\/pl\/wp-json\/wp\/v2\/media?parent=12072"}],"curies":[{"name":"wp","href":"https:\/\/api.w.org\/{rel}","templated":true}]}}