{"id":12159,"date":"2022-08-30T10:11:04","date_gmt":"2022-08-30T08:11:04","guid":{"rendered":"https:\/\/escort-technology.com\/?page_id=12159"},"modified":"2022-08-30T10:11:04","modified_gmt":"2022-08-30T08:11:04","slug":"systemy-ecdis-firmy-simrad","status":"publish","type":"page","link":"https:\/\/escort-technology.com\/pl\/systemy-ecdis-firmy-simrad\/","title":{"rendered":"Systemy ECDIS firmy SIMRAD"},"content":{"rendered":"<h1>\n<h1 class=\"uk-article-title\">Systemy ECDIS firmy SIMRAD<\/h1>\n<\/h1>\n<hr>\n<div>\n<p>Systemy ECDIS firmy Simrad posiadaj\u0105 uznanie, s\u0105 konkurencyjne cenowo i korzystaj\u0105 z nowoczesnych i \u0142atwych do nauczenia si\u0119 interfejs\u00f3w u\u017cytkownika.<\/p>\n<p>System Obrazowania Map Elektronicznych i Informacji (ECDIS) jest systemem informacji geograficznej stosowanym w nawigacji morskiej, kt\u00f3ry spe\u0142nia wymagania przepis\u00f3w Mi\u0119dzynarodowej Organizacji Morskiej (IMO) jako alternatywa dla papierowych map morskich.<\/p>\n<p>Sprz\u0119t ECDIS spe\u0142niaj\u0105cy wymogi SOLAS mo\u017ce by\u0107 stosowany jako alternatywa dla map papierowych. Poza zwi\u0119kszeniem bezpiecze\u0144stwa \u017ceglugi, ECDIS odci\u0105\u017ca nawigatora dzi\u0119ki swoim automatycznym funkcjom, takim jak planowanie trasy, monitorowanie trasy, automatyczne obliczanie ETA i aktualizacja ENC. Ponadto, ECDIS zapewnia inne zaawansowane funkcje nawigacyjne i bezpiecze\u0144stwa, w tym ci\u0105g\u0142e rejestrowanie danych do p\u00f3\u017aniejszej analizy.<\/p>\n<p>Systemy Simrad ECDIS posiadaj\u0105 zatwierdzenie typu, s\u0105 konkurencyjne cenowo i korzystaj\u0105 z nowoczesnych i \u0142atwych do opanowania interfejs\u00f3w u\u017cytkownika.<\/p>\n<\/div>\n<p><img decoding=\"async\" src=\"\/wp-content\/uploads\/2022\/08\/ecdis_a_21072.png\" alt=\"\"><br \/>\n<img decoding=\"async\" src=\"\/wp-content\/uploads\/2022\/08\/mk5a-series.png\" alt=\"\"><\/p>\n<div>\n<h3>ECDIS900 MK5A<\/h3>\n<p>Simrad ECDIS900 MK5A jest systemem nawigacyjnym typu Blackbox zatwierdzonym przez IMO, przeznaczonym do stosowania na pok\u0142adach statk\u00f3w podlegaj\u0105cych\u00a0 SOLAS , takich jak handlowe statki towarowe i tankowce.<\/p>\n<\/div>\n<div>\n<h3>ECDIS900 MK15<\/h3>\n<p>Simrad ECDIS900 MK15 jest systemem nawigacyjnym typu panel-pc zatwierdzonym przez IMO, przeznaczonym do stosowania na pok\u0142adzie statk\u00f3w SOLAS , takich jak handlowe statki towarowe i tankowce. MK15 zawiera &#8222;wszystko w jednym&#8221; p\u0142askim wy\u015bwietlaczu panelowym ze zintegrowanym komputerem PC z systemem Windows.<\/p>\n<\/div>\n<p><img decoding=\"async\" src=\"\/wp-content\/uploads\/2022\/08\/mk15-series.png\" alt=\"\"><\/p>\n<p><!--more--><br \/>\n<!-- {\"type\":\"layout\",\"children\":[{\"type\":\"section\",\"props\":{\"style\":\"default\",\"width\":\"default\",\"vertical_align\":\"middle\",\"title_position\":\"top-left\",\"title_rotation\":\"left\",\"title_breakpoint\":\"xl\",\"image_position\":\"center-center\"},\"children\":[{\"type\":\"row\",\"children\":[{\"type\":\"column\",\"props\":{\"image_position\":\"center-center\",\"media_overlay_gradient\":\"\"},\"children\":[{\"type\":\"headline\",\"props\":{\"title_element\":\"h1\",\"content\":\"\n\n<h1 class=\\\"uk-article-title\\\">Systemy ECDIS firmy SIMRAD<\\\/h1>\"}},{\"type\":\"divider\",\"props\":{\"divider_element\":\"hr\"}}]}]},{\"type\":\"row\",\"props\":{\"layout\":\"1-2,1-2\"},\"children\":[{\"type\":\"column\",\"props\":{\"image_position\":\"center-center\",\"media_overlay_gradient\":\"\",\"width_medium\":\"1-2\"},\"children\":[{\"type\":\"text\",\"props\":{\"margin\":\"default\",\"column_breakpoint\":\"m\",\"content\":\"\n\n<p>Systemy ECDIS firmy Simrad posiadaj\\u0105 uznanie, s\\u0105 konkurencyjne cenowo i korzystaj\\u0105 z nowoczesnych i \\u0142atwych do nauczenia si\\u0119 interfejs\\u00f3w u\\u017cytkownika.<\\\/p>\\n\n\n<p>System Obrazowania Map Elektronicznych i Informacji (ECDIS) jest systemem informacji geograficznej stosowanym w nawigacji morskiej, kt\\u00f3ry spe\\u0142nia wymagania przepis\\u00f3w Mi\\u0119dzynarodowej Organizacji Morskiej (IMO) jako alternatywa dla papierowych map morskich.<\\\/p>\\n\n\n<p>Sprz\\u0119t ECDIS spe\\u0142niaj\\u0105cy wymogi SOLAS mo\\u017ce by\\u0107 stosowany jako alternatywa dla map papierowych. Poza zwi\\u0119kszeniem bezpiecze\\u0144stwa \\u017ceglugi, ECDIS odci\\u0105\\u017ca nawigatora dzi\\u0119ki swoim automatycznym funkcjom, takim jak planowanie trasy, monitorowanie trasy, automatyczne obliczanie ETA i aktualizacja ENC. Ponadto, ECDIS zapewnia inne zaawansowane funkcje nawigacyjne i bezpiecze\\u0144stwa, w tym ci\\u0105g\\u0142e rejestrowanie danych do p\\u00f3\\u017aniejszej analizy.<\\\/p>\\n\n\n<p>Systemy Simrad ECDIS posiadaj\\u0105 zatwierdzenie typu, s\\u0105 konkurencyjne cenowo i korzystaj\\u0105 z nowoczesnych i \\u0142atwych do opanowania interfejs\\u00f3w u\\u017cytkownika.<\\\/p>\"}}]},{\"type\":\"column\",\"props\":{\"image_position\":\"center-center\",\"media_overlay_gradient\":\"\",\"width_medium\":\"1-2\"},\"children\":[{\"type\":\"image\",\"props\":{\"margin\":\"default\",\"image_svg_color\":\"emphasis\",\"image\":\"wp-content\\\/uploads\\\/2022\\\/08\\\/ecdis_a_21072.png\"}}]}]},{\"type\":\"row\",\"props\":{\"layout\":\"1-2,1-2\"},\"children\":[{\"type\":\"column\",\"props\":{\"image_position\":\"center-center\",\"media_overlay_gradient\":\"\",\"width_medium\":\"1-2\"},\"children\":[{\"type\":\"image\",\"props\":{\"margin\":\"default\",\"image_svg_color\":\"emphasis\",\"image\":\"wp-content\\\/uploads\\\/2022\\\/08\\\/mk5a-series.png\"}}]},{\"type\":\"column\",\"props\":{\"image_position\":\"center-center\",\"media_overlay_gradient\":\"\",\"width_medium\":\"1-2\"},\"children\":[{\"type\":\"text\",\"props\":{\"margin\":\"default\",\"column_breakpoint\":\"m\",\"content\":\"\n\n<h3>ECDIS900 MK5A<\\\/h3>\\n\n\n<p>Simrad ECDIS900 MK5A jest systemem nawigacyjnym typu Blackbox zatwierdzonym przez IMO, przeznaczonym do stosowania na pok\\u0142adach statk\\u00f3w podlegaj\\u0105cych\\u00a0 SOLAS , takich jak handlowe statki towarowe i tankowce.<\\\/p>\"}}]}]},{\"type\":\"row\",\"props\":{\"layout\":\"1-2,1-2\"},\"children\":[{\"type\":\"column\",\"props\":{\"image_position\":\"center-center\",\"media_overlay_gradient\":\"\",\"width_medium\":\"1-2\"},\"children\":[{\"type\":\"text\",\"props\":{\"margin\":\"default\",\"column_breakpoint\":\"m\",\"content\":\"\n\n<h3>ECDIS900 MK15<\\\/h3>\\n\n\n<p>Simrad ECDIS900 MK15 jest systemem nawigacyjnym typu panel-pc zatwierdzonym przez IMO, przeznaczonym do stosowania na pok\\u0142adzie statk\\u00f3w SOLAS , takich jak handlowe statki towarowe i tankowce. MK15 zawiera \\\"wszystko w jednym\\\" p\\u0142askim wy\\u015bwietlaczu panelowym ze zintegrowanym komputerem PC z systemem Windows.<\\\/p>\"}}]},{\"type\":\"column\",\"props\":{\"image_position\":\"center-center\",\"media_overlay_gradient\":\"\",\"width_medium\":\"1-2\"},\"children\":[{\"type\":\"image\",\"props\":{\"margin\":\"default\",\"image_svg_color\":\"emphasis\",\"image\":\"wp-content\\\/uploads\\\/2022\\\/08\\\/mk15-series.png\"}}]}]}]}],\"version\":\"2.6.7\"} --><\/p>\n","protected":false},"excerpt":{"rendered":"<p>Systemy ECDIS firmy SIMRAD Systemy ECDIS firmy Simrad posiadaj\u0105 uznanie, s\u0105 konkurencyjne cenowo i korzystaj\u0105 z nowoczesnych i \u0142atwych do nauczenia si\u0119 interfejs\u00f3w u\u017cytkownika. System Obrazowania Map Elektronicznych i Informacji (ECDIS) jest systemem informacji geograficznej stosowanym w nawigacji morskiej, kt\u00f3ry spe\u0142nia wymagania przepis\u00f3w Mi\u0119dzynarodowej Organizacji Morskiej (IMO) jako alternatywa dla papierowych map morskich. Sprz\u0119t ECDIS [&hellip;]<\/p>\n","protected":false},"author":10,"featured_media":0,"parent":0,"menu_order":0,"comment_status":"closed","ping_status":"closed","template":"","meta":{"footnotes":""},"class_list":["post-12159","page","type-page","status-publish","hentry"],"yoast_head":"<!-- This site is optimized with the Yoast SEO plugin v27.4 - https:\/\/yoast.com\/product\/yoast-seo-wordpress\/ -->\n<title>Systemy ECDIS firmy SIMRAD - ESCORT TECHNOLOGY<\/title>\n<meta name=\"robots\" content=\"index, follow, max-snippet:-1, max-image-preview:large, max-video-preview:-1\" \/>\n<link rel=\"canonical\" href=\"https:\/\/escort-technology.com\/pl\/systemy-ecdis-firmy-simrad\/\" \/>\n<meta property=\"og:locale\" content=\"pl_PL\" \/>\n<meta property=\"og:type\" content=\"article\" \/>\n<meta property=\"og:title\" content=\"Systemy ECDIS firmy SIMRAD - ESCORT TECHNOLOGY\" \/>\n<meta property=\"og:description\" content=\"Systemy ECDIS firmy SIMRAD Systemy ECDIS firmy Simrad posiadaj\u0105 uznanie, s\u0105 konkurencyjne cenowo i korzystaj\u0105 z nowoczesnych i \u0142atwych do nauczenia si\u0119 interfejs\u00f3w u\u017cytkownika. System Obrazowania Map Elektronicznych i Informacji (ECDIS) jest systemem informacji geograficznej stosowanym w nawigacji morskiej, kt\u00f3ry spe\u0142nia wymagania przepis\u00f3w Mi\u0119dzynarodowej Organizacji Morskiej (IMO) jako alternatywa dla papierowych map morskich. Sprz\u0119t ECDIS [&hellip;]\" \/>\n<meta property=\"og:url\" content=\"https:\/\/escort-technology.com\/pl\/systemy-ecdis-firmy-simrad\/\" \/>\n<meta property=\"og:site_name\" content=\"ESCORT TECHNOLOGY\" \/>\n<meta property=\"article:publisher\" content=\"https:\/\/www.facebook.com\/elektronika.morska\/\" \/>\n<meta name=\"twitter:card\" content=\"summary_large_image\" \/>\n<meta name=\"twitter:label1\" content=\"Szacowany czas czytania\" \/>\n\t<meta name=\"twitter:data1\" content=\"1 minuta\" \/>\n<script type=\"application\/ld+json\" class=\"yoast-schema-graph\">{\"@context\":\"https:\\\/\\\/schema.org\",\"@graph\":[{\"@type\":\"WebPage\",\"@id\":\"https:\\\/\\\/escort-technology.com\\\/systemy-ecdis-firmy-simrad\\\/\",\"url\":\"https:\\\/\\\/escort-technology.com\\\/systemy-ecdis-firmy-simrad\\\/\",\"name\":\"Systemy ECDIS firmy SIMRAD - ESCORT TECHNOLOGY\",\"isPartOf\":{\"@id\":\"http:\\\/\\\/escort-technology.com\\\/de\\\/#website\"},\"datePublished\":\"2022-08-30T08:11:04+00:00\",\"breadcrumb\":{\"@id\":\"https:\\\/\\\/escort-technology.com\\\/systemy-ecdis-firmy-simrad\\\/#breadcrumb\"},\"inLanguage\":\"pl-PL\",\"potentialAction\":[{\"@type\":\"ReadAction\",\"target\":[\"https:\\\/\\\/escort-technology.com\\\/systemy-ecdis-firmy-simrad\\\/\"]}]},{\"@type\":\"BreadcrumbList\",\"@id\":\"https:\\\/\\\/escort-technology.com\\\/systemy-ecdis-firmy-simrad\\\/#breadcrumb\",\"itemListElement\":[{\"@type\":\"ListItem\",\"position\":1,\"name\":\"Strona g\u0142\u00f3wna\",\"item\":\"https:\\\/\\\/escort-technology.com\\\/\"},{\"@type\":\"ListItem\",\"position\":2,\"name\":\"Systemy ECDIS firmy SIMRAD\"}]},{\"@type\":\"WebSite\",\"@id\":\"http:\\\/\\\/escort-technology.com\\\/de\\\/#website\",\"url\":\"http:\\\/\\\/escort-technology.com\\\/de\\\/\",\"name\":\"ESCORT TECHNOLOGY\",\"description\":\"Elektronika morska i l\u0105dowa\",\"publisher\":{\"@id\":\"http:\\\/\\\/escort-technology.com\\\/de\\\/#organization\"},\"potentialAction\":[{\"@type\":\"SearchAction\",\"target\":{\"@type\":\"EntryPoint\",\"urlTemplate\":\"http:\\\/\\\/escort-technology.com\\\/de\\\/?s={search_term_string}\"},\"query-input\":{\"@type\":\"PropertyValueSpecification\",\"valueRequired\":true,\"valueName\":\"search_term_string\"}}],\"inLanguage\":\"pl-PL\"},{\"@type\":\"Organization\",\"@id\":\"http:\\\/\\\/escort-technology.com\\\/de\\\/#organization\",\"name\":\"ESCORT TECHNOLOGY\",\"url\":\"http:\\\/\\\/escort-technology.com\\\/de\\\/\",\"logo\":{\"@type\":\"ImageObject\",\"inLanguage\":\"pl-PL\",\"@id\":\"http:\\\/\\\/escort-technology.com\\\/de\\\/#\\\/schema\\\/logo\\\/image\\\/\",\"url\":\"https:\\\/\\\/escort-technology.com\\\/wp-content\\\/uploads\\\/logo-1.jpg\",\"contentUrl\":\"https:\\\/\\\/escort-technology.com\\\/wp-content\\\/uploads\\\/logo-1.jpg\",\"width\":600,\"height\":165,\"caption\":\"ESCORT TECHNOLOGY\"},\"image\":{\"@id\":\"http:\\\/\\\/escort-technology.com\\\/de\\\/#\\\/schema\\\/logo\\\/image\\\/\"},\"sameAs\":[\"https:\\\/\\\/www.facebook.com\\\/elektronika.morska\\\/\",\"https:\\\/\\\/www.linkedin.com\\\/company\\\/escort-sp-z-o-o-\\\/\"]}]}<\/script>\n<!-- \/ Yoast SEO plugin. -->","yoast_head_json":{"title":"Systemy ECDIS firmy SIMRAD - ESCORT TECHNOLOGY","robots":{"index":"index","follow":"follow","max-snippet":"max-snippet:-1","max-image-preview":"max-image-preview:large","max-video-preview":"max-video-preview:-1"},"canonical":"https:\/\/escort-technology.com\/pl\/systemy-ecdis-firmy-simrad\/","og_locale":"pl_PL","og_type":"article","og_title":"Systemy ECDIS firmy SIMRAD - ESCORT TECHNOLOGY","og_description":"Systemy ECDIS firmy SIMRAD Systemy ECDIS firmy Simrad posiadaj\u0105 uznanie, s\u0105 konkurencyjne cenowo i korzystaj\u0105 z nowoczesnych i \u0142atwych do nauczenia si\u0119 interfejs\u00f3w u\u017cytkownika. System Obrazowania Map Elektronicznych i Informacji (ECDIS) jest systemem informacji geograficznej stosowanym w nawigacji morskiej, kt\u00f3ry spe\u0142nia wymagania przepis\u00f3w Mi\u0119dzynarodowej Organizacji Morskiej (IMO) jako alternatywa dla papierowych map morskich. Sprz\u0119t ECDIS [&hellip;]","og_url":"https:\/\/escort-technology.com\/pl\/systemy-ecdis-firmy-simrad\/","og_site_name":"ESCORT TECHNOLOGY","article_publisher":"https:\/\/www.facebook.com\/elektronika.morska\/","twitter_card":"summary_large_image","twitter_misc":{"Szacowany czas czytania":"1 minuta"},"schema":{"@context":"https:\/\/schema.org","@graph":[{"@type":"WebPage","@id":"https:\/\/escort-technology.com\/systemy-ecdis-firmy-simrad\/","url":"https:\/\/escort-technology.com\/systemy-ecdis-firmy-simrad\/","name":"Systemy ECDIS firmy SIMRAD - ESCORT TECHNOLOGY","isPartOf":{"@id":"http:\/\/escort-technology.com\/de\/#website"},"datePublished":"2022-08-30T08:11:04+00:00","breadcrumb":{"@id":"https:\/\/escort-technology.com\/systemy-ecdis-firmy-simrad\/#breadcrumb"},"inLanguage":"pl-PL","potentialAction":[{"@type":"ReadAction","target":["https:\/\/escort-technology.com\/systemy-ecdis-firmy-simrad\/"]}]},{"@type":"BreadcrumbList","@id":"https:\/\/escort-technology.com\/systemy-ecdis-firmy-simrad\/#breadcrumb","itemListElement":[{"@type":"ListItem","position":1,"name":"Strona g\u0142\u00f3wna","item":"https:\/\/escort-technology.com\/"},{"@type":"ListItem","position":2,"name":"Systemy ECDIS firmy SIMRAD"}]},{"@type":"WebSite","@id":"http:\/\/escort-technology.com\/de\/#website","url":"http:\/\/escort-technology.com\/de\/","name":"ESCORT TECHNOLOGY","description":"Elektronika morska i l\u0105dowa","publisher":{"@id":"http:\/\/escort-technology.com\/de\/#organization"},"potentialAction":[{"@type":"SearchAction","target":{"@type":"EntryPoint","urlTemplate":"http:\/\/escort-technology.com\/de\/?s={search_term_string}"},"query-input":{"@type":"PropertyValueSpecification","valueRequired":true,"valueName":"search_term_string"}}],"inLanguage":"pl-PL"},{"@type":"Organization","@id":"http:\/\/escort-technology.com\/de\/#organization","name":"ESCORT TECHNOLOGY","url":"http:\/\/escort-technology.com\/de\/","logo":{"@type":"ImageObject","inLanguage":"pl-PL","@id":"http:\/\/escort-technology.com\/de\/#\/schema\/logo\/image\/","url":"https:\/\/escort-technology.com\/wp-content\/uploads\/logo-1.jpg","contentUrl":"https:\/\/escort-technology.com\/wp-content\/uploads\/logo-1.jpg","width":600,"height":165,"caption":"ESCORT TECHNOLOGY"},"image":{"@id":"http:\/\/escort-technology.com\/de\/#\/schema\/logo\/image\/"},"sameAs":["https:\/\/www.facebook.com\/elektronika.morska\/","https:\/\/www.linkedin.com\/company\/escort-sp-z-o-o-\/"]}]}},"_links":{"self":[{"href":"https:\/\/escort-technology.com\/pl\/wp-json\/wp\/v2\/pages\/12159","targetHints":{"allow":["GET"]}}],"collection":[{"href":"https:\/\/escort-technology.com\/pl\/wp-json\/wp\/v2\/pages"}],"about":[{"href":"https:\/\/escort-technology.com\/pl\/wp-json\/wp\/v2\/types\/page"}],"author":[{"embeddable":true,"href":"https:\/\/escort-technology.com\/pl\/wp-json\/wp\/v2\/users\/10"}],"replies":[{"embeddable":true,"href":"https:\/\/escort-technology.com\/pl\/wp-json\/wp\/v2\/comments?post=12159"}],"version-history":[{"count":14,"href":"https:\/\/escort-technology.com\/pl\/wp-json\/wp\/v2\/pages\/12159\/revisions"}],"predecessor-version":[{"id":12178,"href":"https:\/\/escort-technology.com\/pl\/wp-json\/wp\/v2\/pages\/12159\/revisions\/12178"}],"wp:attachment":[{"href":"https:\/\/escort-technology.com\/pl\/wp-json\/wp\/v2\/media?parent=12159"}],"curies":[{"name":"wp","href":"https:\/\/api.w.org\/{rel}","templated":true}]}}