{"id":12461,"date":"2023-05-23T09:47:50","date_gmt":"2023-05-23T07:47:50","guid":{"rendered":"https:\/\/escort-technology.com\/?page_id=12461"},"modified":"2023-05-23T10:15:45","modified_gmt":"2023-05-23T08:15:45","slug":"elektryczne-ramie-z-manipulatorem-dla-robota-rov-tmi-orion-dynamics","status":"publish","type":"page","link":"https:\/\/escort-technology.com\/pl\/elektryczne-ramie-z-manipulatorem-dla-robota-rov-tmi-orion-dynamics\/","title":{"rendered":"Elektryczne rami\u0119 z manipulatorem dla robota ROV TMI-Orion Dynamics"},"content":{"rendered":"<h1>\n<h1 class=\"uk-article-title\">Elektryczne rami\u0119 z manipulatorem dla robota ROV TMI-Orion Dynamics<\/h1>\n<\/h1>\n<hr>\n<p><img decoding=\"async\" src=\"\/wp-content\/uploads\/2023\/05\/Ramie-elektryczne-.jpg\" alt=\"\"><\/p>\n<div>\n<p><strong>Innowacyjny, niezawodny i wytrzyma\u0142y standardowy modu\u0142 do podwodnych operacji manipulacyjnych: obr\u00f3t, podnoszenie, zginanie, obr\u00f3t, otwieranie\/zamykanie szcz\u0119k.<\/strong><\/p>\n<p>Elektryczne rami\u0119 manipulacyjne (EMA) to wysokowydajny, kompaktowy i niezawodny modu\u0142 wielofunkcyjny przeznaczony do pracy pod wod\u0105.<\/p>\n<p>3, 4 lub 5 funkcji: obr\u00f3t, uniesienie, zgi\u0119cie, obr\u00f3t, szcz\u0119ka (zamkni\u0119cie\/otwarcie).<\/p>\n<\/div>\n<p>\n    <a href=\"\/wp-content\/uploads\/2023\/05\/TMI-Ois-FicheTec-ElectManipArm-GB-24-02-22_pl.pdf\">Broszura <\/a>\n<\/p>\n<h1>\n<h3>Zastosowanie<\/h3>\n<h2><\/h2>\n<\/h1>\n<div>\n<ul>\n<li>Precyzyjna praca pod wod\u0105,<\/li>\n<li>Zbieranie pr\u00f3bek,<\/li>\n<li>Podwodne narz\u0119dzia i chwytaki,<\/li>\n<li>Dla spo\u0142eczno\u015bci naukowej &#8211; \u015arodowisko &#8211; Energia &#8211; Akwakultura&#8230;<\/li>\n<\/ul>\n<\/div>\n<h1>\n<h3>Cechy specjalne<\/h3>\n<\/h1>\n<div>\n<ul>\n<li>3, 4 lub 5-funkcyjne rami\u0119 manipulatora &#8211;<\/li>\n<li>Dost\u0119pne wiele szcz\u0119k,<\/li>\n<li>Dost\u0119pne 3 z\u0142\u0105cza dla dodatkowych mo\u017cliwo\u015bci (kamery, projektory, lasery&#8230;),<\/li>\n<li>\u0141atwa obs\u0142uga &#8211; \u0141atwe prze\u0142\u0105czanie,<\/li>\n<li>Kompaktowa konstrukcja z wbudowanym sterownikiem elektronicznym,<\/li>\n<li>Bezobs\u0142ugowy,<\/li>\n<li>\u0141atwy monta\u017c lewego lub prawego ramienia,<\/li>\n<li>Wymiary: 459 mm w pozycji schowanej,<\/li>\n<li>D\u0142ugo\u015b\u0107 pe\u0142nego zasi\u0119gu: 700 mm,<\/li>\n<li>Waga: 17 kg w powietrzu, 9 kg w s\u0142odkiej wodzie,<\/li>\n<li>Zasilanie: 9-24 VDC.<\/li>\n<\/ul>\n<\/div>\n<h1>\n<h3>Oprogramowanie do monitorowania<\/h3>\n<h3><\/h3>\n<\/h1>\n<div>\n<p>Elektryczne rami\u0119 manipulatora jest dostarczane z oprogramowaniem monitoruj\u0105cym dedykowanym do zdalnej obs\u0142ugi z jednostki steruj\u0105cej TMI-Orion Surface (do zam\u00f3wienia osobno).<\/p>\n<\/div>\n<p><!--more--><br \/>\n<!-- {\"type\":\"layout\",\"children\":[{\"type\":\"section\",\"props\":{\"image_position\":\"center-center\",\"style\":\"default\",\"title_breakpoint\":\"xl\",\"title_position\":\"top-left\",\"title_rotation\":\"left\",\"vertical_align\":\"middle\",\"width\":\"default\"},\"children\":[{\"type\":\"row\",\"children\":[{\"type\":\"column\",\"props\":{\"image_position\":\"center-center\",\"media_overlay_gradient\":\"\",\"position_sticky_breakpoint\":\"m\"},\"children\":[{\"type\":\"headline\",\"props\":{\"content\":\"\n\n<h1 class=\\\"uk-article-title\\\">Elektryczne rami\\u0119 z manipulatorem dla robota ROV TMI-Orion Dynamics<\\\/h1>\",\"title_element\":\"h1\"}},{\"type\":\"divider\",\"props\":{\"divider_element\":\"hr\"}}]}]}]},{\"type\":\"section\",\"props\":{\"image_position\":\"center-center\",\"style\":\"default\",\"title_breakpoint\":\"xl\",\"title_position\":\"top-left\",\"title_rotation\":\"left\",\"vertical_align\":\"middle\",\"width\":\"default\"},\"children\":[{\"type\":\"row\",\"props\":{\"layout\":\"1-2,1-2\"},\"children\":[{\"type\":\"column\",\"props\":{\"image_position\":\"center-center\",\"media_overlay_gradient\":\"\",\"position_sticky_breakpoint\":\"m\",\"width_medium\":\"1-2\"},\"children\":[{\"type\":\"image\",\"props\":{\"image\":\"wp-content\\\/uploads\\\/2023\\\/05\\\/Ramie-elektryczne-.jpg\",\"image_svg_color\":\"emphasis\",\"image_width\":\"400\",\"margin\":\"default\",\"text_align\":\"center\"}}]},{\"type\":\"column\",\"props\":{\"image_position\":\"center-center\",\"media_overlay_gradient\":\"\",\"position_sticky_breakpoint\":\"m\",\"width_medium\":\"1-2\"},\"children\":[{\"type\":\"text\",\"props\":{\"column_breakpoint\":\"m\",\"content\":\"\n\n<p><strong>Innowacyjny, niezawodny i wytrzyma\\u0142y standardowy modu\\u0142 do podwodnych operacji manipulacyjnych: obr\\u00f3t, podnoszenie, zginanie, obr\\u00f3t, otwieranie\\\/zamykanie szcz\\u0119k.<\\\/strong><\\\/p>\\n\n\n<p>Elektryczne rami\\u0119 manipulacyjne (EMA) to wysokowydajny, kompaktowy i niezawodny modu\\u0142 wielofunkcyjny przeznaczony do pracy pod wod\\u0105.<\\\/p>\\n\n\n<p>3, 4 lub 5 funkcji: obr\\u00f3t, uniesienie, zgi\\u0119cie, obr\\u00f3t, szcz\\u0119ka (zamkni\\u0119cie\\\/otwarcie).<\\\/p>\",\"margin\":\"default\"}},{\"type\":\"button\",\"props\":{\"grid_column_gap\":\"small\",\"grid_row_gap\":\"small\",\"margin\":\"default\",\"text_align\":\"center\"},\"children\":[{\"type\":\"button_item\",\"props\":{\"button_style\":\"default\",\"content\":\"Broszura \",\"icon_align\":\"left\",\"link\":\"wp-content\\\/uploads\\\/2023\\\/05\\\/TMI-Ois-FicheTec-ElectManipArm-GB-24-02-22_pl.pdf\"}}]}]}]}]},{\"type\":\"section\",\"props\":{\"image_position\":\"center-center\",\"style\":\"default\",\"title_breakpoint\":\"xl\",\"title_position\":\"top-left\",\"title_rotation\":\"left\",\"vertical_align\":\"middle\",\"width\":\"default\"},\"children\":[{\"type\":\"row\",\"children\":[{\"type\":\"column\",\"props\":{\"image_position\":\"center-center\",\"media_overlay_gradient\":\"\",\"position_sticky_breakpoint\":\"m\"},\"children\":[{\"type\":\"headline\",\"props\":{\"content\":\"\n\n<h3>Zastosowanie<\\\/h3>\\n\n\n<h2><\\\/h2>\",\"title_element\":\"h1\"}},{\"type\":\"text\",\"props\":{\"column_breakpoint\":\"m\",\"content\":\"\n\n<ul>\\n\n\n<li>Precyzyjna praca pod wod\\u0105,<\\\/li>\\n\n\n<li>Zbieranie pr\\u00f3bek,<\\\/li>\\n\n\n<li>Podwodne narz\\u0119dzia i chwytaki,<\\\/li>\\n\n\n<li>Dla spo\\u0142eczno\\u015bci naukowej - \\u015arodowisko - Energia - Akwakultura...<\\\/li>\\n<\\\/ul>\",\"margin\":\"default\"}},{\"type\":\"headline\",\"props\":{\"content\":\"\n\n<h3>Cechy specjalne<\\\/h3>\",\"title_element\":\"h1\"}},{\"type\":\"text\",\"props\":{\"column_breakpoint\":\"m\",\"content\":\"\n\n<ul>\\n\n\n<li>3, 4 lub 5-funkcyjne rami\\u0119 manipulatora -<\\\/li>\\n\n\n<li>Dost\\u0119pne wiele szcz\\u0119k,<\\\/li>\\n\n\n<li>Dost\\u0119pne 3 z\\u0142\\u0105cza dla dodatkowych mo\\u017cliwo\\u015bci (kamery, projektory, lasery...),<\\\/li>\\n\n\n<li>\\u0141atwa obs\\u0142uga - \\u0141atwe prze\\u0142\\u0105czanie,<\\\/li>\\n\n\n<li>Kompaktowa konstrukcja z wbudowanym sterownikiem elektronicznym,<\\\/li>\\n\n\n<li>Bezobs\\u0142ugowy,<\\\/li>\\n\n\n<li>\\u0141atwy monta\\u017c lewego lub prawego ramienia,<\\\/li>\\n\n\n<li>Wymiary: 459 mm w pozycji schowanej,<\\\/li>\\n\n\n<li>D\\u0142ugo\\u015b\\u0107 pe\\u0142nego zasi\\u0119gu: 700 mm,<\\\/li>\\n\n\n<li>Waga: 17 kg w powietrzu, 9 kg w s\\u0142odkiej wodzie,<\\\/li>\\n\n\n<li>Zasilanie: 9-24 VDC.<\\\/li>\\n<\\\/ul>\",\"margin\":\"default\"}},{\"type\":\"headline\",\"props\":{\"content\":\"\n\n<h3>Oprogramowanie do monitorowania<\\\/h3>\\n\n\n<h3><\\\/h3>\",\"title_element\":\"h1\"}},{\"type\":\"text\",\"props\":{\"column_breakpoint\":\"m\",\"content\":\"\n\n<p>Elektryczne rami\\u0119 manipulatora jest dostarczane z oprogramowaniem monitoruj\\u0105cym dedykowanym do zdalnej obs\\u0142ugi z jednostki steruj\\u0105cej TMI-Orion Surface (do zam\\u00f3wienia osobno).<\\\/p>\",\"margin\":\"default\"}}]}]}]}],\"version\":\"3.0.31\"} --><\/p>\n","protected":false},"excerpt":{"rendered":"<p>Elektryczne rami\u0119 z manipulatorem dla robota ROV TMI-Orion Dynamics Innowacyjny, niezawodny i wytrzyma\u0142y standardowy modu\u0142 do podwodnych operacji manipulacyjnych: obr\u00f3t, podnoszenie, zginanie, obr\u00f3t, otwieranie\/zamykanie szcz\u0119k. Elektryczne rami\u0119 manipulacyjne (EMA) to wysokowydajny, kompaktowy i niezawodny modu\u0142 wielofunkcyjny przeznaczony do pracy pod wod\u0105. 3, 4 lub 5 funkcji: obr\u00f3t, uniesienie, zgi\u0119cie, obr\u00f3t, szcz\u0119ka (zamkni\u0119cie\/otwarcie). Broszura Zastosowanie Precyzyjna [&hellip;]<\/p>\n","protected":false},"author":10,"featured_media":0,"parent":0,"menu_order":0,"comment_status":"closed","ping_status":"closed","template":"","meta":{"footnotes":""},"class_list":["post-12461","page","type-page","status-publish","hentry"],"yoast_head":"<!-- This site is optimized with the Yoast SEO plugin v27.5 - https:\/\/yoast.com\/product\/yoast-seo-wordpress\/ -->\n<title>Elektryczne rami\u0119 z manipulatorem dla robota ROV TMI-Orion Dynamics - ESCORT TECHNOLOGY<\/title>\n<meta name=\"robots\" content=\"index, follow, max-snippet:-1, max-image-preview:large, max-video-preview:-1\" \/>\n<link rel=\"canonical\" href=\"https:\/\/escort-technology.com\/pl\/elektryczne-ramie-z-manipulatorem-dla-robota-rov-tmi-orion-dynamics\/\" \/>\n<meta property=\"og:locale\" content=\"pl_PL\" \/>\n<meta property=\"og:type\" content=\"article\" \/>\n<meta property=\"og:title\" content=\"Elektryczne rami\u0119 z manipulatorem dla robota ROV TMI-Orion Dynamics - ESCORT TECHNOLOGY\" \/>\n<meta property=\"og:description\" content=\"Elektryczne rami\u0119 z manipulatorem dla robota ROV TMI-Orion Dynamics Innowacyjny, niezawodny i wytrzyma\u0142y standardowy modu\u0142 do podwodnych operacji manipulacyjnych: obr\u00f3t, podnoszenie, zginanie, obr\u00f3t, otwieranie\/zamykanie szcz\u0119k. Elektryczne rami\u0119 manipulacyjne (EMA) to wysokowydajny, kompaktowy i niezawodny modu\u0142 wielofunkcyjny przeznaczony do pracy pod wod\u0105. 3, 4 lub 5 funkcji: obr\u00f3t, uniesienie, zgi\u0119cie, obr\u00f3t, szcz\u0119ka (zamkni\u0119cie\/otwarcie). Broszura Zastosowanie Precyzyjna [&hellip;]\" \/>\n<meta property=\"og:url\" content=\"https:\/\/escort-technology.com\/pl\/elektryczne-ramie-z-manipulatorem-dla-robota-rov-tmi-orion-dynamics\/\" \/>\n<meta property=\"og:site_name\" content=\"ESCORT TECHNOLOGY\" \/>\n<meta property=\"article:publisher\" content=\"https:\/\/www.facebook.com\/elektronika.morska\/\" \/>\n<meta property=\"article:modified_time\" content=\"2023-05-23T08:15:45+00:00\" \/>\n<meta name=\"twitter:card\" content=\"summary_large_image\" \/>\n<meta name=\"twitter:label1\" content=\"Szacowany czas czytania\" \/>\n\t<meta name=\"twitter:data1\" content=\"1 minuta\" \/>\n<script type=\"application\/ld+json\" class=\"yoast-schema-graph\">{\"@context\":\"https:\\\/\\\/schema.org\",\"@graph\":[{\"@type\":\"WebPage\",\"@id\":\"https:\\\/\\\/escort-technology.com\\\/elektryczne-ramie-z-manipulatorem-dla-robota-rov-tmi-orion-dynamics\\\/\",\"url\":\"https:\\\/\\\/escort-technology.com\\\/elektryczne-ramie-z-manipulatorem-dla-robota-rov-tmi-orion-dynamics\\\/\",\"name\":\"Elektryczne rami\u0119 z manipulatorem dla robota ROV TMI-Orion Dynamics - ESCORT TECHNOLOGY\",\"isPartOf\":{\"@id\":\"http:\\\/\\\/escort-technology.com\\\/de\\\/#website\"},\"datePublished\":\"2023-05-23T07:47:50+00:00\",\"dateModified\":\"2023-05-23T08:15:45+00:00\",\"breadcrumb\":{\"@id\":\"https:\\\/\\\/escort-technology.com\\\/elektryczne-ramie-z-manipulatorem-dla-robota-rov-tmi-orion-dynamics\\\/#breadcrumb\"},\"inLanguage\":\"pl-PL\",\"potentialAction\":[{\"@type\":\"ReadAction\",\"target\":[\"https:\\\/\\\/escort-technology.com\\\/elektryczne-ramie-z-manipulatorem-dla-robota-rov-tmi-orion-dynamics\\\/\"]}]},{\"@type\":\"BreadcrumbList\",\"@id\":\"https:\\\/\\\/escort-technology.com\\\/elektryczne-ramie-z-manipulatorem-dla-robota-rov-tmi-orion-dynamics\\\/#breadcrumb\",\"itemListElement\":[{\"@type\":\"ListItem\",\"position\":1,\"name\":\"Strona g\u0142\u00f3wna\",\"item\":\"https:\\\/\\\/escort-technology.com\\\/\"},{\"@type\":\"ListItem\",\"position\":2,\"name\":\"Elektryczne rami\u0119 z manipulatorem dla robota ROV TMI-Orion Dynamics\"}]},{\"@type\":\"WebSite\",\"@id\":\"http:\\\/\\\/escort-technology.com\\\/de\\\/#website\",\"url\":\"http:\\\/\\\/escort-technology.com\\\/de\\\/\",\"name\":\"ESCORT TECHNOLOGY\",\"description\":\"Elektronika morska i l\u0105dowa\",\"publisher\":{\"@id\":\"http:\\\/\\\/escort-technology.com\\\/de\\\/#organization\"},\"potentialAction\":[{\"@type\":\"SearchAction\",\"target\":{\"@type\":\"EntryPoint\",\"urlTemplate\":\"http:\\\/\\\/escort-technology.com\\\/de\\\/?s={search_term_string}\"},\"query-input\":{\"@type\":\"PropertyValueSpecification\",\"valueRequired\":true,\"valueName\":\"search_term_string\"}}],\"inLanguage\":\"pl-PL\"},{\"@type\":\"Organization\",\"@id\":\"http:\\\/\\\/escort-technology.com\\\/de\\\/#organization\",\"name\":\"ESCORT TECHNOLOGY\",\"url\":\"http:\\\/\\\/escort-technology.com\\\/de\\\/\",\"logo\":{\"@type\":\"ImageObject\",\"inLanguage\":\"pl-PL\",\"@id\":\"http:\\\/\\\/escort-technology.com\\\/de\\\/#\\\/schema\\\/logo\\\/image\\\/\",\"url\":\"https:\\\/\\\/escort-technology.com\\\/wp-content\\\/uploads\\\/logo-1.jpg\",\"contentUrl\":\"https:\\\/\\\/escort-technology.com\\\/wp-content\\\/uploads\\\/logo-1.jpg\",\"width\":600,\"height\":165,\"caption\":\"ESCORT TECHNOLOGY\"},\"image\":{\"@id\":\"http:\\\/\\\/escort-technology.com\\\/de\\\/#\\\/schema\\\/logo\\\/image\\\/\"},\"sameAs\":[\"https:\\\/\\\/www.facebook.com\\\/elektronika.morska\\\/\",\"https:\\\/\\\/www.linkedin.com\\\/company\\\/escort-sp-z-o-o-\\\/\"]}]}<\/script>\n<!-- \/ Yoast SEO plugin. -->","yoast_head_json":{"title":"Elektryczne rami\u0119 z manipulatorem dla robota ROV TMI-Orion Dynamics - ESCORT TECHNOLOGY","robots":{"index":"index","follow":"follow","max-snippet":"max-snippet:-1","max-image-preview":"max-image-preview:large","max-video-preview":"max-video-preview:-1"},"canonical":"https:\/\/escort-technology.com\/pl\/elektryczne-ramie-z-manipulatorem-dla-robota-rov-tmi-orion-dynamics\/","og_locale":"pl_PL","og_type":"article","og_title":"Elektryczne rami\u0119 z manipulatorem dla robota ROV TMI-Orion Dynamics - ESCORT TECHNOLOGY","og_description":"Elektryczne rami\u0119 z manipulatorem dla robota ROV TMI-Orion Dynamics Innowacyjny, niezawodny i wytrzyma\u0142y standardowy modu\u0142 do podwodnych operacji manipulacyjnych: obr\u00f3t, podnoszenie, zginanie, obr\u00f3t, otwieranie\/zamykanie szcz\u0119k. Elektryczne rami\u0119 manipulacyjne (EMA) to wysokowydajny, kompaktowy i niezawodny modu\u0142 wielofunkcyjny przeznaczony do pracy pod wod\u0105. 3, 4 lub 5 funkcji: obr\u00f3t, uniesienie, zgi\u0119cie, obr\u00f3t, szcz\u0119ka (zamkni\u0119cie\/otwarcie). Broszura Zastosowanie Precyzyjna [&hellip;]","og_url":"https:\/\/escort-technology.com\/pl\/elektryczne-ramie-z-manipulatorem-dla-robota-rov-tmi-orion-dynamics\/","og_site_name":"ESCORT TECHNOLOGY","article_publisher":"https:\/\/www.facebook.com\/elektronika.morska\/","article_modified_time":"2023-05-23T08:15:45+00:00","twitter_card":"summary_large_image","twitter_misc":{"Szacowany czas czytania":"1 minuta"},"schema":{"@context":"https:\/\/schema.org","@graph":[{"@type":"WebPage","@id":"https:\/\/escort-technology.com\/elektryczne-ramie-z-manipulatorem-dla-robota-rov-tmi-orion-dynamics\/","url":"https:\/\/escort-technology.com\/elektryczne-ramie-z-manipulatorem-dla-robota-rov-tmi-orion-dynamics\/","name":"Elektryczne rami\u0119 z manipulatorem dla robota ROV TMI-Orion Dynamics - ESCORT TECHNOLOGY","isPartOf":{"@id":"http:\/\/escort-technology.com\/de\/#website"},"datePublished":"2023-05-23T07:47:50+00:00","dateModified":"2023-05-23T08:15:45+00:00","breadcrumb":{"@id":"https:\/\/escort-technology.com\/elektryczne-ramie-z-manipulatorem-dla-robota-rov-tmi-orion-dynamics\/#breadcrumb"},"inLanguage":"pl-PL","potentialAction":[{"@type":"ReadAction","target":["https:\/\/escort-technology.com\/elektryczne-ramie-z-manipulatorem-dla-robota-rov-tmi-orion-dynamics\/"]}]},{"@type":"BreadcrumbList","@id":"https:\/\/escort-technology.com\/elektryczne-ramie-z-manipulatorem-dla-robota-rov-tmi-orion-dynamics\/#breadcrumb","itemListElement":[{"@type":"ListItem","position":1,"name":"Strona g\u0142\u00f3wna","item":"https:\/\/escort-technology.com\/"},{"@type":"ListItem","position":2,"name":"Elektryczne rami\u0119 z manipulatorem dla robota ROV TMI-Orion Dynamics"}]},{"@type":"WebSite","@id":"http:\/\/escort-technology.com\/de\/#website","url":"http:\/\/escort-technology.com\/de\/","name":"ESCORT TECHNOLOGY","description":"Elektronika morska i l\u0105dowa","publisher":{"@id":"http:\/\/escort-technology.com\/de\/#organization"},"potentialAction":[{"@type":"SearchAction","target":{"@type":"EntryPoint","urlTemplate":"http:\/\/escort-technology.com\/de\/?s={search_term_string}"},"query-input":{"@type":"PropertyValueSpecification","valueRequired":true,"valueName":"search_term_string"}}],"inLanguage":"pl-PL"},{"@type":"Organization","@id":"http:\/\/escort-technology.com\/de\/#organization","name":"ESCORT TECHNOLOGY","url":"http:\/\/escort-technology.com\/de\/","logo":{"@type":"ImageObject","inLanguage":"pl-PL","@id":"http:\/\/escort-technology.com\/de\/#\/schema\/logo\/image\/","url":"https:\/\/escort-technology.com\/wp-content\/uploads\/logo-1.jpg","contentUrl":"https:\/\/escort-technology.com\/wp-content\/uploads\/logo-1.jpg","width":600,"height":165,"caption":"ESCORT TECHNOLOGY"},"image":{"@id":"http:\/\/escort-technology.com\/de\/#\/schema\/logo\/image\/"},"sameAs":["https:\/\/www.facebook.com\/elektronika.morska\/","https:\/\/www.linkedin.com\/company\/escort-sp-z-o-o-\/"]}]}},"_links":{"self":[{"href":"https:\/\/escort-technology.com\/pl\/wp-json\/wp\/v2\/pages\/12461","targetHints":{"allow":["GET"]}}],"collection":[{"href":"https:\/\/escort-technology.com\/pl\/wp-json\/wp\/v2\/pages"}],"about":[{"href":"https:\/\/escort-technology.com\/pl\/wp-json\/wp\/v2\/types\/page"}],"author":[{"embeddable":true,"href":"https:\/\/escort-technology.com\/pl\/wp-json\/wp\/v2\/users\/10"}],"replies":[{"embeddable":true,"href":"https:\/\/escort-technology.com\/pl\/wp-json\/wp\/v2\/comments?post=12461"}],"version-history":[{"count":20,"href":"https:\/\/escort-technology.com\/pl\/wp-json\/wp\/v2\/pages\/12461\/revisions"}],"predecessor-version":[{"id":12484,"href":"https:\/\/escort-technology.com\/pl\/wp-json\/wp\/v2\/pages\/12461\/revisions\/12484"}],"wp:attachment":[{"href":"https:\/\/escort-technology.com\/pl\/wp-json\/wp\/v2\/media?parent=12461"}],"curies":[{"name":"wp","href":"https:\/\/api.w.org\/{rel}","templated":true}]}}