{"id":12608,"date":"2023-05-23T13:01:00","date_gmt":"2023-05-23T11:01:00","guid":{"rendered":"https:\/\/escort-technology.com\/?page_id=12608"},"modified":"2023-05-23T13:27:31","modified_gmt":"2023-05-23T11:27:31","slug":"obudowa-kamery-tmi-orion-dynamics","status":"publish","type":"page","link":"https:\/\/escort-technology.com\/pl\/obudowa-kamery-tmi-orion-dynamics\/","title":{"rendered":"Obudowa kamery TMI-ORION DYNAMICS"},"content":{"rendered":"<h1>\n<h1 class=\"uk-article-title\">Obudowa kamery TMI-ORION DYNAMICS<\/h1>\n<\/h1>\n<hr>\n<p><img decoding=\"async\" src=\"\/wp-content\/uploads\/2023\/05\/TMI-Orion-Caisson-GoPro-1-1536x1133-1.jpg\" alt=\"\"><\/p>\n<div>\n<h3>Modu\u0142 podwodny Camera Case zawiera kamer\u0119 typu GoPro\u00ae HERO8\u00ae z mo\u017cliwo\u015bci\u0105 nagrywania. Modu\u0142 ten oferuje jako\u015b\u0107 obrazu 4K w niewielkiej obudowie.<\/h3>\n<\/div>\n<p>\n    <a href=\"\/wp-content\/uploads\/2023\/05\/TMI-Orion-DS-Camera-Case_EN.pdf\">Broszura <\/a>\n<\/p>\n<h1>\n<h3>Zastosowanie<\/h3>\n<h3><\/h3>\n<\/h1>\n<div>\n<ul>\n<li>Og\u00f3lna inspekcja podwodna,<\/li>\n<li>Zastosowania nurkowe,<\/li>\n<li>Systemy ROV,<\/li>\n<li>Operacje w m\u0119tnej wodzie,<\/li>\n<li>Inspekcja akwakultury,<\/li>\n<li>Nauki geologiczne&#8230;<\/li>\n<\/ul>\n<\/div>\n<h1>\n<h3>Cechy<\/h3>\n<\/h1>\n<div>\n<ul>\n<li>Nagrywanie wideo 4K,<\/li>\n<li>Ustawienia, rozpocz\u0119cie nagrywania i odczyt s\u0105 wykonywane z powierzchni za pomoc\u0105 komunikacji Wi-Fi,<\/li>\n<li>Autonomiczne u\u017cytkowanie bez po\u0142\u0105czenia z akumulatorem lub pod\u0142\u0105czeniem do zasilania (9-36 VDC),<\/li>\n<li>Kompaktowa obudowa: D. 100 mm x l. 104 mm,<\/li>\n<li>Waga: 2,5 kg w powietrzu, 1,6 kg w wodzie,<\/li>\n<li>Niezawodny i wytrzyma\u0142y.<\/li>\n<\/ul>\n<\/div>\n<p><!--more--><br \/>\n<!-- {\"type\":\"layout\",\"children\":[{\"type\":\"section\",\"props\":{\"image_position\":\"center-center\",\"style\":\"default\",\"title_breakpoint\":\"xl\",\"title_position\":\"top-left\",\"title_rotation\":\"left\",\"vertical_align\":\"middle\",\"width\":\"default\"},\"children\":[{\"type\":\"row\",\"children\":[{\"type\":\"column\",\"props\":{\"image_position\":\"center-center\",\"media_overlay_gradient\":\"\",\"position_sticky_breakpoint\":\"m\"},\"children\":[{\"type\":\"headline\",\"props\":{\"content\":\"\n\n<h1 class=\\\"uk-article-title\\\">Obudowa kamery TMI-ORION DYNAMICS<\\\/h1>\",\"title_element\":\"h1\"}},{\"type\":\"divider\",\"props\":{\"divider_element\":\"hr\"}}]}]},{\"type\":\"row\",\"props\":{\"layout\":\"1-2,1-2\"},\"children\":[{\"type\":\"column\",\"props\":{\"image_position\":\"center-center\",\"media_overlay_gradient\":\"\",\"position_sticky_breakpoint\":\"m\",\"width_medium\":\"1-2\"},\"children\":[{\"type\":\"image\",\"props\":{\"image\":\"wp-content\\\/uploads\\\/2023\\\/05\\\/TMI-Orion-Caisson-GoPro-1-1536x1133-1.jpg\",\"image_height\":\"450\",\"image_svg_color\":\"emphasis\",\"margin\":\"default\"}}]},{\"type\":\"column\",\"props\":{\"image_position\":\"center-center\",\"media_overlay_gradient\":\"\",\"position_sticky_breakpoint\":\"m\",\"width_medium\":\"1-2\"},\"children\":[{\"type\":\"text\",\"props\":{\"column_breakpoint\":\"m\",\"content\":\"\n\n<h3>Modu\\u0142 podwodny Camera Case zawiera kamer\\u0119 typu GoPro\\u00ae HERO8\\u00ae z mo\\u017cliwo\\u015bci\\u0105 nagrywania. Modu\\u0142 ten oferuje jako\\u015b\\u0107 obrazu 4K w niewielkiej obudowie.<\\\/h3>\",\"margin\":\"default\"}},{\"type\":\"button\",\"props\":{\"grid_column_gap\":\"small\",\"grid_row_gap\":\"small\",\"margin\":\"default\",\"text_align\":\"center\"},\"children\":[{\"type\":\"button_item\",\"props\":{\"button_style\":\"default\",\"content\":\"Broszura \",\"icon_align\":\"left\",\"link\":\"wp-content\\\/uploads\\\/2023\\\/05\\\/TMI-Orion-DS-Camera-Case_EN.pdf\"}}]}]}]},{\"type\":\"row\",\"children\":[{\"type\":\"column\",\"props\":{\"image_position\":\"center-center\",\"media_overlay_gradient\":\"\",\"position_sticky_breakpoint\":\"m\"},\"children\":[{\"type\":\"headline\",\"props\":{\"content\":\"\n\n<h3>Zastosowanie<\\\/h3>\\n\n\n<h3><\\\/h3>\",\"title_element\":\"h1\"}},{\"type\":\"text\",\"props\":{\"column_breakpoint\":\"m\",\"content\":\"\n\n<ul>\\n\n\n<li>Og\\u00f3lna inspekcja podwodna,<\\\/li>\\n\n\n<li>Zastosowania nurkowe,<\\\/li>\\n\n\n<li>Systemy ROV,<\\\/li>\\n\n\n<li>Operacje w m\\u0119tnej wodzie,<\\\/li>\\n\n\n<li>Inspekcja akwakultury,<\\\/li>\\n\n\n<li>Nauki geologiczne...<\\\/li>\\n<\\\/ul>\",\"margin\":\"default\"}}]}]},{\"type\":\"row\",\"children\":[{\"type\":\"column\",\"props\":{\"image_position\":\"center-center\",\"media_overlay_gradient\":\"\",\"position_sticky_breakpoint\":\"m\"},\"children\":[{\"type\":\"headline\",\"props\":{\"content\":\"\n\n<h3>Cechy<\\\/h3>\",\"title_element\":\"h1\"}},{\"type\":\"text\",\"props\":{\"column_breakpoint\":\"m\",\"content\":\"\n\n<ul>\\n\n\n<li>Nagrywanie wideo 4K,<\\\/li>\\n\n\n<li>Ustawienia, rozpocz\\u0119cie nagrywania i odczyt s\\u0105 wykonywane z powierzchni za pomoc\\u0105 komunikacji Wi-Fi,<\\\/li>\\n\n\n<li>Autonomiczne u\\u017cytkowanie bez po\\u0142\\u0105czenia z akumulatorem lub pod\\u0142\\u0105czeniem do zasilania (9-36 VDC),<\\\/li>\\n\n\n<li>Kompaktowa obudowa: D. 100 mm x l. 104 mm,<\\\/li>\\n\n\n<li>Waga: 2,5 kg w powietrzu, 1,6 kg w wodzie,<\\\/li>\\n\n\n<li>Niezawodny i wytrzyma\\u0142y.<\\\/li>\\n<\\\/ul>\",\"margin\":\"default\"}}]}]}]}],\"version\":\"3.0.31\"} --><\/p>\n","protected":false},"excerpt":{"rendered":"<p>Obudowa kamery TMI-ORION DYNAMICS Modu\u0142 podwodny Camera Case zawiera kamer\u0119 typu GoPro\u00ae HERO8\u00ae z mo\u017cliwo\u015bci\u0105 nagrywania. Modu\u0142 ten oferuje jako\u015b\u0107 obrazu 4K w niewielkiej obudowie. Broszura Zastosowanie Og\u00f3lna inspekcja podwodna, Zastosowania nurkowe, Systemy ROV, Operacje w m\u0119tnej wodzie, Inspekcja akwakultury, Nauki geologiczne&#8230; Cechy Nagrywanie wideo 4K, Ustawienia, rozpocz\u0119cie nagrywania i odczyt s\u0105 wykonywane z powierzchni [&hellip;]<\/p>\n","protected":false},"author":10,"featured_media":0,"parent":0,"menu_order":0,"comment_status":"closed","ping_status":"closed","template":"","meta":{"footnotes":""},"class_list":["post-12608","page","type-page","status-publish","hentry"],"yoast_head":"<!-- This site is optimized with the Yoast SEO plugin v27.5 - https:\/\/yoast.com\/product\/yoast-seo-wordpress\/ -->\n<title>Obudowa kamery TMI-ORION DYNAMICS - ESCORT TECHNOLOGY<\/title>\n<meta name=\"robots\" content=\"index, follow, max-snippet:-1, max-image-preview:large, max-video-preview:-1\" \/>\n<link rel=\"canonical\" href=\"https:\/\/escort-technology.com\/pl\/obudowa-kamery-tmi-orion-dynamics\/\" \/>\n<meta property=\"og:locale\" content=\"pl_PL\" \/>\n<meta property=\"og:type\" content=\"article\" \/>\n<meta property=\"og:title\" content=\"Obudowa kamery TMI-ORION DYNAMICS - ESCORT TECHNOLOGY\" \/>\n<meta property=\"og:description\" content=\"Obudowa kamery TMI-ORION DYNAMICS Modu\u0142 podwodny Camera Case zawiera kamer\u0119 typu GoPro\u00ae HERO8\u00ae z mo\u017cliwo\u015bci\u0105 nagrywania. Modu\u0142 ten oferuje jako\u015b\u0107 obrazu 4K w niewielkiej obudowie. Broszura Zastosowanie Og\u00f3lna inspekcja podwodna, Zastosowania nurkowe, Systemy ROV, Operacje w m\u0119tnej wodzie, Inspekcja akwakultury, Nauki geologiczne&#8230; Cechy Nagrywanie wideo 4K, Ustawienia, rozpocz\u0119cie nagrywania i odczyt s\u0105 wykonywane z powierzchni [&hellip;]\" \/>\n<meta property=\"og:url\" content=\"https:\/\/escort-technology.com\/pl\/obudowa-kamery-tmi-orion-dynamics\/\" \/>\n<meta property=\"og:site_name\" content=\"ESCORT TECHNOLOGY\" \/>\n<meta property=\"article:publisher\" content=\"https:\/\/www.facebook.com\/elektronika.morska\/\" \/>\n<meta property=\"article:modified_time\" content=\"2023-05-23T11:27:31+00:00\" \/>\n<meta name=\"twitter:card\" content=\"summary_large_image\" \/>\n<script type=\"application\/ld+json\" class=\"yoast-schema-graph\">{\"@context\":\"https:\\\/\\\/schema.org\",\"@graph\":[{\"@type\":\"WebPage\",\"@id\":\"https:\\\/\\\/escort-technology.com\\\/obudowa-kamery-tmi-orion-dynamics\\\/\",\"url\":\"https:\\\/\\\/escort-technology.com\\\/obudowa-kamery-tmi-orion-dynamics\\\/\",\"name\":\"Obudowa kamery TMI-ORION DYNAMICS - ESCORT TECHNOLOGY\",\"isPartOf\":{\"@id\":\"http:\\\/\\\/escort-technology.com\\\/de\\\/#website\"},\"datePublished\":\"2023-05-23T11:01:00+00:00\",\"dateModified\":\"2023-05-23T11:27:31+00:00\",\"breadcrumb\":{\"@id\":\"https:\\\/\\\/escort-technology.com\\\/obudowa-kamery-tmi-orion-dynamics\\\/#breadcrumb\"},\"inLanguage\":\"pl-PL\",\"potentialAction\":[{\"@type\":\"ReadAction\",\"target\":[\"https:\\\/\\\/escort-technology.com\\\/obudowa-kamery-tmi-orion-dynamics\\\/\"]}]},{\"@type\":\"BreadcrumbList\",\"@id\":\"https:\\\/\\\/escort-technology.com\\\/obudowa-kamery-tmi-orion-dynamics\\\/#breadcrumb\",\"itemListElement\":[{\"@type\":\"ListItem\",\"position\":1,\"name\":\"Strona g\u0142\u00f3wna\",\"item\":\"https:\\\/\\\/escort-technology.com\\\/\"},{\"@type\":\"ListItem\",\"position\":2,\"name\":\"Obudowa kamery TMI-ORION DYNAMICS\"}]},{\"@type\":\"WebSite\",\"@id\":\"http:\\\/\\\/escort-technology.com\\\/de\\\/#website\",\"url\":\"http:\\\/\\\/escort-technology.com\\\/de\\\/\",\"name\":\"ESCORT TECHNOLOGY\",\"description\":\"Elektronika morska i l\u0105dowa\",\"publisher\":{\"@id\":\"http:\\\/\\\/escort-technology.com\\\/de\\\/#organization\"},\"potentialAction\":[{\"@type\":\"SearchAction\",\"target\":{\"@type\":\"EntryPoint\",\"urlTemplate\":\"http:\\\/\\\/escort-technology.com\\\/de\\\/?s={search_term_string}\"},\"query-input\":{\"@type\":\"PropertyValueSpecification\",\"valueRequired\":true,\"valueName\":\"search_term_string\"}}],\"inLanguage\":\"pl-PL\"},{\"@type\":\"Organization\",\"@id\":\"http:\\\/\\\/escort-technology.com\\\/de\\\/#organization\",\"name\":\"ESCORT TECHNOLOGY\",\"url\":\"http:\\\/\\\/escort-technology.com\\\/de\\\/\",\"logo\":{\"@type\":\"ImageObject\",\"inLanguage\":\"pl-PL\",\"@id\":\"http:\\\/\\\/escort-technology.com\\\/de\\\/#\\\/schema\\\/logo\\\/image\\\/\",\"url\":\"https:\\\/\\\/escort-technology.com\\\/wp-content\\\/uploads\\\/logo-1.jpg\",\"contentUrl\":\"https:\\\/\\\/escort-technology.com\\\/wp-content\\\/uploads\\\/logo-1.jpg\",\"width\":600,\"height\":165,\"caption\":\"ESCORT TECHNOLOGY\"},\"image\":{\"@id\":\"http:\\\/\\\/escort-technology.com\\\/de\\\/#\\\/schema\\\/logo\\\/image\\\/\"},\"sameAs\":[\"https:\\\/\\\/www.facebook.com\\\/elektronika.morska\\\/\",\"https:\\\/\\\/www.linkedin.com\\\/company\\\/escort-sp-z-o-o-\\\/\"]}]}<\/script>\n<!-- \/ Yoast SEO plugin. -->","yoast_head_json":{"title":"Obudowa kamery TMI-ORION DYNAMICS - ESCORT TECHNOLOGY","robots":{"index":"index","follow":"follow","max-snippet":"max-snippet:-1","max-image-preview":"max-image-preview:large","max-video-preview":"max-video-preview:-1"},"canonical":"https:\/\/escort-technology.com\/pl\/obudowa-kamery-tmi-orion-dynamics\/","og_locale":"pl_PL","og_type":"article","og_title":"Obudowa kamery TMI-ORION DYNAMICS - ESCORT TECHNOLOGY","og_description":"Obudowa kamery TMI-ORION DYNAMICS Modu\u0142 podwodny Camera Case zawiera kamer\u0119 typu GoPro\u00ae HERO8\u00ae z mo\u017cliwo\u015bci\u0105 nagrywania. Modu\u0142 ten oferuje jako\u015b\u0107 obrazu 4K w niewielkiej obudowie. Broszura Zastosowanie Og\u00f3lna inspekcja podwodna, Zastosowania nurkowe, Systemy ROV, Operacje w m\u0119tnej wodzie, Inspekcja akwakultury, Nauki geologiczne&#8230; Cechy Nagrywanie wideo 4K, Ustawienia, rozpocz\u0119cie nagrywania i odczyt s\u0105 wykonywane z powierzchni [&hellip;]","og_url":"https:\/\/escort-technology.com\/pl\/obudowa-kamery-tmi-orion-dynamics\/","og_site_name":"ESCORT TECHNOLOGY","article_publisher":"https:\/\/www.facebook.com\/elektronika.morska\/","article_modified_time":"2023-05-23T11:27:31+00:00","twitter_card":"summary_large_image","schema":{"@context":"https:\/\/schema.org","@graph":[{"@type":"WebPage","@id":"https:\/\/escort-technology.com\/obudowa-kamery-tmi-orion-dynamics\/","url":"https:\/\/escort-technology.com\/obudowa-kamery-tmi-orion-dynamics\/","name":"Obudowa kamery TMI-ORION DYNAMICS - ESCORT TECHNOLOGY","isPartOf":{"@id":"http:\/\/escort-technology.com\/de\/#website"},"datePublished":"2023-05-23T11:01:00+00:00","dateModified":"2023-05-23T11:27:31+00:00","breadcrumb":{"@id":"https:\/\/escort-technology.com\/obudowa-kamery-tmi-orion-dynamics\/#breadcrumb"},"inLanguage":"pl-PL","potentialAction":[{"@type":"ReadAction","target":["https:\/\/escort-technology.com\/obudowa-kamery-tmi-orion-dynamics\/"]}]},{"@type":"BreadcrumbList","@id":"https:\/\/escort-technology.com\/obudowa-kamery-tmi-orion-dynamics\/#breadcrumb","itemListElement":[{"@type":"ListItem","position":1,"name":"Strona g\u0142\u00f3wna","item":"https:\/\/escort-technology.com\/"},{"@type":"ListItem","position":2,"name":"Obudowa kamery TMI-ORION DYNAMICS"}]},{"@type":"WebSite","@id":"http:\/\/escort-technology.com\/de\/#website","url":"http:\/\/escort-technology.com\/de\/","name":"ESCORT TECHNOLOGY","description":"Elektronika morska i l\u0105dowa","publisher":{"@id":"http:\/\/escort-technology.com\/de\/#organization"},"potentialAction":[{"@type":"SearchAction","target":{"@type":"EntryPoint","urlTemplate":"http:\/\/escort-technology.com\/de\/?s={search_term_string}"},"query-input":{"@type":"PropertyValueSpecification","valueRequired":true,"valueName":"search_term_string"}}],"inLanguage":"pl-PL"},{"@type":"Organization","@id":"http:\/\/escort-technology.com\/de\/#organization","name":"ESCORT TECHNOLOGY","url":"http:\/\/escort-technology.com\/de\/","logo":{"@type":"ImageObject","inLanguage":"pl-PL","@id":"http:\/\/escort-technology.com\/de\/#\/schema\/logo\/image\/","url":"https:\/\/escort-technology.com\/wp-content\/uploads\/logo-1.jpg","contentUrl":"https:\/\/escort-technology.com\/wp-content\/uploads\/logo-1.jpg","width":600,"height":165,"caption":"ESCORT TECHNOLOGY"},"image":{"@id":"http:\/\/escort-technology.com\/de\/#\/schema\/logo\/image\/"},"sameAs":["https:\/\/www.facebook.com\/elektronika.morska\/","https:\/\/www.linkedin.com\/company\/escort-sp-z-o-o-\/"]}]}},"_links":{"self":[{"href":"https:\/\/escort-technology.com\/pl\/wp-json\/wp\/v2\/pages\/12608","targetHints":{"allow":["GET"]}}],"collection":[{"href":"https:\/\/escort-technology.com\/pl\/wp-json\/wp\/v2\/pages"}],"about":[{"href":"https:\/\/escort-technology.com\/pl\/wp-json\/wp\/v2\/types\/page"}],"author":[{"embeddable":true,"href":"https:\/\/escort-technology.com\/pl\/wp-json\/wp\/v2\/users\/10"}],"replies":[{"embeddable":true,"href":"https:\/\/escort-technology.com\/pl\/wp-json\/wp\/v2\/comments?post=12608"}],"version-history":[{"count":17,"href":"https:\/\/escort-technology.com\/pl\/wp-json\/wp\/v2\/pages\/12608\/revisions"}],"predecessor-version":[{"id":12628,"href":"https:\/\/escort-technology.com\/pl\/wp-json\/wp\/v2\/pages\/12608\/revisions\/12628"}],"wp:attachment":[{"href":"https:\/\/escort-technology.com\/pl\/wp-json\/wp\/v2\/media?parent=12608"}],"curies":[{"name":"wp","href":"https:\/\/api.w.org\/{rel}","templated":true}]}}