{"id":12629,"date":"2023-05-23T13:30:35","date_gmt":"2023-05-23T11:30:35","guid":{"rendered":"https:\/\/escort-technology.com\/?page_id=12629"},"modified":"2023-05-23T13:37:35","modified_gmt":"2023-05-23T11:37:35","slug":"modul-czujnika-glebokosci-i-ahrs-tmi-orion-dynamics-dsprh","status":"publish","type":"page","link":"https:\/\/escort-technology.com\/pl\/modul-czujnika-glebokosci-i-ahrs-tmi-orion-dynamics-dsprh\/","title":{"rendered":"Modu\u0142 czujnika g\u0142\u0119boko\u015bci i AHRS TMI-ORION DYNAMICS DSPRH"},"content":{"rendered":"<h1>\n<h1 class=\"uk-article-title\">Modu\u0142 czujnika g\u0142\u0119boko\u015bci i AHRS TMI-ORION DYNAMICS DSPRH<\/h1>\n<\/h1>\n<hr>\n<p><img decoding=\"async\" src=\"\/wp-content\/uploads\/2023\/05\/DSPRH-ret-1-300x276-1.jpg\" alt=\"\"><\/p>\n<div>\n<h3>Modu\u0142 czujnika g\u0142\u0119boko\u015bci i AHRS: pe\u0142na skala 500 lub 2000 metr\u00f3w, temperatura, ci\u015bnienie i AHRS konfigurowalny do 100 Hz.<\/h3>\n<\/div>\n<p>\n    <a href=\"\/wp-content\/uploads\/2023\/05\/TMI-Orion-DS-DSPRH-EN-ed5.pdf\">Broszura <\/a>\n<\/p>\n<h1>\n<h2>Zastosowanie<\/h2>\n<\/h1>\n<div>\n<ul>\n<li>Czujnik g\u0142\u0119boko\u015bci ROV lub AUV,<\/li>\n<li>Automatyczna procedura g\u0142\u0119boko\u015bci,<\/li>\n<li>Podwodne IMU i AHRS,<\/li>\n<li>Rejestrator g\u0142\u0119boko\u015bci i po\u0142o\u017cenia na \u017c\u0105danie.<\/li>\n<\/ul>\n<\/div>\n<h1>\n<h2>Cechy<\/h2>\n<\/h1>\n<div>\n<div class=\"lmt__inner_textarea_container\" title=\"Kliknij na s\u0142owo, aby wy\u015bwietli\u0107 t\u0142umaczenia alternatywne \"><d-textarea data-gramm_editor=\"false\" data-testid=\"translator-target-input\" autocomplete=\"off\" aria-labelledby=\"translation-results-heading\" class=\"lmt__textarea lmt__target_textarea lmt__textarea_base_style focus-visible-disabled-container\" lang=\"pl-PL\"><\/p>\n<div role=\"textbox\" aria-multiline=\"true\" _d-id=\"8\" aria-disabled=\"false\" aria-labelledby=\"translation-results-heading\" contenteditable=\"true\" tabindex=\"0\">\n<ul>\n<li _d-id=\"1149\">Dwa czujniki g\u0142\u0119boko\u015bci dost\u0119pne dla 500 i 2000 metr\u00f3w.<\/li>\n<li _d-id=\"1149\">Pitch, Roll, Yaw i kompensowany kompas dost\u0119pne w celu zapewnienia kompletnego AHRS z 9 stopni swobody.<\/li>\n<li _d-id=\"1151\">Znacznik czasu\/Pitch\/Roll\/Yaw\/Heading\/Depth\/Temperature\/Acc\/Gyr\/Mag\/Pressure,<\/li>\n<li _d-id=\"1152\">Konfiguracja danych wyj\u015bciowych i szybko\u015bci transmisji danych,<\/li>\n<li _d-id=\"1153\">Opcje autonomicznego i zintegrowanego rejestratora dost\u0119pne na \u017cyczenie,<\/li>\n<li _d-id=\"1154\">Wysokiej jako\u015bci czujnik ci\u015bnienia,<\/li>\n<li _d-id=\"1155\">Czujnik temperatury RTD,<\/li>\n<li _d-id=\"1156\">AHRS z odporno\u015bci\u0105 na pole magnetyczne,<\/li>\n<li>\u015arednica 46 mm x d\u0142ugo\u015b\u0107 121,5 mm (bez z\u0142\u0105cza),<\/li>\n<li _d-id=\"1158\">Zasilanie: 8-36 VDC.<\/li>\n<\/ul>\n<\/div>\n<p><\/d-textarea><\/div>\n<div><\/div>\n<div class=\"lmt__loadingIndicator_container\" data-testid=\"loading-indicator\"><\/div>\n<div class=\"lmt__translations_as_text\" data-testid=\"translator-target-result-as-text-container\">\n<ul aria-labelledby=\"alternatives-heading\"><\/ul>\n<\/div>\n<div class=\"lmt_targetToolbar__container\"><\/div>\n<div>\n<div class=\"lmt__toolbar_container\">\n<div class=\"lmt__target_toolbar\" data-testid=\"translator-target-toolbar\"><\/div>\n<\/div>\n<\/div>\n<\/div>\n<p><!--more--><br \/>\n<!-- {\"type\":\"layout\",\"children\":[{\"type\":\"section\",\"props\":{\"image_position\":\"center-center\",\"style\":\"default\",\"title_breakpoint\":\"xl\",\"title_position\":\"top-left\",\"title_rotation\":\"left\",\"vertical_align\":\"middle\",\"width\":\"default\"},\"children\":[{\"type\":\"row\",\"children\":[{\"type\":\"column\",\"props\":{\"image_position\":\"center-center\",\"media_overlay_gradient\":\"\",\"position_sticky_breakpoint\":\"m\"},\"children\":[{\"type\":\"headline\",\"props\":{\"content\":\"\n\n<h1 class=\\\"uk-article-title\\\">Modu\\u0142 czujnika g\\u0142\\u0119boko\\u015bci i AHRS TMI-ORION DYNAMICS DSPRH<\\\/h1>\",\"title_element\":\"h1\"}},{\"type\":\"divider\",\"props\":{\"divider_element\":\"hr\"}}]}]},{\"type\":\"row\",\"props\":{\"layout\":\"1-2,1-2\"},\"children\":[{\"type\":\"column\",\"props\":{\"image_position\":\"center-center\",\"media_overlay_gradient\":\"\",\"position_sticky_breakpoint\":\"m\",\"width_medium\":\"1-2\"},\"children\":[{\"type\":\"image\",\"props\":{\"image\":\"wp-content\\\/uploads\\\/2023\\\/05\\\/DSPRH-ret-1-300x276-1.jpg\",\"image_svg_color\":\"emphasis\",\"margin\":\"default\"}}]},{\"type\":\"column\",\"props\":{\"image_position\":\"center-center\",\"media_overlay_gradient\":\"\",\"position_sticky_breakpoint\":\"m\",\"width_medium\":\"1-2\"},\"children\":[{\"type\":\"text\",\"props\":{\"column_breakpoint\":\"m\",\"content\":\"\n\n<h3>Modu\\u0142 czujnika g\\u0142\\u0119boko\\u015bci i AHRS: pe\\u0142na skala 500 lub 2000 metr\\u00f3w, temperatura, ci\\u015bnienie i AHRS konfigurowalny do 100 Hz.<\\\/h3>\",\"margin\":\"default\"}},{\"type\":\"button\",\"props\":{\"grid_column_gap\":\"small\",\"grid_row_gap\":\"small\",\"margin\":\"default\",\"text_align\":\"center\"},\"children\":[{\"type\":\"button_item\",\"props\":{\"button_style\":\"default\",\"content\":\"Broszura \",\"icon_align\":\"left\",\"link\":\"wp-content\\\/uploads\\\/2023\\\/05\\\/TMI-Orion-DS-DSPRH-EN-ed5.pdf\"}}]}]}]},{\"type\":\"row\",\"children\":[{\"type\":\"column\",\"props\":{\"image_position\":\"center-center\",\"media_overlay_gradient\":\"\",\"position_sticky_breakpoint\":\"m\"},\"children\":[{\"type\":\"headline\",\"props\":{\"content\":\"\n\n<h2>Zastosowanie<\\\/h2>\",\"title_element\":\"h1\"}},{\"type\":\"text\",\"props\":{\"column_breakpoint\":\"m\",\"content\":\"\n\n<ul>\\n\n\n<li>Czujnik g\\u0142\\u0119boko\\u015bci ROV lub AUV,<\\\/li>\\n\n\n<li>Automatyczna procedura g\\u0142\\u0119boko\\u015bci,<\\\/li>\\n\n\n<li>Podwodne IMU i AHRS,<\\\/li>\\n\n\n<li>Rejestrator g\\u0142\\u0119boko\\u015bci i po\\u0142o\\u017cenia na \\u017c\\u0105danie.<\\\/li>\\n<\\\/ul>\",\"margin\":\"default\"}},{\"type\":\"headline\",\"props\":{\"content\":\"\n\n<h2>Cechy<\\\/h2>\",\"title_element\":\"h1\"}},{\"type\":\"text\",\"props\":{\"column_breakpoint\":\"m\",\"content\":\"\n\n<p><\\\/p>\\n\n\n<div class=\\\"lmt__inner_textarea_container\\\" title=\\\"Kliknij na s\\u0142owo, aby wy\\u015bwietli\\u0107 t\\u0142umaczenia alternatywne \\\"><d-textarea data-gramm_editor=\\\"false\\\" data-testid=\\\"translator-target-input\\\" autocomplete=\\\"off\\\" aria-labelledby=\\\"translation-results-heading\\\" class=\\\"lmt__textarea lmt__target_textarea lmt__textarea_base_style focus-visible-disabled-container\\\" lang=\\\"pl-PL\\\">\\n\n\n<div role=\\\"textbox\\\" aria-multiline=\\\"true\\\" _d-id=\\\"8\\\" aria-disabled=\\\"false\\\" aria-labelledby=\\\"translation-results-heading\\\" contenteditable=\\\"true\\\" tabindex=\\\"0\\\">\\n\n\n<ul>\\n\n\n<li _d-id=\\\"1149\\\">Dwa czujniki g\\u0142\\u0119boko\\u015bci dost\\u0119pne dla 500 i 2000 metr\\u00f3w.<\\\/li>\\n\n\n<li _d-id=\\\"1149\\\">Pitch, Roll, Yaw i kompensowany kompas dost\\u0119pne w celu zapewnienia kompletnego AHRS z 9 stopni swobody.<\\\/li>\\n\n\n<li _d-id=\\\"1151\\\">Znacznik czasu\\\/Pitch\\\/Roll\\\/Yaw\\\/Heading\\\/Depth\\\/Temperature\\\/Acc\\\/Gyr\\\/Mag\\\/Pressure,<\\\/li>\\n\n\n<li _d-id=\\\"1152\\\">Konfiguracja danych wyj\\u015bciowych i szybko\\u015bci transmisji danych,<\\\/li>\\n\n\n<li _d-id=\\\"1153\\\">Opcje autonomicznego i zintegrowanego rejestratora dost\\u0119pne na \\u017cyczenie,<\\\/li>\\n\n\n<li _d-id=\\\"1154\\\">Wysokiej jako\\u015bci czujnik ci\\u015bnienia,<\\\/li>\\n\n\n<li _d-id=\\\"1155\\\">Czujnik temperatury RTD,<\\\/li>\\n\n\n<li _d-id=\\\"1156\\\">AHRS z odporno\\u015bci\\u0105 na pole magnetyczne,<\\\/li>\\n\n\n<li>\\u015arednica 46 mm x d\\u0142ugo\\u015b\\u0107 121,5 mm (bez z\\u0142\\u0105cza),<\\\/li>\\n\n\n<li _d-id=\\\"1158\\\">Zasilanie: 8-36 VDC.<\\\/li>\\n<\\\/ul>\\n<\\\/div>\\n<\\\/d-textarea><\\\/div>\\n\n\n<div><\\\/div>\\n\n\n<div class=\\\"lmt__loadingIndicator_container\\\" data-testid=\\\"loading-indicator\\\"><\\\/div>\\n\n\n<div class=\\\"lmt__translations_as_text\\\" data-testid=\\\"translator-target-result-as-text-container\\\">\\n\n\n<ul aria-labelledby=\\\"alternatives-heading\\\"><\\\/ul>\\n<\\\/div>\\n\n\n<div class=\\\"lmt_targetToolbar__container\\\"><\\\/div>\\n\n\n<div>\\n\n\n<div class=\\\"lmt__toolbar_container\\\">\\n\n\n<div class=\\\"lmt__target_toolbar\\\" data-testid=\\\"translator-target-toolbar\\\"><\\\/div>\\n<\\\/div>\\n<\\\/div>\\n\n\n<p><\\\/p>\",\"margin\":\"default\"}}]}]}]}],\"version\":\"3.0.31\"} --><\/p>\n","protected":false},"excerpt":{"rendered":"<p>Modu\u0142 czujnika g\u0142\u0119boko\u015bci i AHRS TMI-ORION DYNAMICS DSPRH Modu\u0142 czujnika g\u0142\u0119boko\u015bci i AHRS: pe\u0142na skala 500 lub 2000 metr\u00f3w, temperatura, ci\u015bnienie i AHRS konfigurowalny do 100 Hz. Broszura Zastosowanie Czujnik g\u0142\u0119boko\u015bci ROV lub AUV, Automatyczna procedura g\u0142\u0119boko\u015bci, Podwodne IMU i AHRS, Rejestrator g\u0142\u0119boko\u015bci i po\u0142o\u017cenia na \u017c\u0105danie. Cechy Dwa czujniki g\u0142\u0119boko\u015bci dost\u0119pne dla 500 i [&hellip;]<\/p>\n","protected":false},"author":10,"featured_media":0,"parent":0,"menu_order":0,"comment_status":"closed","ping_status":"closed","template":"","meta":{"footnotes":""},"class_list":["post-12629","page","type-page","status-publish","hentry"],"yoast_head":"<!-- This site is optimized with the Yoast SEO plugin v27.5 - https:\/\/yoast.com\/product\/yoast-seo-wordpress\/ -->\n<title>Modu\u0142 czujnika g\u0142\u0119boko\u015bci i AHRS TMI-ORION DYNAMICS DSPRH - ESCORT TECHNOLOGY<\/title>\n<meta name=\"robots\" content=\"index, follow, max-snippet:-1, max-image-preview:large, max-video-preview:-1\" \/>\n<link rel=\"canonical\" href=\"https:\/\/escort-technology.com\/pl\/modul-czujnika-glebokosci-i-ahrs-tmi-orion-dynamics-dsprh\/\" \/>\n<meta property=\"og:locale\" content=\"pl_PL\" \/>\n<meta property=\"og:type\" content=\"article\" \/>\n<meta property=\"og:title\" content=\"Modu\u0142 czujnika g\u0142\u0119boko\u015bci i AHRS TMI-ORION DYNAMICS DSPRH - ESCORT TECHNOLOGY\" \/>\n<meta property=\"og:description\" content=\"Modu\u0142 czujnika g\u0142\u0119boko\u015bci i AHRS TMI-ORION DYNAMICS DSPRH Modu\u0142 czujnika g\u0142\u0119boko\u015bci i AHRS: pe\u0142na skala 500 lub 2000 metr\u00f3w, temperatura, ci\u015bnienie i AHRS konfigurowalny do 100 Hz. Broszura Zastosowanie Czujnik g\u0142\u0119boko\u015bci ROV lub AUV, Automatyczna procedura g\u0142\u0119boko\u015bci, Podwodne IMU i AHRS, Rejestrator g\u0142\u0119boko\u015bci i po\u0142o\u017cenia na \u017c\u0105danie. Cechy Dwa czujniki g\u0142\u0119boko\u015bci dost\u0119pne dla 500 i [&hellip;]\" \/>\n<meta property=\"og:url\" content=\"https:\/\/escort-technology.com\/pl\/modul-czujnika-glebokosci-i-ahrs-tmi-orion-dynamics-dsprh\/\" \/>\n<meta property=\"og:site_name\" content=\"ESCORT TECHNOLOGY\" \/>\n<meta property=\"article:publisher\" content=\"https:\/\/www.facebook.com\/elektronika.morska\/\" \/>\n<meta property=\"article:modified_time\" content=\"2023-05-23T11:37:35+00:00\" \/>\n<meta name=\"twitter:card\" content=\"summary_large_image\" \/>\n<meta name=\"twitter:label1\" content=\"Szacowany czas czytania\" \/>\n\t<meta name=\"twitter:data1\" content=\"1 minuta\" \/>\n<script type=\"application\/ld+json\" class=\"yoast-schema-graph\">{\"@context\":\"https:\\\/\\\/schema.org\",\"@graph\":[{\"@type\":\"WebPage\",\"@id\":\"https:\\\/\\\/escort-technology.com\\\/modul-czujnika-glebokosci-i-ahrs-tmi-orion-dynamics-dsprh\\\/\",\"url\":\"https:\\\/\\\/escort-technology.com\\\/modul-czujnika-glebokosci-i-ahrs-tmi-orion-dynamics-dsprh\\\/\",\"name\":\"Modu\u0142 czujnika g\u0142\u0119boko\u015bci i AHRS TMI-ORION DYNAMICS DSPRH - ESCORT TECHNOLOGY\",\"isPartOf\":{\"@id\":\"http:\\\/\\\/escort-technology.com\\\/de\\\/#website\"},\"datePublished\":\"2023-05-23T11:30:35+00:00\",\"dateModified\":\"2023-05-23T11:37:35+00:00\",\"breadcrumb\":{\"@id\":\"https:\\\/\\\/escort-technology.com\\\/modul-czujnika-glebokosci-i-ahrs-tmi-orion-dynamics-dsprh\\\/#breadcrumb\"},\"inLanguage\":\"pl-PL\",\"potentialAction\":[{\"@type\":\"ReadAction\",\"target\":[\"https:\\\/\\\/escort-technology.com\\\/modul-czujnika-glebokosci-i-ahrs-tmi-orion-dynamics-dsprh\\\/\"]}]},{\"@type\":\"BreadcrumbList\",\"@id\":\"https:\\\/\\\/escort-technology.com\\\/modul-czujnika-glebokosci-i-ahrs-tmi-orion-dynamics-dsprh\\\/#breadcrumb\",\"itemListElement\":[{\"@type\":\"ListItem\",\"position\":1,\"name\":\"Strona g\u0142\u00f3wna\",\"item\":\"https:\\\/\\\/escort-technology.com\\\/\"},{\"@type\":\"ListItem\",\"position\":2,\"name\":\"Modu\u0142 czujnika g\u0142\u0119boko\u015bci i AHRS TMI-ORION DYNAMICS DSPRH\"}]},{\"@type\":\"WebSite\",\"@id\":\"http:\\\/\\\/escort-technology.com\\\/de\\\/#website\",\"url\":\"http:\\\/\\\/escort-technology.com\\\/de\\\/\",\"name\":\"ESCORT TECHNOLOGY\",\"description\":\"Elektronika morska i l\u0105dowa\",\"publisher\":{\"@id\":\"http:\\\/\\\/escort-technology.com\\\/de\\\/#organization\"},\"potentialAction\":[{\"@type\":\"SearchAction\",\"target\":{\"@type\":\"EntryPoint\",\"urlTemplate\":\"http:\\\/\\\/escort-technology.com\\\/de\\\/?s={search_term_string}\"},\"query-input\":{\"@type\":\"PropertyValueSpecification\",\"valueRequired\":true,\"valueName\":\"search_term_string\"}}],\"inLanguage\":\"pl-PL\"},{\"@type\":\"Organization\",\"@id\":\"http:\\\/\\\/escort-technology.com\\\/de\\\/#organization\",\"name\":\"ESCORT TECHNOLOGY\",\"url\":\"http:\\\/\\\/escort-technology.com\\\/de\\\/\",\"logo\":{\"@type\":\"ImageObject\",\"inLanguage\":\"pl-PL\",\"@id\":\"http:\\\/\\\/escort-technology.com\\\/de\\\/#\\\/schema\\\/logo\\\/image\\\/\",\"url\":\"https:\\\/\\\/escort-technology.com\\\/wp-content\\\/uploads\\\/logo-1.jpg\",\"contentUrl\":\"https:\\\/\\\/escort-technology.com\\\/wp-content\\\/uploads\\\/logo-1.jpg\",\"width\":600,\"height\":165,\"caption\":\"ESCORT TECHNOLOGY\"},\"image\":{\"@id\":\"http:\\\/\\\/escort-technology.com\\\/de\\\/#\\\/schema\\\/logo\\\/image\\\/\"},\"sameAs\":[\"https:\\\/\\\/www.facebook.com\\\/elektronika.morska\\\/\",\"https:\\\/\\\/www.linkedin.com\\\/company\\\/escort-sp-z-o-o-\\\/\"]}]}<\/script>\n<!-- \/ Yoast SEO plugin. -->","yoast_head_json":{"title":"Modu\u0142 czujnika g\u0142\u0119boko\u015bci i AHRS TMI-ORION DYNAMICS DSPRH - ESCORT TECHNOLOGY","robots":{"index":"index","follow":"follow","max-snippet":"max-snippet:-1","max-image-preview":"max-image-preview:large","max-video-preview":"max-video-preview:-1"},"canonical":"https:\/\/escort-technology.com\/pl\/modul-czujnika-glebokosci-i-ahrs-tmi-orion-dynamics-dsprh\/","og_locale":"pl_PL","og_type":"article","og_title":"Modu\u0142 czujnika g\u0142\u0119boko\u015bci i AHRS TMI-ORION DYNAMICS DSPRH - ESCORT TECHNOLOGY","og_description":"Modu\u0142 czujnika g\u0142\u0119boko\u015bci i AHRS TMI-ORION DYNAMICS DSPRH Modu\u0142 czujnika g\u0142\u0119boko\u015bci i AHRS: pe\u0142na skala 500 lub 2000 metr\u00f3w, temperatura, ci\u015bnienie i AHRS konfigurowalny do 100 Hz. Broszura Zastosowanie Czujnik g\u0142\u0119boko\u015bci ROV lub AUV, Automatyczna procedura g\u0142\u0119boko\u015bci, Podwodne IMU i AHRS, Rejestrator g\u0142\u0119boko\u015bci i po\u0142o\u017cenia na \u017c\u0105danie. Cechy Dwa czujniki g\u0142\u0119boko\u015bci dost\u0119pne dla 500 i [&hellip;]","og_url":"https:\/\/escort-technology.com\/pl\/modul-czujnika-glebokosci-i-ahrs-tmi-orion-dynamics-dsprh\/","og_site_name":"ESCORT TECHNOLOGY","article_publisher":"https:\/\/www.facebook.com\/elektronika.morska\/","article_modified_time":"2023-05-23T11:37:35+00:00","twitter_card":"summary_large_image","twitter_misc":{"Szacowany czas czytania":"1 minuta"},"schema":{"@context":"https:\/\/schema.org","@graph":[{"@type":"WebPage","@id":"https:\/\/escort-technology.com\/modul-czujnika-glebokosci-i-ahrs-tmi-orion-dynamics-dsprh\/","url":"https:\/\/escort-technology.com\/modul-czujnika-glebokosci-i-ahrs-tmi-orion-dynamics-dsprh\/","name":"Modu\u0142 czujnika g\u0142\u0119boko\u015bci i AHRS TMI-ORION DYNAMICS DSPRH - ESCORT TECHNOLOGY","isPartOf":{"@id":"http:\/\/escort-technology.com\/de\/#website"},"datePublished":"2023-05-23T11:30:35+00:00","dateModified":"2023-05-23T11:37:35+00:00","breadcrumb":{"@id":"https:\/\/escort-technology.com\/modul-czujnika-glebokosci-i-ahrs-tmi-orion-dynamics-dsprh\/#breadcrumb"},"inLanguage":"pl-PL","potentialAction":[{"@type":"ReadAction","target":["https:\/\/escort-technology.com\/modul-czujnika-glebokosci-i-ahrs-tmi-orion-dynamics-dsprh\/"]}]},{"@type":"BreadcrumbList","@id":"https:\/\/escort-technology.com\/modul-czujnika-glebokosci-i-ahrs-tmi-orion-dynamics-dsprh\/#breadcrumb","itemListElement":[{"@type":"ListItem","position":1,"name":"Strona g\u0142\u00f3wna","item":"https:\/\/escort-technology.com\/"},{"@type":"ListItem","position":2,"name":"Modu\u0142 czujnika g\u0142\u0119boko\u015bci i AHRS TMI-ORION DYNAMICS DSPRH"}]},{"@type":"WebSite","@id":"http:\/\/escort-technology.com\/de\/#website","url":"http:\/\/escort-technology.com\/de\/","name":"ESCORT TECHNOLOGY","description":"Elektronika morska i l\u0105dowa","publisher":{"@id":"http:\/\/escort-technology.com\/de\/#organization"},"potentialAction":[{"@type":"SearchAction","target":{"@type":"EntryPoint","urlTemplate":"http:\/\/escort-technology.com\/de\/?s={search_term_string}"},"query-input":{"@type":"PropertyValueSpecification","valueRequired":true,"valueName":"search_term_string"}}],"inLanguage":"pl-PL"},{"@type":"Organization","@id":"http:\/\/escort-technology.com\/de\/#organization","name":"ESCORT TECHNOLOGY","url":"http:\/\/escort-technology.com\/de\/","logo":{"@type":"ImageObject","inLanguage":"pl-PL","@id":"http:\/\/escort-technology.com\/de\/#\/schema\/logo\/image\/","url":"https:\/\/escort-technology.com\/wp-content\/uploads\/logo-1.jpg","contentUrl":"https:\/\/escort-technology.com\/wp-content\/uploads\/logo-1.jpg","width":600,"height":165,"caption":"ESCORT TECHNOLOGY"},"image":{"@id":"http:\/\/escort-technology.com\/de\/#\/schema\/logo\/image\/"},"sameAs":["https:\/\/www.facebook.com\/elektronika.morska\/","https:\/\/www.linkedin.com\/company\/escort-sp-z-o-o-\/"]}]}},"_links":{"self":[{"href":"https:\/\/escort-technology.com\/pl\/wp-json\/wp\/v2\/pages\/12629","targetHints":{"allow":["GET"]}}],"collection":[{"href":"https:\/\/escort-technology.com\/pl\/wp-json\/wp\/v2\/pages"}],"about":[{"href":"https:\/\/escort-technology.com\/pl\/wp-json\/wp\/v2\/types\/page"}],"author":[{"embeddable":true,"href":"https:\/\/escort-technology.com\/pl\/wp-json\/wp\/v2\/users\/10"}],"replies":[{"embeddable":true,"href":"https:\/\/escort-technology.com\/pl\/wp-json\/wp\/v2\/comments?post=12629"}],"version-history":[{"count":14,"href":"https:\/\/escort-technology.com\/pl\/wp-json\/wp\/v2\/pages\/12629\/revisions"}],"predecessor-version":[{"id":12646,"href":"https:\/\/escort-technology.com\/pl\/wp-json\/wp\/v2\/pages\/12629\/revisions\/12646"}],"wp:attachment":[{"href":"https:\/\/escort-technology.com\/pl\/wp-json\/wp\/v2\/media?parent=12629"}],"curies":[{"name":"wp","href":"https:\/\/api.w.org\/{rel}","templated":true}]}}