{"id":12697,"date":"2023-05-29T10:47:04","date_gmt":"2023-05-29T08:47:04","guid":{"rendered":"https:\/\/escort-technology.com\/?page_id=12697"},"modified":"2023-05-29T10:54:23","modified_gmt":"2023-05-29T08:54:23","slug":"kamera-tmi-orion-dynamics-color-ip","status":"publish","type":"page","link":"https:\/\/escort-technology.com\/pl\/kamera-tmi-orion-dynamics-color-ip\/","title":{"rendered":"Kamera TMI-ORION DYNAMICS Color IP"},"content":{"rendered":"<h1>\n<h1 class=\"uk-article-title\">Kamera TMI-ORION DYNAMICS Color IP<\/h1>\n<\/h1>\n<hr>\n<p><img decoding=\"async\" src=\"\/wp-content\/uploads\/2023\/05\/TMI-Orion-Dynamics-Color-IP-Cam.jpg\" alt=\"\"><\/p>\n<div>\n<h3>Podwodna kolorowa kamera IP u\u017cywana z przodu i opcjonalnie z ty\u0142u TMI-Orion S-ROV do inspekcji podwodnej. <\/h3>\n<\/div>\n<p>\n    <a href=\"\/wp-content\/uploads\/2023\/05\/TMI-Orion-DS-Color-IP-camera-EN-ed4.pdf\">Broszura <\/a>\n<\/p>\n<div>\n<p>Kamera ta zosta\u0142a specjalnie zaprojektowana do inspekcji podwodnych i mo\u017ce by\u0107 montowana w wi\u0119kszo\u015bci system\u00f3w ROV.<\/p>\n<\/div>\n<div>\n<p><strong>Zastosowania<\/strong><\/p>\n<ul>\n<li>Og\u00f3lna inspekcja podwodna,<\/li>\n<li>Zastosowania nurkowe,<\/li>\n<li>Systemy ROV,<\/li>\n<\/ul>\n<\/div>\n<div>\n<ul>\n<li>Operacje w m\u0119tnej wodzie,<\/li>\n<li>Inspekcja akwakultury,<\/li>\n<li>Nauki geologiczne.<\/li>\n<\/ul>\n<\/div>\n<div>\n<p><strong>Cechy<\/strong><\/p>\n<ul>\n<li>Wysokiej rozdzielczo\u015bci 1\/3&#8243; progresywny uk\u0142ad CMOS,<\/li>\n<li>Rozdzielczo\u015b\u0107 1080P\/720P,<\/li>\n<li>Minimalne o\u015bwietlenie: 0,001 luksa,<\/li>\n<li>R\u0119czne pozycjonowanie autofokusa,<\/li>\n<li>Kamera IP 100 Mo base-T Ethernet,<\/li>\n<li>Lekka i kompaktowa obudowa,<\/li>\n<li>Wytrzyma\u0142a i niezawodna.<\/li>\n<\/ul>\n<\/div>\n<p><!--more--><br \/>\n<!-- {\"type\":\"layout\",\"children\":[{\"type\":\"section\",\"props\":{\"image_position\":\"center-center\",\"style\":\"default\",\"title_breakpoint\":\"xl\",\"title_position\":\"top-left\",\"title_rotation\":\"left\",\"vertical_align\":\"middle\",\"width\":\"default\"},\"children\":[{\"type\":\"row\",\"children\":[{\"type\":\"column\",\"props\":{\"image_position\":\"center-center\",\"media_overlay_gradient\":\"\",\"position_sticky_breakpoint\":\"m\"},\"children\":[{\"type\":\"headline\",\"props\":{\"content\":\"\n\n<h1 class=\\\"uk-article-title\\\">Kamera TMI-ORION DYNAMICS Color IP<\\\/h1>\",\"title_element\":\"h1\"}},{\"type\":\"divider\",\"props\":{\"divider_element\":\"hr\"}}]}]},{\"type\":\"row\",\"props\":{\"layout\":\"1-2,1-2\"},\"children\":[{\"type\":\"column\",\"props\":{\"image_position\":\"center-center\",\"media_overlay_gradient\":\"\",\"position_sticky_breakpoint\":\"m\",\"width_medium\":\"1-2\"},\"children\":[{\"type\":\"image\",\"props\":{\"image\":\"wp-content\\\/uploads\\\/2023\\\/05\\\/TMI-Orion-Dynamics-Color-IP-Cam.jpg\",\"image_svg_color\":\"emphasis\",\"margin\":\"default\"}}]},{\"type\":\"column\",\"props\":{\"image_position\":\"center-center\",\"media_overlay_gradient\":\"\",\"position_sticky_breakpoint\":\"m\",\"width_medium\":\"1-2\"},\"children\":[{\"type\":\"text\",\"props\":{\"column_breakpoint\":\"m\",\"content\":\"\n\n<h3>Podwodna kolorowa kamera IP u\\u017cywana z przodu i opcjonalnie z ty\\u0142u TMI-Orion S-ROV do inspekcji podwodnej. <\\\/h3>\",\"margin\":\"default\"}},{\"type\":\"button\",\"props\":{\"grid_column_gap\":\"small\",\"grid_row_gap\":\"small\",\"margin\":\"default\",\"text_align\":\"center\"},\"children\":[{\"type\":\"button_item\",\"props\":{\"button_style\":\"default\",\"content\":\"Broszura \",\"icon_align\":\"left\",\"link\":\"wp-content\\\/uploads\\\/2023\\\/05\\\/TMI-Orion-DS-Color-IP-camera-EN-ed4.pdf\"}}]}]}]},{\"type\":\"row\",\"children\":[{\"type\":\"column\",\"props\":{\"image_position\":\"center-center\",\"media_overlay_gradient\":\"\",\"position_sticky_breakpoint\":\"m\"},\"children\":[{\"type\":\"text\",\"props\":{\"column_breakpoint\":\"m\",\"content\":\"\n\n<p>Kamera ta zosta\\u0142a specjalnie zaprojektowana do inspekcji podwodnych i mo\\u017ce by\\u0107 montowana w wi\\u0119kszo\\u015bci system\\u00f3w ROV.<\\\/p>\",\"margin\":\"default\"}}]}]},{\"type\":\"row\",\"props\":{\"layout\":\"1-2,1-2\"},\"children\":[{\"type\":\"column\",\"props\":{\"image_position\":\"center-center\",\"media_overlay_gradient\":\"\",\"position_sticky_breakpoint\":\"m\",\"width_medium\":\"1-2\"},\"children\":[{\"type\":\"text\",\"props\":{\"column_breakpoint\":\"m\",\"content\":\"\n\n<p><strong>Zastosowania<\\\/strong><\\\/p>\\n\n\n<ul>\\n\n\n<li>Og\\u00f3lna inspekcja podwodna,<\\\/li>\\n\n\n<li>Zastosowania nurkowe,<\\\/li>\\n\n\n<li>Systemy ROV,<\\\/li>\\n<\\\/ul>\",\"margin\":\"default\"}}]},{\"type\":\"column\",\"props\":{\"image_position\":\"center-center\",\"media_overlay_gradient\":\"\",\"position_sticky_breakpoint\":\"m\",\"width_medium\":\"1-2\"},\"children\":[{\"type\":\"text\",\"props\":{\"column_breakpoint\":\"m\",\"content\":\"\n\n<p><\\\/p>\\n\n\n<ul>\\n\n\n<li>Operacje w m\\u0119tnej wodzie,<\\\/li>\\n\n\n<li>Inspekcja akwakultury,<\\\/li>\\n\n\n<li>Nauki geologiczne.<\\\/li>\\n<\\\/ul>\",\"margin\":\"default\"}}]}]},{\"type\":\"row\",\"children\":[{\"type\":\"column\",\"props\":{\"image_position\":\"center-center\",\"media_overlay_gradient\":\"\",\"position_sticky_breakpoint\":\"m\"},\"children\":[{\"type\":\"text\",\"props\":{\"column_breakpoint\":\"m\",\"content\":\"\n\n<p><strong>Cechy<\\\/strong><\\\/p>\\n\n\n<ul>\\n\n\n<li>Wysokiej rozdzielczo\\u015bci 1\\\/3\\\" progresywny uk\\u0142ad CMOS,<\\\/li>\\n\n\n<li>Rozdzielczo\\u015b\\u0107 1080P\\\/720P,<\\\/li>\\n\n\n<li>Minimalne o\\u015bwietlenie: 0,001 luksa,<\\\/li>\\n\n\n<li>R\\u0119czne pozycjonowanie autofokusa,<\\\/li>\\n\n\n<li>Kamera IP 100 Mo base-T Ethernet,<\\\/li>\\n\n\n<li>Lekka i kompaktowa obudowa,<\\\/li>\\n\n\n<li>Wytrzyma\\u0142a i niezawodna.<\\\/li>\\n<\\\/ul>\",\"margin\":\"default\"}}]}]}]}],\"version\":\"3.0.31\"} --><\/p>\n","protected":false},"excerpt":{"rendered":"<p>Kamera TMI-ORION DYNAMICS Color IP Podwodna kolorowa kamera IP u\u017cywana z przodu i opcjonalnie z ty\u0142u TMI-Orion S-ROV do inspekcji podwodnej. Broszura Kamera ta zosta\u0142a specjalnie zaprojektowana do inspekcji podwodnych i mo\u017ce by\u0107 montowana w wi\u0119kszo\u015bci system\u00f3w ROV. Zastosowania Og\u00f3lna inspekcja podwodna, Zastosowania nurkowe, Systemy ROV, Operacje w m\u0119tnej wodzie, Inspekcja akwakultury, Nauki geologiczne. Cechy [&hellip;]<\/p>\n","protected":false},"author":10,"featured_media":0,"parent":0,"menu_order":0,"comment_status":"closed","ping_status":"closed","template":"","meta":{"footnotes":""},"class_list":["post-12697","page","type-page","status-publish","hentry"],"yoast_head":"<!-- This site is optimized with the Yoast SEO plugin v27.5 - https:\/\/yoast.com\/product\/yoast-seo-wordpress\/ -->\n<title>Kamera TMI-ORION DYNAMICS Color IP - ESCORT TECHNOLOGY<\/title>\n<meta name=\"robots\" content=\"index, follow, max-snippet:-1, max-image-preview:large, max-video-preview:-1\" \/>\n<link rel=\"canonical\" href=\"https:\/\/escort-technology.com\/pl\/kamera-tmi-orion-dynamics-color-ip\/\" \/>\n<meta property=\"og:locale\" content=\"pl_PL\" \/>\n<meta property=\"og:type\" content=\"article\" \/>\n<meta property=\"og:title\" content=\"Kamera TMI-ORION DYNAMICS Color IP - ESCORT TECHNOLOGY\" \/>\n<meta property=\"og:description\" content=\"Kamera TMI-ORION DYNAMICS Color IP Podwodna kolorowa kamera IP u\u017cywana z przodu i opcjonalnie z ty\u0142u TMI-Orion S-ROV do inspekcji podwodnej. Broszura Kamera ta zosta\u0142a specjalnie zaprojektowana do inspekcji podwodnych i mo\u017ce by\u0107 montowana w wi\u0119kszo\u015bci system\u00f3w ROV. Zastosowania Og\u00f3lna inspekcja podwodna, Zastosowania nurkowe, Systemy ROV, Operacje w m\u0119tnej wodzie, Inspekcja akwakultury, Nauki geologiczne. Cechy [&hellip;]\" \/>\n<meta property=\"og:url\" content=\"https:\/\/escort-technology.com\/pl\/kamera-tmi-orion-dynamics-color-ip\/\" \/>\n<meta property=\"og:site_name\" content=\"ESCORT TECHNOLOGY\" \/>\n<meta property=\"article:publisher\" content=\"https:\/\/www.facebook.com\/elektronika.morska\/\" \/>\n<meta property=\"article:modified_time\" content=\"2023-05-29T08:54:23+00:00\" \/>\n<meta name=\"twitter:card\" content=\"summary_large_image\" \/>\n<script type=\"application\/ld+json\" class=\"yoast-schema-graph\">{\"@context\":\"https:\\\/\\\/schema.org\",\"@graph\":[{\"@type\":\"WebPage\",\"@id\":\"https:\\\/\\\/escort-technology.com\\\/kamera-tmi-orion-dynamics-color-ip\\\/\",\"url\":\"https:\\\/\\\/escort-technology.com\\\/kamera-tmi-orion-dynamics-color-ip\\\/\",\"name\":\"Kamera TMI-ORION DYNAMICS Color IP - ESCORT TECHNOLOGY\",\"isPartOf\":{\"@id\":\"http:\\\/\\\/escort-technology.com\\\/de\\\/#website\"},\"datePublished\":\"2023-05-29T08:47:04+00:00\",\"dateModified\":\"2023-05-29T08:54:23+00:00\",\"breadcrumb\":{\"@id\":\"https:\\\/\\\/escort-technology.com\\\/kamera-tmi-orion-dynamics-color-ip\\\/#breadcrumb\"},\"inLanguage\":\"pl-PL\",\"potentialAction\":[{\"@type\":\"ReadAction\",\"target\":[\"https:\\\/\\\/escort-technology.com\\\/kamera-tmi-orion-dynamics-color-ip\\\/\"]}]},{\"@type\":\"BreadcrumbList\",\"@id\":\"https:\\\/\\\/escort-technology.com\\\/kamera-tmi-orion-dynamics-color-ip\\\/#breadcrumb\",\"itemListElement\":[{\"@type\":\"ListItem\",\"position\":1,\"name\":\"Strona g\u0142\u00f3wna\",\"item\":\"https:\\\/\\\/escort-technology.com\\\/\"},{\"@type\":\"ListItem\",\"position\":2,\"name\":\"Kamera TMI-ORION DYNAMICS Color IP\"}]},{\"@type\":\"WebSite\",\"@id\":\"http:\\\/\\\/escort-technology.com\\\/de\\\/#website\",\"url\":\"http:\\\/\\\/escort-technology.com\\\/de\\\/\",\"name\":\"ESCORT TECHNOLOGY\",\"description\":\"Elektronika morska i l\u0105dowa\",\"publisher\":{\"@id\":\"http:\\\/\\\/escort-technology.com\\\/de\\\/#organization\"},\"potentialAction\":[{\"@type\":\"SearchAction\",\"target\":{\"@type\":\"EntryPoint\",\"urlTemplate\":\"http:\\\/\\\/escort-technology.com\\\/de\\\/?s={search_term_string}\"},\"query-input\":{\"@type\":\"PropertyValueSpecification\",\"valueRequired\":true,\"valueName\":\"search_term_string\"}}],\"inLanguage\":\"pl-PL\"},{\"@type\":\"Organization\",\"@id\":\"http:\\\/\\\/escort-technology.com\\\/de\\\/#organization\",\"name\":\"ESCORT TECHNOLOGY\",\"url\":\"http:\\\/\\\/escort-technology.com\\\/de\\\/\",\"logo\":{\"@type\":\"ImageObject\",\"inLanguage\":\"pl-PL\",\"@id\":\"http:\\\/\\\/escort-technology.com\\\/de\\\/#\\\/schema\\\/logo\\\/image\\\/\",\"url\":\"https:\\\/\\\/escort-technology.com\\\/wp-content\\\/uploads\\\/logo-1.jpg\",\"contentUrl\":\"https:\\\/\\\/escort-technology.com\\\/wp-content\\\/uploads\\\/logo-1.jpg\",\"width\":600,\"height\":165,\"caption\":\"ESCORT TECHNOLOGY\"},\"image\":{\"@id\":\"http:\\\/\\\/escort-technology.com\\\/de\\\/#\\\/schema\\\/logo\\\/image\\\/\"},\"sameAs\":[\"https:\\\/\\\/www.facebook.com\\\/elektronika.morska\\\/\",\"https:\\\/\\\/www.linkedin.com\\\/company\\\/escort-sp-z-o-o-\\\/\"]}]}<\/script>\n<!-- \/ Yoast SEO plugin. -->","yoast_head_json":{"title":"Kamera TMI-ORION DYNAMICS Color IP - ESCORT TECHNOLOGY","robots":{"index":"index","follow":"follow","max-snippet":"max-snippet:-1","max-image-preview":"max-image-preview:large","max-video-preview":"max-video-preview:-1"},"canonical":"https:\/\/escort-technology.com\/pl\/kamera-tmi-orion-dynamics-color-ip\/","og_locale":"pl_PL","og_type":"article","og_title":"Kamera TMI-ORION DYNAMICS Color IP - ESCORT TECHNOLOGY","og_description":"Kamera TMI-ORION DYNAMICS Color IP Podwodna kolorowa kamera IP u\u017cywana z przodu i opcjonalnie z ty\u0142u TMI-Orion S-ROV do inspekcji podwodnej. Broszura Kamera ta zosta\u0142a specjalnie zaprojektowana do inspekcji podwodnych i mo\u017ce by\u0107 montowana w wi\u0119kszo\u015bci system\u00f3w ROV. Zastosowania Og\u00f3lna inspekcja podwodna, Zastosowania nurkowe, Systemy ROV, Operacje w m\u0119tnej wodzie, Inspekcja akwakultury, Nauki geologiczne. Cechy [&hellip;]","og_url":"https:\/\/escort-technology.com\/pl\/kamera-tmi-orion-dynamics-color-ip\/","og_site_name":"ESCORT TECHNOLOGY","article_publisher":"https:\/\/www.facebook.com\/elektronika.morska\/","article_modified_time":"2023-05-29T08:54:23+00:00","twitter_card":"summary_large_image","schema":{"@context":"https:\/\/schema.org","@graph":[{"@type":"WebPage","@id":"https:\/\/escort-technology.com\/kamera-tmi-orion-dynamics-color-ip\/","url":"https:\/\/escort-technology.com\/kamera-tmi-orion-dynamics-color-ip\/","name":"Kamera TMI-ORION DYNAMICS Color IP - ESCORT TECHNOLOGY","isPartOf":{"@id":"http:\/\/escort-technology.com\/de\/#website"},"datePublished":"2023-05-29T08:47:04+00:00","dateModified":"2023-05-29T08:54:23+00:00","breadcrumb":{"@id":"https:\/\/escort-technology.com\/kamera-tmi-orion-dynamics-color-ip\/#breadcrumb"},"inLanguage":"pl-PL","potentialAction":[{"@type":"ReadAction","target":["https:\/\/escort-technology.com\/kamera-tmi-orion-dynamics-color-ip\/"]}]},{"@type":"BreadcrumbList","@id":"https:\/\/escort-technology.com\/kamera-tmi-orion-dynamics-color-ip\/#breadcrumb","itemListElement":[{"@type":"ListItem","position":1,"name":"Strona g\u0142\u00f3wna","item":"https:\/\/escort-technology.com\/"},{"@type":"ListItem","position":2,"name":"Kamera TMI-ORION DYNAMICS Color IP"}]},{"@type":"WebSite","@id":"http:\/\/escort-technology.com\/de\/#website","url":"http:\/\/escort-technology.com\/de\/","name":"ESCORT TECHNOLOGY","description":"Elektronika morska i l\u0105dowa","publisher":{"@id":"http:\/\/escort-technology.com\/de\/#organization"},"potentialAction":[{"@type":"SearchAction","target":{"@type":"EntryPoint","urlTemplate":"http:\/\/escort-technology.com\/de\/?s={search_term_string}"},"query-input":{"@type":"PropertyValueSpecification","valueRequired":true,"valueName":"search_term_string"}}],"inLanguage":"pl-PL"},{"@type":"Organization","@id":"http:\/\/escort-technology.com\/de\/#organization","name":"ESCORT TECHNOLOGY","url":"http:\/\/escort-technology.com\/de\/","logo":{"@type":"ImageObject","inLanguage":"pl-PL","@id":"http:\/\/escort-technology.com\/de\/#\/schema\/logo\/image\/","url":"https:\/\/escort-technology.com\/wp-content\/uploads\/logo-1.jpg","contentUrl":"https:\/\/escort-technology.com\/wp-content\/uploads\/logo-1.jpg","width":600,"height":165,"caption":"ESCORT TECHNOLOGY"},"image":{"@id":"http:\/\/escort-technology.com\/de\/#\/schema\/logo\/image\/"},"sameAs":["https:\/\/www.facebook.com\/elektronika.morska\/","https:\/\/www.linkedin.com\/company\/escort-sp-z-o-o-\/"]}]}},"_links":{"self":[{"href":"https:\/\/escort-technology.com\/pl\/wp-json\/wp\/v2\/pages\/12697","targetHints":{"allow":["GET"]}}],"collection":[{"href":"https:\/\/escort-technology.com\/pl\/wp-json\/wp\/v2\/pages"}],"about":[{"href":"https:\/\/escort-technology.com\/pl\/wp-json\/wp\/v2\/types\/page"}],"author":[{"embeddable":true,"href":"https:\/\/escort-technology.com\/pl\/wp-json\/wp\/v2\/users\/10"}],"replies":[{"embeddable":true,"href":"https:\/\/escort-technology.com\/pl\/wp-json\/wp\/v2\/comments?post=12697"}],"version-history":[{"count":14,"href":"https:\/\/escort-technology.com\/pl\/wp-json\/wp\/v2\/pages\/12697\/revisions"}],"predecessor-version":[{"id":12716,"href":"https:\/\/escort-technology.com\/pl\/wp-json\/wp\/v2\/pages\/12697\/revisions\/12716"}],"wp:attachment":[{"href":"https:\/\/escort-technology.com\/pl\/wp-json\/wp\/v2\/media?parent=12697"}],"curies":[{"name":"wp","href":"https:\/\/api.w.org\/{rel}","templated":true}]}}