{"id":12717,"date":"2023-05-29T10:55:37","date_gmt":"2023-05-29T08:55:37","guid":{"rendered":"https:\/\/escort-technology.com\/?page_id=12717"},"modified":"2023-05-29T11:00:19","modified_gmt":"2023-05-29T09:00:19","slug":"kamera-tmi-orion-dynamics-hoytek-cm-ip-300","status":"publish","type":"page","link":"https:\/\/escort-technology.com\/pl\/kamera-tmi-orion-dynamics-hoytek-cm-ip-300\/","title":{"rendered":"Kamera TMI-ORION DYNAMICS Hoytek CM-IP-300"},"content":{"rendered":"<h1>\n<h1 class=\"uk-article-title\">Kamera TMI-ORION DYNAMICS Hoytek CM-IP-300<\/h1>\n<\/h1>\n<hr>\n<p><img decoding=\"async\" src=\"\/wp-content\/uploads\/2023\/05\/Hoytek-Camera-EN.jpg\" alt=\"\"><\/p>\n<div>\n<p><strong>Cechy<\/strong><\/p>\n<ul>\n<li>Sprawdzony w terenie<\/li>\n<li>Specjalny czujnik podwodny<\/li>\n<li>Wysoka jako\u015b\u0107 wideo<\/li>\n<li>Konstrukcja klasy przemys\u0142owej<\/li>\n<li>Standardowe z\u0142\u0105cze MCBH6SS<\/li>\n<\/ul>\n<\/div>\n<div>\n<h3>Kamera IP o zasi\u0119gu 300 m (opcjonalnie 3000 m) ze specjalnym czujnikiem podwodnym zapewniaj\u0105cym krystalicznie czysty obraz.<\/h3>\n<\/div>\n<p>\n    <a href=\"\/wp-content\/uploads\/2023\/05\/HOYTEK_Camera.pdf\">Broszura<\/a>\n<\/p>\n<p><!--more--><br \/>\n<!-- {\"type\":\"layout\",\"children\":[{\"type\":\"section\",\"props\":{\"image_position\":\"center-center\",\"style\":\"default\",\"title_breakpoint\":\"xl\",\"title_position\":\"top-left\",\"title_rotation\":\"left\",\"vertical_align\":\"middle\",\"width\":\"default\"},\"children\":[{\"type\":\"row\",\"children\":[{\"type\":\"column\",\"props\":{\"image_position\":\"center-center\",\"media_overlay_gradient\":\"\",\"position_sticky_breakpoint\":\"m\"},\"children\":[{\"type\":\"headline\",\"props\":{\"content\":\"\n\n<h1 class=\\\"uk-article-title\\\">Kamera TMI-ORION DYNAMICS Hoytek CM-IP-300<\\\/h1>\",\"title_element\":\"h1\"}},{\"type\":\"divider\",\"props\":{\"divider_element\":\"hr\"}}]}]},{\"type\":\"row\",\"props\":{\"layout\":\"1-2,1-2\"},\"children\":[{\"type\":\"column\",\"props\":{\"image_position\":\"center-center\",\"media_overlay_gradient\":\"\",\"position_sticky_breakpoint\":\"m\",\"width_medium\":\"1-2\"},\"children\":[{\"type\":\"image\",\"props\":{\"image\":\"wp-content\\\/uploads\\\/2023\\\/05\\\/Hoytek-Camera-EN.jpg\",\"image_svg_color\":\"emphasis\",\"margin\":\"default\"}},{\"type\":\"text\",\"props\":{\"column_breakpoint\":\"m\",\"content\":\"\n\n<p><strong>Cechy<\\\/strong><\\\/p>\\n\n\n<ul>\\n\n\n<li>Sprawdzony w terenie<\\\/li>\\n\n\n<li>Specjalny czujnik podwodny<\\\/li>\\n\n\n<li>Wysoka jako\\u015b\\u0107 wideo<\\\/li>\\n\n\n<li>Konstrukcja klasy przemys\\u0142owej<\\\/li>\\n\n\n<li>Standardowe z\\u0142\\u0105cze MCBH6SS<\\\/li>\\n<\\\/ul>\",\"margin\":\"default\"}}]},{\"type\":\"column\",\"props\":{\"image_position\":\"center-center\",\"media_overlay_gradient\":\"\",\"position_sticky_breakpoint\":\"m\",\"width_medium\":\"1-2\"},\"children\":[{\"type\":\"text\",\"props\":{\"column_breakpoint\":\"m\",\"content\":\"\n\n<h3>Kamera IP o zasi\\u0119gu 300 m (opcjonalnie 3000 m) ze specjalnym czujnikiem podwodnym zapewniaj\\u0105cym krystalicznie czysty obraz.<\\\/h3>\",\"margin\":\"default\"}},{\"type\":\"button\",\"props\":{\"grid_column_gap\":\"small\",\"grid_row_gap\":\"small\",\"margin\":\"default\",\"text_align\":\"center\"},\"children\":[{\"type\":\"button_item\",\"props\":{\"button_style\":\"default\",\"content\":\"Broszura\",\"icon_align\":\"left\",\"link\":\"wp-content\\\/uploads\\\/2023\\\/05\\\/HOYTEK_Camera.pdf\"}}]}]}]}]}],\"version\":\"3.0.31\"} --><\/p>\n","protected":false},"excerpt":{"rendered":"<p>Kamera TMI-ORION DYNAMICS Hoytek CM-IP-300 Cechy Sprawdzony w terenie Specjalny czujnik podwodny Wysoka jako\u015b\u0107 wideo Konstrukcja klasy przemys\u0142owej Standardowe z\u0142\u0105cze MCBH6SS Kamera IP o zasi\u0119gu 300 m (opcjonalnie 3000 m) ze specjalnym czujnikiem podwodnym zapewniaj\u0105cym krystalicznie czysty obraz. Broszura<\/p>\n","protected":false},"author":10,"featured_media":0,"parent":0,"menu_order":0,"comment_status":"closed","ping_status":"closed","template":"","meta":{"footnotes":""},"class_list":["post-12717","page","type-page","status-publish","hentry"],"yoast_head":"<!-- This site is optimized with the Yoast SEO plugin v27.5 - https:\/\/yoast.com\/product\/yoast-seo-wordpress\/ -->\n<title>Kamera TMI-ORION DYNAMICS Hoytek CM-IP-300 - ESCORT TECHNOLOGY<\/title>\n<meta name=\"robots\" content=\"index, follow, max-snippet:-1, max-image-preview:large, max-video-preview:-1\" \/>\n<link rel=\"canonical\" href=\"https:\/\/escort-technology.com\/pl\/kamera-tmi-orion-dynamics-hoytek-cm-ip-300\/\" \/>\n<meta property=\"og:locale\" content=\"pl_PL\" \/>\n<meta property=\"og:type\" content=\"article\" \/>\n<meta property=\"og:title\" content=\"Kamera TMI-ORION DYNAMICS Hoytek CM-IP-300 - ESCORT TECHNOLOGY\" \/>\n<meta property=\"og:description\" content=\"Kamera TMI-ORION DYNAMICS Hoytek CM-IP-300 Cechy Sprawdzony w terenie Specjalny czujnik podwodny Wysoka jako\u015b\u0107 wideo Konstrukcja klasy przemys\u0142owej Standardowe z\u0142\u0105cze MCBH6SS Kamera IP o zasi\u0119gu 300 m (opcjonalnie 3000 m) ze specjalnym czujnikiem podwodnym zapewniaj\u0105cym krystalicznie czysty obraz. Broszura\" \/>\n<meta property=\"og:url\" content=\"https:\/\/escort-technology.com\/pl\/kamera-tmi-orion-dynamics-hoytek-cm-ip-300\/\" \/>\n<meta property=\"og:site_name\" content=\"ESCORT TECHNOLOGY\" \/>\n<meta property=\"article:publisher\" content=\"https:\/\/www.facebook.com\/elektronika.morska\/\" \/>\n<meta property=\"article:modified_time\" content=\"2023-05-29T09:00:19+00:00\" \/>\n<meta name=\"twitter:card\" content=\"summary_large_image\" \/>\n<script type=\"application\/ld+json\" class=\"yoast-schema-graph\">{\"@context\":\"https:\\\/\\\/schema.org\",\"@graph\":[{\"@type\":\"WebPage\",\"@id\":\"https:\\\/\\\/escort-technology.com\\\/kamera-tmi-orion-dynamics-hoytek-cm-ip-300\\\/\",\"url\":\"https:\\\/\\\/escort-technology.com\\\/kamera-tmi-orion-dynamics-hoytek-cm-ip-300\\\/\",\"name\":\"Kamera TMI-ORION DYNAMICS Hoytek CM-IP-300 - ESCORT TECHNOLOGY\",\"isPartOf\":{\"@id\":\"http:\\\/\\\/escort-technology.com\\\/de\\\/#website\"},\"datePublished\":\"2023-05-29T08:55:37+00:00\",\"dateModified\":\"2023-05-29T09:00:19+00:00\",\"breadcrumb\":{\"@id\":\"https:\\\/\\\/escort-technology.com\\\/kamera-tmi-orion-dynamics-hoytek-cm-ip-300\\\/#breadcrumb\"},\"inLanguage\":\"pl-PL\",\"potentialAction\":[{\"@type\":\"ReadAction\",\"target\":[\"https:\\\/\\\/escort-technology.com\\\/kamera-tmi-orion-dynamics-hoytek-cm-ip-300\\\/\"]}]},{\"@type\":\"BreadcrumbList\",\"@id\":\"https:\\\/\\\/escort-technology.com\\\/kamera-tmi-orion-dynamics-hoytek-cm-ip-300\\\/#breadcrumb\",\"itemListElement\":[{\"@type\":\"ListItem\",\"position\":1,\"name\":\"Strona g\u0142\u00f3wna\",\"item\":\"https:\\\/\\\/escort-technology.com\\\/\"},{\"@type\":\"ListItem\",\"position\":2,\"name\":\"Kamera TMI-ORION DYNAMICS Hoytek CM-IP-300\"}]},{\"@type\":\"WebSite\",\"@id\":\"http:\\\/\\\/escort-technology.com\\\/de\\\/#website\",\"url\":\"http:\\\/\\\/escort-technology.com\\\/de\\\/\",\"name\":\"ESCORT TECHNOLOGY\",\"description\":\"Elektronika morska i l\u0105dowa\",\"publisher\":{\"@id\":\"http:\\\/\\\/escort-technology.com\\\/de\\\/#organization\"},\"potentialAction\":[{\"@type\":\"SearchAction\",\"target\":{\"@type\":\"EntryPoint\",\"urlTemplate\":\"http:\\\/\\\/escort-technology.com\\\/de\\\/?s={search_term_string}\"},\"query-input\":{\"@type\":\"PropertyValueSpecification\",\"valueRequired\":true,\"valueName\":\"search_term_string\"}}],\"inLanguage\":\"pl-PL\"},{\"@type\":\"Organization\",\"@id\":\"http:\\\/\\\/escort-technology.com\\\/de\\\/#organization\",\"name\":\"ESCORT TECHNOLOGY\",\"url\":\"http:\\\/\\\/escort-technology.com\\\/de\\\/\",\"logo\":{\"@type\":\"ImageObject\",\"inLanguage\":\"pl-PL\",\"@id\":\"http:\\\/\\\/escort-technology.com\\\/de\\\/#\\\/schema\\\/logo\\\/image\\\/\",\"url\":\"https:\\\/\\\/escort-technology.com\\\/wp-content\\\/uploads\\\/logo-1.jpg\",\"contentUrl\":\"https:\\\/\\\/escort-technology.com\\\/wp-content\\\/uploads\\\/logo-1.jpg\",\"width\":600,\"height\":165,\"caption\":\"ESCORT TECHNOLOGY\"},\"image\":{\"@id\":\"http:\\\/\\\/escort-technology.com\\\/de\\\/#\\\/schema\\\/logo\\\/image\\\/\"},\"sameAs\":[\"https:\\\/\\\/www.facebook.com\\\/elektronika.morska\\\/\",\"https:\\\/\\\/www.linkedin.com\\\/company\\\/escort-sp-z-o-o-\\\/\"]}]}<\/script>\n<!-- \/ Yoast SEO plugin. -->","yoast_head_json":{"title":"Kamera TMI-ORION DYNAMICS Hoytek CM-IP-300 - ESCORT TECHNOLOGY","robots":{"index":"index","follow":"follow","max-snippet":"max-snippet:-1","max-image-preview":"max-image-preview:large","max-video-preview":"max-video-preview:-1"},"canonical":"https:\/\/escort-technology.com\/pl\/kamera-tmi-orion-dynamics-hoytek-cm-ip-300\/","og_locale":"pl_PL","og_type":"article","og_title":"Kamera TMI-ORION DYNAMICS Hoytek CM-IP-300 - ESCORT TECHNOLOGY","og_description":"Kamera TMI-ORION DYNAMICS Hoytek CM-IP-300 Cechy Sprawdzony w terenie Specjalny czujnik podwodny Wysoka jako\u015b\u0107 wideo Konstrukcja klasy przemys\u0142owej Standardowe z\u0142\u0105cze MCBH6SS Kamera IP o zasi\u0119gu 300 m (opcjonalnie 3000 m) ze specjalnym czujnikiem podwodnym zapewniaj\u0105cym krystalicznie czysty obraz. Broszura","og_url":"https:\/\/escort-technology.com\/pl\/kamera-tmi-orion-dynamics-hoytek-cm-ip-300\/","og_site_name":"ESCORT TECHNOLOGY","article_publisher":"https:\/\/www.facebook.com\/elektronika.morska\/","article_modified_time":"2023-05-29T09:00:19+00:00","twitter_card":"summary_large_image","schema":{"@context":"https:\/\/schema.org","@graph":[{"@type":"WebPage","@id":"https:\/\/escort-technology.com\/kamera-tmi-orion-dynamics-hoytek-cm-ip-300\/","url":"https:\/\/escort-technology.com\/kamera-tmi-orion-dynamics-hoytek-cm-ip-300\/","name":"Kamera TMI-ORION DYNAMICS Hoytek CM-IP-300 - ESCORT TECHNOLOGY","isPartOf":{"@id":"http:\/\/escort-technology.com\/de\/#website"},"datePublished":"2023-05-29T08:55:37+00:00","dateModified":"2023-05-29T09:00:19+00:00","breadcrumb":{"@id":"https:\/\/escort-technology.com\/kamera-tmi-orion-dynamics-hoytek-cm-ip-300\/#breadcrumb"},"inLanguage":"pl-PL","potentialAction":[{"@type":"ReadAction","target":["https:\/\/escort-technology.com\/kamera-tmi-orion-dynamics-hoytek-cm-ip-300\/"]}]},{"@type":"BreadcrumbList","@id":"https:\/\/escort-technology.com\/kamera-tmi-orion-dynamics-hoytek-cm-ip-300\/#breadcrumb","itemListElement":[{"@type":"ListItem","position":1,"name":"Strona g\u0142\u00f3wna","item":"https:\/\/escort-technology.com\/"},{"@type":"ListItem","position":2,"name":"Kamera TMI-ORION DYNAMICS Hoytek CM-IP-300"}]},{"@type":"WebSite","@id":"http:\/\/escort-technology.com\/de\/#website","url":"http:\/\/escort-technology.com\/de\/","name":"ESCORT TECHNOLOGY","description":"Elektronika morska i l\u0105dowa","publisher":{"@id":"http:\/\/escort-technology.com\/de\/#organization"},"potentialAction":[{"@type":"SearchAction","target":{"@type":"EntryPoint","urlTemplate":"http:\/\/escort-technology.com\/de\/?s={search_term_string}"},"query-input":{"@type":"PropertyValueSpecification","valueRequired":true,"valueName":"search_term_string"}}],"inLanguage":"pl-PL"},{"@type":"Organization","@id":"http:\/\/escort-technology.com\/de\/#organization","name":"ESCORT TECHNOLOGY","url":"http:\/\/escort-technology.com\/de\/","logo":{"@type":"ImageObject","inLanguage":"pl-PL","@id":"http:\/\/escort-technology.com\/de\/#\/schema\/logo\/image\/","url":"https:\/\/escort-technology.com\/wp-content\/uploads\/logo-1.jpg","contentUrl":"https:\/\/escort-technology.com\/wp-content\/uploads\/logo-1.jpg","width":600,"height":165,"caption":"ESCORT TECHNOLOGY"},"image":{"@id":"http:\/\/escort-technology.com\/de\/#\/schema\/logo\/image\/"},"sameAs":["https:\/\/www.facebook.com\/elektronika.morska\/","https:\/\/www.linkedin.com\/company\/escort-sp-z-o-o-\/"]}]}},"_links":{"self":[{"href":"https:\/\/escort-technology.com\/pl\/wp-json\/wp\/v2\/pages\/12717","targetHints":{"allow":["GET"]}}],"collection":[{"href":"https:\/\/escort-technology.com\/pl\/wp-json\/wp\/v2\/pages"}],"about":[{"href":"https:\/\/escort-technology.com\/pl\/wp-json\/wp\/v2\/types\/page"}],"author":[{"embeddable":true,"href":"https:\/\/escort-technology.com\/pl\/wp-json\/wp\/v2\/users\/10"}],"replies":[{"embeddable":true,"href":"https:\/\/escort-technology.com\/pl\/wp-json\/wp\/v2\/comments?post=12717"}],"version-history":[{"count":13,"href":"https:\/\/escort-technology.com\/pl\/wp-json\/wp\/v2\/pages\/12717\/revisions"}],"predecessor-version":[{"id":12733,"href":"https:\/\/escort-technology.com\/pl\/wp-json\/wp\/v2\/pages\/12717\/revisions\/12733"}],"wp:attachment":[{"href":"https:\/\/escort-technology.com\/pl\/wp-json\/wp\/v2\/media?parent=12717"}],"curies":[{"name":"wp","href":"https:\/\/api.w.org\/{rel}","templated":true}]}}