{"id":12771,"date":"2023-05-29T13:14:01","date_gmt":"2023-05-29T11:14:01","guid":{"rendered":"https:\/\/escort-technology.com\/?page_id=12771"},"modified":"2023-05-29T13:59:49","modified_gmt":"2023-05-29T11:59:49","slug":"elektryczny-silownik-liniowy-tmi-orion-dynamics","status":"publish","type":"page","link":"https:\/\/escort-technology.com\/pl\/elektryczny-silownik-liniowy-tmi-orion-dynamics\/","title":{"rendered":"Elektryczny si\u0142ownik liniowy TMI-ORION DYNAMICS"},"content":{"rendered":"<h1>\n<h1 class=\"uk-article-title\">Elektryczny si\u0142ownik liniowy TMI-ORION DYNAMICS<\/h1>\n<\/h1>\n<hr>\n<p><img decoding=\"async\" src=\"\/wp-content\/uploads\/2023\/05\/TMI-Orion-Dynamics-ELA-C.jpg\" alt=\"\"><\/p>\n<div>\n<p>Elektryczny si\u0142ownik liniowy (ELA) to wysokowydajny, kompaktowy i niezawodny modu\u0142 przeznaczony do pracy pod wod\u0105 na g\u0142\u0119boko\u015bci do 500 metr\u00f3w.<br \/>Intuicyjne programowalne sterowanie po\u0142o\u017ceniem, wbudowane sterowniki, system modu\u0142owy.<\/p>\n<\/div>\n<div>\n<h3>Elektryczny si\u0142ownik liniowy (ELA) to wysokowydajny, kompaktowy modu\u0142 do prac podwodnych na g\u0142\u0119boko\u015bci do 500 metr\u00f3w.<\/h3>\n<\/div>\n<p>\n    <a href=\"\/wp-content\/uploads\/2023\/05\/TMI-Orion-DS-ELA_EN.pdf\">Broszura<\/a>\n<\/p>\n<div>\n<p><strong>Zastosowania<\/strong><\/p>\n<ul>\n<li>Podwodny system ruchu (kamera, obr\u00f3t i pochylenie projektora, sonar, ster strumieniowy&#8230;)<\/li>\n<li>System korekcji balastu<\/li>\n<li>System pobierania pr\u00f3bek<\/li>\n<li>System blokowania ROV<\/li>\n<li>Oprzyrz\u0105dowanie podwodne \/ wyposa\u017cenie ROV<\/li>\n<li>Dla spo\u0142eczno\u015bci naukowej &#8211; \u015arodowisko &#8211;<\/li>\n<li>Energia &#8211; Akwakultura&#8230;<\/li>\n<\/ul>\n<p><strong>Cechy<\/strong><\/p>\n<ul>\n<li>Idealny do zastosowa\u0144 z du\u017cymi si\u0142ami nacisku, gdzie wymagana jest precyzja i kontrola ruchu.<\/li>\n<li>Sprz\u0119\u017cenie zwrotne po\u0142o\u017cenia<br \/>1 z\u0142\u0105cze do rozbudowy (dodatkowe si\u0142owniki, kamera, projektor&#8230;).<\/li>\n<li>Z wbudowanym sterownikiem elektronicznym (nie wymaga zewn\u0119trznego POD)&#8230;.<\/li>\n<\/ul>\n<\/div>\n<p><!--more--><br \/>\n<!-- {\"type\":\"layout\",\"children\":[{\"type\":\"section\",\"props\":{\"image_position\":\"center-center\",\"style\":\"default\",\"title_breakpoint\":\"xl\",\"title_position\":\"top-left\",\"title_rotation\":\"left\",\"vertical_align\":\"middle\",\"width\":\"default\"},\"children\":[{\"type\":\"row\",\"children\":[{\"type\":\"column\",\"props\":{\"image_position\":\"center-center\",\"media_overlay_gradient\":\"\",\"position_sticky_breakpoint\":\"m\"},\"children\":[{\"type\":\"headline\",\"props\":{\"content\":\"\n\n<h1 class=\\\"uk-article-title\\\">Elektryczny si\\u0142ownik liniowy TMI-ORION DYNAMICS<\\\/h1>\",\"title_element\":\"h1\"}},{\"type\":\"divider\",\"props\":{\"divider_element\":\"hr\"}}]}]},{\"type\":\"row\",\"props\":{\"layout\":\"1-2,1-2\"},\"children\":[{\"type\":\"column\",\"props\":{\"image_position\":\"center-center\",\"media_overlay_gradient\":\"\",\"position_sticky_breakpoint\":\"m\",\"width_medium\":\"1-2\"},\"children\":[{\"type\":\"image\",\"props\":{\"image\":\"wp-content\\\/uploads\\\/2023\\\/05\\\/TMI-Orion-Dynamics-ELA-C.jpg\",\"image_height\":\"500\",\"image_svg_color\":\"emphasis\",\"margin\":\"default\"}},{\"type\":\"text\",\"props\":{\"column_breakpoint\":\"m\",\"content\":\"\n\n<p>Elektryczny si\\u0142ownik liniowy (ELA) to wysokowydajny, kompaktowy i niezawodny modu\\u0142 przeznaczony do pracy pod wod\\u0105 na g\\u0142\\u0119boko\\u015bci do 500 metr\\u00f3w.<br \\\/>Intuicyjne programowalne sterowanie po\\u0142o\\u017ceniem, wbudowane sterowniki, system modu\\u0142owy.<\\\/p>\",\"margin\":\"default\"}}]},{\"type\":\"column\",\"props\":{\"image_position\":\"center-center\",\"media_overlay_gradient\":\"\",\"position_sticky_breakpoint\":\"m\",\"width_medium\":\"1-2\"},\"children\":[{\"type\":\"text\",\"props\":{\"column_breakpoint\":\"m\",\"content\":\"\n\n<h3>Elektryczny si\\u0142ownik liniowy (ELA) to wysokowydajny, kompaktowy modu\\u0142 do prac podwodnych na g\\u0142\\u0119boko\\u015bci do 500 metr\\u00f3w.<\\\/h3>\",\"margin\":\"default\"}},{\"type\":\"button\",\"props\":{\"grid_column_gap\":\"small\",\"grid_row_gap\":\"small\",\"margin\":\"default\",\"text_align\":\"center\"},\"children\":[{\"type\":\"button_item\",\"props\":{\"button_style\":\"default\",\"content\":\"Broszura\",\"icon_align\":\"left\",\"link\":\"wp-content\\\/uploads\\\/2023\\\/05\\\/TMI-Orion-DS-ELA_EN.pdf\"}}]}]}]},{\"type\":\"row\",\"children\":[{\"type\":\"column\",\"props\":{\"image_position\":\"center-center\",\"media_overlay_gradient\":\"\",\"position_sticky_breakpoint\":\"m\"},\"children\":[{\"type\":\"text\",\"props\":{\"column_breakpoint\":\"m\",\"content\":\"\n\n<p><strong>Zastosowania<\\\/strong><\\\/p>\\n\n\n<ul>\\n\n\n<li>Podwodny system ruchu (kamera, obr\\u00f3t i pochylenie projektora, sonar, ster strumieniowy...)<\\\/li>\\n\n\n<li>System korekcji balastu<\\\/li>\\n\n\n<li>System pobierania pr\\u00f3bek<\\\/li>\\n\n\n<li>System blokowania ROV<\\\/li>\\n\n\n<li>Oprzyrz\\u0105dowanie podwodne \\\/ wyposa\\u017cenie ROV<\\\/li>\\n\n\n<li>Dla spo\\u0142eczno\\u015bci naukowej - \\u015arodowisko -<\\\/li>\\n\n\n<li>Energia - Akwakultura...<\\\/li>\\n<\\\/ul>\\n\n\n<p><strong>Cechy<\\\/strong><\\\/p>\\n\n\n<ul>\\n\n\n<li>Idealny do zastosowa\\u0144 z du\\u017cymi si\\u0142ami nacisku, gdzie wymagana jest precyzja i kontrola ruchu.<\\\/li>\\n\n\n<li>Sprz\\u0119\\u017cenie zwrotne po\\u0142o\\u017cenia<br \\\/>1 z\\u0142\\u0105cze do rozbudowy (dodatkowe si\\u0142owniki, kamera, projektor...).<\\\/li>\\n\n\n<li>Z wbudowanym sterownikiem elektronicznym (nie wymaga zewn\\u0119trznego POD)....<\\\/li>\\n<\\\/ul>\",\"margin\":\"default\"}}]}]}]}],\"version\":\"3.0.31\"} --><\/p>\n","protected":false},"excerpt":{"rendered":"<p>Elektryczny si\u0142ownik liniowy TMI-ORION DYNAMICS Elektryczny si\u0142ownik liniowy (ELA) to wysokowydajny, kompaktowy i niezawodny modu\u0142 przeznaczony do pracy pod wod\u0105 na g\u0142\u0119boko\u015bci do 500 metr\u00f3w.Intuicyjne programowalne sterowanie po\u0142o\u017ceniem, wbudowane sterowniki, system modu\u0142owy. Elektryczny si\u0142ownik liniowy (ELA) to wysokowydajny, kompaktowy modu\u0142 do prac podwodnych na g\u0142\u0119boko\u015bci do 500 metr\u00f3w. Broszura Zastosowania Podwodny system ruchu (kamera, obr\u00f3t [&hellip;]<\/p>\n","protected":false},"author":10,"featured_media":0,"parent":0,"menu_order":0,"comment_status":"closed","ping_status":"closed","template":"","meta":{"footnotes":""},"class_list":["post-12771","page","type-page","status-publish","hentry"],"yoast_head":"<!-- This site is optimized with the Yoast SEO plugin v27.5 - https:\/\/yoast.com\/product\/yoast-seo-wordpress\/ -->\n<title>Elektryczny si\u0142ownik liniowy TMI-ORION DYNAMICS - ESCORT TECHNOLOGY<\/title>\n<meta name=\"robots\" content=\"index, follow, max-snippet:-1, max-image-preview:large, max-video-preview:-1\" \/>\n<link rel=\"canonical\" href=\"https:\/\/escort-technology.com\/pl\/elektryczny-silownik-liniowy-tmi-orion-dynamics\/\" \/>\n<meta property=\"og:locale\" content=\"pl_PL\" \/>\n<meta property=\"og:type\" content=\"article\" \/>\n<meta property=\"og:title\" content=\"Elektryczny si\u0142ownik liniowy TMI-ORION DYNAMICS - ESCORT TECHNOLOGY\" \/>\n<meta property=\"og:description\" content=\"Elektryczny si\u0142ownik liniowy TMI-ORION DYNAMICS Elektryczny si\u0142ownik liniowy (ELA) to wysokowydajny, kompaktowy i niezawodny modu\u0142 przeznaczony do pracy pod wod\u0105 na g\u0142\u0119boko\u015bci do 500 metr\u00f3w.Intuicyjne programowalne sterowanie po\u0142o\u017ceniem, wbudowane sterowniki, system modu\u0142owy. Elektryczny si\u0142ownik liniowy (ELA) to wysokowydajny, kompaktowy modu\u0142 do prac podwodnych na g\u0142\u0119boko\u015bci do 500 metr\u00f3w. Broszura Zastosowania Podwodny system ruchu (kamera, obr\u00f3t [&hellip;]\" \/>\n<meta property=\"og:url\" content=\"https:\/\/escort-technology.com\/pl\/elektryczny-silownik-liniowy-tmi-orion-dynamics\/\" \/>\n<meta property=\"og:site_name\" content=\"ESCORT TECHNOLOGY\" \/>\n<meta property=\"article:publisher\" content=\"https:\/\/www.facebook.com\/elektronika.morska\/\" \/>\n<meta property=\"article:modified_time\" content=\"2023-05-29T11:59:49+00:00\" \/>\n<meta name=\"twitter:card\" content=\"summary_large_image\" \/>\n<meta name=\"twitter:label1\" content=\"Szacowany czas czytania\" \/>\n\t<meta name=\"twitter:data1\" content=\"1 minuta\" \/>\n<script type=\"application\/ld+json\" class=\"yoast-schema-graph\">{\"@context\":\"https:\\\/\\\/schema.org\",\"@graph\":[{\"@type\":\"WebPage\",\"@id\":\"https:\\\/\\\/escort-technology.com\\\/elektryczny-silownik-liniowy-tmi-orion-dynamics\\\/\",\"url\":\"https:\\\/\\\/escort-technology.com\\\/elektryczny-silownik-liniowy-tmi-orion-dynamics\\\/\",\"name\":\"Elektryczny si\u0142ownik liniowy TMI-ORION DYNAMICS - ESCORT TECHNOLOGY\",\"isPartOf\":{\"@id\":\"http:\\\/\\\/escort-technology.com\\\/de\\\/#website\"},\"datePublished\":\"2023-05-29T11:14:01+00:00\",\"dateModified\":\"2023-05-29T11:59:49+00:00\",\"breadcrumb\":{\"@id\":\"https:\\\/\\\/escort-technology.com\\\/elektryczny-silownik-liniowy-tmi-orion-dynamics\\\/#breadcrumb\"},\"inLanguage\":\"pl-PL\",\"potentialAction\":[{\"@type\":\"ReadAction\",\"target\":[\"https:\\\/\\\/escort-technology.com\\\/elektryczny-silownik-liniowy-tmi-orion-dynamics\\\/\"]}]},{\"@type\":\"BreadcrumbList\",\"@id\":\"https:\\\/\\\/escort-technology.com\\\/elektryczny-silownik-liniowy-tmi-orion-dynamics\\\/#breadcrumb\",\"itemListElement\":[{\"@type\":\"ListItem\",\"position\":1,\"name\":\"Strona g\u0142\u00f3wna\",\"item\":\"https:\\\/\\\/escort-technology.com\\\/\"},{\"@type\":\"ListItem\",\"position\":2,\"name\":\"Elektryczny si\u0142ownik liniowy TMI-ORION DYNAMICS\"}]},{\"@type\":\"WebSite\",\"@id\":\"http:\\\/\\\/escort-technology.com\\\/de\\\/#website\",\"url\":\"http:\\\/\\\/escort-technology.com\\\/de\\\/\",\"name\":\"ESCORT TECHNOLOGY\",\"description\":\"Elektronika morska i l\u0105dowa\",\"publisher\":{\"@id\":\"http:\\\/\\\/escort-technology.com\\\/de\\\/#organization\"},\"potentialAction\":[{\"@type\":\"SearchAction\",\"target\":{\"@type\":\"EntryPoint\",\"urlTemplate\":\"http:\\\/\\\/escort-technology.com\\\/de\\\/?s={search_term_string}\"},\"query-input\":{\"@type\":\"PropertyValueSpecification\",\"valueRequired\":true,\"valueName\":\"search_term_string\"}}],\"inLanguage\":\"pl-PL\"},{\"@type\":\"Organization\",\"@id\":\"http:\\\/\\\/escort-technology.com\\\/de\\\/#organization\",\"name\":\"ESCORT TECHNOLOGY\",\"url\":\"http:\\\/\\\/escort-technology.com\\\/de\\\/\",\"logo\":{\"@type\":\"ImageObject\",\"inLanguage\":\"pl-PL\",\"@id\":\"http:\\\/\\\/escort-technology.com\\\/de\\\/#\\\/schema\\\/logo\\\/image\\\/\",\"url\":\"https:\\\/\\\/escort-technology.com\\\/wp-content\\\/uploads\\\/logo-1.jpg\",\"contentUrl\":\"https:\\\/\\\/escort-technology.com\\\/wp-content\\\/uploads\\\/logo-1.jpg\",\"width\":600,\"height\":165,\"caption\":\"ESCORT TECHNOLOGY\"},\"image\":{\"@id\":\"http:\\\/\\\/escort-technology.com\\\/de\\\/#\\\/schema\\\/logo\\\/image\\\/\"},\"sameAs\":[\"https:\\\/\\\/www.facebook.com\\\/elektronika.morska\\\/\",\"https:\\\/\\\/www.linkedin.com\\\/company\\\/escort-sp-z-o-o-\\\/\"]}]}<\/script>\n<!-- \/ Yoast SEO plugin. -->","yoast_head_json":{"title":"Elektryczny si\u0142ownik liniowy TMI-ORION DYNAMICS - ESCORT TECHNOLOGY","robots":{"index":"index","follow":"follow","max-snippet":"max-snippet:-1","max-image-preview":"max-image-preview:large","max-video-preview":"max-video-preview:-1"},"canonical":"https:\/\/escort-technology.com\/pl\/elektryczny-silownik-liniowy-tmi-orion-dynamics\/","og_locale":"pl_PL","og_type":"article","og_title":"Elektryczny si\u0142ownik liniowy TMI-ORION DYNAMICS - ESCORT TECHNOLOGY","og_description":"Elektryczny si\u0142ownik liniowy TMI-ORION DYNAMICS Elektryczny si\u0142ownik liniowy (ELA) to wysokowydajny, kompaktowy i niezawodny modu\u0142 przeznaczony do pracy pod wod\u0105 na g\u0142\u0119boko\u015bci do 500 metr\u00f3w.Intuicyjne programowalne sterowanie po\u0142o\u017ceniem, wbudowane sterowniki, system modu\u0142owy. Elektryczny si\u0142ownik liniowy (ELA) to wysokowydajny, kompaktowy modu\u0142 do prac podwodnych na g\u0142\u0119boko\u015bci do 500 metr\u00f3w. Broszura Zastosowania Podwodny system ruchu (kamera, obr\u00f3t [&hellip;]","og_url":"https:\/\/escort-technology.com\/pl\/elektryczny-silownik-liniowy-tmi-orion-dynamics\/","og_site_name":"ESCORT TECHNOLOGY","article_publisher":"https:\/\/www.facebook.com\/elektronika.morska\/","article_modified_time":"2023-05-29T11:59:49+00:00","twitter_card":"summary_large_image","twitter_misc":{"Szacowany czas czytania":"1 minuta"},"schema":{"@context":"https:\/\/schema.org","@graph":[{"@type":"WebPage","@id":"https:\/\/escort-technology.com\/elektryczny-silownik-liniowy-tmi-orion-dynamics\/","url":"https:\/\/escort-technology.com\/elektryczny-silownik-liniowy-tmi-orion-dynamics\/","name":"Elektryczny si\u0142ownik liniowy TMI-ORION DYNAMICS - ESCORT TECHNOLOGY","isPartOf":{"@id":"http:\/\/escort-technology.com\/de\/#website"},"datePublished":"2023-05-29T11:14:01+00:00","dateModified":"2023-05-29T11:59:49+00:00","breadcrumb":{"@id":"https:\/\/escort-technology.com\/elektryczny-silownik-liniowy-tmi-orion-dynamics\/#breadcrumb"},"inLanguage":"pl-PL","potentialAction":[{"@type":"ReadAction","target":["https:\/\/escort-technology.com\/elektryczny-silownik-liniowy-tmi-orion-dynamics\/"]}]},{"@type":"BreadcrumbList","@id":"https:\/\/escort-technology.com\/elektryczny-silownik-liniowy-tmi-orion-dynamics\/#breadcrumb","itemListElement":[{"@type":"ListItem","position":1,"name":"Strona g\u0142\u00f3wna","item":"https:\/\/escort-technology.com\/"},{"@type":"ListItem","position":2,"name":"Elektryczny si\u0142ownik liniowy TMI-ORION DYNAMICS"}]},{"@type":"WebSite","@id":"http:\/\/escort-technology.com\/de\/#website","url":"http:\/\/escort-technology.com\/de\/","name":"ESCORT TECHNOLOGY","description":"Elektronika morska i l\u0105dowa","publisher":{"@id":"http:\/\/escort-technology.com\/de\/#organization"},"potentialAction":[{"@type":"SearchAction","target":{"@type":"EntryPoint","urlTemplate":"http:\/\/escort-technology.com\/de\/?s={search_term_string}"},"query-input":{"@type":"PropertyValueSpecification","valueRequired":true,"valueName":"search_term_string"}}],"inLanguage":"pl-PL"},{"@type":"Organization","@id":"http:\/\/escort-technology.com\/de\/#organization","name":"ESCORT TECHNOLOGY","url":"http:\/\/escort-technology.com\/de\/","logo":{"@type":"ImageObject","inLanguage":"pl-PL","@id":"http:\/\/escort-technology.com\/de\/#\/schema\/logo\/image\/","url":"https:\/\/escort-technology.com\/wp-content\/uploads\/logo-1.jpg","contentUrl":"https:\/\/escort-technology.com\/wp-content\/uploads\/logo-1.jpg","width":600,"height":165,"caption":"ESCORT TECHNOLOGY"},"image":{"@id":"http:\/\/escort-technology.com\/de\/#\/schema\/logo\/image\/"},"sameAs":["https:\/\/www.facebook.com\/elektronika.morska\/","https:\/\/www.linkedin.com\/company\/escort-sp-z-o-o-\/"]}]}},"_links":{"self":[{"href":"https:\/\/escort-technology.com\/pl\/wp-json\/wp\/v2\/pages\/12771","targetHints":{"allow":["GET"]}}],"collection":[{"href":"https:\/\/escort-technology.com\/pl\/wp-json\/wp\/v2\/pages"}],"about":[{"href":"https:\/\/escort-technology.com\/pl\/wp-json\/wp\/v2\/types\/page"}],"author":[{"embeddable":true,"href":"https:\/\/escort-technology.com\/pl\/wp-json\/wp\/v2\/users\/10"}],"replies":[{"embeddable":true,"href":"https:\/\/escort-technology.com\/pl\/wp-json\/wp\/v2\/comments?post=12771"}],"version-history":[{"count":15,"href":"https:\/\/escort-technology.com\/pl\/wp-json\/wp\/v2\/pages\/12771\/revisions"}],"predecessor-version":[{"id":12813,"href":"https:\/\/escort-technology.com\/pl\/wp-json\/wp\/v2\/pages\/12771\/revisions\/12813"}],"wp:attachment":[{"href":"https:\/\/escort-technology.com\/pl\/wp-json\/wp\/v2\/media?parent=12771"}],"curies":[{"name":"wp","href":"https:\/\/api.w.org\/{rel}","templated":true}]}}