{"id":12962,"date":"2023-07-03T12:49:30","date_gmt":"2023-07-03T10:49:30","guid":{"rendered":"https:\/\/escort-technology.com\/?page_id=12962"},"modified":"2023-07-03T13:34:06","modified_gmt":"2023-07-03T11:34:06","slug":"transponder-ais-klasy-a-saab-r6","status":"publish","type":"page","link":"https:\/\/escort-technology.com\/pl\/transponder-ais-klasy-a-saab-r6\/","title":{"rendered":"Transponder AIS klasy A SAAB R6"},"content":{"rendered":"<h1>Transponder AIS klasy A SAAB R6<\/h1>\n<hr>\n<p><img decoding=\"async\" src=\"\/wp-content\/uploads\/2023\/07\/34460.png\" alt=\"\"><\/p>\n<p>\n    <a href=\"\/wp-content\/uploads\/2023\/07\/saab-0283-r6-supreme-ais-vdes_product-sheet_qr.pdf\">Karta katalogowa<\/a>\n<\/p>\n<div>\n<p><strong>Najbardziej wszechstronny system AIS klasy A na rynku<\/strong><br \/><strong>R6 Supreme AIS\/VDES posiada uzanie typu dla AIS i jest przygotowany do przysz\u0142ej funkcjonalno\u015bci VDES dzi\u0119ki nowemu radiu definiowanemu programowo, zapewniaj\u0105cemu wyj\u0105tkow\u0105 czu\u0142o\u015b\u0107 AIS na poziomie &#8211; 118 dBm. Zaprojektowany i przetestowany zgodnie z norm\u0105 IEC 61933-2 i przysz\u0142\u0105 ITU-R M.2092-1.<\/strong><\/p>\n<\/div>\n<div>\n<p><strong>\u0141atwo\u015b\u0107 u\u017cytkowania<\/strong><br \/>Model R6 Supreme jest intuicyjny i \u0142atwy w obs\u0142udze. Jest wyposa\u017cony w ca\u0142kowicie nowy modu\u0142 sterowania i wy\u015bwietlania (CDU), z szybkim, nowoczesnym graficznym interfejsem u\u017cytkownika (GUI). 7 calowy wy\u015bwietlacz ma rozdzielczo\u015b\u0107 1024&#215;600 pikseli i wy\u015bwietla ponad 16 milion\u00f3w kolor\u00f3w. CDU posiada interfejs do przyciemniania urz\u0105dze\u0144 centralnego mostka. Wszystkie informacje s\u0105 \u0142atwo dost\u0119pne dzi\u0119ki graficznemu interfejsowi u\u017cytkownika, kt\u00f3ry przypomina nowoczesny smartfon.<\/p>\n<\/div>\n<div>\n<p><strong>Najwy\u017csza czu\u0142o\u015b\u0107<\/strong><br \/>R6 Supreme jest wyposa\u017cony w najnowocze\u015bniejszy Software Defined Radio, zapewniaj\u0105cy wiod\u0105c\u0105 w swojej klasie czu\u0142o\u015b\u0107 przekraczaj\u0105c\u0105 mi\u0119dzynarodowe standardy, znacznie poprawiaj\u0105c odbi\u00f3r i zasi\u0119g sygna\u0142u.<\/p>\n<p><strong>Moc podw\u00f3jnego zastosowania<\/strong><br \/>R6 Supreme mo\u017cna zintegrowa\u0107 z zatwierdzonym przez SAAB odbiornikiem nawigacyjnym GNSS i wsp\u00f3\u0142dzieli\u0107 jednostk\u0119 steruj\u0105c\u0105 i wy\u015bwietlaj\u0105c\u0105 (CDU), aby zminimalizowa\u0107 liczb\u0119 ekran\u00f3w na mostku i obni\u017cy\u0107 koszty sprz\u0119tu i instalacji.<\/p>\n<p><strong>Dow\u00f3d na przysz\u0142o\u015b\u0107<\/strong><br \/>W prawdziwie innowacyjnej konstrukcji Saab po raz kolejny stworzy\u0142 wiod\u0105c\u0105 w swojej klasie jednostk\u0119 AIS, kt\u00f3ra znacznie wykracza poza jakikolwiek system dost\u0119pny wcze\u015bniej na rynku. R6 Supreme z \u0142atwo\u015bci\u0105 spe\u0142nia wymagania radiowe AIS klasy A, a tak\u017ce implementuje zaawansowane przebiegi i protoko\u0142y komunikacyjne zdefiniowane w standardach VHF Digital Exchange System (VDES). Radio R6 mo\u017ce obs\u0142ugiwa\u0107 64 r\u00f3wnoleg\u0142e procesy odbioru lub nadawania, umo\u017cliwiaj\u0105c odbi\u00f3r i obs\u0142ug\u0119 AIS, ASM, VDE-Terrestrial, VDE-Satellite, AMRD, DSC i Secure AIS na wszystkich kana\u0142ach, r\u00f3wnolegle, niezale\u017cnie od szeroko\u015bci pasma lub tego, czy znajduj\u0105 si\u0119 one w dolnym czy g\u00f3rnym pa\u015bmie. R6 Supreme zawiera r\u00f3wnie\u017c nowy standard Bridge Alarm Management (BAM), a tak\u017ce podw\u00f3jne interfejsy LAN (IEC 61162-450) dla wydajnej integracji sieci z systemami mostowymi.<\/p>\n<p><strong>\u0141atwa instalacja<\/strong><br \/>System R6 Supreme AIS\/VDES mo\u017cna \u0142atwo zintegrowa\u0107 z innymi systemami pok\u0142adowymi, takimi jak ECDIS, radar lub inne rozwi\u0105zania wy\u015bwietlaj\u0105ce za pomoc\u0105 tradycyjnej komunikacji szeregowej NMEA lub interfejsu sieciowego. Podw\u00f3jne interfejsy sieciowe zar\u00f3wno w transponderze, jak i CDU u\u0142atwiaj\u0105 instalacj\u0119 w redundantnych sieciach mostkowych. R6 Supreme oferuje te same interfejsy antenowe VHF i GPS, co wi\u0119kszo\u015b\u0107 innych urz\u0105dze\u0144 AIS, co upraszcza ponowne wykorzystanie okablowania podczas modernizacji.<\/p>\n<p><strong>Cechy<\/strong><br \/>Najlepszy w swojej klasie dzi\u0119ki zwi\u0119kszonej czu\u0142o\u015bci (lepszej ni\u017c -118 dBm) i odporno\u015bci na zak\u0142\u00f3cenia.<br \/>Spe\u0142nia wymagania SOLAS V dotycz\u0105ce przewozu AIS.<br \/>Zaprojektowany, aby sprosta\u0107 nowym zaawansowanym trybom komunikacji, zgodnie z definicj\u0105 ITU-R M.2092-1 dla VDES.<br \/>Przysz\u0142a \u0142\u0105czno\u015b\u0107 na ca\u0142ym \u015bwiecie poprzez \u0142\u0105cza danych VDES-Satelita.<br \/>Spe\u0142nia norm\u0119 IEC dotycz\u0105c\u0105 cyberbezpiecze\u0144stwa system\u00f3w nawigacji i komunikacji radiowej.<br \/>Podw\u00f3jne interfejsy sieciowe IEC 61162-450.<br \/>Wbudowany odbiornik GNSS. <br \/>Jednostka CDU z wodoodpornym frontem do monta\u017cu panelowego.<br \/>Wszechstronne opcje instalacji. <\/p>\n<p><strong>Opcje<\/strong><br \/>Zatwierdzony zestaw dodatkowy DGNSS.<br \/>Szyfrowana komunikacja Saab Secure. <br \/>Zgodno\u015b\u0107 z norm\u0105 STANAG 4668 (AIS dla okr\u0119t\u00f3w wojennych).<br \/>Redundancja Hot-Standby. <br \/>Komunikacja VDES (ASM, VDE-Terrestrial i VDE-Satellite).<\/p>\n<\/div>\n<div>\n<ul>\n<li>Oddzielny modu\u0142 sterowania i wy\u015bwietlania z wodoodpornym frontem do instalacji w widocznym miejscu<\/li>\n<li>Podw\u00f3jne interfejsy sieciowe IEC 61162-450<\/li>\n<li>Elastyczne konfiguracje kana\u0142\u00f3w RX; odbi\u00f3r nowego kana\u0142u AMRD, kana\u0142\u00f3w AIS LR 75 i 76 oraz szeregu nowych kana\u0142\u00f3w VDES<\/li>\n<li>Wbudowany odbiornik GNSS<\/li>\n<\/ul>\n<\/div>\n<p><!--more--><br \/>\n<!-- {\"type\":\"layout\",\"children\":[{\"type\":\"section\",\"props\":{\"image_position\":\"center-center\",\"style\":\"default\",\"title_breakpoint\":\"xl\",\"title_position\":\"top-left\",\"title_rotation\":\"left\",\"vertical_align\":\"middle\",\"width\":\"default\"},\"children\":[{\"type\":\"row\",\"children\":[{\"type\":\"column\",\"props\":{\"image_position\":\"center-center\",\"position_sticky_breakpoint\":\"m\"},\"children\":[{\"type\":\"headline\",\"props\":{\"content\":\"Transponder AIS klasy A SAAB R6\",\"title_element\":\"h1\"}},{\"type\":\"divider\",\"props\":{\"divider_element\":\"hr\"}}]}]},{\"type\":\"row\",\"props\":{\"layout\":\"1-2,1-2\"},\"children\":[{\"type\":\"column\",\"props\":{\"image_position\":\"center-center\",\"position_sticky_breakpoint\":\"m\",\"width_medium\":\"1-2\"},\"children\":[{\"type\":\"image\",\"props\":{\"image\":\"wp-content\\\/uploads\\\/2023\\\/07\\\/34460.png\",\"image_svg_color\":\"emphasis\",\"margin\":\"default\"}},{\"type\":\"button\",\"props\":{\"grid_column_gap\":\"small\",\"grid_row_gap\":\"small\",\"margin\":\"default\",\"text_align\":\"center\"},\"children\":[{\"type\":\"button_item\",\"props\":{\"button_style\":\"default\",\"content\":\"Karta katalogowa\",\"icon_align\":\"left\",\"link\":\"wp-content\\\/uploads\\\/2023\\\/07\\\/saab-0283-r6-supreme-ais-vdes_product-sheet_qr.pdf\"}}]}]},{\"type\":\"column\",\"props\":{\"image_position\":\"center-center\",\"position_sticky_breakpoint\":\"m\",\"width_medium\":\"1-2\"},\"children\":[{\"type\":\"text\",\"props\":{\"column_breakpoint\":\"m\",\"content\":\"\n\n<p><strong>Najbardziej wszechstronny system AIS klasy A na rynku<\\\/strong><br \\\/><strong>R6 Supreme AIS\\\/VDES posiada uzanie typu dla AIS i jest przygotowany do przysz\\u0142ej funkcjonalno\\u015bci VDES dzi\\u0119ki nowemu radiu definiowanemu programowo, zapewniaj\\u0105cemu wyj\\u0105tkow\\u0105 czu\\u0142o\\u015b\\u0107 AIS na poziomie - 118 dBm. Zaprojektowany i przetestowany zgodnie z norm\\u0105 IEC 61933-2 i przysz\\u0142\\u0105 ITU-R M.2092-1.<\\\/strong><\\\/p>\",\"margin\":\"default\"}},{\"type\":\"text\",\"props\":{\"column_breakpoint\":\"m\",\"content\":\"\n\n<p><strong>\\u0141atwo\\u015b\\u0107 u\\u017cytkowania<\\\/strong><br \\\/>Model R6 Supreme jest intuicyjny i \\u0142atwy w obs\\u0142udze. Jest wyposa\\u017cony w ca\\u0142kowicie nowy modu\\u0142 sterowania i wy\\u015bwietlania (CDU), z szybkim, nowoczesnym graficznym interfejsem u\\u017cytkownika (GUI). 7 calowy wy\\u015bwietlacz ma rozdzielczo\\u015b\\u0107 1024x600 pikseli i wy\\u015bwietla ponad 16 milion\\u00f3w kolor\\u00f3w. CDU posiada interfejs do przyciemniania urz\\u0105dze\\u0144 centralnego mostka. Wszystkie informacje s\\u0105 \\u0142atwo dost\\u0119pne dzi\\u0119ki graficznemu interfejsowi u\\u017cytkownika, kt\\u00f3ry przypomina nowoczesny smartfon.<\\\/p>\",\"margin\":\"default\"}}]}]},{\"type\":\"row\",\"children\":[{\"type\":\"column\",\"props\":{\"image_position\":\"center-center\",\"position_sticky_breakpoint\":\"m\"},\"children\":[{\"type\":\"text\",\"props\":{\"column_breakpoint\":\"m\",\"content\":\"\n\n<p><strong>Najwy\\u017csza czu\\u0142o\\u015b\\u0107<\\\/strong><br \\\/>R6 Supreme jest wyposa\\u017cony w najnowocze\\u015bniejszy Software Defined Radio, zapewniaj\\u0105cy wiod\\u0105c\\u0105 w swojej klasie czu\\u0142o\\u015b\\u0107 przekraczaj\\u0105c\\u0105 mi\\u0119dzynarodowe standardy, znacznie poprawiaj\\u0105c odbi\\u00f3r i zasi\\u0119g sygna\\u0142u.<\\\/p>\\n\n\n<p><strong>Moc podw\\u00f3jnego zastosowania<\\\/strong><br \\\/>R6 Supreme mo\\u017cna zintegrowa\\u0107 z zatwierdzonym przez SAAB odbiornikiem nawigacyjnym GNSS i wsp\\u00f3\\u0142dzieli\\u0107 jednostk\\u0119 steruj\\u0105c\\u0105 i wy\\u015bwietlaj\\u0105c\\u0105 (CDU), aby zminimalizowa\\u0107 liczb\\u0119 ekran\\u00f3w na mostku i obni\\u017cy\\u0107 koszty sprz\\u0119tu i instalacji.<\\\/p>\\n\n\n<p><strong>Dow\\u00f3d na przysz\\u0142o\\u015b\\u0107<\\\/strong><br \\\/>W prawdziwie innowacyjnej konstrukcji Saab po raz kolejny stworzy\\u0142 wiod\\u0105c\\u0105 w swojej klasie jednostk\\u0119 AIS, kt\\u00f3ra znacznie wykracza poza jakikolwiek system dost\\u0119pny wcze\\u015bniej na rynku. R6 Supreme z \\u0142atwo\\u015bci\\u0105 spe\\u0142nia wymagania radiowe AIS klasy A, a tak\\u017ce implementuje zaawansowane przebiegi i protoko\\u0142y komunikacyjne zdefiniowane w standardach VHF Digital Exchange System (VDES). Radio R6 mo\\u017ce obs\\u0142ugiwa\\u0107 64 r\\u00f3wnoleg\\u0142e procesy odbioru lub nadawania, umo\\u017cliwiaj\\u0105c odbi\\u00f3r i obs\\u0142ug\\u0119 AIS, ASM, VDE-Terrestrial, VDE-Satellite, AMRD, DSC i Secure AIS na wszystkich kana\\u0142ach, r\\u00f3wnolegle, niezale\\u017cnie od szeroko\\u015bci pasma lub tego, czy znajduj\\u0105 si\\u0119 one w dolnym czy g\\u00f3rnym pa\\u015bmie. R6 Supreme zawiera r\\u00f3wnie\\u017c nowy standard Bridge Alarm Management (BAM), a tak\\u017ce podw\\u00f3jne interfejsy LAN (IEC 61162-450) dla wydajnej integracji sieci z systemami mostowymi.<\\\/p>\\n\n\n<p><strong>\\u0141atwa instalacja<\\\/strong><br \\\/>System R6 Supreme AIS\\\/VDES mo\\u017cna \\u0142atwo zintegrowa\\u0107 z innymi systemami pok\\u0142adowymi, takimi jak ECDIS, radar lub inne rozwi\\u0105zania wy\\u015bwietlaj\\u0105ce za pomoc\\u0105 tradycyjnej komunikacji szeregowej NMEA lub interfejsu sieciowego. Podw\\u00f3jne interfejsy sieciowe zar\\u00f3wno w transponderze, jak i CDU u\\u0142atwiaj\\u0105 instalacj\\u0119 w redundantnych sieciach mostkowych. R6 Supreme oferuje te same interfejsy antenowe VHF i GPS, co wi\\u0119kszo\\u015b\\u0107 innych urz\\u0105dze\\u0144 AIS, co upraszcza ponowne wykorzystanie okablowania podczas modernizacji.<\\\/p>\\n\n\n<p><strong>Cechy<\\\/strong><br \\\/>Najlepszy w swojej klasie dzi\\u0119ki zwi\\u0119kszonej czu\\u0142o\\u015bci (lepszej ni\\u017c -118 dBm) i odporno\\u015bci na zak\\u0142\\u00f3cenia.<br \\\/>Spe\\u0142nia wymagania SOLAS V dotycz\\u0105ce przewozu AIS.<br \\\/>Zaprojektowany, aby sprosta\\u0107 nowym zaawansowanym trybom komunikacji, zgodnie z definicj\\u0105 ITU-R M.2092-1 dla VDES.<br \\\/>Przysz\\u0142a \\u0142\\u0105czno\\u015b\\u0107 na ca\\u0142ym \\u015bwiecie poprzez \\u0142\\u0105cza danych VDES-Satelita.<br \\\/>Spe\\u0142nia norm\\u0119 IEC dotycz\\u0105c\\u0105 cyberbezpiecze\\u0144stwa system\\u00f3w nawigacji i komunikacji radiowej.<br \\\/>Podw\\u00f3jne interfejsy sieciowe IEC 61162-450.<br \\\/>Wbudowany odbiornik GNSS. <br \\\/>Jednostka CDU z wodoodpornym frontem do monta\\u017cu panelowego.<br \\\/>Wszechstronne opcje instalacji. <\\\/p>\\n\n\n<p><strong>Opcje<\\\/strong><br \\\/>Zatwierdzony zestaw dodatkowy DGNSS.<br \\\/>Szyfrowana komunikacja Saab Secure. <br \\\/>Zgodno\\u015b\\u0107 z norm\\u0105 STANAG 4668 (AIS dla okr\\u0119t\\u00f3w wojennych).<br \\\/>Redundancja Hot-Standby. <br \\\/>Komunikacja VDES (ASM, VDE-Terrestrial i VDE-Satellite).<\\\/p>\",\"margin\":\"default\"}}]}]},{\"type\":\"row\",\"children\":[{\"type\":\"column\",\"props\":{\"image_position\":\"center-center\",\"position_sticky_breakpoint\":\"m\"},\"children\":[{\"type\":\"text\",\"props\":{\"column_breakpoint\":\"m\",\"content\":\"\n\n<ul>\\n\n\n<li>Oddzielny modu\\u0142 sterowania i wy\\u015bwietlania z wodoodpornym frontem do instalacji w widocznym miejscu<\\\/li>\\n\n\n<li>Podw\\u00f3jne interfejsy sieciowe IEC 61162-450<\\\/li>\\n\n\n<li>Elastyczne konfiguracje kana\\u0142\\u00f3w RX; odbi\\u00f3r nowego kana\\u0142u AMRD, kana\\u0142\\u00f3w AIS LR 75 i 76 oraz szeregu nowych kana\\u0142\\u00f3w VDES<\\\/li>\\n\n\n<li>Wbudowany odbiornik GNSS<\\\/li>\\n<\\\/ul>\",\"margin\":\"default\"}}]}]}]}],\"version\":\"4.0.3\"} --><\/p>\n","protected":false},"excerpt":{"rendered":"<p>Transponder AIS klasy A SAAB R6 Karta katalogowa Najbardziej wszechstronny system AIS klasy A na rynkuR6 Supreme AIS\/VDES posiada uzanie typu dla AIS i jest przygotowany do przysz\u0142ej funkcjonalno\u015bci VDES dzi\u0119ki nowemu radiu definiowanemu programowo, zapewniaj\u0105cemu wyj\u0105tkow\u0105 czu\u0142o\u015b\u0107 AIS na poziomie &#8211; 118 dBm. Zaprojektowany i przetestowany zgodnie z norm\u0105 IEC 61933-2 i przysz\u0142\u0105 ITU-R [&hellip;]<\/p>\n","protected":false},"author":10,"featured_media":0,"parent":0,"menu_order":0,"comment_status":"closed","ping_status":"closed","template":"","meta":{"footnotes":""},"class_list":["post-12962","page","type-page","status-publish","hentry"],"yoast_head":"<!-- This site is optimized with the Yoast SEO plugin v27.6 - https:\/\/yoast.com\/product\/yoast-seo-wordpress\/ -->\n<title>Transponder AIS klasy A SAAB R6 - ESCORT TECHNOLOGY<\/title>\n<meta name=\"robots\" content=\"index, follow, max-snippet:-1, max-image-preview:large, max-video-preview:-1\" \/>\n<link rel=\"canonical\" href=\"https:\/\/escort-technology.com\/pl\/transponder-ais-klasy-a-saab-r6\/\" \/>\n<meta property=\"og:locale\" content=\"pl_PL\" \/>\n<meta property=\"og:type\" content=\"article\" \/>\n<meta property=\"og:title\" content=\"Transponder AIS klasy A SAAB R6 - ESCORT TECHNOLOGY\" \/>\n<meta property=\"og:description\" content=\"Transponder AIS klasy A SAAB R6 Karta katalogowa Najbardziej wszechstronny system AIS klasy A na rynkuR6 Supreme AIS\/VDES posiada uzanie typu dla AIS i jest przygotowany do przysz\u0142ej funkcjonalno\u015bci VDES dzi\u0119ki nowemu radiu definiowanemu programowo, zapewniaj\u0105cemu wyj\u0105tkow\u0105 czu\u0142o\u015b\u0107 AIS na poziomie &#8211; 118 dBm. Zaprojektowany i przetestowany zgodnie z norm\u0105 IEC 61933-2 i przysz\u0142\u0105 ITU-R [&hellip;]\" \/>\n<meta property=\"og:url\" content=\"https:\/\/escort-technology.com\/pl\/transponder-ais-klasy-a-saab-r6\/\" \/>\n<meta property=\"og:site_name\" content=\"ESCORT TECHNOLOGY\" \/>\n<meta property=\"article:publisher\" content=\"https:\/\/www.facebook.com\/elektronika.morska\/\" \/>\n<meta property=\"article:modified_time\" content=\"2023-07-03T11:34:06+00:00\" \/>\n<meta name=\"twitter:card\" content=\"summary_large_image\" \/>\n<meta name=\"twitter:label1\" content=\"Szacowany czas czytania\" \/>\n\t<meta name=\"twitter:data1\" content=\"3 minuty\" \/>\n<script type=\"application\/ld+json\" class=\"yoast-schema-graph\">{\"@context\":\"https:\\\/\\\/schema.org\",\"@graph\":[{\"@type\":\"WebPage\",\"@id\":\"https:\\\/\\\/escort-technology.com\\\/transponder-ais-klasy-a-saab-r6\\\/\",\"url\":\"https:\\\/\\\/escort-technology.com\\\/transponder-ais-klasy-a-saab-r6\\\/\",\"name\":\"Transponder AIS klasy A SAAB R6 - ESCORT TECHNOLOGY\",\"isPartOf\":{\"@id\":\"http:\\\/\\\/escort-technology.com\\\/de\\\/#website\"},\"datePublished\":\"2023-07-03T10:49:30+00:00\",\"dateModified\":\"2023-07-03T11:34:06+00:00\",\"breadcrumb\":{\"@id\":\"https:\\\/\\\/escort-technology.com\\\/transponder-ais-klasy-a-saab-r6\\\/#breadcrumb\"},\"inLanguage\":\"pl-PL\",\"potentialAction\":[{\"@type\":\"ReadAction\",\"target\":[\"https:\\\/\\\/escort-technology.com\\\/transponder-ais-klasy-a-saab-r6\\\/\"]}]},{\"@type\":\"BreadcrumbList\",\"@id\":\"https:\\\/\\\/escort-technology.com\\\/transponder-ais-klasy-a-saab-r6\\\/#breadcrumb\",\"itemListElement\":[{\"@type\":\"ListItem\",\"position\":1,\"name\":\"Strona g\u0142\u00f3wna\",\"item\":\"https:\\\/\\\/escort-technology.com\\\/\"},{\"@type\":\"ListItem\",\"position\":2,\"name\":\"Transponder AIS klasy A SAAB R6\"}]},{\"@type\":\"WebSite\",\"@id\":\"http:\\\/\\\/escort-technology.com\\\/de\\\/#website\",\"url\":\"http:\\\/\\\/escort-technology.com\\\/de\\\/\",\"name\":\"ESCORT TECHNOLOGY\",\"description\":\"Elektronika morska i l\u0105dowa\",\"publisher\":{\"@id\":\"http:\\\/\\\/escort-technology.com\\\/de\\\/#organization\"},\"potentialAction\":[{\"@type\":\"SearchAction\",\"target\":{\"@type\":\"EntryPoint\",\"urlTemplate\":\"http:\\\/\\\/escort-technology.com\\\/de\\\/?s={search_term_string}\"},\"query-input\":{\"@type\":\"PropertyValueSpecification\",\"valueRequired\":true,\"valueName\":\"search_term_string\"}}],\"inLanguage\":\"pl-PL\"},{\"@type\":\"Organization\",\"@id\":\"http:\\\/\\\/escort-technology.com\\\/de\\\/#organization\",\"name\":\"ESCORT TECHNOLOGY\",\"url\":\"http:\\\/\\\/escort-technology.com\\\/de\\\/\",\"logo\":{\"@type\":\"ImageObject\",\"inLanguage\":\"pl-PL\",\"@id\":\"http:\\\/\\\/escort-technology.com\\\/de\\\/#\\\/schema\\\/logo\\\/image\\\/\",\"url\":\"https:\\\/\\\/escort-technology.com\\\/wp-content\\\/uploads\\\/logo-1.jpg\",\"contentUrl\":\"https:\\\/\\\/escort-technology.com\\\/wp-content\\\/uploads\\\/logo-1.jpg\",\"width\":600,\"height\":165,\"caption\":\"ESCORT TECHNOLOGY\"},\"image\":{\"@id\":\"http:\\\/\\\/escort-technology.com\\\/de\\\/#\\\/schema\\\/logo\\\/image\\\/\"},\"sameAs\":[\"https:\\\/\\\/www.facebook.com\\\/elektronika.morska\\\/\",\"https:\\\/\\\/www.linkedin.com\\\/company\\\/escort-sp-z-o-o-\\\/\"]}]}<\/script>\n<!-- \/ Yoast SEO plugin. -->","yoast_head_json":{"title":"Transponder AIS klasy A SAAB R6 - ESCORT TECHNOLOGY","robots":{"index":"index","follow":"follow","max-snippet":"max-snippet:-1","max-image-preview":"max-image-preview:large","max-video-preview":"max-video-preview:-1"},"canonical":"https:\/\/escort-technology.com\/pl\/transponder-ais-klasy-a-saab-r6\/","og_locale":"pl_PL","og_type":"article","og_title":"Transponder AIS klasy A SAAB R6 - ESCORT TECHNOLOGY","og_description":"Transponder AIS klasy A SAAB R6 Karta katalogowa Najbardziej wszechstronny system AIS klasy A na rynkuR6 Supreme AIS\/VDES posiada uzanie typu dla AIS i jest przygotowany do przysz\u0142ej funkcjonalno\u015bci VDES dzi\u0119ki nowemu radiu definiowanemu programowo, zapewniaj\u0105cemu wyj\u0105tkow\u0105 czu\u0142o\u015b\u0107 AIS na poziomie &#8211; 118 dBm. Zaprojektowany i przetestowany zgodnie z norm\u0105 IEC 61933-2 i przysz\u0142\u0105 ITU-R [&hellip;]","og_url":"https:\/\/escort-technology.com\/pl\/transponder-ais-klasy-a-saab-r6\/","og_site_name":"ESCORT TECHNOLOGY","article_publisher":"https:\/\/www.facebook.com\/elektronika.morska\/","article_modified_time":"2023-07-03T11:34:06+00:00","twitter_card":"summary_large_image","twitter_misc":{"Szacowany czas czytania":"3 minuty"},"schema":{"@context":"https:\/\/schema.org","@graph":[{"@type":"WebPage","@id":"https:\/\/escort-technology.com\/transponder-ais-klasy-a-saab-r6\/","url":"https:\/\/escort-technology.com\/transponder-ais-klasy-a-saab-r6\/","name":"Transponder AIS klasy A SAAB R6 - ESCORT TECHNOLOGY","isPartOf":{"@id":"http:\/\/escort-technology.com\/de\/#website"},"datePublished":"2023-07-03T10:49:30+00:00","dateModified":"2023-07-03T11:34:06+00:00","breadcrumb":{"@id":"https:\/\/escort-technology.com\/transponder-ais-klasy-a-saab-r6\/#breadcrumb"},"inLanguage":"pl-PL","potentialAction":[{"@type":"ReadAction","target":["https:\/\/escort-technology.com\/transponder-ais-klasy-a-saab-r6\/"]}]},{"@type":"BreadcrumbList","@id":"https:\/\/escort-technology.com\/transponder-ais-klasy-a-saab-r6\/#breadcrumb","itemListElement":[{"@type":"ListItem","position":1,"name":"Strona g\u0142\u00f3wna","item":"https:\/\/escort-technology.com\/"},{"@type":"ListItem","position":2,"name":"Transponder AIS klasy A SAAB R6"}]},{"@type":"WebSite","@id":"http:\/\/escort-technology.com\/de\/#website","url":"http:\/\/escort-technology.com\/de\/","name":"ESCORT TECHNOLOGY","description":"Elektronika morska i l\u0105dowa","publisher":{"@id":"http:\/\/escort-technology.com\/de\/#organization"},"potentialAction":[{"@type":"SearchAction","target":{"@type":"EntryPoint","urlTemplate":"http:\/\/escort-technology.com\/de\/?s={search_term_string}"},"query-input":{"@type":"PropertyValueSpecification","valueRequired":true,"valueName":"search_term_string"}}],"inLanguage":"pl-PL"},{"@type":"Organization","@id":"http:\/\/escort-technology.com\/de\/#organization","name":"ESCORT TECHNOLOGY","url":"http:\/\/escort-technology.com\/de\/","logo":{"@type":"ImageObject","inLanguage":"pl-PL","@id":"http:\/\/escort-technology.com\/de\/#\/schema\/logo\/image\/","url":"https:\/\/escort-technology.com\/wp-content\/uploads\/logo-1.jpg","contentUrl":"https:\/\/escort-technology.com\/wp-content\/uploads\/logo-1.jpg","width":600,"height":165,"caption":"ESCORT TECHNOLOGY"},"image":{"@id":"http:\/\/escort-technology.com\/de\/#\/schema\/logo\/image\/"},"sameAs":["https:\/\/www.facebook.com\/elektronika.morska\/","https:\/\/www.linkedin.com\/company\/escort-sp-z-o-o-\/"]}]}},"_links":{"self":[{"href":"https:\/\/escort-technology.com\/pl\/wp-json\/wp\/v2\/pages\/12962","targetHints":{"allow":["GET"]}}],"collection":[{"href":"https:\/\/escort-technology.com\/pl\/wp-json\/wp\/v2\/pages"}],"about":[{"href":"https:\/\/escort-technology.com\/pl\/wp-json\/wp\/v2\/types\/page"}],"author":[{"embeddable":true,"href":"https:\/\/escort-technology.com\/pl\/wp-json\/wp\/v2\/users\/10"}],"replies":[{"embeddable":true,"href":"https:\/\/escort-technology.com\/pl\/wp-json\/wp\/v2\/comments?post=12962"}],"version-history":[{"count":18,"href":"https:\/\/escort-technology.com\/pl\/wp-json\/wp\/v2\/pages\/12962\/revisions"}],"predecessor-version":[{"id":12985,"href":"https:\/\/escort-technology.com\/pl\/wp-json\/wp\/v2\/pages\/12962\/revisions\/12985"}],"wp:attachment":[{"href":"https:\/\/escort-technology.com\/pl\/wp-json\/wp\/v2\/media?parent=12962"}],"curies":[{"name":"wp","href":"https:\/\/api.w.org\/{rel}","templated":true}]}}