{"id":13017,"date":"2023-07-04T12:29:02","date_gmt":"2023-07-04T10:29:02","guid":{"rendered":"https:\/\/escort-technology.com\/?page_id=13017"},"modified":"2023-07-25T12:21:35","modified_gmt":"2023-07-25T10:21:35","slug":"czujniki-rbr-mierzace-w-czasie-rzeczywistym","status":"publish","type":"page","link":"https:\/\/escort-technology.com\/pl\/czujniki-rbr-mierzace-w-czasie-rzeczywistym\/","title":{"rendered":"Czujniki RBR mierz\u0105ce w czasie rzeczywistym"},"content":{"rendered":"<h1>\n<h1 class=\"uk-article-title\">Czujniki RBR pracuj\u0105ce w czasie rzeczywistym<\/h1>\n<\/h1>\n<hr>\n<div>\n<p>Ich wiod\u0105ce w bran\u017cy niskie zu\u017cycie energii pozwala na d\u0142ugie wdro\u017cenia na g\u0142\u0119boko\u015bci do 6000 m, co czyni je idealnym wyborem do wielu zastosowa\u0144 oceanograficznych i limnologicznych, takich jak monitorowanie odwiert\u00f3w, zdalnie sterowane pojazdy podwodne, pomiary strumieni i poziomu wody w portach.<\/p>\n<\/div>\n<p><img decoding=\"async\" src=\"\/wp-content\/uploads\/2023\/07\/RBRcoda.group_.render.50-900.webp\" alt=\"\"><\/p>\n<div>\n<p><strong>Cechy<\/strong><br \/>Standardowe pr\u00f3bkowanie do 2 Hz<br \/>MCBH-6-MP we wszystkich urz\u0105dzeniach<br \/>Dost\u0119pne warianty rejestrator\u00f3w<br \/>G\u0142\u0119boko\u015b\u0107 do 1000 m lub do 6000 m<br \/>Niski pob\u00f3r mocy i szeroki zakres napi\u0119cia wej\u015bciowego<br \/>Tlen rozpuszczony, ci\u015bnienie, temperatura, PAR, fluorescencja, rozproszenie wsteczne, nat\u0119\u017cenie promieniowania<\/p>\n<p><strong>P\u0142ywy<\/strong><\/p>\n<p>Zastosowanie na p\u0142ytkich i g\u0142\u0119bokich wodach<\/p>\n<\/div>\n<p><img decoding=\"async\" src=\"\/wp-content\/uploads\/2023\/07\/Tridente.png\" alt=\"\"><\/p>\n<h1>\n<h3>Trzykana\u0142owy czujnik fluorescencji i rozproszenia wstecznego RBRtridente<\/h3>\n<\/h1>\n<p><img decoding=\"async\" src=\"\/wp-content\/uploads\/2023\/07\/coda-T.ODO_.png\" alt=\"\"><\/p>\n<h1>\n<h3>Czujnik temperatury i tlenu rozpuszczonego RBRcoda\u00b3 T.ODO<\/h3>\n<\/h1>\n<p><img decoding=\"async\" src=\"\/wp-content\/uploads\/2023\/07\/coda-.png\" alt=\"\"><\/p>\n<h1>\n<h3>RBRcoda\u00b3 PAR, RBRcoda\u00b3 rad PAR i radiometry w\u0105skopasmowe<\/h3>\n<\/h1>\n<p><img decoding=\"async\" src=\"\/wp-content\/uploads\/2023\/07\/Quadrante.png\" alt=\"\"><\/p>\n<h1>\n<h3>Czterokana\u0142owy radiometr RBRquadrante<\/h3>\n<\/h1>\n<p><img decoding=\"async\" src=\"\/wp-content\/uploads\/2023\/07\/Coda3-samoT.png\" alt=\"\"><\/p>\n<h1>\n<h3>Czujnik temperatury RBRcoda\u00b3 T<\/h3>\n<\/h1>\n<p><img decoding=\"async\" src=\"\/wp-content\/uploads\/2023\/07\/Coda3-samo-D.png\" alt=\"\"><\/p>\n<h1>\n<h3>Czujnik ci\u015bnienia (g\u0142\u0119boko\u015bci) RBRcoda\u00b3 D<\/h3>\n<\/h1>\n<p><img decoding=\"async\" src=\"\/wp-content\/uploads\/2023\/07\/Coda3-DT.png\" alt=\"\"><\/p>\n<h1>\n<h3>Czujnik temperatury i ci\u015bnienia RBRcoda\u00b3 T.D<\/h3>\n<\/h1>\n<p><img decoding=\"async\" src=\"\/wp-content\/uploads\/2023\/07\/Coda3-D.png\" alt=\"\"><\/p>\n<h1>\n<h3>RBRcoda\u00b3 D|tide16 czujnik p\u0142yw\u00f3w<\/h3>\n<\/h1>\n<p><!--more--><br \/>\n<!-- {\"type\":\"layout\",\"children\":[{\"type\":\"section\",\"props\":{\"image_position\":\"center-center\",\"style\":\"default\",\"title_breakpoint\":\"xl\",\"title_position\":\"top-left\",\"title_rotation\":\"left\",\"vertical_align\":\"middle\",\"width\":\"default\"},\"children\":[{\"type\":\"row\",\"children\":[{\"type\":\"column\",\"props\":{\"image_position\":\"center-center\",\"position_sticky_breakpoint\":\"m\"},\"children\":[{\"type\":\"headline\",\"props\":{\"content\":\"\n\n<h1 class=\\\"uk-article-title\\\">Czujniki RBR pracuj\\u0105ce w czasie rzeczywistym<\\\/h1>\",\"title_element\":\"h1\"}},{\"type\":\"divider\",\"props\":{\"divider_element\":\"hr\"}},{\"type\":\"text\",\"props\":{\"column_breakpoint\":\"m\",\"content\":\"\n\n<p>Ich wiod\\u0105ce w bran\\u017cy niskie zu\\u017cycie energii pozwala na d\\u0142ugie wdro\\u017cenia na g\\u0142\\u0119boko\\u015bci do 6000 m, co czyni je idealnym wyborem do wielu zastosowa\\u0144 oceanograficznych i limnologicznych, takich jak monitorowanie odwiert\\u00f3w, zdalnie sterowane pojazdy podwodne, pomiary strumieni i poziomu wody w portach.<\\\/p>\",\"margin\":\"default\"}}]}]},{\"type\":\"row\",\"props\":{\"layout\":\"1-2,1-2\"},\"children\":[{\"type\":\"column\",\"props\":{\"image_position\":\"center-center\",\"position_sticky_breakpoint\":\"m\",\"width_medium\":\"1-2\"},\"children\":[{\"type\":\"image\",\"props\":{\"image\":\"wp-content\\\/uploads\\\/2023\\\/07\\\/RBRcoda.group_.render.50-900.webp\",\"image_svg_color\":\"emphasis\",\"margin\":\"default\"}}]},{\"type\":\"column\",\"props\":{\"image_position\":\"center-center\",\"position_sticky_breakpoint\":\"m\",\"width_medium\":\"1-2\"},\"children\":[{\"type\":\"text\",\"props\":{\"column_breakpoint\":\"m\",\"content\":\"\n\n<p><strong>Cechy<\\\/strong><br \\\/>Standardowe pr\\u00f3bkowanie do 2 Hz<br \\\/>MCBH-6-MP we wszystkich urz\\u0105dzeniach<br \\\/>Dost\\u0119pne warianty rejestrator\\u00f3w<br \\\/>G\\u0142\\u0119boko\\u015b\\u0107 do 1000 m lub do 6000 m<br \\\/>Niski pob\\u00f3r mocy i szeroki zakres napi\\u0119cia wej\\u015bciowego<br \\\/>Tlen rozpuszczony, ci\\u015bnienie, temperatura, PAR, fluorescencja, rozproszenie wsteczne, nat\\u0119\\u017cenie promieniowania<\\\/p>\\n\n\n<p><strong>P\\u0142ywy<\\\/strong><\\\/p>\\n\n\n<p>Zastosowanie na p\\u0142ytkich i g\\u0142\\u0119bokich wodach<\\\/p>\",\"margin\":\"default\"}}]}]},{\"type\":\"row\",\"props\":{\"layout\":\"1-4,1-4,1-4,1-4|1-2,1-2,1-2,1-2\"},\"children\":[{\"type\":\"column\",\"props\":{\"image_position\":\"center-center\",\"position_sticky_breakpoint\":\"m\",\"width_medium\":\"1-4\",\"width_small\":\"1-2\"},\"children\":[{\"type\":\"image\",\"props\":{\"image\":\"wp-content\\\/uploads\\\/2023\\\/07\\\/Tridente.png\",\"image_svg_color\":\"emphasis\",\"margin\":\"default\"}},{\"type\":\"headline\",\"props\":{\"content\":\"\n\n<h3>Trzykana\\u0142owy czujnik fluorescencji i rozproszenia wstecznego RBRtridente<\\\/h3>\",\"title_element\":\"h1\"}}]},{\"type\":\"column\",\"props\":{\"image_position\":\"center-center\",\"position_sticky_breakpoint\":\"m\",\"width_medium\":\"1-4\",\"width_small\":\"1-2\"},\"children\":[{\"type\":\"image\",\"props\":{\"image\":\"wp-content\\\/uploads\\\/2023\\\/07\\\/coda-T.ODO_.png\",\"image_svg_color\":\"emphasis\",\"margin\":\"default\"}},{\"type\":\"headline\",\"props\":{\"content\":\"\n\n<h3>Czujnik temperatury i tlenu rozpuszczonego RBRcoda\\u00b3 T.ODO<\\\/h3>\",\"title_element\":\"h1\"}}]},{\"type\":\"column\",\"props\":{\"image_position\":\"center-center\",\"position_sticky_breakpoint\":\"m\",\"width_medium\":\"1-4\",\"width_small\":\"1-2\"},\"children\":[{\"type\":\"image\",\"props\":{\"image\":\"wp-content\\\/uploads\\\/2023\\\/07\\\/coda-.png\",\"image_svg_color\":\"emphasis\",\"margin\":\"default\"}},{\"type\":\"headline\",\"props\":{\"content\":\"\n\n<h3>RBRcoda\\u00b3 PAR, RBRcoda\\u00b3 rad PAR i radiometry w\\u0105skopasmowe<\\\/h3>\",\"title_element\":\"h1\"}}]},{\"type\":\"column\",\"props\":{\"image_position\":\"center-center\",\"position_sticky_breakpoint\":\"m\",\"width_medium\":\"1-4\",\"width_small\":\"1-2\"},\"children\":[{\"type\":\"image\",\"props\":{\"image\":\"wp-content\\\/uploads\\\/2023\\\/07\\\/Quadrante.png\",\"image_svg_color\":\"emphasis\",\"margin\":\"default\"}},{\"type\":\"headline\",\"props\":{\"content\":\"\n\n<h3>Czterokana\\u0142owy radiometr RBRquadrante<\\\/h3>\",\"title_element\":\"h1\"}}]}]},{\"type\":\"row\",\"props\":{\"layout\":\"1-4,1-4,1-4,1-4|1-2,1-2,1-2,1-2\"},\"children\":[{\"type\":\"column\",\"props\":{\"image_position\":\"center-center\",\"position_sticky_breakpoint\":\"m\",\"width_medium\":\"1-4\",\"width_small\":\"1-2\"},\"children\":[{\"type\":\"image\",\"props\":{\"image\":\"wp-content\\\/uploads\\\/2023\\\/07\\\/Coda3-samoT.png\",\"image_svg_color\":\"emphasis\",\"margin\":\"default\"}},{\"type\":\"headline\",\"props\":{\"content\":\"\n\n<h3>Czujnik temperatury RBRcoda\\u00b3 T<\\\/h3>\",\"title_element\":\"h1\"}}]},{\"type\":\"column\",\"props\":{\"image_position\":\"center-center\",\"position_sticky_breakpoint\":\"m\",\"width_medium\":\"1-4\",\"width_small\":\"1-2\"},\"children\":[{\"type\":\"image\",\"props\":{\"image\":\"wp-content\\\/uploads\\\/2023\\\/07\\\/Coda3-samo-D.png\",\"image_svg_color\":\"emphasis\",\"margin\":\"default\"}},{\"type\":\"headline\",\"props\":{\"content\":\"\n\n<h3>Czujnik ci\\u015bnienia (g\\u0142\\u0119boko\\u015bci) RBRcoda\\u00b3 D<\\\/h3>\",\"title_element\":\"h1\"}}]},{\"type\":\"column\",\"props\":{\"image_position\":\"center-center\",\"position_sticky_breakpoint\":\"m\",\"width_medium\":\"1-4\",\"width_small\":\"1-2\"},\"children\":[{\"type\":\"image\",\"props\":{\"image\":\"wp-content\\\/uploads\\\/2023\\\/07\\\/Coda3-DT.png\",\"image_svg_color\":\"emphasis\",\"margin\":\"default\"}},{\"type\":\"headline\",\"props\":{\"content\":\"\n\n<h3>Czujnik temperatury i ci\\u015bnienia RBRcoda\\u00b3 T.D<\\\/h3>\",\"title_element\":\"h1\"}}]},{\"type\":\"column\",\"props\":{\"image_position\":\"center-center\",\"position_sticky_breakpoint\":\"m\",\"width_medium\":\"1-4\",\"width_small\":\"1-2\"},\"children\":[{\"type\":\"image\",\"props\":{\"image\":\"wp-content\\\/uploads\\\/2023\\\/07\\\/Coda3-D.png\",\"image_svg_color\":\"emphasis\",\"margin\":\"default\"}},{\"type\":\"headline\",\"props\":{\"content\":\"\n\n<h3>RBRcoda\\u00b3 D|tide16 czujnik p\\u0142yw\\u00f3w<\\\/h3>\",\"title_element\":\"h1\"}}]}]}]}],\"version\":\"4.0.3\"} --><\/p>\n","protected":false},"excerpt":{"rendered":"<p>Czujniki RBR pracuj\u0105ce w czasie rzeczywistym Ich wiod\u0105ce w bran\u017cy niskie zu\u017cycie energii pozwala na d\u0142ugie wdro\u017cenia na g\u0142\u0119boko\u015bci do 6000 m, co czyni je idealnym wyborem do wielu zastosowa\u0144 oceanograficznych i limnologicznych, takich jak monitorowanie odwiert\u00f3w, zdalnie sterowane pojazdy podwodne, pomiary strumieni i poziomu wody w portach. CechyStandardowe pr\u00f3bkowanie do 2 HzMCBH-6-MP we wszystkich [&hellip;]<\/p>\n","protected":false},"author":10,"featured_media":0,"parent":0,"menu_order":0,"comment_status":"closed","ping_status":"closed","template":"","meta":{"footnotes":""},"class_list":["post-13017","page","type-page","status-publish","hentry"],"yoast_head":"<!-- This site is optimized with the Yoast SEO plugin v27.5 - https:\/\/yoast.com\/product\/yoast-seo-wordpress\/ -->\n<title>Czujniki RBR mierz\u0105ce w czasie rzeczywistym - ESCORT TECHNOLOGY<\/title>\n<meta name=\"robots\" content=\"index, follow, max-snippet:-1, max-image-preview:large, max-video-preview:-1\" \/>\n<link rel=\"canonical\" href=\"https:\/\/escort-technology.com\/pl\/czujniki-rbr-mierzace-w-czasie-rzeczywistym\/\" \/>\n<meta property=\"og:locale\" content=\"pl_PL\" \/>\n<meta property=\"og:type\" content=\"article\" \/>\n<meta property=\"og:title\" content=\"Czujniki RBR mierz\u0105ce w czasie rzeczywistym - ESCORT TECHNOLOGY\" \/>\n<meta property=\"og:description\" content=\"Czujniki RBR pracuj\u0105ce w czasie rzeczywistym Ich wiod\u0105ce w bran\u017cy niskie zu\u017cycie energii pozwala na d\u0142ugie wdro\u017cenia na g\u0142\u0119boko\u015bci do 6000 m, co czyni je idealnym wyborem do wielu zastosowa\u0144 oceanograficznych i limnologicznych, takich jak monitorowanie odwiert\u00f3w, zdalnie sterowane pojazdy podwodne, pomiary strumieni i poziomu wody w portach. CechyStandardowe pr\u00f3bkowanie do 2 HzMCBH-6-MP we wszystkich [&hellip;]\" \/>\n<meta property=\"og:url\" content=\"https:\/\/escort-technology.com\/pl\/czujniki-rbr-mierzace-w-czasie-rzeczywistym\/\" \/>\n<meta property=\"og:site_name\" content=\"ESCORT TECHNOLOGY\" \/>\n<meta property=\"article:publisher\" content=\"https:\/\/www.facebook.com\/elektronika.morska\/\" \/>\n<meta property=\"article:modified_time\" content=\"2023-07-25T10:21:35+00:00\" \/>\n<meta name=\"twitter:card\" content=\"summary_large_image\" \/>\n<meta name=\"twitter:label1\" content=\"Szacowany czas czytania\" \/>\n\t<meta name=\"twitter:data1\" content=\"1 minuta\" \/>\n<script type=\"application\/ld+json\" class=\"yoast-schema-graph\">{\"@context\":\"https:\\\/\\\/schema.org\",\"@graph\":[{\"@type\":\"WebPage\",\"@id\":\"https:\\\/\\\/escort-technology.com\\\/czujniki-rbr-mierzace-w-czasie-rzeczywistym\\\/\",\"url\":\"https:\\\/\\\/escort-technology.com\\\/czujniki-rbr-mierzace-w-czasie-rzeczywistym\\\/\",\"name\":\"Czujniki RBR mierz\u0105ce w czasie rzeczywistym - ESCORT TECHNOLOGY\",\"isPartOf\":{\"@id\":\"http:\\\/\\\/escort-technology.com\\\/de\\\/#website\"},\"datePublished\":\"2023-07-04T10:29:02+00:00\",\"dateModified\":\"2023-07-25T10:21:35+00:00\",\"breadcrumb\":{\"@id\":\"https:\\\/\\\/escort-technology.com\\\/czujniki-rbr-mierzace-w-czasie-rzeczywistym\\\/#breadcrumb\"},\"inLanguage\":\"pl-PL\",\"potentialAction\":[{\"@type\":\"ReadAction\",\"target\":[\"https:\\\/\\\/escort-technology.com\\\/czujniki-rbr-mierzace-w-czasie-rzeczywistym\\\/\"]}]},{\"@type\":\"BreadcrumbList\",\"@id\":\"https:\\\/\\\/escort-technology.com\\\/czujniki-rbr-mierzace-w-czasie-rzeczywistym\\\/#breadcrumb\",\"itemListElement\":[{\"@type\":\"ListItem\",\"position\":1,\"name\":\"Strona g\u0142\u00f3wna\",\"item\":\"https:\\\/\\\/escort-technology.com\\\/\"},{\"@type\":\"ListItem\",\"position\":2,\"name\":\"Czujniki RBR mierz\u0105ce w czasie rzeczywistym\"}]},{\"@type\":\"WebSite\",\"@id\":\"http:\\\/\\\/escort-technology.com\\\/de\\\/#website\",\"url\":\"http:\\\/\\\/escort-technology.com\\\/de\\\/\",\"name\":\"ESCORT TECHNOLOGY\",\"description\":\"Elektronika morska i l\u0105dowa\",\"publisher\":{\"@id\":\"http:\\\/\\\/escort-technology.com\\\/de\\\/#organization\"},\"potentialAction\":[{\"@type\":\"SearchAction\",\"target\":{\"@type\":\"EntryPoint\",\"urlTemplate\":\"http:\\\/\\\/escort-technology.com\\\/de\\\/?s={search_term_string}\"},\"query-input\":{\"@type\":\"PropertyValueSpecification\",\"valueRequired\":true,\"valueName\":\"search_term_string\"}}],\"inLanguage\":\"pl-PL\"},{\"@type\":\"Organization\",\"@id\":\"http:\\\/\\\/escort-technology.com\\\/de\\\/#organization\",\"name\":\"ESCORT TECHNOLOGY\",\"url\":\"http:\\\/\\\/escort-technology.com\\\/de\\\/\",\"logo\":{\"@type\":\"ImageObject\",\"inLanguage\":\"pl-PL\",\"@id\":\"http:\\\/\\\/escort-technology.com\\\/de\\\/#\\\/schema\\\/logo\\\/image\\\/\",\"url\":\"https:\\\/\\\/escort-technology.com\\\/wp-content\\\/uploads\\\/logo-1.jpg\",\"contentUrl\":\"https:\\\/\\\/escort-technology.com\\\/wp-content\\\/uploads\\\/logo-1.jpg\",\"width\":600,\"height\":165,\"caption\":\"ESCORT TECHNOLOGY\"},\"image\":{\"@id\":\"http:\\\/\\\/escort-technology.com\\\/de\\\/#\\\/schema\\\/logo\\\/image\\\/\"},\"sameAs\":[\"https:\\\/\\\/www.facebook.com\\\/elektronika.morska\\\/\",\"https:\\\/\\\/www.linkedin.com\\\/company\\\/escort-sp-z-o-o-\\\/\"]}]}<\/script>\n<!-- \/ Yoast SEO plugin. -->","yoast_head_json":{"title":"Czujniki RBR mierz\u0105ce w czasie rzeczywistym - ESCORT TECHNOLOGY","robots":{"index":"index","follow":"follow","max-snippet":"max-snippet:-1","max-image-preview":"max-image-preview:large","max-video-preview":"max-video-preview:-1"},"canonical":"https:\/\/escort-technology.com\/pl\/czujniki-rbr-mierzace-w-czasie-rzeczywistym\/","og_locale":"pl_PL","og_type":"article","og_title":"Czujniki RBR mierz\u0105ce w czasie rzeczywistym - ESCORT TECHNOLOGY","og_description":"Czujniki RBR pracuj\u0105ce w czasie rzeczywistym Ich wiod\u0105ce w bran\u017cy niskie zu\u017cycie energii pozwala na d\u0142ugie wdro\u017cenia na g\u0142\u0119boko\u015bci do 6000 m, co czyni je idealnym wyborem do wielu zastosowa\u0144 oceanograficznych i limnologicznych, takich jak monitorowanie odwiert\u00f3w, zdalnie sterowane pojazdy podwodne, pomiary strumieni i poziomu wody w portach. CechyStandardowe pr\u00f3bkowanie do 2 HzMCBH-6-MP we wszystkich [&hellip;]","og_url":"https:\/\/escort-technology.com\/pl\/czujniki-rbr-mierzace-w-czasie-rzeczywistym\/","og_site_name":"ESCORT TECHNOLOGY","article_publisher":"https:\/\/www.facebook.com\/elektronika.morska\/","article_modified_time":"2023-07-25T10:21:35+00:00","twitter_card":"summary_large_image","twitter_misc":{"Szacowany czas czytania":"1 minuta"},"schema":{"@context":"https:\/\/schema.org","@graph":[{"@type":"WebPage","@id":"https:\/\/escort-technology.com\/czujniki-rbr-mierzace-w-czasie-rzeczywistym\/","url":"https:\/\/escort-technology.com\/czujniki-rbr-mierzace-w-czasie-rzeczywistym\/","name":"Czujniki RBR mierz\u0105ce w czasie rzeczywistym - ESCORT TECHNOLOGY","isPartOf":{"@id":"http:\/\/escort-technology.com\/de\/#website"},"datePublished":"2023-07-04T10:29:02+00:00","dateModified":"2023-07-25T10:21:35+00:00","breadcrumb":{"@id":"https:\/\/escort-technology.com\/czujniki-rbr-mierzace-w-czasie-rzeczywistym\/#breadcrumb"},"inLanguage":"pl-PL","potentialAction":[{"@type":"ReadAction","target":["https:\/\/escort-technology.com\/czujniki-rbr-mierzace-w-czasie-rzeczywistym\/"]}]},{"@type":"BreadcrumbList","@id":"https:\/\/escort-technology.com\/czujniki-rbr-mierzace-w-czasie-rzeczywistym\/#breadcrumb","itemListElement":[{"@type":"ListItem","position":1,"name":"Strona g\u0142\u00f3wna","item":"https:\/\/escort-technology.com\/"},{"@type":"ListItem","position":2,"name":"Czujniki RBR mierz\u0105ce w czasie rzeczywistym"}]},{"@type":"WebSite","@id":"http:\/\/escort-technology.com\/de\/#website","url":"http:\/\/escort-technology.com\/de\/","name":"ESCORT TECHNOLOGY","description":"Elektronika morska i l\u0105dowa","publisher":{"@id":"http:\/\/escort-technology.com\/de\/#organization"},"potentialAction":[{"@type":"SearchAction","target":{"@type":"EntryPoint","urlTemplate":"http:\/\/escort-technology.com\/de\/?s={search_term_string}"},"query-input":{"@type":"PropertyValueSpecification","valueRequired":true,"valueName":"search_term_string"}}],"inLanguage":"pl-PL"},{"@type":"Organization","@id":"http:\/\/escort-technology.com\/de\/#organization","name":"ESCORT TECHNOLOGY","url":"http:\/\/escort-technology.com\/de\/","logo":{"@type":"ImageObject","inLanguage":"pl-PL","@id":"http:\/\/escort-technology.com\/de\/#\/schema\/logo\/image\/","url":"https:\/\/escort-technology.com\/wp-content\/uploads\/logo-1.jpg","contentUrl":"https:\/\/escort-technology.com\/wp-content\/uploads\/logo-1.jpg","width":600,"height":165,"caption":"ESCORT TECHNOLOGY"},"image":{"@id":"http:\/\/escort-technology.com\/de\/#\/schema\/logo\/image\/"},"sameAs":["https:\/\/www.facebook.com\/elektronika.morska\/","https:\/\/www.linkedin.com\/company\/escort-sp-z-o-o-\/"]}]}},"_links":{"self":[{"href":"https:\/\/escort-technology.com\/pl\/wp-json\/wp\/v2\/pages\/13017","targetHints":{"allow":["GET"]}}],"collection":[{"href":"https:\/\/escort-technology.com\/pl\/wp-json\/wp\/v2\/pages"}],"about":[{"href":"https:\/\/escort-technology.com\/pl\/wp-json\/wp\/v2\/types\/page"}],"author":[{"embeddable":true,"href":"https:\/\/escort-technology.com\/pl\/wp-json\/wp\/v2\/users\/10"}],"replies":[{"embeddable":true,"href":"https:\/\/escort-technology.com\/pl\/wp-json\/wp\/v2\/comments?post=13017"}],"version-history":[{"count":31,"href":"https:\/\/escort-technology.com\/pl\/wp-json\/wp\/v2\/pages\/13017\/revisions"}],"predecessor-version":[{"id":13066,"href":"https:\/\/escort-technology.com\/pl\/wp-json\/wp\/v2\/pages\/13017\/revisions\/13066"}],"wp:attachment":[{"href":"https:\/\/escort-technology.com\/pl\/wp-json\/wp\/v2\/media?parent=13017"}],"curies":[{"name":"wp","href":"https:\/\/api.w.org\/{rel}","templated":true}]}}